{"id":19222,"date":"2025-04-07T06:18:48","date_gmt":"2025-04-07T06:18:48","guid":{"rendered":"https:\/\/www.hydraulic-cylinders.net\/product\/boom-cylinder-for-zoomlion-middle-excavator-ze230e\/"},"modified":"2025-04-07T06:18:50","modified_gmt":"2025-04-07T06:18:50","slug":"boom-cylinder-for-zoomlion-middle-excavator-ze230e","status":"publish","type":"product","link":"https:\/\/www.hydraulic-cylinders.net\/lv\/products\/boom-cylinder-for-zoomlion-middle-excavator-ze230e\/","title":{"rendered":"Zoomlion vid\u0113j\u0101 ekskavatora ZE230E str\u0113les cilindrs"},"content":{"rendered":"<h1>Zoomlion vid\u0113j\u0101 ekskavatora ZE230E str\u0113les cilindrs<\/h1>\n<h2>Produkta p\u0101rskats<\/h2>\n<p>Str\u0113les cilindrs ir kritiski svar\u012bga smago ma\u0161\u012bnu hidraulisko sist\u0113mu sast\u0101vda\u013ca, kas \u012bpa\u0161i paredz\u0113ta da\u017e\u0101du iek\u0101rtu, piem\u0113ram, ekskavatoru, iekr\u0101v\u0113ju ar ekskavatoru un front\u0101lo iekr\u0101v\u0113ju, kausu kust\u012bbas vad\u012bbai. \u0160is hidrauliskais cilindrs \u013cauj kausam pacelt, nolaist un noliekt, efekt\u012bvi atvieglojot materi\u0101lu apstr\u0101des uzdevumus. B\u016bt\u012bb\u0101 str\u0113les cilindrs darbojas k\u0101 sp\u0113ka p\u0101rvads, \u013caujot operatoriem prec\u012bzi manevr\u0113t smagas kravas, iev\u0113rojami veicinot b\u016bvniec\u012bbas darbu produktivit\u0101ti un efektivit\u0101ti.<\/p>\n<p><img decoding=\"async\" src=\"https:\/\/www.hydraulic-cylinders.net\/wp-content\/uploads\/2025\/04\/songte-company-1.webp\" alt=\"Str\u0113les cilindra att\u0113ls\" \/><\/p>\n<h2>Str\u0113les cilindra galven\u0101s iez\u012bmes<\/h2>\n<ul>\n<li><strong>Augsta iztur\u012bba un ilgm\u016b\u017e\u012bba:<\/strong> Izgatavots no augstas stipr\u012bbas t\u0113rauda vai alum\u012bnija, str\u0113les cilindrs ir konstru\u0113ts t\u0101, lai iztur\u0113tu augstu spiedienu un lielas slodzes, padarot to piem\u0113rotu skarbiem darba apst\u0101k\u013ciem. T\u0101 konstrukcij\u0101 ir iek\u013cautas nodilumiztur\u012bgas un korozijiztur\u012bgas \u012bpa\u0161\u012bbas, lai pagarin\u0101tu t\u0101 kalpo\u0161anas laiku.<\/li>\n<li><strong>Efekt\u012bva hidraulisk\u0101 darb\u012bba:<\/strong> Izmantojot hidraulisk\u0101s e\u013c\u013cas spiedienu, str\u0113les cilindrs nodro\u0161ina vienm\u0113r\u012bgu izstiep\u0161anu un ievilk\u0161anu, \u0101tri rea\u0123\u0113jot uz operatora komand\u0101m. \u0160\u012b sp\u0113ja nodro\u0161ina jaud\u012bgu stum\u0161anas un vilk\u0161anas sp\u0113ku, kas ir ide\u0101li piem\u0113rots smagu materi\u0101lu apstr\u0101dei un sare\u017e\u0123\u012btu uzdevumu veik\u0161anai.<\/li>\n<li><strong>Da\u017e\u0101di veidi:<\/strong> Atkar\u012bb\u0101 no ekspluat\u0101cijas vajadz\u012bb\u0101m str\u0113les cilindru var izv\u0113l\u0113ties k\u0101 vienas darb\u012bbas (hidrauliskais spiediens tiek pielikts vien\u0101 virzien\u0101) vai divk\u0101r\u0161as darb\u012bbas (hidrauliskais spiediens tiek pielikts abos virzienos) modeli. Da\u017eiem mode\u013ciem ir pat teleskopiska konstrukcija, kas \u013cauj pan\u0101kt liel\u0101ku pagarin\u0101jumu, nepalielinot \u0101r\u0113jos izm\u0113rus, kas ir ide\u0101li piem\u0113rots darbam ar ierobe\u017eotu vietu.<\/li>\n<li><strong>Piel\u0101gotas ra\u017eo\u0161anas iesp\u0113jas:<\/strong> M\u0113s specializ\u0113jamies \u0161\u012b produkta ra\u017eo\u0161an\u0101, nodro\u0161inot, ka m\u016bsu cilindri var perfekti aizst\u0101t eso\u0161os hidrauliskos cilindrus da\u017e\u0101d\u0101s ma\u0161\u012bn\u0101s.<\/li>\n<\/ul>\n<p><img decoding=\"async\" src=\"https:\/\/www.hydraulic-cylinders.net\/wp-content\/uploads\/2025\/04\/songte-cylinder-head-with-all-kinds-excavator-models.webp\" alt=\"Ekskavatora cilindru mode\u013ci\" \/><\/p>\n<h2>Str\u0113les cilindra pielietojumi<\/h2>\n<h3>Celtniec\u012bbas apr\u012bkojums<\/h3>\n<p>Ekskavatoros str\u0113les cilindri ir vit\u0101li svar\u012bgi zemes vai gru\u017eu rak\u0161anai, iekrau\u0161anai un p\u0101rvieto\u0161anai. Tie nodro\u0161ina nepiecie\u0161amo hidraulisko sp\u0113ku kausa kust\u012bbas kontrolei, \u013caujot operatoriem efekt\u012bvi veikt uzdevumus. Ekskavatoros-iekr\u0101v\u0113jos kausa cilindrs pal\u012bdz gan rak\u0161anas, gan cel\u0161anas oper\u0101cij\u0101s, padarot to par daudzpus\u012bgu sast\u0101vda\u013cu, kas uzlabo ma\u0161\u012bnas visp\u0101r\u0113jo funkcionalit\u0101ti.<\/p>\n<h3>Lauksaimniec\u012bbas tehnika<\/h3>\n<p>Front\u0101lajos iekr\u0101v\u0113jos str\u0113les cilindri ir atbild\u012bgi par augsnes, siena un citu materi\u0101lu sav\u0101k\u0161anu, cel\u0161anu un transport\u0113\u0161anu. To sp\u0113ja efekt\u012bvi darboties da\u017e\u0101dos lauksaimniec\u012bbas uzdevumos padara tos neaizst\u0101jamus lauksaimniec\u012bbas darb\u012bb\u0101s, kur\u0101s materi\u0101lu p\u0101rvieto\u0161ana ir galven\u0101 funkcija.<\/p>\n<h3>Ekskavatori<\/h3>\n<p>Str\u0113les cilindrs \u013cauj ekskavatoriem efekt\u012bvi iek\u013c\u016bt augsn\u0113, atvieglojot rak\u0161anas procesu. Hidraulisk\u0101 vad\u012bba \u013cauj prec\u012bzi pozicion\u0113t kausu, kas ir \u013coti svar\u012bgi, str\u0101d\u0101jot nel\u012bdzen\u0101 reljef\u0101 vai ja nepiecie\u0161ama prec\u012bza izrak\u0161ana.<\/p>\n<h3>Iekr\u0101v\u0113ji<\/h3>\n<p>Front\u0101lajos iekr\u0101v\u0113jos str\u0113les cilindri pal\u012bdz efekt\u012bvi pacelt un izg\u0101zt kravas. Tie nodro\u0161ina nepiecie\u0161amo sp\u0113ku materi\u0101lu pacel\u0161anai un vienm\u0113r\u012bgas darb\u012bbas nodro\u0161in\u0101\u0161anai iekrau\u0161anas un izkrau\u0161anas f\u0101z\u0113s, t\u0101d\u0113j\u0101di veicinot produktivit\u0101ti b\u016bvlaukumos.<\/p>\n<h2>Dizaina apsv\u0113rumi un atlases krit\u0113riji<\/h2>\n<h3>Kravnes\u012bba<\/h3>\n<p>Kravnes\u012bba ir b\u016btisks apsv\u0113rums str\u0113les cilindru projekt\u0113\u0161an\u0101. T\u0101 nosaka maksim\u0101lo svaru, ko cilindrs var iztur\u0113t bez atteices. Ra\u017eot\u0101ji parasti sniedz specifik\u0101cijas, kur\u0101s nor\u0101d\u012bta kravnes\u012bba, kurai j\u0101atbilst lieto\u0161anas pras\u012bb\u0101m, lai nodro\u0161in\u0101tu dro\u0161u darb\u012bbu.<\/p>\n<h3>Bl\u012bv\u0113\u0161anas sp\u0113ja<\/h3>\n<p>Bl\u012bv\u0113\u0161anas sp\u0113ja ir kritiski svar\u012bga, lai nov\u0113rstu hidraulisk\u0101 \u0161\u0137idruma nopl\u016bdi, kas var samazin\u0101t efektivit\u0101ti un izrais\u012bt potenci\u0101lus tehnikas boj\u0101jumus. Augstas kvalit\u0101tes bl\u012bv\u0113jumi, kas izgatavoti no iztur\u012bgiem materi\u0101liem, piem\u0113ram, poliuret\u0101na vai nitrilgumijas, ir b\u016btiski, lai saglab\u0101tu veiktsp\u0113ju un ilgm\u016b\u017e\u012bbu.<\/p>\n<h3>Iztur\u012bba<\/h3>\n<p>Izv\u0113loties str\u0113les cilindru, iztur\u012bba ir \u0101rk\u0101rt\u012bgi svar\u012bga. Projekt\u0113jot j\u0101\u0146em v\u0113r\u0101 t\u0101di faktori k\u0101 nodilumiztur\u012bba un noguruma iztur\u012bba, lai nodro\u0161in\u0101tu, ka cilindrs var iztur\u0113t nep\u0101rtrauktu darb\u012bbu sare\u017e\u0123\u012btos apst\u0101k\u013cos. Uzlabota virsmas apstr\u0101de un materi\u0101li veicina produkta kop\u0113jo iztur\u012bbu.<\/p>\n<h3>Dro\u0161\u012bbas funkcijas<\/h3>\n<p>Dro\u0161\u012bba ir \u013coti svar\u012bgs hidraulisko cilindru konstrukcijas aspekts. Dro\u0161\u012bbas v\u0101rstu un citu meh\u0101nismu iek\u013cau\u0161ana pal\u012bdz nov\u0113rst p\u0101rslodzi un iesp\u0113jamus negad\u012bjumus darb\u012bbas laik\u0101. Lai nodro\u0161in\u0101tu lietot\u0101ju p\u0101rliec\u012bbu un atbilst\u012bbu pras\u012bb\u0101m, ir svar\u012bgi nodro\u0161in\u0101t, lai dro\u0161\u012bbas funkcijas atbilstu nozares standartiem.<\/p>\n<h3>Apkopes pieejam\u012bba<\/h3>\n<p>Lai samazin\u0101tu d\u012bkst\u0101ves laiku, ir svar\u012bgi projekt\u0113t apkopes pieejam\u012bbu. Baloniem j\u0101b\u016bt viegli pieejamiem bl\u012bv\u0113jumiem, e\u013c\u013co\u0161anas punktiem un cit\u0101m sast\u0101vda\u013c\u0101m, lai atvieglotu ikdienas p\u0101rbaudes un remontu, neizjaucot visu sist\u0113mu.<\/p>\n<p><img decoding=\"async\" src=\"https:\/\/www.hydraulic-cylinders.net\/wp-content\/uploads\/2025\/04\/songte-oil-pipes-and-spare-parts.webp\" alt=\"Hidraulisko cilindru deta\u013cas\" \/><\/p>\n<h2>Str\u0113les cilindra bl\u012bv\u0113\u0161ana un e\u013c\u013co\u0161ana<\/h2>\n<p>Str\u0113les cilindra ilgm\u016b\u017e\u012bba un veiktsp\u0113ja liel\u0101 m\u0113r\u0101 ir atkar\u012bga no t\u0101 bl\u012bv\u0113\u0161anas un e\u013c\u013co\u0161anas sist\u0113m\u0101m. Da\u017e\u0101diem bl\u012bv\u0113\u0161anas elementiem, tostarp virzu\u013ca bl\u012bv\u0113m un stie\u0146a bl\u012bv\u0113m, ir iz\u0161\u0137iro\u0161a noz\u012bme hidraulisk\u0101 \u0161\u0137idruma nopl\u016bdes nov\u0113r\u0161an\u0101. Bl\u012bv\u0113jumi, kas izgatavoti no t\u0101diem materi\u0101liem k\u0101 poliuret\u0101ns un nitrilgumija, ir v\u0113lami to nodilumiztur\u012bbas un ilgm\u016b\u017e\u012bbas d\u0113\u013c.<\/p>\n<p>Cilindriskais korpuss un v\u012bt\u0146otie gali tiek r\u016bp\u012bgi apstr\u0101d\u0101ti, lai uzlabotu nodilumiztur\u012bbu un nodro\u0161in\u0101tu, ka tie iztur ekspluat\u0101cijas slodzi. Regul\u0101ra e\u013c\u013co\u0161ana ar hidraulisko e\u013c\u013cu ir b\u016btiska, lai samazin\u0101tu berzi un uztur\u0113tu vienm\u0113r\u012bgu darb\u012bbu, jo t\u0101 samazina bl\u012bv\u0113juma deta\u013cu nodilumu un uzlabo cilindra kop\u0113jo veiktsp\u0113ju. Pareizi e\u013c\u013co\u0161anas interv\u0101li j\u0101nosaka, pamatojoties uz lieto\u0161anas mode\u013ciem, lai nodro\u0161in\u0101tu nemain\u012bgu darb\u012bbas efektivit\u0101ti.<\/p>\n<h2>Regul\u0101ras p\u0101rbaudes un profilaktisk\u0101s apkopes pas\u0101kumi<\/h2>\n<ul>\n<li><strong>Regul\u0101ras p\u0101rbaudes:<\/strong> Lai noteiktu jebk\u0101das nodiluma, nopl\u016bdes vai boj\u0101jumu paz\u012bmes, j\u0101veic regul\u0101ras p\u0101rbaudes. Vizu\u0101las p\u0101rbaudes var pal\u012bdz\u0113t laikus atkl\u0101t probl\u0113mas, samazinot katastrof\u0101lu boj\u0101jumu risku ekspluat\u0101cijas laik\u0101.<\/li>\n<li><strong>Piem\u0113rota e\u013c\u013co\u0161ana:<\/strong> Pareizas e\u013c\u013co\u0161anas nodro\u0161in\u0101\u0161ana ir \u013coti svar\u012bga str\u0113les cilindru efekt\u012bvai darb\u012bbai. Operatoriem j\u0101izveido e\u013c\u013co\u0161anas grafiks, kas atbilst ra\u017eot\u0101ja ieteikumiem un lieto\u0161anas apst\u0101k\u013ciem.<\/li>\n<li><strong>Bl\u012bv\u0113juma nomai\u0146a:<\/strong> Laika gait\u0101 bl\u012bves var nolietoties un t\u0101s ir j\u0101nomaina, lai saglab\u0101tu cilindra integrit\u0101ti. Regul\u0101ri j\u0101nov\u0113rt\u0113, lai noteiktu, kad ir nepiecie\u0161ama bl\u012bves nomai\u0146a, nov\u0113r\u0161ot \u0161\u0137idruma zudumus un darb\u012bbas neefektivit\u0101ti.<\/li>\n<\/ul>\n<h2>Str\u0113les cilindra uzst\u0101d\u012b\u0161anas vadl\u012bnijas<\/h2>\n<p>Pareiza str\u0113les cilindra uzst\u0101d\u012b\u0161ana ir \u013coti svar\u012bga, lai nodro\u0161in\u0101tu optim\u0101lu veiktsp\u0113ju. S\u0101ciet ar cilindra pareizu izl\u012bdzin\u0101\u0161anu ar tehnikas stiprin\u0101juma punktiem. Atbilsto\u0161u stiprin\u0101juma kron\u0161teinu izmanto\u0161ana pal\u012bdz\u0113s nostiprin\u0101t cilindru viet\u0101 un nov\u0113rs\u012bs nepareizu izl\u012bdzin\u0101\u0161anu darb\u012bbas laik\u0101. Ir svar\u012bgi p\u0101rbaud\u012bt, vai nav \u0161\u0137\u0113r\u0161\u013cu, kas var\u0113tu kav\u0113t cilindra vai pievienot\u0101 kausa kust\u012bbu.<\/p>\n<p>Uzst\u0101d\u012b\u0161anas laik\u0101 p\u0101rliecinieties, vai hidrauliskie savienojumi ir pievilkti, lai nov\u0113rstu nopl\u016bdes, un p\u0101rbaudiet, vai visi bl\u012bv\u0113jumi nav boj\u0101ti. P\u0113c uzst\u0101d\u012b\u0161anas veiciet r\u016bp\u012bgu hidraulisk\u0101s sist\u0113mas p\u0101rbaudi, lai nodro\u0161in\u0101tu vienm\u0113r\u012bgu darb\u012bbu un rea\u0123\u0113tsp\u0113ju. Lai apstiprin\u0101tu uzst\u0101d\u012b\u0161anas pan\u0101kumus, ir svar\u012bgi p\u0101rbaud\u012bt, vai nav dzirdamas neparastas ska\u0146as vai kust\u012bbas. Sistem\u0101tiskas pieejas saglab\u0101\u0161ana uzst\u0101d\u012b\u0161anas laik\u0101 uzlabos str\u0113les cilindra ilgm\u016b\u017e\u012bbu un uzticam\u012bbu.<\/p>\n<h2>Bie\u017ei sastopamie apkopes uzdevumi<\/h2>\n<h3>Regul\u0101ras p\u0101rbaudes<\/h3>\n<p>Regul\u0101ru p\u0101rbau\u017eu veik\u0161ana ir b\u016btiska, lai laikus identific\u0113tu iesp\u0113jam\u0101s probl\u0113mas. Operatoriem vizu\u0101li j\u0101p\u0101rbauda, \u200b\u200bvai nav nodiluma paz\u012bmju, boj\u0101jumu vai \u0161\u0137idrumu nopl\u016b\u017eu. \u0160\u012b proakt\u012bv\u0101 pieeja pal\u012bdz mazin\u0101t riskus un nodro\u0161ina hidraulisk\u0101s sist\u0113mas efekt\u012bvu darb\u012bbu.<\/p>\n<h3>Pareiza e\u013c\u013co\u0161ana<\/h3>\n<p>Pareiza str\u0113les cilindra e\u013c\u013co\u0161ana ir \u013coti svar\u012bga t\u0101 darb\u012bbai. Operatoriem j\u0101iev\u0113ro ra\u017eot\u0101ja ieteiktais e\u013c\u013co\u0161anas grafiks. Pareiza hidraulisk\u0101s e\u013c\u013cas veida lieto\u0161ana un pareiza uzkl\u0101\u0161ana veicin\u0101s vienm\u0113r\u012bgu cilindra kust\u012bbu un samazin\u0101s iek\u0161\u0113jo deta\u013cu nodilumu.<\/p>\n<h3>Bl\u012bvju nomai\u0146as un kalibr\u0113\u0161anas p\u0101rbaudes<\/h3>\n<p>Bl\u012bvju nomai\u0146a ir kritisks apkopes uzdevums, kas j\u0101veic regul\u0101ri, lai nov\u0113rstu \u0161\u0137idruma nopl\u016bdes. Operatoriem r\u016bp\u012bgi j\u0101uzrauga bl\u012bvju st\u0101voklis un j\u0101nomaina t\u0101s, ja ir redzamas nodiluma paz\u012bmes. Turkl\u0101t j\u0101veic kalibr\u0113\u0161anas p\u0101rbaudes, lai nodro\u0161in\u0101tu hidraulisk\u0101s sist\u0113mas prec\u012bzu un efekt\u012bvu darb\u012bbu.<\/p>\n<p><img decoding=\"async\" src=\"https:\/\/www.hydraulic-cylinders.net\/wp-content\/uploads\/2025\/04\/songte-chushion-collar.webp\" alt=\"Spilvenu apkakle\" \/><\/p>\n<h2>Dro\u0161\u012bbas apsv\u0113rumi un vides faktori<\/h2>\n<p>Izmantojot hidrauliskos cilindrus, priorit\u0101te j\u0101pie\u0161\u0137ir dro\u0161\u012bbas pas\u0101kumiem, lai aizsarg\u0101tu operatorus un apr\u012bkojumu. Ir svar\u012bgi nodro\u0161in\u0101t, lai visas dro\u0161\u012bbas funkcijas darbotos un operatori b\u016btu apm\u0101c\u012bti dro\u0161\u0101s ekspluat\u0101cijas proced\u016br\u0101s. Turkl\u0101t apkopes praks\u0113 j\u0101iek\u013cauj videi draudz\u012bgas metodes hidraulisko \u0161\u0137idrumu p\u0101rvald\u012bbai un nopl\u016b\u017eu nov\u0113r\u0161anai, nodro\u0161inot atbilst\u012bbu vides noteikumiem.<\/p>\n<h2>Probl\u0113mu nov\u0113r\u0161ana un bie\u017ei sastopamas probl\u0113mas<\/h2>\n<ul>\n<li><strong>\u0160\u0137idruma nopl\u016bdes:<\/strong> \u0160\u0137idruma nopl\u016bdes ir bie\u017ei sastopama probl\u0113ma ar hidrauliskajiem cilindriem. Regul\u0101ra p\u0101rbaude var pal\u012bdz\u0113t savlaic\u012bgi atkl\u0101t nopl\u016bdes, \u013caujot veikt savlaic\u012bgu remontu. Operatoriem j\u0101p\u0101rbauda bl\u012bves, savienojumi un \u0161\u013c\u016btenes, vai nav boj\u0101jumu paz\u012bmju.<\/li>\n<li><strong>Nepietiekama jauda:<\/strong> Ja str\u0113les cilindrs nenodro\u0161ina pietiekamu jaudu, tas var liecin\u0101t par zemu hidraulisk\u0101 \u0161\u0137idruma l\u012bmeni vai sist\u0113m\u0101 iesprostotu gaisu. Operatoriem j\u0101p\u0101rbauda \u0161\u0137idruma l\u012bmenis un, ja nepiecie\u0161ams, j\u0101atgaiso sist\u0113ma.<\/li>\n<li><strong>Troksnis darb\u012bbas laik\u0101:<\/strong> Neparasti trok\u0161\u0146i darb\u012bbas laik\u0101 var liecin\u0101t par meh\u0101nisk\u0101m probl\u0113m\u0101m, piem\u0113ram, nodilumu vai boj\u0101jumiem cilindr\u0101. Lai noteiktu c\u0113loni un to nekav\u0113joties nov\u0113rstu, j\u0101veic r\u016bp\u012bga p\u0101rbaude.<\/li>\n<\/ul>\n<p>\u0160o probl\u0113mu savlaic\u012bga risin\u0101\u0161ana pal\u012bdz\u0113s uztur\u0113t hidraulisk\u0101s sist\u0113mas veiktsp\u0113ju un dro\u0161\u012bbu.<\/p>\n<h2>Prevent\u012bvie pas\u0101kumi potenci\u0101lo probl\u0113mu mazin\u0101\u0161anai<\/h2>\n<p>Prevent\u012bvu pas\u0101kumu ievie\u0161ana ir b\u016btiska, lai saglab\u0101tu str\u0113les cilindru uzticam\u012bbu. Regul\u0101ra apkope, tostarp savlaic\u012bgas p\u0101rbaudes un e\u013c\u013co\u0161ana, pal\u012bdz\u0113s atkl\u0101t un risin\u0101t probl\u0113mas, pirms t\u0101s p\u0101raug nopietn\u0101k\u0101s probl\u0113m\u0101s. Operatoriem ir ar\u012b j\u0101nodro\u0161ina, lai hidraulisk\u0101s sist\u0113mas netiktu p\u0101rslogotas un lai t\u0101s darbotos saska\u0146\u0101 ar paredz\u0113tajiem parametriem, lai nov\u0113rstu p\u0101rm\u0113r\u012bgu slodzi uz komponentiem.<\/p>\n<p><img decoding=\"async\" src=\"https:\/\/www.hydraulic-cylinders.net\/wp-content\/uploads\/2025\/04\/songte-bushings-with-all-kinds-of-excavator-models.webp\" alt=\"Ekskavatora bukses\" \/><\/p>\n<h2>Uz\u0146\u0113muma p\u0101rskats<\/h2>\n<p>M\u0113s esam vado\u0161ais rezerves hidraulisko cilindru ra\u017eot\u0101js un vairumtirgot\u0101js, kas lepojas ar daudzveid\u012bgu produktu l\u012bniju, kas apmierina gan viet\u0113jo, gan starptautisko tirgu. M\u016bsu ap\u0146em\u0161an\u0101s nodro\u0161in\u0101t kvalit\u0101ti ir redzama m\u016bsu pilnveidotajos ra\u017eo\u0161anas procesos un r\u016bpniecisk\u0101s ra\u017eo\u0161anas vad\u012bbas strat\u0113\u0123ij\u0101s. M\u016bsu tehnisk\u0101s prasmes, modernais digit\u0101lais ra\u017eo\u0161anas apr\u012bkojums un specializ\u0113t\u0101s test\u0113\u0161anas sist\u0113mas uzlabo m\u016bsu ra\u017eo\u0161anas iesp\u0113jas, \u013caujot mums apmierin\u0101t da\u017e\u0101das klientu vajadz\u012bbas ar augstu efektivit\u0101ti, precizit\u0101ti un kvalit\u0101ti.<\/p>\n<p>M\u016bsu stipr\u0101s puses ietver profesion\u0101lo pieredzi, starptautiskus sertifik\u0101tus, piel\u0101gotus pakalpojumus atbilsto\u0161i \u012bpa\u0161\u0101m pras\u012bb\u0101m, modern\u0101k\u0101s ra\u017eo\u0161anas iek\u0101rtas un izcilu p\u0113cp\u0101rdo\u0161anas atbalstu. M\u016bsu ap\u0146em\u0161an\u0101s sasniegt izcil\u012bbu nodro\u0161ina, ka m\u016bsu produkti past\u0101v\u012bgi nodro\u0161ina izcilu veiktsp\u0113ju un uzticam\u012bbu.<\/p>\n<p><img decoding=\"async\" src=\"https:\/\/www.hydraulic-cylinders.net\/wp-content\/uploads\/2025\/04\/songte-company-4.webp\" alt=\"Uz\u0146\u0113muma p\u0101rskats\" \/><br \/>\n<img decoding=\"async\" src=\"https:\/\/www.hydraulic-cylinders.net\/wp-content\/uploads\/2025\/04\/songte-company-3.webp\" alt=\"Ra\u017eo\u0161anas iek\u0101rta\" \/><\/p>\n<p>Autors: lil<\/p>","protected":false},"excerpt":{"rendered":"<p>Boom Cylinder For Zoomlion Middle Excavator ZE230E Product Overview The Boom Cylinder is a critical component in the hydraulic systems of heavy machinery, specifically designed for controlling the movement of buckets in various equipment, such as excavators, backhoe loaders, and front loaders. This hydraulic cylinder enables the bucket to lift, lower, and tilt, facilitating material [&hellip;]<\/p>","protected":false},"featured_media":17878,"comment_status":"open","ping_status":"closed","template":"","meta":{"_et_pb_use_builder":"","_et_pb_old_content":"","_et_gb_content_width":""},"product_brand":[],"product_cat":[1546],"product_tag":[1547,1496],"class_list":{"0":"post-19222","1":"product","2":"type-product","3":"status-publish","4":"has-post-thumbnail","6":"product_cat-boom-cylinders","7":"product_tag-boom-cylinders","8":"product_tag-hydraulic-cylinders","10":"first","11":"instock","12":"shipping-taxable","13":"product-type-simple"},"amp_enabled":true,"_links":{"self":[{"href":"https:\/\/www.hydraulic-cylinders.net\/lv\/wp-json\/wp\/v2\/product\/19222","targetHints":{"allow":["GET"]}}],"collection":[{"href":"https:\/\/www.hydraulic-cylinders.net\/lv\/wp-json\/wp\/v2\/product"}],"about":[{"href":"https:\/\/www.hydraulic-cylinders.net\/lv\/wp-json\/wp\/v2\/types\/product"}],"replies":[{"embeddable":true,"href":"https:\/\/www.hydraulic-cylinders.net\/lv\/wp-json\/wp\/v2\/comments?post=19222"}],"wp:featuredmedia":[{"embeddable":true,"href":"https:\/\/www.hydraulic-cylinders.net\/lv\/wp-json\/wp\/v2\/media\/17878"}],"wp:attachment":[{"href":"https:\/\/www.hydraulic-cylinders.net\/lv\/wp-json\/wp\/v2\/media?parent=19222"}],"wp:term":[{"taxonomy":"product_brand","embeddable":true,"href":"https:\/\/www.hydraulic-cylinders.net\/lv\/wp-json\/wp\/v2\/product_brand?post=19222"},{"taxonomy":"product_cat","embeddable":true,"href":"https:\/\/www.hydraulic-cylinders.net\/lv\/wp-json\/wp\/v2\/product_cat?post=19222"},{"taxonomy":"product_tag","embeddable":true,"href":"https:\/\/www.hydraulic-cylinders.net\/lv\/wp-json\/wp\/v2\/product_tag?post=19222"}],"curies":[{"name":"wp","href":"https:\/\/api.w.org\/{rel}","templated":true}]}}