{"id":19224,"date":"2025-04-07T06:19:00","date_gmt":"2025-04-07T06:19:00","guid":{"rendered":"https:\/\/www.hydraulic-cylinders.net\/product\/boom-cylinder-for-zoomlion-large-excavator-ze330e\/"},"modified":"2025-04-07T06:19:03","modified_gmt":"2025-04-07T06:19:03","slug":"boom-cylinder-for-zoomlion-large-excavator-ze330e","status":"publish","type":"product","link":"https:\/\/www.hydraulic-cylinders.net\/lv\/products\/boom-cylinder-for-zoomlion-large-excavator-ze330e\/","title":{"rendered":"Zoomlion liela ekskavatora ZE330E str\u0113les cilindrs"},"content":{"rendered":"<h1>Zoomlion liela ekskavatora ZE330E str\u0113les cilindrs<\/h1>\n<h2>Ievads str\u0113les cilindr\u0101<\/h2>\n<p>The boom cylinder is a vital component of heavy machinery, specifically designed for controlling the movement of the bucket in excavators, backhoe loaders, and front loaders. This hydraulic cylinder allows the bucket to be lifted, lowered, and tilted, enabling efficient material handling tasks. In the context of the Zoomlion Large Excavator ZE330E, the boom cylinder plays a crucial role in enhancing the excavator&#8217;s operational capabilities, making it an indispensable part of the hydraulic system.<\/p>\n<p><img decoding=\"async\" src=\"https:\/\/www.hydraulic-cylinders.net\/wp-content\/uploads\/2025\/04\/songte-company-1.webp\" alt=\"Str\u0113les cilindra att\u0113ls\"><\/p>\n<h3>Str\u0113les cilindra funkcija hidrauliskaj\u0101s sist\u0113m\u0101s<\/h3>\n<p>Str\u0113les cilindrs darbojas p\u0113c hidraulisk\u0101 spiediena principa, p\u0101rveidojot hidraulisko ener\u0123iju meh\u0101nisk\u0101 sp\u0113k\u0101. Tas \u013cauj str\u0113lei veikt svar\u012bgas funkcijas, piem\u0113ram, rak\u0161anu, cel\u0161anu un materi\u0101lu p\u0101rvieto\u0161anu. Str\u0113les cilindra efektivit\u0101te tie\u0161i ietekm\u0113 ekskavatora veiktsp\u0113ju, ietekm\u0113jot t\u0101 sp\u0113ju apstr\u0101d\u0101t smagas kravas un veikt sare\u017e\u0123\u012btus uzdevumus.<\/p>\n<h2>Str\u0113les cilindra \u012bpa\u0161\u012bbas<\/h2>\n<ul>\n<li><strong>Augsta iztur\u012bba un ilgm\u016b\u017e\u012bba:<\/strong> Izgatavots no augstas stipr\u012bbas t\u0113rauda vai alum\u012bnija, str\u0113les cilindrs var iztur\u0113t augstu spiedienu un lielas slodzes, padarot to piem\u0113rotu skarbiem darba apst\u0101k\u013ciem. T\u0101 konstrukcija ietver nodilumiztur\u012bbu un iztur\u012bbu pret koroziju, pagarinot t\u0101 kalpo\u0161anas laiku.<\/li>\n<li><strong>Efekt\u012bva hidraulisk\u0101 darb\u012bba:<\/strong> Cilindrs izmanto hidraulisk\u0101s e\u013c\u013cas spiedienu, lai nodro\u0161in\u0101tu vienm\u0113r\u012bgu izvilk\u0161anu un ievilk\u0161anu, \u0101tri rea\u0123\u0113jot uz vad\u012bbas komand\u0101m un nodro\u0161inot iev\u0113rojamu stum\u0161anas un vilk\u0161anas sp\u0113ku. Tas padara to ide\u0101li piem\u0113rotu smagu materi\u0101lu apstr\u0101dei un sare\u017e\u0123\u012btu uzdevumu veik\u0161anai.<\/li>\n<li><strong>Veidu da\u017e\u0101d\u012bba:<\/strong> Pieejams vienk\u0101r\u0161\u0101s darb\u012bbas (izmantojot hidraulisko spiedienu vien\u0101 virzien\u0101) vai divk\u0101r\u0161\u0101s darb\u012bbas (izmantojot hidraulisko spiedienu abos virzienos) konfigur\u0101cij\u0101s, str\u0113les cilindrs var apmierin\u0101t da\u017e\u0101das ekspluat\u0101cijas pras\u012bbas. Da\u017ei mode\u013ci ir teleskopiski, kas \u013cauj veikt liel\u0101ku pagarin\u0101jumu, nepalielinot \u0101r\u0113jos izm\u0113rus, kas ir ide\u0101li piem\u0113rots darbam ar ierobe\u017eotu vietu.<\/li>\n<li><strong>Piel\u0101gota ra\u017eo\u0161ana:<\/strong> M\u0113s ra\u017eojam \u0161o produktu, un m\u016bsu cilindri var lieliski aizst\u0101t eso\u0161os hidrauliskos cilindrus da\u017e\u0101dos pielietojumos.<\/li>\n<li><strong>Uzlabots dizains:<\/strong> Iek\u013caujot jaun\u0101k\u0101s tehnolo\u0123ijas dizain\u0101, str\u0113les cilindrs nodro\u0161ina augstu veiktsp\u0113ju un ilgm\u016b\u017e\u012bbu.<\/li>\n<\/ul>\n<p><img decoding=\"async\" src=\"https:\/\/www.hydraulic-cylinders.net\/wp-content\/uploads\/2025\/04\/songte-cylinder-head-with-all-kinds-excavator-models.webp\" alt=\"Ekskavatora mode\u013cu att\u0113ls\"><\/p>\n<h2>Str\u0113les cilindra pielietojums<\/h2>\n<h3>Celtniec\u012bbas apr\u012bkojums<\/h3>\n<p>B\u016bvniec\u012bbas tehnik\u0101 str\u0113les cilindri ir atrodami ekskavatoros, kur tie ir \u013coti svar\u012bgi rak\u0161anai, iekrau\u0161anai un augsnes un gru\u017eu p\u0101rvieto\u0161anai. Str\u0113les cilindrs \u013cauj kausam ierakties dzi\u013ci zem\u0113 un pacelt smagus materi\u0101lus, uzlabojot b\u016bvniec\u012bbas projektu efektivit\u0101ti.<\/p>\n<h3>Lauksaimniec\u012bbas tehnika<\/h3>\n<p>Lauksaimniec\u012bbas tehnik\u0101 front\u0101lajos iekr\u0101v\u0113jos str\u0113les cilindrus izmanto augsnes, siena un citu materi\u0101lu sav\u0101k\u0161anai, pacel\u0161anai un transport\u0113\u0161anai. To sp\u0113ja nodro\u0161in\u0101t jaud\u012bgu cel\u0161anas jaudu \u013cauj lauksaimniekiem \u0101tri un efekt\u012bvi veikt da\u017e\u0101dus uzdevumus, uzlabojot produktivit\u0101ti saimniec\u012bb\u0101.<\/p>\n<h3>Ekskavatori<\/h3>\n<p>Ekskavatoros str\u0113les cilindrs atvieglo rak\u0161anas darb\u012bbu, \u013caujot kausam efekt\u012bvi iek\u013c\u016bt augsn\u0113. \u0160\u012b funkcionalit\u0101te ir b\u016btiska t\u0101diem uzdevumiem k\u0101 tran\u0161eju rak\u0161ana, plan\u0113\u0161ana un vietas sagatavo\u0161ana, nodro\u0161inot, ka rak\u0161anas oper\u0101cijas tiek veiktas vienm\u0113r\u012bgi un efekt\u012bvi.<\/p>\n<h3>Iekr\u0101v\u0113ji<\/h3>\n<p>Front\u0101lajos iekr\u0101v\u0113jos str\u0113les cilindri pal\u012bdz efekt\u012bvi pacelt un apg\u0101zt kravas. \u0160\u012b sp\u0113ja ir vit\u0101li svar\u012bga materi\u0101lu p\u0101rvieto\u0161anai no vienas vietas uz citu, atvieglojot projektu, kas saist\u012bti ar smagiem materi\u0101liem, p\u0101rvald\u012bbu.<\/p>\n<h2>Dizaina apsv\u0113rumi un atlases krit\u0113riji<\/h2>\n<ul>\n<li><strong>Kravnes\u012bba:<\/strong> Str\u0113les cilindra kravnes\u012bba ir kritisks faktors, kas nosaka, cik lielu svaru tas var dro\u0161i pacelt un nolaist. Ir svar\u012bgi izv\u0113l\u0113ties cilindru, kas atbilst vai p\u0101rsniedz nepiecie\u0161am\u0101s kravnes\u012bbas specifik\u0101cijas apr\u012bkojumam, ar kuru tas tiks izmantots.<\/li>\n<li><strong>Bl\u012bv\u0113juma veiktsp\u0113ja:<\/strong> Efekt\u012bva bl\u012bv\u0113\u0161ana ir \u013coti svar\u012bga, lai nov\u0113rstu hidraulisk\u0101 \u0161\u0137idruma nopl\u016bdi, kas var apdraud\u0113t hidraulisk\u0101s sist\u0113mas efektivit\u0101ti un dro\u0161\u012bbu. Augstas kvalit\u0101tes bl\u012bv\u0113jumi nodro\u0161ina, ka \u0161\u0137idrums paliek cilindr\u0101, veicinot uzticamu darb\u012bbu.<\/li>\n<li><strong>Iztur\u012bba:<\/strong> Str\u0113les cilindra ra\u017eo\u0161an\u0101 izmantotie materi\u0101li iev\u0113rojami veicina t\u0101 iztur\u012bbu. Izv\u0113loties cilindrus, kas izgatavoti no iztur\u012bgiem materi\u0101liem, tiek uzlabota to ilgm\u016b\u017e\u012bba un veiktsp\u0113ja sare\u017e\u0123\u012btos apst\u0101k\u013cos.<\/li>\n<li><strong>Dro\u0161\u012bbas funkcijas:<\/strong> Dro\u0161\u012bbas apsv\u0113rumi ir j\u0101iek\u013cauj projekt\u0113\u0161an\u0101, tostarp funkcijas, kas nov\u0113r\u0161 p\u0101rstiep\u0161anos un nodro\u0161ina stabilit\u0101ti ekspluat\u0101cijas laik\u0101. Dro\u0161\u012bbas pas\u0101kumu ievie\u0161ana aizsarg\u0101 gan iek\u0101rtu, gan operatoru.<\/li>\n<li><strong>Apkalpojam\u012bba:<\/strong> Labi izstr\u0101d\u0101tam str\u0113les cilindram j\u0101b\u016bt viegli apkopjamam un remont\u0113jamam. Izv\u0113loties cilindru, kas nodro\u0161ina vienk\u0101r\u0161as apkopes proced\u016bras, var samazin\u0101t d\u012bkst\u0101ves laiku un pagarin\u0101t iek\u0101rtas kalpo\u0161anas laiku.<\/li>\n<\/ul>\n<p><img decoding=\"async\" src=\"https:\/\/www.hydraulic-cylinders.net\/wp-content\/uploads\/2025\/04\/songte-oil-pipes-and-spare-parts.webp\" alt=\"E\u013c\u013cas caurules un rezerves da\u013cu att\u0113ls\"><\/p>\n<h2>Hidraulisk\u0101 cilindra bl\u012bv\u0113\u0161ana un e\u013c\u013co\u0161ana<\/h2>\n<p>Hidraulisk\u0101 cilindra bl\u012bv\u0113\u0161anas sist\u0113ma ir \u013coti svar\u012bga t\u0101 veiktsp\u0113jas un ilgm\u016b\u017e\u012bbas uztur\u0113\u0161anai. Lai nodro\u0161in\u0101tu, ka hidrauliskais \u0161\u0137idrums neizpl\u016bst no cilindra, tiek izmantoti da\u017e\u0101di bl\u012bv\u0113\u0161anas komponenti, piem\u0113ram, virzu\u013ca bl\u012bv\u0113jumi un stie\u0146a bl\u012bv\u0113jumi. Bl\u012bv\u0113jumu izv\u0113le, kas izgatavoti no nodilumiztur\u012bgiem materi\u0101liem, piem\u0113ram, poliuret\u0101na un nitrila gumijas, palielina to iztur\u012bbu un efektivit\u0101ti.<\/p>\n<p>Turkl\u0101t cilindra korpusa iek\u0161\u0113j\u0101s virsmas un v\u012bt\u0146ot\u0101s gala virsmas tiek r\u016bp\u012bgi apstr\u0101d\u0101tas, lai uzlabotu nodilumiztur\u012bbu. Lai nodro\u0161in\u0101tu vienm\u0113r\u012bgu darb\u012bbu un samazin\u0101tu berzi, kas var izrais\u012bt priek\u0161laic\u012bgu nodilumu, ir nepiecie\u0161ama regul\u0101ra e\u013c\u013co\u0161ana ar atbilsto\u0161u hidraulisko e\u013c\u013cu.<\/p>\n<h2>Prevent\u012bvie apkopes pas\u0101kumi<\/h2>\n<ul>\n<li><strong>Regul\u0101ras p\u0101rbaudes:<\/strong> Regul\u0101ru str\u0113les cilindra p\u0101rbau\u017eu veik\u0161ana ir b\u016btiska, lai laikus identific\u0113tu jebk\u0101das nodiluma vai boj\u0101jumu paz\u012bmes. \u0160\u012b proakt\u012bv\u0101 pieeja \u013cauj savlaic\u012bgi veikt remontu un nomai\u0146u, nov\u0113r\u0161ot negaid\u012btus boj\u0101jumus.<\/li>\n<li><strong>Pareiza e\u013c\u013co\u0161ana:<\/strong> Lai cilindrs darbotos nevainojami, ir \u013coti svar\u012bgi nodro\u0161in\u0101t atbilsto\u0161u e\u013c\u013co\u0161anu. Izmantojot ieteicamo hidraulisko e\u013c\u013cu un iev\u0113rojot e\u013c\u013co\u0161anas grafiku, var iev\u0113rojami pagarin\u0101t cilindra kalpo\u0161anas laiku.<\/li>\n<li><strong>Bl\u012bv\u0113juma nomai\u0146a:<\/strong> Ir svar\u012bgi regul\u0101ri p\u0101rbaud\u012bt un nomain\u012bt bl\u012bves, kur\u0101m ir nodiluma paz\u012bmes. Boj\u0101tas bl\u012bves var izrais\u012bt \u0161\u0137idruma nopl\u016bdes, kas samazina hidraulisk\u0101s sist\u0113mas efektivit\u0101ti un uzticam\u012bbu.<\/li>\n<\/ul>\n<h2>Uzst\u0101d\u012b\u0161anas vadl\u012bnijas<\/h2>\n<p>Pareiza str\u0113les cilindra uzst\u0101d\u012b\u0161ana ir \u013coti svar\u012bga t\u0101 veiktsp\u0113jai un ilgm\u016b\u017e\u012bbai. Vispirms p\u0101rliecinieties, vai mont\u0101\u017eas virsmas ir t\u012bras un bez gru\u017eiem. Izmantojiet atbilsto\u0161us mont\u0101\u017eas kron\u0161teinus, lai dro\u0161i nostiprin\u0101tu cilindru viet\u0101. Ir svar\u012bgi pareizi izl\u012bdzin\u0101t cilindru, lai izvair\u012btos no nevajadz\u012bgas slodzes uz bl\u012bv\u0113m un savienojumiem.<\/p>\n<p>Uzst\u0101d\u012b\u0161anas laik\u0101 iev\u0113rojiet ra\u017eot\u0101ja sniegt\u0101s specifik\u0101cijas attiec\u012bb\u0101 uz griezes momenta iestat\u012bjumiem un izl\u012bdzin\u0101\u0161anas pielaid\u0113m. P\u0113c uzst\u0101d\u012b\u0161anas ir svar\u012bgi veikt r\u016bp\u012bgu p\u0101rbaudi, vai nav hidraulisko nopl\u016b\u017eu, un p\u0101rliecin\u0101ties, ka cilindrs darbojas nevainojami, bez jebk\u0101diem \u0161\u0137\u0113r\u0161\u013ciem. Regul\u0101ra sist\u0113mas uzraudz\u012bba p\u0113c uzst\u0101d\u012b\u0161anas pal\u012bdz\u0113s savlaic\u012bgi atkl\u0101t visas probl\u0113mas.<\/p>\n<h2>Bie\u017ei sastopamie apkopes uzdevumi<\/h2>\n<ul>\n<li><strong>Regul\u0101ras p\u0101rbaudes:<\/strong> Regul\u0101ru p\u0101rbau\u017eu veik\u0161ana pal\u012bdz identific\u0113t potenci\u0101l\u0101s probl\u0113mas, pirms t\u0101s k\u013c\u016bst par nopietn\u0101m probl\u0113m\u0101m. Darb\u012bbas laik\u0101 mekl\u0113jiet nodiluma paz\u012bmes, nopl\u016bdes un jebk\u0101dus neparastus trok\u0161\u0146us.<\/li>\n<li><strong>Piem\u0113rota e\u013c\u013co\u0161ana:<\/strong> Ensuring that the hydraulic cylinder is properly lubricated is crucial for its function. Follow the manufacturer&#8217;s recommendations for lubrication frequency and type.<\/li>\n<li><strong>Bl\u012bv\u0113juma nomai\u0146as un kalibr\u0113\u0161anas p\u0101rbaudes:<\/strong> Periodiska nodilu\u0161o bl\u012bv\u0113jumu nomai\u0146a un kalibr\u0113\u0161anas p\u0101rbau\u017eu veik\u0161ana nodro\u0161ina, ka hidraulisk\u0101 sist\u0113ma darbojas atbilsto\u0161i paredz\u0113tajiem parametriem, uzlabojot efektivit\u0101ti un dro\u0161\u012bbu.<\/li>\n<\/ul>\n<h2>Dro\u0161\u012bbas apsv\u0113rumi un vides faktori<\/h2>\n<p>Str\u0101d\u0101jot ar hidrauliskaj\u0101m sist\u0113m\u0101m, dro\u0161\u012bbas pas\u0101kumi ir \u0101rk\u0101rt\u012bgi svar\u012bgi. Operatoriem j\u0101b\u016bt apm\u0101c\u012btiem par pareizu ma\u0161\u012bnu ar str\u0113les cilindriem lieto\u0161anu un ekspluat\u0101ciju. Lai nov\u0113rstu negad\u012bjumus, ko izraisa nepareizi funkcion\u0113jo\u0161as iek\u0101rtas, j\u0101veic regul\u0101ras apkopes p\u0101rbaudes. Turkl\u0101t j\u0101\u0146em v\u0113r\u0101 hidraulisko \u0161\u0137idrumu ietekme uz vidi un j\u0101nodro\u0161ina pareizu utiliz\u0101cijas meto\u017eu iev\u0113ro\u0161ana, lai samazin\u0101tu ekolo\u0123isko kait\u0113jumu.<\/p>\n<h2>Probl\u0113mu nov\u0113r\u0161ana un bie\u017ei sastopamas probl\u0113mas<\/h2>\n<ul>\n<li><strong>\u0160\u0137idruma nopl\u016bdes:<\/strong> Viena no visbie\u017e\u0101k sastopamaj\u0101m probl\u0113m\u0101m ir \u0161\u0137idruma nopl\u016bdes, ko var izrais\u012bt nolietotas bl\u012bves vai boj\u0101tas \u0161\u013c\u016btenes. Regul\u0101ra p\u0101rbaude un savlaic\u012bga nolietoto deta\u013cu nomai\u0146a ir \u013coti svar\u012bga.<\/li>\n<li><strong>L\u0113na cilindra kust\u012bba:<\/strong> Ja str\u0113les cilindrs rea\u0123\u0113 l\u0113ni, tas var liecin\u0101t par zemu hidraulisk\u0101 \u0161\u0137idruma l\u012bmeni vai aizsprostojumiem hidrauliskaj\u0101s l\u012bnij\u0101s. \u0160\u0137idruma l\u012bme\u0146a p\u0101rbaude un t\u012bru l\u012bniju nodro\u0161in\u0101\u0161ana var atrisin\u0101t \u0161o probl\u0113mu.<\/li>\n<li><strong>Neparastas ska\u0146as:<\/strong> Neparastas ska\u0146as darb\u012bbas laik\u0101 bie\u017ei nor\u0101da uz meh\u0101nisk\u0101m probl\u0113m\u0101m. Probl\u0113mu var pal\u012bdz\u0113t noteikt, p\u0101rbaudot cilindru, vai taj\u0101 nav nodiluma vai boj\u0101jumu.<\/li>\n<\/ul>\n<h2>Probl\u0113mu nov\u0113r\u0161anas padomi un risin\u0101jumi<\/h2>\n<p>Lai efekt\u012bvi diagnostic\u0113tu un nov\u0113rstu probl\u0113mas ar str\u0113les cilindru, operatoriem j\u0101iev\u0113ro struktur\u0113ta pieeja. S\u0101ciet ar redzamu nopl\u016b\u017eu p\u0101rbaudi un p\u0101rliecinieties, vai visi savienojumi ir dro\u0161i pievilkti. Ja tiek konstat\u0113ts zems \u0161\u0137idruma l\u012bmenis, papildiniet hidraulisko e\u013c\u013cu, nodro\u0161inot, ka t\u0101 atbilst ieteicamaj\u0101m specifik\u0101cij\u0101m. Regul\u0101ri uzraugiet sist\u0113mu, vai nav neparastu trok\u0161\u0146u vai darb\u012bbas trauc\u0113jumu, jo tie var nor\u0101d\u012bt uz pamat\u0101 eso\u0161\u0101m probl\u0113m\u0101m. Prevent\u012bvu apkopes pas\u0101kumu, piem\u0113ram, regul\u0101ru p\u0101rbau\u017eu un savlaic\u012bga remonta, ievie\u0161ana var iev\u0113rojami samazin\u0101t probl\u0113mu ra\u0161an\u0101s iesp\u0113jam\u012bbu n\u0101kotn\u0113.<\/p>\n<p><img decoding=\"async\" src=\"https:\/\/www.hydraulic-cylinders.net\/wp-content\/uploads\/2025\/04\/songte-bushings-with-all-kinds-of-excavator-models.webp\" alt=\"Bukses ar ekskavatora mode\u013ca att\u0113lu\"><\/p>\n<h2>Par m\u016bsu uz\u0146\u0113mumu<\/h2>\n<p>M\u0113s esam vado\u0161ais rezerves hidraulisko cilindru ra\u017eot\u0101js, kas pied\u0101v\u0101 pla\u0161u produktu kl\u0101stu, lai apmierin\u0101tu gan viet\u0113j\u0101, gan starptautisk\u0101 tirgus vajadz\u012bbas. M\u016bsu ap\u0146em\u0161anos nodro\u0161in\u0101t izcilu kvalit\u0101ti atbalsta sare\u017e\u0123\u012bta ra\u017eo\u0161anas vad\u012bbas strat\u0113\u0123ija, izmantojot progres\u012bvas tehnolo\u0123ijas un kvalific\u0113tu darbasp\u0113ku. M\u0113s past\u0101v\u012bgi uzlabojam savus ra\u017eo\u0161anas procesus, lai nodro\u0161in\u0101tu augstu efektivit\u0101ti, precizit\u0101ti un kvalit\u0101ti, apmierinot da\u017e\u0101das klientu pras\u012bbas.<\/p>\n<p>M\u016bsu uz\u0146\u0113mums ir starptautiski sertific\u0113ts, kas nodro\u0161ina, ka m\u016bsu produkti atbilst glob\u0101lajiem standartiem. M\u0113s pied\u0101v\u0101jam ar\u012b piel\u0101gotus pakalpojumus, lai apmierin\u0101tu \u012bpa\u0161as vajadz\u012bbas, ko nodro\u0161ina iztur\u012bgs ra\u017eo\u0161anas apr\u012bkojums un specializ\u0113ts p\u0113cp\u0101rdo\u0161anas atbalsts.<\/p>\n<p><img decoding=\"async\" src=\"https:\/\/www.hydraulic-cylinders.net\/wp-content\/uploads\/2025\/04\/songte-company-4.webp\" alt=\"Uz\u0146\u0113muma att\u0113ls 1\"><\/p>\n<p><img decoding=\"async\" src=\"https:\/\/www.hydraulic-cylinders.net\/wp-content\/uploads\/2025\/04\/songte-company-3.webp\" alt=\"Uz\u0146\u0113muma att\u0113ls 2\"><\/p>\n<p>Autors: lil<\/p>","protected":false},"excerpt":{"rendered":"<p>Boom Cylinder For Zoomlion Large Excavator ZE330E Introduction to Boom Cylinder The boom cylinder is a vital component of heavy machinery, specifically designed for controlling the movement of the bucket in excavators, backhoe loaders, and front loaders. This hydraulic cylinder allows the bucket to be lifted, lowered, and tilted, enabling efficient material handling tasks. In [&hellip;]<\/p>","protected":false},"featured_media":17880,"comment_status":"open","ping_status":"closed","template":"","meta":{"_et_pb_use_builder":"","_et_pb_old_content":"","_et_gb_content_width":""},"product_brand":[],"product_cat":[1546],"product_tag":[1547,1496],"class_list":{"0":"post-19224","1":"product","2":"type-product","3":"status-publish","4":"has-post-thumbnail","6":"product_cat-boom-cylinders","7":"product_tag-boom-cylinders","8":"product_tag-hydraulic-cylinders","10":"first","11":"instock","12":"shipping-taxable","13":"product-type-simple"},"amp_enabled":true,"_links":{"self":[{"href":"https:\/\/www.hydraulic-cylinders.net\/lv\/wp-json\/wp\/v2\/product\/19224","targetHints":{"allow":["GET"]}}],"collection":[{"href":"https:\/\/www.hydraulic-cylinders.net\/lv\/wp-json\/wp\/v2\/product"}],"about":[{"href":"https:\/\/www.hydraulic-cylinders.net\/lv\/wp-json\/wp\/v2\/types\/product"}],"replies":[{"embeddable":true,"href":"https:\/\/www.hydraulic-cylinders.net\/lv\/wp-json\/wp\/v2\/comments?post=19224"}],"wp:featuredmedia":[{"embeddable":true,"href":"https:\/\/www.hydraulic-cylinders.net\/lv\/wp-json\/wp\/v2\/media\/17880"}],"wp:attachment":[{"href":"https:\/\/www.hydraulic-cylinders.net\/lv\/wp-json\/wp\/v2\/media?parent=19224"}],"wp:term":[{"taxonomy":"product_brand","embeddable":true,"href":"https:\/\/www.hydraulic-cylinders.net\/lv\/wp-json\/wp\/v2\/product_brand?post=19224"},{"taxonomy":"product_cat","embeddable":true,"href":"https:\/\/www.hydraulic-cylinders.net\/lv\/wp-json\/wp\/v2\/product_cat?post=19224"},{"taxonomy":"product_tag","embeddable":true,"href":"https:\/\/www.hydraulic-cylinders.net\/lv\/wp-json\/wp\/v2\/product_tag?post=19224"}],"curies":[{"name":"wp","href":"https:\/\/api.w.org\/{rel}","templated":true}]}}