{"id":19226,"date":"2025-04-07T06:19:05","date_gmt":"2025-04-07T06:19:05","guid":{"rendered":"https:\/\/www.hydraulic-cylinders.net\/product\/boom-cylinder-for-zoomlion-large-excavator-ze480esp\/"},"modified":"2025-04-07T06:19:07","modified_gmt":"2025-04-07T06:19:07","slug":"boom-cylinder-for-zoomlion-large-excavator-ze480esp","status":"publish","type":"product","link":"https:\/\/www.hydraulic-cylinders.net\/lv\/products\/boom-cylinder-for-zoomlion-large-excavator-ze480esp\/","title":{"rendered":"Zoomlion liela ekskavatora ZE480ESP str\u0113les cilindrs"},"content":{"rendered":"<h1>Zoomlion liela ekskavatora ZE480ESP str\u0113les cilindrs<\/h1>\n<h2>Ievads str\u0113les cilindr\u0101<\/h2>\n<p>The Boom Cylinder is a vital component in large excavators, specifically designed for the Zoomlion ZE480ESP model. This hydraulic cylinder plays a crucial role in controlling the movement of the excavator&#8217;s boom, enabling it to lift, lower, and tilt effectively. By utilizing hydraulic pressure, the boom cylinder allows for precise manipulation of heavy loads, making it an essential part of material handling tasks in construction and excavation.<\/p>\n<p><img decoding=\"async\" src=\"https:\/\/www.hydraulic-cylinders.net\/wp-content\/uploads\/2025\/04\/songte-company-1.webp\" alt=\"Str\u0113les cilindra att\u0113ls\"><\/p>\n<h2>Str\u0113les cilindra \u012bpa\u0161\u012bbas<\/h2>\n<ul>\n<li><strong>Augsta iztur\u012bba un ilgm\u016b\u017e\u012bba:<\/strong> Izgatavots no augstas stipr\u012bbas t\u0113rauda vai alum\u012bnija, str\u0113les cilindrs ir konstru\u0113ts t\u0101, lai iztur\u0113tu augstu spiedienu un lielas slodzes. Tas ir paredz\u0113ts skarbiem darba apst\u0101k\u013ciem, vienlaikus nodro\u0161inot iztur\u012bbu pret nodilumu un koroziju, t\u0101d\u0113j\u0101di pagarinot t\u0101 kalpo\u0161anas laiku.<\/li>\n<li><strong>Efekt\u012bva hidraulisk\u0101 darb\u012bba:<\/strong> \u0160is cilindrs izmanto hidraulisk\u0101s e\u013c\u013cas spiedienu, lai nodro\u0161in\u0101tu vienm\u0113r\u012bgu izvilk\u0161anu un ievilk\u0161anu. Tas \u0101tri rea\u0123\u0113 uz vad\u012bbas komand\u0101m, nodro\u0161inot stabilas stum\u0161anas un vilk\u0161anas iesp\u0113jas, kas ir ide\u0101li piem\u0113rotas smagu priek\u0161metu apstr\u0101dei un sare\u017e\u0123\u012btu uzdevumu veik\u0161anai.<\/li>\n<li><strong>Da\u017e\u0101di veidi:<\/strong> Str\u0113les cilindrs ir pieejams ar vienas darb\u012bbas (darbojas vien\u0101 virzien\u0101) vai divk\u0101r\u0161as darb\u012bbas (darbojas abos virzienos) variantiem. Da\u017ei mode\u013ci ir teleskopiski, kas \u013cauj to vair\u0101k pagarin\u0101t, nepalielinot \u0101r\u0113jos izm\u0113rus, kas ir ide\u0101li piem\u0113rots lietojumiem ar ierobe\u017eotu vietu.<\/li>\n<li><strong>Prec\u012bzijas in\u017eenierija:<\/strong> Katrs cilindrs ir izstr\u0101d\u0101ts ar r\u016bp\u012bgu uzman\u012bbu deta\u013c\u0101m, nodro\u0161inot sader\u012bbu ar da\u017e\u0101diem ekskavatoru mode\u013ciem un darb\u012bbas efektivit\u0101ti.<\/li>\n<li><strong>Piel\u0101gota ra\u017eo\u0161ana:<\/strong> M\u0113s specializ\u0113jamies str\u0113les cilindru ra\u017eo\u0161an\u0101, kas perfekti aizst\u0101j eso\u0161os hidrauliskos cilindrus, nodro\u0161inot neman\u0101mu integr\u0101ciju j\u016bsu ma\u0161\u012bn\u0101s.<\/li>\n<\/ul>\n<p><img decoding=\"async\" src=\"https:\/\/www.hydraulic-cylinders.net\/wp-content\/uploads\/2025\/04\/songte-cylinder-head-with-all-kinds-excavator-models.webp\" alt=\"Str\u0113les cilindra nomai\u0146as att\u0113ls\"><\/p>\n<h2>Lietojumprogrammu scen\u0101riji<\/h2>\n<h3>Celtniec\u012bbas apr\u012bkojums<\/h3>\n<p>B\u016bvlaukumos str\u0113les cilindri ir atrodami ekskavatoros, kur tie ir kritiski svar\u012bgi zemes vai gru\u017eu rak\u0161anai, iekrau\u0161anai un p\u0101rvieto\u0161anai. Ekskavatoros-iekr\u0101v\u0113jos kausa cilindrs pal\u012bdz gan rak\u0161anas, gan cel\u0161anas darbos, nodro\u0161inot nepiecie\u0161amo sp\u0113ku projektu efekt\u012bvai pabeig\u0161anai.<\/p>\n<h3>Lauksaimniec\u012bbas tehnika<\/h3>\n<p>Front\u0101lajiem iekr\u0101v\u0113jiem str\u0113les cilindri atvieglo augsnes, siena un citu materi\u0101lu sav\u0101k\u0161anu, cel\u0161anu un transport\u0113\u0161anu. To efektivit\u0101te nodro\u0161ina, ka lauksaimniec\u012bbas darbi tiek veikti \u0101tri un efekt\u012bvi, t\u0101d\u0113j\u0101di uzlabojot ra\u017e\u012bgumu saimniec\u012bb\u0101s.<\/p>\n<h3>Ekskavatori<\/h3>\n<p>Str\u0113les cilindrs \u013cauj ekskavatoriem efekt\u012bvi iek\u013c\u016bt augsn\u0113, pan\u0101kot dzi\u013cas rak\u0161anas darb\u012bbas, kas ir b\u016btiskas da\u017e\u0101diem b\u016bvniec\u012bbas projektiem. To konstrukcija nodro\u0161ina optim\u0101lu veiktsp\u0113ju rak\u0161anas darbu laik\u0101, \u013caujot operatoriem maksim\u0101li palielin\u0101t savu ra\u017e\u012bbu.<\/p>\n<h3>Iekr\u0101v\u0113ji<\/h3>\n<p>Iekr\u0101v\u0113jos str\u0113les cilindri ir atbild\u012bgi par efekt\u012bvu kravu cel\u0161anu un izg\u0101\u0161anu. To iztur\u012bg\u0101 konstrukcija nodro\u0161ina, ka smagus materi\u0101lus var viegli apstr\u0101d\u0101t, \u013caujot efekt\u012bvi transport\u0113t un utiliz\u0113t materi\u0101lus objekt\u0101.<\/p>\n<h2>Dizaina apsv\u0113rumi un atlases krit\u0113riji<\/h2>\n<h3>Kravnes\u012bba<\/h3>\n<p>Izv\u0113loties str\u0113les cilindru, j\u0101\u0146em v\u0113r\u0101 t\u0101 kravnes\u012bba. Ir svar\u012bgi, lai cilindrs iztur\u0113tu maksim\u0101lo slodzi, ar ko tas saskarsies ekspluat\u0101cijas laik\u0101. Tas ne tikai nodro\u0161ina dro\u0161\u012bbu, bet ar\u012b uzlabo iek\u0101rtas efektivit\u0101ti un ilgm\u016b\u017e\u012bbu. Labi konstru\u0113ts cilindrs var iztur\u0113t dinamiskas slodzes, nodro\u0161inot stabilit\u0101ti vis\u0101 t\u0101 darb\u012bbas laik\u0101.<\/p>\n<h3>Bl\u012bv\u0113\u0161ana<\/h3>\n<p>Efekt\u012bva bl\u012bv\u0113\u0161ana ir \u013coti svar\u012bga, lai uztur\u0113tu hidraulisko spiedienu cilindr\u0101. Augstas kvalit\u0101tes bl\u012bv\u0113jumu, piem\u0113ram, virzu\u013ca bl\u012bv\u0113jumu un stie\u0146a bl\u012bv\u0113jumu, izv\u0113le, izmantojot t\u0101dus materi\u0101lus k\u0101 poliuret\u0101ns vai nitrilgumija, var iev\u0113rojami uzlabot veiktsp\u0113ju un uzticam\u012bbu. Pareiza bl\u012bv\u0113\u0161ana nov\u0113r\u0161 \u0161\u0137idruma nopl\u016bdi un pies\u0101r\u0146ojumu, nodro\u0161inot optim\u0101lu funkcionalit\u0101ti.<\/p>\n<h3>Iztur\u012bba<\/h3>\n<p>Iztur\u012bba ir faktors, kas ir iek\u013cauts konstrukcij\u0101, nodro\u0161inot, ka cilindrs var iztur\u0113t skarbus vides apst\u0101k\u013cus. T\u0101das \u012bpa\u0161\u012bbas k\u0101 iztur\u012bba pret koroziju un nodilumiztur\u012bba ir b\u016btiskas, lai pagarin\u0101tu iek\u0101rtas kalpo\u0161anas laiku. Ra\u017eot\u0101jiem vajadz\u0113tu dot priek\u0161roku t\u0101du materi\u0101lu un p\u0101rkl\u0101jumu izmanto\u0161anai, kas var iztur\u0113t ekstrem\u0101lus apst\u0101k\u013cus.<\/p>\n<h3>Dro\u0161\u012bba<\/h3>\n<p>Dro\u0161\u012bbas funkcijas ir \u0101rk\u0101rt\u012bgi svar\u012bgas hidraulisko cilindru konstrukcij\u0101. Cilindram j\u0101b\u016bt apr\u012bkotam ar dro\u0161\u012bbas meh\u0101nismiem un p\u0101rslodzes aizsardz\u012bbas sist\u0113m\u0101m, lai nov\u0113rstu katastrof\u0101las k\u013c\u016bmes darb\u012bbas laik\u0101. Regul\u0101ras dro\u0161\u012bbas p\u0101rbaudes var mazin\u0101t ar hidrauliskaj\u0101m darb\u012bb\u0101m saist\u012btos riskus.<\/p>\n<h3>Uzturam\u012bba<\/h3>\n<p>V\u0113l viens svar\u012bgs apsv\u0113rums ir viegla apkope. Labi izstr\u0101d\u0101tam str\u0113les cilindram j\u0101nodro\u0161ina \u0101tra p\u0101rbaude un remonts, samazinot d\u012bkst\u0101ves laiku. T\u0101das funkcijas k\u0101 \u0113rta piek\u013cuve e\u013c\u013co\u0161anai un p\u0101rbaudei var iev\u0113rojami uzlabot ikdienas apkopes uzdevumu efektivit\u0101ti.<\/p>\n<p><img decoding=\"async\" src=\"https:\/\/www.hydraulic-cylinders.net\/wp-content\/uploads\/2025\/04\/songte-oil-pipes-and-spare-parts.webp\" alt=\"Str\u0113les cilindra deta\u013cu att\u0113ls\"><\/p>\n<h2>Bl\u012bv\u0113\u0161ana un e\u013c\u013co\u0161ana<\/h2>\n<p>Pareiza bl\u012bv\u0113\u0161ana un e\u013c\u013co\u0161ana ir \u013coti svar\u012bga str\u0113les cilindru darb\u012bbai. Da\u017e\u0101di bl\u012bv\u0113jumi, piem\u0113ram, virzu\u013ca bl\u012bv\u0113jumi un stie\u0146a bl\u012bv\u0113jumi, ir b\u016btiski hidraulisk\u0101s integrit\u0101tes saglab\u0101\u0161anai. Iztur\u012bgu materi\u0101lu, piem\u0113ram, poliuret\u0101na un nitrila, izv\u0113le var nodro\u0161in\u0101t efekt\u012bvu bl\u012bv\u0113\u0161anu pret nodilumu. Turkl\u0101t cilindra korpusam un v\u012bt\u0146otajiem galiem j\u0101b\u016bt smalki apstr\u0101d\u0101tiem, lai uzlabotu nodilumiztur\u012bbu.<\/p>\n<p>Regul\u0101ra e\u013c\u013co\u0161ana ar hidraulisko e\u013c\u013cu ir \u013coti svar\u012bga, t\u0101p\u0113c periodiski j\u0101p\u0101rbauda, \u200b\u200bvai e\u013c\u013cas l\u012bmenis ir pietiekams. Pareiza e\u013c\u013co\u0161ana samazina berzi, pagarinot cilindra kalpo\u0161anas laiku un nodro\u0161inot vienm\u0113r\u012bgu darb\u012bbu. Nepareiza e\u013c\u013co\u0161ana var izrais\u012bt palielin\u0101tu nodilumu un iesp\u0113jamus boj\u0101jumus.<\/p>\n<h2>Prevent\u012bvie apkopes pas\u0101kumi<\/h2>\n<ul>\n<li><strong>Regul\u0101ras p\u0101rbaudes:<\/strong> Veiciet regul\u0101ras p\u0101rbaudes, lai identific\u0113tu jebk\u0101das nodiluma vai boj\u0101jumu paz\u012bmes. \u0160\u012b proakt\u012bv\u0101 pieeja pal\u012bdz laikus atkl\u0101t potenci\u0101las probl\u0113mas, nov\u0113r\u0161ot nopietnus boj\u0101jumus.<\/li>\n<li><strong>Piem\u0113rota e\u013c\u013co\u0161ana:<\/strong> Nodro\u0161iniet, lai sm\u0113rvielas tiktu uzkl\u0101tas pareizi un savlaic\u012bgi, lai uztur\u0113tu optim\u0101lu cilindru darb\u012bbu un nov\u0113rstu priek\u0161laic\u012bgu nodilumu.<\/li>\n<li><strong>Bl\u012bv\u0113juma nomai\u0146a:<\/strong> Regul\u0101ri p\u0101rbaudiet un nomainiet bl\u012bves p\u0113c nepiecie\u0161am\u012bbas, lai uztur\u0113tu hidraulisko integrit\u0101ti. Nodilu\u0161as bl\u012bves var izrais\u012bt nopl\u016bdes un samazin\u0101t efektivit\u0101ti.<\/li>\n<\/ul>\n<h2>Uzst\u0101d\u012b\u0161anas vadl\u012bnijas<\/h2>\n<p>Pareiza str\u0113les cilindra uzst\u0101d\u012b\u0161ana ir \u013coti svar\u012bga t\u0101 veiktsp\u0113jai. Vispirms p\u0101rliecinieties, vai jums ir atbilsto\u0161i instrumenti un apr\u012bkojums uzst\u0101d\u012b\u0161anas procesam. S\u0101ciet ar cilindra pareizu izl\u012bdzin\u0101\u0161anu ar ekskavatora stiprin\u0101juma punktiem. Ir svar\u012bgi izmantot piem\u0113rotus stiprin\u0101juma kron\u0161teinus, lai nostiprin\u0101tu cilindru viet\u0101, nov\u0113r\u0161ot jebk\u0101du nepareizu izl\u012bdzin\u0101\u0161anu, kas var\u0113tu rad\u012bt darb\u012bbas probl\u0113mas.<\/p>\n<p>Kad cilindrs ir izl\u012bdzin\u0101ts, vienm\u0113r\u012bgi pievelciet skr\u016bves, lai izvair\u012btos no slodzes uz cilindru. P\u0113c uzst\u0101d\u012b\u0161anas v\u0113lreiz p\u0101rbaudiet izl\u012bdzin\u0101jumu, pirms p\u0101rbaud\u0101t hidraulisko sist\u0113mu. \u0160is solis nodro\u0161ina, ka cilindrs darbojas vienm\u0113r\u012bgi bez jebk\u0101diem \u0161\u0137\u0113r\u0161\u013ciem.<\/p>\n<p>Turkl\u0101t, lai nodro\u0161in\u0101tu atbilst\u012bbu dro\u0161\u012bbas standartiem un darb\u012bbas efektivit\u0101ti, iepaz\u012bstieties ar ra\u017eot\u0101ja specifik\u0101cij\u0101m par griezes momenta iestat\u012bjumiem un mont\u0101\u017eas konfigur\u0101cij\u0101m.<\/p>\n<h2>Bie\u017ei sastopamie apkopes uzdevumi<\/h2>\n<ul>\n<li><strong>Regul\u0101ras p\u0101rbaudes:<\/strong> Periodiski p\u0101rbaudiet str\u0113les cilindru, vai nav boj\u0101jumu vai nodiluma paz\u012bmju. \u0160\u012b prakse pal\u012bdz laikus atkl\u0101t potenci\u0101las probl\u0113mas, nodro\u0161inot dro\u0161\u012bbu un uzticam\u012bbu.<\/li>\n<li><strong>Piem\u0113rota e\u013c\u013co\u0161ana:<\/strong> Lai nodro\u0161in\u0101tu vienm\u0113r\u012bgu darb\u012bbu, ir svar\u012bgi nodro\u0161in\u0101t cilindra pien\u0101c\u012bgu e\u013c\u013co\u0161anu. Izmantojiet ieteicamo hidraulisko e\u013c\u013cu un iev\u0113rojiet apkopes grafiku.<\/li>\n<li><strong>Bl\u012bv\u0113juma nomai\u0146a:<\/strong> Bl\u012bves regul\u0101ri j\u0101p\u0101rbauda un j\u0101nomaina, ja t\u0101s ir nodilu\u0161as vai boj\u0101tas. \u0160is uzdevums ir \u013coti svar\u012bgs, lai nov\u0113rstu nopl\u016bdes un uztur\u0113tu sist\u0113mas spiedienu.<\/li>\n<\/ul>\n<p>Pareiza uzst\u0101d\u012b\u0161ana, e\u013c\u013co\u0161ana un regul\u0113\u0161ana ir \u013coti svar\u012bga str\u0113les cilindra ilgm\u016b\u017e\u012bbai. Pareiza izl\u012bdzin\u0101\u0161ana uzst\u0101d\u012b\u0161anas laik\u0101 nov\u0113r\u0161 p\u0101rm\u0113r\u012bgu slodzi uz cilindru, savuk\u0101rt efekt\u012bva e\u013c\u013co\u0161ana samazina nodilumu un uztur veiktsp\u0113ju. Ieteicams ar\u012b iev\u0113rot atbilsto\u0161us p\u0101rbaudes un remonta protokolus, lai uzlabotu iek\u0101rtas kop\u0113jo kalpo\u0161anas laiku un uzticam\u012bbu.<\/p>\n<p><img decoding=\"async\" src=\"https:\/\/www.hydraulic-cylinders.net\/wp-content\/uploads\/2025\/04\/songte-chushion-collar.webp\" alt=\"Cilindra uzst\u0101d\u012b\u0161anas att\u0113ls\"><\/p>\n<h2>Dro\u0161\u012bbas apsv\u0113rumi un vides faktori<\/h2>\n<p>Str\u0101d\u0101jot ar hidrauliskajiem cilindriem, dro\u0161\u012bbas pas\u0101kumi ir \u0101rk\u0101rt\u012bgi svar\u012bgi. Operatoriem j\u0101b\u016bt apm\u0101c\u012btiem par pareizu hidraulisko sist\u0113mu lieto\u0161anu un ekspluat\u0101ciju, lai samazin\u0101tu negad\u012bjumu risku. Turkl\u0101t j\u0101iev\u0113ro visi dro\u0161\u012bbas protokoli, tostarp j\u0101valk\u0101 atbilsto\u0161i individu\u0101lie aizsardz\u012bbas l\u012bdzek\u013ci (IAL) un j\u0101nodro\u0161ina, lai tehnika b\u016btu lab\u0101 st\u0101vokl\u012b, lai izvair\u012btos no darb\u012bbas trauc\u0113jumiem.<\/p>\n<h2>Probl\u0113mu nov\u0113r\u0161ana un bie\u017ei sastopamas probl\u0113mas<\/h2>\n<h3>Bie\u017ei sastopamas probl\u0113mas<\/h3>\n<ul>\n<li><strong>Nopl\u016bde:<\/strong> Viena no bie\u017e\u0101kaj\u0101m hidraulisko cilindru probl\u0113m\u0101m ir nopl\u016bde, ko bie\u017ei izraisa nolietoti bl\u012bv\u0113jumi vai nepareiza uzst\u0101d\u012b\u0161ana.<\/li>\n<li><strong>Samazin\u0101ta veiktsp\u0113ja:<\/strong> Tas var notikt zema hidraulisk\u0101 \u0161\u0137idruma l\u012bme\u0146a vai pies\u0101r\u0146ojuma d\u0113\u013c sist\u0113m\u0101.<\/li>\n<li><strong>Troksnis darb\u012bbas laik\u0101:<\/strong> Neparastas ska\u0146as var liecin\u0101t par iek\u0161\u0113jiem boj\u0101jumiem vai probl\u0113m\u0101m ar e\u013c\u013co\u0161anu.<\/li>\n<\/ul>\n<h3>Probl\u0113mu nov\u0113r\u0161anas padomi<\/h3>\n<p>Lai efekt\u012bvi diagnostic\u0113tu un nov\u0113rstu probl\u0113mas, ir svar\u012bgi veikt r\u016bp\u012bgas hidraulisk\u0101s sist\u0113mas p\u0101rbaudes. S\u0101ciet ar jebk\u0101du nopl\u016b\u017eu noteik\u0161anu un boj\u0101tu bl\u012bv\u0113jumu nomai\u0146u. Ja veiktsp\u0113ja ir samazin\u0101ta, p\u0101rbaudiet \u0161\u0137idruma l\u012bmeni un kvalit\u0101ti, p\u0101rliecinoties, ka hidraulisk\u0101 e\u013c\u013ca ir t\u012bra un atbilsto\u0161\u0101 l\u012bmen\u012b. Trok\u0161\u0146a probl\u0113mu gad\u012bjum\u0101 p\u0101rbaudiet cilindru, vai nav nodiluma paz\u012bmju vai nepietiekamas e\u013c\u013co\u0161anas, un nekav\u0113joties risiniet visas probl\u0113mas, lai saglab\u0101tu funkcionalit\u0101ti.<\/p>\n<p>Prevent\u012bvu pas\u0101kumu, piem\u0113ram, regul\u0101ras apkopes un p\u0101rbau\u017eu, ievie\u0161ana var iev\u0113rojami samazin\u0101t \u0161o bie\u017ei sastopamo probl\u0113mu iesp\u0113jam\u012bbu, t\u0101d\u0113j\u0101di uzlabojot hidraulisko sist\u0113mu uzticam\u012bbu.<\/p>\n<p><img decoding=\"async\" src=\"https:\/\/www.hydraulic-cylinders.net\/wp-content\/uploads\/2025\/04\/songte-bushings-with-all-kinds-of-excavator-models.webp\" alt=\"Bie\u017ei sastopamo probl\u0113mu att\u0113ls\"><\/p>\n<h2>Par m\u016bsu uz\u0146\u0113mumu<\/h2>\n<p>M\u0113s esam vado\u0161ais rezerves hidraulisko cilindru ra\u017eot\u0101js, kas pied\u0101v\u0101 pla\u0161u produktu kl\u0101stu gan viet\u0113jam, gan starptautiskajam tirgum. M\u016bsu ap\u0146em\u0161an\u0101s sasniegt izcil\u012bbu mudina m\u016bs izmantot izsmalcin\u0101tas ra\u017eo\u0161anas strat\u0113\u0123ijas kop\u0101 ar progres\u012bv\u0101m tehnolo\u0123ij\u0101m ra\u017eo\u0161anas vad\u012bb\u0101.<\/p>\n<p>M\u016bsu ra\u017eotnes ir apr\u012bkotas ar augst\u0101k\u0101s klases ra\u017eo\u0161anas iek\u0101rt\u0101m un profesion\u0101lu test\u0113\u0161anas sist\u0113mu, kas \u013cauj mums nep\u0101rtraukti uzlabot ra\u017eo\u0161anas jaudas. M\u0113s lepojamies ar to, ka nodro\u0161in\u0101m augstu efektivit\u0101ti, precizit\u0101ti un kvalit\u0101ti, apmierinot da\u017e\u0101das klientu vajadz\u012bbas.<\/p>\n<p>Turkl\u0101t m\u0113s pied\u0101v\u0101jam piel\u0101gotus pakalpojumus, starptautiskus sertifik\u0101tus un stabilu p\u0113cp\u0101rdo\u0161anas atbalstu, nodro\u0161inot klientu apmierin\u0101t\u012bbu un p\u0101rliec\u012bbu par m\u016bsu produktiem.<\/p>\n<p><img decoding=\"async\" src=\"https:\/\/www.hydraulic-cylinders.net\/wp-content\/uploads\/2025\/04\/songte-company-4.webp\" alt=\"Uz\u0146\u0113muma p\u0101rskata att\u0113ls\"><br \/>\n<img decoding=\"async\" src=\"https:\/\/www.hydraulic-cylinders.net\/wp-content\/uploads\/2025\/04\/songte-company-3.webp\" alt=\"Ra\u017eo\u0161anas telpas att\u0113ls\"><\/p>\n<p>Autors lyl<\/p>","protected":false},"excerpt":{"rendered":"<p>Boom Cylinder For Zoomlion Large Excavator ZE480ESP Introduction to Boom Cylinder The Boom Cylinder is a vital component in large excavators, specifically designed for the Zoomlion ZE480ESP model. This hydraulic cylinder plays a crucial role in controlling the movement of the excavator&#8217;s boom, enabling it to lift, lower, and tilt effectively. By utilizing hydraulic pressure, [&hellip;]<\/p>","protected":false},"featured_media":17867,"comment_status":"open","ping_status":"closed","template":"","meta":{"_et_pb_use_builder":"","_et_pb_old_content":"","_et_gb_content_width":""},"product_brand":[],"product_cat":[1546],"product_tag":[1547,1496],"class_list":{"0":"post-19226","1":"product","2":"type-product","3":"status-publish","4":"has-post-thumbnail","6":"product_cat-boom-cylinders","7":"product_tag-boom-cylinders","8":"product_tag-hydraulic-cylinders","10":"first","11":"instock","12":"shipping-taxable","13":"product-type-simple"},"amp_enabled":true,"_links":{"self":[{"href":"https:\/\/www.hydraulic-cylinders.net\/lv\/wp-json\/wp\/v2\/product\/19226","targetHints":{"allow":["GET"]}}],"collection":[{"href":"https:\/\/www.hydraulic-cylinders.net\/lv\/wp-json\/wp\/v2\/product"}],"about":[{"href":"https:\/\/www.hydraulic-cylinders.net\/lv\/wp-json\/wp\/v2\/types\/product"}],"replies":[{"embeddable":true,"href":"https:\/\/www.hydraulic-cylinders.net\/lv\/wp-json\/wp\/v2\/comments?post=19226"}],"wp:featuredmedia":[{"embeddable":true,"href":"https:\/\/www.hydraulic-cylinders.net\/lv\/wp-json\/wp\/v2\/media\/17867"}],"wp:attachment":[{"href":"https:\/\/www.hydraulic-cylinders.net\/lv\/wp-json\/wp\/v2\/media?parent=19226"}],"wp:term":[{"taxonomy":"product_brand","embeddable":true,"href":"https:\/\/www.hydraulic-cylinders.net\/lv\/wp-json\/wp\/v2\/product_brand?post=19226"},{"taxonomy":"product_cat","embeddable":true,"href":"https:\/\/www.hydraulic-cylinders.net\/lv\/wp-json\/wp\/v2\/product_cat?post=19226"},{"taxonomy":"product_tag","embeddable":true,"href":"https:\/\/www.hydraulic-cylinders.net\/lv\/wp-json\/wp\/v2\/product_tag?post=19226"}],"curies":[{"name":"wp","href":"https:\/\/api.w.org\/{rel}","templated":true}]}}