{"id":19227,"date":"2025-04-07T06:19:07","date_gmt":"2025-04-07T06:19:07","guid":{"rendered":"https:\/\/www.hydraulic-cylinders.net\/product\/boom-cylinder-for-zoomlion-large-excavator-ze360e\/"},"modified":"2025-04-07T06:19:10","modified_gmt":"2025-04-07T06:19:10","slug":"boom-cylinder-for-zoomlion-large-excavator-ze360e","status":"publish","type":"product","link":"https:\/\/www.hydraulic-cylinders.net\/lv\/products\/boom-cylinder-for-zoomlion-large-excavator-ze360e\/","title":{"rendered":"Zoomlion liela ekskavatora ZE360E str\u0113les cilindrs"},"content":{"rendered":"<h1>Zoomlion liela ekskavatora ZE360E str\u0113les cilindrs<\/h1>\n<h2>Ievads str\u0113les cilindr\u0101<\/h2>\n<p>Str\u0113les cilindrs ir b\u016btiska sast\u0101vda\u013ca smagaj\u0101s ma\u0161\u012bn\u0101s, \u012bpa\u0161i lielos ekskavatoros, piem\u0113ram, Zoomlion ZE360E. \u0160is hidrauliskais cilindrs ir paredz\u0113ts str\u0113les kust\u012bbas vad\u012bbai, \u013caujot tai prec\u012bzi pacelt, nolaist un noliekt. T\u0101 loma hidrauliskaj\u0101 sist\u0113m\u0101 ir b\u016btiska, lai efekt\u012bvi un lietder\u012bgi veiktu da\u017e\u0101dus uzdevumus.<\/p>\n<p>Kausa cilindrs ir specializ\u0113ts hidrauliskais cilindrs, kas \u013cauj smagaj\u0101m ma\u0161\u012bn\u0101m, piem\u0113ram, ekskavatoriem, ekskavatoriem-iekr\u0101v\u0113jiem un front\u0101lajiem iekr\u0101v\u0113jiem, veikt b\u016btiskas funkcijas. Tas nodro\u0161ina kausa kust\u012bbu, kas ir \u013coti svar\u012bgi materi\u0101lu apstr\u0101des uzdevumiem, piem\u0113ram, rak\u0161anai, cel\u0161anai un da\u017e\u0101du materi\u0101lu transport\u0113\u0161anai. Hidraulisk\u0101s sist\u0113mas efektivit\u0101te un funkcionalit\u0101te liel\u0101 m\u0113r\u0101 ir atkar\u012bga no pareizas str\u0113les cilindra darb\u012bbas.<\/p>\n<p><img decoding=\"async\" src=\"https:\/\/www.hydraulic-cylinders.net\/wp-content\/uploads\/2025\/04\/songte-company-1.webp\" alt=\"Ekskavatora str\u0113les cilindrs\" \/><\/p>\n<h2>Str\u0113les cilindra \u012bpa\u0161\u012bbas<\/h2>\n<h3>Augsta iztur\u012bba un ilgm\u016b\u017e\u012bba<\/h3>\n<ul>\n<li>Izgatavots no augstas stipr\u012bbas t\u0113rauda vai alum\u012bnija, lai iztur\u0113tu augstu spiedienu un lielas slodzes.<\/li>\n<li>Izstr\u0101d\u0101ts nodilumiztur\u012bbai un aizsardz\u012bbai pret koroziju, t\u0101d\u0113j\u0101di palielinot ilgm\u016b\u017e\u012bbu.<\/li>\n<\/ul>\n<h3>Efekt\u012bva hidraulisk\u0101 darb\u012bba<\/h3>\n<ul>\n<li>Izmanto hidraulisk\u0101 \u0161\u0137idruma spiedienu, lai pan\u0101ktu vienm\u0113r\u012bgu izstiep\u0161anu un ievilk\u0161anu.<\/li>\n<li>\u0100tri rea\u0123\u0113 uz operat\u012bvaj\u0101m komand\u0101m, nodro\u0161inot iev\u0113rojamu stum\u0161anas un vilk\u0161anas sp\u0113ku.<\/li>\n<\/ul>\n<h3>Da\u017e\u0101di veidi<\/h3>\n<ul>\n<li>Pieejams vienk\u0101r\u0161\u0101s darb\u012bbas (hidraulisk\u0101 sist\u0113ma tiek izmantota vien\u0101 virzien\u0101) vai divk\u0101r\u0161\u0101s darb\u012bbas (hidraulisk\u0101 sist\u0113ma tiek izmantota abos virzienos) konfigur\u0101cij\u0101s.<\/li>\n<li>Da\u017eiem mode\u013ciem ir teleskopiska konstrukcija, kas nodro\u0161ina liel\u0101ku sniedzam\u012bbu, nepalielinot \u0101r\u0113jos izm\u0113rus, kas ir ide\u0101li piem\u0113rots \u0161aur\u0101m telp\u0101m.<\/li>\n<\/ul>\n<h2>M\u016bsu ra\u017eo\u0161anas iesp\u0113jas<\/h2>\n<p>M\u0113s specializ\u0113jamies augstas kvalit\u0101tes str\u0113les cilindru ra\u017eo\u0161an\u0101, kas lieliski aizst\u0101j eso\u0161os hidrauliskos cilindrus. M\u016bsu produkti ir izstr\u0101d\u0101ti atbilsto\u0161i augst\u0101kajiem nozares standartiem, nodro\u0161inot sader\u012bbu un uzticam\u012bbu.<\/p>\n<p><img decoding=\"async\" src=\"https:\/\/www.hydraulic-cylinders.net\/wp-content\/uploads\/2025\/04\/songte-cylinder-head-with-all-kinds-excavator-models.webp\" alt=\"Ekskavatoru mode\u013ci\" \/><\/p>\n<h2>Str\u0113les cilindra pielietojumi<\/h2>\n<h3>Celtniec\u012bbas apr\u012bkojums<\/h3>\n<p>Ekskavatoros str\u0113les cilindri ir b\u016btiski rak\u0161anai, iekrau\u0161anai un zemes vai gru\u017eu p\u0101rvieto\u0161anai. Tie nodro\u0161ina nepiecie\u0161amo sp\u0113ku gan rak\u0161anas, gan cel\u0161anas darbiem, nodro\u0161inot efekt\u012bvu darb\u012bbu b\u016bvlaukumos.<\/p>\n<h3>Lauksaimniec\u012bbas tehnika<\/h3>\n<p>Front\u0101lo iekr\u0101v\u0113ju str\u0113les cilindri atvieglo augsnes, siena un citu materi\u0101lu sav\u0101k\u0161anu, cel\u0161anu un transport\u0113\u0161anu. To iztur\u012bg\u0101 konstrukcija \u013cauj efekt\u012bvi veikt lauksaimniec\u012bbas uzdevumus, veicinot ra\u017e\u012bgumu saimniec\u012bb\u0101s.<\/p>\n<h3>Ekskavatori<\/h3>\n<p>Ekskavatoros str\u0113les cilindrs \u013cauj kausam iek\u013c\u016bt augsn\u0113, lai nodro\u0161in\u0101tu efekt\u012bvu rak\u0161anu. T\u0101 hidraulisk\u0101s iesp\u0113jas nodro\u0161ina \u0101tras un sp\u0113c\u012bgas rak\u0161anas darb\u012bbas, padarot to neaizst\u0101jamu rak\u0161anas darbos.<\/p>\n<h3>Iekr\u0101v\u0113ji<\/h3>\n<p>Front\u0101lajos iekr\u0101v\u0113jos str\u0113les cilindri pal\u012bdz efekt\u012bvi pacelt un izg\u0101zt kravas. To hidraulisk\u0101 sist\u0113ma nodro\u0161ina nepiecie\u0161amo sp\u0113ku smagu materi\u0101lu pacel\u0161anai, garant\u0113jot vienm\u0113r\u012bgu un efekt\u012bvu materi\u0101lu apstr\u0101di.<\/p>\n<h2>Dizaina apsv\u0113rumi un atlases krit\u0113riji<\/h2>\n<h3>Kravnes\u012bba<\/h3>\n<p>Izv\u0113loties str\u0113les cilindru, galvenais apsv\u0113rums ir t\u0101 kravnes\u012bba. Tam j\u0101iztur apstr\u0101d\u0101jamo materi\u0101lu svars, neapdraudot konstrukcijas integrit\u0101ti. Cilindra specifik\u0101cij\u0101m j\u0101atbilst iek\u0101rtas ekspluat\u0101cijas pras\u012bb\u0101m.<\/p>\n<h3>Bl\u012bv\u0113jums un iztur\u012bba<\/h3>\n<p>Kvalitat\u012bvam str\u0113les cilindram ir j\u0101b\u016bt apr\u012bkotam ar efekt\u012bvu bl\u012bv\u0113jumu, lai nov\u0113rstu hidraulisk\u0101 \u0161\u0137idruma nopl\u016bdi, kas var izrais\u012bt neefekt\u012bvu darb\u012bbu un palielin\u0101tas apkopes izmaksas. Bl\u012bv\u0113jumiem izmantotajiem materi\u0101liem j\u0101b\u016bt iztur\u012bgiem pret nodilumu un j\u0101sp\u0113j iztur\u0113t da\u017e\u0101dus vides apst\u0101k\u013cus.<\/p>\n<h3>Dro\u0161\u012bbas funkcijas<\/h3>\n<p>Dro\u0161\u012bba ir \u0101rk\u0101rt\u012bgi svar\u012bga hidraulisko cilindru projekt\u0113\u0161an\u0101. T\u0101das funkcijas k\u0101 spiediena samazin\u0101\u0161anas v\u0101rsti un dro\u0161\u012bbas sl\u0113dzenes var nov\u0113rst negad\u012bjumus darb\u012bbas laik\u0101. Ir svar\u012bgi izv\u0113l\u0113ties cilindru, kas atbilst dro\u0161\u012bbas standartiem un noteikumiem, lai nodro\u0161in\u0101tu operatora dro\u0161\u012bbu.<\/p>\n<p><img decoding=\"async\" src=\"https:\/\/www.hydraulic-cylinders.net\/wp-content\/uploads\/2025\/04\/songte-oil-pipes-and-spare-parts.webp\" alt=\"Hidraulisk\u0101s sast\u0101vda\u013cas\" \/><\/p>\n<h2>Bl\u012bv\u0113\u0161ana un e\u013c\u013co\u0161ana<\/h2>\n<p>Str\u0113les cilindra efektivit\u0101te liel\u0101 m\u0113r\u0101 ir atkar\u012bga no t\u0101 bl\u012bv\u0113\u0161anas un e\u013c\u013co\u0161anas sist\u0113m\u0101m. Da\u017e\u0101di bl\u012bv\u0113jumi, piem\u0113ram, virzu\u013ca bl\u012bv\u0113jumi un stie\u0146a bl\u012bv\u0113jumi, ir b\u016btiski, lai uztur\u0113tu spiedienu un nov\u0113rstu nopl\u016bdes. Materi\u0101li, piem\u0113ram, poliuret\u0101ns un nitrilgumija, parasti tiek izmantoti to nodilumiztur\u012bgo \u012bpa\u0161\u012bbu d\u0113\u013c. Turkl\u0101t cilindra korpuss un v\u012bt\u0146otie gali ir j\u0101apstr\u0101d\u0101 prec\u012bzi, lai uzlabotu iztur\u012bbu un funkcionalit\u0101ti.<\/p>\n<p>Regul\u0101ra e\u013c\u013co\u0161ana ar hidraulisko e\u013c\u013cu ir \u013coti svar\u012bga, lai uztur\u0113tu cilindra veiktsp\u0113ju. Pareiza e\u013c\u013co\u0161ana samazina berzi, pagarina bl\u012bv\u0113jumu kalpo\u0161anas laiku un nodro\u0161ina vienm\u0113r\u012bgu darb\u012bbu. Ra\u017eot\u0101ja vadl\u012bniju iev\u0113ro\u0161ana attiec\u012bb\u0101 uz e\u013c\u013co\u0161anas bie\u017eumu un daudzumu var uzlabot hidraulisk\u0101s sist\u0113mas kop\u0113jo efektivit\u0101ti.<\/p>\n<h2>Apkope un prevent\u012bvie pas\u0101kumi<\/h2>\n<h3>Regul\u0101ras p\u0101rbaudes<\/h3>\n<p>Regul\u0101ru str\u0113les cilindra p\u0101rbau\u017eu veik\u0161ana ir b\u016btiska, lai identific\u0113tu iesp\u0113jam\u0101s probl\u0113mas, pirms t\u0101s saasin\u0101s. Mekl\u0113jiet nopl\u016bdes, nodiluma vai boj\u0101jumu paz\u012bmes. Regul\u0101ras p\u0101rbaudes var pal\u012bdz\u0113t uztur\u0113t optim\u0101lu veiktsp\u0113ju un nov\u0113rst d\u0101rgus remontdarbus.<\/p>\n<h3>Piem\u0113rota e\u013c\u013co\u0161ana<\/h3>\n<p>Lai nodro\u0161in\u0101tu vienm\u0113r\u012bgu darb\u012bbu, ir svar\u012bgi nodro\u0161in\u0101t cilindra pien\u0101c\u012bgu e\u013c\u013co\u0161anu. Izmantojiet ieteicamo hidraulisko e\u013c\u013cu un iev\u0113rojiet ra\u017eot\u0101ja nor\u0101d\u012bjumus par e\u013c\u013co\u0161anas interv\u0101liem. Tas pal\u012bdz samazin\u0101t iek\u0161\u0113jo deta\u013cu nodilumu.<\/p>\n<h3>Bl\u012bv\u0113juma nomai\u0146a un kalibr\u0113\u0161ana<\/h3>\n<p>Nodilu\u0161o bl\u012bv\u0113jumu nomai\u0146a ir b\u016btiska hidraulisk\u0101 spiediena un efektivit\u0101tes uztur\u0113\u0161anai. Regul\u0101ra cilindra kalibr\u0113\u0161ana nodro\u0161ina t\u0101 darb\u012bbu noteiktos parametros, nov\u0113r\u0161ot darb\u012bbas trauc\u0113jumus un pagarinot t\u0101 kalpo\u0161anas laiku.<\/p>\n<p><img decoding=\"async\" src=\"https:\/\/www.hydraulic-cylinders.net\/wp-content\/uploads\/2025\/04\/songte-chushion-collar.webp\" alt=\"Spilvenu apkakle\" \/><\/p>\n<h2>Dro\u0161\u012bbas apsv\u0113rumi un vides faktori<\/h2>\n<p>Dro\u0161\u012bbas pas\u0101kumu ievie\u0161ana, lietojot str\u0113les cilindrus, ir kritiski svar\u012bga. Operatoriem j\u0101b\u016bt apm\u0101c\u012btiem atpaz\u012bt potenci\u0101los apdraud\u0113jumus, kas saist\u012bti ar hidrauliskaj\u0101m sist\u0113m\u0101m, piem\u0113ram, augstspiediena riskus. Atbilsto\u0161a aizsargapr\u012bkojuma lieto\u0161ana un dro\u0161\u012bbas protokolu iev\u0113ro\u0161ana var iev\u0113rojami samazin\u0101t negad\u012bjumu risku.<\/p>\n<h2>Probl\u0113mu nov\u0113r\u0161ana un bie\u017ei sastopamas probl\u0113mas<\/h2>\n<h3>Bie\u017ei sastopamu probl\u0113mu identific\u0113\u0161ana<\/h3>\n<ul>\n<li><strong>Nopl\u016bde:<\/strong> Viena no visbie\u017e\u0101k sastopamaj\u0101m probl\u0113m\u0101m ir hidraulisk\u0101 \u0161\u0137idruma nopl\u016bde, kas var liecin\u0101t par bl\u012bv\u0113juma boj\u0101jumu.<\/li>\n<li><strong>Slikta veiktsp\u0113ja:<\/strong> Ja cilindrs nerea\u0123\u0113 efekt\u012bvi, tas var b\u016bt nepietiekamas e\u013c\u013co\u0161anas vai iek\u0161\u0113ju boj\u0101jumu d\u0113\u013c.<\/li>\n<li><strong>Trok\u0161\u0146aina darb\u012bba:<\/strong> Neparastas ska\u0146as darb\u012bbas laik\u0101 var liecin\u0101t par sist\u0113m\u0101 iespr\u016bdu\u0161u gaisu vai deta\u013cu nodilumu.<\/li>\n<\/ul>\n<h3>Probl\u0113mu nov\u0113r\u0161anas padomi<\/h3>\n<p>Lai risin\u0101tu \u0161\u012bs probl\u0113mas, vispirms p\u0101rbaudiet bl\u012bves un p\u0101rbaudiet, vai nav redzamu boj\u0101jumu. P\u0101rliecinieties, vai hidraulisk\u0101 \u0161\u0137idruma l\u012bmenis ir pietiekams, un mekl\u0113jiet sist\u0113m\u0101 gaisa kabatas, kas, iesp\u0113jams, ir j\u0101atgaiso. Regul\u0101ra apkope var pal\u012bdz\u0113t nov\u0113rst \u0161o probl\u0113mu ra\u0161anos.<\/p>\n<p><img decoding=\"async\" src=\"https:\/\/www.hydraulic-cylinders.net\/wp-content\/uploads\/2025\/04\/songte-bushings-with-all-kinds-of-excavator-models.webp\" alt=\"Ekskavatoru mode\u013cu bukses\" \/><\/p>\n<h2>Par m\u016bsu uz\u0146\u0113mumu<\/h2>\n<p>M\u0113s esam vado\u0161ais rezerves hidraulisko cilindru ra\u017eot\u0101js ar pla\u0161u produktu kl\u0101stu, kas m\u016bs pozicion\u0113 k\u0101 galveno sp\u0113l\u0113t\u0101ju gan viet\u0113j\u0101, gan starptautiskaj\u0101 tirg\u016b. M\u016bsu ap\u0146em\u0161an\u0101s sasniegt izcil\u012bbu atspogu\u013cojas m\u016bsu modern\u0101kaj\u0101s ra\u017eo\u0161anas iek\u0101rt\u0101s, kur\u0101s tiek izmantotas progres\u012bvas tehnolo\u0123ijas un kvalific\u0113ts person\u0101ls, lai pieg\u0101d\u0101tu augstas kvalit\u0101tes produktus.<\/p>\n<p>M\u016bsu ap\u0146em\u0161an\u0101s nodro\u0161in\u0101t kvalit\u0101ti ietver stingru test\u0113\u0161anu un atbilst\u012bbu starptautiskaj\u0101m sertifik\u0101cij\u0101m. M\u0113s pied\u0101v\u0101jam piel\u0101gotus risin\u0101jumus, lai apmierin\u0101tu \u012bpa\u0161as klientu vajadz\u012bbas, nodro\u0161inot, ka m\u016bsu produkti atbilst nozares standartiem. Ar stabilu p\u0113cp\u0101rdo\u0161anas servisu m\u0113s atbalst\u0101m savus klientus vis\u0101 produkta dz\u012bves cikl\u0101.<\/p>\n<p><img decoding=\"async\" src=\"https:\/\/www.hydraulic-cylinders.net\/wp-content\/uploads\/2025\/04\/songte-company-4.webp\" alt=\"Uz\u0146\u0113muma p\u0101rskats\" \/><br \/>\n<img decoding=\"async\" src=\"https:\/\/www.hydraulic-cylinders.net\/wp-content\/uploads\/2025\/04\/songte-company-3.webp\" alt=\"Ra\u017eo\u0161anas iek\u0101rta\" \/><\/p>\n<p>Autors: lil<\/p>","protected":false},"excerpt":{"rendered":"<p>Boom Cylinder For Zoomlion Large Excavator ZE360E Introduction to Boom Cylinder The Boom Cylinder is a crucial component in heavy machinery, particularly in large excavators like the Zoomlion ZE360E. This hydraulic cylinder is designed to control the movement of the boom, allowing it to lift, lower, and tilt with precision. Its role in the hydraulic [&hellip;]<\/p>","protected":false},"featured_media":17868,"comment_status":"open","ping_status":"closed","template":"","meta":{"_et_pb_use_builder":"","_et_pb_old_content":"","_et_gb_content_width":""},"product_brand":[],"product_cat":[1546],"product_tag":[1547,1496],"class_list":{"0":"post-19227","1":"product","2":"type-product","3":"status-publish","4":"has-post-thumbnail","6":"product_cat-boom-cylinders","7":"product_tag-boom-cylinders","8":"product_tag-hydraulic-cylinders","10":"first","11":"instock","12":"shipping-taxable","13":"product-type-simple"},"amp_enabled":true,"_links":{"self":[{"href":"https:\/\/www.hydraulic-cylinders.net\/lv\/wp-json\/wp\/v2\/product\/19227","targetHints":{"allow":["GET"]}}],"collection":[{"href":"https:\/\/www.hydraulic-cylinders.net\/lv\/wp-json\/wp\/v2\/product"}],"about":[{"href":"https:\/\/www.hydraulic-cylinders.net\/lv\/wp-json\/wp\/v2\/types\/product"}],"replies":[{"embeddable":true,"href":"https:\/\/www.hydraulic-cylinders.net\/lv\/wp-json\/wp\/v2\/comments?post=19227"}],"wp:featuredmedia":[{"embeddable":true,"href":"https:\/\/www.hydraulic-cylinders.net\/lv\/wp-json\/wp\/v2\/media\/17868"}],"wp:attachment":[{"href":"https:\/\/www.hydraulic-cylinders.net\/lv\/wp-json\/wp\/v2\/media?parent=19227"}],"wp:term":[{"taxonomy":"product_brand","embeddable":true,"href":"https:\/\/www.hydraulic-cylinders.net\/lv\/wp-json\/wp\/v2\/product_brand?post=19227"},{"taxonomy":"product_cat","embeddable":true,"href":"https:\/\/www.hydraulic-cylinders.net\/lv\/wp-json\/wp\/v2\/product_cat?post=19227"},{"taxonomy":"product_tag","embeddable":true,"href":"https:\/\/www.hydraulic-cylinders.net\/lv\/wp-json\/wp\/v2\/product_tag?post=19227"}],"curies":[{"name":"wp","href":"https:\/\/api.w.org\/{rel}","templated":true}]}}