{"id":19228,"date":"2025-04-07T06:19:10","date_gmt":"2025-04-07T06:19:10","guid":{"rendered":"https:\/\/www.hydraulic-cylinders.net\/product\/boom-cylinder-for-zoomlion-large-excavator-ze520esp\/"},"modified":"2025-04-07T06:19:12","modified_gmt":"2025-04-07T06:19:12","slug":"boom-cylinder-for-zoomlion-large-excavator-ze520esp","status":"publish","type":"product","link":"https:\/\/www.hydraulic-cylinders.net\/lv\/products\/boom-cylinder-for-zoomlion-large-excavator-ze520esp\/","title":{"rendered":"Zoomlion liela ekskavatora ZE520ESP str\u0113les cilindrs"},"content":{"rendered":"<h1>Zoomlion liela ekskavatora ZE520ESP str\u0113les cilindrs<\/h1>\n<h2>Ievads str\u0113les cilindr\u0101<\/h2>\n<p>Str\u0113les cilindrs, kas \u012bpa\u0161i izstr\u0101d\u0101ts Zoomlion lielajam ekskavatoram ZE520ESP, ir b\u016btiska smago ma\u0161\u012bnu hidraulisk\u0101s sist\u0113mas sast\u0101vda\u013ca. \u0160im hidrauliskajam cilindram ir iz\u0161\u0137iro\u0161a noz\u012bme ekskavatora str\u0113les kust\u012bbas kontrol\u0113\u0161an\u0101, atvieglojot agreg\u0101tu pacel\u0161anu, nolai\u0161anu un noliek\u0161anu. \u0160\u012bs funkcijas ir \u013coti svar\u012bgas efekt\u012bviem materi\u0101lu apstr\u0101des uzdevumiem, \u013caujot operatoriem veikt rak\u0161anas, iekrau\u0161anas un transport\u0113\u0161anas darbus ar iev\u0113rojamu precizit\u0101ti.<\/p>\n<p><img decoding=\"async\" src=\"https:\/\/www.hydraulic-cylinders.net\/wp-content\/uploads\/2025\/04\/songte-company-1.webp\" alt=\"Str\u0113les cilindra att\u0113ls\"><\/p>\n<h3>Defin\u012bcija un p\u0101rskats<\/h3>\n<p>Str\u0113les cilindrs ir hidraulisk\u0101 cilindra veids, kas ir \u012bpa\u0161i izstr\u0101d\u0101ts, lai p\u0101rvald\u012btu str\u0113les kust\u012bbu da\u017e\u0101d\u0101s smagaj\u0101s iek\u0101rt\u0101s, piem\u0113ram, ekskavatoros, iekr\u0101v\u0113ju ekskavatoros un front\u0101lajos iekr\u0101v\u0113jos. Tas darbojas, izmantojot hidraulisko spiedienu, lai izstieptu un ievilktu str\u0113li, \u013caujot str\u0113lei sasniegt da\u017e\u0101dus augstumus un le\u0146\u0137us. Tam ir iz\u0161\u0137iro\u0161a noz\u012bme kop\u0113j\u0101 hidrauliskaj\u0101 sist\u0113m\u0101, nodro\u0161inot nepiecie\u0161amo sp\u0113ku sare\u017e\u0123\u012btu uzdevumu veik\u0161anai b\u016bvniec\u012bb\u0101 un cit\u0101s nozar\u0113s.<\/p>\n<h2>Produkta funkcijas<\/h2>\n<ul>\n<li><strong>Augsta iztur\u012bba un ilgm\u016b\u017e\u012bba:<\/strong> \u0160ie cilindri, kas parasti ir izgatavoti no augstas stipr\u012bbas t\u0113rauda vai alum\u012bnija, var iztur\u0113t augstu spiedienu un lielas slodzes, un tie ir paredz\u0113ti, lai iztur\u0113tu skarbas darba vides, vienlaikus izturot nodilumu un koroziju, nodro\u0161inot ilg\u0101ku kalpo\u0161anas laiku.<\/li>\n<li><strong>Efekt\u012bva hidraulisk\u0101 darb\u012bba:<\/strong> Izmantojot hidraulisk\u0101s e\u013c\u013cas spiedienu, str\u0113les cilindrs nodro\u0161ina vienm\u0113r\u012bgu izstiep\u0161anu un ievilk\u0161anu, \u013caujot \u0101tri rea\u0123\u0113t uz vad\u012bbas komand\u0101m un nodro\u0161inot jaud\u012bgas stum\u0161anas un vilk\u0161anas sp\u0113jas, kas piem\u0113rotas smagu un sare\u017e\u0123\u012btu uzdevumu veik\u0161anai.<\/li>\n<li><strong>Da\u017e\u0101di veidi:<\/strong> Pieejams vienvirziena darb\u012bbas (darbojas vien\u0101 virzien\u0101) vai divk\u0101r\u0161as darb\u012bbas (darbojas abos virzienos) konfigur\u0101cij\u0101s, kas \u013cauj piel\u0101got atbilsto\u0161i konkr\u0113t\u0101m ekspluat\u0101cijas vajadz\u012bb\u0101m. Da\u017ei mode\u013ci ir teleskopiski, kas nodro\u0161ina liel\u0101ku pagarin\u0101jumu, nepalielinot \u0101r\u0113jos izm\u0113rus, kas ir ide\u0101li piem\u0113rots lietojumiem ar ierobe\u017eotu vietu.<\/li>\n<li><strong>Prec\u012bzijas in\u017eenierija:<\/strong> Katrs cilindrs ir izgatavots ar r\u016bp\u012bgu uzman\u012bbu deta\u013c\u0101m, nodro\u0161inot optim\u0101lu veiktsp\u0113ju un uzticam\u012bbu da\u017e\u0101dos apst\u0101k\u013cos.<\/li>\n<li><strong>Sader\u012bba:<\/strong> M\u016bsu produkti ir izstr\u0101d\u0101ti, lai perfekti aizst\u0101tu da\u017e\u0101dus hidrauliskos cilindrus, nodro\u0161inot neman\u0101mu integr\u0101ciju ar eso\u0161aj\u0101m iek\u0101rt\u0101m.<\/li>\n<\/ul>\n<p><img decoding=\"async\" src=\"https:\/\/www.hydraulic-cylinders.net\/wp-content\/uploads\/2025\/04\/songte-cylinder-head-with-all-kinds-excavator-models.webp\" alt=\"Sader\u012bgi mode\u013ci\"><\/p>\n<h2>Str\u0113les cilindra pielietojums<\/h2>\n<h3>Celtniec\u012bbas apr\u012bkojums<\/h3>\n<p>Ekskavatoros str\u0113les cilindri ir b\u016btiski zemes vai gru\u017eu rak\u0161anas, iekrau\u0161anas un p\u0101rvieto\u0161anas procesiem. Tie \u013cauj str\u0113lei dzi\u013ci iedzi\u013cin\u0101ties zem\u0113 rak\u0161anas darbu veik\u0161anai un pacelt kravu transport\u0113\u0161anai uz da\u017e\u0101d\u0101m viet\u0101m. Bez str\u0113les cilindra rak\u0161anas darbu efektivit\u0101te un lietder\u012bba b\u016btu iev\u0113rojami apdraud\u0113ta.<\/p>\n<h3>Lauksaimniec\u012bbas tehnika<\/h3>\n<p>Front\u0101lajiem iekr\u0101v\u0113jiem str\u0113les cilindri ir \u013coti svar\u012bgi augsnes, siena un da\u017e\u0101du materi\u0101lu sav\u0101k\u0161anai, cel\u0161anai un transport\u0113\u0161anai. To sp\u0113ja nodro\u0161in\u0101t nepiecie\u0161amo sp\u0113ku \u0161\u012bm darb\u012bb\u0101m palielina produktivit\u0101ti saimniec\u012bb\u0101s, padarot tos neaizst\u0101jamus lauksaimniec\u012bbas ma\u0161\u012bn\u0101s.<\/p>\n<h3>Ekskavatori<\/h3>\n<p>Ekskavatoros str\u0113les cilindrs \u013cauj kausam efekt\u012bvi iek\u013c\u016bt augsn\u0113, atvieglojot rak\u0161anas procesu. Tam ir b\u016btiska loma, lai operators var\u0113tu veikt sare\u017e\u0123\u012btus rak\u0161anas darbus, kuriem nepiecie\u0161ama precizit\u0101te un str\u0113les kust\u012bbas kontrole.<\/p>\n<h3>Iekr\u0101v\u0113ji<\/h3>\n<p>Front\u0101lajos iekr\u0101v\u0113jos str\u0113les cilindri pal\u012bdz efekt\u012bvi pacelt un izkraut kravas. Tie nodro\u0161ina nepiecie\u0161amo hidraulisko sp\u0113ku smagu priek\u0161metu pacel\u0161anai, nodro\u0161inot vienm\u0113r\u012bgu darb\u012bbu iekrau\u0161anas un izkrau\u0161anas procesos da\u017e\u0101d\u0101s nozar\u0113s, tostarp b\u016bvniec\u012bb\u0101 un atkritumu apsaimnieko\u0161an\u0101.<\/p>\n<h2>Dizaina apsv\u0113rumi un atlases krit\u0113riji<\/h2>\n<h3>Kravnes\u012bba<\/h3>\n<p>Str\u0113les cilindra kravnes\u012bba ir kritisks faktors, kas j\u0101\u0146em v\u0113r\u0101 izv\u0113les laik\u0101. Ir svar\u012bgi izv\u0113l\u0113ties cilindru, kas sp\u0113j iztur\u0113t maksim\u0101lo paredzamo slodzi darb\u012bbas laik\u0101, vienlaikus nodro\u0161inot dro\u0161\u012bbas un veiktsp\u0113jas standartu iev\u0113ro\u0161anu. Pareiza kravnes\u012bba nodro\u0161ina cilindra ilgm\u016b\u017e\u012bbu un nov\u0113r\u0161 iesp\u0113jamus boj\u0101jumus smagu darbu laik\u0101.<\/p>\n<h3>Bl\u012bv\u0113\u0161anas meh\u0101nismi<\/h3>\n<p>Efekt\u012bvs bl\u012bv\u0113jums ir vit\u0101li svar\u012bgs hidraulisko cilindru darb\u012bbai. Augstas kvalit\u0101tes bl\u012bv\u0113jumi nov\u0113r\u0161 hidraulisk\u0101 \u0161\u0137idruma nopl\u016bdes, kas var samazin\u0101t efektivit\u0101ti un rad\u012bt vides apdraud\u0113jumus. Bl\u012bv\u0113jumu, piem\u0113ram, virzu\u013ca bl\u012bv\u0113jumu un stie\u0146u bl\u012bv\u0113jumu, kas izgatavoti no iztur\u012bgiem materi\u0101liem, piem\u0113ram, poliuret\u0101na vai nitrila gumijas, izv\u0113le ir \u013coti svar\u012bga optim\u0101las funkcionalit\u0101tes uztur\u0113\u0161anai.<\/p>\n<h3>Iztur\u012bba<\/h3>\n<p>Iztur\u012bba ir \u0101rk\u0101rt\u012bgi svar\u012bga str\u0113les cilindriem, jo \u200b\u200btie tiek pak\u013cauti ekstrem\u0101liem apst\u0101k\u013ciem. Ir svar\u012bgi izv\u0113l\u0113ties cilindrus, kas ir iztur\u012bgi pret nodilumu un koroziju, nodro\u0161inot to uzticamu darb\u012bbu skarbos apst\u0101k\u013cos. Uzlaboti ra\u017eo\u0161anas procesi veicina \u0161o komponentu iztur\u012bbu, samazinot boj\u0101jumu risku.<\/p>\n<h3>Dro\u0161\u012bbas funkcijas<\/h3>\n<p>Dro\u0161\u012bba ir b\u016btisks apsv\u0113rums hidraulisko cilindru projekt\u0113\u0161an\u0101. T\u0101das funkcijas k\u0101 p\u0101rslodzes aizsardz\u012bba un pareiza spiediena regul\u0113\u0161ana nodro\u0161ina, ka cilindrs darbojas dro\u0161\u0101s robe\u017e\u0101s. Regul\u0101ras apkopes p\u0101rbaudes var v\u0113l vair\u0101k uzlabot dro\u0161\u012bbu, samazinot negad\u012bjumu risku ekspluat\u0101cijas laik\u0101.<\/p>\n<h3>Apkope un izmantojam\u012bba<\/h3>\n<p>Ir \u013coti svar\u012bgi izv\u0113l\u0113ties str\u0113les cilindru, kas nodro\u0161ina \u0113rtu apkopi un apkalpojam\u012bbu. Komponenti, kuriem var viegli piek\u013c\u016bt remontam un p\u0101rbaud\u0113m, samazin\u0101s d\u012bkst\u0101ves laiku un ekspluat\u0101cijas izmaksas. Rut\u012bnas apkopes uzdevumiem, piem\u0113ram, e\u013c\u013co\u0161anai un bl\u012bvju nomai\u0146ai, j\u0101b\u016bt vienk\u0101r\u0161i veicamiem, nodro\u0161inot optim\u0101lu cilindra darb\u012bbu.<\/p>\n<p><img decoding=\"async\" src=\"https:\/\/www.hydraulic-cylinders.net\/wp-content\/uploads\/2025\/04\/songte-oil-pipes-and-spare-parts.webp\" alt=\"E\u013c\u013cas caurules un rezerves da\u013cas\"><\/p>\n<h2>Bl\u012bv\u0113\u0161ana un e\u013c\u013co\u0161ana<\/h2>\n<p>Bl\u012bv\u0113jums un e\u013c\u013co\u0161ana ir kritiski svar\u012bgi faktori hidraulisko cilindru darb\u012bb\u0101. Lai nov\u0113rstu hidraulisk\u0101 \u0161\u0137idruma nopl\u016bdi, tiek izmantoti da\u017e\u0101di bl\u012bv\u0113\u0161anas elementi, piem\u0113ram, virzu\u013ca bl\u012bv\u0113jumi un stie\u0146a bl\u012bv\u0113jumi. Bl\u012bv\u0113jumi, kas izgatavoti no nodilumiztur\u012bgiem materi\u0101liem, piem\u0113ram, poliuret\u0101na un nitrila gumijas, ir priek\u0161roka to iztur\u012bbas d\u0113\u013c. Cilindra korpuss un v\u012bt\u0146otie gali tiek pak\u013cauti prec\u012bzas apstr\u0101des procesiem, lai uzlabotu nodilumiztur\u012bbu. Regul\u0101ra e\u013c\u013co\u0161ana ar atbilsto\u0161u hidraulisko e\u013c\u013cu ir b\u016btiska, lai samazin\u0101tu berzi un nodilumu, nodro\u0161inot vienm\u0113r\u012bgu darb\u012bbu un pagarinot cilindra kalpo\u0161anas laiku.<\/p>\n<h2>Regul\u0101ra p\u0101rbaude un profilaktisk\u0101 apkope<\/h2>\n<ul>\n<li><strong>Regul\u0101ras p\u0101rbaudes:<\/strong> Regul\u0101ras p\u0101rbaudes j\u0101veic, lai identific\u0113tu jebk\u0101das hidraulisk\u0101 cilindra nodiluma, nopl\u016b\u017eu vai boj\u0101jumu paz\u012bmes. Probl\u0113mu agr\u012bna atkl\u0101\u0161ana var nov\u0113rst nopietn\u0101kas probl\u0113mas un d\u0101rgus remontdarbus n\u0101kotn\u0113.<\/li>\n<li><strong>Piem\u0113rota e\u013c\u013co\u0161ana:<\/strong> Ir svar\u012bgi uztur\u0113t pareizu visu kust\u012bgo da\u013cu e\u013c\u013co\u0161anu, lai nodro\u0161in\u0101tu nevainojamu darb\u012bbu. Pareiza hidraulisk\u0101s e\u013c\u013cas veida izmanto\u0161ana un ieteicamo e\u013c\u013co\u0161anas grafiku iev\u0113ro\u0161ana pagarin\u0101s cilindra kalpo\u0161anas laiku.<\/li>\n<li><strong>Bl\u012bv\u0113juma nomai\u0146a:<\/strong> Bl\u012bves regul\u0101ri j\u0101p\u0101rbauda un j\u0101nomaina p\u0113c nepiecie\u0161am\u012bbas, lai nov\u0113rstu nopl\u016bdes un uztur\u0113tu veiktsp\u0113ju. Vecas vai boj\u0101tas bl\u012bves var izrais\u012bt \u0161\u0137idruma zudumus un samazin\u0101t hidraulisk\u0101s sist\u0113mas efektivit\u0101ti.<\/li>\n<\/ul>\n<h2>Uzst\u0101d\u012b\u0161anas vadl\u012bnijas<\/h2>\n<p>Pareiza str\u0113les cilindra uzst\u0101d\u012b\u0161ana ir \u013coti svar\u012bga optim\u0101lai veiktsp\u0113jai un dro\u0161\u012bbai. Vispirms p\u0101rliecinieties, vai cilindrs ir pareizi izl\u012bdzin\u0101ts ar ekskavatora stiprin\u0101juma punktiem. Izmantojiet atbilsto\u0161us stiprin\u0101juma kron\u0161teinus, lai nostiprin\u0101tu cilindru un nov\u0113rstu nepareizu izl\u012bdzin\u0101\u0161anu darb\u012bbas laik\u0101. Pirms visu skr\u016bvju pievilk\u0161anas p\u0101rbaudiet, vai tas ir pareizi izl\u012bdzin\u0101ts, un veiciet nepiecie\u0161amos piel\u0101gojumus. Kad izl\u012bdzin\u0101\u0161ana ir pabeigta, pievelciet visus stiprin\u0101jumus atbilsto\u0161i ra\u017eot\u0101ja specifik\u0101cij\u0101m. P\u0113c uzst\u0101d\u012b\u0161anas veiciet sist\u0113mas p\u0101rbaudi, lai p\u0101rliecin\u0101tos, ka nav nopl\u016b\u017eu un ka cilindrs darbojas nevainojami. \u0160o vadl\u012bniju iev\u0113ro\u0161ana pal\u012bdz\u0113s veiksm\u012bgi uzst\u0101d\u012bt un pagarin\u0101s hidraulisk\u0101 cilindra kalpo\u0161anas laiku.<\/p>\n<p><img decoding=\"async\" src=\"https:\/\/www.hydraulic-cylinders.net\/wp-content\/uploads\/2025\/04\/songte-chushion-collar.webp\" alt=\"Spilvenu apkakle\"><\/p>\n<h2>Dro\u0161\u012bbas apsv\u0113rumi un vides faktori<\/h2>\n<p>Izmantojot hidrauliskos cilindrus, dro\u0161\u012bbas pas\u0101kumu iev\u0113ro\u0161ana ir \u0101rk\u0101rt\u012bgi svar\u012bga, lai nov\u0113rstu negad\u012bjumus un nodro\u0161in\u0101tu operatora dro\u0161\u012bbu. Ir svar\u012bgi ieviest dro\u0161\u012bbas protokolus, piem\u0113ram, lietot atbilsto\u0161us individu\u0101los aizsardz\u012bbas l\u012bdzek\u013cus (IAL), veikt regul\u0101ras dro\u0161\u012bbas apm\u0101c\u012bbas un nodro\u0161in\u0101t, ka visi operatori ir iepazinu\u0161ies ar tehniku. Turkl\u0101t, \u0146emot v\u0113r\u0101 hidraulisko \u0161\u0137idrumu ietekmi uz vidi un izv\u0113loties biolo\u0123iski no\u0101rd\u0101mas iesp\u0113jas, var iev\u0113rojami samazin\u0101t hidraulisko darb\u012bbu ietekmi uz vidi.<\/p>\n<h2>K\u013c\u016bmju diagnostika un bie\u017e\u0101k sastopam\u0101s probl\u0113mas<\/h2>\n<ul>\n<li><strong>Nopl\u016bde:<\/strong> Hidraulisk\u0101 \u0161\u0137idruma nopl\u016bdes ir izplat\u012bta probl\u0113ma, ko var izrais\u012bt nolietoti bl\u012bv\u0113jumi vai boj\u0101tas cilindru deta\u013cas. Regul\u0101ras p\u0101rbaudes var pal\u012bdz\u0113t savlaic\u012bgi atkl\u0101t nopl\u016bdes, \u013caujot veikt savlaic\u012bgu remontu.<\/li>\n<li><strong>Slikta veiktsp\u0113ja:<\/strong> Ja cilindrs neizvirz\u0101s vai neievelkas vienm\u0113r\u012bgi, tas var liecin\u0101t par zemu hidraulisk\u0101 \u0161\u0137idruma l\u012bmeni vai iek\u0161\u0113ju nodilumu. Lai nodro\u0161in\u0101tu optim\u0101lu veiktsp\u0113ju, ir nepiecie\u0161ama regul\u0101ra apkope un savlaic\u012bga \u0161\u0137idrumu p\u0101rbaude.<\/li>\n<li><strong>Neparastas ska\u0146as:<\/strong> Neparastas ska\u0146as darb\u012bbas laik\u0101 var liecin\u0101t par meh\u0101nisk\u0101m probl\u0113m\u0101m vai e\u013c\u013co\u0161anas tr\u016bkumu. Jebkur\u0161 neparasts troksnis nekav\u0113joties j\u0101p\u0101rbauda, \u200b\u200blai nov\u0113rstu turpm\u0101kus boj\u0101jumus.<\/li>\n<\/ul>\n<p>Lai efekt\u012bvi nov\u0113rstu probl\u0113mas, operatoriem j\u0101iepaz\u012bstas ar ra\u017eot\u0101ja vadl\u012bnij\u0101m par konkr\u0113tiem simptomiem un ieteiktaj\u0101m korekcijas darb\u012bb\u0101m. Regul\u0101ra apkope un prevent\u012bvi pas\u0101kumi var iev\u0113rojami samazin\u0101t \u0161\u0101du probl\u0113mu ra\u0161an\u0101s iesp\u0113jam\u012bbu, nodro\u0161inot vienm\u0113r\u012bgu un efekt\u012bvu darb\u012bbu.<\/p>\n<p><img decoding=\"async\" src=\"https:\/\/www.hydraulic-cylinders.net\/wp-content\/uploads\/2025\/04\/songte-bushings-with-all-kinds-of-excavator-models.webp\" alt=\"Ekskavatoru bukses\"><\/p>\n<h2>M\u016bsu uz\u0146\u0113mums<\/h2>\n<p>M\u0113s esam vado\u0161ais rezerves hidraulisko cilindru ra\u017eot\u0101js un vairumtirdzniec\u012bbas izplat\u012bt\u0101js, kas pied\u0101v\u0101 pla\u0161u produktu kl\u0101stu, lai apmierin\u0101tu da\u017e\u0101das tirgus vajadz\u012bbas. M\u016bsu ap\u0146em\u0161an\u0101s sasniegt izcil\u012bbu mudina m\u016bs pie\u0146emt pilnveidotas ra\u017eo\u0161anas strat\u0113\u0123ijas, kur\u0101s priorit\u0101te ir kvalit\u0101te un efektivit\u0101te. Izmantojot kvalific\u0113tu tehnisko person\u0101lu, modernu digit\u0101lo ra\u017eo\u0161anas apr\u012bkojumu un profesion\u0101las p\u0101rbaudes sist\u0113mas, m\u0113s nep\u0101rtraukti uzlabojam savu ra\u017eo\u0161anas platformu, lai nodro\u0161in\u0101tu augst\u0101k\u0101s klases produktu kvalit\u0101ti.<\/p>\n<p>M\u016bsu uzman\u012bbas centr\u0101 ir specializ\u0101cija, starptautisk\u0101s sertifik\u0101cijas, piel\u0101goti pakalpojumi un sp\u0113c\u012bgs p\u0113cp\u0101rdo\u0161anas atbalsts, kas nostiprina m\u016bsu poz\u012bcijas nozar\u0113. Ar sp\u0113c\u012bgu inov\u0101ciju kapacit\u0101ti m\u0113s lepojamies ar to, ka pieg\u0101d\u0101jam augstas efektivit\u0101tes, augstas precizit\u0101tes un augstas kvalit\u0101tes hidrauliskos risin\u0101jumus, kas apmierina m\u016bsu klientu da\u017e\u0101d\u0101s pras\u012bbas.<\/p>\n<p><img decoding=\"async\" src=\"https:\/\/www.hydraulic-cylinders.net\/wp-content\/uploads\/2025\/04\/songte-company-4.webp\" alt=\"Uz\u0146\u0113muma p\u0101rskats\"><br \/>\n<img decoding=\"async\" src=\"https:\/\/www.hydraulic-cylinders.net\/wp-content\/uploads\/2025\/04\/songte-company-3.webp\" alt=\"Uz\u0146\u0113muma telpas\"><\/p>\n<p>Autors: lil<\/p>","protected":false},"excerpt":{"rendered":"<p>Boom Cylinder For Zoomlion Large Excavator ZE520ESP Introduction to Boom Cylinder The Boom Cylinder, specifically designed for the Zoomlion Large Excavator ZE520ESP, is an essential component in the hydraulic system of heavy machinery. This hydraulic cylinder is pivotal in controlling the movement of the excavator\u2019s boom, facilitating the lifting, lowering, and tilting of attachments. These [&hellip;]<\/p>","protected":false},"featured_media":17869,"comment_status":"open","ping_status":"closed","template":"","meta":{"_et_pb_use_builder":"","_et_pb_old_content":"","_et_gb_content_width":""},"product_brand":[],"product_cat":[1546],"product_tag":[1547,1496],"class_list":{"0":"post-19228","1":"product","2":"type-product","3":"status-publish","4":"has-post-thumbnail","6":"product_cat-boom-cylinders","7":"product_tag-boom-cylinders","8":"product_tag-hydraulic-cylinders","10":"first","11":"instock","12":"shipping-taxable","13":"product-type-simple"},"amp_enabled":true,"_links":{"self":[{"href":"https:\/\/www.hydraulic-cylinders.net\/lv\/wp-json\/wp\/v2\/product\/19228","targetHints":{"allow":["GET"]}}],"collection":[{"href":"https:\/\/www.hydraulic-cylinders.net\/lv\/wp-json\/wp\/v2\/product"}],"about":[{"href":"https:\/\/www.hydraulic-cylinders.net\/lv\/wp-json\/wp\/v2\/types\/product"}],"replies":[{"embeddable":true,"href":"https:\/\/www.hydraulic-cylinders.net\/lv\/wp-json\/wp\/v2\/comments?post=19228"}],"wp:featuredmedia":[{"embeddable":true,"href":"https:\/\/www.hydraulic-cylinders.net\/lv\/wp-json\/wp\/v2\/media\/17869"}],"wp:attachment":[{"href":"https:\/\/www.hydraulic-cylinders.net\/lv\/wp-json\/wp\/v2\/media?parent=19228"}],"wp:term":[{"taxonomy":"product_brand","embeddable":true,"href":"https:\/\/www.hydraulic-cylinders.net\/lv\/wp-json\/wp\/v2\/product_brand?post=19228"},{"taxonomy":"product_cat","embeddable":true,"href":"https:\/\/www.hydraulic-cylinders.net\/lv\/wp-json\/wp\/v2\/product_cat?post=19228"},{"taxonomy":"product_tag","embeddable":true,"href":"https:\/\/www.hydraulic-cylinders.net\/lv\/wp-json\/wp\/v2\/product_tag?post=19228"}],"curies":[{"name":"wp","href":"https:\/\/api.w.org\/{rel}","templated":true}]}}