{"id":19229,"date":"2025-04-07T06:19:14","date_gmt":"2025-04-07T06:19:14","guid":{"rendered":"https:\/\/www.hydraulic-cylinders.net\/product\/boom-cylinder-for-zoomlion-large-excavator-ze700esp\/"},"modified":"2025-04-07T06:19:17","modified_gmt":"2025-04-07T06:19:17","slug":"boom-cylinder-for-zoomlion-large-excavator-ze700esp","status":"publish","type":"product","link":"https:\/\/www.hydraulic-cylinders.net\/lv\/products\/boom-cylinder-for-zoomlion-large-excavator-ze700esp\/","title":{"rendered":"Zoomlion liela ekskavatora ZE700ESP str\u0113les cilindrs"},"content":{"rendered":"<h1>Zoomlion liela ekskavatora ZE700ESP str\u0113les cilindrs<\/h1>\n<h2>Ievads str\u0113les cilindr\u0101<\/h2>\n<p>Str\u0113les cilindrs ir b\u016btiska sast\u0101vda\u013ca smagaj\u0101s ma\u0161\u012bn\u0101s, \u012bpa\u0161i ekskavatoros, piem\u0113ram, Zoomlion lielaj\u0101 ekskavator\u0101 ZE700ESP. \u0160im hidrauliskajam cilindram ir b\u016btiska loma str\u0113les sviras kust\u012bbas kontrol\u0113\u0161an\u0101, \u013caujot tai pacelt, nolaist un noliekt atbilsto\u0161i vajadz\u012bb\u0101m da\u017e\u0101d\u0101m darb\u012bb\u0101m. Prec\u012bza kust\u012bba, ko nodro\u0161ina str\u0113les cilindrs, ir \u013coti svar\u012bga t\u0101diem uzdevumiem k\u0101 rak\u0161ana, cel\u0161ana un materi\u0101lu transport\u0113\u0161ana efekt\u012bvi un dro\u0161i.<\/p>\n<p><img decoding=\"async\" src=\"https:\/\/www.hydraulic-cylinders.net\/wp-content\/uploads\/2025\/04\/songte-company-1.webp\" alt=\"Ekskavatoru str\u0113les cilindrs\"><\/p>\n<h3>Str\u0113les cilindru funkcija un pielietojums<\/h3>\n<p>Hidrauliskaj\u0101 sist\u0113m\u0101 str\u0113les cilindrs ir atbild\u012bgs par hidraulisk\u0101 spiediena p\u0101rv\u0113r\u0161anu meh\u0101nisk\u0101 sp\u0113k\u0101, \u013caujot smagajai tehnikai veikt sare\u017e\u0123\u012btus uzdevumus. Tas \u013cauj operatoram kontrol\u0113t str\u0113les poz\u012bciju un le\u0146\u0137i, t\u0101d\u0113j\u0101di atvieglojot manevr\u0113\u0161anu ap \u0161\u0137\u0113r\u0161\u013ciem un efekt\u012bvu uzdevumu veik\u0161anu b\u016bvlaukum\u0101. Str\u0113les cilindrs parasti ir paredz\u0113ts, lai iztur\u0113tu augstu spiedienu un lielas slodzes, nodro\u0161inot iztur\u012bbu un uzticam\u012bbu.<\/p>\n<h2>Str\u0113les cilindra \u012bpa\u0161\u012bbas<\/h2>\n<ul>\n<li><strong>Augsta iztur\u012bba un ilgm\u016b\u017e\u012bba:<\/strong> Izgatavots no augstas stipr\u012bbas t\u0113rauda vai alum\u012bnija, str\u0113les cilindrs ir paredz\u0113ts augsta spiediena un lielu kravu iztur\u0113\u0161anai, padarot to piem\u0113rotu skarbajiem darba apst\u0101k\u013ciem.<\/li>\n<li><strong>Efekt\u012bva hidraulisk\u0101 darb\u012bba:<\/strong> Cilindrs izmanto hidraulisk\u0101s e\u013c\u013cas spiedienu vienm\u0113r\u012bgai un \u0101trai izstiep\u0161anai un ievilk\u0161anai, nodro\u0161inot sp\u0113c\u012bgus stum\u0161anas un vilk\u0161anas sp\u0113kus, kas nepiecie\u0161ami lieljaudas uzdevumiem.<\/li>\n<li><strong>Veidu da\u017e\u0101d\u012bba:<\/strong> Str\u0113les cilindri ir pieejami vienk\u0101r\u0161\u0101s un divk\u0101r\u0161\u0101s darb\u012bbas konfigur\u0101cij\u0101s, un tos var piel\u0101got konkr\u0113t\u0101m ekspluat\u0101cijas pras\u012bb\u0101m.<\/li>\n<li><strong>Vietu taupo\u0161s dizains:<\/strong> Da\u017eiem mode\u013ciem ir teleskopiska konstrukcija, kas nodro\u0161ina liel\u0101ku pagarin\u0101jumu, nepalielinot \u0101r\u0113jos izm\u0113rus, kas ir ide\u0101li piem\u0113rots \u0161aur\u0101m telp\u0101m.<\/li>\n<li><strong>Korozijas iztur\u012bba:<\/strong> Izstr\u0101d\u0101ts ar pretkorozijas funkcij\u0101m, lai uzlabotu ilgm\u016b\u017e\u012bbu un samazin\u0101tu apkopes nepiecie\u0161am\u012bbu.<\/li>\n<\/ul>\n<h3>M\u016bsu ra\u017eo\u0161anas iesp\u0113jas<\/h3>\n<p>M\u0113s specializ\u0113jamies augstas kvalit\u0101tes str\u0113les cilindru ra\u017eo\u0161an\u0101, kas var lieliski aizst\u0101t eso\u0161os hidrauliskos cilindrus da\u017e\u0101dos pielietojumos, nodro\u0161inot optim\u0101lu veiktsp\u0113ju un ilgm\u016b\u017e\u012bbu.<\/p>\n<p><img decoding=\"async\" src=\"https:\/\/www.hydraulic-cylinders.net\/wp-content\/uploads\/2025\/04\/songte-cylinder-head-with-all-kinds-excavator-models.webp\" alt=\"Ekskavatoru mode\u013ci ar str\u0113les cilindriem\"><\/p>\n<h2>Lietojumprogrammu scen\u0101riji<\/h2>\n<h3>Celtniec\u012bbas apr\u012bkojums<\/h3>\n<p>B\u016bvniec\u012bbas jom\u0101 str\u0113les cilindri ir neat\u0146emama ekskavatoru sast\u0101vda\u013ca, un tiem ir iz\u0161\u0137iro\u0161a noz\u012bme zemes vai gru\u017eu rak\u0161an\u0101, iekrau\u0161an\u0101 un p\u0101rvieto\u0161an\u0101. Tie \u013cauj operatoriem veikt prec\u012bzas kust\u012bbas, kas nepiecie\u0161amas rak\u0161anas darbiem, un atvieglo smagu kravu efekt\u012bvu cel\u0161anu.<\/p>\n<h3>Lauksaimniec\u012bbas tehnika<\/h3>\n<p>Lauksaimniec\u012bbas kontekst\u0101 front\u0101lo iekr\u0101v\u0113ju str\u0113les cilindrus izmanto augsnes, siena un da\u017e\u0101du citu materi\u0101lu sav\u0101k\u0161anai, pacel\u0161anai un transport\u0113\u0161anai. To efekt\u012bv\u0101 darb\u012bba \u013cauj racionaliz\u0113t iekrau\u0161anas un izkrau\u0161anas procesus, t\u0101d\u0113j\u0101di uzlabojot ra\u017e\u012bgumu saimniec\u012bb\u0101s.<\/p>\n<h3>Ekskavatori<\/h3>\n<p>Str\u0113les cilindrs ir b\u016btisks, lai ekskavatora kauss var\u0113tu iek\u013c\u016bt zem\u0113, veicot svar\u012bgas rak\u0161anas darb\u012bbas. \u0160\u012b sp\u0113ja ir \u013coti svar\u012bga da\u017e\u0101diem rak\u0161anas darbiem, kas nepiecie\u0161ami b\u016bvniec\u012bbas un ainavu veido\u0161anas projektos.<\/p>\n<h3>Iekr\u0101v\u0113ji<\/h3>\n<p>Front\u0101lajos iekr\u0101v\u0113jos str\u0113les cilindri pal\u012bdz efekt\u012bvi pacelt un izg\u0101zt kravas. To iztur\u012bg\u0101 konstrukcija \u013cauj tiem apstr\u0101d\u0101t smagus materi\u0101lus, nodro\u0161inot, ka darb\u012bbas var veikt efekt\u012bvi un dro\u0161i.<\/p>\n<h2>Dizaina apsv\u0113rumi un atlases krit\u0113riji<\/h2>\n<h3>Kravnes\u012bba<\/h3>\n<p>Izv\u0113loties str\u0113les cilindru, ir svar\u012bgi izprast t\u0101 kravnes\u012bbu. Cilindram ir j\u0101sp\u0113j dro\u0161i iztur\u0113t to kravu svaru, kuras tas apstr\u0101d\u0101s. Tas noz\u012bm\u0113 \u0146emt v\u0113r\u0101 t\u0101dus faktorus k\u0101 maksim\u0101lais svars, ko str\u0113le pacels, un dinamisk\u0101s slodzes, kas rodas darb\u012bbas laik\u0101.<\/p>\n<h3>Bl\u012bv\u0113\u0161ana<\/h3>\n<p>Str\u0113les cilindra bl\u012bv\u0113\u0161anas sp\u0113jas ir kritiski svar\u012bgas t\u0101 veiktsp\u0113jai. Augstas kvalit\u0101tes bl\u012bv\u0113jumi nov\u0113r\u0161 hidraulisk\u0101 \u0161\u0137idruma nopl\u016bdes un uztur spiedienu sist\u0113m\u0101. Tas ir \u012bpa\u0161i svar\u012bgi, lai nov\u0113rstu hidraulisk\u0101 \u0161\u0137idruma zudumus, kas var samazin\u0101t efektivit\u0101ti un rad\u012bt iesp\u0113jamus apr\u012bkojuma boj\u0101jumus.<\/p>\n<h3>Iztur\u012bba<\/h3>\n<p>Iztur\u012bba ir b\u016btiska str\u0113les cilindra \u012bpa\u0161\u012bba, \u012bpa\u0161i sare\u017e\u0123\u012btos ekspluat\u0101cijas apst\u0101k\u013cos. Ra\u017eo\u0161an\u0101 izmantotajiem materi\u0101liem j\u0101iztur nodilums, k\u0101 ar\u012b j\u0101pak\u013caujas skarbajiem apst\u0101k\u013ciem, piem\u0113ram, net\u012brumiem, mitrumam un main\u012bg\u0101m temperat\u016br\u0101m.<\/p>\n<h3>Dro\u0161\u012bbas funkcijas<\/h3>\n<p>Str\u0113les cilindru projekt\u0113\u0161ana, \u0146emot v\u0113r\u0101 dro\u0161\u012bbu, ir \u0101rk\u0101rt\u012bgi svar\u012bga. T\u0101das funkcijas k\u0101 integr\u0113ti dro\u0161\u012bbas v\u0101rsti var nov\u0113rst p\u0101rslodzes situ\u0101cijas, nodro\u0161inot, ka apr\u012bkojums darbojas dro\u0161os parametros pacel\u0161anas un nolai\u0161anas laik\u0101, t\u0101d\u0113j\u0101di aizsarg\u0101jot gan tehniku, gan operatorus.<\/p>\n<h3>Apkopes pieejam\u012bba<\/h3>\n<p>V\u0113l viens svar\u012bgs projekt\u0113\u0161anas apsv\u0113rums ir viegla apkope. Str\u0113les cilindriem j\u0101b\u016bt konstru\u0113tiem t\u0101, lai b\u016btu viegli piek\u013c\u016bt kritiski svar\u012bg\u0101m sast\u0101vda\u013c\u0101m p\u0101rbaudei un apkopei. Labi pl\u0101nota apkopes strat\u0113\u0123ija var pagarin\u0101t cilindra kalpo\u0161anas laiku un uzlabot kop\u0113jo iek\u0101rtu uzticam\u012bbu.<\/p>\n<p><img decoding=\"async\" src=\"https:\/\/www.hydraulic-cylinders.net\/wp-content\/uploads\/2025\/04\/songte-oil-pipes-and-spare-parts.webp\" alt=\"Hidraulisk\u0101s deta\u013cas un piederumi\"><\/p>\n<h2>Bl\u012bv\u0113\u0161ana un e\u013c\u013co\u0161ana<\/h2>\n<p>Str\u0113les cilindra efektivit\u0101ti b\u016btiski ietekm\u0113 t\u0101 bl\u012bv\u0113\u0161anas un e\u013c\u013co\u0161anas sist\u0113mas. Lai nodro\u0161in\u0101tu hidraulisk\u0101 \u0161\u0137idruma ietv\u0113ruma integrit\u0101ti, tiek izmantoti da\u017e\u0101di bl\u012bv\u0113jumi, piem\u0113ram, virzu\u013ca bl\u012bvsl\u0113gi \u200b\u200bun stie\u0146a bl\u012bvsl\u0113gi. Materi\u0101li, piem\u0113ram, poliuret\u0101ns un nitrila gumija, parasti tiek izmantoti to nodilumiztur\u012bgo \u012bpa\u0161\u012bbu d\u0113\u013c. Cilindra un v\u012bt\u0146oto galu virsmas ir r\u016bp\u012bgi apstr\u0101d\u0101tas, lai uzlabotu iztur\u012bbu pret nodilumu. Regul\u0101ra e\u013c\u013co\u0161ana ar hidraulisko e\u013c\u013cu ir b\u016btiska, lai uztur\u0113tu optim\u0101lu veiktsp\u0113ju un samazin\u0101tu berzi starp kust\u012bgaj\u0101m deta\u013c\u0101m.<\/p>\n<h2>Prevent\u012bvie apkopes pas\u0101kumi<\/h2>\n<ul>\n<li><strong>Regul\u0101ras p\u0101rbaudes:<\/strong> Veiciet regul\u0101ras p\u0101rbaudes, lai identific\u0113tu jebk\u0101das nodiluma vai boj\u0101jumu paz\u012bmes, kas var nov\u0113rst nopietn\u0101kas probl\u0113mas n\u0101kotn\u0113.<\/li>\n<li><strong>Pareiza e\u013c\u013co\u0161ana:<\/strong> Nodro\u0161iniet, lai hidraulisk\u0101s e\u013c\u013cas l\u012bmenis b\u016btu nemain\u012bgs, un iee\u013c\u013cojiet kust\u012bg\u0101s da\u013cas p\u0113c nepiecie\u0161am\u012bbas, lai samazin\u0101tu berzi un pagarin\u0101tu kalpo\u0161anas laiku.<\/li>\n<li><strong>Bl\u012bv\u0113juma nomai\u0146a:<\/strong> Regul\u0101ri p\u0101rbaudiet bl\u012bv\u0113jumu nodilumu un nomainiet tos p\u0113c nepiecie\u0161am\u012bbas, lai nov\u0113rstu nopl\u016bdes un uztur\u0113tu hidraulisko spiedienu.<\/li>\n<\/ul>\n<h2>Uzst\u0101d\u012b\u0161anas vadl\u012bnijas<\/h2>\n<p>Pareiza str\u0113les cilindra uzst\u0101d\u012b\u0161ana ir \u013coti svar\u012bga t\u0101 veiktsp\u0113jai. Vispirms p\u0101rliecinieties, vai mont\u0101\u017eas virsmas ir t\u012bras un bez gru\u017eiem. R\u016bp\u012bgi izl\u012bdziniet cilindru, lai izvair\u012btos no nepareizas izl\u012bdzin\u0101\u0161anas, kas var\u0113tu izrais\u012bt priek\u0161laic\u012bgu nodilumu vai boj\u0101jumus. Izmantojiet atbilsto\u0161us mont\u0101\u017eas kron\u0161teinus, lai nostiprin\u0101tu cilindru, p\u0101rliecinoties, ka tas ir cie\u0161i piestiprin\u0101ts. P\u0113c uzst\u0101d\u012b\u0161anas p\u0101rbaudiet, vai nav hidraulisko nopl\u016b\u017eu, un p\u0101rliecinieties, vai hidraulisk\u0101s l\u012bnijas ir pareizi pievienotas. \u0160o darb\u012bbu veik\u0161ana pal\u012bdz\u0113s sasniegt optim\u0101lu str\u0113les cilindra veiktsp\u0113ju.<\/p>\n<h2>Bie\u017ei sastopamie apkopes uzdevumi<\/h2>\n<ul>\n<li><strong>Regul\u0101ras p\u0101rbaudes:<\/strong> Regul\u0101ras p\u0101rbaudes var pal\u012bdz\u0113t identific\u0113t potenci\u0101l\u0101s probl\u0113mas, pirms t\u0101s k\u013c\u016bst par nopietn\u0101m probl\u0113m\u0101m. P\u0101rbaudiet cilindru, vai nav redzamas bl\u012bv\u0113jumu nopl\u016bdes vai fiziski boj\u0101jumi.<\/li>\n<li><strong>Piem\u0113rota e\u013c\u013co\u0161ana:<\/strong> P\u0101rliecinieties, vai str\u0113les cilindrs ir pien\u0101c\u012bgi iee\u013c\u013cots ar pareiz\u0101 veida hidraulisko e\u013c\u013cu, lai samazin\u0101tu iek\u0161\u0113jo deta\u013cu nodilumu.<\/li>\n<li><strong>Bl\u012bv\u0113juma nomai\u0146a:<\/strong> Regul\u0101ri nomainiet bl\u012bves k\u0101 da\u013cu no prevent\u012bv\u0101s apkopes grafika, lai uztur\u0113tu hidraulisko spiedienu un efektivit\u0101ti.<\/li>\n<\/ul>\n<h2>Dro\u0161\u012bbas apsv\u0113rumi un vides faktori<\/h2>\n<p>Izmantojot str\u0113les cilindrus, ir svar\u012bgi iev\u0113rot dro\u0161\u012bbas pas\u0101kumus, lai nov\u0113rstu negad\u012bjumus un traumas. Operatori ir j\u0101apm\u0101ca par pareizu apie\u0161anos un ekspluat\u0101ciju, lai nodro\u0161in\u0101tu dro\u0161\u012bbu cel\u0161anas un p\u0101rvieto\u0161anas uzdevumu laik\u0101. Turkl\u0101t j\u0101\u0146em v\u0113r\u0101 hidraulisko \u0161\u0137idrumu ietekme uz vidi, ievie\u0161ot atbilsto\u0161as \u200b\u200butiliz\u0101cijas metodes, lai samazin\u0101tu ekolo\u0123isko kait\u0113jumu.<\/p>\n<h2>Probl\u0113mu nov\u0113r\u0161ana un bie\u017ei sastopamas probl\u0113mas<\/h2>\n<ul>\n<li><strong>Hidraulisk\u0101s nopl\u016bdes:<\/strong> Ja paman\u0101t hidraulisk\u0101 \u0161\u0137idruma l\u012bme\u0146a pazemin\u0101\u0161anos, p\u0101rbaudiet bl\u012bves un savienojumus, vai nav nopl\u016b\u017eu, un nekav\u0113joties nomainiet visas boj\u0101t\u0101s deta\u013cas.<\/li>\n<li><strong>L\u0113na darb\u012bba:<\/strong> L\u0113na str\u0113les cilindra reakcija var liecin\u0101t par zemu hidraulisk\u0101 \u0161\u0137idruma l\u012bmeni vai gaisu sist\u0113m\u0101. P\u0101rbaudiet un uzpildiet hidraulisko \u0161\u0137idrumu, ja nepiecie\u0161ams.<\/li>\n<li><strong>Neparastas ska\u0146as:<\/strong> Ja darb\u012bbas laik\u0101 dzirdat sl\u012bp\u0113\u0161anu vai citas neparastas ska\u0146as, p\u0101rtrauciet iek\u0101rtas lieto\u0161anu un p\u0101rbaudiet, vai nav iek\u0161\u0113ju boj\u0101jumu vai nepareizas izl\u012bdzin\u0101\u0161anas.<\/li>\n<\/ul>\n<h2>Probl\u0113mu nov\u0113r\u0161anas padomi<\/h2>\n<p>Lai efekt\u012bvi diagnostic\u0113tu un nov\u0113rstu probl\u0113mas ar str\u0113les cilindru, vispirms p\u0101rbaudiet hidraulisk\u0101 \u0161\u0137idruma l\u012bme\u0146us un p\u0101rbaudiet, vai nav nopl\u016b\u017eu. Regul\u0101ra profilaktisk\u0101 apkope var pal\u012bdz\u0113t samazin\u0101t potenci\u0101l\u0101s probl\u0113mas, nov\u0113r\u0161ot nodilumu, pirms tas saasin\u0101s. Pareizu uzglab\u0101\u0161anas un apstr\u0101des proced\u016bru ievie\u0161ana ar\u012b nodro\u0161in\u0101s, ka cilindrs saglab\u0101jas optim\u0101l\u0101 st\u0101vokl\u012b.<\/p>\n<p><img decoding=\"async\" src=\"https:\/\/www.hydraulic-cylinders.net\/wp-content\/uploads\/2025\/04\/songte-bushings-with-all-kinds-of-excavator-models.webp\" alt=\"Ekskavatoru mode\u013cu bukses\"><\/p>\n<h2>Uz\u0146\u0113muma p\u0101rskats<\/h2>\n<p>M\u0113s esam vado\u0161ais rezerves hidraulisko cilindru ra\u017eot\u0101js, kas apkalpo gan viet\u0113jo, gan starptautisko tirgu. M\u016bsu pla\u0161ais produktu kl\u0101sts m\u016bs novieto k\u0101 vienu no galvenajiem konkurentiem hidraulisko cilindru ra\u017eo\u0161anas un vairumtirdzniec\u012bbas nozar\u0113. M\u0113s iev\u0113rojam stingrus kvalit\u0101tes standartus, izmantojot sare\u017e\u0123\u012btas ra\u017eo\u0161anas vad\u012bbas strat\u0113\u0123ijas. M\u016bsu kvalific\u0113tais darbasp\u0113ks, modernas digit\u0101l\u0101s ra\u017eo\u0161anas iek\u0101rtas un profesion\u0101l\u0101s p\u0101rbaudes sist\u0113mas nep\u0101rtraukti uzlabo m\u016bsu ra\u017eo\u0161anas iesp\u0113jas, nodro\u0161inot augstu efektivit\u0101ti, precizit\u0101ti un kvalit\u0101ti, lai apmierin\u0101tu da\u017e\u0101das klientu vajadz\u012bbas.<\/p>\n<p><img decoding=\"async\" src=\"https:\/\/www.hydraulic-cylinders.net\/wp-content\/uploads\/2025\/04\/songte-company-4.webp\" alt=\"Uz\u0146\u0113muma p\u0101rskats\"><br \/>\n<img decoding=\"async\" src=\"https:\/\/www.hydraulic-cylinders.net\/wp-content\/uploads\/2025\/04\/songte-company-3.webp\" alt=\"Ra\u017eo\u0161anas iek\u0101rtas\"><\/p>\n<p>M\u0113s lepojamies ar savu profesionalit\u0101ti, starptautiskajiem sertifik\u0101tiem, piel\u0101gotu pakalpojumu iesp\u0113j\u0101m, modern\u0101ko ra\u017eo\u0161anas apr\u012bkojumu un visaptvero\u0161o p\u0113cp\u0101rdo\u0161anas atbalstu.<\/p>\n<p>Autors: lil<\/p>","protected":false},"excerpt":{"rendered":"<p>Boom Cylinder For Zoomlion Large Excavator ZE700ESP Introduction to the Boom Cylinder The boom cylinder is a vital component in heavy machinery, particularly in excavators like the Zoomlion Large Excavator ZE700ESP. This hydraulic cylinder plays an essential role in controlling the movement of the boom arm, allowing it to lift, lower, and tilt as needed [&hellip;]<\/p>","protected":false},"featured_media":17870,"comment_status":"open","ping_status":"closed","template":"","meta":{"_et_pb_use_builder":"","_et_pb_old_content":"","_et_gb_content_width":""},"product_brand":[],"product_cat":[1546],"product_tag":[1547,1496],"class_list":{"0":"post-19229","1":"product","2":"type-product","3":"status-publish","4":"has-post-thumbnail","6":"product_cat-boom-cylinders","7":"product_tag-boom-cylinders","8":"product_tag-hydraulic-cylinders","10":"first","11":"instock","12":"shipping-taxable","13":"product-type-simple"},"amp_enabled":true,"_links":{"self":[{"href":"https:\/\/www.hydraulic-cylinders.net\/lv\/wp-json\/wp\/v2\/product\/19229","targetHints":{"allow":["GET"]}}],"collection":[{"href":"https:\/\/www.hydraulic-cylinders.net\/lv\/wp-json\/wp\/v2\/product"}],"about":[{"href":"https:\/\/www.hydraulic-cylinders.net\/lv\/wp-json\/wp\/v2\/types\/product"}],"replies":[{"embeddable":true,"href":"https:\/\/www.hydraulic-cylinders.net\/lv\/wp-json\/wp\/v2\/comments?post=19229"}],"wp:featuredmedia":[{"embeddable":true,"href":"https:\/\/www.hydraulic-cylinders.net\/lv\/wp-json\/wp\/v2\/media\/17870"}],"wp:attachment":[{"href":"https:\/\/www.hydraulic-cylinders.net\/lv\/wp-json\/wp\/v2\/media?parent=19229"}],"wp:term":[{"taxonomy":"product_brand","embeddable":true,"href":"https:\/\/www.hydraulic-cylinders.net\/lv\/wp-json\/wp\/v2\/product_brand?post=19229"},{"taxonomy":"product_cat","embeddable":true,"href":"https:\/\/www.hydraulic-cylinders.net\/lv\/wp-json\/wp\/v2\/product_cat?post=19229"},{"taxonomy":"product_tag","embeddable":true,"href":"https:\/\/www.hydraulic-cylinders.net\/lv\/wp-json\/wp\/v2\/product_tag?post=19229"}],"curies":[{"name":"wp","href":"https:\/\/api.w.org\/{rel}","templated":true}]}}