{"id":1924,"date":"2023-10-20T06:11:20","date_gmt":"2023-10-20T06:11:20","guid":{"rendered":"https:\/\/hydraulic-cylinders.net\/?post_type=product&#038;p=1924"},"modified":"2023-10-20T06:22:44","modified_gmt":"2023-10-20T06:22:44","slug":"hp3g-series-axial-piston-variable-displacement-hydraulic-pump","status":"publish","type":"product","link":"https:\/\/www.hydraulic-cylinders.net\/lv\/products\/hp3g-series-axial-piston-variable-displacement-hydraulic-pump\/","title":{"rendered":"HP3G s\u0113rijas aksi\u0101lais virzu\u013cveida main\u012bga darba tilpuma hidrauliskais s\u016bknis"},"content":{"rendered":"<h1 style=\"text-align: center;\"><strong>HP3G s\u0113rijas aksi\u0101lais virzu\u013cveida main\u012bga darba tilpuma hidrauliskais s\u016bknis<\/strong><\/h1>\n<p><img loading=\"lazy\" decoding=\"async\" class=\"aligncenter wp-image-1947\" src=\"https:\/\/hydraulic-cylinders.net\/wp-content\/uploads\/2023\/10\/hp3g-series-axial-piston-variable-displacement-pump-1-300x300.webp\" alt=\"\" width=\"400\" height=\"400\" \/><\/p>\n<p>HP3G s\u0113rijas aksi\u0101l\u0101 virzu\u013ca main\u012bg\u0101 darba tilpuma hidrauliskais s\u016bknis ir modern\u0101kais hidrauliskais risin\u0101jums, kas apvieno jaudu, efektivit\u0101ti un daudzpus\u012bbu. \u0160is s\u016bknis ir izstr\u0101d\u0101ts, lai apmierin\u0101tu m\u016bsdienu r\u016bpniecisko pielietojumu pras\u012bbas, un nodro\u0161ina izcilu veiktsp\u0113ju pla\u0161\u0101 hidraulisko sist\u0113mu kl\u0101st\u0101. \u0160aj\u0101 informat\u012bvaj\u0101 rakst\u0101 tiks izp\u0113t\u012btas HP3G s\u0113rijas aksi\u0101l\u0101 virzu\u013ca main\u012bg\u0101 darba tilpuma hidraulisk\u0101 s\u016bk\u0146a galven\u0101s funkcijas, lieto\u0161anas metodes un apkopes vadl\u012bnijas.<\/p>\n<p>HP3G s\u0113rijas aksi\u0101l\u0101 virzu\u013ca main\u012bg\u0101 darba tilpuma hidrauliskais s\u016bknis ir jaud\u012bgs un efekt\u012bvs risin\u0101jums hidrauliskaj\u0101m sist\u0113m\u0101m. Pateicoties t\u0101 main\u012bg\u0101 darba tilpuma tehnolo\u0123ijai, augstspiediena iesp\u0113j\u0101m un kompaktajam dizainam, \u0161is s\u016bknis nodro\u0161ina izcilu veiktsp\u0113ju da\u017e\u0101dos pielietojumos. Iev\u0113rojot ieteicam\u0101s lieto\u0161anas metodes un regul\u0101ri veicot apkopi, HP3G s\u0113rijas hidrauliskais s\u016bknis turpin\u0101s nodro\u0161in\u0101t izcilu veiktsp\u0113ju, veicinot hidraulisko sist\u0113mu pan\u0101kumus. Izmantojiet HP3G s\u0113rijas aksi\u0101l\u0101 virzu\u013ca main\u012bg\u0101 darba tilpuma hidraulisk\u0101 s\u016bk\u0146a jaudu un efektivit\u0101ti, lai piln\u012bb\u0101 atrais\u012btu savas hidraulisk\u0101s sist\u0113mas potenci\u0101lu.<\/p>\n<p>HP3G s\u0113rijas aksi\u0101l\u0101 virzu\u013ca main\u012bga darba tilpuma hidraulisk\u0101 s\u016bk\u0146a galven\u0101s \u012bpa\u0161\u012bbas:<\/p>\n<ol>\n<li>Variable Displacement Technology: The HP3G series hydraulic pump is equipped with advanced variable displacement technology, allowing for precise adjustment of the hydraulic pump&#8217;s output volume. This feature optimizes energy consumption, enhances system efficiency, and reduces operational costs.<\/li>\n<li>Augstspiediena sp\u0113ja: HP3G s\u0113rijas hidrauliskais s\u016bknis izce\u013cas augstspiediena pielietojumos, pateicoties t\u0101 iztur\u012bgajam aksi\u0101l\u0101 virzu\u013ca dizainam. Tas nodro\u0161ina past\u0101v\u012bgu veiktsp\u0113ju sare\u017e\u0123\u012btos apst\u0101k\u013cos, garant\u0113jot uzticamu darb\u012bbu un efekt\u012bvu jaudas p\u0101rvadi.<\/li>\n<li>Kompakts un viegls dizains: HP3G s\u0113rijas hidraulisk\u0101 s\u016bk\u0146a kompaktais un vieglais dizains atvieglo t\u0101 integr\u0113\u0161anu da\u017e\u0101d\u0101s hidrauliskaj\u0101s sist\u0113m\u0101s. T\u0101 vietu taupo\u0161\u0101s \u012bpa\u0161\u012bbas nodro\u0161ina uzst\u0101d\u012b\u0161anas elast\u012bbu, \u012bpa\u0161i lietojumos ar ierobe\u017eotu vietu.<\/li>\n<li>Pla\u0161s pielietojumu kl\u0101sts: HP3G s\u0113rijas hidrauliskais s\u016bknis ir \u013coti daudzpus\u012bgs, padarot to piem\u0113rotu da\u017e\u0101d\u0101m nozar\u0113m, tostarp celtniec\u012bbai, lauksaimniec\u012bbai, materi\u0101lu apstr\u0101dei un cit\u0101m. T\u0101 piel\u0101go\u0161an\u0101s sp\u0113ja da\u017e\u0101diem darba apst\u0101k\u013ciem un pras\u012bb\u0101m padara to par nenov\u0113rt\u0113jamu resursu hidrauliskaj\u0101s sist\u0113m\u0101s vis\u0101 pasaul\u0113.<\/li>\n<\/ol>\n<h2><strong>HP3G s\u0113rijas aksi\u0101l\u0101 virzu\u013ca main\u012bg\u0101 darba tilpuma hidraulisk\u0101 s\u016bk\u0146a parametrs:<\/strong><\/h2>\n<table class=\"table table-bordered table-hover table-colored\" data-sort=\"sortDisabled\">\n<tbody>\n<tr class=\"firstRow\">\n<td colspan=\"1\" rowspan=\"2\" align=\"center\" valign=\"middle\">Izm\u0113rs<\/td>\n<td rowspan=\"2\" align=\"center\" valign=\"middle\">Darba tilpums cm\u00b3\/apgr.<\/td>\n<td colspan=\"2\" rowspan=\"1\" align=\"center\" valign=\"middle\">Spiediena stienis<\/td>\n<td colspan=\"2\" rowspan=\"1\" align=\"center\" valign=\"middle\">Rot\u0101cijas \u0101trums apgr.\/min<\/td>\n<\/tr>\n<tr>\n<td align=\"center\" valign=\"middle\">Nov\u0113rt\u0113ts<\/td>\n<td align=\"center\" valign=\"middle\">P\u012b\u0137is<\/td>\n<td align=\"center\" valign=\"middle\">Nov\u0113rt\u0113ts<\/td>\n<td align=\"center\" valign=\"middle\">Makss<sup>*2<\/sup><\/td>\n<\/tr>\n<tr>\n<td align=\"center\" valign=\"middle\">HP3G28<\/td>\n<td align=\"center\" valign=\"middle\">28<\/td>\n<td align=\"center\" valign=\"middle\">345<\/td>\n<td align=\"center\" valign=\"middle\">380<\/td>\n<td align=\"center\" valign=\"middle\">3400<\/td>\n<td align=\"center\" valign=\"middle\">4000<\/td>\n<\/tr>\n<tr>\n<td align=\"center\" valign=\"middle\">HP3G32<\/td>\n<td align=\"center\" valign=\"middle\">32<\/td>\n<td align=\"center\" valign=\"middle\">345<\/td>\n<td align=\"center\" valign=\"middle\">380<\/td>\n<td align=\"center\" valign=\"middle\">3400<\/td>\n<td align=\"center\" valign=\"middle\">4000<\/td>\n<\/tr>\n<tr>\n<td align=\"center\" valign=\"middle\">HP3G46<\/td>\n<td align=\"center\" valign=\"middle\">46<\/td>\n<td align=\"center\" valign=\"middle\">345<\/td>\n<td align=\"center\" valign=\"middle\">385<\/td>\n<td align=\"center\" valign=\"middle\">3000<\/td>\n<td align=\"center\" valign=\"middle\">4100<\/td>\n<\/tr>\n<\/tbody>\n<\/table>\n<h2><strong>HP3G s\u0113rijas aksi\u0101l\u0101 virzu\u013ca main\u012bg\u0101 darba tilpuma hidraulisk\u0101 s\u016bk\u0146a priek\u0161roc\u012bbas:<\/strong><\/h2>\n<p>\u2022 Pielietojams augstspiediena sl\u0113gtas \u0137\u0113des hidrauliskaj\u0101s sist\u0113m\u0101s<br \/>\n\u2022 Pl\u016bsmas \u0101trums ir proporcion\u0101ls piedzi\u0146as \u0101trumam un p\u0101rvietojumam, un to var bezgal\u012bgi main\u012bt<br \/>\n\u2022 Augstspiediena p\u0101rspiediena v\u0101rsts s\u016bk\u0146a augstspiediena pus\u0113<br \/>\n\u2022 Integr\u0113ts e\u013c\u013cas padeves s\u016bknis, kas nodro\u0161ina dzes\u0113\u0161anu un papildina sist\u0113mu ar e\u013c\u013cu<br \/>\n\u2022 Augsta uzticam\u012bba, ilgs kalpo\u0161anas laiks, augsta jaudas un svara attiec\u012bba<\/p>\n<h2><strong>HP3G s\u0113rijas aksi\u0101lais virzu\u013cveida main\u012bga darba tilpuma hidrauliskais s\u016bknis <\/strong><strong>Pielietojums:<\/strong><\/h2>\n<p><img loading=\"lazy\" decoding=\"async\" class=\"alignnone wp-image-1950 size-full\" src=\"https:\/\/hydraulic-cylinders.net\/wp-content\/uploads\/2023\/10\/hp3g-series-axial-piston-variable-displacement-pump-2.webp\" alt=\"\" width=\"1140\" height=\"217\" srcset=\"https:\/\/hydraulic-cylinders.net\/wp-content\/uploads\/2023\/10\/hp3g-series-axial-piston-variable-displacement-pump-2.webp 1140w, https:\/\/hydraulic-cylinders.net\/wp-content\/uploads\/2023\/10\/hp3g-series-axial-piston-variable-displacement-pump-2-980x187.webp 980w, https:\/\/hydraulic-cylinders.net\/wp-content\/uploads\/2023\/10\/hp3g-series-axial-piston-variable-displacement-pump-2-480x91.webp 480w\" sizes=\"(min-width: 0px) and (max-width: 480px) 480px, (min-width: 481px) and (max-width: 980px) 980px, (min-width: 981px) 1140px, 100vw\" \/><\/p>\n<h2><strong>HP3G s\u0113rijas aksi\u0101l\u0101 virzu\u013ca main\u012bg\u0101 darba tilpuma hidraulisk\u0101 s\u016bk\u0146a lieto\u0161anas metode<\/strong><strong>:<\/strong><\/h2>\n<ul>\n<li><strong>S\u016bk\u0146a uzst\u0101d\u012b\u0161ana:<\/strong> Select an appropriate location in the hydraulic system to install the HP3G series axial piston variable displacement hydraulic pump. Ensure proper alignment and securely attach the pump to the system&#8217;s structure using suitable mounting brackets or accessories.<\/li>\n<li><strong>\u0160\u0137idrumu sader\u012bba:<\/strong> Verify that the hydraulic fluid used in the system is compatible with the HP3G series hydraulic pump. Refer to the manufacturer&#8217;s recommendations for the appropriate fluid type, viscosity, and temperature range. Regularly monitor and maintain the hydraulic fluid to ensure proper hydraulic pump operation and longevity.<\/li>\n<li><strong>Integr\u0101cija ar hidraulisko sist\u0113mu:<\/strong> Pievienojiet hidraulisko s\u016bkni hidrauliskajai sist\u0113mai, izmantojot sader\u012bgas \u0161\u013c\u016btenes, savienojumus un v\u0101rstus. P\u0101rliecinieties, vai visi savienojumi ir dro\u0161i, bez nopl\u016bd\u0113m un pien\u0101c\u012bgi pievilkti, lai nodro\u0161in\u0101tu optim\u0101lu hidraulisko veiktsp\u0113ju.<\/li>\n<li><strong>Darb\u012bbas parametri:<\/strong> Familiarize yourself with the hydraulic pump&#8217;s control options and adjust the operating parameters according to the specific requirements of the hydraulic system. Monitor and change the pump&#8217;s displacement settings to optimize performance and energy efficiency.<\/li>\n<\/ul>\n<h2><strong>K\u0101 p\u0101rbaud\u012bt, vai hidrauliskaj\u0101 cilindr\u0101 ir iek\u0161\u0113ja nopl\u016bde?<\/strong><\/h2>\n<p>Checking for internal leaks in a hydraulic cylinder is an important maintenance task to ensure proper functioning and prevent potential issues. Here&#8217;s a step-by-step guide on how to check if a hydraulic cylinder is leaking internally:<\/p>\n<ol>\n<li><strong>Dro\u0161\u012bba pirmaj\u0101 viet\u0101:<\/strong> Pirms jebk\u0101du apkopes darbu veik\u0161anas p\u0101rliecinieties, vai hidrauliskaj\u0101 sist\u0113m\u0101 nav spiediena un vai visi baro\u0161anas avoti ir atvienoti, lai izvair\u012btos no negad\u012bjumiem.<\/li>\n<li><strong>Vizu\u0101la p\u0101rbaude:<\/strong> S\u0101ciet ar hidraulisk\u0101 cilindra \u0101r\u0113j\u0101s virsmas vizu\u0101lu p\u0101rbaudi, vai nav e\u013c\u013cas nopl\u016b\u017eu paz\u012bmju. Mekl\u0113jiet e\u013c\u013cas traipus, pilienus vai mitrus plankumus ap cilindra korpusu, stieni un bl\u012bv\u0113m. \u0100r\u0113jas nopl\u016bdes var liecin\u0101t ar\u012b par iek\u0161\u0113j\u0101m nopl\u016bd\u0113m.<\/li>\n<li><strong>Cilindra ievilk\u0161ana:<\/strong> Piln\u012bb\u0101 izstiepiet hidraulisko cilindru un p\u0113c tam piln\u012bb\u0101 ievelciet to. Nov\u0113rojiet, vai izstiep\u0161anas vai ievilk\u0161anas laik\u0101 ir k\u0101das man\u0101mas \u0101truma vai pretest\u012bbas izmai\u0146as. Neparasti l\u0113na vai saraust\u012bta kust\u012bba var liecin\u0101t par iek\u0161\u0113ju nopl\u016bdi.<\/li>\n<li><strong>Notur\u0113t poz\u012bciju:<\/strong> Izstiepiet balonu noteikt\u0101 poz\u012bcij\u0101 un k\u0101du laiku, piem\u0113ram, vair\u0101kas min\u016btes l\u012bdz stundai, turiet to \u0161aj\u0101 poz\u012bcij\u0101. Uzraugiet, vai balons notur savu poz\u012bciju, nekustoties. Sl\u012bp\u0113\u0161ana vai pak\u0101peniska kust\u012bba nor\u0101da uz iek\u0161\u0113ju nopl\u016bdi.<\/li>\n<li><strong>Cilindra dreifa tests:<\/strong> Perform a cylinder drift test by fully extending the cylinder and closing the control valve to isolate the cylinder from the hydraulic system. Monitor the cylinder&#8217;s position over an extended period, such as several hours, to check for movement. If the cylinder drifts or moves slowly, it suggests internal leakage.<\/li>\n<li><strong>Spiediena krituma tests:<\/strong> Pievienojiet hidrauliskajai sist\u0113mai spiediena m\u0113r\u012bt\u0101ju un piepildiet to ar maksim\u0101lo darba spiedienu. Aizveriet vad\u012bbas v\u0101rstu, lai izol\u0113tu cilindru. Laika gait\u0101 kontrol\u0113jiet spiediena m\u0113r\u012bt\u0101ju, vai nav iev\u0113rojama spiediena krituma. Strauja spiediena krituma gad\u012bjum\u0101 rodas iek\u0161\u0113ja nopl\u016bde.<\/li>\n<li><strong>Demont\u0101\u017ea un p\u0101rbaude:<\/strong> If you suspect an internal leak but haven&#8217;t identified it through previous tests, you may need to disassemble the hydraulic cylinder for a more thorough inspection. Consult the manufacturer&#8217;s guidelines or seek assistance from a qualified technician to ensure proper disassembly and reassembly.<\/li>\n<li><strong>Bl\u012bv\u0113juma p\u0101rbaude:<\/strong> Inspect the cylinder&#8217;s seals, including the piston seal, rod seal, and gland seals, for any signs of damage, wear, or deterioration. Damaged or worn seals can cause internal leaks. Replace any faulty seals with suitable replacements.<\/li>\n<li><strong>Salik\u0161ana un test\u0113\u0161ana:<\/strong> P\u0113c nepiecie\u0161amo p\u0101rbau\u017eu vai remontu pabeig\u0161anas salieciet hidraulisko cilindru atpaka\u013c un veiciet p\u0113d\u0113jo darb\u012bbas p\u0101rbaudi. Veiciet iepriek\u0161 min\u0113t\u0101s p\u0101rbaudes, lai p\u0101rliecin\u0101tos, ka iek\u0161\u0113j\u0101s nopl\u016bdes ir nov\u0113rstas un cilindrs darbojas pareizi.<\/li>\n<\/ol>\n<h2><strong>R\u016bpn\u012bcas iesp\u0113jas un jauda:<\/strong><\/h2>\n<h3>(1) Mont\u0101\u017ea<\/h3>\n<p>Mums ir pirmklas\u012bga neatkar\u012bga p\u0113tniec\u012bbas un att\u012bst\u012bbas mont\u0101\u017eas platforma. Hidraulisko cilindru ra\u017eo\u0161anas darbn\u012bc\u0101 ir \u010detras pusautom\u0101tiskas pacel\u0161anas cilindru mont\u0101\u017eas l\u012bnijas un viena autom\u0101tisk\u0101 sl\u012bpuma cilindru mont\u0101\u017eas l\u012bnija ar projekt\u0113to gada ra\u017eo\u0161anas jaudu 1 miljons vien\u012bbu. Speci\u0101lo cilindru darbn\u012bca ir apr\u012bkota ar da\u017e\u0101du specifik\u0101ciju pusautom\u0101tisku t\u012br\u012b\u0161anas mont\u0101\u017eas sist\u0113mu ar projekt\u0113to gada ra\u017eo\u0161anas jaudu 200 000 vien\u012bbu un apr\u012bkota ar slaven\u0101m CNC apstr\u0101des iek\u0101rt\u0101m, apstr\u0101des centru, augstas precizit\u0101tes cilindru apstr\u0101des speci\u0101lo apr\u012bkojumu, robotiz\u0113tu metin\u0101\u0161anas iek\u0101rtu, autom\u0101tisku t\u012br\u012b\u0161anas iek\u0101rtu, autom\u0101tisku cilindru mont\u0101\u017eas iek\u0101rtu un autom\u0101tisku kr\u0101so\u0161anas ra\u017eo\u0161anas l\u012bniju. Eso\u0161ais kritiskais apr\u012bkojums ir vair\u0101k nek\u0101 300 komplektu (komplektu). Optim\u0101la iek\u0101rtu resursu sadale un efekt\u012bva izmanto\u0161ana nodro\u0161ina produktu precizit\u0101tes pras\u012bbas un apmierina produktu augst\u0101s kvalit\u0101tes pras\u012bbas.<\/p>\n<p><img loading=\"lazy\" decoding=\"async\" class=\"alignnone wp-image-626\" src=\"https:\/\/hydraulic-cylinders.net\/wp-content\/uploads\/2023\/08\/hydraulic-cylinder-product-1-300x158.webp\" alt=\"\" width=\"495\" height=\"260\" srcset=\"https:\/\/hydraulic-cylinders.net\/wp-content\/uploads\/2023\/08\/hydraulic-cylinder-product-1-300x158.webp 495w, https:\/\/hydraulic-cylinders.net\/wp-content\/uploads\/2023\/08\/hydraulic-cylinder-product-1-480x252.webp 480w\" sizes=\"(min-width: 0px) and (max-width: 480px) 480px, (min-width: 481px) 495px, 100vw\" \/> <img loading=\"lazy\" decoding=\"async\" class=\"alignnone wp-image-627\" src=\"https:\/\/hydraulic-cylinders.net\/wp-content\/uploads\/2023\/08\/hydraulic-cylinder-product-2-300x189.webp\" alt=\"\" width=\"413\" height=\"260\" \/><\/p>\n<h3>(2) Apstr\u0101de<\/h3>\n<p>Apstr\u0101des cehs ir apr\u012bkots ar piel\u0101gotu sl\u012bpo slie\u017eu virpo\u0161anas centru, apstr\u0101des centru, \u0101trgaitas asin\u0101\u0161anas ma\u0161\u012bnu, metin\u0101\u0161anas robotu un citu saist\u012btu apr\u012bkojumu, kas var apstr\u0101d\u0101t cilindriskas caurules ar maksim\u0101lo iek\u0161\u0113jo diametru 400 mm un maksim\u0101lo garumu 6 metri.<\/p>\n<p><img loading=\"lazy\" decoding=\"async\" class=\"alignnone wp-image-628 size-large\" src=\"https:\/\/hydraulic-cylinders.net\/wp-content\/uploads\/2023\/08\/hydraulic-cylinder-product-3-1024x391.webp\" alt=\"\" width=\"1024\" height=\"391\" srcset=\"https:\/\/hydraulic-cylinders.net\/wp-content\/uploads\/2023\/08\/hydraulic-cylinder-product-3-980x374.webp 980w, https:\/\/hydraulic-cylinders.net\/wp-content\/uploads\/2023\/08\/hydraulic-cylinder-product-3-480x183.webp 480w\" sizes=\"(min-width: 0px) and (max-width: 480px) 480px, (min-width: 481px) and (max-width: 980px) 980px, (min-width: 981px) 1024px, 100vw\" \/><\/p>\n<h3>(3) Metin\u0101\u0161ana<\/h3>\n<p><img loading=\"lazy\" decoding=\"async\" class=\"alignnone wp-image-629 size-large\" src=\"https:\/\/hydraulic-cylinders.net\/wp-content\/uploads\/2023\/08\/hydraulic-cylinder-product-4-1024x510.webp\" alt=\"\" width=\"1024\" height=\"510\" srcset=\"https:\/\/hydraulic-cylinders.net\/wp-content\/uploads\/2023\/08\/hydraulic-cylinder-product-4-980x488.webp 980w, https:\/\/hydraulic-cylinders.net\/wp-content\/uploads\/2023\/08\/hydraulic-cylinder-product-4-480x239.webp 480w\" sizes=\"(min-width: 0px) and (max-width: 480px) 480px, (min-width: 481px) and (max-width: 980px) 980px, (min-width: 981px) 1024px, 100vw\" \/><\/p>\n<h3>(4) Kr\u0101so\u0161ana un p\u0101rkl\u0101\u0161ana<\/h3>\n<p>Ar maz\u0101m un vid\u0113ja izm\u0113ra cilindrisk\u0101m autom\u0101tisk\u0101m \u016bdens b\u0101zes kr\u0101su p\u0101rkl\u0101\u0161anas l\u012bnij\u0101m, lai pan\u0101ktu autom\u0101tisku robotu iekrau\u0161anu un izkrau\u0161anu un autom\u0101tisku izsmidzin\u0101\u0161anu, projekt\u0113t\u0101 jauda ir 4000 gabali mai\u0146\u0101;<br \/>\nMums ir ar\u012b pusautom\u0101tiska kr\u0101su ra\u017eo\u0161anas l\u012bnija lieliem baloniem, ko darbina \u0137\u0113des piedzi\u0146a, ar 60 kastu konstrukcijas jaudu vien\u0101 mai\u0146\u0101.<\/p>\n<p><img loading=\"lazy\" decoding=\"async\" class=\"alignnone wp-image-630\" src=\"https:\/\/hydraulic-cylinders.net\/wp-content\/uploads\/2023\/08\/hydraulic-cylinder-product-5-300x213.webp\" alt=\"\" width=\"366\" height=\"260\" \/> <img loading=\"lazy\" decoding=\"async\" class=\"alignnone wp-image-631\" src=\"https:\/\/hydraulic-cylinders.net\/wp-content\/uploads\/2023\/08\/hydraulic-cylinder-product-6-300x225.webp\" alt=\"\" width=\"347\" height=\"260\" \/><\/p>\n<h3>(5) Test\u0113\u0161ana<\/h3>\n<p>Mums ir augst\u0101k\u0101s klases p\u0101rbaudes iek\u0101rtas un test\u0113\u0161anas stendi, lai nodro\u0161in\u0101tu, ka balona veiktsp\u0113ja atbilst pras\u012bb\u0101m.<\/p>\n<p><img loading=\"lazy\" decoding=\"async\" class=\"alignnone wp-image-632\" src=\"https:\/\/hydraulic-cylinders.net\/wp-content\/uploads\/2023\/08\/hydraulic-cylinder-product-8-300x200.webp\" alt=\"\" width=\"389\" height=\"260\" \/><\/p>\n<p>&nbsp;<\/p>\n<p>&nbsp;<\/p>\n<p>M\u0113s esam viens no lab\u0101kajiem hidraulisko cilindru ra\u017eot\u0101jiem. M\u0113s varam pied\u0101v\u0101t visaptvero\u0161us hidrauliskos cilindrus. M\u0113s nodro\u0161in\u0101m ar\u012b atbilsto\u0161us <a href=\"https:\/\/hzpt.com\/agricultural-pto-gearbox\/\" target=\"_blank\" rel=\"noopener\">lauksaimniec\u012bbas p\u0101rnesumk\u0101rbas<\/a>. M\u0113s esam eksport\u0113ju\u0161i savus produktus klientiem vis\u0101 pasaul\u0113 un esam ieguvu\u0161i labu reput\u0101ciju, pateicoties m\u016bsu izcilajai produktu kvalit\u0101tei un p\u0113cp\u0101rdo\u0161anas servisam. M\u0113s aicin\u0101m klientus no valsts un \u0101rvalst\u012bm sazin\u0101ties ar mums, lai risin\u0101tu biznesa sarunas, apmain\u012btos ar inform\u0101ciju un... <a href=\"https:\/\/www.hydraulic-cylinders.net\/lv\/contact-us\/\">sadarboties ar mums<\/a>!<\/p>\n<p>&nbsp;<\/p>","protected":false},"excerpt":{"rendered":"<p>HP3G Series Axial Piston Variable Displacement Hydraulic Pump The HP3G series axial piston variable displacement hydraulic pump is a cutting-edge hydraulic solution that combines power, efficiency, and versatility. Designed to meet the demands of modern industrial applications, this pump delivers exceptional performance in a wide range of hydraulic systems. This informative article will explore the [&hellip;]<\/p>","protected":false},"featured_media":1948,"comment_status":"open","ping_status":"closed","template":"","meta":{"_et_pb_use_builder":"","_et_pb_old_content":"","_et_gb_content_width":""},"product_brand":[],"product_cat":[1425],"product_tag":[],"class_list":{"0":"post-1924","1":"product","2":"type-product","3":"status-publish","4":"has-post-thumbnail","6":"product_cat-piston-pump","8":"first","9":"instock","10":"shipping-taxable","11":"product-type-simple"},"amp_enabled":true,"_links":{"self":[{"href":"https:\/\/www.hydraulic-cylinders.net\/lv\/wp-json\/wp\/v2\/product\/1924","targetHints":{"allow":["GET"]}}],"collection":[{"href":"https:\/\/www.hydraulic-cylinders.net\/lv\/wp-json\/wp\/v2\/product"}],"about":[{"href":"https:\/\/www.hydraulic-cylinders.net\/lv\/wp-json\/wp\/v2\/types\/product"}],"replies":[{"embeddable":true,"href":"https:\/\/www.hydraulic-cylinders.net\/lv\/wp-json\/wp\/v2\/comments?post=1924"}],"wp:featuredmedia":[{"embeddable":true,"href":"https:\/\/www.hydraulic-cylinders.net\/lv\/wp-json\/wp\/v2\/media\/1948"}],"wp:attachment":[{"href":"https:\/\/www.hydraulic-cylinders.net\/lv\/wp-json\/wp\/v2\/media?parent=1924"}],"wp:term":[{"taxonomy":"product_brand","embeddable":true,"href":"https:\/\/www.hydraulic-cylinders.net\/lv\/wp-json\/wp\/v2\/product_brand?post=1924"},{"taxonomy":"product_cat","embeddable":true,"href":"https:\/\/www.hydraulic-cylinders.net\/lv\/wp-json\/wp\/v2\/product_cat?post=1924"},{"taxonomy":"product_tag","embeddable":true,"href":"https:\/\/www.hydraulic-cylinders.net\/lv\/wp-json\/wp\/v2\/product_tag?post=1924"}],"curies":[{"name":"wp","href":"https:\/\/api.w.org\/{rel}","templated":true}]}}