{"id":19242,"date":"2025-04-07T06:22:34","date_gmt":"2025-04-07T06:22:34","guid":{"rendered":"https:\/\/www.hydraulic-cylinders.net\/product\/boom-cylinder-for-sunward-middle-excavator-swe230e\/"},"modified":"2025-04-07T06:22:37","modified_gmt":"2025-04-07T06:22:37","slug":"boom-cylinder-for-sunward-middle-excavator-swe230e","status":"publish","type":"product","link":"https:\/\/www.hydraulic-cylinders.net\/lv\/products\/boom-cylinder-for-sunward-middle-excavator-swe230e\/","title":{"rendered":"Str\u0113les cilindrs Sunward Middle ekskavatoram SWE230E"},"content":{"rendered":"<h1>Str\u0113les cilindrs Sunward Middle ekskavatoram SWE230E<\/h1>\n<h2>Ievads str\u0113les cilindr\u0101<\/h2>\n<p>Str\u0113les cilindrs ir kritiski svar\u012bga hidraulisko sist\u0113mu sast\u0101vda\u013ca, kas \u012bpa\u0161i paredz\u0113ta, lai kontrol\u0113tu kausa kust\u012bbu uz smag\u0101m ma\u0161\u012bn\u0101m, piem\u0113ram, ekskavatoriem, ekskavatoriem un front\u0101lajiem iekr\u0101v\u0113jiem. \u0160is hidrauliskais cilindrs \u013cauj kausam pacelt, nolaist un noliekt, t\u0101d\u0113j\u0101di atvieglojot da\u017e\u0101dus materi\u0101lu apstr\u0101des uzdevumus. \u0160o ma\u0161\u012bnu efekt\u012bva darb\u012bba liel\u0101 m\u0113r\u0101 ir atkar\u012bga no str\u0113les cilindra funkcionalit\u0101tes, kas izmanto hidraulisk\u0101 \u0161\u0137idruma spiedienu, lai rad\u012btu sp\u0113c\u012bgu kust\u012bbu. P\u0101rveidojot hidraulisko ener\u0123iju meh\u0101nisk\u0101 sp\u0113k\u0101, str\u0113les cilindram ir noz\u012bm\u012bga loma celtniec\u012bbas tehnikas veiktsp\u0113jas un produktivit\u0101tes uzlabo\u0161an\u0101.<\/p>\n<p><img decoding=\"async\" src=\"https:\/\/www.hydraulic-cylinders.net\/wp-content\/uploads\/2025\/04\/songte-company-1.webp\" alt=\"Str\u0113les cilindrs\" \/><\/p>\n<h2>Str\u0113les cilindra \u012bpa\u0161\u012bbas<\/h2>\n<ul>\n<li>\n<h3>Augsta iztur\u012bba un ilgm\u016b\u017e\u012bba<\/h3>\n<p>Izgatavots no augstas stipr\u012bbas t\u0113rauda vai alum\u012bnija, str\u0113les cilindrs ir paredz\u0113ts, lai iztur\u0113tu augstu spiedienu un lielas slodzes. T\u0101 konstrukcij\u0101 ir \u0146emta v\u0113r\u0101 nodilumiztur\u012bba un aizsardz\u012bba pret koroziju, lai pagarin\u0101tu t\u0101 kalpo\u0161anas laiku, padarot to piem\u0113rotu skarbajiem darba apst\u0101k\u013ciem.<\/p>\n<\/li>\n<li>\n<h3>Efekt\u012bva hidraulisk\u0101 darb\u012bba<\/h3>\n<p>\u0160is cilindrs darbojas vienm\u0113r\u012bgi, izmantojot hidraulisk\u0101s e\u013c\u013cas spiedienu, lai pan\u0101ktu \u0101tru un atsauc\u012bgu izstiep\u0161anu un ievilk\u0161anu. Tas nodro\u0161ina iev\u0113rojamu stum\u0161anas un vilk\u0161anas sp\u0113ku, padarot to ide\u0101li piem\u0113rotu smagu priek\u0161metu apstr\u0101dei un sare\u017e\u0123\u012btiem ekspluat\u0101cijas uzdevumiem.<\/p>\n<\/li>\n<li>\n<h3>Pieejami da\u017e\u0101di veidi<\/h3>\n<p>Atkar\u012bb\u0101 no ekspluat\u0101cijas vajadz\u012bb\u0101m klienti var izv\u0113l\u0113ties vienas darb\u012bbas (hidrauliska darb\u012bba vien\u0101 virzien\u0101) vai divk\u0101r\u0161as darb\u012bbas (hidrauliska darb\u012bba abos virzienos) cilindrus. Da\u017eiem mode\u013ciem ir teleskopiska konstrukcija, kas nodro\u0161ina liel\u0101ku pagarin\u0101jumu, nepalielinot \u0101r\u0113jos izm\u0113rus, kas ir ide\u0101li piem\u0113rots lietojumiem ar ierobe\u017eotu vietu.<\/p>\n<\/li>\n<li>\n<h3>Ide\u0101las nomai\u0146as iesp\u0113jas<\/h3>\n<p>M\u016bsu produkti pied\u0101v\u0101 perfektu eso\u0161o hidraulisko cilindru aizvietot\u0101ju, nodro\u0161inot nevainojamu sader\u012bbu un funkcionalit\u0101ti da\u017e\u0101dos pielietojumos.<\/p>\n<\/li>\n<\/ul>\n<p><img decoding=\"async\" src=\"https:\/\/www.hydraulic-cylinders.net\/wp-content\/uploads\/2025\/04\/songte-cylinder-head-with-all-kinds-excavator-models.webp\" alt=\"Ekskavatoru mode\u013ci\" \/><\/p>\n<h2>Str\u0113les cilindra pielietojumi<\/h2>\n<h3>Celtniec\u012bbas apr\u012bkojums<\/h3>\n<p>Ekskavatoros str\u0113les cilindrs ir b\u016btisks augsnes vai gru\u017eu rak\u0161anai, iekrau\u0161anai un p\u0101rvieto\u0161anai. Tas atvieglo rak\u0161anas darb\u012bbu, \u013caujot kausam efekt\u012bvi iek\u013c\u016bt zem\u0113. Turkl\u0101t ekskavatoros-iekr\u0101v\u0113jos str\u0113les cilindrs pal\u012bdz gan rak\u0161anas, gan cel\u0161anas darbos, padarot to par daudzpus\u012bgu instrumentu b\u016bvlaukumos.<\/p>\n<h3>Lauksaimniec\u012bbas tehnika<\/h3>\n<p>Front\u0101lie iekr\u0101v\u0113ji izmanto str\u0113les cilindrus, lai paceltu, paceltu un transport\u0113tu augsni, sienu un citus materi\u0101lus. Str\u0113les cilindra sp\u0113ja efekt\u012bvi apstr\u0101d\u0101t smagas kravas ir \u013coti svar\u012bga lauksaimniec\u012bbas darbos, uzlabojot produktivit\u0101ti un samazinot darbasp\u0113ka izmaksas.<\/p>\n<h3>Ekskavatori<\/h3>\n<p>Str\u0113les cilindrs \u013cauj ekskavatoriem veikt rak\u0161anas darb\u012bbas, \u013caujot kausam bez piep\u016bles izlauzties cauri augsnei. \u0160\u012b funkcionalit\u0101te ir vit\u0101li svar\u012bga da\u017e\u0101dos b\u016bvniec\u012bbas un ainavu veido\u0161anas projektos, kur nepiecie\u0161ama precizit\u0101te un jauda.<\/p>\n<h3>Iekr\u0101v\u0113ji<\/h3>\n<p>Front\u0101lajos iekr\u0101v\u0113jos str\u0113les cilindram ir iz\u0161\u0137iro\u0161a noz\u012bme kravu efekt\u012bv\u0101 cel\u0161an\u0101 un izg\u0101\u0161an\u0101. Cilindra hidraulisk\u0101 darb\u012bba nodro\u0161ina vienm\u0113r\u012bgu darb\u012bbu, nodro\u0161inot, ka materi\u0101lus var p\u0101rvietot \u0101tri un dro\u0161i.<\/p>\n<h2>Dizaina apsv\u0113rumi un atlases krit\u0113riji<\/h2>\n<h3>Kravnes\u012bba<\/h3>\n<p>Izv\u0113loties str\u0113les cilindru, ir \u013coti svar\u012bgi izprast t\u0101 kravnes\u012bbu. Cilindram j\u0101b\u016bt konstru\u0113tam t\u0101, lai tas iztur\u0113tu maksim\u0101lo svaru, kam tas tiks pak\u013cauts ekspluat\u0101cijas laik\u0101. Cilindrs, kas nav paredz\u0113ts noteiktai slodzei, var izrais\u012bt priek\u0161laic\u012bgu boj\u0101jumu, apdraudot gan dro\u0161\u012bbu, gan produktivit\u0101ti.<\/p>\n<h3>Bl\u012bv\u0113juma veiktsp\u0113ja<\/h3>\n<p>Bl\u012bv\u0113jums ir \u013coti svar\u012bgs hidraulisko cilindru ilgm\u016b\u017e\u012bbai. Augstas kvalit\u0101tes bl\u012bv\u0113jumi nov\u0113r\u0161 hidraulisk\u0101 \u0161\u0137idruma nopl\u016bdi, nodro\u0161inot efekt\u012bvu darb\u012bbu un samazinot apkopes nepiecie\u0161am\u012bbu. Izv\u0113loties bl\u012bv\u0113jumus, kas izgatavoti no iztur\u012bgiem materi\u0101liem, piem\u0113ram, poliuret\u0101na vai nitrila gumijas, var uzlabot cilindra veiktsp\u0113ju da\u017e\u0101dos apst\u0101k\u013cos.<\/p>\n<h3>Iztur\u012bba<\/h3>\n<p>Str\u0113les cilindra iztur\u012bbu nosaka t\u0101 ra\u017eo\u0161an\u0101 izmantotie materi\u0101li un konstrukcija. Cilindriem j\u0101b\u016bt iztur\u012bgiem pret nodilumu un koroziju, \u012bpa\u0161i sare\u017e\u0123\u012btos apst\u0101k\u013cos. Invest\u012bcijas labi izstr\u0101d\u0101t\u0101 un iztur\u012bg\u0101 cilindr\u0101 var samazin\u0101t nomai\u0146as bie\u017eumu un ekspluat\u0101cijas d\u012bkst\u0101ves laiku.<\/p>\n<h3>Dro\u0161\u012bbas funkcijas<\/h3>\n<p>Ir svar\u012bgi iek\u013caut dro\u0161\u012bbas elementus str\u0113les cilindru konstrukcij\u0101. Tie var ietvert spiediena samazin\u0101\u0161anas v\u0101rstus un dro\u0161\u012bbas sl\u0113dzenes, kas nov\u0113r\u0161 nejau\u0161u iedarbin\u0101\u0161anu, nodro\u0161inot operatoru un apr\u012bkojuma dro\u0161\u012bbu lieto\u0161anas laik\u0101.<\/p>\n<h3>Apkopes pieejam\u012bba<\/h3>\n<p>Str\u0113les cilindru projekt\u0113\u0161ana, lai nodro\u0161in\u0101tu vienk\u0101r\u0161u apkopi, var iev\u0113rojami uzlabot darb\u012bbas efektivit\u0101ti. Funkcijas, kas \u013cauj veikt \u0101tru p\u0101rbaudi, e\u013c\u013co\u0161anu un bl\u012bv\u0113jumu nomai\u0146u, var samazin\u0101t d\u012bkst\u0101ves laiku un uzlabot iek\u0101rtas kop\u0113jo uzticam\u012bbu.<\/p>\n<p><img decoding=\"async\" src=\"https:\/\/www.hydraulic-cylinders.net\/wp-content\/uploads\/2025\/04\/songte-oil-pipes-and-spare-parts.webp\" alt=\"Hidraulisk\u0101s da\u013cas\" \/><\/p>\n<h2>Bl\u012bv\u0113\u0161ana un e\u013c\u013co\u0161ana<\/h2>\n<p>Str\u0113les cilindra efektivit\u0101te liel\u0101 m\u0113r\u0101 ir atkar\u012bga no t\u0101 bl\u012bv\u0113\u0161anas un e\u013c\u013co\u0161anas sist\u0113m\u0101m. Da\u017e\u0101di bl\u012bv\u0113\u0161anas komponenti, piem\u0113ram, virzu\u013ca bl\u012bv\u0113jumi un stie\u0146a bl\u012bv\u0113jumi, ir \u013coti svar\u012bgi, lai nov\u0113rstu hidraulisk\u0101 \u0161\u0137idruma nopl\u016bdi. Izv\u0113loties bl\u012bv\u0113jumus, kas izgatavoti no nodilumiztur\u012bgiem materi\u0101liem, piem\u0113ram, poliuret\u0101na vai nitrila gumijas, var uzlabot iztur\u012bbu un veiktsp\u0113ju. Pareiza bl\u012bv\u0113jumu uzst\u0101d\u012b\u0161ana un cilindra korpusa un v\u012bt\u0146oto galu virsmu smalka apstr\u0101de var iev\u0113rojami uzlabot nodilumiztur\u012bbu.<\/p>\n<p>Lai nodro\u0161in\u0101tu vienm\u0113r\u012bgu darb\u012bbu, ir nepiecie\u0161ama ar\u012b regul\u0101ra e\u013c\u013co\u0161ana ar hidraulisko e\u013c\u013cu. Atbilsto\u0161a e\u013c\u013co\u0161ana samazina berzi starp kust\u012bgaj\u0101m da\u013c\u0101m, uzlabojot cilindra efektivit\u0101ti un kalpo\u0161anas laiku. Operatoriem r\u016bp\u012bgi j\u0101uzrauga e\u013c\u013cas l\u012bmenis un j\u0101papildina t\u0101 p\u0113c nepiecie\u0161am\u012bbas, lai izvair\u012btos no darb\u012bbas probl\u0113m\u0101m.<\/p>\n<h2>Regul\u0101ra p\u0101rbaude un profilaktisk\u0101 apkope<\/h2>\n<ul>\n<li>\n<h3>Regul\u0101ras p\u0101rbaudes<\/h3>\n<p>Veiciet regul\u0101ras vizu\u0101las p\u0101rbaudes, lai p\u0101rbaud\u012btu, vai nav nodiluma, nopl\u016b\u017eu vai boj\u0101jumu paz\u012bmju. Probl\u0113mu agr\u012bna identific\u0113\u0161ana var nov\u0113rst nopietn\u0101kas probl\u0113mas un nodro\u0161in\u0101t dro\u0161u un efekt\u012bvu darb\u012bbu.<\/p>\n<\/li>\n<li>\n<h3>Pareiza e\u013c\u013co\u0161ana<\/h3>\n<p>P\u0101rliecinieties, vai hidraulisk\u0101s e\u013c\u013cas l\u012bmenis ir atbilsto\u0161s un vai cilindrs ir pien\u0101c\u012bgi iee\u013c\u013cots. Regul\u0101ra e\u013c\u013co\u0161ana samazina nodilumu un uzlabo veiktsp\u0113ju.<\/p>\n<\/li>\n<li>\n<h3>Bl\u012bv\u0113juma nomai\u0146a<\/h3>\n<p>Laika gait\u0101 bl\u012bves var nolietoties un t\u0101s var b\u016bt j\u0101nomaina. Regul\u0101ri p\u0101rbaudiet bl\u012bves, vai t\u0101s nav nodilu\u0161as, un nomainiet t\u0101s p\u0113c nepiecie\u0161am\u012bbas, lai uztur\u0113tu optim\u0101lu veiktsp\u0113ju un nov\u0113rstu nopl\u016bdes.<\/p>\n<\/li>\n<\/ul>\n<h2>Uzst\u0101d\u012b\u0161anas vadl\u012bnijas<\/h2>\n<p>Pareiza str\u0113les cilindra uzst\u0101d\u012b\u0161ana ir \u013coti svar\u012bga t\u0101 funkcionalit\u0101tei un ilgm\u016b\u017e\u012bbai. Vispirms p\u0101rliecinieties, vai cilindrs ir pareizi izl\u012bdzin\u0101ts ar mont\u0101\u017eas kron\u0161teiniem. Izmantojiet atbilsto\u0161us mont\u0101\u017eas stiprin\u0101jumus, lai nostiprin\u0101tu cilindru viet\u0101, nov\u0113r\u0161ot jebk\u0101du nepareizu izl\u012bdzin\u0101\u0161anu, kas var\u0113tu rad\u012bt darb\u012bbas probl\u0113mas.<\/p>\n<p>Uzst\u0101d\u012b\u0161anas laik\u0101 ir svar\u012bgi p\u0101rbaud\u012bt visu hidraulisko savienojumu herm\u0113tiskumu, lai izvair\u012btos no nopl\u016bd\u0113m. P\u0101rliecinieties, vai hidraulisk\u0101s l\u012bnijas ir pareizi izvietotas un nostiprin\u0101tas prom no kust\u012bgaj\u0101m da\u013c\u0101m, lai nov\u0113rstu nodilumu. P\u0113c uzst\u0101d\u012b\u0161anas p\u0101rbaudiet cilindra darb\u012bbu, lai p\u0101rliecin\u0101tos, ka tas kustas vienm\u0113r\u012bgi un pareizi rea\u0123\u0113 uz vad\u012bbas ievad\u0113m. Regul\u0101ri uzraugiet sist\u0113mu, vai nav hidraulisk\u0101 \u0161\u0137idruma nopl\u016bdes paz\u012bmju, un nekav\u0113joties nov\u0113rsiet visas probl\u0113mas.<\/p>\n<h2>Dro\u0161\u012bbas apsv\u0113rumi un vides faktori<\/h2>\n<p>Dro\u0161\u012bbas pas\u0101kumu ievie\u0161ana, lietojot str\u0113les cilindrus, ir \u0101rk\u0101rt\u012bgi svar\u012bga. Operatoriem j\u0101b\u016bt apm\u0101c\u012btiem atpaz\u012bt iesp\u0113jamos apdraud\u0113jumus, kas saist\u012bti ar hidrauliskaj\u0101m sist\u0113m\u0101m, tostarp \u0161\u0137idruma nopl\u016bdes un iek\u0101rtu boj\u0101jumu risku. Atbilsto\u0161u individu\u0101lo aizsardz\u012bbas l\u012bdzek\u013cu (IAL) lieto\u0161ana un dro\u0161\u012bbas protokolu iev\u0113ro\u0161ana var mazin\u0101t riskus un nodro\u0161in\u0101t dro\u0161u darb\u012bbu.<\/p>\n<p>Turkl\u0101t \u0146emiet v\u0113r\u0101 hidraulisko \u0161\u0137idrumu ietekmi uz vidi. Biolo\u0123iski no\u0101rd\u0101mu hidraulisko e\u013c\u013cu izmanto\u0161ana var samazin\u0101t ekolo\u0123isko kait\u0113jumu nopl\u016b\u017eu vai izl\u012b\u0161anas gad\u012bjum\u0101. Regul\u0101ri p\u0101rbaudiet hidraulisk\u0101s sist\u0113mas, lai nov\u0113rstu nopl\u016bdes un uztur\u0113tu t\u012bru darba vidi.<\/p>\n<h2>Probl\u0113mu nov\u0113r\u0161ana un bie\u017ei sastopamas probl\u0113mas<\/h2>\n<ul>\n<li>\n<h3>Nopl\u016bde<\/h3>\n<p>Hidraulisk\u0101 \u0161\u0137idruma nopl\u016bde ir izplat\u012bta probl\u0113ma, kas var rasties nolietotu bl\u012bv\u0113jumu vai boj\u0101tu \u0161\u013c\u016bte\u0146u d\u0113\u013c. Lai to nov\u0113rstu, p\u0101rbaudiet bl\u012bv\u0113jumu un \u0161\u013c\u016bte\u0146u nodilumu un nomainiet t\u0101s, ja nepiecie\u0161ams. Regul\u0101ra apkope var pal\u012bdz\u0113t nov\u0113rst \u0161o probl\u0113mu.<\/p>\n<\/li>\n<li>\n<h3>L\u0113na darb\u012bba<\/h3>\n<p>Ja str\u0113les cilindrs darbojas l\u0113ni, tas var liecin\u0101t par zemu hidraulisk\u0101 \u0161\u0137idruma l\u012bmeni vai sist\u0113m\u0101 iesprostotu gaisu. P\u0101rbaudiet \u0161\u0137idruma l\u012bmeni un, ja nepiecie\u0161ams, atgaisojiet sist\u0113mu, lai atjaunotu optim\u0101lu veiktsp\u0113ju.<\/p>\n<\/li>\n<li>\n<h3>Nerea\u0123\u0113jo\u0161s cilindrs<\/h3>\n<p>Nerea\u0123\u0113jo\u0161s str\u0113les cilindrs var b\u016bt radies hidraulisk\u0101 s\u016bk\u0146a boj\u0101juma vai aizs\u0113r\u0113ju\u0161u hidraulisko l\u012bniju d\u0113\u013c. P\u0101rbaudiet s\u016bkni un l\u012bnijas, vai nav aizs\u0113r\u0113jumu vai boj\u0101jumu, un nepiecie\u0161am\u012bbas gad\u012bjum\u0101 nomainiet deta\u013cas.<\/p>\n<\/li>\n<\/ul>\n<p>Veicot prevent\u012bvus pas\u0101kumus, piem\u0113ram, regul\u0101ru apkopi un uzraudz\u012bbu, var iev\u0113rojami samazin\u0101t \u0161o probl\u0113mu iesp\u0113jam\u012bbu un nodro\u0161in\u0101t cilindru efekt\u012bvu darb\u012bbu.<\/p>\n<p><img decoding=\"async\" src=\"https:\/\/www.hydraulic-cylinders.net\/wp-content\/uploads\/2025\/04\/songte-bushings-with-all-kinds-of-excavator-models.webp\" alt=\"Bukses\" \/><\/p>\n<h2>Par m\u016bsu uz\u0146\u0113mumu<\/h2>\n<p>M\u0113s esam vado\u0161ais rezerves hidraulisko cilindru ra\u017eot\u0101js, kas pied\u0101v\u0101 pla\u0161u produktu kl\u0101stu gan viet\u0113j\u0101, gan starptautiskaj\u0101 tirg\u016b. M\u016bsu ap\u0146em\u0161an\u0101s sasniegt izcil\u012bbu atspogu\u013cojas m\u016bsu r\u016bp\u012bgajos ra\u017eo\u0161anas procesos un koncentr\u0113\u0161an\u0101s uz kvalit\u0101tes kontroli. Izmantojot progres\u012bvas ra\u017eo\u0161anas strat\u0113\u0123ijas, kvalific\u0113tus tehni\u0137us un augst\u0101k\u0101s klases digit\u0101lo apr\u012bkojumu, m\u0113s nep\u0101rtraukti uzlabojam savas ra\u017eo\u0161anas iesp\u0113jas.<\/p>\n<p>M\u016bsu pieredze sniedzas l\u012bdz piel\u0101gotiem risin\u0101jumiem, kas piel\u0101goti da\u017e\u0101d\u0101m klientu vajadz\u012bb\u0101m, nodro\u0161inot, ka m\u0113s joproj\u0101m esam uzticams partneris smago ma\u0161\u012bnu nozar\u0113. Uzsverot profesion\u0101lu klientu apkalpo\u0161anu un stabilu p\u0113cp\u0101rdo\u0161anas atbalstu, m\u0113s esam ap\u0146\u0113mu\u0161ies veidot ilgsto\u0161as \u200b\u200battiec\u012bbas ar m\u016bsu klientiem.<\/p>\n<p><img decoding=\"async\" src=\"https:\/\/www.hydraulic-cylinders.net\/wp-content\/uploads\/2025\/04\/songte-company-4.webp\" alt=\"Uz\u0146\u0113muma p\u0101rskats\" \/><br \/>\n<img decoding=\"async\" src=\"https:\/\/www.hydraulic-cylinders.net\/wp-content\/uploads\/2025\/04\/songte-company-3.webp\" alt=\"Uz\u0146\u0113muma ra\u017eo\u0161ana\" \/><\/p>\n<p>Autors: lil<\/p>","protected":false},"excerpt":{"rendered":"<p>Boom Cylinder For Sunward Middle Excavator SWE230E Introduction to the Boom Cylinder The Boom Cylinder is a critical component in hydraulic systems, specifically designed to control the movement of the bucket on heavy machinery such as excavators, backhoes, and front loaders. This hydraulic cylinder enables the bucket to lift, lower, and tilt, thereby facilitating various [&hellip;]<\/p>","protected":false},"featured_media":17867,"comment_status":"open","ping_status":"closed","template":"","meta":{"_et_pb_use_builder":"","_et_pb_old_content":"","_et_gb_content_width":""},"product_brand":[],"product_cat":[1546],"product_tag":[1547,1496],"class_list":{"0":"post-19242","1":"product","2":"type-product","3":"status-publish","4":"has-post-thumbnail","6":"product_cat-boom-cylinders","7":"product_tag-boom-cylinders","8":"product_tag-hydraulic-cylinders","10":"first","11":"instock","12":"shipping-taxable","13":"product-type-simple"},"amp_enabled":true,"_links":{"self":[{"href":"https:\/\/www.hydraulic-cylinders.net\/lv\/wp-json\/wp\/v2\/product\/19242","targetHints":{"allow":["GET"]}}],"collection":[{"href":"https:\/\/www.hydraulic-cylinders.net\/lv\/wp-json\/wp\/v2\/product"}],"about":[{"href":"https:\/\/www.hydraulic-cylinders.net\/lv\/wp-json\/wp\/v2\/types\/product"}],"replies":[{"embeddable":true,"href":"https:\/\/www.hydraulic-cylinders.net\/lv\/wp-json\/wp\/v2\/comments?post=19242"}],"wp:featuredmedia":[{"embeddable":true,"href":"https:\/\/www.hydraulic-cylinders.net\/lv\/wp-json\/wp\/v2\/media\/17867"}],"wp:attachment":[{"href":"https:\/\/www.hydraulic-cylinders.net\/lv\/wp-json\/wp\/v2\/media?parent=19242"}],"wp:term":[{"taxonomy":"product_brand","embeddable":true,"href":"https:\/\/www.hydraulic-cylinders.net\/lv\/wp-json\/wp\/v2\/product_brand?post=19242"},{"taxonomy":"product_cat","embeddable":true,"href":"https:\/\/www.hydraulic-cylinders.net\/lv\/wp-json\/wp\/v2\/product_cat?post=19242"},{"taxonomy":"product_tag","embeddable":true,"href":"https:\/\/www.hydraulic-cylinders.net\/lv\/wp-json\/wp\/v2\/product_tag?post=19242"}],"curies":[{"name":"wp","href":"https:\/\/api.w.org\/{rel}","templated":true}]}}