{"id":19244,"date":"2025-04-07T06:22:40","date_gmt":"2025-04-07T06:22:40","guid":{"rendered":"https:\/\/www.hydraulic-cylinders.net\/product\/boom-cylinder-for-sunward-middle-excavator-swe260elr\/"},"modified":"2025-04-07T06:22:43","modified_gmt":"2025-04-07T06:22:43","slug":"boom-cylinder-for-sunward-middle-excavator-swe260elr","status":"publish","type":"product","link":"https:\/\/www.hydraulic-cylinders.net\/lv\/products\/boom-cylinder-for-sunward-middle-excavator-swe260elr\/","title":{"rendered":"Str\u0113les cilindrs Sunward Middle ekskavatoram SWE260ELR"},"content":{"rendered":"<h1>Str\u0113les cilindrs Sunward Middle ekskavatoram SWE260ELR<\/h1>\n<h2>Produkta p\u0101rskats<\/h2>\n<p>Sunward vid\u0113j\u0101 ekskavatora SWE260ELR str\u0113les cilindrs ir svar\u012bga sast\u0101vda\u013ca, kas paredz\u0113ta, lai atvieglotu ekskavatoru efekt\u012bvu darb\u012bbu. \u0160is hidrauliskais cilindrs \u012bpa\u0161i kontrol\u0113 str\u0113les kust\u012bbu, \u013caujot tai prec\u012bzi pacelt, nolaist un noliekt. T\u0101 noz\u012bmi smagaj\u0101 ma\u0161\u012bn\u0101 nevar p\u0101rv\u0113rt\u0113t, jo tas tie\u0161i ietekm\u0113 materi\u0101lu apstr\u0101des uzdevumu efektivit\u0101ti, padarot to par b\u016btisku jebkura b\u016bvniec\u012bbas vai rak\u0161anas projekta sast\u0101vda\u013cu.<\/p>\n<p><img decoding=\"async\" src=\"https:\/\/www.hydraulic-cylinders.net\/wp-content\/uploads\/2025\/04\/songte-company-1.webp\" alt=\"Str\u0113les cilindra p\u0101rskats\"><\/p>\n<h3>Kas ir kausa cilindrs?<\/h3>\n<p>Kausa cilindrs, ko sauc ar\u012b par str\u0113les cilindru, ir hidrauliskais cilindrs, kas \u012bpa\u0161i paredz\u0113ts, lai kontrol\u0113tu kausu kust\u012bbu da\u017e\u0101d\u0101s smagaj\u0101s ma\u0161\u012bn\u0101s, piem\u0113ram, ekskavatoros, iekr\u0101v\u0113ju ekskavatoros un front\u0101lajos iekr\u0101v\u0113jos. Tas \u013cauj artikul\u0113t un manevr\u0113t kausu, padarot materi\u0101lu apstr\u0101des uzdevumus viegl\u0101kus un efekt\u012bv\u0101kus. Kausa cilindrs darbojas, izmantojot hidraulisk\u0101 \u0161\u0137idruma spiedienu, lai rad\u012btu kust\u012bbu, t\u0101d\u0113j\u0101di \u013caujot kausam rakt, pacelt un transport\u0113t materi\u0101lus. \u0160\u012b funkcionalit\u0101te ir \u013coti svar\u012bga da\u017e\u0101dos pielietojumos, s\u0101kot no b\u016bvlaukumiem l\u012bdz lauksaimniec\u012bbas darbiem.<\/p>\n<h2>Str\u0113les cilindra \u012bpa\u0161\u012bbas<\/h2>\n<ul>\n<li><strong>Augsta iztur\u012bba un ilgm\u016b\u017e\u012bba:<\/strong> Izgatavots no augstas stipr\u012bbas t\u0113rauda vai alum\u012bnija, kas sp\u0113j iztur\u0113t augstu spiedienu un lielas slodzes, vienlaikus piel\u0101gojoties skarbai darba videi. Izstr\u0101d\u0101ts, \u0146emot v\u0113r\u0101 nodilumiztur\u012bbu un korozijas iztur\u012bbu, lai pagarin\u0101tu kalpo\u0161anas laiku.<\/li>\n<li><strong>Efekt\u012bva hidraulisk\u0101 darb\u012bba:<\/strong> Izmanto hidraulisk\u0101s e\u013c\u013cas spiedienu vienm\u0113r\u012bgai izvilk\u0161anai un ievilk\u0161anai, \u0101tri rea\u0123\u0113jot uz operatora komand\u0101m un nodro\u0161inot sp\u0113c\u012bgu stum\u0161anas-vilk\u0161anas sp\u0113ku, kas ir piem\u0113rots smagu materi\u0101lu apstr\u0101dei un sare\u017e\u0123\u012btiem uzdevumiem.<\/li>\n<li><strong>Veidu da\u017e\u0101d\u012bba:<\/strong> Pieejami ar vienas darb\u012bbas (hidrauliski darbojas vien\u0101 virzien\u0101) vai divk\u0101r\u0161as darb\u012bbas (hidrauliski darbojas abos virzienos) cilindriem, lai atbilstu da\u017e\u0101d\u0101m ekspluat\u0101cijas pras\u012bb\u0101m. Da\u017ei mode\u013ci ir teleskopiski, kas \u013cauj pan\u0101kt liel\u0101ku pagarin\u0101jumu, nepalielinot \u0101r\u0113jos izm\u0113rus, kas ir ide\u0101li piem\u0113rots lietojumiem ar ierobe\u017eotu vietu.<\/li>\n<\/ul>\n<p>M\u016bsu produkti lieliski aizst\u0101j \u0161os hidrauliskos cilindrus, nodro\u0161inot uzticam\u012bbu un efektivit\u0101ti.<\/p>\n<p><img decoding=\"async\" src=\"https:\/\/www.hydraulic-cylinders.net\/wp-content\/uploads\/2025\/04\/songte-cylinder-head-with-all-kinds-excavator-models.webp\" alt=\"Rezerves hidrauliskie cilindri\"><\/p>\n<h2>Hidraulisk\u0101 cilindra pielietojums<\/h2>\n<h3>Celtniec\u012bbas apr\u012bkojums<\/h3>\n<p>Ekskavatoros str\u0113les cilindri ir \u013coti svar\u012bgi zemes vai gru\u017eu rak\u0161anai, iekrau\u0161anai un p\u0101rvieto\u0161anai. Tie \u013cauj ekskavatoram veikt da\u017e\u0101dus uzdevumus, piem\u0113ram, tran\u0161eju rak\u0161anu un smagu materi\u0101lu cel\u0161anu, padarot tos neaizst\u0101jamus b\u016bvlaukumos. Ekskavatoros-iekr\u0101v\u0113jos kausa cilindri veicina gan rak\u0161anu, gan cel\u0161anu, uzlabojot ma\u0161\u012bnas daudzpus\u012bbu un darb\u012bbas efektivit\u0101ti. Sp\u0113ja prec\u012bzi kontrol\u0113t kausa kust\u012bbu \u013cauj prec\u012bzi novietot materi\u0101lus, iev\u0113rojami uzlabojot produktivit\u0101ti.<\/p>\n<h3>Lauksaimniec\u012bbas tehnika<\/h3>\n<p>Front\u0101lajos iekr\u0101v\u0113jos str\u0113les cilindri tiek izmantoti augsnes, siena un citu materi\u0101lu sav\u0101k\u0161anai, cel\u0161anai un transport\u0113\u0161anai. To iztur\u012bg\u0101 konstrukcija un efekt\u012bv\u0101 hidraulisk\u0101 darb\u012bba \u013cauj lauksaimniekiem viegli veikt darbietilp\u012bgus uzdevumus, racionaliz\u0113jot da\u017e\u0101dus lauksaimniec\u012bbas procesus. Hidraulisko cilindru izmanto\u0161ana nodro\u0161ina, ka smagas kravas var p\u0101rvald\u012bt dro\u0161i un efekt\u012bvi, b\u016btiski ietekm\u0113jot saimniec\u012bbas produktivit\u0101ti.<\/p>\n<h3>Ekskavatori<\/h3>\n<p>Ekskavatoros str\u0113les cilindrs ir neat\u0146emama sast\u0101vda\u013ca, lai kauss var\u0113tu iek\u013c\u016bt augsn\u0113 rak\u0161anas darbu laik\u0101. \u0160\u012b funkcionalit\u0101te ir vit\u0101li svar\u012bga rak\u0161anas darbos, jo t\u0101 \u013cauj operatoram efekt\u012bvi rakt tran\u0161ejas, pamatus un citas nepiecie\u0161am\u0101s konstrukcijas. Hidraulisk\u0101s sist\u0113mas rea\u0123\u0113tsp\u0113ja nodro\u0161ina, ka operators var prec\u012bzi manevr\u0113t ar ma\u0161\u012bnu, veicinot efekt\u012bv\u0101kus un dro\u0161\u0101kus rak\u0161anas darbus.<\/p>\n<h3>Iekr\u0101v\u0113ji<\/h3>\n<p>Front\u0101lajos iekr\u0101v\u0113jos str\u0113les cilindri pal\u012bdz efekt\u012bvi pacelt un izg\u0101zt kravas. \u0160o cilindru nodro\u0161in\u0101t\u0101 hidraulisk\u0101 jauda \u013cauj veikt \u0101tras pacel\u0161anas un izg\u0101\u0161anas darb\u012bbas, kas ir b\u016btiski smagu materi\u0101lu, piem\u0113ram, grants un zemes, p\u0101rvieto\u0161anai. \u0160\u012b efektivit\u0101te ir \u013coti svar\u012bga, lai uztur\u0113tu darba pl\u016bsmu un produktivit\u0101ti darba viet\u0101s, nodro\u0161inot, ka uzdevumi tiek paveikti savlaic\u012bgi.<\/p>\n<h2>Dizaina apsv\u0113rumi un atlases krit\u0113riji<\/h2>\n<h3>Kravnes\u012bba<\/h3>\n<p>Izpratne par str\u0113les cilindra kravnes\u012bbu ir kritiski svar\u012bga. Konstrukcijai ir j\u0101sp\u0113j iztur\u0113t paredzamo maksim\u0101lo slodzi, lai nov\u0113rstu boj\u0101jumus ekspluat\u0101cijas laik\u0101. Tas ietver t\u0101du materi\u0101lu un konstrukcijas meto\u017eu izv\u0113li, kas var iztur\u0113t lielu slod\u017eu rad\u012bt\u0101s slodzes, neapdraudot dro\u0161\u012bbu.<\/p>\n<h3>Bl\u012bv\u0113juma veiktsp\u0113ja<\/h3>\n<p>Bl\u012bv\u0113jums ir b\u016btisks, lai nov\u0113rstu hidraulisk\u0101 \u0161\u0137idruma nopl\u016bdes, kas var izrais\u012bt iek\u0101rtu boj\u0101jumus un dro\u0161\u012bbas apdraud\u0113jumus. Efekt\u012bvi bl\u012bv\u0113jumi j\u0101izv\u0113las, pamatojoties uz konkr\u0113tiem ekspluat\u0101cijas apst\u0101k\u013ciem, tostarp spiediena un temperat\u016bras diapazoniem. Pareizas bl\u012bv\u0113\u0161anas veiktsp\u0113jas nodro\u0161in\u0101\u0161ana uzlabo cilindra ilgm\u016b\u017e\u012bbu un samazina apkopes nepiecie\u0161am\u012bbu.<\/p>\n<h3>Iztur\u012bba<\/h3>\n<p>Iztur\u012bba ir galvenais faktors hidraulisko cilindru projekt\u0113\u0161an\u0101. Tiem j\u0101b\u016bt izgatavotiem t\u0101, lai tie iztur\u0113tu nodilumu, \u012bpa\u0161i skarbos darba apst\u0101k\u013cos. Tas ietver augstas kvalit\u0101tes materi\u0101lu un progres\u012bvu ra\u017eo\u0161anas procesu izmanto\u0161anu, lai izveidotu iztur\u012bgus komponentus, kas laika gait\u0101 var iztur\u0113t ekstrem\u0101lus apst\u0101k\u013cus.<\/p>\n<h3>Dro\u0161\u012bba<\/h3>\n<p>Dro\u0161\u012bbas elementu iek\u013cau\u0161ana str\u0113les cilindru konstrukcij\u0101 nav apsprie\u017eama. Tas ietver p\u0101rslodzes aizsardz\u012bbas sist\u0113mu un dro\u0161\u012bbas v\u0101rstu ievie\u0161anu, lai nov\u0113rstu negad\u012bjumus. Vis\u0101 ra\u017eo\u0161anas proces\u0101 ir j\u0101iev\u0113ro dro\u0161\u012bbas protokoli, lai nodro\u0161in\u0101tu, ka gala produkts atbilst visiem dro\u0161\u012bbas standartiem.<\/p>\n<h3>Apkopes pieejam\u012bba<\/h3>\n<p>V\u0113l viens svar\u012bgs projekt\u0113\u0161anas apsv\u0113rums ir viegla apkope. Str\u0113les cilindriem j\u0101b\u016bt konstru\u0113tiem t\u0101, lai galvenaj\u0101m sast\u0101vda\u013c\u0101m b\u016btu \u0113rta piek\u013cuve, atvieglojot regul\u0101ras p\u0101rbaudes un remontu. Tas samazina d\u012bkst\u0101ves laiku un nodro\u0161ina, ka apr\u012bkojums visu t\u0101 kalpo\u0161anas laiku saglab\u0101jas optim\u0101l\u0101 darba st\u0101vokl\u012b.<\/p>\n<p><img decoding=\"async\" src=\"https:\/\/www.hydraulic-cylinders.net\/wp-content\/uploads\/2025\/04\/songte-oil-pipes-and-spare-parts.webp\" alt=\"Hidraulisko cilindru deta\u013cas\"><\/p>\n<h2>Bl\u012bv\u0113\u0161ana un e\u013c\u013co\u0161ana<\/h2>\n<p>Da\u017e\u0101du bl\u012bv\u0113\u0161anas komponentu, piem\u0113ram, virzu\u013ca bl\u012bv\u0113jumu un stie\u0146a bl\u012bv\u0113jumu, izmanto\u0161ana ir kritiski svar\u012bga hidraulisko cilindru efekt\u012bvai darb\u012bbai. Bl\u012bv\u0113jumi, kas izgatavoti no poliuret\u0101na vai nitrila gumijas, parasti tiek izmantoti to iztur\u012bbas pret nodilumu un degrad\u0101ciju d\u0113\u013c. Turkl\u0101t cilindra korpuss un v\u012bt\u0146ot\u0101s gala virsmas tiek r\u016bp\u012bgi apstr\u0101d\u0101tas, lai uzlabotu nodilumiztur\u012bbu. Lai nodro\u0161in\u0101tu vienm\u0113r\u012bgu darb\u012bbu un nov\u0113rstu bl\u012bv\u0113jumu un cilindra komponentu boj\u0101jumus, ir nepiecie\u0161ama regul\u0101ra e\u013c\u013co\u0161ana ar atbilsto\u0161u hidraulisko e\u013c\u013cu.<\/p>\n<h2>Prevent\u012bvie apkopes pas\u0101kumi<\/h2>\n<ul>\n<li><strong>Regul\u0101ras p\u0101rbaudes:<\/strong> Regul\u0101ras hidraulisk\u0101 cilindra p\u0101rbaudes nopl\u016b\u017eu, nodiluma un visp\u0101r\u0113j\u0101 st\u0101vok\u013ca noteik\u0161anai ir b\u016btiskas, lai identific\u0113tu iesp\u0113jam\u0101s probl\u0113mas, pirms t\u0101s saasin\u0101s.<\/li>\n<li><strong>Piem\u0113rota e\u013c\u013co\u0161ana:<\/strong> Pareiza cilindra e\u013c\u013co\u0161ana pal\u012bdz saglab\u0101t t\u0101 funkcionalit\u0101ti un paildzina t\u0101 kalpo\u0161anas laiku, samazinot berzi un nodilumu.<\/li>\n<li><strong>Bl\u012bv\u0113juma nomai\u0146a:<\/strong> Regul\u0101ra nodilu\u0161o bl\u012bvju nomai\u0146a nov\u0113r\u0161 hidraulisk\u0101 \u0161\u0137idruma nopl\u016bdes un uztur darb\u012bbas efektivit\u0101ti. Rezerves bl\u012bvju tur\u0113\u0161ana pie rokas var atvieglot savlaic\u012bgu nomai\u0146u.<\/li>\n<\/ul>\n<h2>Uzst\u0101d\u012b\u0161anas vadl\u012bnijas<\/h2>\n<p>Pareiza str\u0113les cilindra uzst\u0101d\u012b\u0161ana ir \u013coti svar\u012bga optim\u0101lai veiktsp\u0113jai. Vispirms p\u0101rliecinieties, vai visas sast\u0101vda\u013cas ir t\u012bras un bez gru\u017eiem. Pareizi izl\u012bdziniet cilindru ar stiprin\u0101juma punktiem, lai nov\u0113rstu nepareizu izl\u012bdzin\u0101\u0161anu, kas var izrais\u012bt priek\u0161laic\u012bgu nodilumu vai boj\u0101jumus. Izmantojiet atbilsto\u0161us stiprin\u0101juma kron\u0161teinus, lai stingri nostiprin\u0101tu cilindru viet\u0101. P\u0113c uzst\u0101d\u012b\u0161anas p\u0101rbaudiet, vai hidrauliskajos savienojumos nav nopl\u016b\u017eu, un p\u0101rliecinieties, vai sist\u0113ma ir pareizi atgaisota, lai izvad\u012btu gaisu. \u0160o darb\u012bbu veik\u0161ana pal\u012bdz\u0113s nodro\u0161in\u0101t hidraulisk\u0101 cilindra efekt\u012bvu un dro\u0161u darb\u012bbu.<\/p>\n<h2>Bie\u017ei sastopamie apkopes uzdevumi<\/h2>\n<ul>\n<li><strong>Regul\u0101ras p\u0101rbaudes:<\/strong> Regul\u0101ri p\u0101rbaud\u012bt hidraulisko sist\u0113mu, vai taj\u0101 nav nopl\u016b\u017eu un nodiluma, ir \u013coti svar\u012bgi. Tas pal\u012bdz laikus atkl\u0101t potenci\u0101las probl\u0113mas, nodro\u0161inot cilindra efekt\u012bvu darb\u012bbu.<\/li>\n<li><strong>Pareiza e\u013c\u013co\u0161ana:<\/strong> Pareiza hidraulisk\u0101s e\u013c\u013cas veida un daudzuma uzkl\u0101\u0161ana ir b\u016btiska netrauc\u0113tai darb\u012bbai. Nepietiekama e\u013c\u013co\u0161ana var izrais\u012bt palielin\u0101tu berzi un cilindru deta\u013cu nodilumu.<\/li>\n<li><strong>Bl\u012bv\u0113juma nomai\u0146as un kalibr\u0113\u0161anas p\u0101rbaudes:<\/strong> Regul\u0101ra bl\u012bv\u0113jumu nomai\u0146a nov\u0113r\u0161 nopl\u016bdes un uztur veiktsp\u0113ju. Kalibr\u0113\u0161anas p\u0101rbaudes nodro\u0161ina, ka hidraulisk\u0101 sist\u0113ma darbojas atbilsto\u0161i paredz\u0113tajiem parametriem, t\u0101d\u0113j\u0101di veicinot dro\u0161\u012bbu un efektivit\u0101ti.<\/li>\n<\/ul>\n<h2>Dro\u0161\u012bbas apsv\u0113rumi un vides faktori<\/h2>\n<p>Izmantojot hidrauliskos cilindrus, ir svar\u012bgi ieviest dro\u0161\u012bbas pas\u0101kumus. Operatoriem vienm\u0113r j\u0101iev\u0113ro atbilsto\u0161i dro\u0161\u012bbas protokoli, lai samazin\u0101tu negad\u012bjumu risku. Tas ietver atbilsto\u0161u individu\u0101lo aizsardz\u012bbas l\u012bdzek\u013cu (IAL) lieto\u0161anu un visu komandas locek\u013cu apm\u0101c\u012bbu par dro\u0161u tehnikas ekspluat\u0101ciju. Turkl\u0101t \u0146emiet v\u0113r\u0101 vides faktorus, nodro\u0161inot, ka jebkura hidraulisk\u0101 \u0161\u0137idruma nopl\u016bde tiek nekav\u0113joties nov\u0113rsta, lai nov\u0113rstu vides pies\u0101r\u0146ojumu.<\/p>\n<h2>Probl\u0113mu nov\u0113r\u0161ana un bie\u017ei sastopamas probl\u0113mas<\/h2>\n<ul>\n<li><strong>Nopl\u016bde:<\/strong> Ja tiek nov\u0113rotas hidraulisk\u0101 \u0161\u0137idruma nopl\u016bdes, tas var b\u016bt saist\u012bts ar nodilu\u0161iem bl\u012bv\u0113jumiem vai boj\u0101t\u0101m deta\u013c\u0101m. Nopl\u016bdes avota identific\u0113\u0161ana ir \u013coti svar\u012bga savlaic\u012bgai remontam.<\/li>\n<li><strong>Samazin\u0101ta veiktsp\u0113ja:<\/strong> Ja str\u0113les cilindrs nerea\u0123\u0113 pareizi, tas var\u0113tu b\u016bt saist\u012bts ar zemu hidraulisk\u0101 \u0161\u0137idruma l\u012bmeni vai sist\u0113m\u0101 iesprostotu gaisu. Regul\u0101ras p\u0101rbaudes var pal\u012bdz\u0113t uztur\u0113t optim\u0101lu veiktsp\u0113ju.<\/li>\n<li><strong>P\u0101rkar\u0161ana:<\/strong> P\u0101rm\u0113r\u012bga temperat\u016bra var izrais\u012bt hidraulisk\u0101 \u0161\u0137idruma degrad\u0101ciju un komponentu boj\u0101jumus. Temperat\u016bras l\u012bme\u0146a uzraudz\u012bba un atbilsto\u0161as \u200b\u200bdzes\u0113\u0161anas nodro\u0161in\u0101\u0161ana var nov\u0113rst p\u0101rkar\u0161anas probl\u0113mas.<\/li>\n<\/ul>\n<h2>Probl\u0113mu nov\u0113r\u0161anas padomi<\/h2>\n<p>Lai efekt\u012bvi diagnostic\u0113tu un nov\u0113rstu hidraulisko cilindru probl\u0113mas, \u0146emiet v\u0113r\u0101 \u0161\u0101dus padomus: veiciet regul\u0101ras apkopes p\u0101rbaudes, uzturiet hidraulisko sist\u0113mu t\u012bru un uzraugiet \u0161\u0137idruma l\u012bmeni, lai izvair\u012btos no pies\u0101r\u0146ojuma un p\u0101rkar\u0161anas. Prevent\u012bvo pas\u0101kumu ievie\u0161ana var iev\u0113rojami samazin\u0101t probl\u0113mu ra\u0161an\u0101s iesp\u0113jam\u012bbu, nodro\u0161inot vienm\u0113r\u012bgu darb\u012bbu un uzticam\u012bbu.<\/p>\n<p><img decoding=\"async\" src=\"https:\/\/www.hydraulic-cylinders.net\/wp-content\/uploads\/2025\/04\/songte-bushings-with-all-kinds-of-excavator-models.webp\" alt=\"Hidraulisk\u0101 cilindra bukse\"><\/p>\n<h2>Par m\u016bsu uz\u0146\u0113mumu<\/h2>\n<p>M\u0113s esam rezerves hidraulisko cilindru ra\u017eot\u0101ji, pied\u0101v\u0101jot pla\u0161u produktu kl\u0101stu, kas ir nostiprin\u0101jis m\u016bsu k\u0101 vado\u0161\u0101 ra\u017eot\u0101ja un vairumtirgot\u0101ja poz\u012bcijas gan viet\u0113j\u0101, gan starptautiskaj\u0101 tirg\u016b. M\u0113s iev\u0113rojam izcil\u012bbu kvalit\u0101t\u0113, pa\u013caujoties uz izsmalcin\u0101tu ra\u017eo\u0161anas strat\u0113\u0123iju un progres\u012bvu ra\u017eo\u0161anas vad\u012bbas praksi. M\u016bsu tehnisk\u0101s zin\u0101\u0161anas apvienojum\u0101 ar augst\u0101k\u0101s klases digit\u0101laj\u0101m ra\u017eo\u0161anas iek\u0101rt\u0101m un profesion\u0101l\u0101m test\u0113\u0161anas sist\u0113m\u0101m nep\u0101rtraukti uzlabo m\u016bsu ra\u017eo\u0161anas platformu, nodro\u0161inot augst\u0101k\u0101s kvalit\u0101tes ra\u017eo\u0161anas procesu. M\u0113s lepojamies ar savu sp\u0113ju apmierin\u0101t da\u017e\u0101das klientu vajadz\u012bbas ar augstu efektivit\u0101ti, precizit\u0101ti un kvalit\u0101ti.<\/p>\n<p><img decoding=\"async\" src=\"https:\/\/www.hydraulic-cylinders.net\/wp-content\/uploads\/2025\/04\/songte-company-4.webp\" alt=\"Uz\u0146\u0113muma att\u0113ls 1\"><br \/>\n<img decoding=\"async\" src=\"https:\/\/www.hydraulic-cylinders.net\/wp-content\/uploads\/2025\/04\/songte-company-3.webp\" alt=\"Uz\u0146\u0113muma att\u0113ls 2\"><\/p>\n<h2>Secin\u0101jums<\/h2>\n<p>Nosl\u0113gum\u0101 j\u0101saka, ka Sunward vid\u0113j\u0101 ekskavatora SWE260ELR str\u0113les cilindrs ir b\u016btiska sast\u0101vda\u013ca smago ma\u0161\u012bnu efekt\u012bv\u0101 darb\u012bb\u0101. Izpratne par t\u0101 \u012bpa\u0161\u012bb\u0101m, pielietojumu, konstrukcijas apsv\u0113rumiem un apkopes pras\u012bb\u0101m ir \u013coti svar\u012bga, lai maksim\u0101li palielin\u0101tu veiktsp\u0113ju un nodro\u0161in\u0101tu ilgm\u016b\u017e\u012bbu. M\u0113s esam ap\u0146\u0113mu\u0161ies nodro\u0161in\u0101t augstas kvalit\u0101tes rezerves hidrauliskos cilindrus, kas atbilst da\u017e\u0101du nozaru pras\u012bb\u0101m.<\/p>\n<p>Autors: lil<\/p>","protected":false},"excerpt":{"rendered":"<p>Boom Cylinder For Sunward Middle Excavator SWE260ELR Product Overview The Boom Cylinder for Sunward Middle Excavator SWE260ELR is a vital component designed to facilitate the effective operation of excavators. This hydraulic cylinder specifically controls the boom&#8217;s movement, allowing it to lift, lower, and tilt with precision. Its importance in heavy machinery cannot be overstated, as [&hellip;]<\/p>","protected":false},"featured_media":17869,"comment_status":"open","ping_status":"closed","template":"","meta":{"_et_pb_use_builder":"","_et_pb_old_content":"","_et_gb_content_width":""},"product_brand":[],"product_cat":[1546],"product_tag":[1547,1496],"class_list":{"0":"post-19244","1":"product","2":"type-product","3":"status-publish","4":"has-post-thumbnail","6":"product_cat-boom-cylinders","7":"product_tag-boom-cylinders","8":"product_tag-hydraulic-cylinders","10":"first","11":"instock","12":"shipping-taxable","13":"product-type-simple"},"amp_enabled":true,"_links":{"self":[{"href":"https:\/\/www.hydraulic-cylinders.net\/lv\/wp-json\/wp\/v2\/product\/19244","targetHints":{"allow":["GET"]}}],"collection":[{"href":"https:\/\/www.hydraulic-cylinders.net\/lv\/wp-json\/wp\/v2\/product"}],"about":[{"href":"https:\/\/www.hydraulic-cylinders.net\/lv\/wp-json\/wp\/v2\/types\/product"}],"replies":[{"embeddable":true,"href":"https:\/\/www.hydraulic-cylinders.net\/lv\/wp-json\/wp\/v2\/comments?post=19244"}],"wp:featuredmedia":[{"embeddable":true,"href":"https:\/\/www.hydraulic-cylinders.net\/lv\/wp-json\/wp\/v2\/media\/17869"}],"wp:attachment":[{"href":"https:\/\/www.hydraulic-cylinders.net\/lv\/wp-json\/wp\/v2\/media?parent=19244"}],"wp:term":[{"taxonomy":"product_brand","embeddable":true,"href":"https:\/\/www.hydraulic-cylinders.net\/lv\/wp-json\/wp\/v2\/product_brand?post=19244"},{"taxonomy":"product_cat","embeddable":true,"href":"https:\/\/www.hydraulic-cylinders.net\/lv\/wp-json\/wp\/v2\/product_cat?post=19244"},{"taxonomy":"product_tag","embeddable":true,"href":"https:\/\/www.hydraulic-cylinders.net\/lv\/wp-json\/wp\/v2\/product_tag?post=19244"}],"curies":[{"name":"wp","href":"https:\/\/api.w.org\/{rel}","templated":true}]}}