{"id":19248,"date":"2025-04-07T06:22:50","date_gmt":"2025-04-07T06:22:50","guid":{"rendered":"https:\/\/www.hydraulic-cylinders.net\/product\/boom-cylinder-for-sunward-large-excavator-swe470e\/"},"modified":"2025-04-07T06:22:53","modified_gmt":"2025-04-07T06:22:53","slug":"boom-cylinder-for-sunward-large-excavator-swe470e","status":"publish","type":"product","link":"https:\/\/www.hydraulic-cylinders.net\/lv\/products\/boom-cylinder-for-sunward-large-excavator-swe470e\/","title":{"rendered":"Str\u0113les cilindrs Sunward lielajam ekskavatoram SWE470E"},"content":{"rendered":"<h1>Str\u0113les cilindrs Sunward lielajam ekskavatoram SWE470E<\/h1>\n<h2>Ievads str\u0113les cilindr\u0101<\/h2>\n<p>Str\u0113les cilindrs ir b\u016btiska smago ma\u0161\u012bnu hidraulisko sist\u0113mu sast\u0101vda\u013ca, kas \u012bpa\u0161i paredz\u0113ta ekskavatoru, univers\u0101lo iekr\u0101v\u0113ju un front\u0101lo iekr\u0101v\u0113ju kausu kust\u012bbas vad\u012bbai. Tas nodro\u0161ina neman\u0101mu kausa pacel\u0161anu, nolai\u0161anu un noliek\u0161anu, kas ir b\u016btiski da\u017e\u0101diem materi\u0101lu apstr\u0101des uzdevumiem. Kausa cilindrs darbojas, p\u0101rveidojot hidraulisko spiedienu meh\u0101nisk\u0101 sp\u0113k\u0101, \u013caujot ekskavatoram veikt sare\u017e\u0123\u012btas kust\u012bbas ar precizit\u0101ti un efektivit\u0101ti.<\/p>\n<p><img decoding=\"async\" src=\"https:\/\/www.hydraulic-cylinders.net\/wp-content\/uploads\/2025\/04\/songte-company-1.webp\" alt=\"Str\u0113les cilindra att\u0113ls\" \/><\/p>\n<h3>Defin\u012bcija un p\u0101rskats<\/h3>\n<p>Kausa cilindrs ir hidraulisk\u0101 cilindra veids, kam ir iz\u0161\u0137iro\u0161a noz\u012bme ma\u0161\u012bnas hidrauliskaj\u0101 sist\u0113m\u0101. Tas nodro\u0161ina nepiecie\u0161amo sp\u0113ku kausa darbin\u0101\u0161anai da\u017e\u0101dos pielietojumos, garant\u0113jot funkcionalit\u0101ti augsta spiediena un slodzes apst\u0101k\u013cos. \u0160ie cilindri ir konstru\u0113ti optim\u0101lai darb\u012bbai sare\u017e\u0123\u012btos darba apst\u0101k\u013cos, padarot tos neaizst\u0101jamus b\u016bvniec\u012bbas un lauksaimniec\u012bbas tehnik\u0101.<\/p>\n<h2>Str\u0113les cilindra \u012bpa\u0161\u012bbas<\/h2>\n<ul>\n<li><strong>Augsta iztur\u012bba un ilgm\u016b\u017e\u012bba:<\/strong> Parasti no augstas stipr\u012bbas t\u0113rauda vai alum\u012bnija izgatavotais str\u0113les cilindrs var iztur\u0113t augsta spiediena apst\u0101k\u013cus un lielas slodzes, un tas ir izstr\u0101d\u0101ts ar nodilumiztur\u012bbu un iztur\u012bbu pret koroziju, lai pagarin\u0101tu t\u0101 kalpo\u0161anas laiku.<\/li>\n<li><strong>Efekt\u012bva hidraulisk\u0101 darb\u012bba:<\/strong> Tas izmanto hidraulisk\u0101s e\u013c\u013cas spiedienu, lai pan\u0101ktu vienm\u0113r\u012bgu izstiep\u0161anu un ievilk\u0161anu, \u013caujot \u0101tri rea\u0123\u0113t uz vad\u012bbas komand\u0101m un nodro\u0161inot iev\u0113rojamu stum\u0161anas un vilk\u0161anas sp\u0113ku, kas ir ide\u0101li piem\u0113rots smagu materi\u0101lu apstr\u0101dei un sare\u017e\u0123\u012btu uzdevumu veik\u0161anai.<\/li>\n<li><strong>Da\u017e\u0101di veidi:<\/strong> Pieejams vienvirziena darb\u012bbas (darbojas vien\u0101 virzien\u0101) vai divk\u0101r\u0161as darb\u012bbas (darbojas abos virzienos) konfigur\u0101cij\u0101s, lai apmierin\u0101tu da\u017e\u0101das ekspluat\u0101cijas vajadz\u012bbas. Da\u017ei mode\u013ci ir teleskopiski, kas \u013cauj pan\u0101kt liel\u0101ku pagarin\u0101jumu, nepalielinot \u0101r\u0113jos izm\u0113rus, un ir piem\u0113roti vid\u0113m ar ierobe\u017eotu vietu.<\/li>\n<li><strong>Piel\u0101gota ra\u017eo\u0161ana:<\/strong> M\u0113s varam ra\u017eot \u0161o produktu ar perfektiem \u0161o hidraulisko cilindru aizst\u0101j\u0113jiem, nodro\u0161inot sader\u012bbu un veiktsp\u0113ju.<\/li>\n<li><strong>Kvalit\u0101tes kontrole:<\/strong> M\u016bsu ra\u017eo\u0161anas procesi ietver stingru test\u0113\u0161anu un kvalit\u0101tes nodro\u0161in\u0101\u0161anu, lai nodro\u0161in\u0101tu, ka katra vien\u012bba atbilst nozares standartiem un p\u0101rsniedz klientu cer\u012bbas.<\/li>\n<\/ul>\n<p><img decoding=\"async\" src=\"https:\/\/www.hydraulic-cylinders.net\/wp-content\/uploads\/2025\/04\/songte-cylinder-head-with-all-kinds-excavator-models.webp\" alt=\"Str\u0113les cilindru varianti\" \/><\/p>\n<h2>Str\u0113les cilindra pielietojumi<\/h2>\n<h3>Celtniec\u012bbas apr\u012bkojums<\/h3>\n<p>Ekskavatoros str\u0113les cilindri ir \u013coti svar\u012bgi augsnes vai gru\u017eu rak\u0161anai, iekrau\u0161anai un p\u0101rvieto\u0161anai. Tie \u013cauj ekskavatoram veikt jaud\u012bgu cel\u0161anu un prec\u012bzas kust\u012bbas, iev\u0113rojami uzlabojot produktivit\u0101ti b\u016bvlaukumos. Ekskavatoros kausa cilindrs pal\u012bdz gan rak\u0161an\u0101, gan cel\u0161an\u0101, pied\u0101v\u0101jot daudzpus\u012bbu da\u017e\u0101dos uzdevumos.<\/p>\n<h3>Lauksaimniec\u012bbas tehnika<\/h3>\n<p>Front\u0101lajos iekr\u0101v\u0113jos str\u0113les cilindri ir atbild\u012bgi par augsnes, siena un citu materi\u0101lu sav\u0101k\u0161anu, pacel\u0161anu un transport\u0113\u0161anu. \u0160\u012b funkcionalit\u0101te ir b\u016btiska efekt\u012bv\u0101m lauksaimniec\u012bbas darb\u012bb\u0101m, \u013caujot lauksaimniekiem efekt\u012bvi p\u0101rvald\u012bt savus uzdevumus, t\u0101d\u0113j\u0101di palielinot kop\u0113jo produktivit\u0101ti un samazinot darba laiku.<\/p>\n<h3>Ekskavatori<\/h3>\n<p>Ekskavatoros str\u0113les cilindrs \u013cauj kausam iek\u013c\u016bt augsn\u0113, veicot efekt\u012bvas rak\u0161anas darb\u012bbas. \u0160is hidrauliskais meh\u0101nisms nodro\u0161ina, ka ekskavatori var tikt gal\u0101 ar da\u017e\u0101du reljefu un augsnes tipiem, padarot tos daudzpus\u012bgus da\u017e\u0101dos rak\u0161anas projektos.<\/p>\n<h3>Iekr\u0101v\u0113ji<\/h3>\n<p>Front\u0101lajos iekr\u0101v\u0113jos str\u0113les cilindrs pal\u012bdz efekt\u012bvi pacelt un izg\u0101zt kravas. T\u0101 konstrukcija nodro\u0161ina, ka materi\u0101lus var prec\u012bzi pacelt un izb\u0113rt, padarot iekr\u0101v\u0113jus nenov\u0113rt\u0113jamus gan b\u016bvniec\u012bbas, gan ainavu veido\u0161anas projektos.<\/p>\n<h2>Dizaina apsv\u0113rumi un atlases krit\u0113riji<\/h2>\n<h3>Kravnes\u012bba<\/h3>\n<p>Str\u0113les cilindra kravnes\u012bba ir \u0101rk\u0101rt\u012bgi svar\u012bga, lai nodro\u0161in\u0101tu, ka tas sp\u0113j iztur\u0113t lielas slodzes darb\u012bbas pras\u012bbas. Ir svar\u012bgi izv\u0113l\u0113ties cilindru ar atbilsto\u0161u kravnes\u012bbas nov\u0113rt\u0113jumu, kas p\u0101rsniedz maksim\u0101lo svaru, ko tas var pacelt. Tas ne tikai nov\u0113r\u0161 meh\u0101niskus boj\u0101jumus, bet ar\u012b uzlabo dro\u0161\u012bbu ekspluat\u0101cijas laik\u0101. Labi konstru\u0113ts cilindrs vienm\u0113r\u012bgi sadala slodzi, samazinot nodilumu un pagarinot kalpo\u0161anas laiku. Pareiza slodzes dinamikas izpratne var iev\u0113rojami uzlabot darb\u012bbas efektivit\u0101ti, samazinot d\u012bkst\u0101ves laiku iek\u0101rtu boj\u0101jumu d\u0113\u013c.<\/p>\n<h3>Bl\u012bv\u0113\u0161anas sist\u0113ma<\/h3>\n<p>Bl\u012bv\u0113\u0161anas sist\u0113ma ir v\u0113l viens svar\u012bgs hidraulisko cilindru konstrukcijas apsv\u0113rums. Augstas kvalit\u0101tes bl\u012bv\u0113jumi nov\u0113r\u0161 hidraulisk\u0101 \u0161\u0137idruma nopl\u016bdi, kas ir b\u016btiski spiediena uztur\u0113\u0161anai un efekt\u012bvas darb\u012bbas nodro\u0161in\u0101\u0161anai. Bl\u012bv\u0113jumi, kas izgatavoti no iztur\u012bgiem materi\u0101liem, piem\u0113ram, poliuret\u0101na vai nitrilkau\u010duka, iztur nodilumu un skarbus apst\u0101k\u013cus. Regul\u0101ra bl\u012bv\u0113jumu apkope, tostarp nodiluma p\u0101rbaudes un savlaic\u012bga nomai\u0146a, var nov\u0113rst d\u0101rgus remontdarbus un nodro\u0161in\u0101t hidraulisk\u0101s sist\u0113mas nevainojamu un efekt\u012bvu darb\u012bbu.<\/p>\n<h3>Iztur\u012bba<\/h3>\n<p>Iztur\u012bba ir b\u016btiska str\u0113les cilindriem, jo \u200b\u200btie bie\u017ei tiek pak\u013cauti ekstrem\u0101liem darba apst\u0101k\u013ciem. To konstrukcij\u0101 izmantotajiem materi\u0101liem j\u0101b\u016bt iztur\u012bgiem pret nodilumu un koroziju. Augstas stipr\u012bbas t\u0113rauds parasti tiek izmantots t\u0101 izcilo meh\u0101nisko \u012bpa\u0161\u012bbu d\u0113\u013c, savuk\u0101rt aizsargp\u0101rkl\u0101jumi var uzlabot iztur\u012bbu pret vides faktoriem. Nodro\u0161inot, ka cilindrs ir projekt\u0113ts konkr\u0113tai darba videi \u2014 neatkar\u012bgi no t\u0101, vai t\u0101 ir b\u016bvlaukums, lauksaimniec\u012bbas lauks vai citi pielietojumi \u2014, tas b\u016btiski ietekm\u0113s t\u0101 ilgm\u016b\u017e\u012bbu un veiktsp\u0113ju.<\/p>\n<h3>Dro\u0161\u012bbas funkcijas<\/h3>\n<p>Hidraulisko cilindru projekt\u0113\u0161an\u0101 ir svar\u012bgi \u0146emt v\u0113r\u0101 dro\u0161\u012bbas apsv\u0113rumus. T\u0101du funkciju k\u0101 spiediena samazin\u0101\u0161anas v\u0101rstu iek\u013cau\u0161ana var nov\u0113rst p\u0101rspiedienu, kas var izrais\u012bt katastrof\u0101las k\u013c\u016bmes. Turkl\u0101t skaidru nor\u0101d\u012bjumu snieg\u0161ana par dro\u0161u ekspluat\u0101ciju un apkopi var mazin\u0101t riskus. Regul\u0101ras dro\u0161\u012bbas p\u0101rbaudes un ekspluat\u0101cijas vadl\u012bniju iev\u0113ro\u0161ana ir b\u016btiska, lai uztur\u0113tu dro\u0161\u012bbas standartus smago ma\u0161\u012bnu ekspluat\u0101cij\u0101.<\/p>\n<h2>Str\u0113les cilindra bl\u012bv\u0113\u0161ana un e\u013c\u013co\u0161ana<\/h2>\n<p>Str\u0113les cilindra bl\u012bv\u0113\u0161anas sist\u0113ma izmanto da\u017e\u0101dus bl\u012bv\u0113jumus, tostarp virzu\u013ca bl\u012bv\u0113jumus un stie\u0146a bl\u012bv\u0113jumus, lai uztur\u0113tu hidraulisko spiedienu. Bl\u012bv\u0113jumi parasti tiek izgatavoti no iztur\u012bgiem materi\u0101liem, piem\u0113ram, poliuret\u0101na un nitrila gumijas, kas izv\u0113l\u0113ti to nodilumiztur\u012bbas un ilgm\u016b\u017e\u012bbas d\u0113\u013c. Cilindra korpuss un v\u012bt\u0146ot\u0101s gala virsmas tiek pak\u013cautas r\u016bp\u012bgiem apstr\u0101des procesiem, lai uzlabotu nodilumiztur\u012bbu. Regul\u0101ra e\u013c\u013co\u0161ana ir b\u016btiska, un tai nepiecie\u0161ama periodiska hidraulisk\u0101s e\u013c\u013cas uzpilde, lai nodro\u0161in\u0101tu nevainojamu darb\u012bbu un nov\u0113rstu iek\u0161\u0113jo nodilumu. Pareiza e\u013c\u013co\u0161ana samazina berzi, uzlabojot cilindra darb\u012bbas efektivit\u0101ti un kalpo\u0161anas laiku, padarot to par kritiski svar\u012bgu hidraulisko sist\u0113mu apkopes aspektu.<\/p>\n<h2>Regul\u0101ras p\u0101rbaudes un profilaktisk\u0101s apkopes pas\u0101kumi<\/h2>\n<ul>\n<li><strong>Regul\u0101ras p\u0101rbaudes:<\/strong> Veiciet regul\u0101ras cilindra vizu\u0101las p\u0101rbaudes, lai noteiktu nodiluma, nopl\u016b\u017eu vai boj\u0101jumu paz\u012bmes. Probl\u0113mu agr\u012bna atkl\u0101\u0161ana var nov\u0113rst d\u0101rgus remontdarbus un nodro\u0161in\u0101t nep\u0101rtrauktu darb\u012bbu.<\/li>\n<li><strong>Piem\u0113rota e\u013c\u013co\u0161ana:<\/strong> P\u0101rliecinieties, vai cilindrs ir pietiekami iee\u013c\u013cots ar hidraulisko e\u013c\u013cu, lai nodro\u0161in\u0101tu vienm\u0113r\u012bgu darb\u012bbu. Regul\u0101ri p\u0101rbaudiet e\u013c\u013cas l\u012bmeni un, ja nepiecie\u0161ams, papildiniet, lai nov\u0113rstu berzi un nodilumu.<\/li>\n<li><strong>Bl\u012bv\u0113juma nomai\u0146a:<\/strong> Nomainiet bl\u012bves ieteicamajos interv\u0101los, lai uztur\u0113tu hidraulisko spiedienu un nov\u0113rstu nopl\u016bdes. Bl\u012bvju nodiluma paz\u012bmes ir e\u013c\u013cas nopl\u016bdes un samazin\u0101ta hidraulisk\u0101 efektivit\u0101te.<\/li>\n<\/ul>\n<h2>Str\u0113les cilindra uzst\u0101d\u012b\u0161anas vadl\u012bnijas<\/h2>\n<p>Pareiza str\u0113les cilindra uzst\u0101d\u012b\u0161ana ir \u013coti svar\u012bga, lai nodro\u0161in\u0101tu optim\u0101lu veiktsp\u0113ju un ilgm\u016b\u017e\u012bbu. S\u0101ciet ar uzst\u0101d\u012b\u0161anas vietas sagatavo\u0161anu, p\u0101rliecinoties, ka t\u0101 ir t\u012bra un bez gru\u017eiem. Izmantojiet atbilsto\u0161us atbalsta kron\u0161teinus, lai nostiprin\u0101tu cilindru viet\u0101, nodro\u0161inot pareizu izl\u012bdzin\u0101\u0161anu ar hidraulisko sist\u0113mu. P\u0101rbaudiet, vai hidrauliskie savienojumi ir cie\u0161i un bez nopl\u016bd\u0113m. Ir svar\u012bgi iev\u0113rot ra\u017eot\u0101ja specifik\u0101cijas attiec\u012bb\u0101 uz griezes momenta iestat\u012bjumiem un uzst\u0101d\u012b\u0161anas proced\u016br\u0101m. P\u0113c uzst\u0101d\u012b\u0161anas veiciet sist\u0113mas spiediena p\u0101rbaudi, lai nodro\u0161in\u0101tu funkcionalit\u0101ti un p\u0101rbaud\u012btu, vai nav nopl\u016b\u017eu. Regul\u0101ra uzraudz\u012bba p\u0113c uzst\u0101d\u012b\u0161anas pal\u012bdz\u0113s savlaic\u012bgi atkl\u0101t probl\u0113mas un uztur\u0113t efektivit\u0101ti.<\/p>\n<h2>Bie\u017ei sastopamie apkopes uzdevumi<\/h2>\n<h3>Regul\u0101ras p\u0101rbaudes<\/h3>\n<p>Regul\u0101ras p\u0101rbaudes ir \u013coti svar\u012bgas, lai identific\u0113tu potenci\u0101l\u0101s probl\u0113mas, pirms t\u0101s saasin\u0101s. P\u0101rbaudiet hidraulisk\u0101s \u0161\u013c\u016btenes un savienojumus, vai nav nodiluma vai boj\u0101jumu paz\u012bmju. Mekl\u0113jiet nopl\u016bdes ap bl\u012bv\u0113m un savienojumiem. Regul\u0101ras p\u0101rbaudes var pal\u012bdz\u0113t uztur\u0113t sist\u0113mas integrit\u0101ti un izvair\u012bties no negaid\u012btiem d\u012bkst\u0101ves laikiem.<\/p>\n<h3>Pareiza e\u013c\u013co\u0161ana<\/h3>\n<p>Regul\u0101ra e\u013c\u013co\u0161ana ir nepiecie\u0161ama, lai nodro\u0161in\u0101tu str\u0113les cilindra nevainojamu darb\u012bbu. Pareiza hidraulisk\u0101s e\u013c\u013cas veida lieto\u0161ana un ieteicam\u0101 e\u013c\u013cas l\u012bme\u0146a uztur\u0113\u0161ana ir kritiski svar\u012bga. Kust\u012bgo da\u013cu e\u013c\u013co\u0161ana samazina berzi, uzlabo veiktsp\u0113ju un pagarina kalpo\u0161anas laiku. Iepl\u0101nojiet e\u013c\u013co\u0161anu, pamatojoties uz darb\u012bbas bie\u017eumu, lai nodro\u0161in\u0101tu vienm\u0113r\u012bgu veiktsp\u0113ju.<\/p>\n<h3>Bl\u012bvju nomai\u0146as un kalibr\u0113\u0161anas p\u0101rbaudes<\/h3>\n<p>Bl\u012bves regul\u0101ri j\u0101nomaina, lai nov\u0113rstu hidraulisk\u0101 \u0161\u0137idruma nopl\u016bdi. Bl\u012bvju integrit\u0101tes uzraudz\u012bba var ietaup\u012bt iev\u0113rojamas izmaksas, kas saist\u012btas ar \u0161\u0137idruma zudumiem un darb\u012bbas neefektivit\u0101ti. Kalibr\u0113\u0161anas p\u0101rbaudes nodro\u0161ina, ka hidraulisk\u0101 sist\u0113ma darbojas atbilsto\u0161i t\u0101s specifik\u0101cij\u0101m. Var b\u016bt nepiecie\u0161amas korekcijas, lai uztur\u0113tu pareizu spiedienu un str\u0113les cilindra rea\u0123\u0113tsp\u0113ju.<\/p>\n<p><img decoding=\"async\" src=\"https:\/\/www.hydraulic-cylinders.net\/wp-content\/uploads\/2025\/04\/songte-chushion-collar.webp\" alt=\"Cilindra uzst\u0101d\u012b\u0161ana\" \/><\/p>\n<h2>Dro\u0161\u012bbas apsv\u0113rumi un vides faktori<\/h2>\n<p>Izmantojot hidrauliskos komponentus, dro\u0161\u012bbas pas\u0101kumi ir \u0101rk\u0101rt\u012bgi svar\u012bgi. Operatoriem j\u0101b\u016bt apm\u0101c\u012btiem par pareizu str\u0113les cilindra lieto\u0161anu, tostarp par ma\u0161\u012bnas iesp\u0113ju robe\u017e\u0101m. Vienm\u0113r j\u0101valk\u0101 atbilsto\u0161s dro\u0161\u012bbas ap\u0123\u0113rbs. Apk\u0101rt\u0113j\u0101s vides apzin\u0101\u0161an\u0101s ir \u013coti svar\u012bga, lai nov\u0113rstu negad\u012bjumus. Vides faktori, piem\u0113ram, ekstrem\u0101las temperat\u016bras un kod\u012bgi elementi, var ietekm\u0113t cilindra darb\u012bbu. Aizsardz\u012bbas pas\u0101kumu ievie\u0161ana, piem\u0113ram, laikapst\u0101k\u013ciem iztur\u012bgu materi\u0101lu izmanto\u0161ana, var mazin\u0101t \u0161os riskus.<\/p>\n<h2>K\u013c\u016bmju diagnostika un bie\u017e\u0101k sastopam\u0101s probl\u0113mas<\/h2>\n<ul>\n<li><strong>Nopl\u016bde:<\/strong> Hidraulisk\u0101 \u0161\u0137idruma nopl\u016bdes var liecin\u0101t par bl\u012bv\u0113juma boj\u0101jumu vai boj\u0101t\u0101m \u0161\u013c\u016bten\u0113m. P\u0101rbaudiet bl\u012bves un savienojumus, vai tie nav nodilu\u0161i vai boj\u0101ti.<\/li>\n<li><strong>Samazin\u0101ta veiktsp\u0113ja:<\/strong> Darb\u012bbas efektivit\u0101tes samazin\u0101\u0161anos var izrais\u012bt zems hidraulisk\u0101 \u0161\u0137idruma l\u012bmenis vai gaiss, kas iespr\u016bdis l\u012bnij\u0101s. Regul\u0101ras apkopes p\u0101rbaudes var pal\u012bdz\u0113t \u0161\u012bs probl\u0113mas identific\u0113t agr\u012bn\u0101 stadij\u0101.<\/li>\n<li><strong>D\u012bvainas ska\u0146as:<\/strong> Neparastas ska\u0146as darb\u012bbas laik\u0101 var liecin\u0101t par meh\u0101nisku k\u013c\u016bmi vai nepietiekamu e\u013c\u013co\u0161anu. Nekav\u0113joties p\u0101rbaudiet, vai t\u0101 ir boj\u0101ta, lai nov\u0113rstu turpm\u0101kus boj\u0101jumus.<\/li>\n<\/ul>\n<h2>Probl\u0113mu nov\u0113r\u0161anas padomi<\/h2>\n<p>Lai efekt\u012bvi diagnostic\u0113tu un nov\u0113rstu probl\u0113mas, vispirms p\u0101rbaudiet hidraulisk\u0101 \u0161\u0137idruma l\u012bmeni un p\u0101rliecinieties, vai tas atbilst noteiktaj\u0101m specifik\u0101cij\u0101m. P\u0101rbaudiet bl\u012bves un savienojuma punktus, vai nav redzamu nodiluma vai boj\u0101jumu. Regul\u0101ra apkope, tostarp savlaic\u012bga e\u013c\u013co\u0161ana un bl\u012bvju nomai\u0146a, var iev\u0113rojami samazin\u0101t bie\u017ei sastopamu probl\u0113mu ra\u0161anos. Operatoru apm\u0101c\u012bba atpaz\u012bt agr\u012bnas darb\u012bbas trauc\u0113jumu paz\u012bmes var pal\u012bdz\u0113t \u012bstenot prevent\u012bvus pas\u0101kumus, nodro\u0161inot hidraulisk\u0101s sist\u0113mas vienm\u0113r\u012bgu un efekt\u012bvu darb\u012bbu.<\/p>\n<p><img decoding=\"async\" src=\"https:\/\/www.hydraulic-cylinders.net\/wp-content\/uploads\/2025\/04\/songte-bushings-with-all-kinds-of-excavator-models.webp\" alt=\"Str\u0113les cilindra komponenti\" \/><\/p>\n<h2>Par m\u016bsu uz\u0146\u0113mumu<\/h2>\n<p>M\u0113s esam vado\u0161ais hidraulisko cilindru ra\u017eot\u0101js, kas specializ\u0113jas kvalitat\u012bvu da\u017e\u0101du mode\u013cu rezerves da\u013cu nodro\u0161in\u0101\u0161an\u0101. M\u016bsu pla\u0161ais produktu kl\u0101sts m\u016bs pozicion\u0113 k\u0101 galveno sp\u0113l\u0113t\u0101ju gan viet\u0113j\u0101, gan starptautiskaj\u0101 tirg\u016b. M\u0113s iev\u0113rojam augst\u0101kos izcil\u012bbas standartus, ko virza ap\u0146em\u0161an\u0101s iev\u0113rot izsmalcin\u0101tu ra\u017eo\u0161anas praksi. M\u016bsu ra\u017eotne ir apr\u012bkota ar modern\u0101m digit\u0101l\u0101s ra\u017eo\u0161anas tehnolo\u0123ij\u0101m un profesion\u0101lu test\u0113\u0161anas sist\u0113mu, kas \u013cauj mums uzlabot ra\u017eo\u0161anas efektivit\u0101ti un produktu kvalit\u0101ti. M\u016bsu iesp\u0113jas \u013cauj mums apmierin\u0101t da\u017e\u0101das klientu pras\u012bbas ar augstu precizit\u0101ti un uzticam\u012bbu.<\/p>\n<p><img decoding=\"async\" src=\"https:\/\/www.hydraulic-cylinders.net\/wp-content\/uploads\/2025\/04\/songte-company-4.webp\" alt=\"Uz\u0146\u0113muma p\u0101rskats\" \/><br \/>\n<img decoding=\"async\" src=\"https:\/\/www.hydraulic-cylinders.net\/wp-content\/uploads\/2025\/04\/songte-company-3.webp\" alt=\"M\u016bsu ra\u017eotne\" \/><\/p>\n<p>\u4f5c\u8005 lyl<\/p>","protected":false},"excerpt":{"rendered":"<p>Boom Cylinder For Sunward Large Excavator SWE470E Introduction to the Boom Cylinder The Boom Cylinder is a vital component in the hydraulic systems of heavy machinery, specifically designed for controlling the movement of buckets in excavators, backhoes, and front loaders. It allows for the seamless lifting, lowering, and tilting of the bucket, which is essential [&hellip;]<\/p>","protected":false},"featured_media":17873,"comment_status":"open","ping_status":"closed","template":"","meta":{"_et_pb_use_builder":"","_et_pb_old_content":"","_et_gb_content_width":""},"product_brand":[],"product_cat":[1546],"product_tag":[1547,1496],"class_list":{"0":"post-19248","1":"product","2":"type-product","3":"status-publish","4":"has-post-thumbnail","6":"product_cat-boom-cylinders","7":"product_tag-boom-cylinders","8":"product_tag-hydraulic-cylinders","10":"first","11":"instock","12":"shipping-taxable","13":"product-type-simple"},"amp_enabled":true,"_links":{"self":[{"href":"https:\/\/www.hydraulic-cylinders.net\/lv\/wp-json\/wp\/v2\/product\/19248","targetHints":{"allow":["GET"]}}],"collection":[{"href":"https:\/\/www.hydraulic-cylinders.net\/lv\/wp-json\/wp\/v2\/product"}],"about":[{"href":"https:\/\/www.hydraulic-cylinders.net\/lv\/wp-json\/wp\/v2\/types\/product"}],"replies":[{"embeddable":true,"href":"https:\/\/www.hydraulic-cylinders.net\/lv\/wp-json\/wp\/v2\/comments?post=19248"}],"wp:featuredmedia":[{"embeddable":true,"href":"https:\/\/www.hydraulic-cylinders.net\/lv\/wp-json\/wp\/v2\/media\/17873"}],"wp:attachment":[{"href":"https:\/\/www.hydraulic-cylinders.net\/lv\/wp-json\/wp\/v2\/media?parent=19248"}],"wp:term":[{"taxonomy":"product_brand","embeddable":true,"href":"https:\/\/www.hydraulic-cylinders.net\/lv\/wp-json\/wp\/v2\/product_brand?post=19248"},{"taxonomy":"product_cat","embeddable":true,"href":"https:\/\/www.hydraulic-cylinders.net\/lv\/wp-json\/wp\/v2\/product_cat?post=19248"},{"taxonomy":"product_tag","embeddable":true,"href":"https:\/\/www.hydraulic-cylinders.net\/lv\/wp-json\/wp\/v2\/product_tag?post=19248"}],"curies":[{"name":"wp","href":"https:\/\/api.w.org\/{rel}","templated":true}]}}