{"id":19287,"date":"2025-04-07T06:24:59","date_gmt":"2025-04-07T06:24:59","guid":{"rendered":"https:\/\/www.hydraulic-cylinders.net\/product\/boom-cylinder-for-liugong-small-excavator-clg908c-908d\/"},"modified":"2025-04-07T06:25:01","modified_gmt":"2025-04-07T06:25:01","slug":"boom-cylinder-for-liugong-small-excavator-clg908c-908d","status":"publish","type":"product","link":"https:\/\/www.hydraulic-cylinders.net\/lv\/products\/boom-cylinder-for-liugong-small-excavator-clg908c-908d\/","title":{"rendered":"Liugong maz\u0101 ekskavatora CLG908C\/908D str\u0113les cilindrs"},"content":{"rendered":"<h1>Liugong maz\u0101 ekskavatora CLG908C\/908D str\u0113les cilindrs<\/h1>\n<h2>Produkta defin\u012bcija un p\u0101rskats<\/h2>\n<p>Str\u0113les cilindrs ir svar\u012bga hidrauliska sast\u0101vda\u013ca, kas \u012bpa\u0161i paredz\u0113ta ekskavatora kausu p\u0101rvieto\u0161anai smagaj\u0101s ma\u0161\u012bn\u0101s, piem\u0113ram, ekskavatoros, ekskavatoros-ekskavatoros un front\u0101lajos iekr\u0101v\u0113jos. Tas \u013cauj pacelt, nolaist un noliekt kausu, padarot to par b\u016btisku efekt\u012bviem materi\u0101lu apstr\u0101des uzdevumiem. Hidrauliskaj\u0101 sist\u0113m\u0101 \u0161ie cilindri p\u0101rveido hidraulisko spiedienu meh\u0101nisk\u0101 sp\u0113k\u0101, nodro\u0161inot prec\u012bzu vad\u012bbu un sp\u0113c\u012bgas kust\u012bbas, kas nepiecie\u0161amas da\u017e\u0101d\u0101m rak\u0161anas oper\u0101cij\u0101m.<\/p>\n<p>K\u0101 hidraulisk\u0101 cilindra veids, str\u0113les cilindram ir b\u016btiska loma tehnikas efekt\u012bvas darb\u012bbas nodro\u0161in\u0101\u0161an\u0101. Kad hidrauliskais \u0161\u0137idrums tiek ies\u016bkn\u0113ts cilindr\u0101, tas rada spiedienu, kas p\u0101rvieto virzuli iek\u0161pus\u0113, k\u0101 rezult\u0101t\u0101 str\u0113le izstiepjas vai ievelkas. \u0160\u012b funkcionalit\u0101te ir \u0101rk\u0101rt\u012bgi svar\u012bga b\u016bvniec\u012bbas un nojauk\u0161anas projektos, kur prec\u012bza kausa pozicion\u0113\u0161ana var b\u016btiski ietekm\u0113t veicam\u0101 uzdevuma kop\u0113jo efektivit\u0101ti.<\/p>\n<p><img decoding=\"async\" src=\"https:\/\/www.hydraulic-cylinders.net\/wp-content\/uploads\/2025\/04\/songte-company-1.webp\" alt=\"Str\u0113les cilindra att\u0113ls\"><\/p>\n<h2>Produkta funkcijas<\/h2>\n<ul>\n<li>\n<h3>Augsta iztur\u012bba un ilgm\u016b\u017e\u012bba<\/h3>\n<p>M\u016bsu str\u0113les cilindri, kas parasti ir izgatavoti no augstas stipr\u012bbas t\u0113rauda vai alum\u012bnija, ir paredz\u0113ti, lai iztur\u0113tu augstu spiedienu un lielas slodzes. Tie ir izstr\u0101d\u0101ti, lai iztur\u0113tu skarbus darba apst\u0101k\u013cus, uzsverot nodilumiztur\u012bbu un aizsardz\u012bbu pret koroziju, lai pagarin\u0101tu to kalpo\u0161anas laiku.<\/p>\n<\/li>\n<li>\n<h3>Efekt\u012bva hidraulisk\u0101 darb\u012bba<\/h3>\n<p>\u0160ie cilindri izmanto hidraulisk\u0101 \u0161\u0137idruma spiedienu, lai pan\u0101ktu vienm\u0113r\u012bgas ievilk\u0161anas un izstiep\u0161anas darb\u012bbas. Tas \u013cauj \u0101tri rea\u0123\u0113t uz operatora komand\u0101m, nodro\u0161inot sp\u0113c\u012bgus stum\u0161anas un vilk\u0161anas sp\u0113kus, kas piem\u0113roti smagu materi\u0101lu apstr\u0101dei un sare\u017e\u0123\u012btu uzdevumu veik\u0161anai.<\/p>\n<\/li>\n<li>\n<h3>Da\u017e\u0101das konfigur\u0101cijas<\/h3>\n<p>M\u016bsu str\u0113les cilindrus var piel\u0101got \u012bpa\u0161\u0101m vajadz\u012bb\u0101m, pied\u0101v\u0101jot vienas darb\u012bbas (hidraulika darbojas vien\u0101 virzien\u0101) vai divk\u0101r\u0161as darb\u012bbas (darbojas abos virzienos) konstrukcijas. Da\u017eiem mode\u013ciem ir teleskopiskas iesp\u0113jas, kas \u013cauj veikt liel\u0101ku pagarin\u0101jumu, nepalielinot \u0101r\u0113jos izm\u0113rus, kas ir ide\u0101li piem\u0113rots \u0161aur\u0101m telp\u0101m.<\/p>\n<\/li>\n<li>\n<h3>Prec\u012bzijas in\u017eenierija<\/h3>\n<p>Katrs str\u0113les cilindrs ir prec\u012bzi konstru\u0113ts atbilsto\u0161i nozares standartiem, nodro\u0161inot uzticamu veiktsp\u0113ju un minim\u0101lu d\u012bkst\u0101vi ekspluat\u0101cijas laik\u0101.<\/p>\n<\/li>\n<li>\n<h3>Sader\u012bba un nomai\u0146a<\/h3>\n<p>M\u0113s ra\u017eojam \u0161os produktus, lai perfekti aizst\u0101tu eso\u0161os hidrauliskos cilindrus, nodro\u0161inot neman\u0101mu integr\u0101ciju ar da\u017e\u0101diem ekskavatoru un smag\u0101s tehnikas mode\u013ciem.<\/p>\n<\/li>\n<\/ul>\n<p><img decoding=\"async\" src=\"https:\/\/www.hydraulic-cylinders.net\/wp-content\/uploads\/2025\/04\/songte-cylinder-head-with-all-kinds-excavator-models.webp\" alt=\"Cilindra galvas att\u0113ls\"><\/p>\n<h2>Lietojumprogrammu scen\u0101riji<\/h2>\n<ul>\n<li>\n<h3>Celtniec\u012bbas apr\u012bkojums<\/h3>\n<p>Ekskavatoros str\u0113les cilindri ir neat\u0146emama sast\u0101vda\u013ca rak\u0161anai, iekrau\u0161anai un augsnes vai gru\u017eu p\u0101rvieto\u0161anai. To precizit\u0101te un jauda nodro\u0161ina efekt\u012bvu rak\u0161anu un materi\u0101lu p\u0101rvald\u012bbu, uzlabojot produktivit\u0101ti b\u016bvlaukumos.<\/p>\n<\/li>\n<li>\n<h3>Lauksaimniec\u012bbas tehnika<\/h3>\n<p>Front\u0101lajos iekr\u0101v\u0113jos izmantotie str\u0113les cilindri \u013cauj gr\u0101bt, pacelt un transport\u0113t augsni, sienu un da\u017e\u0101dus materi\u0101lus. To iztur\u012bg\u0101 konstrukcija nodro\u0161ina uzticamu veiktsp\u0113ju pat sare\u017e\u0123\u012btos lauksaimniec\u012bbas apst\u0101k\u013cos.<\/p>\n<\/li>\n<li>\n<h3>Rak\u0161anas ma\u0161\u012bnas<\/h3>\n<p>Ar sp\u0113ju iek\u013c\u016bt augsn\u0113, str\u0113les cilindrs atvieglo ekskavatoru rak\u0161anas darb\u012bbu, padarot to par b\u016btisku sast\u0101vda\u013cu efekt\u012bv\u0101m zemes p\u0101rvieto\u0161anas oper\u0101cij\u0101m.<\/p>\n<\/li>\n<li>\n<h3>Iekr\u0101v\u0113ji<\/h3>\n<p>Front\u0101lajos iekr\u0101v\u0113jos str\u0113les cilindri pal\u012bdz efekt\u012bvi pacelt un izkraut kravas, nodro\u0161inot darb\u012bbas efektivit\u0101ti materi\u0101lu apstr\u0101des uzdevumu laik\u0101.<\/p>\n<\/li>\n<\/ul>\n<h2>Dizaina apsv\u0113rumi un atlases krit\u0113riji<\/h2>\n<ul>\n<li>\n<h3>Kravnes\u012bba<\/h3>\n<p>Iz\u0161\u0137iro\u0161s faktors str\u0113les cilindru projekt\u0113\u0161an\u0101 ir to kravnes\u012bba. Tie j\u0101projekt\u0113 t\u0101, lai iztur\u0113tu maksim\u0101l\u0101s paredzam\u0101s slodzes, neapdraudot dro\u0161\u012bbu vai veiktsp\u0113ju. Tas ietver atbilsto\u0161u materi\u0101lu izv\u0113li un cilindra izm\u0113ra un konfigur\u0101cijas projekt\u0113\u0161anu, lai atbilstu konkr\u0113t\u0101m ekspluat\u0101cijas pras\u012bb\u0101m.<\/p>\n<\/li>\n<li>\n<h3>Bl\u012bv\u0113\u0161anas meh\u0101nismi<\/h3>\n<p>Efekt\u012bva bl\u012bv\u0113\u0161ana ir b\u016btiska, lai nov\u0113rstu hidraulisk\u0101 \u0161\u0137idruma nopl\u016bdes un uztur\u0113tu optim\u0101lu spiedienu cilindr\u0101. Augstas kvalit\u0101tes bl\u012bves, kas izgatavotas no iztur\u012bgiem materi\u0101liem, piem\u0113ram, poliuret\u0101na un nitrilgumijas, ir \u013coti svar\u012bgas, lai nodro\u0161in\u0101tu hidraulisk\u0101s sist\u0113mas ilgm\u016b\u017e\u012bbu un efektivit\u0101ti.<\/p>\n<\/li>\n<li>\n<h3>Iztur\u012bba<\/h3>\n<p>Iztur\u012bba ir \u0101rk\u0101rt\u012bgi svar\u012bga hidraulisko cilindru konstrukcij\u0101. Augstas iztur\u012bbas materi\u0101lu izmanto\u0161ana apvienojum\u0101 ar virsmas apstr\u0101di var uzlabot nodilumiztur\u012bbu un aizsardz\u012bbu pret koroziju, nodro\u0161inot cilindra labu darb\u012bbu laika gait\u0101 pat sare\u017e\u0123\u012btos apst\u0101k\u013cos.<\/p>\n<\/li>\n<li>\n<h3>Dro\u0161\u012bbas funkcijas<\/h3>\n<p>Dro\u0161\u012bbas apsv\u0113rumi ir kritiski svar\u012bgi str\u0113les cilindru projekt\u0113\u0161an\u0101. Iek\u013caujot t\u0101das funkcijas k\u0101 spiediena samazin\u0101\u0161anas v\u0101rstus un av\u0101rijas aptur\u0113\u0161anas meh\u0101nismus, var nov\u0113rst katastrof\u0101las k\u013c\u016bmes un uzlabot operatora dro\u0161\u012bbu iek\u0101rtas darb\u012bbas laik\u0101.<\/p>\n<\/li>\n<li>\n<h3>Uzturam\u012bba<\/h3>\n<p>Apkopes nodro\u0161in\u0101\u0161anas projekt\u0113\u0161ana ietver to, lai komponentiem b\u016btu viegli piek\u013c\u016bt p\u0101rbaudei un remontam. Tas ietver br\u012bvas piek\u013cuves nodro\u0161in\u0101\u0161anu bl\u012bv\u0113m, sm\u0113rviel\u0101m un cit\u0101m svar\u012bg\u0101m deta\u013c\u0101m, lai atvieglotu regul\u0101ru apkopi un pagarin\u0101tu balona kalpo\u0161anas laiku.<\/p>\n<\/li>\n<\/ul>\n<p><img decoding=\"async\" src=\"https:\/\/www.hydraulic-cylinders.net\/wp-content\/uploads\/2025\/04\/songte-oil-pipes-and-spare-parts.webp\" alt=\"E\u013c\u013cas caurules un rezerves da\u013cu att\u0113ls\"><\/p>\n<h2>Bl\u012bv\u0113\u0161ana un e\u013c\u013co\u0161ana<\/h2>\n<p>Hidraulisko cilindru darb\u012bbu b\u016btiski ietekm\u0113 to bl\u012bv\u0113\u0161anas un e\u013c\u013co\u0161anas sist\u0113mas. Lai nodro\u0161in\u0101tu optim\u0101lu darb\u012bbu, tiek izmantoti da\u017e\u0101di bl\u012bv\u0113\u0161anas komponenti, tostarp virzu\u013ca bl\u012bv\u0113jumi un stie\u0146u bl\u012bv\u0113jumi. Bl\u012bv\u0113jumi, kas izgatavoti no nodilumiztur\u012bgiem materi\u0101liem, piem\u0113ram, poliuret\u0101na un nitrila gumijas, nov\u0113r\u0161 hidraulisk\u0101 \u0161\u0137idruma nopl\u016bdes, vienlaikus saglab\u0101jot iek\u0161\u0113jo spiedienu.<\/p>\n<p>Turkl\u0101t cilindra korpusa un v\u012bt\u0146oto galu virsmas tiek r\u016bp\u012bgi apstr\u0101d\u0101tas, lai uzlabotu nodilumiztur\u012bbu. Regul\u0101ra e\u013c\u013co\u0161ana ar atbilsto\u0161u hidraulisko e\u013c\u013cu ir nepiecie\u0161ama, lai samazin\u0101tu berzi un nodilumu, nodro\u0161inot cilindra vienm\u0113r\u012bgu darb\u012bbu. Pareiza e\u013c\u013co\u0161anas prakse pagarina hidraulisko komponentu kop\u0113jo kalpo\u0161anas laiku un uzlabo to veiktsp\u0113ju.<\/p>\n<h2>Prevent\u012bvie apkopes pas\u0101kumi<\/h2>\n<ul>\n<li>\n<h3>Regul\u0101ras p\u0101rbaudes<\/h3>\n<p>Regul\u0101ras str\u0113les cilindra p\u0101rbaudes pal\u012bdz identific\u0113t potenci\u0101l\u0101s probl\u0113mas, pirms t\u0101s saasin\u0101s. Mekl\u0113jiet nodiluma paz\u012bmes, nopl\u016bdes vai neparastus trok\u0161\u0146us un nekav\u0113joties nov\u0113rsiet visas probl\u0113mas, lai nov\u0113rstu turpm\u0101kus boj\u0101jumus.<\/p>\n<\/li>\n<li>\n<h3>Piem\u0113rota e\u013c\u013co\u0161ana<\/h3>\n<p>Pareiza hidraulisk\u0101s e\u013c\u013cas l\u012bme\u0146a uztur\u0113\u0161ana ir \u013coti svar\u012bga optim\u0101lai darb\u012bbai. P\u0101rliecinieties, vai izmantot\u0101 e\u013c\u013ca ir piem\u0113rota konkr\u0113tajai hidrauliskajai sist\u0113mai un vai t\u0101 tiek regul\u0101ri main\u012bta, lai nov\u0113rstu pies\u0101r\u0146ojumu un boj\u0101jumus.<\/p>\n<\/li>\n<li>\n<h3>Bl\u012bv\u0113juma nomai\u0146a<\/h3>\n<p>Bl\u012bves ir pak\u013cautas nodilumam un t\u0101s ir bie\u017ei j\u0101p\u0101rbauda. Nomainiet bl\u012bves, kur\u0101m ir boj\u0101juma vai nodiluma paz\u012bmes, lai izvair\u012btos no nopl\u016bd\u0113m un saglab\u0101tu hidraulisk\u0101s sist\u0113mas efektivit\u0101ti.<\/p>\n<\/li>\n<\/ul>\n<h2>Uzst\u0101d\u012b\u0161anas vadl\u012bnijas<\/h2>\n<p>Str\u0113les cilindra uzst\u0101d\u012b\u0161ana prasa r\u016bp\u012bgu uzman\u012bbu deta\u013c\u0101m. Vispirms p\u0101rliecinieties, ka darba vieta ir t\u012bra un bez gru\u017eiem. Pareizi izl\u012bdziniet cilindru ar stiprin\u0101juma punktiem, izmantojot atbilsto\u0161us kron\u0161teinus, lai nostiprin\u0101tu poz\u012bciju. Ir \u013coti svar\u012bgi p\u0101rbaud\u012bt pareizu izl\u012bdzin\u0101\u0161anu, lai darb\u012bbas laik\u0101 nov\u0113rstu p\u0101rm\u0113r\u012bgu slodzi uz cilindru.<\/p>\n<p>P\u0113c tam pievienojiet hidraulisk\u0101s l\u012bnijas cilindram, p\u0101rliecinoties, ka savienojumi ir cie\u0161i un bez nopl\u016bd\u0113m. Kad savienojums ir izveidots, piepildiet hidraulisko sist\u0113mu ar ieteicamo hidraulisko \u0161\u0137idrumu un izlaidiet no sist\u0113mas gaisu, lai nodro\u0161in\u0101tu vienm\u0113r\u012bgu darb\u012bbu. P\u0113c uzst\u0101d\u012b\u0161anas veiciet funkcionalit\u0101tes p\u0101rbaudi, lai p\u0101rliecin\u0101tos, ka cilindrs darbojas, k\u0101 paredz\u0113ts.<\/p>\n<h2>Bie\u017ei sastopamie apkopes uzdevumi<\/h2>\n<ul>\n<li>\n<h3>Regul\u0101ras p\u0101rbaudes<\/h3>\n<p>Regul\u0101ri veiciet p\u0101rbaudes, lai nov\u0113rt\u0113tu str\u0113les cilindra st\u0101vokli. Tas ietver nopl\u016b\u017eu, nodiluma un visp\u0101r\u0113j\u0101s funkcionalit\u0101tes p\u0101rbaudi. Probl\u0113mu agr\u012bna atkl\u0101\u0161ana var nov\u0113rst d\u0101rgus remontdarbus un d\u012bkst\u0101ves.<\/p>\n<\/li>\n<li>\n<h3>Piem\u0113rota e\u013c\u013co\u0161ana<\/h3>\n<p>P\u0101rliecinieties, vai hidrauliskais cilindrs ir iee\u013c\u013cots saska\u0146\u0101 ar ra\u017eot\u0101ja specifik\u0101cij\u0101m. Pareiza e\u013c\u013co\u0161ana samazina berzi un nodilumu, t\u0101d\u0113j\u0101di uzlabojot cilindra kalpo\u0161anas laiku un veiktsp\u0113ju.<\/p>\n<\/li>\n<li>\n<h3>Bl\u012bvju nomai\u0146as un kalibr\u0113\u0161anas p\u0101rbaudes<\/h3>\n<p>Bl\u012bves j\u0101nomaina p\u0113c nepiecie\u0161am\u012bbas, lai uztur\u0113tu efekt\u012bvu bl\u012bv\u0113jumu un nov\u0113rstu nopl\u016bdes. Turkl\u0101t ir svar\u012bgi veikt periodiskas kalibr\u0113\u0161anas p\u0101rbaudes, lai nodro\u0161in\u0101tu, ka hidraulisk\u0101 sist\u0113ma darbojas atbilsto\u0161i noteiktajiem parametriem, maksim\u0101li palielinot efektivit\u0101ti un dro\u0161\u012bbu.<\/p>\n<\/li>\n<\/ul>\n<p><img decoding=\"async\" src=\"https:\/\/www.hydraulic-cylinders.net\/wp-content\/uploads\/2025\/04\/songte-chushion-collar.webp\" alt=\"Spilvenu apkakles att\u0113ls\"><\/p>\n<h2>Dro\u0161\u012bbas apsv\u0113rumi un vides faktori<\/h2>\n<p>Izmantojot hidrauliskos cilindrus, dro\u0161\u012bbas pas\u0101kumi ir \u0101rk\u0101rt\u012bgi svar\u012bgi. Operatoriem j\u0101b\u016bt apm\u0101c\u012btiem izprast ar hidrauliskaj\u0101m iek\u0101rt\u0101m saist\u012btos riskus un iev\u0113rot dro\u0161\u012bbas protokolus, lai samazin\u0101tu negad\u012bjumu un traumu skaitu. Regul\u0101ras dro\u0161\u012bbas p\u0101rbaudes un nozares standartu iev\u0113ro\u0161ana var mazin\u0101t iesp\u0113jamos apdraud\u0113jumus, nodro\u0161inot dro\u0161u darba vidi.<\/p>\n<h2>K\u013c\u016bmju diagnostika un bie\u017e\u0101k sastopam\u0101s probl\u0113mas<\/h2>\n<ul>\n<li>\n<h3>Hidraulisk\u0101 \u0161\u0137idruma nopl\u016bdes<\/h3>\n<p>Nopl\u016bdes bie\u017ei vien var izrais\u012bt nolietoti bl\u012bv\u0113jumi vai boj\u0101tas \u0161\u013c\u016btenes. Regul\u0101r\u0101m p\u0101rbaud\u0113m j\u0101koncentr\u0113jas uz jebk\u0101du nopl\u016bdes paz\u012bmju identific\u0113\u0161anu, kas var pasliktin\u0101t sist\u0113mas darb\u012bbu un izrais\u012bt turpm\u0101kus boj\u0101jumus.<\/p>\n<\/li>\n<li>\n<h3>Samazin\u0101ta jauda<\/h3>\n<p>Jaudas samazin\u0101\u0161an\u0101s var liecin\u0101t par t\u0101d\u0101m probl\u0113m\u0101m k\u0101 zems hidraulisk\u0101 \u0161\u0137idruma l\u012bmenis, pies\u0101r\u0146ojums vai iek\u0161\u0113jo cilindru boj\u0101jumi. R\u016bp\u012bgas hidraulisk\u0101s sist\u0113mas p\u0101rbaudes var pal\u012bdz\u0113t noteikt prec\u012bzu c\u0113loni un atvieglot savlaic\u012bgu remontu.<\/p>\n<\/li>\n<li>\n<h3>Neparastas ska\u0146as<\/h3>\n<p>D\u012bvainas ska\u0146as darb\u012bbas laik\u0101 var liecin\u0101t par meh\u0101nisk\u0101m probl\u0113m\u0101m, piem\u0113ram, nepareizu izl\u012bdzin\u0101\u0161anu vai iek\u0161\u0113ju nodilumu. Operatoriem nekav\u0113joties j\u0101izmekl\u0113 visi neparastie trok\u0161\u0146i, lai nov\u0113rstu turpm\u0101kas komplik\u0101cijas.<\/p>\n<\/li>\n<\/ul>\n<p>Lai efekt\u012bvi diagnostic\u0113tu un nov\u0113rstu \u0161\u012bs probl\u0113mas, operatoriem ir j\u0101veic apkopes \u017eurn\u0101ls un j\u0101iev\u0113ro probl\u0113mu nov\u0113r\u0161anas rokasgr\u0101mata. Prevent\u012bvu pas\u0101kumu, piem\u0113ram, regul\u0101ras apkopes un uzraudz\u012bbas, ievie\u0161ana var iev\u0113rojami samazin\u0101t nopietnu probl\u0113mu ra\u0161an\u0101s iesp\u0113jam\u012bbu.<\/p>\n<p><img decoding=\"async\" src=\"https:\/\/www.hydraulic-cylinders.net\/wp-content\/uploads\/2025\/04\/songte-bushings-with-all-kinds-of-excavator-models.webp\" alt=\"Bukses att\u0113ls\"><\/p>\n<h2>Par m\u016bsu uz\u0146\u0113mumu<\/h2>\n<p>M\u0113s esam vado\u0161ais rezerves hidraulisko cilindru ra\u017eot\u0101js, kas pied\u0101v\u0101 pla\u0161u produktu kl\u0101stu, kas apmierina gan viet\u0113jo, gan starptautisko tirgu vajadz\u012bbas. M\u016bsu ap\u0146em\u0161an\u0101s sasniegt izcil\u012bbu atspogu\u013cojas m\u016bsu progres\u012bvaj\u0101s ra\u017eo\u0161anas strat\u0113\u0123ij\u0101s, kas ietver augsti kvalific\u0113tu darbasp\u0113ku, modern\u0101k\u0101s digit\u0101l\u0101s ra\u017eo\u0161anas iek\u0101rtas un profesion\u0101las test\u0113\u0161anas sist\u0113mas.<\/p>\n<p>M\u016bsu koncentr\u0113\u0161an\u0101s uz kvalitat\u012bviem ra\u017eo\u0161anas mar\u0161rutiem ir \u013c\u0101vusi mums uzlabot ra\u017eo\u0161anas iesp\u0113jas, nodro\u0161inot, ka m\u0113s apmierin\u0101m da\u017e\u0101das klientu vajadz\u012bbas ar augstu efektivit\u0101ti, precizit\u0101ti un kvalit\u0101ti. M\u0113s pied\u0101v\u0101jam ar\u012b specializ\u0113tus piel\u0101go\u0161anas pakalpojumus, nodro\u0161inot, ka m\u016bsu produkti atbilst konkr\u0113t\u0101m darb\u012bbas pras\u012bb\u0101m. M\u016bsu ap\u0146em\u0161an\u0101s nodro\u0161in\u0101t klientu apmierin\u0101t\u012bbu ir redzama m\u016bsu visaptvero\u0161aj\u0101 p\u0113cp\u0101rdo\u0161anas atbalst\u0101, kas nodro\u0161ina, ka klienti sa\u0146em nepiecie\u0161amo pal\u012bdz\u012bbu p\u0113c pirkuma.<\/p>\n<p><img decoding=\"async\" src=\"https:\/\/www.hydraulic-cylinders.net\/wp-content\/uploads\/2025\/04\/songte-company-4.webp\" alt=\"Uz\u0146\u0113muma att\u0113ls 4\"><br \/>\n<img decoding=\"async\" src=\"https:\/\/www.hydraulic-cylinders.net\/wp-content\/uploads\/2025\/04\/songte-company-3.webp\" alt=\"Uz\u0146\u0113muma att\u0113ls 3\"><\/p>\n<p>Autors: lil<\/p>","protected":false},"excerpt":{"rendered":"<p>Boom Cylinder For Liugong Small Excavator CLG908C\/908D Product Definition and Overview The boom cylinder is a crucial hydraulic component specifically designed for the movement of excavator buckets in heavy machinery, such as excavators, backhoe diggers, and front loaders. It enables the lifting, lowering, and tilting of the bucket, making it essential for efficient material handling [&hellip;]<\/p>","protected":false},"featured_media":17867,"comment_status":"open","ping_status":"closed","template":"","meta":{"_et_pb_use_builder":"","_et_pb_old_content":"","_et_gb_content_width":""},"product_brand":[],"product_cat":[1546],"product_tag":[1547,1496],"class_list":{"0":"post-19287","1":"product","2":"type-product","3":"status-publish","4":"has-post-thumbnail","6":"product_cat-boom-cylinders","7":"product_tag-boom-cylinders","8":"product_tag-hydraulic-cylinders","10":"first","11":"instock","12":"shipping-taxable","13":"product-type-simple"},"amp_enabled":true,"_links":{"self":[{"href":"https:\/\/www.hydraulic-cylinders.net\/lv\/wp-json\/wp\/v2\/product\/19287","targetHints":{"allow":["GET"]}}],"collection":[{"href":"https:\/\/www.hydraulic-cylinders.net\/lv\/wp-json\/wp\/v2\/product"}],"about":[{"href":"https:\/\/www.hydraulic-cylinders.net\/lv\/wp-json\/wp\/v2\/types\/product"}],"replies":[{"embeddable":true,"href":"https:\/\/www.hydraulic-cylinders.net\/lv\/wp-json\/wp\/v2\/comments?post=19287"}],"wp:featuredmedia":[{"embeddable":true,"href":"https:\/\/www.hydraulic-cylinders.net\/lv\/wp-json\/wp\/v2\/media\/17867"}],"wp:attachment":[{"href":"https:\/\/www.hydraulic-cylinders.net\/lv\/wp-json\/wp\/v2\/media?parent=19287"}],"wp:term":[{"taxonomy":"product_brand","embeddable":true,"href":"https:\/\/www.hydraulic-cylinders.net\/lv\/wp-json\/wp\/v2\/product_brand?post=19287"},{"taxonomy":"product_cat","embeddable":true,"href":"https:\/\/www.hydraulic-cylinders.net\/lv\/wp-json\/wp\/v2\/product_cat?post=19287"},{"taxonomy":"product_tag","embeddable":true,"href":"https:\/\/www.hydraulic-cylinders.net\/lv\/wp-json\/wp\/v2\/product_tag?post=19287"}],"curies":[{"name":"wp","href":"https:\/\/api.w.org\/{rel}","templated":true}]}}