{"id":19289,"date":"2025-04-07T06:25:04","date_gmt":"2025-04-07T06:25:04","guid":{"rendered":"https:\/\/www.hydraulic-cylinders.net\/product\/boom-cylinder-for-liugong-small-excavator-clg915d\/"},"modified":"2025-04-07T06:25:07","modified_gmt":"2025-04-07T06:25:07","slug":"boom-cylinder-for-liugong-small-excavator-clg915d","status":"publish","type":"product","link":"https:\/\/www.hydraulic-cylinders.net\/lv\/products\/boom-cylinder-for-liugong-small-excavator-clg915d\/","title":{"rendered":"Liugong maz\u0101 ekskavatora CLG915D str\u0113les cilindrs"},"content":{"rendered":"<h1>Liugong maz\u0101 ekskavatora CLG915D str\u0113les cilindrs<\/h1>\n<h2>Str\u0113les cilindra p\u0101rskats<\/h2>\n<p>Str\u0113les cilindrs ir b\u016btiska hidraulisko sist\u0113mu sast\u0101vda\u013ca, kas \u012bpa\u0161i paredz\u0113ta kausa kust\u012bbas vad\u012bbai smagaj\u0101s ma\u0161\u012bn\u0101s, piem\u0113ram, ekskavatoros, ekskavatoros-iekr\u0101v\u0113jos un front\u0101lajos iekr\u0101v\u0113jos. \u0160is hidrauliskais cilindrs \u013cauj kausam pacelties, nolaisties un noliekties, atvieglojot materi\u0101lu apstr\u0101des uzdevumus, kas ir b\u016btiski b\u016bvniec\u012bbas un rak\u0161anas darbos.<\/p>\n<p>K\u0101 hidraulisk\u0101 cilindra veids, str\u0113les cilindram ir b\u016btiska loma iek\u0101rtu darb\u012bb\u0101. Tas darbojas, izmantojot hidraulisko \u0161\u0137idrumu sp\u0113ka \u0123ener\u0113\u0161anai, kas p\u0101rv\u0113r\u0161as prec\u012bz\u0101 kausa kust\u012bb\u0101. Str\u0113les cilindru konstrukcija un funkcionalit\u0101te ir piel\u0101gota, lai iztur\u0113tu lielas slodzes pielietojumu slodzi, nodro\u0161inot efektivit\u0101ti un uzticam\u012bbu da\u017e\u0101d\u0101s darba vid\u0113s.<\/p>\n<p><img decoding=\"async\" src=\"https:\/\/www.hydraulic-cylinders.net\/wp-content\/uploads\/2025\/04\/songte-company-1.webp\" alt=\"Str\u0113les cilindrs\" \/><\/p>\n<h2>Str\u0113les cilindra galven\u0101s iez\u012bmes<\/h2>\n<ul>\n<li><strong>Augsta iztur\u012bba un ilgm\u016b\u017e\u012bba:<\/strong> \u0160ie cilindri, kas parasti ir izgatavoti no augstas stipr\u012bbas t\u0113rauda vai alum\u012bnija, var iztur\u0113t augstu spiedienu un lielas slodzes, padarot tos piem\u0113rotus skarbiem darba apst\u0101k\u013ciem. Tie ir izstr\u0101d\u0101ti, \u0146emot v\u0113r\u0101 nodilumiztur\u012bbu un korozijas iztur\u012bbu, kas pagarina to kalpo\u0161anas laiku.<\/li>\n<li><strong>Efekt\u012bva hidraulisk\u0101 darb\u012bba:<\/strong> Izmantojot hidraulisk\u0101s e\u013c\u013cas spiedienu, str\u0113les cilindrs pan\u0101k vienm\u0113r\u012bgu izstiep\u0161anu un ievilk\u0161anu, nodro\u0161inot \u0101tru reakciju uz vad\u012bbas komand\u0101m un jaud\u012bgu stum\u0161anas un vilk\u0161anas sp\u0113ku, kas nepiecie\u0161ams smagu materi\u0101lu apstr\u0101dei un sare\u017e\u0123\u012btu uzdevumu veik\u0161anai.<\/li>\n<li><strong>Veidu da\u017e\u0101d\u012bba:<\/strong> Str\u0113les cilindrus var izv\u0113l\u0113ties k\u0101 vienk\u0101r\u0161as darb\u012bbas (hidrauliski darbojas vien\u0101 virzien\u0101) vai divk\u0101r\u0161as darb\u012bbas (hidrauliski darbojas abos virzienos), lai apmierin\u0101tu da\u017e\u0101das ekspluat\u0101cijas pras\u012bbas. Da\u017ei mode\u013ci ir teleskopiski, kas \u013cauj veikt liel\u0101ku pagarin\u0101jumu, nepalielinot \u0101r\u0113jos izm\u0113rus, padarot tos ide\u0101li piem\u0113rotus lietojumiem ar ierobe\u017eotu vietu.<\/li>\n<\/ul>\n<p>M\u0113s ra\u017eojam \u0161o produktu, un m\u016bsu str\u0113les cilindri lieliski aizst\u0101j eso\u0161os hidrauliskos cilindrus da\u017e\u0101dos pielietojumos.<\/p>\n<p><img decoding=\"async\" src=\"https:\/\/www.hydraulic-cylinders.net\/wp-content\/uploads\/2025\/04\/songte-cylinder-head-with-all-kinds-excavator-models.webp\" alt=\"Rezerves hidrauliskais cilindrs\" \/><\/p>\n<h2>Str\u0113les cilindra pielietojumi<\/h2>\n<h3>Celtniec\u012bbas apr\u012bkojums<\/h3>\n<p>Ekskavatoros str\u0113les cilindri ir b\u016btiski augsnes vai gru\u017eu rak\u0161anai, iekrau\u0161anai un transport\u0113\u0161anai. Tie atvieglo ma\u0161\u012bnas pamatfunkcijas, \u013caujot operatoriem efekt\u012bvi veikt uzdevumus. Prec\u012bza str\u0113les cilindra vad\u012bba \u013cauj operatoriem efekt\u012bvi manevr\u0113t kausu, nodro\u0161inot precizit\u0101ti rak\u0161anas darbos.<\/p>\n<h3>Lauksaimniec\u012bbas tehnika<\/h3>\n<p>Front\u0101lie iekr\u0101v\u0113ji izmanto str\u0113les cilindrus, lai paceltu, paceltu un transport\u0113tu augsni, sienu un citus materi\u0101lus. Sp\u0113ja kontrol\u0113t kausa augstumu un le\u0146\u0137i uzlabo lauksaimniec\u012bbas darb\u012bbu efektivit\u0101ti, \u013caujot lauksaimniekiem efekt\u012bv\u0101k p\u0101rvald\u012bt savus uzdevumus.<\/p>\n<h3>Ekskavatori<\/h3>\n<p>Ekskavatoros str\u0113les cilindrs \u013cauj kausam iek\u013c\u016bt augsn\u0113, veicot rak\u0161anas kust\u012bbas. \u0160\u012b sp\u0113ja ir \u013coti svar\u012bga rak\u0161anas projektos, jo t\u0101 \u013cauj ekskavatoram sasniegt da\u017e\u0101dus dzi\u013cumus, uzlabojot produktivit\u0101ti objekt\u0101.<\/p>\n<h3>Iekr\u0101v\u0113ji<\/h3>\n<p>Front\u0101lajos iekr\u0101v\u0113jos str\u0113les cilindri pal\u012bdz efekt\u012bvi pacelt un izg\u0101zt kravas. To konstrukcija nodro\u0161ina iev\u0113rojamu kravu notur\u0113\u0161anu, vienlaikus nodro\u0161inot prec\u012bzu kontroli darb\u012bbas laik\u0101, padarot tos neaizst\u0101jamus b\u016bvniec\u012bbas un materi\u0101lu apstr\u0101des uzdevumos.<\/p>\n<h2>Projekt\u0113\u0161anas apsv\u0113rumi un atlases standarti<\/h2>\n<h3>Kravnes\u012bba<\/h3>\n<p>Izv\u0113loties str\u0113les cilindru, kravnes\u012bba ir kritisks faktors. Cilindram j\u0101sp\u0113j iztur\u0113t maksim\u0101lo slodzi, kas paredzama ekspluat\u0101cijas laik\u0101. Ir svar\u012bgi \u0146emt v\u0113r\u0101 gan statisk\u0101s, gan dinamisk\u0101s slodzes, k\u0101 ar\u012b lieto\u0161anas bie\u017eumu, lai nodro\u0161in\u0101tu, ka cilindrs var darboties dro\u0161i bez k\u013c\u016bm\u0113m. Kravnes\u012bbas nenov\u0113rt\u0113\u0161ana var izrais\u012bt iek\u0101rtu boj\u0101jumus, dro\u0161\u012bbas apdraud\u0113jumus un palielin\u0101tas apkopes izmaksas.<\/p>\n<h3>Bl\u012bv\u0113jums un iztur\u012bba<\/h3>\n<p>Augstas kvalit\u0101tes bl\u012bv\u0113jums ir vit\u0101li svar\u012bgs, lai saglab\u0101tu str\u0113les cilindru efektivit\u0101ti un kalpo\u0161anas laiku. Efekt\u012bvi bl\u012bv\u0113jumi nov\u0113r\u0161 hidraulisk\u0101 \u0161\u0137idruma nopl\u016bdi, kas ir \u013coti svar\u012bgi hidraulisko sist\u0113mu darb\u012bbai. Iztur\u012bgu materi\u0101lu, piem\u0113ram, poliuret\u0101na un nitrilgumijas, izmanto\u0161ana bl\u012bv\u0113jumiem nodro\u0161ina iztur\u012bbu pret nodilumu un vides faktoriem, uzlabojot cilindra veiktsp\u0113ju un ilgm\u016b\u017e\u012bbu.<\/p>\n<h3>Dro\u0161\u012bbas funkcijas<\/h3>\n<p>Dro\u0161\u012bba ir \u0101rk\u0101rt\u012bgi svar\u012bga, projekt\u0113jot str\u0113les cilindrus. Iek\u013caujot t\u0101das funkcijas k\u0101 spiediena samazin\u0101\u0161anas v\u0101rstus un dro\u0161\u012bbas aptur\u0113\u0161anas meh\u0101nismus, var nov\u0113rst p\u0101rslodzi un nodro\u0161in\u0101t dro\u0161u darb\u012bbu lieljaudas darbu laik\u0101. Dro\u0161\u012bbas standartu iev\u0113ro\u0161ana projekt\u0113\u0161anas proces\u0101 aizsarg\u0101 operatorus un apr\u012bkojumu, samazinot negad\u012bjumu risku objekt\u0101.<\/p>\n<p><img decoding=\"async\" src=\"https:\/\/www.hydraulic-cylinders.net\/wp-content\/uploads\/2025\/04\/songte-oil-pipes-and-spare-parts.webp\" alt=\"Hidraulisk\u0101s sast\u0101vda\u013cas\" \/><\/p>\n<h2>Cilindra bl\u012bv\u0113\u0161ana un e\u013c\u013co\u0161ana<\/h2>\n<p>Pareiza bl\u012bv\u0113\u0161ana un e\u013c\u013co\u0161ana ir b\u016btiska str\u0113les cilindru optim\u0101lai darb\u012bbai. Lai nov\u0113rstu hidraulisk\u0101 \u0161\u0137idruma nopl\u016bdi, tiek izmantoti da\u017e\u0101di bl\u012bv\u0113jumi, tostarp virzu\u013ca bl\u012bv\u0113jumi un stie\u0146a bl\u012bv\u0113jumi. Lai uzlabotu iztur\u012bbu, ieteicams izmantot bl\u012bv\u0113jumus, kas izgatavoti no nodilumiztur\u012bgiem materi\u0101liem, piem\u0113ram, poliuret\u0101na un nitrila gumijas.<\/p>\n<p>Turkl\u0101t cilindra korpuss un v\u012bt\u0146ot\u0101s gala virsmas ir r\u016bp\u012bgi j\u0101apstr\u0101d\u0101, lai uzlabotu nodilumiztur\u012bbu. Regul\u0101ra e\u013c\u013co\u0161ana ar hidraulisko e\u013c\u013cu ir nepiecie\u0161ama, lai uztur\u0113tu vienm\u0113r\u012bgu darb\u012bbu un nov\u0113rstu berzi, kas var izrais\u012bt priek\u0161laic\u012bgu cilindra nodilumu vai boj\u0101jumu.<\/p>\n<h2>Prevent\u012bvie apkopes pas\u0101kumi<\/h2>\n<ul>\n<li><strong>Regul\u0101ras p\u0101rbaudes:<\/strong> Regul\u0101ri veiciet vizu\u0101las p\u0101rbaudes, lai p\u0101rliecin\u0101tos, ka str\u0113les cilindrs darbojas nevainojami, vai nav nodiluma, nopl\u016b\u017eu vai boj\u0101jumu paz\u012bmju.<\/li>\n<li><strong>E\u013c\u013co\u0161ana:<\/strong> P\u0101rliecinieties, ka cilindrs ir pietiekami iee\u013c\u013cots ar atbilsto\u0161u hidraulisko e\u013c\u013cu, lai nodro\u0161in\u0101tu vienm\u0113r\u012bgu darb\u012bbu un samazin\u0101tu nodilumu.<\/li>\n<li><strong>Bl\u012bv\u0113juma nomai\u0146a:<\/strong> Regul\u0101ri p\u0101rbaudiet un nomainiet bl\u012bves p\u0113c nepiecie\u0161am\u012bbas, lai saglab\u0101tu hidraulisk\u0101s sist\u0113mas integrit\u0101ti un nov\u0113rstu nopl\u016bdes.<\/li>\n<\/ul>\n<h2>Uzst\u0101d\u012b\u0161anas vadl\u012bnijas<\/h2>\n<p>Pareiza str\u0113les cilindra uzst\u0101d\u012b\u0161ana ir \u013coti svar\u012bga optim\u0101lai veiktsp\u0113jai. Vispirms p\u0101rliecinieties, vai visas sast\u0101vda\u013cas ir t\u012bras un bez gru\u017eiem. Novietojiet cilindru atbilsto\u0161i mont\u0101\u017eas kron\u0161teiniem, p\u0101rliecinoties, ka cilindrs ir pareizi orient\u0113ts, lai darb\u012bbas laik\u0101 izvair\u012btos no jebk\u0101das slodzes.<\/p>\n<p>Izmantojiet atbilsto\u0161us mont\u0101\u017eas kron\u0161teinus, lai stingri nostiprin\u0101tu cilindru viet\u0101. Pareiza izl\u012bdzin\u0101\u0161ana pal\u012bdz nov\u0113rst bl\u012bv\u0113jumu nodilumu un pagarina cilindra kalpo\u0161anas laiku. P\u0113c uzst\u0101d\u012b\u0161anas veiciet r\u016bp\u012bgu p\u0101rbaudi, lai p\u0101rliecin\u0101tos, ka visi savienojumi ir cie\u0161i un ka hidraulisk\u0101 sist\u0113ma darbojas pareizi.<\/p>\n<h2>Bie\u017ei sastopamie apkopes uzdevumi<\/h2>\n<ul>\n<li><strong>Regul\u0101ras p\u0101rbaudes:<\/strong> Veiciet regul\u0101ras p\u0101rbaudes, lai p\u0101rliecin\u0101tos, ka deta\u013cas ir lab\u0101 st\u0101vokl\u012b, vai nav nodiluma vai boj\u0101jumu paz\u012bmju. Tas pal\u012bdz identific\u0113t potenci\u0101l\u0101s probl\u0113mas, pirms t\u0101s k\u013c\u016bst par nopietn\u0101m probl\u0113m\u0101m.<\/li>\n<li><strong>Piem\u0113rota e\u013c\u013co\u0161ana:<\/strong> Uztur\u0113t atbilsto\u0161u e\u013c\u013co\u0161anas l\u012bmeni, izmantojot ieteicamo hidraulisko e\u013c\u013cu, kas ir b\u016btiska vienm\u0113r\u012bgai darb\u012bbai un p\u0101rkar\u0161anas vai nodiluma nov\u0113r\u0161anai.<\/li>\n<li><strong>Bl\u012bv\u0113juma nomai\u0146as un kalibr\u0113\u0161anas p\u0101rbaudes:<\/strong> Regul\u0101ri p\u0101rbaudiet bl\u012bves, nomainot t\u0101s, ja nepiecie\u0161ams, un veiciet kalibr\u0113\u0161anas p\u0101rbaudes, lai nodro\u0161in\u0101tu, ka hidraulisk\u0101 sist\u0113ma darbojas noteikto parametru robe\u017e\u0101s.<\/li>\n<\/ul>\n<p>Pareiza uzst\u0101d\u012b\u0161ana, e\u013c\u013co\u0161ana un regul\u0113\u0161ana ir \u0101rk\u0101rt\u012bgi svar\u012bga, lai saglab\u0101tu str\u0113les cilindra efektivit\u0101ti. Uzst\u0101d\u012b\u0161anas laik\u0101 p\u0101rliecinieties, vai cilindrs ir perfekti izl\u012bdzin\u0101ts, lai samazin\u0101tu deta\u013cu nodilumu. Izmantojiet piem\u0113rotus mont\u0101\u017eas balstus, lai efekt\u012bvi nostiprin\u0101tu cilindru, kas pasarg\u0101 to no kust\u012bbas darb\u012bbas laik\u0101. Iev\u0113rojiet ieteicam\u0101s p\u0101rbaudes, remonta un nomai\u0146as proced\u016bras, lai nodro\u0161in\u0101tu str\u0113les cilindra optim\u0101lu veiktsp\u0113ju un ilgm\u016b\u017e\u012bbu.<\/p>\n<p><img decoding=\"async\" src=\"https:\/\/www.hydraulic-cylinders.net\/wp-content\/uploads\/2025\/04\/songte-chushion-collar.webp\" alt=\"Spilvenu apkakle\" \/><\/p>\n<h2>Dro\u0161\u012bbas apsv\u0113rumi un vides faktori<\/h2>\n<p>Iek\u013caujot str\u0113les cilindrus meh\u0101nismos, ir \u013coti svar\u012bgi iev\u0113rot dro\u0161\u012bbas pas\u0101kumus. Hidraulisk\u0101s sist\u0113mas pareiza apkope samazina negad\u012bjumu risku, jo boj\u0101tas deta\u013cas var izrais\u012bt iek\u0101rtu darb\u012bbas trauc\u0113jumus un potenci\u0101lu kait\u0113jumu operatoriem. Dro\u0161\u012bbas protokolu ievie\u0161ana, piem\u0113ram, aizsargl\u012bdzek\u013cu lieto\u0161ana un regul\u0101ra operatoru apm\u0101c\u012bba, ir b\u016btiska dro\u0161ai darba videi.<\/p>\n<h2>Probl\u0113mu nov\u0113r\u0161ana un bie\u017ei sastopamas probl\u0113mas<\/h2>\n<ul>\n<li><strong>Nopl\u016bde:<\/strong> Ja hidrauliskais \u0161\u0137idrums nopl\u016bst, p\u0101rbaudiet bl\u012bves un savienojumus, vai tie nav nodilu\u0161i vai boj\u0101ti. Nomainiet bl\u012bves, ja nepiecie\u0161ams, un pievelciet savienojumus, lai aptur\u0113tu nopl\u016bdes.<\/li>\n<li><strong>Slikta veiktsp\u0113ja:<\/strong> Ja cilindrs nedarbojas efekt\u012bvi, p\u0101rbaudiet hidraulisk\u0101 \u0161\u0137idruma l\u012bmeni un vai sist\u0113m\u0101 nav aizsprostojumu, kas var\u0113tu trauc\u0113t darb\u012bbu.<\/li>\n<li><strong>Neparastas ska\u0146as:<\/strong> Troksnis darb\u012bbas laik\u0101 var nor\u0101d\u012bt uz probl\u0113m\u0101m ar cilindru vai hidraulisko sist\u0113mu. Izp\u0113tiet ska\u0146as avotu un nov\u0113rsiet visus meh\u0101niskos vai hidrauliskos defektus.<\/li>\n<\/ul>\n<p>Padomi un risin\u0101jumi k\u013c\u016bmju diagnostikai var pal\u012bdz\u0113t operatoriem efekt\u012bvi risin\u0101t probl\u0113mas. Regul\u0101ra apkope un p\u0101rbaudes var nov\u0113rst daudzas probl\u0113mas, nodro\u0161inot, ka str\u0113les cilindrs saglab\u0101 savu funkcionalit\u0101ti un uzticam\u012bbu.<\/p>\n<p><img decoding=\"async\" src=\"https:\/\/www.hydraulic-cylinders.net\/wp-content\/uploads\/2025\/04\/songte-bushings-with-all-kinds-of-excavator-models.webp\" alt=\"Ekskavatora komponenti\" \/><\/p>\n<h2>Par m\u016bsu uz\u0146\u0113mumu<\/h2>\n<p>M\u0113s esam vado\u0161ais rezerves hidraulisko cilindru ra\u017eot\u0101js, kas pied\u0101v\u0101 pla\u0161u produktu kl\u0101stu, kas apmierina gan viet\u0113jo, gan starptautisko tirgu vajadz\u012bbas. M\u016bsu ap\u0146em\u0161an\u0101s sasniegt izcil\u012bbu atspogu\u013cojas m\u016bsu sare\u017e\u0123\u012btaj\u0101s ra\u017eo\u0161anas strat\u0113\u0123ij\u0101s, izmantojot augst\u0101k\u0101s klases digit\u0101lo apr\u012bkojumu un profesion\u0101las test\u0113\u0161anas sist\u0113mas, lai uzlabotu produktu kvalit\u0101ti.<\/p>\n<p>M\u016bsu pieredze neaprobe\u017eojas tikai ar standarta ra\u017eo\u0161anu; m\u0113s pied\u0101v\u0101jam ar\u012b piel\u0101gotus pakalpojumus, lai apmierin\u0101tu \u012bpa\u0161as klientu pras\u012bbas. M\u016bsu ra\u017eo\u0161anas iesp\u0113jas papildina sp\u0113c\u012bgs p\u0113cp\u0101rdo\u0161anas atbalsts, nodro\u0161inot, ka m\u016bsu klienti sa\u0146em vislab\u0101ko iesp\u0113jamo pieredzi ar m\u016bsu produktiem. M\u016bsu uzman\u012bba starptautiskaj\u0101m sertifik\u0101cij\u0101m v\u0113l vair\u0101k nostiprina m\u016bsu poz\u012bciju k\u0101 uzticams pieg\u0101d\u0101t\u0101js hidraulisko cilindru nozar\u0113.<\/p>\n<p><img decoding=\"async\" src=\"https:\/\/www.hydraulic-cylinders.net\/wp-content\/uploads\/2025\/04\/songte-company-4.webp\" alt=\"Uz\u0146\u0113muma telpas\" \/><br \/>\n<img decoding=\"async\" src=\"https:\/\/www.hydraulic-cylinders.net\/wp-content\/uploads\/2025\/04\/songte-company-3.webp\" alt=\"Uz\u0146\u0113muma p\u0101rskats\" \/><\/p>\n<p>Autors: lil<\/p>","protected":false},"excerpt":{"rendered":"<p>Boom Cylinder For Liugong Small Excavator CLG915D Overview of the Boom Cylinder The boom cylinder is a crucial component in hydraulic systems, specifically designed for controlling the movement of the bucket in heavy machinery such as excavators, backhoe loaders, and front-end loaders. This hydraulic cylinder allows the bucket to lift, lower, and tilt, facilitating material [&hellip;]<\/p>","protected":false},"featured_media":17869,"comment_status":"open","ping_status":"closed","template":"","meta":{"_et_pb_use_builder":"","_et_pb_old_content":"","_et_gb_content_width":""},"product_brand":[],"product_cat":[1546],"product_tag":[1547,1496],"class_list":{"0":"post-19289","1":"product","2":"type-product","3":"status-publish","4":"has-post-thumbnail","6":"product_cat-boom-cylinders","7":"product_tag-boom-cylinders","8":"product_tag-hydraulic-cylinders","10":"first","11":"instock","12":"shipping-taxable","13":"product-type-simple"},"amp_enabled":true,"_links":{"self":[{"href":"https:\/\/www.hydraulic-cylinders.net\/lv\/wp-json\/wp\/v2\/product\/19289","targetHints":{"allow":["GET"]}}],"collection":[{"href":"https:\/\/www.hydraulic-cylinders.net\/lv\/wp-json\/wp\/v2\/product"}],"about":[{"href":"https:\/\/www.hydraulic-cylinders.net\/lv\/wp-json\/wp\/v2\/types\/product"}],"replies":[{"embeddable":true,"href":"https:\/\/www.hydraulic-cylinders.net\/lv\/wp-json\/wp\/v2\/comments?post=19289"}],"wp:featuredmedia":[{"embeddable":true,"href":"https:\/\/www.hydraulic-cylinders.net\/lv\/wp-json\/wp\/v2\/media\/17869"}],"wp:attachment":[{"href":"https:\/\/www.hydraulic-cylinders.net\/lv\/wp-json\/wp\/v2\/media?parent=19289"}],"wp:term":[{"taxonomy":"product_brand","embeddable":true,"href":"https:\/\/www.hydraulic-cylinders.net\/lv\/wp-json\/wp\/v2\/product_brand?post=19289"},{"taxonomy":"product_cat","embeddable":true,"href":"https:\/\/www.hydraulic-cylinders.net\/lv\/wp-json\/wp\/v2\/product_cat?post=19289"},{"taxonomy":"product_tag","embeddable":true,"href":"https:\/\/www.hydraulic-cylinders.net\/lv\/wp-json\/wp\/v2\/product_tag?post=19289"}],"curies":[{"name":"wp","href":"https:\/\/api.w.org\/{rel}","templated":true}]}}