{"id":19303,"date":"2025-04-07T06:25:53","date_gmt":"2025-04-07T06:25:53","guid":{"rendered":"https:\/\/www.hydraulic-cylinders.net\/product\/boom-cylinder-for-liugong-middle-excavator-clg925lc-925ll\/"},"modified":"2025-04-07T06:25:56","modified_gmt":"2025-04-07T06:25:56","slug":"boom-cylinder-for-liugong-middle-excavator-clg925lc-925ll","status":"publish","type":"product","link":"https:\/\/www.hydraulic-cylinders.net\/lv\/products\/boom-cylinder-for-liugong-middle-excavator-clg925lc-925ll\/","title":{"rendered":"Liugong vid\u0113j\u0101 ekskavatora CLG925LC\/925LL str\u0113les cilindrs"},"content":{"rendered":"<h1>Liugong vid\u0113j\u0101 ekskavatora CLG925LC\/925LL str\u0113les cilindrs<\/h1>\n<h2>Produkta p\u0101rskats<\/h2>\n<p>Str\u0113les cilindrs ir svar\u012bga hidrauliska sast\u0101vda\u013ca, kas \u012bpa\u0161i izstr\u0101d\u0101ta Liugong vid\u0113j\u0101 ekskavatora mode\u013ciem CLG925LC un CLG925LL. K\u0101 hidraulisk\u0101 cilindra veids tam ir b\u016btiska loma ekskavatora str\u0113les kust\u012bbas kontrol\u0113\u0161an\u0101. Tas \u013cauj operatoriem pacelt, nolaist un noliekt str\u0113li, t\u0101d\u0113j\u0101di atvieglojot efekt\u012bvus materi\u0101lu apstr\u0101des uzdevumus da\u017e\u0101dos ekspluat\u0101cijas apst\u0101k\u013cos.<\/p>\n<p>Hidrauliskaj\u0101s sist\u0113m\u0101s str\u0113les cilindrs nodro\u0161ina prec\u012bzu kust\u012bbu, kas nepiecie\u0161ama smagaj\u0101m ma\u0161\u012bn\u0101m sare\u017e\u0123\u012btu uzdevumu veik\u0161anai. Tas darbojas, p\u0101rveidojot hidraulisko spiedienu meh\u0101nisk\u0101 sp\u0113k\u0101, nodro\u0161inot vienm\u0113r\u012bgas un atsauc\u012bgas kust\u012bbas, kas ir b\u016btiskas rak\u0161anas, b\u016bvniec\u012bbas un citos lieljaudas darbos.<\/p>\n<p><img decoding=\"async\" src=\"https:\/\/www.hydraulic-cylinders.net\/wp-content\/uploads\/2025\/04\/songte-company-1.webp\" alt=\"Liugong ekskavatora CLG925LC\/925LL str\u0113les cilindrs\" \/><\/p>\n<h2>Str\u0113les cilindra \u012bpa\u0161\u012bbas<\/h2>\n<ul>\n<li>\n<h3>Augsta iztur\u012bba un ilgm\u016b\u017e\u012bba<\/h3>\n<p>Izgatavots no augstas stipr\u012bbas t\u0113rauda vai alum\u012bnija, str\u0113les cilindrs ir paredz\u0113ts augsta spiediena un lielu kravu iztur\u0113\u0161anai. Tas ir veidots, lai iztur\u0113tu skarbus darba apst\u0101k\u013cus, un taj\u0101 ir iek\u013cautas nodilumiztur\u012bgas un pretkorozijas funkcijas, lai pagarin\u0101tu t\u0101 kalpo\u0161anas laiku.<\/p>\n<\/li>\n<li>\n<h3>Efekt\u012bva hidraulisk\u0101 darb\u012bba<\/h3>\n<p>Hidraulisk\u0101s e\u013c\u013cas spiediena izmanto\u0161ana nodro\u0161ina cilindra vienm\u0113r\u012bgu izvilk\u0161anu un ievilk\u0161anu. Tas nodro\u0161ina \u0101tru reakciju uz vad\u012bbas komand\u0101m, nodro\u0161inot sp\u0113c\u012bgus stum\u0161anas un vilk\u0161anas sp\u0113kus, kas piem\u0113roti smagu priek\u0161metu apstr\u0101dei un sare\u017e\u0123\u012btu uzdevumu veik\u0161anai.<\/p>\n<\/li>\n<li>\n<h3>Pieejami da\u017e\u0101di veidi<\/h3>\n<p>Atkar\u012bb\u0101 no ekspluat\u0101cijas vajadz\u012bb\u0101m str\u0113les cilindru var izv\u0113l\u0113ties vienas darb\u012bbas (hidraulisk\u0101 sist\u0113ma darbojas vien\u0101 virzien\u0101) vai divk\u0101r\u0161as darb\u012bbas (hidraulisk\u0101 sist\u0113ma darbojas divos virzienos) tipa. Da\u017ei mode\u013ci ir teleskopiski, kas \u013cauj veikt liel\u0101ku pagarin\u0101jumu, nepalielinot \u0101r\u0113jos izm\u0113rus, kas ir ide\u0101li piem\u0113rots lietojumiem ar ierobe\u017eotu vietu.<\/p>\n<\/li>\n<li>\n<h3>Piel\u0101gotas ra\u017eo\u0161anas iesp\u0113jas<\/h3>\n<p>M\u0113s varam ra\u017eot \u0161os cilindrus, lai tie perfekti aizst\u0101tu eso\u0161os hidrauliskos cilindrus, nodro\u0161inot sader\u012bbu un veiktsp\u0113ju da\u017e\u0101d\u0101s ma\u0161\u012bn\u0101s.<\/p>\n<\/li>\n<\/ul>\n<p><img decoding=\"async\" src=\"https:\/\/www.hydraulic-cylinders.net\/wp-content\/uploads\/2025\/04\/songte-cylinder-head-with-all-kinds-excavator-models.webp\" alt=\"Hidrauliskais cilindrs ekskavatoru mode\u013ciem\" \/><\/p>\n<h2>Lietojumprogrammu scen\u0101riji<\/h2>\n<ul>\n<li>\n<h3>Celtniec\u012bbas apr\u012bkojums<\/h3>\n<p>Ekskavatoros str\u0113les cilindrs ir \u013coti svar\u012bgs augsnes vai gru\u017eu rak\u0161anai, iekrau\u0161anai un p\u0101rvieto\u0161anai. T\u0101 darb\u012bba tie\u0161i ietekm\u0113 rak\u0161anas darbu efektivit\u0101ti, \u013caujot veikt \u0101tras un prec\u012bzas kust\u012bbas, kas nepiecie\u0161amas b\u016bvniec\u012bbas projektiem. Cilindrs pal\u012bdz gan rak\u0161an\u0101, gan cel\u0161an\u0101, padarot to neaizst\u0101jamu zemes p\u0101rvieto\u0161anas darbos.<\/p>\n<\/li>\n<li>\n<h3>Lauksaimniec\u012bbas tehnika<\/h3>\n<p>Front\u0101lajos iekr\u0101v\u0113jos str\u0113les cilindru izmanto augsnes, siena un citu materi\u0101lu sav\u0101k\u0161anai, pacel\u0161anai un transport\u0113\u0161anai. T\u0101 iztur\u012bg\u0101 konstrukcija nodro\u0161ina, ka tas sp\u0113j tikt gal\u0101 ar stingraj\u0101m lauksaimniec\u012bbas darbu pras\u012bb\u0101m, pal\u012bdzot t\u0101dos uzdevumos k\u0101 lauka sagatavo\u0161ana un materi\u0101lu transport\u0113\u0161ana.<\/p>\n<\/li>\n<li>\n<h3>Rak\u0161anas darbi<\/h3>\n<p>Str\u0113les cilindrs \u013cauj ekskavatoram efekt\u012bvi iek\u013c\u016bt augsn\u0113, padarot to par galveno komponentu da\u017e\u0101dos rak\u0161anas darbos. \u0160\u012b sp\u0113ja atvieglo efekt\u012bvu rak\u0161anu, \u013caujot operatoriem sasniegt dzi\u013c\u0101kus augsnes un ie\u017eu l\u012bme\u0146us, uzlabojot kop\u0113jo produktivit\u0101ti objekta sagatavo\u0161an\u0101.<\/p>\n<\/li>\n<li>\n<h3>Lietojumprogrammu iel\u0101de<\/h3>\n<p>Front\u0101lajos iekr\u0101v\u0113jos str\u0113les cilindrs pal\u012bdz efekt\u012bvi pacelt un izg\u0101zt kravas. Cilindra iztur\u012bba un rea\u0123\u0113tsp\u0113ja ir \u013coti svar\u012bga, lai apstr\u0101d\u0101tu lielgabar\u012bta un smagus materi\u0101lus, nodro\u0161inot, ka darb\u012bbas norit vienm\u0113r\u012bgi un efekt\u012bvi.<\/p>\n<\/li>\n<\/ul>\n<h2>Dizaina apsv\u0113rumi<\/h2>\n<ul>\n<li>\n<h3>Kravnes\u012bba<\/h3>\n<p>Str\u0113les cilindra konstrukciju liel\u0101 m\u0113r\u0101 ietekm\u0113 t\u0101 kravnes\u012bba. Tam j\u0101sp\u0113j iztur\u0113t str\u0113les svaru un jebk\u0101das papildu slodzes darb\u012bbas laik\u0101. Ir nepiecie\u0161ami r\u016bp\u012bgi apr\u0113\u0137ini, lai nodro\u0161in\u0101tu, ka cilindrs var iztur\u0113t maksim\u0101l\u0101s slodzes, neapdraudot dro\u0161\u012bbu vai veiktsp\u0113ju.<\/p>\n<\/li>\n<li>\n<h3>Bl\u012bv\u0113\u0161anas meh\u0101nismi<\/h3>\n<p>Efekt\u012bvs bl\u012bv\u0113jums ir \u0101rk\u0101rt\u012bgi svar\u012bgs hidrauliskajiem cilindriem, lai nov\u0113rstu nopl\u016bdes un uztur\u0113tu spiedienu. Bl\u012bv\u0113jumu, piem\u0113ram, virzu\u013ca bl\u012bv\u0113jumu un stie\u0146a bl\u012bv\u0113jumu, izv\u0113le ir kritiski svar\u012bga. Tie bie\u017ei tiek izgatavoti no iztur\u012bgiem materi\u0101liem, piem\u0113ram, poliuret\u0101na vai nitrila gumijas, kas pal\u012bdz uzlabot cilindra ilgm\u016b\u017e\u012bbu un efektivit\u0101ti.<\/p>\n<\/li>\n<li>\n<h3>Iztur\u012bba un apkope<\/h3>\n<p>Projekt\u0113\u0161anas apsv\u0113rumi ir v\u0113rsti ar\u012b uz cilindra iztur\u012bbu un apkopes vienk\u0101r\u0161\u012bbu. Izmantotajiem materi\u0101liem j\u0101b\u016bt iztur\u012bgiem pret nodilumu un koroziju, savuk\u0101rt konstrukcijai j\u0101nodro\u0161ina \u0113rta piek\u013cuve regul\u0101ru apkopes p\u0101rbau\u017eu laik\u0101, nodro\u0161inot produkta ekspluat\u0101cijas laiku.<\/p>\n<\/li>\n<li>\n<h3>Dro\u0161\u012bbas funkcijas<\/h3>\n<p>Dro\u0161\u012bbas elementu iek\u013cau\u0161ana konstrukcij\u0101 ir b\u016btiska. Tas ietver spiediena samazin\u0101\u0161anas sist\u0113mas, kas nov\u0113r\u0161 p\u0101rslodzi, nodro\u0161inot dro\u0161u darb\u012bbu jebkuros apst\u0101k\u013cos. Dro\u0161\u012bbas pas\u0101kumi ir \u013coti svar\u012bgi gan iek\u0101rtu, gan operatoru aizsardz\u012bbai.<\/p>\n<\/li>\n<li>\n<h3>Apkopes pieejam\u012bba<\/h3>\n<p>Vienk\u0101r\u0161as apkopes projekt\u0113\u0161ana ir b\u016btiska, lai nodro\u0161in\u0101tu str\u0113les cilindra ilgm\u016b\u017e\u012bbu. Funkcijas, kas \u013cauj veikt \u0101tras p\u0101rbaudes, e\u013c\u013co\u0161anu un bl\u012bv\u0113jumu nomai\u0146u, var iev\u0113rojami samazin\u0101t d\u012bkst\u0101ves laiku apkopes laik\u0101, saglab\u0101jot darb\u012bbas efektivit\u0101ti.<\/p>\n<\/li>\n<\/ul>\n<p><img decoding=\"async\" src=\"https:\/\/www.hydraulic-cylinders.net\/wp-content\/uploads\/2025\/04\/songte-oil-pipes-and-spare-parts.webp\" alt=\"Hidraulisk\u0101s e\u013c\u013cas caurules un rezerves da\u013cas\" \/><\/p>\n<h2>Bl\u012bv\u0113\u0161ana un e\u013c\u013co\u0161ana<\/h2>\n<p>Bl\u012bv\u0113\u0161ana un e\u013c\u013co\u0161ana ir kritiski svar\u012bgi str\u0113les cilindra darb\u012bbas aspekti. Lai uztur\u0113tu spiedienu un nov\u0113rstu hidraulisk\u0101 \u0161\u0137idruma nopl\u016bdes, tiek izmantoti da\u017e\u0101di bl\u012bv\u0113jumi, piem\u0113ram, virzu\u013ca bl\u012bv\u0113jumi un stie\u0146a bl\u012bv\u0113jumi. \u0160ie bl\u012bv\u0113jumi parasti ir izgatavoti no nodilumiztur\u012bgiem materi\u0101liem, piem\u0113ram, poliuret\u0101na un nitrila gumijas, kas ir b\u016btiski ilgsto\u0161as \u200b\u200bdarb\u012bbas nodro\u0161in\u0101\u0161anai.<\/p>\n<p>Cilindra korpuss un v\u012bt\u0146ot\u0101s gala virsmas tiek r\u016bp\u012bgi apstr\u0101d\u0101tas, lai uzlabotu nodilumiztur\u012bbu. Regul\u0101ra hidraulisk\u0101s e\u013c\u013cas pievieno\u0161ana e\u013c\u013co\u0161anai ir nepiecie\u0161ama, lai nodro\u0161in\u0101tu vienm\u0113r\u012bgu darb\u012bbu un samazin\u0101tu berzi, kas laika gait\u0101 var izrais\u012bt palielin\u0101tu nodilumu. Pareiza e\u013c\u013co\u0161ana ne tikai uzlabo veiktsp\u0113ju, bet ar\u012b pagarina hidraulisk\u0101 cilindra kalpo\u0161anas laiku.<\/p>\n<h2>Regul\u0101ra p\u0101rbaude un profilaktisk\u0101 apkope<\/h2>\n<ul>\n<li>\n<h3>Pl\u0101not\u0101s p\u0101rbaudes<\/h3>\n<p>Lai laikus identific\u0113tu visas iesp\u0113jam\u0101s probl\u0113mas, j\u0101veic regul\u0101ras p\u0101rbaudes. Tas ietver nopl\u016b\u017eu, bl\u012bv\u0113jumu nodiluma un cilindra visp\u0101r\u0113j\u0101s integrit\u0101tes p\u0101rbaudi. Agr\u012bna atkl\u0101\u0161ana var nov\u0113rst nopietn\u0101kus boj\u0101jumus un pagarin\u0101t iek\u0101rtas kalpo\u0161anas laiku.<\/p>\n<\/li>\n<li>\n<h3>Pareiza e\u013c\u013co\u0161ana<\/h3>\n<p>Ir \u013coti svar\u012bgi nodro\u0161in\u0101t, lai hidrauliskais cilindrs b\u016btu pien\u0101c\u012bgi iee\u013c\u013cots. Regul\u0101ra hidraulisk\u0101s e\u013c\u013cas l\u012bme\u0146a p\u0101rbaude un uztur\u0113\u0161ana nov\u0113rs\u012bs p\u0101rm\u0113r\u012bgu nodilumu un nodro\u0161in\u0101s cilindra optim\u0101lu darb\u012bbu, samazinot priek\u0161laic\u012bgas atteices risku.<\/p>\n<\/li>\n<li>\n<h3>Bl\u012bvju nomai\u0146as un kalibr\u0113\u0161anas p\u0101rbaudes<\/h3>\n<p>Regul\u0101ra nodilu\u0161o bl\u012bv\u0113jumu nomai\u0146a ir \u013coti svar\u012bga, lai uztur\u0113tu cilindra hidraulisko spiedienu un veiktsp\u0113ju. Turkl\u0101t periodiskas kalibr\u0113\u0161anas p\u0101rbaudes var nodro\u0161in\u0101t, ka cilindrs darbojas noteikto parametru robe\u017e\u0101s, nodro\u0161inot prec\u012bzu un uzticamu veiktsp\u0113ju.<\/p>\n<\/li>\n<\/ul>\n<p><img decoding=\"async\" src=\"https:\/\/www.hydraulic-cylinders.net\/wp-content\/uploads\/2025\/04\/songte-chushion-collar.webp\" alt=\"Hidraulisko cilindru spilvena apkakle\" \/><\/p>\n<h2>Dro\u0161\u012bbas apsv\u0113rumi un vides faktori<\/h2>\n<p>Izmantojot hidrauliskos cilindrus, ir svar\u012bgi priorit\u0101ri piev\u0113rsties dro\u0161\u012bbas pas\u0101kumiem. Operatoriem j\u0101b\u016bt apm\u0101c\u012btiem iev\u0113rot dro\u0161\u012bbas protokolus, lai nov\u0113rstu negad\u012bjumus ekspluat\u0101cijas laik\u0101. Tas ietver cilindra pareizas uzst\u0101d\u012b\u0161anas un apkopes nodro\u0161in\u0101\u0161anu, k\u0101 ar\u012b apr\u012bkojuma ierobe\u017eojumu apzin\u0101\u0161anos.<\/p>\n<p>Turkl\u0101t j\u0101\u0146em v\u0113r\u0101 vides faktori. Pareiza hidraulisko \u0161\u0137idrumu apstr\u0101de un utiliz\u0101cija ir \u013coti svar\u012bga, lai samazin\u0101tu ietekmi uz vidi. Videi draudz\u012bgu hidraulisko \u0161\u0137idrumu izmanto\u0161ana var ar\u012b veicin\u0101t ilgtsp\u0113j\u012bbas centienus nozar\u0113.<\/p>\n<h2>Probl\u0113mu nov\u0113r\u0161ana un bie\u017ei sastopamas probl\u0113mas<\/h2>\n<ul>\n<li>\n<h3>Nopl\u016b\u017eu identific\u0113\u0161ana<\/h3>\n<p>Nopl\u016bdes ir bie\u017ei sastopama probl\u0113ma hidrauliskajos cilindros. Operatoriem regul\u0101ri j\u0101p\u0101rbauda cilindrs, vai nav hidraulisk\u0101 \u0161\u0137idruma nopl\u016bdes paz\u012bmju. Ja tiek konstat\u0113tas nopl\u016bdes, iesp\u0113jams, b\u016bs j\u0101nomaina bl\u012bves vai j\u0101veic cilindra apkope.<\/p>\n<\/li>\n<li>\n<h3>L\u0113na vai nerea\u0123\u0113jo\u0161a darb\u012bba<\/h3>\n<p>Ja cilindrs rea\u0123\u0113 l\u0113ni vai nekustas, k\u0101 paredz\u0113ts, tas var liecin\u0101t par zemu hidraulisk\u0101 \u0161\u0137idruma l\u012bmeni vai aizsprostojumu sist\u0113m\u0101. \u0160\u0137idruma l\u012bme\u0146a p\u0101rbaude un hidraulisko l\u012bniju p\u0101rbaude, vai nav aizsprostojumu, var pal\u012bdz\u0113t diagnostic\u0113t probl\u0113mu.<\/p>\n<\/li>\n<li>\n<h3>P\u0101rm\u0113r\u012bgs troksnis darb\u012bbas laik\u0101<\/h3>\n<p>Neparasti trok\u0161\u0146i darb\u012bbas laik\u0101 var liecin\u0101t par meh\u0101nisk\u0101m probl\u0113m\u0101m cilindr\u0101. Tas var\u0113tu b\u016bt saist\u012bts ar nepietiekamu e\u013c\u013co\u0161anu, nodilu\u0161iem bl\u012bv\u0113jumiem vai nepareizu izl\u012bdzin\u0101\u0161anu. Regul\u0101ra apkope un p\u0101rbaudes var pal\u012bdz\u0113t identific\u0113t un nov\u0113rst \u0161\u012bs probl\u0113mas, pirms t\u0101s saasin\u0101s.<\/p>\n<\/li>\n<\/ul>\n<p><img decoding=\"async\" src=\"https:\/\/www.hydraulic-cylinders.net\/wp-content\/uploads\/2025\/04\/songte-bushings-with-all-kinds-of-excavator-models.webp\" alt=\"Ekskavatoru mode\u013cu bukses\" \/><\/p>\n<h2>Probl\u0113mu nov\u0113r\u0161anas padomi un risin\u0101jumi<\/h2>\n<p>Lai efekt\u012bvi nov\u0113rstu probl\u0113mas ar str\u0113les cilindru, operatoriem j\u0101iev\u0113ro vair\u0101kas vadl\u012bnijas:<\/p>\n<ul>\n<li>Veiciet regul\u0101ras p\u0101rbaudes un apkopi, lai identific\u0113tu iesp\u0113jam\u0101s probl\u0113mas, pirms t\u0101s k\u013c\u016bst nopietnas.<\/li>\n<li>Uztur\u0113t atbilsto\u0161u hidraulisk\u0101 \u0161\u0137idruma l\u012bmeni un nodro\u0161in\u0101t, ka \u0161\u0137idrums ir t\u012brs, lai izvair\u012btos no pies\u0101r\u0146ojuma probl\u0113m\u0101m.<\/li>\n<li>Nekav\u0113joties nomainiet nolietot\u0101s bl\u012bves un deta\u013cas, lai nov\u0113rstu nopl\u016bdes un saglab\u0101tu veiktsp\u0113ju.<\/li>\n<\/ul>\n<p>Ievie\u0161ot prevent\u012bvus pas\u0101kumus un veicot regul\u0101ru apkopi, var samazin\u0101t iesp\u0113jam\u0101s probl\u0113mas, uzlabojot hidraulisk\u0101 cilindra efektivit\u0101ti un kalpo\u0161anas laiku.<\/p>\n<h2>Uz\u0146\u0113muma p\u0101rskats<\/h2>\n<p>M\u0113s esam vado\u0161ais rezerves hidraulisko cilindru ra\u017eot\u0101js, kas pied\u0101v\u0101 pla\u0161u produktu kl\u0101stu, kas apmierina gan viet\u0113jo, gan starptautisko tirgu vajadz\u012bbas. M\u016bsu ap\u0146em\u0161anos nodro\u0161in\u0101t izcilu kvalit\u0101ti nodro\u0161ina izsmalcin\u0101tas ra\u017eo\u0161anas strat\u0113\u0123ijas un progres\u012bvas ra\u017eo\u0161anas vad\u012bbas prakses. Ar kvalific\u0113tu darbasp\u0113ku, augstas klases digit\u0101laj\u0101m ra\u017eo\u0161anas iek\u0101rt\u0101m un profesion\u0101l\u0101m test\u0113\u0161anas sist\u0113m\u0101m m\u0113s nep\u0101rtraukti uzlabojam savas ra\u017eo\u0161anas platformas, lai nodro\u0161in\u0101tu izcilu produktu kvalit\u0101ti.<\/p>\n<p>M\u016bsu inov\u0101ciju sp\u0113ja \u013cauj mums efekt\u012bvi apmierin\u0101t da\u017e\u0101das klientu vajadz\u012bbas, ko atbalsta m\u016bsu specializ\u0113tie pakalpojumi, starptautisk\u0101s sertifik\u0101cijas un piel\u0101go\u0161anas iesp\u0113jas. M\u0113s lepojamies ar to, ka sniedzam izcilu p\u0113cp\u0101rdo\u0161anas atbalstu, nodro\u0161inot, ka m\u016bsu klienti sa\u0146em nepiecie\u0161amo pal\u012bdz\u012bbu optim\u0101lai iek\u0101rtu darb\u012bbai.<\/p>\n<p><img decoding=\"async\" src=\"https:\/\/www.hydraulic-cylinders.net\/wp-content\/uploads\/2025\/04\/songte-company-4.webp\" alt=\"Hidraulisko cilindru ra\u017eo\u0161ana\" \/><br \/>\n<img decoding=\"async\" src=\"https:\/\/www.hydraulic-cylinders.net\/wp-content\/uploads\/2025\/04\/songte-company-3.webp\" alt=\"Songte uz\u0146\u0113muma ra\u017eo\u0161anas iek\u0101rta\" \/><\/p>\n<p>Autors: lil<\/p>","protected":false},"excerpt":{"rendered":"<p>Boom Cylinder For Liugong Middle Excavator CLG925LC\/925LL Product Overview The Boom Cylinder is a vital hydraulic component specifically designed for the Liugong Middle Excavator models CLG925LC and CLG925LL. As a type of hydraulic cylinder, it plays an essential role in controlling the movement of the excavator&#8217;s boom. This allows operators to lift, lower, and tilt [&hellip;]<\/p>","protected":false},"featured_media":17868,"comment_status":"open","ping_status":"closed","template":"","meta":{"_et_pb_use_builder":"","_et_pb_old_content":"","_et_gb_content_width":""},"product_brand":[],"product_cat":[1546],"product_tag":[1547,1496],"class_list":{"0":"post-19303","1":"product","2":"type-product","3":"status-publish","4":"has-post-thumbnail","6":"product_cat-boom-cylinders","7":"product_tag-boom-cylinders","8":"product_tag-hydraulic-cylinders","10":"first","11":"instock","12":"shipping-taxable","13":"product-type-simple"},"amp_enabled":true,"_links":{"self":[{"href":"https:\/\/www.hydraulic-cylinders.net\/lv\/wp-json\/wp\/v2\/product\/19303","targetHints":{"allow":["GET"]}}],"collection":[{"href":"https:\/\/www.hydraulic-cylinders.net\/lv\/wp-json\/wp\/v2\/product"}],"about":[{"href":"https:\/\/www.hydraulic-cylinders.net\/lv\/wp-json\/wp\/v2\/types\/product"}],"replies":[{"embeddable":true,"href":"https:\/\/www.hydraulic-cylinders.net\/lv\/wp-json\/wp\/v2\/comments?post=19303"}],"wp:featuredmedia":[{"embeddable":true,"href":"https:\/\/www.hydraulic-cylinders.net\/lv\/wp-json\/wp\/v2\/media\/17868"}],"wp:attachment":[{"href":"https:\/\/www.hydraulic-cylinders.net\/lv\/wp-json\/wp\/v2\/media?parent=19303"}],"wp:term":[{"taxonomy":"product_brand","embeddable":true,"href":"https:\/\/www.hydraulic-cylinders.net\/lv\/wp-json\/wp\/v2\/product_brand?post=19303"},{"taxonomy":"product_cat","embeddable":true,"href":"https:\/\/www.hydraulic-cylinders.net\/lv\/wp-json\/wp\/v2\/product_cat?post=19303"},{"taxonomy":"product_tag","embeddable":true,"href":"https:\/\/www.hydraulic-cylinders.net\/lv\/wp-json\/wp\/v2\/product_tag?post=19303"}],"curies":[{"name":"wp","href":"https:\/\/api.w.org\/{rel}","templated":true}]}}