{"id":19310,"date":"2025-04-07T06:26:13","date_gmt":"2025-04-07T06:26:13","guid":{"rendered":"https:\/\/www.hydraulic-cylinders.net\/product\/boom-cylinder-for-xgma-small-excavator-xg806\/"},"modified":"2025-04-07T06:26:15","modified_gmt":"2025-04-07T06:26:15","slug":"boom-cylinder-for-xgma-small-excavator-xg806","status":"publish","type":"product","link":"https:\/\/www.hydraulic-cylinders.net\/lv\/products\/boom-cylinder-for-xgma-small-excavator-xg806\/","title":{"rendered":"Str\u0113les cilindrs XGMA mazajam ekskavatoram XG806"},"content":{"rendered":"<h1>Str\u0113les cilindrs XGMA mazajam ekskavatoram XG806<\/h1>\n<h2>Produkta p\u0101rskats<\/h2>\n<p>XGMA maz\u0101 ekskavatora XG806 str\u0113les cilindrs ir b\u016btiska hidraulisko sist\u0113mu sast\u0101vda\u013ca, kas \u012bpa\u0161i paredz\u0113ta, lai kontrol\u0113tu kausu kust\u012bbu da\u017e\u0101d\u0101s smagaj\u0101s ma\u0161\u012bn\u0101s, tostarp ekskavatoros, ekskavatoros-iekr\u0101v\u0113jos un front\u0101lajos iekr\u0101v\u0113jos. \u0160is hidrauliskais cilindrs atvieglo kausa pacel\u0161anu, nolai\u0161anu un noliek\u0161anu, t\u0101d\u0113j\u0101di uzlabojot materi\u0101lu apstr\u0101des uzdevumu efektivit\u0101ti.<\/p>\n<p>B\u016bt\u012bb\u0101 kausu cilindri ir specializ\u0113ti hidrauliskie cilindri, kas nodro\u0161ina prec\u012bzu rak\u0161anas un iekrau\u0161anas procesu kontroli. Tie darbojas, p\u0101rveidojot hidraulisko spiedienu meh\u0101nisk\u0101 sp\u0113k\u0101, \u013caujot operatoriem efekt\u012bvi veikt t\u0101dus uzdevumus k\u0101 rak\u0161ana, cel\u0161ana un materi\u0101lu transport\u0113\u0161ana. \u0160o cilindru konstrukcija nodro\u0161ina uzticam\u012bbu un veiktsp\u0113ju sare\u017e\u0123\u012btos apst\u0101k\u013cos, padarot tos neaizst\u0101jamus b\u016bvniec\u012bbas un lauksaimniec\u012bbas nozar\u0113s.<\/p>\n<p><img decoding=\"async\" src=\"https:\/\/www.hydraulic-cylinders.net\/wp-content\/uploads\/2025\/04\/songte-company-1.webp\" alt=\"Str\u0113les cilindra att\u0113ls\"\/><\/p>\n<h2>Str\u0113les cilindra \u012bpa\u0161\u012bbas<\/h2>\n<ul>\n<li><strong>Augsta iztur\u012bba un ilgm\u016b\u017e\u012bba:<\/strong> Izgatavots no augstas stipr\u012bbas t\u0113rauda vai alum\u012bnija, str\u0113les cilindrs sp\u0113j iztur\u0113t augstu spiedienu un lielas slodzes, padarot to piem\u0113rotu skarbiem darba apst\u0101k\u013ciem. T\u0101 konstrukcij\u0101 ir \u0146emta v\u0113r\u0101 nodilumiztur\u012bba un iztur\u012bba pret koroziju, kas galu gal\u0101 pagarina t\u0101 kalpo\u0161anas laiku.<\/li>\n<li><strong>Efekt\u012bva hidraulisk\u0101 darb\u012bba:<\/strong> Cilindrs izmanto hidraulisk\u0101s e\u013c\u013cas spiedienu, lai nodro\u0161in\u0101tu vienm\u0113r\u012bgu izvilk\u0161anu un ievilk\u0161anu, \u013caujot \u0101tri rea\u0123\u0113t uz darb\u012bbas komand\u0101m, vienlaikus nodro\u0161inot iev\u0113rojamu stum\u0161anas un vilk\u0161anas sp\u0113ku, kas ir ide\u0101li piem\u0113rots smagu priek\u0161metu apstr\u0101dei un sare\u017e\u0123\u012btu uzdevumu veik\u0161anai.<\/li>\n<li><strong>Da\u017e\u0101di veidi:<\/strong> Str\u0113les cilindrs, kas pieejams vienk\u0101r\u0161\u0101s darb\u012bbas (hidrauliska darb\u012bba vien\u0101 virzien\u0101) vai divk\u0101r\u0161\u0101s darb\u012bbas (hidrauliska darb\u012bba abos virzienos) konfigur\u0101cij\u0101s, atbilst da\u017e\u0101d\u0101m ekspluat\u0101cijas vajadz\u012bb\u0101m. Da\u017ei mode\u013ci ir teleskopiski, kas \u013cauj pan\u0101kt liel\u0101ku pagarin\u0101jumu, nepalielinot \u0101r\u0113jos izm\u0113rus, kas ir ide\u0101li piem\u0113rots lietojumiem ar ierobe\u017eotu vietu.<\/li>\n<li><strong>Piel\u0101gota ra\u017eo\u0161ana:<\/strong> M\u016bsu uz\u0146\u0113mums specializ\u0113jas str\u0113les cilindru ra\u017eo\u0161an\u0101, kas perfekti aizst\u0101j eso\u0161os hidrauliskos cilindrus, nodro\u0161inot neman\u0101mu atbilst\u012bbu un funkcionalit\u0101ti da\u017e\u0101diem tehnikas mode\u013ciem.<\/li>\n<li><strong>Kvalit\u0101tes nodro\u0161in\u0101\u0161ana:<\/strong> Katrs cilindrs tiek pak\u013cauts stingrai p\u0101rbaudei, lai atbilstu nozares standartiem, nodro\u0161inot uzticam\u012bbu un veiktsp\u0113ju darba apst\u0101k\u013cos.<\/li>\n<\/ul>\n<p><img decoding=\"async\" src=\"https:\/\/www.hydraulic-cylinders.net\/wp-content\/uploads\/2025\/04\/songte-cylinder-head-with-all-kinds-excavator-models.webp\" alt=\"Cilindra galvas att\u0113ls\"\/><\/p>\n<h2>Lietojumprogrammu scen\u0101riji<\/h2>\n<h3>1. Celtniec\u012bbas tehnika<\/h3>\n<p>Ekskavatoros str\u0113les cilindri ir vit\u0101li svar\u012bgi augsnes vai gru\u017eu rak\u0161anai, iekrau\u0161anai un p\u0101rvieto\u0161anai. Hidraulisk\u0101 darb\u012bba \u013cauj operatoram prec\u012bzi manevr\u0113t kausu, kas ir b\u016btiski b\u016bvniec\u012bbas darbiem, kuriem nepiecie\u0161ama prec\u012bza dzi\u013cuma un materi\u0101la izvieto\u0161anas precizit\u0101te. Sp\u0113ja efekt\u012bvi pacelt un nolaist kausu pa\u0101trina darba procesus, t\u0101d\u0113j\u0101di palielinot produktivit\u0101ti b\u016bvlaukumos.<\/p>\n<h3>2. Lauksaimniec\u012bbas tehnika<\/h3>\n<p>Front\u0101lajos iekr\u0101v\u0113jos izmantotie str\u0113les cilindri atvieglo augsnes, siena un citu materi\u0101lu sav\u0101k\u0161anu, cel\u0161anu un transport\u0113\u0161anu. To iztur\u012bg\u0101 konstrukcija \u013cauj pacelt smagus priek\u0161metus, neapdraudot ma\u0161\u012bnas integrit\u0101ti. Hidraulisk\u0101 sist\u0113ma nodro\u0161ina, ka operatori var viegli apstr\u0101d\u0101t lielus materi\u0101lu apjomus, optimiz\u0113jot darb\u012bbas efektivit\u0101ti lauksaimniec\u012bbas darbos.<\/p>\n<h3>3. Ekskavatori<\/h3>\n<p>Ekskavatoros str\u0113les cilindrs \u013cauj kausam efekt\u012bvi iek\u013c\u016bt zem\u0113, sasniedzot v\u0113lamo rak\u0161anas dzi\u013cumu. \u0160\u012b funkcionalit\u0101te ir \u013coti svar\u012bga da\u017e\u0101diem b\u016bvniec\u012bbas darbiem, jo \u200b\u200bt\u0101 \u013cauj efekt\u012bvi no\u0146emt zemi un gru\u017eus, iev\u0113rojami uzlabojot rak\u0161anas procesu.<\/p>\n<h3>4. Iekr\u0101v\u0113ji<\/h3>\n<p>Front\u0101lajos iekr\u0101v\u0113jos str\u0113les cilindrs pal\u012bdz efekt\u012bvi pacelt un izg\u0101zt materi\u0101lus. \u0160\u012b iesp\u0113ja ir b\u016btiska t\u0101diem uzdevumiem k\u0101 kravas automa\u0161\u012bnu iekrau\u0161ana vai materi\u0101lu p\u0101rvieto\u0161ana uz da\u017e\u0101d\u0101m viet\u0101m objekt\u0101, nodro\u0161inot, ka darb\u012bbas norit vienm\u0113r\u012bgi un efekt\u012bvi.<\/p>\n<h2>Projekt\u0113\u0161anas apsv\u0113rumi un atlases standarti<\/h2>\n<h3>Kravnes\u012bba<\/h3>\n<p>Izv\u0113loties str\u0113les cilindru, viens no galvenajiem apsv\u0113rumiem ir t\u0101 kravnes\u012bba. Cilindram j\u0101sp\u0113j iztur\u0113t maksim\u0101lo svaru, ar ko tas saskarsies ekspluat\u0101cijas laik\u0101. Tas prasa r\u016bp\u012bgu darba apst\u0101k\u013cu un apstr\u0101d\u0101jamo materi\u0101lu veida izv\u0113rt\u0113\u0161anu. Ra\u017eot\u0101ji parasti nor\u0101da kravnes\u012bbas v\u0113rt\u0113jumus, kas j\u0101saska\u0146o ar ekspluat\u0101cijas pras\u012bb\u0101m, lai nov\u0113rstu boj\u0101jumus.<\/p>\n<h3>Bl\u012bv\u0113juma veiktsp\u0113ja<\/h3>\n<p>Bl\u012bv\u0113jums ir \u013coti svar\u012bgs hidrauliskaj\u0101s sist\u0113m\u0101s, lai nov\u0113rstu nopl\u016bdes un uztur\u0113tu spiedienu. Bl\u012bv\u0113jumu, piem\u0113ram, virzu\u013ca bl\u012bv\u0113jumu un stie\u0146a bl\u012bv\u0113jumu, izv\u0113le j\u0101veic, \u0146emot v\u0113r\u0101 darba vidi. Bl\u012bv\u0113jumi, kas izgatavoti no t\u0101diem materi\u0101liem k\u0101 poliuret\u0101ns un nitrilgumija, nodro\u0161ina izcilu nodilumiztur\u012bbu un parasti tiek izmantoti augstas veiktsp\u0113jas hidrauliskaj\u0101s lietojumprogramm\u0101s. Pareiza bl\u012bv\u0113juma nodro\u0161in\u0101\u0161ana pagarin\u0101s cilindra kalpo\u0161anas laiku un saglab\u0101s darb\u012bbas efektivit\u0101ti.<\/p>\n<h3>Iztur\u012bba<\/h3>\n<p>Iztur\u012bba ir \u0101rk\u0101rt\u012bgi svar\u012bga hidraulisko cilindru konstrukcij\u0101. T\u0101di faktori k\u0101 materi\u0101la izv\u0113le, virsmas apstr\u0101de un konstrukcijas integrit\u0101te ietekm\u0113 produkta kop\u0113jo kalpo\u0161anas laiku. Augstas kvalit\u0101tes materi\u0101li un virsmas p\u0101rkl\u0101jumi var nov\u0113rst koroziju un nodilumu, nodro\u0161inot uzticamu darb\u012bbu laika gait\u0101. Regul\u0101ra apkope un p\u0101rbaudes var v\u0113l vair\u0101k uzlabot cilindra iztur\u012bbu, samazinot nepiecie\u0161am\u012bbu p\u0113c nomai\u0146as.<\/p>\n<h3>Dro\u0161\u012bbas funkcijas<\/h3>\n<p>Dro\u0161\u012bba ir galven\u0101 priorit\u0101te hidraulisko cilindru projekt\u0113\u0161an\u0101. T\u0101das funkcijas k\u0101 spiediena samazin\u0101\u0161anas v\u0101rsti un dro\u0161\u012bbas sl\u0113dzenes var nov\u0113rst negad\u012bjumus, ko izraisa p\u0101rm\u0113r\u012bgs spiediens vai meh\u0101niskas k\u013c\u016bmes. Operatoriem j\u0101b\u016bt apm\u0101c\u012btiem izprast \u0161os dro\u0161\u012bbas meh\u0101nismus, nodro\u0161inot pareizu apr\u012bkojuma lieto\u0161anu un samazinot traumu risku darba viet\u0101.<\/p>\n<h3>Apkopes pieejam\u012bba<\/h3>\n<p>Str\u0113les cilindra konstrukcijai j\u0101b\u016bt t\u0101dai, lai apkopes laik\u0101 tam b\u016btu \u0113rta piek\u013cuve. Regul\u0101ras p\u0101rbaudes un apkope ir b\u016btiskas, lai nodro\u0161in\u0101tu hidraulisk\u0101s sist\u0113mas efekt\u012bvu darb\u012bbu. Iesp\u0113ja \u0101tri nomain\u012bt bl\u012bves vai p\u0101rbaud\u012bt \u0161\u0137idruma l\u012bmeni var ietaup\u012bt laiku un samazin\u0101t d\u012bkst\u0101ves laiku ekspluat\u0101cijas laik\u0101. Ra\u017eot\u0101jiem savos projektos j\u0101\u0146em v\u0113r\u0101 apkopes pras\u012bbas, padarot to \u0113rt\u0101ku operatoriem.<\/p>\n<p><img decoding=\"async\" src=\"https:\/\/www.hydraulic-cylinders.net\/wp-content\/uploads\/2025\/04\/songte-oil-pipes-and-spare-parts.webp\" alt=\"E\u013c\u013cas caurules un rezerves da\u013cu att\u0113ls\"\/><\/p>\n<h2>Bl\u012bv\u0113\u0161ana un e\u013c\u013co\u0161ana<\/h2>\n<p>Efekt\u012bva bl\u012bv\u0113\u0161ana un e\u013c\u013co\u0161ana ir b\u016btiska hidraulisko cilindru darb\u012bbai. Lai uztur\u0113tu hidraulisko spiedienu un nov\u0113rstu \u0161\u0137idruma nopl\u016bdi, tiek izmantoti da\u017e\u0101di bl\u012bv\u0113\u0161anas komponenti, piem\u0113ram, virzu\u013ca bl\u012bv\u0113jumi un stie\u0146a bl\u012bv\u0113jumi. Bl\u012bv\u0113jumu izv\u0113le, kas izgatavoti no iztur\u012bgiem materi\u0101liem, piem\u0113ram, poliuret\u0101na un nitrila gumijas, iev\u0113rojami uzlabo nodilumiztur\u012bbu.<\/p>\n<p>Cilindra korpuss un v\u012bt\u0146ot\u0101s gala virsmas ir r\u016bp\u012bgi apstr\u0101d\u0101tas, lai uzlabotu nodilumiztur\u012bbu un nodro\u0161in\u0101tu ilgm\u016b\u017e\u012bbu. Regul\u0101ra e\u013c\u013co\u0161ana ir b\u016btiska; operatoriem periodiski j\u0101pievieno hidraulisk\u0101 e\u013c\u013ca, lai uztur\u0113tu optim\u0101lu veiktsp\u0113ju un samazin\u0101tu berzi cilindra iek\u0161pus\u0113. Tas ne tikai aizsarg\u0101 iek\u0161\u0113j\u0101s sast\u0101vda\u013cas, bet ar\u012b nodro\u0161ina vienm\u0113r\u012bgu darb\u012bbu slodzes laik\u0101.<\/p>\n<h2>Regul\u0101ras p\u0101rbaudes un profilaktisk\u0101s apkopes pas\u0101kumi<\/h2>\n<ul>\n<li><strong>Bie\u017eas p\u0101rbaudes:<\/strong> Regul\u0101ri p\u0101rbaudiet, vai cilindram un apk\u0101rt\u0113j\u0101m deta\u013c\u0101m nav nodiluma vai boj\u0101jumu paz\u012bmju. Mekl\u0113jiet e\u013c\u013cas nopl\u016bdes, kas var liecin\u0101t par bl\u012bv\u0113juma boj\u0101jumu, un nov\u0113rt\u0113jiet hidraulisko l\u012bniju visp\u0101r\u0113jo st\u0101vokli.<\/li>\n<li><strong>Pareiza e\u013c\u013co\u0161ana:<\/strong> P\u0101rliecinieties, vai cilindrs ir pien\u0101c\u012bgi iee\u013c\u013cots. Izmantojiet ieteicamo hidraulisk\u0101s e\u013c\u013cas veidu un uzkl\u0101jiet to saska\u0146\u0101 ar ra\u017eot\u0101ja nor\u0101d\u012bjumiem, lai uztur\u0113tu optim\u0101lu veiktsp\u0113ju.<\/li>\n<li><strong>Bl\u012bv\u0113juma nomai\u0146a:<\/strong> Uzraugiet bl\u012bv\u0113jumu st\u0101vokli un nomainiet tos p\u0113c nepiecie\u0161am\u012bbas. Boj\u0101ti bl\u012bv\u0113jumi var izrais\u012bt \u0161\u0137idruma nopl\u016bdes un samazin\u0101tu veiktsp\u0113ju, t\u0101p\u0113c savlaic\u012bga nomai\u0146a ir b\u016btiska, lai saglab\u0101tu cilindra integrit\u0101ti.<\/li>\n<\/ul>\n<h2>Uzst\u0101d\u012b\u0161anas vadl\u012bnijas<\/h2>\n<p>Pareiza str\u0113les cilindra uzst\u0101d\u012b\u0161ana ir \u013coti svar\u012bga, lai nodro\u0161in\u0101tu t\u0101 funkcionalit\u0101ti un ilgm\u016b\u017e\u012bbu. Vispirms p\u0101rliecinieties, vai darba zona ir t\u012bra un bez gru\u017eiem. Pareizi izl\u012bdziniet cilindru ar mont\u0101\u017eas kron\u0161teiniem un nostipriniet to, izmantojot atbilsto\u0161us uzst\u0101d\u012b\u0161anas instrumentus, lai nov\u0113rstu nepareizu izl\u012bdzin\u0101\u0161anu.<\/p>\n<p>Lai nodro\u0161in\u0101tu dro\u0161u pievilk\u0161anu, izmantojiet ieteicamos griezes momentus mont\u0101\u017eas skr\u016bv\u0113m. P\u0101rbaudiet hidrauliskos savienojumus, lai izvair\u012btos no nopl\u016bd\u0113m; p\u0101rliecinieties, vai visi savienojumi ir cie\u0161i un pareizi ievietoti. P\u0113c uzst\u0101d\u012b\u0161anas pirms iek\u0101rtas nodo\u0161anas ekspluat\u0101cij\u0101 p\u0101rbaudiet, vai sist\u0113m\u0101 nav nopl\u016b\u017eu vai darb\u012bbas trauc\u0113jumu.<\/p>\n<h2>Bie\u017ei sastopamie apkopes uzdevumi<\/h2>\n<h3>1. Regul\u0101ras p\u0101rbaudes<\/h3>\n<p>Regul\u0101ri veiciet p\u0101rbaudes, lai laikus noteiktu nodiluma paz\u012bmes vai boj\u0101jumus. Mekl\u0113jiet nopl\u016bdes paz\u012bmes ap bl\u012bv\u0113m un savienojumiem un nov\u0113rt\u0113jiet cilindra un hidraulisk\u0101s sist\u0113mas visp\u0101r\u0113jo st\u0101vokli. Probl\u0113mu agr\u012bna atkl\u0101\u0161ana var nov\u0113rst nopietn\u0101kas probl\u0113mas n\u0101kotn\u0113.<\/p>\n<h3>2. Atbilsto\u0161a e\u013c\u013co\u0161ana<\/h3>\n<p>P\u0101rliecinieties, vai cilindrs ir iee\u013c\u013cots saska\u0146\u0101 ar ra\u017eot\u0101ja specifik\u0101cij\u0101m. Pareiza e\u013c\u013co\u0161ana samazina kust\u012bgo da\u013cu berzi un nodilumu, pagarinot hidraulisk\u0101 cilindra kalpo\u0161anas laiku. Izmantojiet augstas kvalit\u0101tes hidraulisko e\u013c\u013cu un iev\u0113rojiet pl\u0101notos apkopes interv\u0101lus e\u013c\u013co\u0161anai.<\/p>\n<h3>3. Bl\u012bv\u0113juma nomai\u0146as un kalibr\u0113\u0161anas p\u0101rbaudes<\/h3>\n<p>Regul\u0101ri p\u0101rbaudiet bl\u012bv\u0113jumu st\u0101vokli un nomainiet tos p\u0113c nepiecie\u0161am\u012bbas, lai nov\u0113rstu nopl\u016bdes. Kalibr\u0113\u0161anas p\u0101rbaudes nodro\u0161ina, ka cilindrs darbojas atbilsto\u0161i paredz\u0113taj\u0101m specifik\u0101cij\u0101m, nov\u0113r\u0161ot darb\u012bbas neefektivit\u0101ti. Pareiza izl\u012bdzin\u0101\u0161ana uzst\u0101d\u012b\u0161anas laik\u0101 ir \u013coti svar\u012bga; apsveriet iesp\u0113ju izmantot atbilsto\u0161us mont\u0101\u017eas kron\u0161teinus, lai dro\u0161i piestiprin\u0101tu cilindru viet\u0101.<\/p>\n<p><img decoding=\"async\" src=\"https:\/\/www.hydraulic-cylinders.net\/wp-content\/uploads\/2025\/04\/songte-chushion-collar.webp\" alt=\"Spilvenu apkakles att\u0113ls\"\/><\/p>\n<h2>Dro\u0161\u012bbas apsv\u0113rumi un vides faktori<\/h2>\n<p>Str\u0101d\u0101jot ar hidrauliskajiem cilindriem, ir \u013coti svar\u012bgi iev\u0113rot dro\u0161\u012bbas pas\u0101kumus. Operatoriem j\u0101b\u016bt apm\u0101c\u012btiem dro\u0161\u0101 hidraulisko iek\u0101rtu lieto\u0161an\u0101 un ekspluat\u0101cij\u0101. P\u0101rliecinieties, ka visas dro\u0161\u012bbas ier\u012bces, tostarp spiediena samazin\u0101\u0161anas v\u0101rsti, darbojas, lai nov\u0113rstu negad\u012bjumus, ko izraisa negaid\u012bti spiediena l\u0113cieni. Turkl\u0101t uzturiet t\u012bru un dro\u0161u darba vidi, lai l\u012bdz minimumam samazin\u0101tu ar hidraulisk\u0101 \u0161\u0137idruma nopl\u016bd\u0113m saist\u012btos riskus.<\/p>\n<h2>Probl\u0113mu nov\u0113r\u0161ana un bie\u017ei sastopamas probl\u0113mas<\/h2>\n<ul>\n<li><strong>Nopl\u016bde:<\/strong> Ja paman\u0101t hidraulisk\u0101 \u0161\u0137idruma nopl\u016bdi, tas var liecin\u0101t par nodilu\u0161iem bl\u012bv\u0113jumiem vai va\u013c\u012bgiem savienojumiem. P\u0101rbaudiet, vai bl\u012bves un savienojumi nav boj\u0101ti, un nomainiet tos, ja nepiecie\u0161ams.<\/li>\n<li><strong>Samazin\u0101ta veiktsp\u0113ja:<\/strong> Ja str\u0113les cilindrs nerea\u0123\u0113, k\u0101 paredz\u0113ts, p\u0101rbaudiet, vai sist\u0113m\u0101 nav zems hidraulisk\u0101 \u0161\u0137idruma l\u012bmenis vai gaiss. Lai izvad\u012btu iesprostoto gaisu, var b\u016bt nepiecie\u0161ama sist\u0113mas atgaiso\u0161ana.<\/li>\n<li><strong>Neparastas ska\u0146as:<\/strong> Ja darb\u012bbas laik\u0101 rodas d\u012bvainas ska\u0146as, tas var liecin\u0101t par iek\u0161\u0113ju nodilumu vai boj\u0101jumiem. Lai identific\u0113tu un nov\u0113rstu probl\u0113mu, j\u0101veic r\u016bp\u012bga p\u0101rbaude.<\/li>\n<\/ul>\n<h2>Padomi k\u013c\u016bmju nov\u0113r\u0161anai<\/h2>\n<p>Lai efekt\u012bvi diagnostic\u0113tu un nov\u0113rstu probl\u0113mas ar str\u0113les cilindru, operatoriem periodiski j\u0101p\u0101rskata veiktsp\u0113jas dati un j\u0101veic p\u0101rbaudes. Izstr\u0101d\u0101jiet prevent\u012bv\u0101s apkopes grafiku, lai identific\u0113tu potenci\u0101l\u0101s probl\u0113mas, pirms t\u0101s noved pie nopietniem boj\u0101jumiem. Person\u0101la apm\u0101c\u012bba par bie\u017ei sastopamiem boj\u0101jumiem un to risin\u0101jumiem var ar\u012b uzlabot darb\u012bbas efektivit\u0101ti un dro\u0161\u012bbu.<\/p>\n<p><img decoding=\"async\" src=\"https:\/\/www.hydraulic-cylinders.net\/wp-content\/uploads\/2025\/04\/songte-bushings-with-all-kinds-of-excavator-models.webp\" alt=\"Bukses att\u0113ls\"\/><\/p>\n<h2>Uz\u0146\u0113muma p\u0101rskats<\/h2>\n<p>M\u0113s esam ra\u017eot\u0101js, kas specializ\u0113jas rezerves hidraulisko cilindru ra\u017eo\u0161an\u0101, pied\u0101v\u0101jot pla\u0161u produktu kl\u0101stu, lai k\u013c\u016btu par vienu no vado\u0161ajiem ra\u017eot\u0101jiem un vairumtirdzniec\u012bbas izplat\u012bt\u0101jiem viet\u0113j\u0101 un starptautiskaj\u0101 tirg\u016b. M\u016bsu ap\u0146em\u0161anos nodro\u0161in\u0101t izcilu kvalit\u0101ti atbalsta sare\u017e\u0123\u012bta ra\u017eo\u0161anas vad\u012bbas strat\u0113\u0123ija, izmantojot kvalific\u0113tu tehnisko person\u0101lu, modernu digit\u0101lo ra\u017eo\u0161anas apr\u012bkojumu un profesion\u0101las test\u0113\u0161anas sist\u0113mas.<\/p>\n<p>Past\u0101v\u012bgi uzlabojot m\u016bsu ra\u017eo\u0161anas platformu, m\u0113s nodro\u0161in\u0101m, ka m\u016bsu produkti atbilst augstas kvalit\u0101tes ra\u017eo\u0161anas standartiem. M\u016bsu sp\u0113c\u012bg\u0101s rado\u0161\u0101s sp\u0113jas \u013cauj mums sniegt efekt\u012bvus, prec\u012bzus un augstas kvalit\u0101tes risin\u0101jumus, kas piel\u0101goti m\u016bsu klientu da\u017e\u0101daj\u0101m vajadz\u012bb\u0101m.<\/p>\n<p><img decoding=\"async\" src=\"https:\/\/www.hydraulic-cylinders.net\/wp-content\/uploads\/2025\/04\/songte-company-4.webp\" alt=\"Uz\u0146\u0113muma att\u0113ls 1\"\/><br \/>\n<img decoding=\"async\" src=\"https:\/\/www.hydraulic-cylinders.net\/wp-content\/uploads\/2025\/04\/songte-company-3.webp\" alt=\"Uz\u0146\u0113muma att\u0113ls 2\"\/><\/p>\n<p>Autors: lil<\/p>","protected":false},"excerpt":{"rendered":"<p>Boom Cylinder For XGMA Small Excavator XG806 Product Overview The Boom Cylinder for XGMA Small Excavator XG806 is a crucial component in hydraulic systems, specifically designed to control the movement of buckets in various heavy machinery including excavators, backhoe loaders, and front loaders. This hydraulic cylinder facilitates the lifting, lowering, and tilting of the bucket, [&hellip;]<\/p>","protected":false},"featured_media":17875,"comment_status":"open","ping_status":"closed","template":"","meta":{"_et_pb_use_builder":"","_et_pb_old_content":"","_et_gb_content_width":""},"product_brand":[],"product_cat":[1546],"product_tag":[1547,1496],"class_list":{"0":"post-19310","1":"product","2":"type-product","3":"status-publish","4":"has-post-thumbnail","6":"product_cat-boom-cylinders","7":"product_tag-boom-cylinders","8":"product_tag-hydraulic-cylinders","10":"first","11":"instock","12":"shipping-taxable","13":"product-type-simple"},"amp_enabled":true,"_links":{"self":[{"href":"https:\/\/www.hydraulic-cylinders.net\/lv\/wp-json\/wp\/v2\/product\/19310","targetHints":{"allow":["GET"]}}],"collection":[{"href":"https:\/\/www.hydraulic-cylinders.net\/lv\/wp-json\/wp\/v2\/product"}],"about":[{"href":"https:\/\/www.hydraulic-cylinders.net\/lv\/wp-json\/wp\/v2\/types\/product"}],"replies":[{"embeddable":true,"href":"https:\/\/www.hydraulic-cylinders.net\/lv\/wp-json\/wp\/v2\/comments?post=19310"}],"wp:featuredmedia":[{"embeddable":true,"href":"https:\/\/www.hydraulic-cylinders.net\/lv\/wp-json\/wp\/v2\/media\/17875"}],"wp:attachment":[{"href":"https:\/\/www.hydraulic-cylinders.net\/lv\/wp-json\/wp\/v2\/media?parent=19310"}],"wp:term":[{"taxonomy":"product_brand","embeddable":true,"href":"https:\/\/www.hydraulic-cylinders.net\/lv\/wp-json\/wp\/v2\/product_brand?post=19310"},{"taxonomy":"product_cat","embeddable":true,"href":"https:\/\/www.hydraulic-cylinders.net\/lv\/wp-json\/wp\/v2\/product_cat?post=19310"},{"taxonomy":"product_tag","embeddable":true,"href":"https:\/\/www.hydraulic-cylinders.net\/lv\/wp-json\/wp\/v2\/product_tag?post=19310"}],"curies":[{"name":"wp","href":"https:\/\/api.w.org\/{rel}","templated":true}]}}