{"id":19316,"date":"2025-04-07T06:26:38","date_gmt":"2025-04-07T06:26:38","guid":{"rendered":"https:\/\/www.hydraulic-cylinders.net\/product\/boom-cylinder-for-xgma-middle-excavator-xg822lc\/"},"modified":"2025-04-07T06:26:41","modified_gmt":"2025-04-07T06:26:41","slug":"boom-cylinder-for-xgma-middle-excavator-xg822lc","status":"publish","type":"product","link":"https:\/\/www.hydraulic-cylinders.net\/lv\/products\/boom-cylinder-for-xgma-middle-excavator-xg822lc\/","title":{"rendered":"Str\u0113les cilindrs XGMA vid\u0113jam ekskavatoram XG822LC"},"content":{"rendered":"<h1>Str\u0113les cilindrs XGMA vid\u0113jam ekskavatoram XG822LC<\/h1>\n<h2>Produkta p\u0101rskats<\/h2>\n<p>The <strong>Str\u0113les cilindrs XGMA vid\u0113jam ekskavatoram XG822LC<\/strong> ir b\u016btiska sast\u0101vda\u013ca hidrauliskaj\u0101s sist\u0113m\u0101s, ko izmanto smagaj\u0101 ma\u0161\u012bn\u0101. \u0160is hidrauliskais cilindrs \u012bpa\u0161i kontrol\u0113 str\u0113les kust\u012bbu ekskavatoros, ekskavatoros-iekr\u0101v\u0113jos un front\u0101lajos iekr\u0101v\u0113jos. Nodro\u0161inot str\u0113les pacel\u0161anu, nolai\u0161anu un noliek\u0161anu, tas atvieglo efekt\u012bvus materi\u0101lu apstr\u0101des uzdevumus.<\/p>\n<p><img decoding=\"async\" src=\"https:\/\/www.hydraulic-cylinders.net\/wp-content\/uploads\/2025\/04\/songte-company-1.webp\" alt=\"Hidraulisk\u0101 cilindra p\u0101rskats\" \/><\/p>\n<h3>Kausa cilindra defin\u0113\u0161ana<\/h3>\n<p>Kausa cilindrs ir hidraulisk\u0101 cilindra veids, kas paredz\u0113ts kausa kust\u012bbas vad\u012bbai smagaj\u0101 apr\u012bkojum\u0101. Tam ir iz\u0161\u0137iro\u0161a noz\u012bme ekskavatoru veiktsp\u0113j\u0101, jo tas \u013cauj prec\u012bzi rakt, pacelt un transport\u0113t materi\u0101lus. Cilindr\u0101 rad\u012btais hidrauliskais spiediens nodro\u0161ina vienm\u0113r\u012bgu un efekt\u012bvu darb\u012bbu, padarot to par b\u016btisku sast\u0101vda\u013cu da\u017e\u0101dos b\u016bvniec\u012bbas un lauksaimniec\u012bbas darbos.<\/p>\n<h2>Produkta funkcijas<\/h2>\n<ul>\n<li><strong>Augsta iztur\u012bba un ilgm\u016b\u017e\u012bba:<\/strong> \u0160ie cilindri, kas izgatavoti no augstas stipr\u012bbas t\u0113rauda vai alum\u012bnija, var iztur\u0113t augstu spiedienu un lielas slodzes, padarot tos piem\u0113rotus skarbiem darba apst\u0101k\u013ciem.<\/li>\n<li><strong>Efekt\u012bva hidraulisk\u0101 darb\u012bba:<\/strong> Izmantojot hidraulisk\u0101s e\u013c\u013cas spiedienu, tie nodro\u0161ina vienm\u0113r\u012bgu izvirz\u012b\u0161anu un ievilk\u0161anu, \u013caujot \u0101tri rea\u0123\u0113t uz vad\u012bbas komand\u0101m.<\/li>\n<li><strong>Da\u017e\u0101di veidi:<\/strong> Pieejami vienk\u0101r\u0161\u0101s vai divk\u0101r\u0161\u0101s darb\u012bbas veidi, lai apmierin\u0101tu da\u017e\u0101das ekspluat\u0101cijas vajadz\u012bbas; da\u017ei mode\u013ci ir teleskopiski, kas \u013cauj pan\u0101kt liel\u0101ku pagarin\u0101jumu, nepalielinot \u0101r\u0113jos izm\u0113rus.<\/li>\n<li><strong>Korozijas iztur\u012bba:<\/strong> \u0160ie cilindri ir izstr\u0101d\u0101ti no materi\u0101liem, kas ir iztur\u012bgi pret nodilumu un koroziju, t\u0101p\u0113c tiem ir ilg\u0101ks kalpo\u0161anas laiks un maz\u0101ka nepiecie\u0161am\u012bba p\u0113c apkopes.<\/li>\n<li><strong>Daudzpus\u012bgi pielietojumi:<\/strong> Piem\u0113rots da\u017e\u0101d\u0101m smagaj\u0101m ma\u0161\u012bn\u0101m, nodro\u0161inot nepiecie\u0161amo sp\u0113ku da\u017e\u0101du uzdevumu veik\u0161anai.<\/li>\n<\/ul>\n<h3>Ra\u017eo\u0161anas jauda<\/h3>\n<p>M\u0113s specializ\u0113jamies augstas kvalit\u0101tes str\u0113les cilindru ra\u017eo\u0161an\u0101, kas var lieliski aizst\u0101t eso\u0161os hidrauliskos cilindrus da\u017e\u0101d\u0101s ma\u0161\u012bn\u0101s.<\/p>\n<p><img decoding=\"async\" src=\"https:\/\/www.hydraulic-cylinders.net\/wp-content\/uploads\/2025\/04\/songte-cylinder-head-with-all-kinds-excavator-models.webp\" alt=\"Ra\u017eo\u0161anas iesp\u0113jas\" \/><\/p>\n<h2>Lietojumprogrammu scen\u0101riji<\/h2>\n<h3>Celtniec\u012bbas apr\u012bkojums<\/h3>\n<p>Ekskavatoros str\u0113les cilindri ir vit\u0101li svar\u012bgi augsnes vai gru\u017eu rak\u0161anai, iekrau\u0161anai un p\u0101rvieto\u0161anai. Tie atvieglo da\u017e\u0101das darb\u012bbas, nodro\u0161inot efekt\u012bvu darb\u012bbu b\u016bvlaukumos. Turkl\u0101t ekskavatoros-iekr\u0101v\u0113jos kausa cilindrs pal\u012bdz gan rak\u0161anas, gan cel\u0161anas darbos, uzlabojot kop\u0113jo produktivit\u0101ti.<\/p>\n<h3>Lauksaimniec\u012bbas tehnika<\/h3>\n<p>Front\u0101lajos iekr\u0101v\u0113jos str\u0113les cilindri tiek izmantoti augsnes, siena un citu materi\u0101lu sav\u0101k\u0161anai, cel\u0161anai un transport\u0113\u0161anai, padarot tos neaizst\u0101jamus lauksaimniec\u012bbas darbos. To uzticam\u0101 veiktsp\u0113ja nodro\u0161ina lauksaimniec\u012bbas uzdevumu efekt\u012bvu veik\u0161anu.<\/p>\n<h3>Ekskavatori<\/h3>\n<p>Kausa cilindri \u013cauj ekskavatoriem efekt\u012bvi iek\u013c\u016bt zem\u0113 rak\u0161anas darbu laik\u0101. \u0160\u012b precizit\u0101te ir \u013coti svar\u012bga, lai sasniegtu v\u0113lamo rak\u0161anas dzi\u013cumu un platumu, t\u0101d\u0113j\u0101di veicinot projekta precizit\u0101ti.<\/p>\n<h3>Iekr\u0101v\u0113ji<\/h3>\n<p>Front\u0101lajos iekr\u0101v\u0113jos \u0161ie cilindri pal\u012bdz efekt\u012bvi pacelt un izkraut kravas. To iztur\u012bba \u013cauj operatoriem p\u0101rvald\u012bt smagus materi\u0101lus, uzlabojot produktivit\u0101ti da\u017e\u0101dos iekrau\u0161anas darbos.<\/p>\n<h2>Dizaina apsv\u0113rumi un atlases krit\u0113riji<\/h2>\n<h3>Kravnes\u012bba<\/h3>\n<p>Izv\u0113loties str\u0113les cilindru, ir \u013coti svar\u012bgi izprast t\u0101 kravnes\u012bbu. Tam j\u0101b\u016bt projekt\u0113tam t\u0101, lai iztur\u0113tu maksim\u0101l\u0101s paredzam\u0101s slodzes ekspluat\u0101cijas laik\u0101. Tas nodro\u0161ina dro\u0161\u012bbu un darb\u012bbas efektivit\u0101ti, nov\u0113r\u0161ot priek\u0161laic\u012bgus boj\u0101jumus.<\/p>\n<h3>Bl\u012bv\u0113juma veiktsp\u0113ja<\/h3>\n<p>Hidrauliskajiem cilindriem bl\u012bv\u0113jums ir oblig\u0101ts. Augstas kvalit\u0101tes bl\u012bv\u0113jumi nov\u0113r\u0161 \u0161\u0137idruma nopl\u016bdi un uztur spiedienu sist\u0113m\u0101. Pareizi bl\u012bv\u0113\u0161anas materi\u0101li, piem\u0113ram, poliuret\u0101ns un nitrilgumija, uzlabo ilgm\u016b\u017e\u012bbu un uzticam\u012bbu.<\/p>\n<h3>Iztur\u012bba<\/h3>\n<p>Iztur\u012bba ir galvenais faktors str\u0113les cilindru konstrukcij\u0101. Tiem j\u0101iztur ekstrem\u0101li apst\u0101k\u013ci, tostarp temperat\u016bras sv\u0101rst\u012bbas, pak\u013cau\u0161ana pies\u0101r\u0146ojumam un meh\u0101nisk\u0101 spriedze. Izmantotie materi\u0101li un konstrukcijas metodes b\u016btiski ietekm\u0113 cilindru kalpo\u0161anas laiku.<\/p>\n<h3>Dro\u0161\u012bbas funkcijas<\/h3>\n<p>Ir svar\u012bgi jau konstrukcij\u0101 iek\u013caut dro\u0161\u012bbas elementus, piem\u0113ram, aizsardz\u012bbu pret p\u0101rslodzi un dro\u0161\u012bbas meh\u0101nismus. \u0160ie elementi pal\u012bdz nov\u0113rst negad\u012bjumus un iek\u0101rtu boj\u0101jumus, aizsarg\u0101jot gan operatoru, gan iek\u0101rtas.<\/p>\n<h3>Apkopes apsv\u0113rumi<\/h3>\n<p>Ir \u013coti svar\u012bgi izv\u0113l\u0113ties konstrukciju, kas nodro\u0161ina \u0113rtu apkopi. T\u0101das funkcijas k\u0101 pieejami e\u013c\u013co\u0161anas punkti un viegli nomain\u0101mas bl\u012bves var samazin\u0101t d\u012bkst\u0101ves laiku un pagarin\u0101t cilindra ekspluat\u0101cijas laiku.<\/p>\n<p><img decoding=\"async\" src=\"https:\/\/www.hydraulic-cylinders.net\/wp-content\/uploads\/2025\/04\/songte-oil-pipes-and-spare-parts.webp\" alt=\"Apkopes apsv\u0113rumi\" \/><\/p>\n<h2>Bl\u012bv\u0113\u0161ana un e\u013c\u013co\u0161ana<\/h2>\n<p>Efekt\u012bva bl\u012bv\u0113\u0161ana un e\u013c\u013co\u0161ana ir b\u016btiska hidraulisko cilindru darb\u012bbai. Lai uztur\u0113tu spiedienu un nov\u0113rstu nopl\u016bdes, tiek izmantoti da\u017e\u0101di bl\u012bv\u0113jumi, tostarp virzu\u013ca bl\u012bv\u0113jumi un stie\u0146a bl\u012bv\u0113jumi. Bl\u012bv\u0113jumi, kas izgatavoti no iztur\u012bgiem materi\u0101liem, piem\u0113ram, poliuret\u0101na un nitrila gumijas, uzlabo nodilumiztur\u012bbu un pagarina cilindra kalpo\u0161anas laiku.<\/p>\n<p>Turkl\u0101t cilindra korpuss un v\u012bt\u0146ot\u0101s virsmas tiek prec\u012bzi apstr\u0101d\u0101tas, lai uzlabotu nodilumiztur\u012bbu. Regul\u0101ra e\u013c\u013co\u0161ana ar hidraulisko e\u013c\u013cu ir nepiecie\u0161ama, lai nodro\u0161in\u0101tu vienm\u0113r\u012bgu darb\u012bbu un samazin\u0101tu berzi, kas var izrais\u012bt priek\u0161laic\u012bgu nodilumu.<\/p>\n<h2>Regul\u0101ra p\u0101rbaude un profilaktisk\u0101 apkope<\/h2>\n<ul>\n<li><strong>Vizu\u0101l\u0101s p\u0101rbaudes:<\/strong> Regul\u0101ri p\u0101rbaudiet, vai hidrauliskaj\u0101 cilindr\u0101 nav nodiluma, nopl\u016bdes vai boj\u0101jumu paz\u012bmju. Probl\u0113mu agr\u012bna atkl\u0101\u0161ana var nov\u0113rst nopietnus boj\u0101jumus.<\/li>\n<li><strong>E\u013c\u013co\u0161anas p\u0101rbaudes:<\/strong> Lai nodro\u0161in\u0101tu vienm\u0113r\u012bgu darb\u012bbu, p\u0101rliecinieties, ka saska\u0146\u0101 ar ra\u017eot\u0101ja ieteikumiem tiek uzkl\u0101ta atbilsto\u0161a e\u013c\u013co\u0161ana.<\/li>\n<li><strong>Bl\u012bv\u0113juma nomai\u0146a:<\/strong> Uzraugiet bl\u012bv\u0113jumu nodilumu un nomainiet tos p\u0113c nepiecie\u0161am\u012bbas. Tas pal\u012bdz uztur\u0113t hidraulisk\u0101s sist\u0113mas integrit\u0101ti.<\/li>\n<\/ul>\n<h2>Uzst\u0101d\u012b\u0161anas vadl\u012bnijas<\/h2>\n<p>Pareiza str\u0113les cilindra uzst\u0101d\u012b\u0161ana ir \u013coti svar\u012bga optim\u0101lai veiktsp\u0113jai. Vispirms p\u0101rliecinieties, vai visas sast\u0101vda\u013cas ir t\u012bras un bez gru\u017eiem. Prec\u012bzi izl\u012bdziniet cilindru ar stiprin\u0101juma punktiem, izmantojot atbilsto\u0161us stiprin\u0101juma kron\u0161teinus, lai to nostiprin\u0101tu viet\u0101. Pievelciet stiprin\u0101jumus l\u012bdz nor\u0101d\u012btajam griezes momenta iestat\u012bjumam, lai nov\u0113rstu to atsl\u0101b\u0161anu darb\u012bbas laik\u0101.<\/p>\n<p>P\u0101rbaudiet pareizu izl\u012bdzin\u0101\u0161anu, lai nodro\u0161in\u0101tu, ka cilindrs darbojas nevainojami, bez liekas slodzes. P\u0113c uzst\u0101d\u012b\u0161anas veiciet r\u016bp\u012bgu p\u0101rbaudi, lai p\u0101rliecin\u0101tos, ka nav nopl\u016b\u017eu un ka visi savienojumi ir dro\u0161i. Darb\u012bbas p\u0101rbaude zem\u0101 spiedien\u0101 var pal\u012bdz\u0113t noteikt jebk\u0101das potenci\u0101las uzst\u0101d\u012b\u0161anas probl\u0113mas pirms piln\u012bgas darb\u012bbas.<\/p>\n<h2>Apkopes uzdevumi<\/h2>\n<ul>\n<li><strong>Regul\u0101ras p\u0101rbaudes:<\/strong> Regul\u0101ras vizu\u0101las p\u0101rbaudes var pal\u012bdz\u0113t noteikt agr\u012bnas nodiluma vai boj\u0101jumu paz\u012bmes, \u013caujot savlaic\u012bgi iejaukties.<\/li>\n<li><strong>Pareiza e\u013c\u013co\u0161ana:<\/strong> Ieteicam\u0101 e\u013c\u013co\u0161anas grafika iev\u0113ro\u0161ana ir b\u016btiska, lai nodro\u0161in\u0101tu vienm\u0113r\u012bgu cilindra darb\u012bbu un nov\u0113rstu nodilumu.<\/li>\n<li><strong>Bl\u012bv\u0113juma nomai\u0146a:<\/strong> Regul\u0101ri nomainiet bl\u012bves, kur\u0101m ir nodiluma paz\u012bmes, lai nov\u0113rstu nopl\u016bdes un uztur\u0113tu hidraulisko spiedienu.<\/li>\n<\/ul>\n<h2>Dro\u0161\u012bbas apsv\u0113rumi un vides faktori<\/h2>\n<p>Dro\u0161\u012bbas pas\u0101kumi ir \u013coti svar\u012bgi, str\u0101d\u0101jot ar hidrauliskajiem cilindriem. Pareiza operatoru apm\u0101c\u012bba par dro\u0161u apie\u0161anos un ekspluat\u0101cijas proced\u016br\u0101m samazina ar hidraulisko apr\u012bkojumu saist\u012btos riskus. Turkl\u0101t vides vadl\u012bniju iev\u0113ro\u0161ana hidraulisko cilindru ekspluat\u0101cijas un apkopes laik\u0101 nodro\u0161ina atbilst\u012bbu noteikumiem, aizsarg\u0101jot gan darbiniekus, gan vidi.<\/p>\n<h2>Probl\u0113mu nov\u0113r\u0161ana un bie\u017ei sastopamas probl\u0113mas<\/h2>\n<ul>\n<li><strong>Nopl\u016bde:<\/strong> Hidraulisk\u0101 \u0161\u0137idruma nopl\u016bdes var rasties nolietotu bl\u012bv\u0113jumu vai nepareizas uzst\u0101d\u012b\u0161anas d\u0113\u013c. To var diagnostic\u0113t, veicot regul\u0101ras vizu\u0101las p\u0101rbaudes, un nov\u0113rst, nomainot bl\u012bves vai atk\u0101rtoti izl\u012bdzinot deta\u013cas.<\/li>\n<li><strong>Nekonsekventa darb\u012bba:<\/strong> Tas var liecin\u0101t par probl\u0113m\u0101m ar hidraulisko spiedienu vai aizsprostojumiem. \u0160\u0137idruma l\u012bme\u0146a un filtru p\u0101rbaude var pal\u012bdz\u0113t nov\u0113rst probl\u0113mu.<\/li>\n<li><strong>P\u0101rkar\u0161ana:<\/strong> P\u0101rkar\u0161anu var izrais\u012bt nepietiekama e\u013c\u013co\u0161ana vai cilindra p\u0101rslodze. E\u013c\u013co\u0161anas l\u012bme\u0146u nov\u0113rt\u0113\u0161ana un cilindra darb\u012bbas nodro\u0161in\u0101\u0161ana atbilsto\u0161i t\u0101 slodzes kapacit\u0101tei var nov\u0113rst p\u0101rkar\u0161anu.<\/li>\n<\/ul>\n<p>Prevent\u012bvie pas\u0101kumi, piem\u0113ram, regul\u0101ras apkopes p\u0101rbaudes un atbilsto\u0161a operatoru apm\u0101c\u012bba, ir b\u016btiski, lai samazin\u0101tu iesp\u0113jam\u0101s probl\u0113mas.<\/p>\n<p><img decoding=\"async\" src=\"https:\/\/www.hydraulic-cylinders.net\/wp-content\/uploads\/2025\/04\/songte-bushings-with-all-kinds-of-excavator-models.webp\" alt=\"Probl\u0113mu nov\u0113r\u0161ana\" \/><\/p>\n<h2>Uz\u0146\u0113muma p\u0101rskats<\/h2>\n<p>M\u0113s esam vado\u0161ais rezerves hidraulisko cilindru ra\u017eot\u0101js, kas pied\u0101v\u0101 pla\u0161u produktu kl\u0101stu. M\u016bsu ap\u0146em\u0161anos sasniegt izcil\u012bbu atbalsta progres\u012bvas ra\u017eo\u0161anas prakses un stingri kvalit\u0101tes kontroles procesi.<\/p>\n<p>Koncentr\u0113joties uz prec\u012bzu in\u017eenieriju un augstas kvalit\u0101tes materi\u0101liem, m\u016bsu produkti atbilst starptautiskajiem standartiem un sertifik\u0101tiem. M\u0113s pied\u0101v\u0101jam piel\u0101gotus risin\u0101jumus, kas piel\u0101goti individu\u0101l\u0101m klientu vajadz\u012bb\u0101m, nodro\u0161inot maksim\u0101lu apmierin\u0101t\u012bbu.<\/p>\n<p>M\u016bsu modern\u0101k\u0101s ra\u017eo\u0161anas iek\u0101rtas ir apr\u012bkotas ar progres\u012bv\u0101m tehnolo\u0123ij\u0101m un kvalific\u0113tu person\u0101lu, kas velt\u012bts augst\u0101ko ra\u017eo\u0161anas standartu uztur\u0113\u0161anai. M\u0113s lepojamies ar savu izcilo p\u0113cp\u0101rdo\u0161anas atbalstu un apkalpo\u0161anu, nodro\u0161inot, ka m\u016bsu klienti sa\u0146em past\u0101v\u012bgu pal\u012bdz\u012bbu ar sav\u0101m hidraulisko cilindru vajadz\u012bb\u0101m.<\/p>\n<p><img decoding=\"async\" src=\"https:\/\/www.hydraulic-cylinders.net\/wp-content\/uploads\/2025\/04\/songte-company-4.webp\" alt=\"Uz\u0146\u0113muma p\u0101rskats\" \/><br \/>\n<img decoding=\"async\" src=\"https:\/\/www.hydraulic-cylinders.net\/wp-content\/uploads\/2025\/04\/songte-company-3.webp\" alt=\"Uz\u0146\u0113muma p\u0101rskats\" \/><\/p>\n<p>Autors: lil<\/p>","protected":false},"excerpt":{"rendered":"<p>Boom Cylinder For XGMA Middle Excavator XG822LC Product Overview The Boom Cylinder For XGMA Middle Excavator XG822LC is an essential component in hydraulic systems used in heavy machinery. This hydraulic cylinder specifically controls the movement of the boom in excavators, backhoe loaders, and front loaders. By enabling the boom to lift, lower, and tilt, it [&hellip;]<\/p>","protected":false},"featured_media":17881,"comment_status":"open","ping_status":"closed","template":"","meta":{"_et_pb_use_builder":"","_et_pb_old_content":"","_et_gb_content_width":""},"product_brand":[],"product_cat":[1546],"product_tag":[1547,1496],"class_list":{"0":"post-19316","1":"product","2":"type-product","3":"status-publish","4":"has-post-thumbnail","6":"product_cat-boom-cylinders","7":"product_tag-boom-cylinders","8":"product_tag-hydraulic-cylinders","10":"first","11":"instock","12":"shipping-taxable","13":"product-type-simple"},"amp_enabled":true,"_links":{"self":[{"href":"https:\/\/www.hydraulic-cylinders.net\/lv\/wp-json\/wp\/v2\/product\/19316","targetHints":{"allow":["GET"]}}],"collection":[{"href":"https:\/\/www.hydraulic-cylinders.net\/lv\/wp-json\/wp\/v2\/product"}],"about":[{"href":"https:\/\/www.hydraulic-cylinders.net\/lv\/wp-json\/wp\/v2\/types\/product"}],"replies":[{"embeddable":true,"href":"https:\/\/www.hydraulic-cylinders.net\/lv\/wp-json\/wp\/v2\/comments?post=19316"}],"wp:featuredmedia":[{"embeddable":true,"href":"https:\/\/www.hydraulic-cylinders.net\/lv\/wp-json\/wp\/v2\/media\/17881"}],"wp:attachment":[{"href":"https:\/\/www.hydraulic-cylinders.net\/lv\/wp-json\/wp\/v2\/media?parent=19316"}],"wp:term":[{"taxonomy":"product_brand","embeddable":true,"href":"https:\/\/www.hydraulic-cylinders.net\/lv\/wp-json\/wp\/v2\/product_brand?post=19316"},{"taxonomy":"product_cat","embeddable":true,"href":"https:\/\/www.hydraulic-cylinders.net\/lv\/wp-json\/wp\/v2\/product_cat?post=19316"},{"taxonomy":"product_tag","embeddable":true,"href":"https:\/\/www.hydraulic-cylinders.net\/lv\/wp-json\/wp\/v2\/product_tag?post=19316"}],"curies":[{"name":"wp","href":"https:\/\/api.w.org\/{rel}","templated":true}]}}