{"id":19317,"date":"2025-04-07T06:26:41","date_gmt":"2025-04-07T06:26:41","guid":{"rendered":"https:\/\/www.hydraulic-cylinders.net\/product\/boom-cylinder-for-xgma-middle-excavator-xg822fl\/"},"modified":"2025-04-07T06:26:43","modified_gmt":"2025-04-07T06:26:43","slug":"boom-cylinder-for-xgma-middle-excavator-xg822fl","status":"publish","type":"product","link":"https:\/\/www.hydraulic-cylinders.net\/lv\/products\/boom-cylinder-for-xgma-middle-excavator-xg822fl\/","title":{"rendered":"Str\u0113les cilindrs XGMA vid\u0113jam ekskavatoram XG822FL"},"content":{"rendered":"<h1>Str\u0113les cilindrs XGMA vid\u0113jam ekskavatoram XG822FL<\/h1>\n<h2>Ievads str\u0113les cilindr\u0101<\/h2>\n<p>Str\u0113les cilindrs ir kritiski svar\u012bga smago ma\u0161\u012bnu sast\u0101vda\u013ca, kas \u012bpa\u0161i izstr\u0101d\u0101ta XGMA vid\u0113j\u0101s klases ekskavatoram XG822FL. \u0160is hidrauliskais cilindrs kontrol\u0113 str\u0113les kust\u012bbu, \u013caujot operatoram veikt da\u017e\u0101dus uzdevumus, piem\u0113ram, efekt\u012bvi pacelt, nolaist un noliekt str\u0113li. Str\u0113les cilindra funkcionalit\u0101te ir b\u016btiska efekt\u012bvai darb\u012bbai b\u016bvniec\u012bbas un rak\u0161anas projektos. Tas darbojas hidraulisk\u0101s sist\u0113mas ietvaros, kas kust\u012bbas un sp\u0113ka rad\u012b\u0161anai izmanto spiediena \u0161\u0137idrumu. Tas \u013cauj smagaj\u0101m ma\u0161\u012bn\u0101m veikt uzdevumus, kuriem cit\u0101di b\u016btu nepiecie\u0161ams iev\u0113rojams manu\u0101ls darbs, t\u0101d\u0113j\u0101di uzlabojot produktivit\u0101ti un dro\u0161\u012bbu darba viet\u0101s.<\/p>\n<p><img decoding=\"async\" src=\"https:\/\/www.hydraulic-cylinders.net\/wp-content\/uploads\/2025\/04\/songte-company-1.webp\" alt=\"Str\u0113les cilindra att\u0113ls\"><\/p>\n<h2>Str\u0113les cilindra \u012bpa\u0161\u012bbas<\/h2>\n<ul>\n<li><strong>Augsta iztur\u012bba un ilgm\u016b\u017e\u012bba:<\/strong> Izgatavots no augstas stipr\u012bbas t\u0113rauda vai alum\u012bnija, str\u0113les cilindrs ir paredz\u0113ts augsta spiediena un lielu kravu iztur\u0113\u0161anai, padarot to piem\u0113rotu sare\u017e\u0123\u012btiem darba apst\u0101k\u013ciem. Tas ir konstru\u0113ts t\u0101, lai b\u016btu iztur\u012bgs pret nodilumu un koroziju, k\u0101 rezult\u0101t\u0101 tas pagarina kalpo\u0161anas laiku.<\/li>\n<li><strong>Efekt\u012bva hidraulisk\u0101 darb\u012bba:<\/strong> Cilindrs izmanto hidraulisk\u0101 \u0161\u0137idruma spiedienu, lai nodro\u0161in\u0101tu vienm\u0113r\u012bgu izstiep\u0161anu un ievilk\u0161anu, \u013caujot \u0101tri rea\u0123\u0113t uz operatora komand\u0101m, vienlaikus nodro\u0161inot iev\u0113rojamu stum\u0161anas un vilk\u0161anas sp\u0113ku, kas piem\u0113rots smagu materi\u0101lu apstr\u0101dei un sare\u017e\u0123\u012btu uzdevumu veik\u0161anai.<\/li>\n<li><strong>Veidu da\u017e\u0101d\u012bba:<\/strong> Pieejamie varianti ietver vienk\u0101r\u0161as darb\u012bbas cilindrus (darbojas vien\u0101 virzien\u0101) un divpus\u0113jas darb\u012bbas cilindrus (darbojas abos virzienos), lai apmierin\u0101tu da\u017e\u0101das ekspluat\u0101cijas vajadz\u012bbas. Da\u017ei mode\u013ci ir teleskopiski, kas \u013cauj veikt liel\u0101ku pagarin\u0101jumu, nepalielinot \u0101r\u0113jos izm\u0113rus, kas ir ide\u0101li piem\u0113rots lietojumiem ar ierobe\u017eotu vietu.<\/li>\n<li><strong>Daudzpus\u012bgi pielietojumi:<\/strong> Str\u0113les cilindru var izmantot da\u017e\u0101d\u0101s ma\u0161\u012bn\u0101s, uzlabojot t\u0101 lietder\u012bbu da\u017e\u0101d\u0101s nozar\u0113s.<\/li>\n<li><strong>Piel\u0101gota ra\u017eo\u0161ana:<\/strong> M\u016bsu produkti var lieliski aizst\u0101t eso\u0161os hidrauliskos cilindrus ar l\u012bdzv\u0113rt\u012bgu vai lab\u0101ku veiktsp\u0113ju, nodro\u0161inot sader\u012bbu un uzticam\u012bbu.<\/li>\n<\/ul>\n<p><img decoding=\"async\" src=\"https:\/\/www.hydraulic-cylinders.net\/wp-content\/uploads\/2025\/04\/songte-cylinder-head-with-all-kinds-excavator-models.webp\" alt=\"Hidrauliskais cilindrs ekskavatoriem\"><\/p>\n<h2>Str\u0113les cilindra pielietojums<\/h2>\n<h3>Celtniec\u012bbas apr\u012bkojums<\/h3>\n<p>Ekskavatoros str\u0113les cilindri ir vit\u0101li svar\u012bgi rak\u0161anai, iekrau\u0161anai un augsnes vai gru\u017eu p\u0101rvieto\u0161anai. To konstrukcija atvieglo prec\u012bzu sp\u0113ka pielieto\u0161anu, \u013caujot operatoriem efekt\u012bvi p\u0101rvald\u012bt lielus materi\u0101la apjomus. Ekskavatoros-iekr\u0101v\u0113jos str\u0113les cilindrs pal\u012bdz ne tikai rak\u0161anas, bet ar\u012b cel\u0161anas darbos, uzlabojot produktivit\u0101ti b\u016bvlaukumos.<\/p>\n<h3>Lauksaimniec\u012bbas tehnika<\/h3>\n<p>Front\u0101lajos iekr\u0101v\u0113jos str\u0113les cilindri ir \u013coti svar\u012bgi augsnes, siena un citu materi\u0101lu sav\u0101k\u0161anai, cel\u0161anai un transport\u0113\u0161anai. \u0160o cilindru nodro\u0161in\u0101t\u0101 hidraulisk\u0101 jauda nodro\u0161ina nevainojamu darb\u012bbu, padarot tos neaizst\u0101jamus lauksaimniec\u012bbas darbpl\u016bsm\u0101s, kur laiks un efektivit\u0101te ir \u0101rk\u0101rt\u012bgi svar\u012bgi.<\/p>\n<h3>Ekskavatori<\/h3>\n<p>Ekskavatoros str\u0113les cilindrs \u013cauj kausam efekt\u012bvi iek\u013c\u016bt zem\u0113, atvieglojot rak\u0161anas procesu. Hidrauliskais meh\u0101nisms \u013cauj prec\u012bzi kontrol\u0113t rak\u0161anas dzi\u013cumu un le\u0146\u0137i, kas ir svar\u012bgi da\u017e\u0101diem objekta apst\u0101k\u013ciem un projekta pras\u012bb\u0101m.<\/p>\n<h3>Iekr\u0101v\u0113ji<\/h3>\n<p>Front\u0101lie iekr\u0101v\u0113ji izmanto str\u0113les cilindrus, lai pal\u012bdz\u0113tu efekt\u012bvi pacelt un izkraut kravas. Str\u0113les cilindra konstrukcija nodro\u0161ina, ka smagus materi\u0101lus var apstr\u0101d\u0101t prec\u012bzi, iev\u0113rojami uzlabojot darb\u012bbas efektivit\u0101ti un samazinot operatoru fizisko slodzi.<\/p>\n<h2>Dizaina apsv\u0113rumi un atlases krit\u0113riji<\/h2>\n<ul>\n<li><strong>Kravnes\u012bba:<\/strong> Str\u0113les cilindra konstrukcijai j\u0101\u0146em v\u0113r\u0101 maksim\u0101l\u0101 slodze, ko tas var iztur\u0113t. Tas ietver materi\u0101lu svara anal\u012bzi un p\u0101rliecin\u0101\u0161anos, ka cilindrs var iztur\u0113t atbilsto\u0161o spiedienu un sp\u0113kus bez boj\u0101jumiem.<\/li>\n<li><strong>Bl\u012bv\u0113\u0161anas sp\u0113ja:<\/strong> Efekt\u012bvs bl\u012bv\u0113jums ir \u013coti svar\u012bgs hidraulisko cilindru ilgm\u016b\u017e\u012bbai un efektivit\u0101tei. Kvalitat\u012bvi bl\u012bv\u0113jumi nov\u0113r\u0161 \u0161\u0137idruma nopl\u016bdi un pies\u0101r\u0146ojumu, kas var izrais\u012bt sist\u0113mas boj\u0101jumus. Bl\u012bv\u0113\u0161anas materi\u0101lu, piem\u0113ram, poliuret\u0101na un nitrilgumijas, izv\u0113lei ir b\u016btiska loma cilindra darb\u012bb\u0101.<\/li>\n<li><strong>Iztur\u012bba:<\/strong> Str\u0113les cilindriem j\u0101b\u016bt konstru\u0113tiem t\u0101, lai tie iztur\u0113tu skarbus ekspluat\u0101cijas apst\u0101k\u013cus. Tas ietver iztur\u012bbu pret nodilumu, koroziju un nogurumu laika gait\u0101. Augstas kvalit\u0101tes materi\u0101li un progres\u012bvi ra\u017eo\u0161anas procesi veicina produkta iztur\u012bbu.<\/li>\n<li><strong>Dro\u0161\u012bbas funkcijas:<\/strong> Hidrauliskaj\u0101s sist\u0113m\u0101s dro\u0161\u012bbas apsv\u0113rumi ir \u0101rk\u0101rt\u012bgi svar\u012bgi. Str\u0113les cilindriem j\u0101b\u016bt apr\u012bkotiem ar dro\u0161\u012bbas meh\u0101nismiem, kas nov\u0113r\u0161 nejau\u0161u iedarbin\u0101\u0161anu un nodro\u0161ina dro\u0161\u012bbas funkcijas spiediena zuduma vai meh\u0101niskas k\u013c\u016bmes gad\u012bjum\u0101.<\/li>\n<li><strong>Apkopes pieejam\u012bba:<\/strong> Konstrukcija, kas nodro\u0161ina vienk\u0101r\u0161u apkopi un p\u0101rbaudi, var iev\u0113rojami pagarin\u0101t str\u0113les cilindra kalpo\u0161anas laiku. Sast\u0101vda\u013c\u0101m j\u0101b\u016bt pieejam\u0101m regul\u0101r\u0101m p\u0101rbaud\u0113m un remontam bez pla\u0161as demont\u0101\u017eas.<\/li>\n<\/ul>\n<p><img decoding=\"async\" src=\"https:\/\/www.hydraulic-cylinders.net\/wp-content\/uploads\/2025\/04\/songte-oil-pipes-and-spare-parts.webp\" alt=\"Hidraulisk\u0101s da\u013cas\"><\/p>\n<h2>Cilindra bl\u012bv\u0113\u0161ana un e\u013c\u013co\u0161ana<\/h2>\n<p>Lai nodro\u0161in\u0101tu optim\u0101lu veiktsp\u0113ju, str\u0113les cilindros tiek izmantotas da\u017e\u0101das bl\u012bv\u0113\u0161anas sast\u0101vda\u013cas, tostarp virzu\u013ca bl\u012bves un stie\u0146a bl\u012bves. Bl\u012bv\u0113\u0161anas materi\u0101lu, piem\u0113ram, augstas kvalit\u0101tes poliuret\u0101na vai nitrila gumijas, izv\u0113le ir b\u016btiska, lai saglab\u0101tu hidraulisko integrit\u0101ti un nov\u0113rstu nopl\u016bdes. Cilindra korpuss un v\u012bt\u0146ot\u0101s gala virsmas tiek r\u016bp\u012bgi apstr\u0101d\u0101tas, lai uzlabotu nodilumiztur\u012bbu un kop\u0113jo iztur\u012bbu. Regul\u0101ra e\u013c\u013co\u0161ana ar hidraulisko e\u013c\u013cu ir nepiecie\u0161ama, lai uztur\u0113tu cilindra vienm\u0113r\u012bgu darb\u012bbu un nov\u0113rstu iek\u0161\u0113jo komponentu priek\u0161laic\u012bgu nodilumu. Pareiza e\u013c\u013co\u0161anas prakse ar\u012b pal\u012bdz atdzes\u0113t hidraulisko sist\u0113mu, v\u0113l vair\u0101k pagarinot t\u0101s kalpo\u0161anas laiku.<\/p>\n<h2>Prevent\u012bvie apkopes pas\u0101kumi<\/h2>\n<ul>\n<li><strong>Regul\u0101ras p\u0101rbaudes:<\/strong> Regul\u0101ras p\u0101rbaudes, lai noteiktu nodilumu, nopl\u016bdes vai jebk\u0101das darb\u012bbas trauc\u0113jumu paz\u012bmes, var pal\u012bdz\u0113t identific\u0113t probl\u0113mas, pirms t\u0101s k\u013c\u016bst par nopietn\u0101m probl\u0113m\u0101m. Tas ietver bl\u012bv\u0113jumu, stie\u0146u integrit\u0101tes un hidraulisko savienojumu p\u0101rbaudi.<\/li>\n<li><strong>Piem\u0113rota e\u013c\u013co\u0161ana:<\/strong> Ir \u013coti svar\u012bgi nodro\u0161in\u0101t, lai cilindrs b\u016btu pien\u0101c\u012bgi iee\u013c\u013cots ar pareizo hidraulisko e\u013c\u013cu. Regul\u0101ra e\u013c\u013cas mai\u0146a un pies\u0101r\u0146ojuma p\u0101rbaude var uzlabot veiktsp\u0113ju un iztur\u012bbu.<\/li>\n<li><strong>Bl\u012bv\u0113juma nomai\u0146a:<\/strong> Bl\u012bves periodiski j\u0101nomaina atkar\u012bb\u0101 no ekspluat\u0101cijas vides un lieto\u0161anas bie\u017euma. Nolietotas bl\u012bves var izrais\u012bt iev\u0113rojamu hidraulisk\u0101 \u0161\u0137idruma zudumu, ietekm\u0113jot sist\u0113mas kop\u0113jo efektivit\u0101ti.<\/li>\n<\/ul>\n<h2>Uzst\u0101d\u012b\u0161anas vadl\u012bnijas<\/h2>\n<p>Pareiza str\u0113les cilindra uzst\u0101d\u012b\u0161ana ir \u013coti svar\u012bga optim\u0101lai veiktsp\u0113jai un ilgm\u016b\u017e\u012bbai. Uzst\u0101d\u012b\u0161anas laik\u0101 p\u0101rliecinieties, vai cilindrs ir pareizi izl\u012bdzin\u0101ts ar tehniku, lai nov\u0113rstu p\u0101rm\u0113r\u012bgu slodzi uz cilindru un t\u0101 stiprin\u0101jumiem. Izmantojiet atbilsto\u0161us mont\u0101\u017eas kron\u0161teinus, lai stingri nostiprin\u0101tu cilindru viet\u0101, izvairoties no kust\u012bb\u0101m, kas var\u0113tu izrais\u012bt nepareizu izl\u012bdzin\u0101\u0161anu. Ir svar\u012bgi ar\u012b iev\u0113rot ra\u017eot\u0101ja specifik\u0101cijas attiec\u012bb\u0101 uz hidrauliskajiem savienojumiem un griezes momenta iestat\u012bjumiem, lai nodro\u0161in\u0101tu uzst\u0101d\u012b\u0161anu bez nopl\u016bd\u0113m. P\u0113c uzst\u0101d\u012b\u0161anas veiciet r\u016bp\u012bgu p\u0101rbaudi, vai nav nopl\u016b\u017eu paz\u012bmju, un p\u0101rbaudiet hidraulisko sist\u0113mu, lai p\u0101rliecin\u0101tos par pareizu darb\u012bbu.<\/p>\n<h2>Apkopes uzdevumi<\/h2>\n<ul>\n<li><strong>Regul\u0101ras p\u0101rbaudes:<\/strong> Veiciet regul\u0101ras p\u0101rbaudes, lai laikus identific\u0113tu visas iesp\u0113jam\u0101s probl\u0113mas. Mekl\u0113jiet nopl\u016bdes, neparastas ska\u0146as un bl\u012bvju un stie\u0146u nodiluma paz\u012bmes.<\/li>\n<li><strong>Pareiza e\u013c\u013co\u0161ana:<\/strong> P\u0101rliecinieties, ka hidraulisk\u0101s e\u013c\u013cas l\u012bmenis ir atbilsto\u0161\u0101 l\u012bmen\u012b, un nomainiet to p\u0113c nepiecie\u0161am\u012bbas, lai uztur\u0113tu optim\u0101lus e\u013c\u013co\u0161anas apst\u0101k\u013cus.<\/li>\n<li><strong>Bl\u012bv\u0113juma nomai\u0146a un kalibr\u0113\u0161ana:<\/strong> Regul\u0101ri nomainiet bl\u012bves, kur\u0101m ir nodiluma paz\u012bmes, un p\u0101rbaudiet hidraulisk\u0101s sist\u0113mas kalibr\u0113\u0161anu, lai p\u0101rliecin\u0101tos, ka t\u0101 darbojas pareizi. Nepareizi kalibr\u0113ta sist\u0113ma var izrais\u012bt neefektivit\u0101ti un iesp\u0113jamus boj\u0101jumus.<\/li>\n<\/ul>\n<h2>Dro\u0161\u012bbas apsv\u0113rumi un vides faktori<\/h2>\n<p>Izmantojot str\u0113les cilindrus, dro\u0161\u012bbas pas\u0101kumi ir \u013coti svar\u012bgi, lai nov\u0113rstu negad\u012bjumus un nodro\u0161in\u0101tu dro\u0161u darba vidi. Operatoriem j\u0101b\u016bt apm\u0101c\u012btiem par pareizu hidraulisko sist\u0113mu lieto\u0161anu un ar t\u0101m saist\u012btajiem iesp\u0113jamiem apdraud\u0113jumiem. Turkl\u0101t j\u0101iev\u0113ro vides aizsardz\u012bbas noteikumi, nodro\u0161inot, ka hidrauliskie \u0161\u0137idrumi tiek p\u0101rvald\u012bti atbild\u012bgi, lai nov\u0113rstu augsnes un \u016bdens avotu pies\u0101r\u0146o\u0161anu. J\u0101b\u016bt ieviestiem atbilsto\u0161iem ierobe\u017eo\u0161anas pas\u0101kumiem, lai nov\u0113rstu jebk\u0101das nopl\u016bdes vai izl\u012b\u0161anas, kas var rasties ekspluat\u0101cijas vai apkopes laik\u0101.<\/p>\n<h2>K\u013c\u016bmju diagnostika un bie\u017e\u0101k sastopam\u0101s probl\u0113mas<\/h2>\n<ul>\n<li><strong>Nopl\u016bde:<\/strong> Viena no visbie\u017e\u0101k sastopamaj\u0101m hidraulisko cilindru probl\u0113m\u0101m ir nopl\u016bde no bl\u012bv\u0113m vai savienojumiem. Tas var samazin\u0101t veiktsp\u0113ju un efektivit\u0101ti. Lai savlaic\u012bgi identific\u0113tu un nov\u0113rstu nopl\u016bdes, ir nepiecie\u0161ama regul\u0101ra bl\u012bvju un savienojumu p\u0101rbaude.<\/li>\n<li><strong>Nerea\u0123\u0113jo\u0161a kust\u012bba:<\/strong> Ja str\u0113les cilindrs nerea\u0123\u0113, k\u0101 paredz\u0113ts, tas var liecin\u0101t par probl\u0113m\u0101m ar hidraulisko spiedienu vai iek\u0161\u0113jiem boj\u0101jumiem. Hidraulisk\u0101s sist\u0113mas diagnostika un \u0161\u0137\u0113r\u0161\u013cu vai blo\u0137\u0113jumu p\u0101rbaude var pal\u012bdz\u0113t nov\u0113rst probl\u0113mu.<\/li>\n<li><strong>P\u0101rm\u0113r\u012bgs troksnis:<\/strong> Neparastas ska\u0146as darb\u012bbas laik\u0101 var liecin\u0101t par cilindra vai hidraulisk\u0101s sist\u0113mas nodilumu vai boj\u0101jumiem. Trok\u0161\u0146a avota izp\u0113te un nolietoto deta\u013cu nomai\u0146a var nov\u0113rst turpm\u0101kus boj\u0101jumus.<\/li>\n<\/ul>\n<h2>Probl\u0113mu nov\u0113r\u0161anas padomi<\/h2>\n<p>Lai efekt\u012bvi diagnostic\u0113tu un nov\u0113rstu probl\u0113mas ar str\u0113les cilindru, \u0146emiet v\u0113r\u0101 \u0161\u0101dus probl\u0113mu nov\u0113r\u0161anas padomus: Pirmk\u0101rt, regul\u0101ri p\u0101rbaudiet, vai nav nopl\u016b\u017eu vai boj\u0101jumu paz\u012bmju. Nov\u0113rsiet visas nopl\u016bdes, tikl\u012bdz t\u0101s ir konstat\u0113tas, lai nov\u0113rstu hidraulisk\u0101 \u0161\u0137idruma zudumu. Otrk\u0101rt, p\u0101rliecinieties, vai hidrauliskais spiediens ir ieteicamaj\u0101 diapazon\u0101 optim\u0101lai veiktsp\u0113jai. Ja spiediens ir zems, izp\u0113tiet iesp\u0113jamos c\u0113lo\u0146us, piem\u0113ram, aizs\u0113r\u0113ju\u0161as l\u012bnijas vai nodilu\u0161as deta\u013cas. Visbeidzot, uzturiet t\u012bru darba vidi, lai nov\u0113rstu pies\u0101r\u0146ot\u0101ju iek\u013c\u016b\u0161anu hidrauliskaj\u0101 sist\u0113m\u0101, kas laika gait\u0101 var izrais\u012bt nodilumu un darb\u012bbas trauc\u0113jumus.<\/p>\n<p><img decoding=\"async\" src=\"https:\/\/www.hydraulic-cylinders.net\/wp-content\/uploads\/2025\/04\/songte-bushings-with-all-kinds-of-excavator-models.webp\" alt=\"Ekskavatora bukses\"><\/p>\n<h2>Par m\u016bsu uz\u0146\u0113mumu<\/h2>\n<p>M\u0113s esam vado\u0161ais rezerves hidraulisko cilindru ra\u017eot\u0101js, kas pied\u0101v\u0101 pla\u0161u produktu kl\u0101stu, kas apmierina gan viet\u0113jo, gan starptautisko tirgu vajadz\u012bbas. M\u016bsu ap\u0146em\u0161an\u0101s sasniegt izcil\u012bbu atspogu\u013cojas m\u016bsu r\u016bp\u012bgi izstr\u0101d\u0101tajos ra\u017eo\u0161anas procesos un koncentr\u0113\u0161an\u0101s uz augstas kvalit\u0101tes produkciju. Izmantojot progres\u012bvas tehnolo\u0123ijas, prasm\u012bgu person\u0101lu un stabilas ra\u017eo\u0161anas vad\u012bbas strat\u0113\u0123ijas, m\u0113s nep\u0101rtraukti uzlabojam savas ra\u017eo\u0161anas iesp\u0113jas, lai apmierin\u0101tu m\u016bsu klientu da\u017e\u0101d\u0101s vajadz\u012bbas. M\u016bsu produkti ir izstr\u0101d\u0101ti ar precizit\u0101ti un konstru\u0113ti uzticam\u012bbai, nodro\u0161inot augst\u0101k\u0101 l\u012bme\u0146a risin\u0101jumus.<\/p>\n<p><img decoding=\"async\" src=\"https:\/\/www.hydraulic-cylinders.net\/wp-content\/uploads\/2025\/04\/songte-company-4.webp\" alt=\"Uz\u0146\u0113muma t\u0113ls\"><br \/>\n<img decoding=\"async\" src=\"https:\/\/www.hydraulic-cylinders.net\/wp-content\/uploads\/2025\/04\/songte-company-3.webp\" alt=\"Uz\u0146\u0113muma t\u0113ls\"><\/p>\n<h2>Secin\u0101jums<\/h2>\n<p>Ar pla\u0161u hidraulisko cilindru kl\u0101stu un uzman\u012bbu uz kvalit\u0101ti m\u0113s esam ap\u0146\u0113mu\u0161ies nodro\u0161in\u0101t uzticamus produktus, lai apmierin\u0101tu m\u016bsu klientu vajadz\u012bbas. M\u016bsu starptautisk\u0101s sertifik\u0101cijas, piel\u0101gotie pakalpojumi, modernas ra\u017eo\u0161anas iek\u0101rtas un \u012bpa\u0161ais p\u0113cp\u0101rdo\u0161anas atbalsts uzsver m\u016bsu poz\u012bciju k\u0101 uzticamam partnerim hidraulisko cilindru nozar\u0113.<\/p>\n<p>Autors: lil<\/p>","protected":false},"excerpt":{"rendered":"<p>Boom Cylinder For XGMA Middle Excavator XG822FL Introduction to Boom Cylinder The Boom Cylinder is a critical component of heavy machinery, specifically designed for the XGMA Middle Excavator XG822FL. This hydraulic cylinder controls the movement of the boom, enabling the operator to perform various tasks such as lifting, lowering, and tilting the boom effectively. The [&hellip;]<\/p>","protected":false},"featured_media":17867,"comment_status":"open","ping_status":"closed","template":"","meta":{"_et_pb_use_builder":"","_et_pb_old_content":"","_et_gb_content_width":""},"product_brand":[],"product_cat":[1546],"product_tag":[1547,1496],"class_list":{"0":"post-19317","1":"product","2":"type-product","3":"status-publish","4":"has-post-thumbnail","6":"product_cat-boom-cylinders","7":"product_tag-boom-cylinders","8":"product_tag-hydraulic-cylinders","10":"first","11":"instock","12":"shipping-taxable","13":"product-type-simple"},"amp_enabled":true,"_links":{"self":[{"href":"https:\/\/www.hydraulic-cylinders.net\/lv\/wp-json\/wp\/v2\/product\/19317","targetHints":{"allow":["GET"]}}],"collection":[{"href":"https:\/\/www.hydraulic-cylinders.net\/lv\/wp-json\/wp\/v2\/product"}],"about":[{"href":"https:\/\/www.hydraulic-cylinders.net\/lv\/wp-json\/wp\/v2\/types\/product"}],"replies":[{"embeddable":true,"href":"https:\/\/www.hydraulic-cylinders.net\/lv\/wp-json\/wp\/v2\/comments?post=19317"}],"wp:featuredmedia":[{"embeddable":true,"href":"https:\/\/www.hydraulic-cylinders.net\/lv\/wp-json\/wp\/v2\/media\/17867"}],"wp:attachment":[{"href":"https:\/\/www.hydraulic-cylinders.net\/lv\/wp-json\/wp\/v2\/media?parent=19317"}],"wp:term":[{"taxonomy":"product_brand","embeddable":true,"href":"https:\/\/www.hydraulic-cylinders.net\/lv\/wp-json\/wp\/v2\/product_brand?post=19317"},{"taxonomy":"product_cat","embeddable":true,"href":"https:\/\/www.hydraulic-cylinders.net\/lv\/wp-json\/wp\/v2\/product_cat?post=19317"},{"taxonomy":"product_tag","embeddable":true,"href":"https:\/\/www.hydraulic-cylinders.net\/lv\/wp-json\/wp\/v2\/product_tag?post=19317"}],"curies":[{"name":"wp","href":"https:\/\/api.w.org\/{rel}","templated":true}]}}