{"id":19318,"date":"2025-04-07T06:26:43","date_gmt":"2025-04-07T06:26:43","guid":{"rendered":"https:\/\/www.hydraulic-cylinders.net\/product\/boom-cylinder-for-xgma-middle-excavator-xg822el\/"},"modified":"2025-04-07T06:26:45","modified_gmt":"2025-04-07T06:26:45","slug":"boom-cylinder-for-xgma-middle-excavator-xg822el","status":"publish","type":"product","link":"https:\/\/www.hydraulic-cylinders.net\/lv\/products\/boom-cylinder-for-xgma-middle-excavator-xg822el\/","title":{"rendered":"Str\u0113les cilindrs XGMA vid\u0113jam ekskavatoram XG822EL"},"content":{"rendered":"<h1>Str\u0113les cilindrs XGMA vid\u0113jam ekskavatoram XG822EL<\/h1>\n<h2>Produkta p\u0101rskats<\/h2>\n<p>XGMA vid\u0113j\u0101 ekskavatora XG822EL str\u0113les cilindrs ir b\u016btiska ekskavatoru hidraulisk\u0101s sist\u0113mas sast\u0101vda\u013ca. \u0160is hidrauliskais cilindrs ir \u012bpa\u0161i izstr\u0101d\u0101ts, lai kontrol\u0113tu str\u0113les rokas kust\u012bbu, nodro\u0161inot efekt\u012bvu kausa pacel\u0161anu, nolai\u0161anu un noliek\u0161anu. Tam ir b\u016btiska loma materi\u0101lu apstr\u0101des uzdevumu atvieglo\u0161an\u0101, padarot to neaizst\u0101jamu smago ma\u0161\u012bnu oper\u0101cij\u0101s.<\/p>\n<p><img decoding=\"async\" src=\"https:\/\/www.hydraulic-cylinders.net\/wp-content\/uploads\/2025\/04\/songte-company-1.webp\" alt=\"Ekskavatora str\u0113les cilindrs\"><\/p>\n<h3>Defin\u012bcija un funkcionalit\u0101te<\/h3>\n<p>Kausa cilindrs ir hidraulisk\u0101 cilindra veids, kas regul\u0113 kausa kust\u012bbu da\u017e\u0101d\u0101s smagaj\u0101s ma\u0161\u012bn\u0101s, piem\u0113ram, ekskavatoros, iekr\u0101v\u0113jos ar ekskavatoru un front\u0101lajos iekr\u0101v\u0113jos. Ar hidraulisk\u0101 spiediena pal\u012bdz\u012bbu tas \u013cauj kausam veikt svar\u012bgas darb\u012bbas, piem\u0113ram, rak\u0161anu, iekrau\u0161anu un materi\u0101lu transport\u0113\u0161anu. Str\u0113les cilindra konstrukcija nodro\u0161ina vienm\u0113r\u012bgu un efekt\u012bvu darb\u012bbu, \u013caujot prec\u012bzi kontrol\u0113t sare\u017e\u0123\u012btus uzdevumus.<\/p>\n<h2>Produkta funkcijas<\/h2>\n<ul>\n<li><strong>Augsta iztur\u012bba un ilgm\u016b\u017e\u012bba:<\/strong> Izgatavots no augstas stipr\u012bbas t\u0113rauda vai alum\u012bnija, str\u0113les cilindrs var iztur\u0113t augstu spiedienu un lielas slodzes. Tas ir konstru\u0113ts t\u0101, lai iztur\u0113tu skarbus darba apst\u0101k\u013cus, \u012bpa\u0161u uzman\u012bbu piev\u0113r\u0161ot nodilumiztur\u012bbai un korozijas nov\u0113r\u0161anai, lai pagarin\u0101tu t\u0101 kalpo\u0161anas laiku.<\/li>\n<li><strong>Efekt\u012bva hidraulisk\u0101 darb\u012bba:<\/strong> Cilindrs izmanto hidraulisk\u0101s e\u013c\u013cas spiedienu, lai nodro\u0161in\u0101tu vienm\u0113r\u012bgu teleskopisko darb\u012bbu, \u0101tri rea\u0123\u0113jot uz operatora komand\u0101m, vienlaikus nodro\u0161inot sp\u0113c\u012bgu stum\u0161anas un vilk\u0161anas sp\u0113ku, lai tiktu gal\u0101 ar smagiem un sare\u017e\u0123\u012btiem uzdevumiem.<\/li>\n<li><strong>Da\u017e\u0101di veidi:<\/strong> Str\u0113les cilindrs ir pieejams vienvirziena (darbojas vien\u0101 virzien\u0101) vai divk\u0101r\u0161as darb\u012bbas (darbojas abos virzienos) konfigur\u0101cij\u0101s, un to var izv\u0113l\u0113ties atkar\u012bb\u0101 no konkr\u0113t\u0101m ekspluat\u0101cijas vajadz\u012bb\u0101m. Da\u017eiem mode\u013ciem ir teleskopiska konstrukcija, kas \u013cauj veikt liel\u0101ku pagarin\u0101jumu, nepalielinot \u0101r\u0113jos izm\u0113rus, kas ir ide\u0101li piem\u0113rots darbam ierobe\u017eot\u0101 telp\u0101.<\/li>\n<li><strong>Piel\u0101gota ra\u017eo\u0161ana:<\/strong> M\u016bsu produkti sp\u0113j piln\u012bb\u0101 aizst\u0101t da\u017e\u0101dus hidrauliskos cilindrus ar augst\u0101ko kvalit\u0101ti un veiktsp\u0113ju, nodro\u0161inot sader\u012bbu ar vair\u0101kiem ekskavatoru mode\u013ciem.<\/li>\n<li><strong>Daudzpus\u012bgi pielietojumi:<\/strong> Str\u0113les cilindrs ir piel\u0101gojams da\u017e\u0101d\u0101m ma\u0161\u012bn\u0101m, uzlabojot kop\u0113jo darb\u012bbas efektivit\u0101ti vair\u0101k\u0101s nozar\u0113s.<\/li>\n<\/ul>\n<p><img decoding=\"async\" src=\"https:\/\/www.hydraulic-cylinders.net\/wp-content\/uploads\/2025\/04\/songte-cylinder-head-with-all-kinds-excavator-models.webp\" alt=\"Cilindra galva ekskavatoru mode\u013ciem\"><\/p>\n<h2>Lietojumprogrammu scen\u0101riji<\/h2>\n<h3>Celtniec\u012bbas apr\u012bkojums<\/h3>\n<p>B\u016bvniec\u012bbas tehnik\u0101 str\u0113les cilindri ir ekskavatoru galven\u0101 sast\u0101vda\u013ca, kas \u013cauj efekt\u012bvi rakt, iekraut un p\u0101rvietot zemi vai gru\u017eus. To konstrukcija nodro\u0161ina optim\u0101lu pacel\u0161anu un sniedzam\u012bbu, atvieglojot uzdevumus, s\u0101kot no tran\u0161eju rak\u0161anas l\u012bdz ainavu veido\u0161anai. Ekskavatoros-iekr\u0101v\u0113jos str\u0113les cilindrs pal\u012bdz gan rak\u0161anas, gan cel\u0161anas darbos, maksim\u0101li palielinot darb\u012bbas efektivit\u0101ti.<\/p>\n<h3>Lauksaimniec\u012bbas tehnika<\/h3>\n<p>Lauksaimniec\u012bbas tehnik\u0101, piem\u0113ram, front\u0101lajos iekr\u0101v\u0113jos, str\u0113les cilindri tiek izmantoti augsnes, siena un citu materi\u0101lu sav\u0101k\u0161anai, pacel\u0161anai un transport\u0113\u0161anai. To iztur\u012bba un uzticam\u012bba nodro\u0161ina, ka lauksaimnieki var pa\u013cauties uz savu apr\u012bkojumu da\u017e\u0101du uzdevumu veik\u0161an\u0101, t\u0101d\u0113j\u0101di uzlabojot lauksaimniec\u012bbas darb\u012bbu produktivit\u0101ti.<\/p>\n<h3>Ekskavatori<\/h3>\n<p>Ekskavatoriem str\u0113les cilindrs \u013cauj kausam efekt\u012bvi iek\u013c\u016bt augsn\u0113, t\u0101d\u0113j\u0101di nodro\u0161inot efekt\u012bvas rak\u0161anas darb\u012bbas. Hidraulisk\u0101 sist\u0113ma nodro\u0161ina vienm\u0113r\u012bgu veiktsp\u0113ju, kas ir b\u016btiski dzi\u013cos izrakumos vai sare\u017e\u0123\u012bt\u0101 reljef\u0101.<\/p>\n<h3>Iekr\u0101v\u0113ji<\/h3>\n<p>Front\u0101lajos iekr\u0101v\u0113jos str\u0113les cilindrs ir \u013coti svar\u012bgs materi\u0101lu efekt\u012bvai cel\u0161anai un izg\u0101\u0161anai. Tas nodro\u0161ina nepiecie\u0161amo jaudu smagu kravu pacel\u0161anai, vienlaikus saglab\u0101jot stabilit\u0101ti, kas ir \u013coti svar\u012bgi b\u016bvniec\u012bbas un materi\u0101lu apstr\u0101des darbos.<\/p>\n<h2>Dizaina apsv\u0113rumi un atlases krit\u0113riji<\/h2>\n<h3>Kravnes\u012bba<\/h3>\n<p>Izv\u0113loties str\u0113les cilindru, ir \u013coti svar\u012bgi izprast t\u0101 kravnes\u012bbu. Cilindram j\u0101sp\u0113j iztur\u0113t maksim\u0101lo svaru, kas tiks pacelts vai p\u0101rvietots darb\u012bbas laik\u0101. Ra\u017eot\u0101ji bie\u017ei sniedz specifik\u0101cijas, kur\u0101s nor\u0101d\u012btas kravnes\u012bbas robe\u017eas, kas r\u016bp\u012bgi j\u0101\u0146em v\u0113r\u0101, lai nov\u0113rstu boj\u0101jumus lieto\u0161anas laik\u0101. Izv\u0113loties cilindru ar atbilsto\u0161u kravnes\u012bbu, tiek nodro\u0161in\u0101ta dro\u0161\u012bba un efektivit\u0101te.<\/p>\n<h3>Bl\u012bv\u0113jums un iztur\u012bba<\/h3>\n<p>Str\u0113les cilindra bl\u012bv\u0113juma konstrukcija ir b\u016btiska, lai saglab\u0101tu hidraulisk\u0101 \u0161\u0137idruma integrit\u0101ti un nov\u0113rstu nopl\u016bdes. Augstas kvalit\u0101tes bl\u012bv\u0113jumi, piem\u0113ram, virzu\u013ca bl\u012bv\u0113jumi un stie\u0146a bl\u012bv\u0113jumi, kas izgatavoti no iztur\u012bgiem materi\u0101liem, piem\u0113ram, poliuret\u0101na un nitrila gumijas, ir svar\u012bgi ilgm\u016b\u017e\u012bbai. Cilindra korpuss un v\u012bt\u0146ot\u0101s gala virsmas ir ar\u012b prec\u012bzi j\u0101apstr\u0101d\u0101, lai uzlabotu nodilumiztur\u012bbu, nodro\u0161inot ilg\u0101ku kalpo\u0161anas laiku.<\/p>\n<h3>Dro\u0161\u012bbas funkcijas<\/h3>\n<p>Dro\u0161\u012bba ir \u0101rk\u0101rt\u012bgi svar\u012bga, str\u0101d\u0101jot ar smag\u0101m ma\u0161\u012bn\u0101m. Str\u0113les cilindra konstrukcij\u0101 j\u0101iek\u013cauj dro\u0161\u012bbas funkcijas, kas nov\u0113r\u0161 negaid\u012btus boj\u0101jumus. Tas ietver spiediena samazin\u0101\u0161anas v\u0101rstus, lai izvair\u012btos no p\u0101rspiediena, un iztur\u012bgu konstrukciju, lai iztur\u0113tu skarbus apst\u0101k\u013cus. Regul\u0101ras p\u0101rbaudes un dro\u0161\u012bbas protokolu iev\u0113ro\u0161ana ir b\u016btiska iek\u0101rtu integrit\u0101tes uztur\u0113\u0161anai.<\/p>\n<p><img decoding=\"async\" src=\"https:\/\/www.hydraulic-cylinders.net\/wp-content\/uploads\/2025\/04\/songte-oil-pipes-and-spare-parts.webp\" alt=\"E\u013c\u013cas caurules un rezerves da\u013cas\"><\/p>\n<h2>Bl\u012bv\u0113\u0161ana un e\u013c\u013co\u0161ana<\/h2>\n<p>Pareiza bl\u012bv\u0113\u0161ana ir b\u016btiska hidraulisko cilindru efekt\u012bvai darb\u012bbai. Lai nov\u0113rstu hidraulisk\u0101 \u0161\u0137idruma nopl\u016bdi, tiek izmantoti da\u017e\u0101di bl\u012bv\u0113jumi, tostarp virzu\u013ca bl\u012bv\u0113jumi un stie\u0146a bl\u012bv\u0113jumi. Iztur\u012bgu materi\u0101lu, piem\u0113ram, poliuret\u0101na un nitrila gumijas, izv\u0113le uzlabo nodilumiztur\u012bbu, pagarinot bl\u012bv\u0113jumu kalpo\u0161anas laiku. Cilindra korpuss un v\u012bt\u0146otie gali ir j\u0101apstr\u0101d\u0101 prec\u012bzi, lai uzlabotu iztur\u012bbu.<\/p>\n<p>Svar\u012bga ir ar\u012b regul\u0101ra e\u013c\u013co\u0161ana. Hidraulisk\u0101 e\u013c\u013ca periodiski j\u0101pievieno, lai nodro\u0161in\u0101tu bl\u012bv\u0113jumu optim\u0101lu darb\u012bbu un nov\u0113rstu iek\u0161\u0113jo deta\u013cu nodilumu. Pareiza e\u013c\u013co\u0161ana samazina berzi, kas var izrais\u012bt hidraulisk\u0101s sist\u0113mas p\u0101rkar\u0161anu un priek\u0161laic\u012bgu boj\u0101jumu.<\/p>\n<h2>Regul\u0101ras p\u0101rbaudes un profilaktisk\u0101s apkopes pas\u0101kumi<\/h2>\n<ul>\n<li><strong>Regul\u0101ras p\u0101rbaudes:<\/strong> Veiciet r\u016bp\u012bgas str\u0113les cilindra p\u0101rbaudes, lai noteiktu jebk\u0101das nodiluma vai boj\u0101jumu paz\u012bmes. P\u0101rbaudiet, vai nav nopl\u016b\u017eu, neparastu trok\u0161\u0146u vai neregul\u0101ru kust\u012bbu, kas var\u0113tu liecin\u0101t par potenci\u0101l\u0101m probl\u0113m\u0101m. Agr\u012bna atkl\u0101\u0161ana var nov\u0113rst d\u0101rgus remontdarbus un d\u012bkst\u0101ves.<\/li>\n<li><strong>Pareiza e\u013c\u013co\u0161ana:<\/strong> P\u0101rliecinieties, ka hidraulisk\u0101s e\u013c\u013cas l\u012bmenis ir uztur\u0113ts nemain\u012bgs un bl\u012bves ir pien\u0101c\u012bgi iee\u013c\u013cotas. Regul\u0101ri p\u0101rbaudiet hidraulisk\u0101s e\u013c\u013cas viskozit\u0101ti un kvalit\u0101ti, nomainot to p\u0113c nepiecie\u0161am\u012bbas, lai uztur\u0113tu optim\u0101lu veiktsp\u0113ju.<\/li>\n<li><strong>Bl\u012bv\u0113juma nomai\u0146a:<\/strong> Laika gait\u0101 bl\u012bves var nolietoties un t\u0101s var b\u016bt j\u0101nomaina. Regul\u0101ri j\u0101p\u0101rbauda, \u200b\u200blai identific\u0113tu boj\u0101tas bl\u012bves, un t\u0101s savlaic\u012bgi j\u0101nomaina, lai nov\u0113rstu nopl\u016bdes un saglab\u0101tu hidraulisko efektivit\u0101ti.<\/li>\n<\/ul>\n<h2>Uzst\u0101d\u012b\u0161anas vadl\u012bnijas<\/h2>\n<p>Pareiza str\u0113les cilindra uzst\u0101d\u012b\u0161ana ir \u013coti svar\u012bga t\u0101 veiktsp\u0113jai un ilgm\u016b\u017e\u012bbai. Vispirms p\u0101rliecinieties, vai visas sast\u0101vda\u013cas ir t\u012bras un bez gru\u017eiem. Pareizi izl\u012bdziniet cilindru ar mont\u0101\u017eas kron\u0161teiniem un izmantojiet atbilsto\u0161us uzst\u0101d\u012b\u0161anas balstus, lai to nostiprin\u0101tu viet\u0101. P\u0101rliecinieties, vai visi stiprin\u0101jumi ir pievilkti atbilsto\u0161i ra\u017eot\u0101ja specifik\u0101cij\u0101m, lai nov\u0113rstu to atsl\u0101b\u0161anu darb\u012bbas laik\u0101.<\/p>\n<p>Uzst\u0101d\u012b\u0161anas laik\u0101 ir svar\u012bgi prec\u012bzi izl\u012bdzin\u0101t cilindru, lai nov\u0113rstu p\u0101rm\u0113r\u012bgu slodzi uz deta\u013c\u0101m. P\u0113c cilindra nostiprin\u0101\u0161anas v\u0113lreiz p\u0101rbaudiet, vai visas hidraulisk\u0101s l\u012bnijas ir pareizi pievienotas un vai taj\u0101s nav nopl\u016b\u017eu. P\u0113c uzst\u0101d\u012b\u0161anas p\u0101rbaudiet sist\u0113mu, lai p\u0101rliecin\u0101tos, ka cilindrs darbojas nevainojami, nodro\u0161inot, ka hidraulisk\u0101 sist\u0113ma darbojas, k\u0101 paredz\u0113ts.<\/p>\n<h2>Apkopes uzdevumi<\/h2>\n<h3>Regul\u0101ras p\u0101rbaudes<\/h3>\n<p>Regul\u0101ras str\u0113les cilindra p\u0101rbaudes pal\u012bdz identific\u0113t jebk\u0101das potenci\u0101las probl\u0113mas, pirms t\u0101s saasin\u0101s. Tas ietver cilindra vizu\u0101lu p\u0101rbaudi, vai nav nodiluma paz\u012bmju, hidraulisk\u0101 \u0161\u0137idruma l\u012bme\u0146a p\u0101rbaudi un nopl\u016b\u017eu neesam\u012bbas nodro\u0161in\u0101\u0161anu. Regul\u0101ras p\u0101rbaudes grafika ievie\u0161ana var iev\u0113rojami palielin\u0101t cilindra ekspluat\u0101cijas laiku.<\/p>\n<h3>Piem\u0113rota e\u013c\u013co\u0161ana<\/h3>\n<p>Pareiza e\u013c\u013co\u0161ana ir \u013coti svar\u012bga, lai nodro\u0161in\u0101tu str\u0113les cilindra nevainojamu darb\u012bbu. Izmantojiet ieteicamo hidraulisko e\u013c\u013cu un p\u0101rliecinieties, ka t\u0101s l\u012bmenis ir pareizs. Regul\u0101ri p\u0101rbaudiet, vai e\u013c\u013c\u0101 nav pies\u0101r\u0146ojuma, un nomainiet to p\u0113c nepiecie\u0161am\u012bbas, lai uztur\u0113tu optim\u0101lu veiktsp\u0113ju un nov\u0113rstu hidraulisko komponentu nodilumu.<\/p>\n<h3>Bl\u012bvju nomai\u0146as un kalibr\u0113\u0161anas p\u0101rbaudes<\/h3>\n<p>Regul\u0101ri p\u0101rbaudiet bl\u012bves, vai nav nodiluma paz\u012bmju, un nekav\u0113joties nomainiet t\u0101s, lai nov\u0113rstu hidraulisk\u0101 \u0161\u0137idruma nopl\u016bdes. Kalibr\u0113\u0161anas p\u0101rbaudes ir svar\u012bgas ar\u012b, lai nodro\u0161in\u0101tu cilindra pareizu un efekt\u012bvu darb\u012bbu. Izveidojiet rut\u012bnu hidraulisk\u0101s sist\u0113mas darb\u012bbas p\u0101rbaudei, nepiecie\u0161am\u012bbas gad\u012bjum\u0101 piel\u0101gojot iestat\u012bjumus, lai uztur\u0113tu optim\u0101lu darb\u012bbu.<\/p>\n<p><img decoding=\"async\" src=\"https:\/\/www.hydraulic-cylinders.net\/wp-content\/uploads\/2025\/04\/songte-chushion-collar.webp\" alt=\"Spilvenu apkakle\"><\/p>\n<h2>Dro\u0161\u012bbas apsv\u0113rumi un vides faktori<\/h2>\n<p>Darbinot hidraulisk\u0101s sist\u0113mas, dro\u0161\u012bbas pas\u0101kumi ir \u0101rk\u0101rt\u012bgi svar\u012bgi. Operatoriem j\u0101b\u016bt apm\u0101c\u012btiem par iek\u0101rtu dro\u0161u lieto\u0161anu un dro\u0161\u012bbas protokolu iev\u0113ro\u0161anas noz\u012bmi, lai samazin\u0101tu riskus. J\u0101valk\u0101 individu\u0101lie aizsardz\u012bbas l\u012bdzek\u013ci (IAL), un apkopes proced\u016bras j\u0101veic kontrol\u0113t\u0101 vid\u0113, lai nodro\u0161in\u0101tu dro\u0161\u012bbu.<\/p>\n<p>J\u0101\u0146em v\u0113r\u0101 ar\u012b vides faktori, jo hidrauliskie \u0161\u0137idrumi var b\u016bt kait\u012bgi ekosist\u0113mai. Pareiza izlietoto \u0161\u0137idrumu utiliz\u0101cija un vides noteikumu iev\u0113ro\u0161ana ir b\u016btiska, lai mazin\u0101tu jebk\u0101du iesp\u0113jamo ietekmi uz vidi.<\/p>\n<h2>K\u013c\u016bmju diagnostika un bie\u017ei sastopam\u0101s probl\u0113mas<\/h2>\n<h3>Bie\u017ei sastopamas probl\u0113mas<\/h3>\n<ul>\n<li><strong>\u0160\u0137idruma nopl\u016bdes:<\/strong> To var izrais\u012bt nolietotas bl\u012bves vai boj\u0101ti savienojumi. Regul\u0101ras p\u0101rbaudes var pal\u012bdz\u0113t laikus atkl\u0101t nopl\u016bdes.<\/li>\n<li><strong>Nerea\u0123\u0113jo\u0161s cilindrs:<\/strong> Tas var liecin\u0101t par zemu hidraulisk\u0101 \u0161\u0137idruma l\u012bmeni vai gaisu sist\u0113m\u0101, kas var trauc\u0113t norm\u0101lu darb\u012bbu.<\/li>\n<li><strong>P\u0101rkar\u0161ana:<\/strong> P\u0101rm\u0113r\u012bgs karstums var b\u016bt nepietiekamas e\u013c\u013co\u0161anas vai p\u0101rslodzes rezult\u0101ts, kas prasa t\u016bl\u012bt\u0113ju uzman\u012bbu, lai nov\u0113rstu boj\u0101jumus.<\/li>\n<\/ul>\n<h3>Probl\u0113mu nov\u0113r\u0161anas padomi<\/h3>\n<p>Lai efekt\u012bvi nov\u0113rstu probl\u0113mas, s\u0101ciet ar simptomu identific\u0113\u0161anu. \u0160\u0137idruma nopl\u016b\u017eu gad\u012bjum\u0101 p\u0101rbaudiet bl\u012bves un savienojumus, vai tie nav boj\u0101ti. Nerea\u0123\u0113jo\u0161u cilindru gad\u012bjum\u0101 p\u0101rbaudiet \u0161\u0137idruma l\u012bmeni un, ja nepiecie\u0161ams, atgaisojiet sist\u0113mu. Ja notiek p\u0101rkar\u0161ana, p\u0101rskatiet e\u013c\u013co\u0161anas praksi un p\u0101rliecinieties, vai sist\u0113ma nav p\u0101rslogota.<\/p>\n<p>Regul\u0101ras apkopes un p\u0101rbau\u017eu veik\u0161ana var pal\u012bdz\u0113t nov\u0113rst \u0161o probl\u0113mu ra\u0161anos. Operatoru apm\u0101c\u012bba par pareizu lieto\u0161anu un apkopes protokoliem v\u0113l vair\u0101k samazina iesp\u0113jam\u0101s probl\u0113mas, nodro\u0161inot hidraulisk\u0101s sist\u0113mas efekt\u012bvu darb\u012bbu.<\/p>\n<p><img decoding=\"async\" src=\"https:\/\/www.hydraulic-cylinders.net\/wp-content\/uploads\/2025\/04\/songte-bushings-with-all-kinds-of-excavator-models.webp\" alt=\"Ekskavatoru mode\u013cu bukses\"><\/p>\n<h2>Uz\u0146\u0113muma p\u0101rskats<\/h2>\n<p>M\u0113s esam vado\u0161ais rezerves hidraulisko cilindru ra\u017eot\u0101js, kas pied\u0101v\u0101 pla\u0161u produktu kl\u0101stu gan viet\u0113jam, gan starptautiskajam tirgum. M\u016bsu ap\u0146em\u0161an\u0101s sasniegt izcil\u012bbu mudina m\u016bs pie\u0146emt r\u016bp\u012bgas ra\u017eo\u0161anas strat\u0113\u0123ijas, izmantojot progres\u012bvas tehnolo\u0123ijas un kvalific\u0113tus speci\u0101listus, lai uzlabotu m\u016bsu ra\u017eo\u0161anas jaudas.<\/p>\n<p>M\u016bsu modern\u0101k\u0101s ra\u017eo\u0161anas iek\u0101rtas nodro\u0161ina augstu efektivit\u0101ti, precizit\u0101ti un kvalit\u0101ti vis\u0101 ra\u017eo\u0161anas proces\u0101. M\u0113s priorit\u0101ri r\u016bp\u0113jamies par klientu apmierin\u0101t\u012bbu, pied\u0101v\u0101jot piel\u0101gotus pakalpojumus, kas piel\u0101goti konkr\u0113t\u0101m vajadz\u012bb\u0101m, ko atbalsta starptautiski sertifik\u0101ti, kas apliecina m\u016bsu ap\u0146em\u0161anos iev\u0113rot kvalit\u0101tes standartus.<\/p>\n<p>Ar stabilu p\u0113cp\u0101rdo\u0161anas atbalstu m\u0113s nodro\u0161in\u0101m, ka m\u016bsu klienti sa\u0146em past\u0101v\u012bgu pal\u012bdz\u012bbu, veicinot ilgtermi\u0146a attiec\u012bbas, kas balst\u012btas uz uztic\u012bbu un pa\u013c\u0101v\u012bbu.<\/p>\n<p><img decoding=\"async\" src=\"https:\/\/www.hydraulic-cylinders.net\/wp-content\/uploads\/2025\/04\/songte-company-4.webp\" alt=\"Uz\u0146\u0113muma p\u0101rskats\"><br \/>\n<img decoding=\"async\" src=\"https:\/\/www.hydraulic-cylinders.net\/wp-content\/uploads\/2025\/04\/songte-company-3.webp\" alt=\"Uz\u0146\u0113muma ra\u017eo\u0161anas process\"><\/p>\n<p>Autors: lil<\/p>","protected":false},"excerpt":{"rendered":"<p>Boom Cylinder For XGMA Middle Excavator XG822EL Product Overview The Boom Cylinder for XGMA Middle Excavator XG822EL is a crucial component in the hydraulic system of excavators. This hydraulic cylinder is specifically designed to control the movement of the boom arm, enabling efficient lifting, lowering, and tilting of the bucket. It plays a vital role [&hellip;]<\/p>","protected":false},"featured_media":17868,"comment_status":"open","ping_status":"closed","template":"","meta":{"_et_pb_use_builder":"","_et_pb_old_content":"","_et_gb_content_width":""},"product_brand":[],"product_cat":[1546],"product_tag":[1547,1496],"class_list":{"0":"post-19318","1":"product","2":"type-product","3":"status-publish","4":"has-post-thumbnail","6":"product_cat-boom-cylinders","7":"product_tag-boom-cylinders","8":"product_tag-hydraulic-cylinders","10":"first","11":"instock","12":"shipping-taxable","13":"product-type-simple"},"amp_enabled":true,"_links":{"self":[{"href":"https:\/\/www.hydraulic-cylinders.net\/lv\/wp-json\/wp\/v2\/product\/19318","targetHints":{"allow":["GET"]}}],"collection":[{"href":"https:\/\/www.hydraulic-cylinders.net\/lv\/wp-json\/wp\/v2\/product"}],"about":[{"href":"https:\/\/www.hydraulic-cylinders.net\/lv\/wp-json\/wp\/v2\/types\/product"}],"replies":[{"embeddable":true,"href":"https:\/\/www.hydraulic-cylinders.net\/lv\/wp-json\/wp\/v2\/comments?post=19318"}],"wp:featuredmedia":[{"embeddable":true,"href":"https:\/\/www.hydraulic-cylinders.net\/lv\/wp-json\/wp\/v2\/media\/17868"}],"wp:attachment":[{"href":"https:\/\/www.hydraulic-cylinders.net\/lv\/wp-json\/wp\/v2\/media?parent=19318"}],"wp:term":[{"taxonomy":"product_brand","embeddable":true,"href":"https:\/\/www.hydraulic-cylinders.net\/lv\/wp-json\/wp\/v2\/product_brand?post=19318"},{"taxonomy":"product_cat","embeddable":true,"href":"https:\/\/www.hydraulic-cylinders.net\/lv\/wp-json\/wp\/v2\/product_cat?post=19318"},{"taxonomy":"product_tag","embeddable":true,"href":"https:\/\/www.hydraulic-cylinders.net\/lv\/wp-json\/wp\/v2\/product_tag?post=19318"}],"curies":[{"name":"wp","href":"https:\/\/api.w.org\/{rel}","templated":true}]}}