{"id":19321,"date":"2025-04-07T06:26:52","date_gmt":"2025-04-07T06:26:52","guid":{"rendered":"https:\/\/www.hydraulic-cylinders.net\/product\/boom-cylinder-for-xgma-large-excavator-xg836el\/"},"modified":"2025-04-07T06:26:55","modified_gmt":"2025-04-07T06:26:55","slug":"boom-cylinder-for-xgma-large-excavator-xg836el","status":"publish","type":"product","link":"https:\/\/www.hydraulic-cylinders.net\/lv\/products\/boom-cylinder-for-xgma-large-excavator-xg836el\/","title":{"rendered":"Str\u0113les cilindrs XGMA lielajam ekskavatoram XG836EL"},"content":{"rendered":"<h1>Str\u0113les cilindrs XGMA lielajam ekskavatoram XG836EL<\/h1>\n<h2>Ievads str\u0113les cilindr\u0101<\/h2>\n<p>XGMA liel\u0101 ekskavatora XG836EL str\u0113les cilindrs ir b\u016btiska m\u016bsdienu smag\u0101s tehnikas sast\u0101vda\u013ca. \u0160is hidrauliskais cilindrs kontrol\u0113 str\u0113les kust\u012bbu, \u013caujot ekskavatoram efekt\u012bvi veikt da\u017e\u0101dus uzdevumus. Hidrauliskie cilindri ir \u013coti svar\u012bgi ekskavatoriem, jo \u200b\u200btie atvieglo kausa pacel\u0161anu, nolai\u0161anu un noliek\u0161anu. Str\u0113les cilindru funkcionalit\u0101tes un pielietojuma izpratne ir \u013coti svar\u012bga gan operatoriem, gan ra\u017eot\u0101jiem.<\/p>\n<p><img decoding=\"async\" src=\"https:\/\/www.hydraulic-cylinders.net\/wp-content\/uploads\/2025\/04\/songte-company-1.webp\" alt=\"Str\u0113les cilindra att\u0113ls\"><\/p>\n<h3>Defin\u012bcija un p\u0101rskats<\/h3>\n<p>Str\u0113les cilindrs ir hidraulisk\u0101 cilindra veids, kas \u012bpa\u0161i paredz\u0113ts, lai kontrol\u0113tu str\u0113les kust\u012bbu smagaj\u0101s ma\u0161\u012bn\u0101s, piem\u0113ram, ekskavatoros, iekr\u0101v\u0113jos ar ekskavatoru un front\u0101lajos iekr\u0101v\u0113jos. \u0160ie cilindri \u013cauj str\u0113li pacelt, nolaist un noliekt, kas ir svar\u012bgi uzdevumiem, kas saist\u012bti ar materi\u0101lu apstr\u0101di. Str\u0113les cilindrs darbojas p\u0113c hidrauliskiem principiem, kur hidrauliskais \u0161\u0137idrums zem spiediena tiek izmantots sp\u0113ka un kust\u012bbas rad\u012b\u0161anai. \u0160\u012b funkcionalit\u0101te ir vit\u0101li svar\u012bga, lai efekt\u012bvi veiktu b\u016bvniec\u012bbas un rak\u0161anas darbus.<\/p>\n<h2>Str\u0113les cilindra \u012bpa\u0161\u012bbas<\/h2>\n<ul>\n<li><strong>Augsta iztur\u012bba un ilgm\u016b\u017e\u012bba:<\/strong> Parasti no augstas stipr\u012bbas t\u0113rauda vai alum\u012bnija izgatavotais str\u0113les cilindrs var iztur\u0113t augstu spiedienu un lielas slodzes. Tas ir paredz\u0113ts skarbiem darba apst\u0101k\u013ciem un ir izgatavots ar nodilumiztur\u012bg\u0101m un korozijiztur\u012bg\u0101m \u012bpa\u0161\u012bb\u0101m, lai pagarin\u0101tu t\u0101 kalpo\u0161anas laiku.<\/li>\n<li><strong>Efekt\u012bva hidraulisk\u0101 darb\u012bba:<\/strong> Str\u0113les cilindrs izmanto hidraulisko spiedienu vienm\u0113r\u012bgai izstiep\u0161anai un ievilk\u0161anai, nodro\u0161inot \u0101tru reakciju uz operatora komand\u0101m un iev\u0113rojamu stum\u0161anas un vilk\u0161anas sp\u0113ku, padarot to piem\u0113rotu smagiem un sare\u017e\u0123\u012btiem uzdevumiem.<\/li>\n<li><strong>Da\u017e\u0101di veidi:<\/strong> Str\u0113les cilindrs ir pieejams da\u017e\u0101dos veidos, tostarp vienas darb\u012bbas (darbojas vien\u0101 virzien\u0101) un divk\u0101r\u0161as darb\u012bbas (darbojas abos virzienos) cilindri. Da\u017ei mode\u013ci ir teleskopiski, kas \u013cauj pan\u0101kt liel\u0101ku pagarin\u0101jumu, nepalielinot \u0101r\u0113jos izm\u0113rus, kas ir ide\u0101li piem\u0113rots lietojumiem ar ierobe\u017eotu vietu.<\/li>\n<li><strong>Piel\u0101gota ra\u017eo\u0161ana:<\/strong> M\u0113s varam ra\u017eot \u0161o produktu, lai tas perfekti aizst\u0101tu eso\u0161os hidrauliskos cilindrus, nodro\u0161inot sader\u012bbu un veiktsp\u0113ju.<\/li>\n<li><strong>Daudzpus\u012bgi pielietojumi:<\/strong> Str\u0113les cilindrs ir neaizst\u0101jams da\u017e\u0101d\u0101s smagaj\u0101s ma\u0161\u012bn\u0101s, uzlabojot darb\u012bbas efektivit\u0101ti.<\/li>\n<\/ul>\n<p><img decoding=\"async\" src=\"https:\/\/www.hydraulic-cylinders.net\/wp-content\/uploads\/2025\/04\/songte-cylinder-head-with-all-kinds-excavator-models.webp\" alt=\"Ekskavatoru mode\u013ci\"><\/p>\n<h2>Str\u0113les cilindra pielietojums<\/h2>\n<h3>Celtniec\u012bbas apr\u012bkojums<\/h3>\n<p>Ekskavatoros str\u0113les cilindri ir \u013coti svar\u012bgi augsnes vai gru\u017eu rak\u0161anai, iekrau\u0161anai un p\u0101rvieto\u0161anai. Tie \u013cauj operatoram manipul\u0113t ar str\u0113li, lai prec\u012bzi kontrol\u0113tu kausa poz\u012bciju, t\u0101d\u0113j\u0101di uzlabojot kop\u0113jo produktivit\u0101ti b\u016bvlaukumos. Ekskavatoros-iekr\u0101v\u0113jos str\u0113les cilindrs pal\u012bdz gan rak\u0161anas, gan cel\u0161anas darbos, padarot to par daudzpus\u012bgu instrumentu da\u017e\u0101diem uzdevumiem.<\/p>\n<h3>Lauksaimniec\u012bbas tehnika<\/h3>\n<p>Front\u0101lajos iekr\u0101v\u0113jos str\u0113les cilindri tiek izmantoti augsnes, siena un citu materi\u0101lu sav\u0101k\u0161anai, cel\u0161anai un transport\u0113\u0161anai. To sp\u0113ja nodro\u0161in\u0101t sp\u0113c\u012bgu celtsp\u0113ju iev\u0113rojami pal\u012bdz lauksaimniec\u012bbas darbos, uzlabojot efektivit\u0101ti lauka darbos un materi\u0101lu apstr\u0101d\u0113.<\/p>\n<h3>Ekskavatori<\/h3>\n<p>Str\u0113les cilindrs atvieglo ekskavatoru rak\u0161anas darb\u012bbu, \u013caujot kausam efekt\u012bvi iek\u013c\u016bt augsn\u0113. \u0160\u012b sp\u0113ja ir b\u016btiska rak\u0161anas darbos, nodro\u0161inot, ka operatori var efekt\u012bvi p\u0101rvald\u012bt zemes p\u0101rvieto\u0161anas darb\u012bbas.<\/p>\n<h3>Iekr\u0101v\u0113ji<\/h3>\n<p>Front\u0101lajos iekr\u0101v\u0113jos str\u0113les cilindri pal\u012bdz efekt\u012bvi pacelt un izkraut kravas. \u0160\u012b funkcionalit\u0101te ir vit\u0101li svar\u012bga darb\u012bb\u0101m, kur\u0101m nepiecie\u0161ama bie\u017ea materi\u0101lu iekrau\u0161ana un izkrau\u0161ana, padarot str\u0113les cilindru par galveno komponentu veiktsp\u0113jas optimiz\u0113\u0161an\u0101.<\/p>\n<h2>Dizaina apsv\u0113rumi un atlases krit\u0113riji<\/h2>\n<h3>Kravnes\u012bba<\/h3>\n<p>Izv\u0113loties str\u0113les cilindru, viens no svar\u012bg\u0101kajiem faktoriem, kas j\u0101\u0146em v\u0113r\u0101, ir t\u0101 kravnes\u012bba. Cilindram j\u0101sp\u0113j iztur\u0113t maksim\u0101lo slodzi, kas paredzama ekspluat\u0101cijas laik\u0101, neapdraudot dro\u0161\u012bbu vai funkcionalit\u0101ti. Tas ietver izpratni par p\u0101rvietojamo materi\u0101lu svaru un p\u0101rliecin\u0101\u0161anos, ka hidraulisk\u0101 sist\u0113ma var efekt\u012bvi tikt gal\u0101 ar \u0161\u0101d\u0101m pras\u012bb\u0101m.<\/p>\n<h3>Bl\u012bv\u0113juma integrit\u0101te<\/h3>\n<p>Hidrauliskajos cilindros bl\u012bv\u0113jums ir \u013coti svar\u012bgs, jo tas nov\u0113r\u0161 \u0161\u0137idruma nopl\u016bdi un uztur spiedienu. Lai nodro\u0161in\u0101tu iztur\u012bbu un uzticam\u012bbu, ir nepiecie\u0161ami augstas kvalit\u0101tes bl\u012bv\u0113jumi, kas izgatavoti no t\u0101diem materi\u0101liem k\u0101 poliuret\u0101ns vai nitrilgumija. Konstrukcijai j\u0101nodro\u0161ina viegla bl\u012bv\u0113jumu nomai\u0146a, lai laika gait\u0101 saglab\u0101tu optim\u0101lu veiktsp\u0113ju.<\/p>\n<h3>Iztur\u012bba<\/h3>\n<p>Str\u0113les cilindra izgatavo\u0161anas materi\u0101liem j\u0101b\u016bt iztur\u012bgiem pret nodilumu un koroziju. \u0160\u012b iztur\u012bba nodro\u0161ina, ka cilindrs var iztur\u0113t skarbus darba apst\u0101k\u013cus, t\u0101d\u0113j\u0101di samazinot nomai\u0146as nepiecie\u0161am\u012bbu un d\u012bkst\u0101ves laiku. Ra\u017eot\u0101jiem j\u0101dod priek\u0161roka materi\u0101liem, kas uzlabo produkta ilgm\u016b\u017e\u012bbu.<\/p>\n<h3>Dro\u0161\u012bbas funkcijas<\/h3>\n<p>Dro\u0161\u012bba hidrauliskaj\u0101s sist\u0113m\u0101s ir \u0101rk\u0101rt\u012bgi svar\u012bga. Str\u0113les cilindra konstrukcij\u0101 j\u0101iek\u013cauj funkcijas, kas nov\u0113r\u0161 nejau\u0161u p\u0101rstiep\u0161anos un nodro\u0161ina dro\u0161u darb\u012bbu da\u017e\u0101dos apst\u0101k\u013cos. Atbilst\u012bba dro\u0161\u012bbas standartiem ir b\u016btiska, lai aizsarg\u0101tu operatorus un ma\u0161\u012bnas.<\/p>\n<h3>Apkopes pieejam\u012bba<\/h3>\n<p>Apkopes vienk\u0101r\u0161\u012bba ir svar\u012bgs projekt\u0113\u0161anas apsv\u0113rums. Cilindram j\u0101b\u016bt projekt\u0113tam t\u0101, lai b\u016btu viegli piek\u013c\u016bt deta\u013c\u0101m, kur\u0101m nepiecie\u0161ama regul\u0101ra p\u0101rbaude un apkope. Tas ietver e\u013c\u013co\u0161anas punktu, bl\u012bv\u0113juma nomai\u0146as un citu apkopes uzdevumu \u0146em\u0161anu v\u0113r\u0101, kas veicina hidraulisk\u0101s sist\u0113mas visp\u0101r\u0113jo st\u0101vokli.<\/p>\n<p><img decoding=\"async\" src=\"https:\/\/www.hydraulic-cylinders.net\/wp-content\/uploads\/2025\/04\/songte-oil-pipes-and-spare-parts.webp\" alt=\"Hidraulisk\u0101s da\u013cas\"><\/p>\n<h2>Hidraulisk\u0101 cilindra bl\u012bv\u0113\u0161ana un e\u013c\u013co\u0161ana<\/h2>\n<p>Hidraulisk\u0101 cilindra efektivit\u0101te liel\u0101 m\u0113r\u0101 ir atkar\u012bga no t\u0101 bl\u012bv\u0113\u0161anas un e\u013c\u013co\u0161anas sist\u0113m\u0101m. Da\u017e\u0101di bl\u012bv\u0113jumi, piem\u0113ram, virzu\u013ca bl\u012bv\u0113jumi un stie\u0146a bl\u012bv\u0113jumi, ir svar\u012bgi spiediena uztur\u0113\u0161anai un nopl\u016b\u017eu nov\u0113r\u0161anai. Bl\u012bv\u0113jumiem j\u0101b\u016bt izgatavotiem no nodilumiztur\u012bgiem materi\u0101liem, piem\u0113ram, poliuret\u0101na vai nitrila gumijas, lai nodro\u0161in\u0101tu ilgm\u016b\u017e\u012bbu un uzticam\u012bbu.<\/p>\n<p>Turkl\u0101t cilindra korpuss un v\u012bt\u0146ot\u0101s gala virsmas ir prec\u012bzi j\u0101apstr\u0101d\u0101, lai uzlabotu nodilumiztur\u012bbu. Ir nepiecie\u0161ama ar\u012b regul\u0101ra e\u013c\u013co\u0161ana ar hidraulisko e\u013c\u013cu, lai samazin\u0101tu berzi un nov\u0113rstu nodilumu. Operatoriem periodiski j\u0101p\u0101rbauda e\u013c\u013cas l\u012bmenis un j\u0101pievieno hidrauliskais \u0161\u0137idrums, lai uztur\u0113tu optim\u0101lu cilindra darb\u012bbu.<\/p>\n<h2>Regul\u0101ras p\u0101rbaudes un profilaktisk\u0101s apkopes pas\u0101kumi<\/h2>\n<ul>\n<li><strong>Bie\u017eas p\u0101rbaudes:<\/strong> Regul\u0101ri p\u0101rbaudiet hidraulisko cilindru, vai tam nav nopl\u016b\u017eu, nodiluma un t\u0101 visp\u0101r\u0113jais st\u0101voklis. Tas ietver bl\u012bv\u0113jumu, \u0161\u013c\u016bte\u0146u un savienojumu p\u0101rbaudi, lai nodro\u0161in\u0101tu dro\u0161u darb\u012bbu.<\/li>\n<li><strong>Pareiza e\u013c\u013co\u0161ana:<\/strong> Lai sist\u0113ma darbotos nevainojami, regul\u0101ri j\u0101p\u0101rbauda un p\u0113c nepiecie\u0161am\u012bbas j\u0101nomaina hidraulisk\u0101 e\u013c\u013ca. E\u013c\u013co\u0161ana samazina berzi un paildzina cilindra kalpo\u0161anas laiku.<\/li>\n<li><strong>Bl\u012bv\u0113juma nomai\u0146a:<\/strong> Ir \u013coti svar\u012bgi savlaic\u012bgi nomain\u012bt nolietotas bl\u012bves, lai nov\u0113rstu nopl\u016bdes un uztur\u0113tu spiedienu. Rezerves bl\u012bvju kr\u0101jumu uztur\u0113\u0161ana var atvieglot savlaic\u012bgu remontu.<\/li>\n<\/ul>\n<h2>Pareizas uzst\u0101d\u012b\u0161anas vadl\u012bnijas<\/h2>\n<p>Uzst\u0101diet str\u0113les cilindru, p\u0101rliecinoties, ka visas sast\u0101vda\u013cas ir pareizi izl\u012bdzin\u0101tas un nostiprin\u0101tas sav\u0101s viet\u0101s. Pareiza izl\u012bdzin\u0101\u0161ana ir \u013coti svar\u012bga, lai nov\u0113rstu p\u0101rm\u0113r\u012bgu nodilumu un darb\u012bbas probl\u0113mas. Izmantojiet atbilsto\u0161us mont\u0101\u017eas kron\u0161teinus, lai nostiprin\u0101tu cilindru, un p\u0101rliecinieties, ka tas ir novietots atbilsto\u0161i ra\u017eot\u0101ja specifik\u0101cij\u0101m.<\/p>\n<p>Pirms uzst\u0101d\u012b\u0161anas pabeig\u0161anas v\u0113lreiz p\u0101rbaudiet, vai visi hidrauliskie savienojumi ir cie\u0161i un bez nopl\u016bd\u0113m. P\u0113c uzst\u0101d\u012b\u0161anas veiciet spiediena p\u0101rbaudi, lai p\u0101rliecin\u0101tos, ka cilindrs darbojas, k\u0101 paredz\u0113ts, slodzes apst\u0101k\u013cos.<\/p>\n<h2>Bie\u017ei sastopamie apkopes uzdevumi<\/h2>\n<h3>Regul\u0101ras p\u0101rbaudes<\/h3>\n<p>Regul\u0101ru p\u0101rbau\u017eu veik\u0161ana ir \u013coti svar\u012bga, lai identific\u0113tu potenci\u0101l\u0101s probl\u0113mas, pirms t\u0101s saasin\u0101s. Mekl\u0113jiet nodiluma vai boj\u0101jumu paz\u012bmes un p\u0101rliecinieties, ka deta\u013cas darbojas pareizi. Agr\u012bna atkl\u0101\u0161ana var iev\u0113rojami samazin\u0101t remonta izmaksas un d\u012bkst\u0101ves laiku.<\/p>\n<h3>Pareiza e\u013c\u013co\u0161ana<\/h3>\n<p>E\u013c\u013co\u0161ana ir b\u016btiska, lai uztur\u0113tu hidraulisk\u0101 cilindra efektivit\u0101ti. P\u0101rliecinieties, ka visas kust\u012bg\u0101s da\u013cas tiek pien\u0101c\u012bgi iee\u013c\u013cotas, lai samazin\u0101tu berzi un siltuma veido\u0161anos. \u0160\u012b prakse ir \u013coti svar\u012bga, lai pagarin\u0101tu cilindra kalpo\u0161anas laiku.<\/p>\n<h3>Bl\u012bvju nomai\u0146as un kalibr\u0113\u0161anas p\u0101rbaudes<\/h3>\n<p>Regul\u0101ra bl\u012bv\u0113jumu nomai\u0146a ir \u013coti svar\u012bga, lai nov\u0113rstu nopl\u016bdes un uztur\u0113tu sist\u0113mas spiedienu. Turkl\u0101t j\u0101veic kalibr\u0113\u0161anas p\u0101rbaudes, lai nodro\u0161in\u0101tu, ka hidraulisk\u0101 sist\u0113ma darbojas noteikto parametru robe\u017e\u0101s, t\u0101d\u0113j\u0101di veicinot optim\u0101lu veiktsp\u0113ju.<\/p>\n<p><img decoding=\"async\" src=\"https:\/\/www.hydraulic-cylinders.net\/wp-content\/uploads\/2025\/04\/songte-chushion-collar.webp\" alt=\"Spilvenu apkakle\"><\/p>\n<h2>Dro\u0161\u012bbas apsv\u0113rumi un vides faktori<\/h2>\n<p>Dro\u0161\u012bbas pas\u0101kumu ievie\u0161ana ir b\u016btiska, darbinot hidraulisk\u0101s sist\u0113mas. Operatoriem j\u0101b\u016bt apm\u0101c\u012btiem dro\u0161as r\u012bc\u012bbas praks\u0113, lai samazin\u0101tu riskus ekspluat\u0101cijas un apkopes laik\u0101. Turkl\u0101t, lai iev\u0113rotu vides noteikumus un aizsarg\u0101tu apk\u0101rt\u0113j\u0101s ekosist\u0113mas, j\u0101\u0146em v\u0113r\u0101 vides faktori, piem\u0113ram, iesp\u0113jam\u0101s nopl\u016bdes un izl\u012b\u0161anas.<\/p>\n<h2>Probl\u0113mu nov\u0113r\u0161ana un bie\u017ei sastopamas probl\u0113mas<\/h2>\n<ul>\n<li><strong>Nopl\u016bdes probl\u0113mas:<\/strong> P\u0101rbaudiet, vai bl\u012bv\u0113s un savienojumos nav nopl\u016b\u017eu. Pievelciet savienojumus un nomainiet nolietot\u0101s bl\u012bves p\u0113c nepiecie\u0161am\u012bbas.<\/li>\n<li><strong>Veiktsp\u0113jas probl\u0113mas:<\/strong> Ja cilindrs nerea\u0123\u0113, k\u0101 paredz\u0113ts, p\u0101rbaudiet hidraulisk\u0101 \u0161\u0137idruma l\u012bmeni un mekl\u0113jiet aizsprostojumus l\u012bnij\u0101s.<\/li>\n<li><strong>P\u0101rm\u0113r\u012bgs nodilums:<\/strong> P\u0101rliecinieties, vai cilindrs ir pareizi iee\u013c\u013cots, un p\u0101rbaudiet, vai nav nek\u0101du novir\u017eu, kas var\u0113tu izrais\u012bt priek\u0161laic\u012bgu nodilumu.<\/li>\n<\/ul>\n<h2>Noder\u012bgi padomi probl\u0113mu risin\u0101\u0161anai<\/h2>\n<p>Lai efekt\u012bvi diagnostic\u0113tu un nov\u0113rstu probl\u0113mas, ir svar\u012bgi iev\u0113rot sistem\u0101tisku pieeju. S\u0101ciet ar simptomu identific\u0113\u0161anu un vispirms p\u0101rbaudiet visbie\u017e\u0101k sastopamos c\u0113lo\u0146us, piem\u0113ram, \u0161\u0137idruma l\u012bmeni un bl\u012bves. Prevent\u012bvie pas\u0101kumi, piem\u0113ram, regul\u0101ras p\u0101rbaudes un apkope, var pal\u012bdz\u0113t samazin\u0101t iesp\u0113jam\u0101s probl\u0113mas.<\/p>\n<h2>Par m\u016bsu uz\u0146\u0113mumu<\/h2>\n<p>M\u0113s esam vado\u0161ais rezerves hidraulisko cilindru ra\u017eot\u0101js un vairumtirgot\u0101js, kas pied\u0101v\u0101 pla\u0161u produktu kl\u0101stu gan viet\u0113jam, gan starptautiskajam tirgum. M\u016bsu ap\u0146em\u0161anos sasniegt izcil\u012bbu atbalsta m\u016bsu prec\u012bzi izstr\u0101d\u0101t\u0101 ra\u017eo\u0161anas strat\u0113\u0123ija, izmantojot progres\u012bvas tehnolo\u0123ijas un kvalific\u0113tu person\u0101lu, lai uzlabotu ra\u017eo\u0161anas kvalit\u0101ti.<\/p>\n<p>M\u016bsu pieredze sniedz piel\u0101gotus risin\u0101jumus, starptautiskus sertifik\u0101tus un atsauc\u012bgu p\u0113cp\u0101rdo\u0161anas apkalpo\u0161anu, nodro\u0161inot, ka m\u0113s apmierin\u0101m m\u016bsu klientu da\u017e\u0101d\u0101s vajadz\u012bbas. Koncentr\u0113joties uz augstu efektivit\u0101ti, precizit\u0101ti un kvalit\u0101ti, m\u0113s nep\u0101rtraukti cen\u0161amies uzlabot savu ra\u017eo\u0161anas platformu un produktu l\u012bniju.<\/p>\n<p><img decoding=\"async\" src=\"https:\/\/www.hydraulic-cylinders.net\/wp-content\/uploads\/2025\/04\/songte-company-4.webp\" alt=\"Uz\u0146\u0113muma t\u0113ls\"><br \/>\n<img decoding=\"async\" src=\"https:\/\/www.hydraulic-cylinders.net\/wp-content\/uploads\/2025\/04\/songte-company-3.webp\" alt=\"Uz\u0146\u0113muma t\u0113ls\"><\/p>\n<p>Autors: lil<\/p>","protected":false},"excerpt":{"rendered":"<p>Boom Cylinder For XGMA Large Excavator XG836EL Introduction to Boom Cylinder The Boom Cylinder for XGMA Large Excavator XG836EL is an essential component in modern heavy machinery. This hydraulic cylinder controls the movement of the boom, allowing the excavator to perform a variety of tasks effectively. Hydraulic cylinders are critical for excavators as they facilitate [&hellip;]<\/p>","protected":false},"featured_media":17871,"comment_status":"open","ping_status":"closed","template":"","meta":{"_et_pb_use_builder":"","_et_pb_old_content":"","_et_gb_content_width":""},"product_brand":[],"product_cat":[1546],"product_tag":[1547,1496],"class_list":{"0":"post-19321","1":"product","2":"type-product","3":"status-publish","4":"has-post-thumbnail","6":"product_cat-boom-cylinders","7":"product_tag-boom-cylinders","8":"product_tag-hydraulic-cylinders","10":"first","11":"instock","12":"shipping-taxable","13":"product-type-simple"},"amp_enabled":true,"_links":{"self":[{"href":"https:\/\/www.hydraulic-cylinders.net\/lv\/wp-json\/wp\/v2\/product\/19321","targetHints":{"allow":["GET"]}}],"collection":[{"href":"https:\/\/www.hydraulic-cylinders.net\/lv\/wp-json\/wp\/v2\/product"}],"about":[{"href":"https:\/\/www.hydraulic-cylinders.net\/lv\/wp-json\/wp\/v2\/types\/product"}],"replies":[{"embeddable":true,"href":"https:\/\/www.hydraulic-cylinders.net\/lv\/wp-json\/wp\/v2\/comments?post=19321"}],"wp:featuredmedia":[{"embeddable":true,"href":"https:\/\/www.hydraulic-cylinders.net\/lv\/wp-json\/wp\/v2\/media\/17871"}],"wp:attachment":[{"href":"https:\/\/www.hydraulic-cylinders.net\/lv\/wp-json\/wp\/v2\/media?parent=19321"}],"wp:term":[{"taxonomy":"product_brand","embeddable":true,"href":"https:\/\/www.hydraulic-cylinders.net\/lv\/wp-json\/wp\/v2\/product_brand?post=19321"},{"taxonomy":"product_cat","embeddable":true,"href":"https:\/\/www.hydraulic-cylinders.net\/lv\/wp-json\/wp\/v2\/product_cat?post=19321"},{"taxonomy":"product_tag","embeddable":true,"href":"https:\/\/www.hydraulic-cylinders.net\/lv\/wp-json\/wp\/v2\/product_tag?post=19321"}],"curies":[{"name":"wp","href":"https:\/\/api.w.org\/{rel}","templated":true}]}}