{"id":19322,"date":"2025-04-07T06:26:55","date_gmt":"2025-04-07T06:26:55","guid":{"rendered":"https:\/\/www.hydraulic-cylinders.net\/product\/boom-cylinder-for-xgma-large-excavator-xg836mh\/"},"modified":"2025-04-07T06:26:57","modified_gmt":"2025-04-07T06:26:57","slug":"boom-cylinder-for-xgma-large-excavator-xg836mh","status":"publish","type":"product","link":"https:\/\/www.hydraulic-cylinders.net\/lv\/products\/boom-cylinder-for-xgma-large-excavator-xg836mh\/","title":{"rendered":"Str\u0113les cilindrs XGMA lielajam ekskavatoram XG836MH"},"content":{"rendered":"<h1>Str\u0113les cilindrs XGMA lielajam ekskavatoram XG836MH<\/h1>\n<h2>Ievads str\u0113les cilindros<\/h2>\n<p>XGMA liel\u0101 ekskavatora XG836MH str\u0113les cilindrs ir kritiski svar\u012bga sast\u0101vda\u013ca, kas paredz\u0113ta smago ma\u0161\u012bnu oper\u0101cij\u0101m. \u0160is hidrauliskais cilindrs specializ\u0113jas ekskavatora piederumu, piem\u0113ram, kausu, kust\u012bbas kontrol\u0113\u0161an\u0101, \u013caujot veikt t\u0101dus svar\u012bgus uzdevumus k\u0101 cel\u0161ana, nolai\u0161ana un noliek\u0161ana. Tas atvieglo efekt\u012bvu materi\u0101lu apstr\u0101di, padarot to par b\u016btisku sast\u0101vda\u013cu da\u017e\u0101dos b\u016bvniec\u012bbas un rak\u0161anas projektos.<\/p>\n<p><img decoding=\"async\" src=\"https:\/\/www.hydraulic-cylinders.net\/wp-content\/uploads\/2025\/04\/songte-company-1.webp\" alt=\"Ekskavatoru str\u0113les cilindrs\" \/><\/p>\n<h3>Kausa cilindru izpratne<\/h3>\n<p>Kausa cilindri ir hidrauliski meh\u0101nismi, kas \u012bpa\u0161i izstr\u0101d\u0101ti, lai p\u0101rvald\u012btu kausu kust\u012bbu uz smagas celtniec\u012bbas tehnikas, tostarp ekskavatoriem, ekskavatoriem-iekr\u0101v\u0113jiem un front\u0101lajiem iekr\u0101v\u0113jiem. Tie darbojas hidrauliskaj\u0101 sist\u0113m\u0101, kur kust\u012bbas rad\u012b\u0161anai tiek izmantots spiediena \u0161\u0137idrums. \u0160\u012b pielietojuma d\u0113\u013c kauss var veikt b\u016btiskas funkcijas, kas nepiecie\u0161amas materi\u0101lu efekt\u012bvai rak\u0161anai, transport\u0113\u0161anai un izg\u0101\u0161anai. \u0160o cilindru konstrukcija un darb\u012bba ir \u013coti svar\u012bga, lai sasniegtu optim\u0101lu veiktsp\u0113ju sare\u017e\u0123\u012btos darba apst\u0101k\u013cos.<\/p>\n<h2>Str\u0113les cilindra \u012bpa\u0161\u012bbas<\/h2>\n<ul>\n<li><strong>Augsta iztur\u012bba un ilgm\u016b\u017e\u012bba:<\/strong> \u0160ie cilindri, kas izgatavoti no augstas stipr\u012bbas t\u0113rauda vai alum\u012bnija, iztur augstu spiedienu un lielas slodzes, nodro\u0161inot uzticam\u012bbu pat skarbos darba apst\u0101k\u013cos.<\/li>\n<li><strong>Efekt\u012bva hidraulisk\u0101 darb\u012bba:<\/strong> Izmantojot hidraulisk\u0101s e\u013c\u013cas spiedienu, str\u0113les cilindrs nodro\u0161ina vienm\u0113r\u012bgu izstiep\u0161anu un ievilk\u0161anu, \u0101tri rea\u0123\u0113jot uz operatora komand\u0101m un radot sp\u0113c\u012bgus stum\u0161anas un vilk\u0161anas sp\u0113kus.<\/li>\n<li><strong>Veidu da\u017e\u0101d\u012bba:<\/strong> \u0160ie cilindri, kas pieejami vienk\u0101r\u0161\u0101s un divk\u0101r\u0161\u0101s darb\u012bbas konstrukcij\u0101s, apmierina da\u017e\u0101das ekspluat\u0101cijas vajadz\u012bbas. Da\u017ei mode\u013ci ir teleskopiski, kas \u013cauj sasniegt liel\u0101ku sniedzam\u012bbu, nepalielinot \u0101r\u0113jos izm\u0113rus.<\/li>\n<li><strong>Vienk\u0101r\u0161a integr\u0101cija:<\/strong> Izstr\u0101d\u0101ts, lai neman\u0101mi nomain\u012btu eso\u0161os hidrauliskos cilindrus, nodro\u0161inot netrauc\u0113tu moderniz\u0101ciju un apkopi.<\/li>\n<li><strong>Apkopei draudz\u012bgs dizains:<\/strong> Konfigur\u0113ts vienk\u0101r\u0161\u0101m apkopes proced\u016br\u0101m, kas nodro\u0161ina ilg\u0101ku kalpo\u0161anas laiku un samazin\u0101tu d\u012bkst\u0101ves laiku.<\/li>\n<\/ul>\n<p><img decoding=\"async\" src=\"https:\/\/www.hydraulic-cylinders.net\/wp-content\/uploads\/2025\/04\/songte-cylinder-head-with-all-kinds-excavator-models.webp\" alt=\"Ekskavatoru mode\u013ci\" \/><\/p>\n<h2>Str\u0113les cilindra pielietojumi<\/h2>\n<h3>Celtniec\u012bbas apr\u012bkojums<\/h3>\n<p>Ekskavatoros str\u0113les cilindriem ir b\u016btiska loma zemes vai gru\u017eu rak\u0161an\u0101, iekrau\u0161an\u0101 un p\u0101rvieto\u0161an\u0101. To sp\u0113ja efekt\u012bvi kontrol\u0113t kausa kust\u012bbu ir \u013coti svar\u012bga veiksm\u012bg\u0101m rak\u0161anas oper\u0101cij\u0101m. Turkl\u0101t ekskavatoros-iekr\u0101v\u0113jos tie pal\u012bdz gan rakt tran\u0161ejas, gan pacelt materi\u0101lus, uzlabojot kop\u0113jo produktivit\u0101ti b\u016bvlaukumos.<\/p>\n<h3>Lauksaimniec\u012bbas tehnika<\/h3>\n<p>Front\u0101lajos iekr\u0101v\u0113jos str\u0113les cilindri ir atbild\u012bgi par augsnes, siena un citu materi\u0101lu sav\u0101k\u0161anu, cel\u0161anu un transport\u0113\u0161anu. To iztur\u012bg\u0101 konstrukcija nodro\u0161ina, ka tie var iztur\u0113t iev\u0113rojamu svaru, padarot tos neaizst\u0101jamus lauksaimniec\u012bbas darbos. Tie \u013cauj lauksaimniekiem un darbuz\u0146\u0113m\u0113jiem efekt\u012bvi veikt da\u017e\u0101dus uzdevumus, piem\u0113ram, materi\u0101lu iekrau\u0161anu un izkrau\u0161anu, t\u0101d\u0113j\u0101di uzlabojot produktivit\u0101ti lauksaimniec\u012bbas nozar\u0113.<\/p>\n<h3>Ekskavatori<\/h3>\n<p>Ekskavatoros str\u0113les cilindrs \u013cauj kausam efekt\u012bvi iek\u013c\u016bt augsn\u0113. \u0160\u012b sp\u0113ja ir b\u016btiska da\u017e\u0101diem rak\u0161anas darbiem, s\u0101kot no ainavu veido\u0161anas l\u012bdz liela m\u0113roga b\u016bvniec\u012bbas projektiem. Str\u0113les cilindra konstrukcija nodro\u0161ina prec\u012bzu kausa kust\u012bbu kontroli, kas ir \u013coti svar\u012bgi, lai samazin\u0101tu trauc\u0113jumus apk\u0101rt\u0113j\u0101s teritorij\u0101s.<\/p>\n<h3>Iekr\u0101v\u0113ji<\/h3>\n<p>Front\u0101lajos iekr\u0101v\u0113jos \u0161ie cilindri efekt\u012bvi atvieglo materi\u0101lu pacel\u0161anu un izg\u0101\u0161anu. To hidraulisk\u0101s iesp\u0113jas \u013cauj \u0101tri manevr\u0113t, kas ir svar\u012bgi strauji main\u012bg\u0101 b\u016bvniec\u012bbas vid\u0113. Str\u0113les cilindru pied\u0101v\u0101t\u0101 efektivit\u0101te palielina iekr\u0101v\u0113ju kop\u0113jo darba jaudu, padarot tos efekt\u012bv\u0101kus materi\u0101lu apstr\u0101des uzdevumos.<\/p>\n<h2>Dizaina apsv\u0113rumi un atlases krit\u0113riji<\/h2>\n<h3>Kravnes\u012bba<\/h3>\n<p>Str\u0113les cilindru konstrukcij\u0101 priorit\u0101te j\u0101pie\u0161\u0137ir kravnes\u012bbai, lai nodro\u0161in\u0101tu, ka tie sp\u0113j iztur\u0113t ekskavatora agreg\u0101tu un p\u0101rvietojamo materi\u0101lu svaru. In\u017eenieri apr\u0113\u0137ina nepiecie\u0161amo kravnes\u012bbu, pamatojoties uz paredz\u0113to lietojumu, nodro\u0161inot, ka cilindrs var darboties dro\u0161i bez atteices riska.<\/p>\n<h3>Bl\u012bv\u0113\u0161anas efektivit\u0101te<\/h3>\n<p>Pareiza bl\u012bv\u0113\u0161ana ir b\u016btiska, lai nov\u0113rstu hidraulisk\u0101 \u0161\u0137idruma nopl\u016bdi, kas var samazin\u0101t efektivit\u0101ti un izrais\u012bt hidraulisk\u0101s sist\u0113mas boj\u0101jumus. Augstas kvalit\u0101tes bl\u012bves, kas izgatavotas no iztur\u012bgiem materi\u0101liem, piem\u0113ram, poliuret\u0101na vai nitrila gumijas, uzlabo bl\u012bv\u0113\u0161anas veiktsp\u0113ju, vienlaikus samazinot apkopes pras\u012bbas.<\/p>\n<h3>Iztur\u012bba<\/h3>\n<p>Iztur\u012bba ir \u013coti svar\u012bga str\u0113les cilindriem, jo \u200b\u200bekspluat\u0101cijas laik\u0101 tie tiek pak\u013cauti ekstrem\u0101liem apst\u0101k\u013ciem un sp\u0113kiem. Izv\u0113loties materi\u0101lus, kas iztur nodilumu, k\u0101 ar\u012b aizsargp\u0101rkl\u0101jumus, tiek pagarin\u0101ts cilindra kalpo\u0161anas laiks un samazin\u0101ts nomai\u0146as bie\u017eums.<\/p>\n<h3>Dro\u0161\u012bba<\/h3>\n<p>Dro\u0161\u012bbas funkcijas str\u0113les cilindru konstrukcij\u0101 ir \u0101rk\u0101rt\u012bgi svar\u012bgas, \u012bpa\u0161i smagaj\u0101s ma\u0161\u012bn\u0101s, kur darb\u012bbas trauc\u0113jumi var izrais\u012bt negad\u012bjumus. Dro\u0161\u012bbas meh\u0101nismu, piem\u0113ram, spiediena samazin\u0101\u0161anas v\u0101rstu un iztur\u012bgu mont\u0101\u017eas sist\u0113mu, iek\u013cau\u0161ana samazina ar hidraulisk\u0101m k\u013c\u016bm\u0113m saist\u012btos riskus.<\/p>\n<h3>Uzturam\u012bba<\/h3>\n<p>Str\u0113les cilindru konstrukcija, kas paredz\u0113ta vienk\u0101r\u0161ai apkopei, nodro\u0161ina, ka operatori var bie\u017ei p\u0101rbaud\u012bt, vai nav probl\u0113mu, un veikt nepiecie\u0161amos remontdarbus bez ilgsto\u0161as \u200b\u200bd\u012bkst\u0101ves. T\u0101das funkcijas k\u0101 pieejamas e\u013c\u013co\u0161anas nipe\u013ci un viegli nomain\u0101mas bl\u012bves uzlabo apkopi.<\/p>\n<p><img decoding=\"async\" src=\"https:\/\/www.hydraulic-cylinders.net\/wp-content\/uploads\/2025\/04\/songte-oil-pipes-and-spare-parts.webp\" alt=\"Hidraulisk\u0101s da\u013cas\" \/><\/p>\n<h2>Bl\u012bv\u0113\u0161ana un e\u013c\u013co\u0161ana<\/h2>\n<p>Efekt\u012bva bl\u012bv\u0113\u0161ana un e\u013c\u013co\u0161ana ir b\u016btiska str\u0113les cilindru veiktsp\u0113jai un ilgm\u016b\u017e\u012bbai. Lai uztur\u0113tu hidraulisko spiedienu un nov\u0113rstu \u0161\u0137idruma zudumus, tiek izmantoti da\u017e\u0101di bl\u012bv\u0113jumi, tostarp virzu\u013ca bl\u012bv\u0113jumi un stie\u0146a bl\u012bv\u0113jumi. Materi\u0101li, piem\u0113ram, poliuret\u0101ns un nitrila gumija, parasti tiek izmantoti to nodilumiztur\u012bgo \u012bpa\u0161\u012bbu d\u0113\u013c. Cilindra korpuss un v\u012bt\u0146ot\u0101s gala virsmas tiek r\u016bp\u012bgi apstr\u0101d\u0101tas, lai uzlabotu iztur\u012bbu un nodilumiztur\u012bbu. Turkl\u0101t ir nepiecie\u0161ama regul\u0101ra e\u013c\u013co\u0161ana ar hidraulisko e\u013c\u013cu, lai nodro\u0161in\u0101tu vienm\u0113r\u012bgu darb\u012bbu un samazin\u0101tu berzi starp kust\u012bgaj\u0101m da\u013c\u0101m.<\/p>\n<h2>Regul\u0101ras p\u0101rbaudes un profilaktisk\u0101s apkopes pas\u0101kumi<\/h2>\n<ul>\n<li><strong>Regul\u0101ras p\u0101rbaudes:<\/strong> Regul\u0101ras p\u0101rbaudes pal\u012bdz identific\u0113t potenci\u0101l\u0101s probl\u0113mas, pirms t\u0101s saasin\u0101s. P\u0101rbaudiet, vai nav nopl\u016b\u017eu, nodiluma un pareizas regul\u0113\u0161anas.<\/li>\n<li><strong>Pareiza e\u013c\u013co\u0161ana:<\/strong> P\u0101rliecinieties, vai visas kust\u012bg\u0101s da\u013cas ir pien\u0101c\u012bgi iee\u013c\u013cotas, lai samazin\u0101tu berzi un nov\u0113rstu nodilumu. Lai nodro\u0161in\u0101tu optim\u0101lu veiktsp\u0113ju, izmantojiet ieteicamo hidraulisk\u0101s e\u013c\u013cas veidu.<\/li>\n<li><strong>Bl\u012bv\u0113juma nomai\u0146a:<\/strong> Lai saglab\u0101tu cilindra integrit\u0101ti, iepl\u0101nojiet regul\u0101ru bl\u012bvju nomai\u0146u atkar\u012bb\u0101 no lieto\u0161anas. P\u0101rbaudiet bl\u012bves, vai nav nodiluma paz\u012bmju, un nomainiet t\u0101s, ja nepiecie\u0161ams.<\/li>\n<\/ul>\n<h2>Uzst\u0101d\u012b\u0161anas vadl\u012bnijas<\/h2>\n<p>Pareiza str\u0113les cilindra uzst\u0101d\u012b\u0161ana ir \u013coti svar\u012bga optim\u0101lai veiktsp\u0113jai. Vispirms p\u0101rliecinieties, ka darba zona ir t\u012bra un bez gru\u017eiem. Pareizi izl\u012bdziniet cilindru ar mont\u0101\u017eas kron\u0161teiniem, izmantojot atbilsto\u0161us uzst\u0101d\u012b\u0161anas stiprin\u0101jumus, lai to nostiprin\u0101tu viet\u0101. P\u0101rliecinieties, vai hidrauliskie savienojumi ir cie\u0161i un bez nopl\u016bd\u0113m. P\u0113c uzst\u0101d\u012b\u0161anas p\u0101rbaudiet cilindra izl\u012bdzin\u0101jumu, lai nov\u0113rstu p\u0101rm\u0113r\u012bgu slodzi darb\u012bbas laik\u0101. P\u0113c uzst\u0101d\u012b\u0161anas veiciet testa braucienu, lai p\u0101rbaud\u012btu funkcionalit\u0101ti, un veiciet nepiecie\u0161amos hidraulisk\u0101s sist\u0113mas piel\u0101gojumus, lai nodro\u0161in\u0101tu vienm\u0113r\u012bgu darb\u012bbu.<\/p>\n<h2>Bie\u017ei sastopamie apkopes uzdevumi<\/h2>\n<ul>\n<li><strong>Regul\u0101ras p\u0101rbaudes:<\/strong> Regul\u0101ras p\u0101rbaudes, lai noteiktu nopl\u016bdes vai nodiluma paz\u012bmes, pal\u012bdz uztur\u0113t cilindra efektivit\u0101ti. P\u0101rbaudiet visus savienojumus un bl\u012bves, lai p\u0101rliecin\u0101tos, ka t\u0101s ir neskartas.<\/li>\n<li><strong>Pareiza e\u013c\u013co\u0161ana:<\/strong> Ir \u013coti svar\u012bgi uztur\u0113t atbilsto\u0161u e\u013c\u013co\u0161anas l\u012bmeni. P\u0101rliecinieties, vai cilindrs ir iee\u013c\u013cots saska\u0146\u0101 ar ra\u017eot\u0101ja ieteikumiem, lai nov\u0113rstu priek\u0161laic\u012bgu nodilumu.<\/li>\n<li><strong>Bl\u012bv\u0113juma nomai\u0146a:<\/strong> Regul\u0101ri nov\u0113rt\u0113jiet bl\u012bv\u0113jumu st\u0101vokli un nomainiet tos p\u0113c nepiecie\u0161am\u012bbas. \u0160is uzdevums nov\u0113r\u0161 hidraulisk\u0101 \u0161\u0137idruma zudumus un uztur sist\u0113mas spiedienu.<\/li>\n<\/ul>\n<h2>Dro\u0161\u012bbas apsv\u0113rumi un vides faktori<\/h2>\n<p>Izmantojot str\u0113les cilindrus, dro\u0161\u012bbas pas\u0101kumi ir \u0101rk\u0101rt\u012bgi svar\u012bgi. Operatoriem j\u0101iev\u0113ro visas dro\u0161\u012bbas vadl\u012bnijas, tostarp j\u0101valk\u0101 atbilsto\u0161i individu\u0101lie aizsardz\u012bbas l\u012bdzek\u013ci (IAL), lai samazin\u0101tu riskus darb\u012bbas laik\u0101. Lai nov\u0113rstu negad\u012bjumus, ir svar\u012bgi pien\u0101c\u012bgi apm\u0101c\u012bt par hidraulisko sist\u0113mu lieto\u0161anu. Turkl\u0101t ir svar\u012bgi piev\u0113rst uzman\u012bbu vides faktoriem; nodro\u0161inot, ka hidrauliskie \u0161\u0137idrumi nenopl\u016bst vid\u0113, pal\u012bdz mazin\u0101t ekolo\u0123iskos riskus.<\/p>\n<h2>Probl\u0113mu nov\u0113r\u0161ana un bie\u017ei sastopamas probl\u0113mas<\/h2>\n<ul>\n<li><strong>Nopl\u016bde:<\/strong> P\u0101rbaudiet visas bl\u012bves un savienojumus, vai tie nav nodilu\u0161i vai boj\u0101ti. Nomainiet visas boj\u0101t\u0101s bl\u012bves un p\u0101rliecinieties, vai savienojumi ir cie\u0161i.<\/li>\n<li><strong>Slikta veiktsp\u0113ja:<\/strong> P\u0101rbaudiet hidraulisk\u0101 \u0161\u0137idruma l\u012bmeni un kvalit\u0101ti. Zems \u0161\u0137idruma l\u012bmenis var izrais\u012bt nepietiekamu veiktsp\u0113ju, t\u0101p\u0113c p\u0101rliecinieties, ka tas atbilst specifik\u0101cij\u0101m.<\/li>\n<li><strong>Troksnis darb\u012bbas laik\u0101:<\/strong> Neparastas ska\u0146as var liecin\u0101t par meh\u0101nisk\u0101m probl\u0113m\u0101m. P\u0101rbaudiet, vai nav nob\u012bdes vai boj\u0101tu deta\u013cu, kur\u0101m var\u0113tu b\u016bt nepiecie\u0161ama regul\u0113\u0161ana vai nomai\u0146a.<\/li>\n<\/ul>\n<h2>Probl\u0113mu nov\u0113r\u0161anas padomi<\/h2>\n<p>Lai efekt\u012bvi diagnostic\u0113tu un nov\u0113rstu probl\u0113mas ar str\u0113les cilindriem, operatoriem ir j\u0101uztur visaptvero\u0161s apkopes \u017eurn\u0101ls. J\u0101veic p\u0101rbau\u017eu, remontu un \u0161\u0137idrumu mai\u0146as uzskaite. Regul\u0101ra apm\u0101c\u012bba par hidrauliskaj\u0101m sist\u0113m\u0101m var dot operatoriem iesp\u0113ju laikus identific\u0113t probl\u0113mas. Ieviesiet prevent\u012bvus pas\u0101kumus, piem\u0113ram, regul\u0101ras p\u0101rbaudes un apkopes grafiku iev\u0113ro\u0161anu, lai samazin\u0101tu iesp\u0113jamo k\u013c\u016bmju risku.<\/p>\n<p><img decoding=\"async\" src=\"https:\/\/www.hydraulic-cylinders.net\/wp-content\/uploads\/2025\/04\/songte-bushings-with-all-kinds-of-excavator-models.webp\" alt=\"Ekskavatora bukses\" \/><\/p>\n<h2>Par m\u016bsu uz\u0146\u0113mumu<\/h2>\n<p>M\u0113s esam vado\u0161ais rezerves hidraulisko cilindru ra\u017eot\u0101js, kas pied\u0101v\u0101 pla\u0161u produktu kl\u0101stu gan viet\u0113jiem, gan starptautiskajiem tirgiem. M\u016bsu ap\u0146em\u0161anos nodro\u0161in\u0101t augst\u0101ko kvalit\u0101ti atbalsta izsmalcin\u0101ta ra\u017eo\u0161anas strat\u0113\u0123ija, kas ietver progres\u012bvas tehnolo\u0123ijas un kvalific\u0113tu person\u0101lu. Izmantojot modern\u0101k\u0101s digit\u0101l\u0101s ra\u017eo\u0161anas iek\u0101rtas un profesion\u0101las test\u0113\u0161anas sist\u0113mas, m\u0113s nep\u0101rtraukti uzlabojam savas ra\u017eo\u0161anas iesp\u0113jas. M\u016bsu uzsvars uz efektivit\u0101ti, precizit\u0101ti un augstiem kvalit\u0101tes standartiem atbilst m\u016bsu klientu da\u017e\u0101daj\u0101m vajadz\u012bb\u0101m.<\/p>\n<p><img decoding=\"async\" src=\"https:\/\/www.hydraulic-cylinders.net\/wp-content\/uploads\/2025\/04\/songte-company-4.webp\" alt=\"Uz\u0146\u0113muma p\u0101rskats\" \/><br \/>\n<img decoding=\"async\" src=\"https:\/\/www.hydraulic-cylinders.net\/wp-content\/uploads\/2025\/04\/songte-company-3.webp\" alt=\"Uz\u0146\u0113muma telpas\" \/><\/p>\n<p>M\u016bsu pieredze aptver starptautiskus sertifik\u0101tus, piel\u0101gotus pakalpojumus un izcilu p\u0113cp\u0101rdo\u0161anas atbalstu, nodro\u0161inot m\u016bsu klientiem visaugst\u0101ko apkalpo\u0161anas l\u012bmeni un produktu uzticam\u012bbu.<\/p>\n<p>Autors: lil<\/p>","protected":false},"excerpt":{"rendered":"<p>Boom Cylinder For XGMA Large Excavator XG836MH Introduction to Boom Cylinders The Boom Cylinder for the XGMA Large Excavator XG836MH is a critical component designed for heavy machinery operations. This hydraulic cylinder specializes in controlling the movement of excavator attachments, such as buckets, enabling essential tasks such as lifting, lowering, and tilting. It facilitates effective [&hellip;]<\/p>","protected":false},"featured_media":17872,"comment_status":"open","ping_status":"closed","template":"","meta":{"_et_pb_use_builder":"","_et_pb_old_content":"","_et_gb_content_width":""},"product_brand":[],"product_cat":[1546],"product_tag":[1547,1496],"class_list":{"0":"post-19322","1":"product","2":"type-product","3":"status-publish","4":"has-post-thumbnail","6":"product_cat-boom-cylinders","7":"product_tag-boom-cylinders","8":"product_tag-hydraulic-cylinders","10":"first","11":"instock","12":"shipping-taxable","13":"product-type-simple"},"amp_enabled":true,"_links":{"self":[{"href":"https:\/\/www.hydraulic-cylinders.net\/lv\/wp-json\/wp\/v2\/product\/19322","targetHints":{"allow":["GET"]}}],"collection":[{"href":"https:\/\/www.hydraulic-cylinders.net\/lv\/wp-json\/wp\/v2\/product"}],"about":[{"href":"https:\/\/www.hydraulic-cylinders.net\/lv\/wp-json\/wp\/v2\/types\/product"}],"replies":[{"embeddable":true,"href":"https:\/\/www.hydraulic-cylinders.net\/lv\/wp-json\/wp\/v2\/comments?post=19322"}],"wp:featuredmedia":[{"embeddable":true,"href":"https:\/\/www.hydraulic-cylinders.net\/lv\/wp-json\/wp\/v2\/media\/17872"}],"wp:attachment":[{"href":"https:\/\/www.hydraulic-cylinders.net\/lv\/wp-json\/wp\/v2\/media?parent=19322"}],"wp:term":[{"taxonomy":"product_brand","embeddable":true,"href":"https:\/\/www.hydraulic-cylinders.net\/lv\/wp-json\/wp\/v2\/product_brand?post=19322"},{"taxonomy":"product_cat","embeddable":true,"href":"https:\/\/www.hydraulic-cylinders.net\/lv\/wp-json\/wp\/v2\/product_cat?post=19322"},{"taxonomy":"product_tag","embeddable":true,"href":"https:\/\/www.hydraulic-cylinders.net\/lv\/wp-json\/wp\/v2\/product_tag?post=19322"}],"curies":[{"name":"wp","href":"https:\/\/api.w.org\/{rel}","templated":true}]}}