{"id":19324,"date":"2025-04-07T06:27:00","date_gmt":"2025-04-07T06:27:00","guid":{"rendered":"https:\/\/www.hydraulic-cylinders.net\/product\/boom-cylinder-for-xgma-wheel-excavator-xg807w\/"},"modified":"2025-04-07T06:27:02","modified_gmt":"2025-04-07T06:27:02","slug":"boom-cylinder-for-xgma-wheel-excavator-xg807w","status":"publish","type":"product","link":"https:\/\/www.hydraulic-cylinders.net\/lv\/products\/boom-cylinder-for-xgma-wheel-excavator-xg807w\/","title":{"rendered":"Str\u0113les cilindrs XGMA rite\u0146u ekskavatoram XG807W"},"content":{"rendered":"<h1>Str\u0113les cilindrs XGMA rite\u0146u ekskavatoram XG807W<\/h1>\n<h2>Kausa cilindru defin\u012bcija un p\u0101rskats<\/h2>\n<p>Str\u0113les cilindrs ir neat\u0146emama sast\u0101vda\u013ca, kas \u012bpa\u0161i paredz\u0113ta kausu kust\u012bbas vad\u012bbai da\u017e\u0101d\u0101s smagaj\u0101s ma\u0161\u012bn\u0101s, piem\u0113ram, ekskavatoros, iekr\u0101v\u0113ju ekskavatoros un front\u0101lajos iekr\u0101v\u0113jos. \u0160is hidrauliskais cilindrs \u013cauj kausam pacelt, nolaist un noliekt, t\u0101d\u0113j\u0101di atvieglojot efekt\u012bvus materi\u0101lu apstr\u0101des uzdevumus. Hidrauliskaj\u0101s sist\u0113m\u0101s kausu cilindriem ir iz\u0161\u0137iro\u0161a noz\u012bme, p\u0101rveidojot hidraulisk\u0101 \u0161\u0137idruma spiedienu meh\u0101nisk\u0101 sp\u0113k\u0101, \u013caujot operatoriem veikt sare\u017e\u0123\u012btas kust\u012bbas ar precizit\u0101ti un vieglumu.<\/p>\n<p><img decoding=\"async\" src=\"https:\/\/www.hydraulic-cylinders.net\/wp-content\/uploads\/2025\/04\/songte-company-1.webp\" alt=\"Hidraulisk\u0101 cilindra att\u0113ls\"><\/p>\n<p>Izmantojot hidraulisko e\u013c\u013cu, \u0161ie cilindri nodro\u0161ina vienm\u0113r\u012bgu un jaud\u012bgu darb\u012bbu, kas ir b\u016btiski uzdevumiem, kuros nepiecie\u0161ama smagu kravu cel\u0161ana un manevr\u0113\u0161ana. Konstrukcij\u0101 \u0146emta v\u0113r\u0101 augsta iztur\u012bba un nodilumiztur\u012bba, nodro\u0161inot, ka cilindrs var iztur\u0113t skarbus darba apst\u0101k\u013cus, vienlaikus saglab\u0101jot darb\u012bbas efektivit\u0101ti. Str\u0113les cilindra sp\u0113ja darboties zem spiediena padara to par svar\u012bgu apr\u012bkojuma elementu b\u016bvniec\u012bbas un lauksaimniec\u012bbas nozar\u0113.<\/p>\n<h2>Str\u0113les cilindra \u012bpa\u0161\u012bbas<\/h2>\n<ul>\n<li><strong>Augsta iztur\u012bba un ilgm\u016b\u017e\u012bba:<\/strong> Izgatavots no augstas stipr\u012bbas t\u0113rauda vai alum\u012bnija, kas sp\u0113j iztur\u0113t augstu spiedienu un lielas slodzes, vienlaikus piel\u0101gojoties skarbajiem darba apst\u0101k\u013ciem. Paredz\u0113ts nodilumiztur\u012bbai un iztur\u012bbai pret koroziju, pagarinot t\u0101 kalpo\u0161anas laiku.<\/li>\n<li><strong>Efekt\u012bva hidraulisk\u0101 darb\u012bba:<\/strong> Izmanto hidraulisk\u0101s e\u013c\u013cas spiedienu vienm\u0113r\u012bgai izvilk\u0161anai un ievilk\u0161anai, \u0101tri rea\u0123\u0113jot uz vad\u012bbas komand\u0101m un nodro\u0161inot sp\u0113c\u012bgu stum\u0161anas un vilk\u0161anas sp\u0113ku, kas ir piem\u0113rots smagu materi\u0101lu apstr\u0101dei un sare\u017e\u0123\u012btiem uzdevumiem.<\/li>\n<li><strong>Da\u017e\u0101di veidi:<\/strong> Pieejams gan vienas darb\u012bbas (izmantojot hidraulisko sp\u0113ku vien\u0101 virzien\u0101), gan divk\u0101r\u0161as darb\u012bbas (izmantojot hidraulisko sp\u0113ku abos virzienos) konfigur\u0101cij\u0101s, lai apmierin\u0101tu da\u017e\u0101das ekspluat\u0101cijas vajadz\u012bbas. Da\u017ei mode\u013ci ir teleskopiski, kas \u013cauj liel\u0101ku pagarin\u0101jumu, nepalielinot \u0101r\u0113jos izm\u0113rus, kas ir ide\u0101li piem\u0113rots lietojumiem ar ierobe\u017eotu vietu.<\/li>\n<li><strong>Piel\u0101gojami risin\u0101jumi:<\/strong> M\u0113s sp\u0113jam ra\u017eot \u0161o produktu, un m\u016bsu pied\u0101v\u0101jums lieliski aizst\u0101j da\u017e\u0101dus hidrauliskos cilindrus. M\u016bsu ra\u017eo\u0161anas iesp\u0113jas \u013cauj izstr\u0101d\u0101t piel\u0101gotus risin\u0101jumus, kas atbilst konkr\u0113t\u0101m tehnikas pras\u012bb\u0101m.<\/li>\n<li><strong>Kvalit\u0101tes nodro\u0161in\u0101\u0161ana:<\/strong> Katrs str\u0113les cilindrs tiek pak\u013cauts stingrai p\u0101rbaudei, lai nodro\u0161in\u0101tu uzticam\u012bbu un veiktsp\u0113ju, atbilstot nozares dro\u0161\u012bbas un efektivit\u0101tes standartiem.<\/li>\n<\/ul>\n<p><img decoding=\"async\" src=\"https:\/\/www.hydraulic-cylinders.net\/wp-content\/uploads\/2025\/04\/songte-cylinder-head-with-all-kinds-excavator-models.webp\" alt=\"Ekskavatora mode\u013cu att\u0113ls\"><\/p>\n<h2>Str\u0113les cilindra pielietojuma scen\u0101riji<\/h2>\n<h3>Celtniec\u012bbas apr\u012bkojums<\/h3>\n<p>Ekskavatoros str\u0113les cilindri ir b\u016btiski augsnes vai gru\u017eu rak\u0161anai, iekrau\u0161anai un p\u0101rvieto\u0161anai. Tie nodro\u0161ina nepiecie\u0161amo sp\u0113ku, lai iek\u013c\u016btu zem\u0113, padarot rak\u0161anas procesu efekt\u012bvu un lietder\u012bgu. Sp\u0113ja pacelt un noliekt kausu nodro\u0161ina prec\u012bzu kontroli, p\u0101rvietojot materi\u0101lus, uzlabojot produktivit\u0101ti b\u016bvlaukumos.<\/p>\n<h3>Lauksaimniec\u012bbas tehnika<\/h3>\n<p>Front\u0101lajos iekr\u0101v\u0113jos str\u0113les cilindrs atvieglo augsnes, siena un citu materi\u0101lu iekrau\u0161anu, cel\u0161anu un transport\u0113\u0161anu. T\u0101 uzticama veiktsp\u0113ja ir \u013coti svar\u012bga t\u0101diem uzdevumiem k\u0101 m\u0101jlopu baro\u0161ana vai lauku att\u012br\u012b\u0161ana, kur nepiecie\u0161ams \u0101trums un efektivit\u0101te.<\/p>\n<h3>Ekskavatori<\/h3>\n<p>Str\u0113les cilindrs \u013cauj ekskavatoriem veikt rak\u0161anas darb\u012bbas, \u013caujot kausam iek\u013c\u016bt dzi\u013ci augsn\u0113. \u0160\u012b sp\u0113ja ir vit\u0101li svar\u012bga b\u016bvniec\u012bbas un ainavu veido\u0161anas projektos, kur pamatu ier\u012bko\u0161anai vai citiem darbiem ir nepiecie\u0161ams prec\u012bzs rak\u0161anas dzi\u013cums.<\/p>\n<h3>Iekr\u0101v\u0113ji<\/h3>\n<p>Front\u0101lajos iekr\u0101v\u0113jos str\u0113les cilindri pal\u012bdz efekt\u012bvi pacelt un izkraut kravas. Tie nodro\u0161ina nepiecie\u0161amo jaudu smagu materi\u0101lu pacel\u0161anai, garant\u0113jot vienm\u0113r\u012bgu darb\u012bbu, iekraujot kravas automa\u0161\u012bnas vai transport\u0113jot materi\u0101lus darba viet\u0101.<\/p>\n<h2>Dizaina apsv\u0113rumi un atlases krit\u0113riji<\/h2>\n<h3>Kravnes\u012bba<\/h3>\n<p>Str\u0113les cilindra kravnes\u012bba ir kritisks projekt\u0113\u0161anas apsv\u0113rums. Tai j\u0101b\u016bt piem\u0113rotai konkr\u0113tajiem uzdevumiem un tehnikai, ar kuru t\u0101 tiks izmantota. In\u017eenieri apr\u0113\u0137ina nepiecie\u0161amo kravnes\u012bbu, pamatojoties uz paredzamo svaru un sp\u0113kiem, ar kuriem saskarsies ekspluat\u0101cijas laik\u0101, nodro\u0161inot, ka cilindrs var dro\u0161i iztur\u0113t slodzi bez boj\u0101juma riska.<\/p>\n<h3>Bl\u012bv\u0113\u0161anas sp\u0113ja<\/h3>\n<p>Efekt\u012bvs bl\u012bv\u0113jums ir b\u016btisks hidraulisko cilindru darb\u012bbai. Augstas kvalit\u0101tes bl\u012bv\u0113jumi nov\u0113r\u0161 hidraulisk\u0101 \u0161\u0137idruma nopl\u016bdes, uztur spiedienu sist\u0113m\u0101 un nodro\u0161ina vienm\u0113r\u012bgu darb\u012bbu. Bl\u012bv\u0113jumi j\u0101izv\u0113las, pamatojoties uz to sader\u012bbu ar hidraulisko \u0161\u0137idrumu un sp\u0113ju iztur\u0113t vides darba apst\u0101k\u013cus.<\/p>\n<h3>Iztur\u012bba<\/h3>\n<p>Iztur\u012bba ir galvenais faktors hidraulisko cilindru konstrukcij\u0101. Izmantotajiem materi\u0101liem j\u0101b\u016bt iztur\u012bgiem pret nodilumu, ko rada past\u0101v\u012bga kust\u012bba un skarbu elementu iedarb\u012bba. Augstas iztur\u012bbas materi\u0101li un p\u0101rkl\u0101jumi var uzlabot iztur\u012bbu, pagarinot cilindra ekspluat\u0101cijas laiku.<\/p>\n<h3>Dro\u0161\u012bbas funkcijas<\/h3>\n<p>Dro\u0161\u012bba ir \u0101rk\u0101rt\u012bgi svar\u012bga hidraulisko cilindru konstrukcij\u0101. T\u0101du funkciju k\u0101 spiediena samazin\u0101\u0161anas v\u0101rstu iek\u013cau\u0161ana var nov\u0113rst p\u0101rslodzi un potenci\u0101li katastrof\u0101las k\u013c\u016bmes. \u0160ie dro\u0161\u012bbas pas\u0101kumi ir b\u016btiski operatoru un iek\u0101rtu aizsardz\u012bbai darb\u012bbas laik\u0101.<\/p>\n<h3>Uzturam\u012bba<\/h3>\n<p>Vienk\u0101r\u0161as apkopes nodro\u0161in\u0101\u0161ana ir \u013coti svar\u012bga, lai samazin\u0101tu d\u012bkst\u0101ves laiku un pagarin\u0101tu iek\u0101rtu kalpo\u0161anas laiku. T\u0101das funkcijas k\u0101 viegli pieejamas e\u013c\u013co\u0161anas vietas e\u013c\u013co\u0161anai un vienk\u0101r\u0161a demont\u0101\u017ea remontam ir b\u016btiski apsv\u0113rumi projekt\u0113\u0161anas proces\u0101.<\/p>\n<p><img decoding=\"async\" src=\"https:\/\/www.hydraulic-cylinders.net\/wp-content\/uploads\/2025\/04\/songte-oil-pipes-and-spare-parts.webp\" alt=\"Hidraulisk\u0101 cilindra rezerves da\u013cu att\u0113ls\"><\/p>\n<h2>Hidraulisk\u0101 cilindra bl\u012bv\u0113\u0161ana un e\u013c\u013co\u0161ana<\/h2>\n<p>Hidraulisko cilindru bl\u012bv\u0113\u0161ana un e\u013c\u013co\u0161ana ir b\u016btiska veiktsp\u0113jas un ilgm\u016b\u017e\u012bbas uztur\u0113\u0161anai. Lai nov\u0113rstu hidraulisk\u0101 \u0161\u0137idruma nopl\u016bdi, tiek izmantoti da\u017e\u0101di bl\u012bv\u0113jumi, tostarp virzu\u013ca bl\u012bv\u0113jumi un stie\u0146a bl\u012bv\u0113jumi. \u0160ie bl\u012bv\u0113jumi parasti ir izgatavoti no iztur\u012bgiem materi\u0101liem, piem\u0113ram, poliuret\u0101na vai nitrila gumijas, kas ir iztur\u012bgi pret nodilumu un berzi. Pareiza bl\u012bv\u0113\u0161anas materi\u0101lu izv\u0113le ir \u013coti svar\u012bga, jo tiem j\u0101iztur ekspluat\u0101cijas apst\u0101k\u013ci un izmantot\u0101 hidraulisk\u0101 \u0161\u0137idruma veids.<\/p>\n<p>Cilindra korpuss un v\u012bt\u0146ot\u0101s gala virsmas tiek pak\u013cautas prec\u012bzai apdares apstr\u0101dei, lai uzlabotu nodilumiztur\u012bbu. Regul\u0101ra e\u013c\u013co\u0161ana ar hidraulisko e\u013c\u013cu ir nepiecie\u0161ama, lai nodro\u0161in\u0101tu vienm\u0113r\u012bgu darb\u012bbu un nov\u0113rstu berzi starp kust\u012bgaj\u0101m da\u013c\u0101m. Tas ietver periodisku hidraulisk\u0101s e\u013c\u013cas papildin\u0101\u0161anu un jebk\u0101du bl\u012bv\u0113juma boj\u0101jumu paz\u012bmju p\u0101rbaudi.<\/p>\n<h2>Regul\u0101ras p\u0101rbaudes un profilaktisk\u0101s apkopes pas\u0101kumi<\/h2>\n<ul>\n<li><strong>Regul\u0101ras p\u0101rbaudes:<\/strong> Regul\u0101ras hidraulisk\u0101 cilindra p\u0101rbaudes var laikus atkl\u0101t nodilumu. Mekl\u0113jiet nopl\u016bdes, korozijas vai fizisku boj\u0101jumu paz\u012bmes. Regul\u0101ras vizu\u0101las p\u0101rbaudes var pal\u012bdz\u0113t izvair\u012bties no nopietn\u0101k\u0101m probl\u0113m\u0101m n\u0101kotn\u0113.<\/li>\n<li><strong>Piem\u0113rota e\u013c\u013co\u0161ana:<\/strong> P\u0101rliecinieties, ka cilindrs vienm\u0113r ir pien\u0101c\u012bgi iee\u013c\u013cots. Tas nov\u0113r\u0161 p\u0101rkar\u0161anu un samazina bl\u012bv\u0113jumu un kust\u012bgo da\u013cu nodilumu. Izmantojiet ieteicamo sm\u0113rvielu un iev\u0113rojiet ra\u017eot\u0101ja nor\u0101d\u012bjumus par interv\u0101liem un daudzumu.<\/li>\n<li><strong>Bl\u012bvju nomai\u0146a:<\/strong> Regul\u0101ri p\u0101rbaudiet un nomainiet bl\u012bves p\u0113c nepiecie\u0161am\u012bbas, lai uztur\u0113tu optim\u0101lu veiktsp\u0113ju. Bl\u012bves laika gait\u0101 var nolietoties, izraisot nopl\u016bdes un samazin\u0101tu efektivit\u0101ti. Rezerves bl\u012bvju kr\u0101jumu uztur\u0113\u0161ana var samazin\u0101t d\u012bkst\u0101ves laiku.<\/li>\n<\/ul>\n<h2>Pareizas uzst\u0101d\u012b\u0161anas vadl\u012bnijas<\/h2>\n<p>Pareiza str\u0113les cilindra uzst\u0101d\u012b\u0161ana ir \u013coti svar\u012bga t\u0101 efekt\u012bvai darb\u012bbai. Vispirms p\u0101rliecinieties, vai visas sast\u0101vda\u013cas ir t\u012bras un bez gru\u017eiem. Prec\u012bzi izl\u012bdziniet cilindru, lai nov\u0113rstu p\u0101rm\u0113r\u012bgu slodzi un bl\u012bv\u0113jumu nodilumu. Ir svar\u012bgi izmantot atbilsto\u0161us mont\u0101\u017eas kron\u0161teinus, lai stingri nostiprin\u0101tu cilindru viet\u0101, nodro\u0161inot stabilit\u0101ti darb\u012bbas laik\u0101.<\/p>\n<p>Uzst\u0101d\u012b\u0161anas laik\u0101 piev\u0113rsiet uzman\u012bbu hidrauliskajiem savienojumiem, p\u0101rliecinoties, ka tie ir cie\u0161i pievilkti un bez nopl\u016bd\u0113m. P\u0113c uzst\u0101d\u012b\u0161anas p\u0101rbaudiet sist\u0113mu, lai p\u0101rliecin\u0101tos, ka cilindrs darbojas nevainojami, bez jebk\u0101diem neparastiem trok\u0161\u0146iem vai nopl\u016bd\u0113m. Regul\u0101ri nov\u0113rt\u0113jiet cilindra izl\u012bdzin\u0101jumu un st\u0101vokli, lai nodro\u0161in\u0101tu nep\u0101rtrauktu darb\u012bbu.<\/p>\n<h2>Bie\u017ei sastopamie apkopes uzdevumi<\/h2>\n<ul>\n<li><strong>Regul\u0101ras p\u0101rbaudes:<\/strong> Ir svar\u012bgi veikt regul\u0101ras p\u0101rbaudes, lai noteiktu nopl\u016bdes, nodilumu un visp\u0101r\u0113jo cilindru st\u0101vokli. Regul\u0101ra uzraudz\u012bba var nov\u0113rst liel\u0101ku probl\u0113mu ra\u0161anos.<\/li>\n<li><strong>E\u013c\u013co\u0161ana:<\/strong> Iev\u0113rojiet atbilsto\u0161u e\u013c\u013co\u0161anas grafiku, lai nodro\u0161in\u0101tu iek\u0161\u0113jo komponentu labu iee\u013c\u013co\u0161anu, samazinot berzi un nodilumu.<\/li>\n<li><strong>Bl\u012bv\u0113juma nomai\u0146a:<\/strong> Nomainiet bl\u012bves p\u0113c nepiecie\u0161am\u012bbas, lai uztur\u0113tu hidraulisk\u0101s sist\u0113mas efektivit\u0101ti. Regul\u0101ra bl\u012bvju apkope var nov\u0113rst nopl\u016bdes un uzlabot veiktsp\u0113ju.<\/li>\n<\/ul>\n<h2>Dro\u0161\u012bbas apsv\u0113rumi un vides faktori<\/h2>\n<p>Str\u0101d\u0101jot ar hidrauliskajiem cilindriem, stingri j\u0101iev\u0113ro dro\u0161\u012bbas pas\u0101kumi. Operatoriem j\u0101b\u016bt apm\u0101c\u012btiem atpaz\u012bt ar hidraulisko apr\u012bkojumu saist\u012btos riskus, tostarp potenci\u0101lus ar spiedienu saist\u012btus savainojumus. Aizsargl\u012bdzek\u013cu lieto\u0161ana, ekspluat\u0101cijas vadl\u012bniju iev\u0113ro\u0161ana un iek\u0101rtu apkope var iev\u0113rojami samazin\u0101t negad\u012bjumu risku. Turkl\u0101t j\u0101\u0146em v\u0113r\u0101 vides faktori, piem\u0113ram, j\u0101nodro\u0161ina hidraulisko \u0161\u0137idrumu pareiza uzglab\u0101\u0161ana un p\u0101rvald\u012bba, lai nov\u0113rstu augsnes un \u016bdens avotu pies\u0101r\u0146o\u0161anu.<\/p>\n<h2>Probl\u0113mu nov\u0113r\u0161ana un bie\u017ei sastopamas probl\u0113mas<\/h2>\n<ul>\n<li><strong>Nopl\u016bdu\u0161as bl\u012bves:<\/strong> \u0160\u012b ir izplat\u012bta probl\u0113ma, kas bie\u017ei rodas nodiluma vai nepareizas uzst\u0101d\u012b\u0161anas d\u0113\u013c. Regul\u0101ras p\u0101rbaudes un savlaic\u012bga bl\u012bv\u0113jumu nomai\u0146a ir b\u016btiska, lai nov\u0113rstu nopl\u016bdes.<\/li>\n<li><strong>Nerea\u0123\u0113jo\u0161s cilindrs:<\/strong> Ja cilindrs nerea\u0123\u0113, tas var liecin\u0101t par zemu hidraulisk\u0101 \u0161\u0137idruma l\u012bmeni vai gaisu sist\u0113m\u0101. P\u0101rbaudiet \u0161\u0137idruma l\u012bmeni un nepiecie\u0161am\u012bbas gad\u012bjum\u0101 atgaisojiet sist\u0113mu.<\/li>\n<li><strong>P\u0101rkar\u0161ana:<\/strong> Tas var notikt, ja e\u013c\u013co\u0161ana ir nepietiekama. P\u0101rliecinieties, vai tiek iev\u0113roti e\u013c\u013co\u0161anas grafiki, un p\u0101rbaudiet, vai hidrauliskaj\u0101 sist\u0113m\u0101 nav aizsprostojumu.<\/li>\n<\/ul>\n<h2>Probl\u0113mu nov\u0113r\u0161anas padomi un risin\u0101jumi<\/h2>\n<p>Lai efekt\u012bvi diagnostic\u0113tu un risin\u0101tu probl\u0113mas ar str\u0113les cilindru, operatoriem j\u0101s\u0101k ar simptomu identific\u0113\u0161anu. Regul\u0101ras apkopes prakses var nov\u0113rst daudzu probl\u0113mu ra\u0161anos, piem\u0113ram, nodro\u0161inot, ka bl\u012bv\u0113jumi ir lab\u0101 st\u0101vokl\u012b un hidraulisk\u0101 \u0161\u0137idruma l\u012bmenis ir atbilsto\u0161\u0101 l\u012bmen\u012b. Nerea\u0123\u0113jo\u0161u darb\u012bbu gad\u012bjum\u0101 p\u0101rbaudiet, vai hidrauliskaj\u0101s l\u012bnij\u0101s nav aizsprostojumu vai gaisa. Lai noteiktu nopl\u016bdes, p\u0101rbaudiet bl\u012bv\u0113jumu un savienojumu integrit\u0101ti. Prevent\u012bvi pas\u0101kumi, piem\u0113ram, organiz\u0113ta apkopes grafika uztur\u0113\u0161ana, var samazin\u0101t iesp\u0113jam\u0101s probl\u0113mas un pagarin\u0101t hidraulisko komponentu kalpo\u0161anas laiku.<\/p>\n<p><img decoding=\"async\" src=\"https:\/\/www.hydraulic-cylinders.net\/wp-content\/uploads\/2025\/04\/songte-bushings-with-all-kinds-of-excavator-models.webp\" alt=\"Ekskavatora bukses att\u0113ls\"><\/p>\n<h2>Uz\u0146\u0113muma p\u0101rskats<\/h2>\n<p>M\u0113s esam ra\u017eot\u0101js, kas specializ\u0113jas rezerves hidraulisko cilindru ra\u017eo\u0161an\u0101, pied\u0101v\u0101jot pla\u0161u produktu kl\u0101stu, kas m\u016bs pozicion\u0113 k\u0101 vienu no vado\u0161ajiem ra\u017eot\u0101jiem un vairumtirgot\u0101jiem gan viet\u0113j\u0101, gan starptautiskaj\u0101 tirg\u016b. M\u016bsu ap\u0146em\u0161an\u0101s sasniegt izcil\u012bbu atspogu\u013cojas m\u016bsu pilnveidotaj\u0101 ra\u017eo\u0161anas darbn\u012bc\u0101 un sistem\u0101tiskaj\u0101s ra\u017eo\u0161anas vad\u012bbas strat\u0113\u0123ij\u0101s. M\u0113s past\u0101v\u012bgi uzlabojam savas ra\u017eo\u0161anas iesp\u0113jas, izmantojot kvalific\u0113tus tehni\u0137us, modernu digit\u0101lo ra\u017eo\u0161anas apr\u012bkojumu un stingras test\u0113\u0161anas sist\u0113mas.<\/p>\n<p>M\u016bsu uz\u0146\u0113mums izce\u013cas ar savu uzman\u012bbu tehnolo\u0123isk\u0101m inov\u0101cij\u0101m, augstiem kvalit\u0101tes standartiem un piel\u0101gotiem risin\u0101jumiem, kas atbilst da\u017e\u0101d\u0101m klientu vajadz\u012bb\u0101m. M\u016bsu ra\u017eo\u0161anas iek\u0101rtas ir apr\u012bkotas ar augstu efektivit\u0101ti, precizit\u0101ti un kvalit\u0101ti, nodro\u0161inot, ka m\u0113s izpild\u0101m m\u016bsu klientu da\u017e\u0101d\u0101s pras\u012bbas, s\u0101kot no specializ\u0113tiem dizainiem l\u012bdz standarta izstr\u0101d\u0101jumiem.<\/p>\n<p><img decoding=\"async\" src=\"https:\/\/www.hydraulic-cylinders.net\/wp-content\/uploads\/2025\/04\/songte-company-4.webp\" alt=\"Uz\u0146\u0113muma att\u0113ls 1\"><br \/>\n<img decoding=\"async\" src=\"https:\/\/www.hydraulic-cylinders.net\/wp-content\/uploads\/2025\/04\/songte-company-3.webp\" alt=\"Uz\u0146\u0113muma att\u0113ls 2\"><\/p>\n<p>Autors: lil<\/p>","protected":false},"excerpt":{"rendered":"<p>Boom Cylinder For XGMA Wheel Excavator XG807W Definition and Overview of Bucket Cylinders The Boom Cylinder is an integral component specifically designed for controlling the movement of buckets in various heavy machinery such as excavators, backhoe loaders, and front loaders. This hydraulic cylinder enables the bucket to lift, lower, and tilt, facilitating efficient material handling [&hellip;]<\/p>","protected":false},"featured_media":17874,"comment_status":"open","ping_status":"closed","template":"","meta":{"_et_pb_use_builder":"","_et_pb_old_content":"","_et_gb_content_width":""},"product_brand":[],"product_cat":[1546],"product_tag":[1547,1496],"class_list":{"0":"post-19324","1":"product","2":"type-product","3":"status-publish","4":"has-post-thumbnail","6":"product_cat-boom-cylinders","7":"product_tag-boom-cylinders","8":"product_tag-hydraulic-cylinders","10":"first","11":"instock","12":"shipping-taxable","13":"product-type-simple"},"amp_enabled":true,"_links":{"self":[{"href":"https:\/\/www.hydraulic-cylinders.net\/lv\/wp-json\/wp\/v2\/product\/19324","targetHints":{"allow":["GET"]}}],"collection":[{"href":"https:\/\/www.hydraulic-cylinders.net\/lv\/wp-json\/wp\/v2\/product"}],"about":[{"href":"https:\/\/www.hydraulic-cylinders.net\/lv\/wp-json\/wp\/v2\/types\/product"}],"replies":[{"embeddable":true,"href":"https:\/\/www.hydraulic-cylinders.net\/lv\/wp-json\/wp\/v2\/comments?post=19324"}],"wp:featuredmedia":[{"embeddable":true,"href":"https:\/\/www.hydraulic-cylinders.net\/lv\/wp-json\/wp\/v2\/media\/17874"}],"wp:attachment":[{"href":"https:\/\/www.hydraulic-cylinders.net\/lv\/wp-json\/wp\/v2\/media?parent=19324"}],"wp:term":[{"taxonomy":"product_brand","embeddable":true,"href":"https:\/\/www.hydraulic-cylinders.net\/lv\/wp-json\/wp\/v2\/product_brand?post=19324"},{"taxonomy":"product_cat","embeddable":true,"href":"https:\/\/www.hydraulic-cylinders.net\/lv\/wp-json\/wp\/v2\/product_cat?post=19324"},{"taxonomy":"product_tag","embeddable":true,"href":"https:\/\/www.hydraulic-cylinders.net\/lv\/wp-json\/wp\/v2\/product_tag?post=19324"}],"curies":[{"name":"wp","href":"https:\/\/api.w.org\/{rel}","templated":true}]}}