{"id":19325,"date":"2025-04-07T06:27:02","date_gmt":"2025-04-07T06:27:02","guid":{"rendered":"https:\/\/www.hydraulic-cylinders.net\/product\/boom-cylinder-for-xgma-wheel-excavator-xg815w\/"},"modified":"2025-04-07T06:27:05","modified_gmt":"2025-04-07T06:27:05","slug":"boom-cylinder-for-xgma-wheel-excavator-xg815w","status":"publish","type":"product","link":"https:\/\/www.hydraulic-cylinders.net\/lv\/products\/boom-cylinder-for-xgma-wheel-excavator-xg815w\/","title":{"rendered":"Str\u0113les cilindrs XGMA rite\u0146u ekskavatoram XG815W"},"content":{"rendered":"<h1>Str\u0113les cilindrs XGMA rite\u0146u ekskavatoram XG815W<\/h1>\n<h2>Ievads str\u0113les cilindr\u0101<\/h2>\n<p>Str\u0113les cilindrs ir b\u016btiska smago ma\u0161\u012bnu sast\u0101vda\u013ca, \u012bpa\u0161i ekskavatoros, univers\u0101lajos iekr\u0101v\u0113jos un front\u0101lajos iekr\u0101v\u0113jos. Tas ir hidraulisk\u0101 cilindra veids, kas \u012bpa\u0161i paredz\u0113ts kausa kust\u012bbas vad\u012bbai, \u013caujot tam pacelt, nolaist un noliekt atbilsto\u0161i nepiecie\u0161am\u012bbai da\u017e\u0101du materi\u0101lu apstr\u0101des uzdevumu veik\u0161anai. \u0160is hidrauliskais cilindrs ir \u013coti svar\u012bgs ekskavatoru efekt\u012bvai darb\u012bbai, jo tas nodro\u0161ina nepiecie\u0161amo sp\u0113ku, lai manipul\u0113tu ar smag\u0101m krav\u0101m un p\u0101rvietotos pa sare\u017e\u0123\u012btu reljefu. Str\u0113les cilindrs darbojas zem augsta spiediena, padarot to par b\u016btisku uzdevumu veik\u0161anai, kuriem nepiecie\u0161ama precizit\u0101te un iztur\u012bba.<\/p>\n<p><img decoding=\"async\" src=\"https:\/\/www.hydraulic-cylinders.net\/wp-content\/uploads\/2025\/04\/songte-company-1.webp\" alt=\"Ekskavatoru str\u0113les cilindrs\"><\/p>\n<h2>Str\u0113les cilindra \u012bpa\u0161\u012bbas<\/h2>\n<ul>\n<li><strong>Augsta iztur\u012bba un ilgm\u016b\u017e\u012bba:<\/strong> Izgatavots no augstas stipr\u012bbas t\u0113rauda vai alum\u012bnija, str\u0113les cilindrs var iztur\u0113t augstu spiedienu un lielas slodzes, padarot to piem\u0113rotu skarbiem darba apst\u0101k\u013ciem. T\u0101 dizains uzsver nodilumiztur\u012bbu un aizsardz\u012bbu pret koroziju, t\u0101d\u0113j\u0101di pagarinot t\u0101 kalpo\u0161anas laiku.<\/li>\n<li><strong>Efekt\u012bva hidraulisk\u0101 darb\u012bba:<\/strong> Cilindrs izmanto hidraulisk\u0101s e\u013c\u013cas spiedienu, lai nodro\u0161in\u0101tu vienm\u0113r\u012bgu izvilk\u0161anu un ievilk\u0161anu, \u013caujot \u0101tri rea\u0123\u0113t uz vad\u012bbas komand\u0101m un nodro\u0161inot sp\u0113c\u012bgu stum\u0161anas un vilk\u0161anas sp\u0113ku, kas ir ide\u0101li piem\u0113rots smagu materi\u0101lu apstr\u0101dei un sare\u017e\u0123\u012btu uzdevumu veik\u0161anai.<\/li>\n<li><strong>Da\u017e\u0101di veidi:<\/strong> Atkar\u012bb\u0101 no ekspluat\u0101cijas vajadz\u012bb\u0101m ir pieejamas vienas darb\u012bbas (hidrauliskais sp\u0113ks vien\u0101 virzien\u0101) vai divk\u0101r\u0161as darb\u012bbas (hidrauliskais sp\u0113ks abos virzienos) cilindri. Da\u017ei mode\u013ci ir teleskopiski, kas \u013cauj tos pagarin\u0101t, nepalielinot \u0101r\u0113jos izm\u0113rus, un ir piem\u0113roti lieto\u0161anai ierobe\u017eot\u0101 telp\u0101.<\/li>\n<\/ul>\n<p>M\u016bsu produkti ir izstr\u0101d\u0101ti, lai perfekti aizst\u0101tu eso\u0161os hidrauliskos cilindrus.<\/p>\n<p><img decoding=\"async\" src=\"https:\/\/www.hydraulic-cylinders.net\/wp-content\/uploads\/2025\/04\/songte-cylinder-head-with-all-kinds-excavator-models.webp\" alt=\"Hidraulisk\u0101 cilindra galva\"><\/p>\n<h2>Lietojumprogrammu scen\u0101riji<\/h2>\n<h3>Celtniec\u012bbas apr\u012bkojums<\/h3>\n<p>Ekskavatoros str\u0113les cilindriem ir iz\u0161\u0137iro\u0161a noz\u012bme augsnes vai gru\u017eu rak\u0161an\u0101, iekrau\u0161an\u0101 un p\u0101rvieto\u0161an\u0101. Tie \u013cauj kausam efekt\u012bvi iek\u013c\u016bt zem\u0113, padarot tos neaizst\u0101jamus b\u016bvlaukumos. Ekskavatoros-iekr\u0101v\u0113jos \u0161ie cilindri pal\u012bdz ne tikai rak\u0161anas darbos, bet ar\u012b materi\u0101lu cel\u0161an\u0101 un p\u0101rvieto\u0161an\u0101, pied\u0101v\u0101jot daudzpus\u012bbu da\u017e\u0101dos b\u016bvniec\u012bbas uzdevumos.<\/p>\n<h3>Lauksaimniec\u012bbas tehnika<\/h3>\n<p>Front\u0101lajos iekr\u0101v\u0113jos str\u0113les cilindri tiek izmantoti augsnes, siena un citu materi\u0101lu sav\u0101k\u0161anai, cel\u0161anai un transport\u0113\u0161anai. To iztur\u012bg\u0101 konstrukcija \u013cauj tiem apstr\u0101d\u0101t iev\u0113rojamas slodzes, kas ir svar\u012bgi lauksaimniec\u012bbas darbos, kur efektivit\u0101te un uzticam\u012bba ir \u0101rk\u0101rt\u012bgi svar\u012bgas.<\/p>\n<h3>Ekskavatori<\/h3>\n<p>Str\u0113les cilindrs \u013cauj kausam efekt\u012bvi iek\u013c\u016bt augsn\u0113, atvieglojot rak\u0161anas darb\u012bbas. \u0160\u012b funkcija ir \u013coti svar\u012bga t\u0101diem darbiem k\u0101 tran\u0161eju rak\u0161ana, vietas sagatavo\u0161ana un citi rak\u0161anas darbi, nodro\u0161inot, ka operatori var efekt\u012bvi veikt savus uzdevumus.<\/p>\n<h3>Iekr\u0101v\u0113ji<\/h3>\n<p>Front\u0101lajos iekr\u0101v\u0113jos str\u0113les cilindri pal\u012bdz efekt\u012bvi pacelt un izkraut kravas. To hidraulisk\u0101 jauda \u013cauj operatoriem viegli p\u0101rvald\u012bt smagas kravas, uzlabojot produktivit\u0101ti darba viet\u0101s, kur nepiecie\u0161ama \u0101tra materi\u0101lu apstr\u0101de.<\/p>\n<h2>Projekt\u0113\u0161anas apsv\u0113rumi un atlases standarti<\/h2>\n<h3>Kravnes\u012bba<\/h3>\n<p>Str\u0113les cilindra kravnes\u012bba ir kritisks faktors t\u0101 konstrukcij\u0101, jo tam j\u0101sp\u0113j iztur\u0113t apstr\u0101d\u0101jamo materi\u0101lu svaru, nerisk\u0113jot to saboj\u0101t. Ra\u017eot\u0101ji bie\u017ei veic stingrus testus, lai p\u0101rliecin\u0101tos, ka vi\u0146u cilindri var dro\u0161i iztur\u0113t noteikt\u0101s slodzes.<\/p>\n<h3>Bl\u012bv\u0113juma integrit\u0101te<\/h3>\n<p>Efekt\u012bva bl\u012bv\u0113\u0161ana ir \u013coti svar\u012bga, lai nov\u0113rstu hidraulisk\u0101 \u0161\u0137idruma nopl\u016bdes, kas var samazin\u0101t efektivit\u0101ti un rad\u012bt potenci\u0101lus apdraud\u0113jumus. Labi izstr\u0101d\u0101t\u0101 str\u0113les cilindr\u0101 ir iestr\u0101d\u0101ti augstas kvalit\u0101tes bl\u012bv\u0113jumi, kas izgatavoti no iztur\u012bgiem materi\u0101liem, nodro\u0161inot ilgtermi\u0146a veiktsp\u0113ju un uzticam\u012bbu.<\/p>\n<h3>Iztur\u012bba<\/h3>\n<p>Iztur\u012bba ir galvenais dizaina apsv\u0113rums, jo str\u0113les cilindri bie\u017ei tiek pak\u013cauti skarbiem apst\u0101k\u013ciem. Ra\u017eot\u0101ji izmanto augstas kvalit\u0101tes materi\u0101lus un progres\u012bvas konstrukcijas metodes, lai uzlabotu iztur\u012bbu pret nodilumu un koroziju, pagarinot produkta kalpo\u0161anas laiku.<\/p>\n<h3>Dro\u0161\u012bba<\/h3>\n<p>Dro\u0161\u012bbas funkcijas ir \u0101rk\u0101rt\u012bgi svar\u012bgas str\u0113les cilindru konstrukcij\u0101. T\u0101s var ietvert spiediena samazin\u0101\u0161anas v\u0101rstus un dro\u0161\u012bbas ier\u012bces, kas nodro\u0161ina sist\u0113mas darb\u012bbu dro\u0161os parametros, nov\u0113r\u0161ot negad\u012bjumus darb\u012bbas laik\u0101.<\/p>\n<h3>Apkopes pieejam\u012bba<\/h3>\n<p>Str\u0113les cilindru projekt\u0113\u0161ana, \u0146emot v\u0113r\u0101 apkopi, ir \u013coti svar\u012bga, lai nodro\u0161in\u0101tu ilgm\u016b\u017e\u012bbu. Pieejamas deta\u013cas atvieglo p\u0101rbaudes, remontu un deta\u013cu nomai\u0146u, t\u0101d\u0113j\u0101di samazinot tehnikas d\u012bkst\u0101ves laiku.<\/p>\n<p><img decoding=\"async\" src=\"https:\/\/www.hydraulic-cylinders.net\/wp-content\/uploads\/2025\/04\/songte-oil-pipes-and-spare-parts.webp\" alt=\"E\u013c\u013cas caurules un rezerves da\u013cas\"><\/p>\n<h2>Bl\u012bv\u0113\u0161ana un e\u013c\u013co\u0161ana<\/h2>\n<p>Pareiza bl\u012bv\u0113\u0161ana un e\u013c\u013co\u0161ana ir b\u016btiska str\u0113les cilindru efekt\u012bvai darb\u012bbai. Lai nodro\u0161in\u0101tu herm\u0113tisku bl\u012bv\u0113jumu un nov\u0113rstu hidraulisk\u0101 \u0161\u0137idruma nopl\u016bdes, tiek izmantoti da\u017e\u0101di bl\u012bv\u0113\u0161anas komponenti, piem\u0113ram, virzu\u013ca bl\u012bves un stie\u0146a bl\u012bves. Ra\u017eot\u0101ji bl\u012bv\u0113m bie\u017ei izmanto poliuret\u0101na vai nitrila gumiju to nodilumiztur\u012bbas un ilgm\u016b\u017e\u012bbas d\u0113\u013c. Cilindra korpuss un v\u012bt\u0146otie gali ir smalki apstr\u0101d\u0101ti, lai uzlabotu nodilumiztur\u012bbu, kas ir \u013coti svar\u012bgi ilgsto\u0161ai lieto\u0161anai. Lai uztur\u0113tu vienm\u0113r\u012bgu darb\u012bbu un nov\u0113rstu nodilumu, ir nepiecie\u0161ama regul\u0101ra e\u013c\u013co\u0161ana ar hidraulisko e\u013c\u013cu.<\/p>\n<h2>Regul\u0101ra p\u0101rbaude un profilaktisk\u0101 apkope<\/h2>\n<ul>\n<li><strong>Regul\u0101ras p\u0101rbaudes:<\/strong> Regul\u0101ri p\u0101rbaudiet, vai nav nodiluma paz\u012bmju, nopl\u016b\u017eu vai boj\u0101jumu. \u0160o probl\u0113mu agr\u012bna atkl\u0101\u0161ana var nov\u0113rst nopietn\u0101kas probl\u0113mas un d\u0101rgus remontdarbus.<\/li>\n<li><strong>Piem\u0113rota e\u013c\u013co\u0161ana:<\/strong> P\u0101rliecinieties, ka hidraulisk\u0101s e\u013c\u013cas l\u012bmenis ir pietiekams un e\u013c\u013ca ir t\u012bra. Tas nov\u0113r\u0161 berzi un paildzina cilindra kalpo\u0161anas laiku.<\/li>\n<li><strong>Bl\u012bv\u0113juma nomai\u0146a:<\/strong> Regul\u0101ri p\u0101rbaudiet bl\u012bves, vai t\u0101s nav nolietoju\u0161\u0101s, un nomainiet t\u0101s p\u0113c nepiecie\u0161am\u012bbas, lai saglab\u0101tu hidraulisko efektivit\u0101ti un nov\u0113rstu nopl\u016bdes.<\/li>\n<\/ul>\n<h2>Uzst\u0101d\u012b\u0161anas vadl\u012bnijas<\/h2>\n<p>Pareiza str\u0113les cilindra uzst\u0101d\u012b\u0161ana ir \u013coti svar\u012bga optim\u0101lai veiktsp\u0113jai. Vispirms p\u0101rliecinieties, vai darba zona ir t\u012bra un bez gru\u017eiem. Pareizi izl\u012bdziniet cilindru un izmantojiet atbilsto\u0161us stiprin\u0101juma kron\u0161teinus, lai to nostiprin\u0101tu viet\u0101. P\u0101rliecinieties, vai visi hidrauliskie savienojumi ir cie\u0161i un bez nopl\u016bd\u0113m. P\u0113c uzst\u0101d\u012b\u0161anas veiciet darb\u012bbas p\u0101rbaudi, lai p\u0101rliecin\u0101tos, ka cilindrs darbojas nevainojami un efekt\u012bvi. Regul\u0101ri uzraugiet uzst\u0101d\u012b\u0161anu, vai nav nek\u0101du nepareizas izl\u012bdzin\u0101\u0161anas vai nodiluma paz\u012bmju.<\/p>\n<h2>Bie\u017ei sastopamie apkopes uzdevumi<\/h2>\n<ul>\n<li><strong>Regul\u0101ras p\u0101rbaudes:<\/strong> Veiciet regul\u0101ras p\u0101rbaudes, lai laikus noteiktu nodilumu vai boj\u0101jumus. \u0160\u012b proakt\u012bv\u0101 pieeja pal\u012bdz uztur\u0113t cilindra darb\u012bbas integrit\u0101ti.<\/li>\n<li><strong>Pareiza e\u013c\u013co\u0161ana:<\/strong> Uztur\u0113t hidraulisk\u0101s e\u013c\u013cas l\u012bmeni un nodro\u0161in\u0101t e\u013c\u013cas t\u012br\u012bbu. Pareiza e\u013c\u013co\u0161ana samazina nodilumu un uzlabo veiktsp\u0113ju.<\/li>\n<li><strong>Bl\u012bv\u0113juma nomai\u0146as un kalibr\u0113\u0161anas p\u0101rbaudes:<\/strong> Periodiski nov\u0113rt\u0113jiet bl\u012bv\u0113jumu st\u0101vokli un nomainiet tos, ja nepiecie\u0161ams, lai nov\u0113rstu nopl\u016bdes. Regul\u0101ra kalibr\u0113\u0161ana nodro\u0161ina, ka cilindrs darbojas atbilsto\u0161i paredz\u0113tajiem parametriem.<\/li>\n<\/ul>\n<h2>Dro\u0161\u012bbas apsv\u0113rumi un vides faktori<\/h2>\n<p>Izmantojot str\u0113les cilindrus, ir svar\u012bgi priorit\u0101ti pie\u0161\u0137irt dro\u0161\u012bbai. P\u0101rliecinieties, ka visi operatori ir apm\u0101c\u012bti dro\u0161as lieto\u0161anas praks\u0113 un izprot ar hidrauliskaj\u0101m sist\u0113m\u0101m saist\u012btos riskus. Dro\u0161\u012bbas pas\u0101kumu ievie\u0161ana, piem\u0113ram, aizsargl\u012bdzek\u013cu valk\u0101\u0161ana un regul\u0101ru dro\u0161\u012bbas auditu veik\u0161ana, pal\u012bdz samazin\u0101t negad\u012bjumu un traumu skaitu.<\/p>\n<h2>K\u013c\u016bmju diagnostika un bie\u017e\u0101k sastopam\u0101s probl\u0113mas<\/h2>\n<ul>\n<li><strong>Hidraulisk\u0101s nopl\u016bdes:<\/strong> Bie\u017ei sastopamas probl\u0113mas ir nopl\u016bdes bl\u012bv\u0113juma viet\u0101s, kas var samazin\u0101t veiktsp\u0113ju. Regul\u0101ri p\u0101rbaudiet bl\u012bves, vai nav nodiluma paz\u012bmju.<\/li>\n<li><strong>L\u0113na kust\u012bba:<\/strong> Ja cilindrs darbojas l\u0113ni, tas var liecin\u0101t par zemu hidraulisk\u0101 \u0161\u0137idruma l\u012bmeni vai gaisu sist\u0113m\u0101. P\u0101rbaudiet \u0161\u0137idruma l\u012bmeni un nepiecie\u0161am\u012bbas gad\u012bjum\u0101 atgaisojiet sist\u0113mu.<\/li>\n<li><strong>Neparastas ska\u0146as:<\/strong> Trok\u0161\u0146i darb\u012bbas laik\u0101 var liecin\u0101t par iek\u0161\u0113jiem boj\u0101jumiem vai nepietiekamu e\u013c\u013co\u0161anu. Izp\u0113tiet visas neparast\u0101s ska\u0146as un nekav\u0113joties nov\u0113rsiet t\u0101s.<\/li>\n<\/ul>\n<h2>Probl\u0113mu nov\u0113r\u0161anas padomi<\/h2>\n<p>Lai efekt\u012bvi diagnostic\u0113tu un nov\u0113rstu probl\u0113mas ar str\u0113les cilindriem, s\u0101ciet ar simptomu nov\u0113ro\u0161anu. Savlaic\u012bga nopl\u016b\u017eu nov\u0113r\u0161ana var nov\u0113rst turpm\u0101kus boj\u0101jumus un samazin\u0101t ekspluat\u0101cijas izmaksas. Regul\u0101ra apkope, tostarp bl\u012bv\u0113jumu un e\u013c\u013co\u0161anas p\u0101rbaude, var nov\u0113rst daudzu izplat\u012btu probl\u0113mu ra\u0161anos.<\/p>\n<p><img decoding=\"async\" src=\"https:\/\/www.hydraulic-cylinders.net\/wp-content\/uploads\/2025\/04\/songte-bushings-with-all-kinds-of-excavator-models.webp\" alt=\"Ekskavatoru bukses\"><\/p>\n<h2>Par m\u016bsu uz\u0146\u0113mumu<\/h2>\n<p>M\u0113s esam vado\u0161ais rezerves hidraulisko cilindru ra\u017eot\u0101js, pied\u0101v\u0101jot pla\u0161u produktu kl\u0101stu, kas m\u016bs pozicion\u0113 k\u0101 l\u012bderus gan viet\u0113j\u0101, gan starptautiskaj\u0101 tirg\u016b. M\u016bsu ap\u0146em\u0161anos nodro\u0161in\u0101t izcilu kvalit\u0101ti atbalsta izsmalcin\u0101ta ra\u017eo\u0161anas strat\u0113\u0123ija un koncentr\u0113\u0161an\u0101s uz augstas precizit\u0101tes ra\u017eo\u0161anas vad\u012bbu. Izmantojot kvalific\u0113tu tehnisko person\u0101lu, modernu digit\u0101lo ra\u017eo\u0161anas apr\u012bkojumu un profesion\u0101las test\u0113\u0161anas sist\u0113mas, m\u0113s nep\u0101rtraukti uzlabojam savas ra\u017eo\u0161anas iesp\u0113jas. M\u016bsu efekt\u012bv\u0101, prec\u012bz\u0101 un augstas kvalit\u0101tes pieeja \u013cauj mums efekt\u012bvi apmierin\u0101t da\u017e\u0101das klientu vajadz\u012bbas.<\/p>\n<p><img decoding=\"async\" src=\"https:\/\/www.hydraulic-cylinders.net\/wp-content\/uploads\/2025\/04\/songte-company-4.webp\" alt=\"Uz\u0146\u0113muma p\u0101rskats\"><br \/>\n<img decoding=\"async\" src=\"https:\/\/www.hydraulic-cylinders.net\/wp-content\/uploads\/2025\/04\/songte-company-3.webp\" alt=\"Ra\u017eo\u0161anas iek\u0101rta\"><\/p>\n<p>Autors: lil<\/p>","protected":false},"excerpt":{"rendered":"<p>Boom Cylinder For XGMA Wheel Excavator XG815W Introduction to Boom Cylinder The boom cylinder is a vital component of heavy machinery, particularly in excavators, backhoe loaders, and front loaders. It is a type of hydraulic cylinder specifically designed to control the movement of the bucket, allowing it to lift, lower, and tilt as needed for [&hellip;]<\/p>","protected":false},"featured_media":17875,"comment_status":"open","ping_status":"closed","template":"","meta":{"_et_pb_use_builder":"","_et_pb_old_content":"","_et_gb_content_width":""},"product_brand":[],"product_cat":[1546],"product_tag":[1547,1496],"class_list":{"0":"post-19325","1":"product","2":"type-product","3":"status-publish","4":"has-post-thumbnail","6":"product_cat-boom-cylinders","7":"product_tag-boom-cylinders","8":"product_tag-hydraulic-cylinders","10":"first","11":"instock","12":"shipping-taxable","13":"product-type-simple"},"amp_enabled":true,"_links":{"self":[{"href":"https:\/\/www.hydraulic-cylinders.net\/lv\/wp-json\/wp\/v2\/product\/19325","targetHints":{"allow":["GET"]}}],"collection":[{"href":"https:\/\/www.hydraulic-cylinders.net\/lv\/wp-json\/wp\/v2\/product"}],"about":[{"href":"https:\/\/www.hydraulic-cylinders.net\/lv\/wp-json\/wp\/v2\/types\/product"}],"replies":[{"embeddable":true,"href":"https:\/\/www.hydraulic-cylinders.net\/lv\/wp-json\/wp\/v2\/comments?post=19325"}],"wp:featuredmedia":[{"embeddable":true,"href":"https:\/\/www.hydraulic-cylinders.net\/lv\/wp-json\/wp\/v2\/media\/17875"}],"wp:attachment":[{"href":"https:\/\/www.hydraulic-cylinders.net\/lv\/wp-json\/wp\/v2\/media?parent=19325"}],"wp:term":[{"taxonomy":"product_brand","embeddable":true,"href":"https:\/\/www.hydraulic-cylinders.net\/lv\/wp-json\/wp\/v2\/product_brand?post=19325"},{"taxonomy":"product_cat","embeddable":true,"href":"https:\/\/www.hydraulic-cylinders.net\/lv\/wp-json\/wp\/v2\/product_cat?post=19325"},{"taxonomy":"product_tag","embeddable":true,"href":"https:\/\/www.hydraulic-cylinders.net\/lv\/wp-json\/wp\/v2\/product_tag?post=19325"}],"curies":[{"name":"wp","href":"https:\/\/api.w.org\/{rel}","templated":true}]}}