{"id":19327,"date":"2025-04-07T06:27:07","date_gmt":"2025-04-07T06:27:07","guid":{"rendered":"https:\/\/www.hydraulic-cylinders.net\/product\/boom-cylinder-for-lonking-small-excavator-lg6075\/"},"modified":"2025-04-07T06:27:09","modified_gmt":"2025-04-07T06:27:09","slug":"boom-cylinder-for-lonking-small-excavator-lg6075","status":"publish","type":"product","link":"https:\/\/www.hydraulic-cylinders.net\/lv\/products\/boom-cylinder-for-lonking-small-excavator-lg6075\/","title":{"rendered":"Str\u0113les cilindrs Lonking mazajam ekskavatoram LG6075"},"content":{"rendered":"<h1>Str\u0113les cilindrs Lonking mazajam ekskavatoram LG6075<\/h1>\n<h2>Produkta p\u0101rskats<\/h2>\n<p>Lonking maz\u0101 ekskavatora LG6075 str\u0113les cilindrs ir svar\u012bga hidrauliska sast\u0101vda\u013ca, kas paredz\u0113ta ekskavatora str\u0113les kust\u012bbas vad\u012bbai. \u0160is hidrauliskais cilindrs \u013cauj str\u0113li pacelt, nolaist un noliekt, atvieglojot efekt\u012bvus materi\u0101lu apstr\u0101des darbus. K\u0101 specializ\u0113ts hidrauliskais cilindrs tam ir b\u016btiska loma da\u017e\u0101d\u0101s smagaj\u0101s ma\u0161\u012bn\u0101s, piem\u0113ram, ekskavatoros, ekskavatoros-iekr\u0101v\u0113jos un front\u0101lajos iekr\u0101v\u0113jos, nodro\u0161inot prec\u012bzas un sp\u0113c\u012bgas kust\u012bbas. Str\u0113les cilindra pareiza darb\u012bba ir \u013coti svar\u012bga, lai maksim\u0101li palielin\u0101tu celtniec\u012bbas tehnikas ekspluat\u0101cijas iesp\u0113jas, nodro\u0161inot vienm\u0113r\u012bgu un efekt\u012bvu materi\u0101lu rak\u0161anu, iekrau\u0161anu un transport\u0113\u0161anu.<\/p>\n<p><img decoding=\"async\" src=\"https:\/\/www.hydraulic-cylinders.net\/wp-content\/uploads\/2025\/04\/songte-company-1.webp\" alt=\"Str\u0113les cilindrs\" \/><\/p>\n<h2>Str\u0113les cilindra \u012bpa\u0161\u012bbas<\/h2>\n<ul>\n<li>\n<h3>Augsta iztur\u012bba un ilgm\u016b\u017e\u012bba<\/h3>\n<p>Parasti no augstas stipr\u012bbas t\u0113rauda vai alum\u012bnija izgatavotais str\u0113les cilindrs var iztur\u0113t augstu spiedienu un lielas slodzes, padarot to piem\u0113rotu skarbiem darba apst\u0101k\u013ciem. Tas ir izstr\u0101d\u0101ts, \u0146emot v\u0113r\u0101 nodilumiztur\u012bbu un aizsardz\u012bbu pret koroziju, nodro\u0161inot ilg\u0101ku kalpo\u0161anas laiku.<\/li>\n<li>\n<h3>Efekt\u012bva hidraulisk\u0101 darb\u012bba<\/h3>\n<p>Izmantojot hidraulisk\u0101s e\u013c\u013cas spiedienu, str\u0113les cilindrs veic vienm\u0113r\u012bgas izstiep\u0161anas un ievilk\u0161anas darb\u012bbas. Tas \u0101tri rea\u0123\u0113 uz vad\u012bbas komand\u0101m, nodro\u0161inot jaud\u012bgu stum\u0161anas un vilk\u0161anas sp\u0113ku, kas ir ide\u0101li piem\u0113rots smagu priek\u0161metu apstr\u0101dei un sare\u017e\u0123\u012btu uzdevumu veik\u0161anai.<\/li>\n<li>\n<h3>Da\u017e\u0101di veidi<\/h3>\n<p>Pieejams gan vienas darb\u012bbas (hidrauliski tiek izmantota vien\u0101 virzien\u0101), gan divk\u0101r\u0161as darb\u012bbas (hidrauliski tiek izmantota abos virzienos) konfigur\u0101cij\u0101s, str\u0113les cilindrs var apmierin\u0101t da\u017e\u0101das ekspluat\u0101cijas vajadz\u012bbas. Da\u017ei mode\u013ci ir teleskopiski, kas \u013cauj veikt liel\u0101ku pagarin\u0101jumu, nepalielinot \u0101r\u0113jos izm\u0113rus, padarot tos piem\u0113rotus lietojumiem ar ierobe\u017eotu vietu.<\/li>\n<li>\n<h3>Piel\u0101gojamas opcijas<\/h3>\n<p>M\u0113s ra\u017eojam \u0161o produktu ar precizit\u0101ti, nodro\u0161inot, ka m\u016bsu str\u0113les cilindri var perfekti aizst\u0101t eso\u0161os hidrauliskos cilindrus j\u016bsu iek\u0101rt\u0101s, nodro\u0161inot nevainojamu sader\u012bbu un veiktsp\u0113ju.<\/li>\n<li>\n<h3>Kvalit\u0101tes nodro\u0161in\u0101\u0161ana<\/h3>\n<p>M\u016bsu str\u0113les cilindri ra\u017eo\u0161anas laik\u0101 tiek pak\u013cauti stingr\u0101m kvalit\u0101tes p\u0101rbaud\u0113m, lai nodro\u0161in\u0101tu to atbilst\u012bbu nozares standartiem un specifik\u0101cij\u0101m attiec\u012bb\u0101 uz dro\u0161\u012bbu un uzticam\u012bbu.<\/li>\n<\/ul>\n<p><img decoding=\"async\" src=\"https:\/\/www.hydraulic-cylinders.net\/wp-content\/uploads\/2025\/04\/songte-cylinder-head-with-all-kinds-excavator-models.webp\" alt=\"Hidraulisko cilindru mode\u013ci\" \/><\/p>\n<h2>Str\u0113les cilindra pielietojumi<\/h2>\n<h3>Celtniec\u012bbas apr\u012bkojums<\/h3>\n<p>B\u016bvniec\u012bbas ma\u0161\u012bn\u0101s, piem\u0113ram, ekskavatoros, str\u0113les cilindrs ir \u013coti svar\u012bgs efekt\u012bvai augsnes vai gru\u017eu rak\u0161anai, iekrau\u0161anai un p\u0101rvieto\u0161anai. Tas \u013cauj operatoram manevr\u0113t str\u0113li da\u017e\u0101dos le\u0146\u0137os, optimiz\u0113jot iek\u0101rtas iesp\u0113jas da\u017e\u0101diem uzdevumiem. Ekskavatoros-iekr\u0101v\u0113jos str\u0113les cilindrs atbalsta gan rak\u0161anas, gan cel\u0161anas darb\u012bbas, uzlabojot produktivit\u0101ti b\u016bvlaukumos.<\/p>\n<h3>Lauksaimniec\u012bbas tehnika<\/h3>\n<p>Lauksaimniec\u012bbas darbos front\u0101lie iekr\u0101v\u0113ji izmanto str\u0113les cilindrus, lai paceltu, paceltu un transport\u0113tu augsni, sienu un citus materi\u0101lus. Sp\u0113ja kontrol\u0113t str\u0113les poz\u012bciju \u013cauj lauksaimniekiem efekt\u012bvi p\u0101rvald\u012bt savas kravas, uzlabojot darb\u012bbas efektivit\u0101ti.<\/p>\n<h3>Ekskavatori<\/h3>\n<p>Ekskavatoros str\u0113les cilindrs \u013cauj kausam iek\u013c\u016bt zem\u0113 rak\u0161anas darbu laik\u0101. \u0160\u012b funkcionalit\u0101te uzlabo ekskavatora sp\u0113ju veikt t\u0101dus uzdevumus k\u0101 tran\u0161eju rak\u0161ana un pamatu darbi, padarot to par neaizst\u0101jamu instrumentu b\u016bvniec\u012bb\u0101.<\/p>\n<h3>Iekr\u0101v\u0113ji<\/h3>\n<p>Front\u0101lajos iekr\u0101v\u0113jos str\u0113les cilindrs veicina efekt\u012bvu kravu pacel\u0161anu un izg\u0101\u0161anu. \u0160\u012b hidraulisk\u0101 sast\u0101vda\u013ca nodro\u0161ina, ka operators var viegli p\u0101rvald\u012bt smagus materi\u0101lus, optimiz\u0113jot darbpl\u016bsmu un samazinot fizisko slodzi tehnikas operatoriem.<\/p>\n<h2>Dizaina apsv\u0113rumi un atlases krit\u0113riji<\/h2>\n<h3>Kravnes\u012bba<\/h3>\n<p>Izv\u0113loties str\u0113les cilindru, \u0101rk\u0101rt\u012bgi svar\u012bgi ir izprast t\u0101 kravnes\u012bbu. Cilindram j\u0101sp\u0113j iztur\u0113t maksim\u0101lo svaru, kas tiks rad\u012bts darb\u012bbas laik\u0101. Cilindrs ar nepietiekamu kravnes\u012bbu var izrais\u012bt katastrof\u0101lus boj\u0101jumus, apdraudot operatorus un saboj\u0101jot apr\u012bkojumu.<\/p>\n<h3>Bl\u012bv\u0113\u0161anas \u012bpa\u0161\u012bbas<\/h3>\n<p>Efekt\u012bva bl\u012bv\u0113\u0161ana ir \u013coti svar\u012bga, lai nov\u0113rstu hidraulisk\u0101 \u0161\u0137idruma nopl\u016bdes un nodro\u0161in\u0101tu optim\u0101lu funkcionalit\u0101ti. J\u0101izv\u0113las augstas kvalit\u0101tes bl\u012bves, kas izgatavotas no iztur\u012bgiem materi\u0101liem, lai t\u0101s iztur\u0113tu str\u0113les cilindra darba spiedienu un vides apst\u0101k\u013cus.<\/p>\n<h3>Iztur\u012bba<\/h3>\n<p>Iztur\u012bba ir galvenais faktors, apsverot str\u0113les cilindra konstrukciju. Izmantotajiem materi\u0101liem j\u0101b\u016bt iztur\u012bgiem pret nodilumu un koroziju, pagarinot cilindra kalpo\u0161anas laiku un samazinot apkopes izmaksas. Regul\u0101ra cilindra st\u0101vok\u013ca nov\u0113rt\u0113\u0161ana var pal\u012bdz\u0113t noteikt nolieto\u0161an\u0101s paz\u012bmes, pirms t\u0101s noved pie boj\u0101juma.<\/p>\n<h3>Dro\u0161\u012bbas funkcijas<\/h3>\n<p>Dro\u0161\u012bba vienm\u0113r ir priorit\u0101te, run\u0101jot par hidrauliskajiem cilindriem. Konstrukcij\u0101 j\u0101iek\u013cauj dro\u0161\u012bbas meh\u0101nismi, kas nov\u0113r\u0161 nejau\u0161u str\u0113les p\u0101rstiep\u0161anos vai nekontrol\u0113tas kust\u012bbas. Operatoriem j\u0101b\u016bt apm\u0101c\u012btiem atpaz\u012bt iesp\u0113jamos apdraud\u0113jumus un izprast dro\u0161\u012bbas protokolu iev\u0113ro\u0161anas noz\u012bmi.<\/p>\n<h3>Apkopes pieejam\u012bba<\/h3>\n<p>Visbeidzot, str\u0113les cilindra konstrukcij\u0101 j\u0101\u0146em v\u0113r\u0101 pieejam\u012bba apkopes veik\u0161anai. Funkcijas, kas uzlabo apkopi, piem\u0113ram, pieejamas e\u013c\u013co\u0161anas vietas un nomain\u0101mas bl\u012bves, var iev\u0113rojami samazin\u0101t d\u012bkst\u0101ves laiku un pagarin\u0101t cilindra kalpo\u0161anas laiku.<\/p>\n<p><img decoding=\"async\" src=\"https:\/\/www.hydraulic-cylinders.net\/wp-content\/uploads\/2025\/04\/songte-oil-pipes-and-spare-parts.webp\" alt=\"Hidraulisk\u0101s da\u013cas\" \/><\/p>\n<h2>Bl\u012bv\u0113\u0161ana un e\u013c\u013co\u0161ana<\/h2>\n<p>Pareiza bl\u012bv\u0113\u0161ana un e\u013c\u013co\u0161ana ir b\u016btiska str\u0113les cilindru ilgsto\u0161ai darb\u012bbai. Lai nov\u0113rstu hidraulisk\u0101 \u0161\u0137idruma nopl\u016bdi, tiek izmantoti da\u017e\u0101di bl\u012bv\u0113\u0161anas komponenti, piem\u0113ram, virzu\u013ca bl\u012bv\u0113jumi un stie\u0146a bl\u012bv\u0113jumi. Bl\u012bv\u0113jumi, kas izgatavoti no t\u0101diem materi\u0101liem k\u0101 poliuret\u0101ns un nitrilgumija, nodro\u0161ina izcilu iztur\u012bbu pret nodilumu, uzlabojot kalpo\u0161anas laiku.<\/p>\n<p>Cilindra korpuss un v\u012bt\u0146ot\u0101s gala virsmas ir smalki apstr\u0101d\u0101tas, lai uzlabotu nodilumiztur\u012bbu, nodro\u0161inot dro\u0161u piegul\u0161anu un ilgsto\u0161u darb\u012bbu. Regul\u0101ra e\u013c\u013co\u0161ana ar atbilsto\u0161u hidraulisko e\u013c\u013cu ir \u013coti svar\u012bga, lai saglab\u0101tu cilindra efektivit\u0101ti un samazin\u0101tu berzi starp kust\u012bgaj\u0101m da\u013c\u0101m. \u0160\u012b apkopes prakse pal\u012bdz nov\u0113rst nodilumu, pagarinot str\u0113les cilindra kop\u0113jo kalpo\u0161anas laiku.<\/p>\n<h2>Regul\u0101ra p\u0101rbaude un profilaktisk\u0101 apkope<\/h2>\n<ul>\n<li>\n<h3>Regul\u0101ras p\u0101rbaudes<\/h3>\n<p>Regul\u0101ri p\u0101rbaudiet, vai str\u0113les cilindram nav nodiluma vai boj\u0101jumu. Nopl\u016b\u017eu, plaisu vai korozijas paz\u012bmju p\u0101rbaude var pal\u012bdz\u0113t nov\u0113rst negaid\u012btus boj\u0101jumus darb\u012bbas laik\u0101.<\/li>\n<li>\n<h3>Pareiza e\u013c\u013co\u0161ana<\/h3>\n<p>P\u0101rliecinieties, vai str\u0113les cilindrs ir pietiekami iee\u013c\u013cots ar hidraulisko e\u013c\u013cu. Ra\u017eot\u0101ja ieteikumu iev\u0113ro\u0161ana attiec\u012bb\u0101 uz e\u013c\u013co\u0161anas interv\u0101liem ir \u013coti svar\u012bga, lai uztur\u0113tu optim\u0101lu veiktsp\u0113ju.<\/li>\n<li>\n<h3>Bl\u012bv\u0113juma nomai\u0146a<\/h3>\n<p>Regul\u0101ri nomainiet bl\u012bves, lai nov\u0113rstu hidraulisk\u0101 \u0161\u0137idruma nopl\u016bdes un uztur\u0113tu cilindra efektivit\u0101ti. \u0160is uzdevums ir b\u016btisks, lai pagarin\u0101tu cilindra kalpo\u0161anas laiku un nodro\u0161in\u0101tu dro\u0161\u012bbu ekspluat\u0101cijas laik\u0101.<\/li>\n<\/ul>\n<h2>Instal\u0101cijas rokasgr\u0101mata<\/h2>\n<p>Str\u0113les cilindra uzst\u0101d\u012b\u0161ana prasa r\u016bp\u012bgu uzman\u012bbu, lai nodro\u0161in\u0101tu pareizu izl\u012bdzin\u0101\u0161anu un funkcionalit\u0101ti. Vispirms p\u0101rliecinieties, vai visas mont\u0101\u017eas virsmas ir t\u012bras un bez gru\u017eiem. Izl\u012bdziniet cilindru ar ekskavatora stiprin\u0101juma punktiem, izmantojot atbilsto\u0161us stiprin\u0101juma kron\u0161teinus, lai to nostiprin\u0101tu viet\u0101.<\/p>\n<p>Uzst\u0101d\u012b\u0161anas laik\u0101 p\u0101rliecinieties, vai hidraulisk\u0101s l\u012bnijas ir pareizi pievienotas, bez loc\u012bjumiem vai sav\u0113rpumiem. P\u0113c cilindra nostiprin\u0101\u0161anas atgaisojiet hidraulisko sist\u0113mu, lai izvad\u012btu no l\u012bnij\u0101m iesprostoto gaisu. Pirms iek\u0101rtas atk\u0101rtotas nodo\u0161anas ekspluat\u0101cij\u0101 p\u0101rliecinieties, vai cilindrs darbojas nevainojami, un skatiet ra\u017eot\u0101ja rokasgr\u0101matu, lai ieg\u016btu konkr\u0113tus uzst\u0101d\u012b\u0161anas nor\u0101d\u012bjumus.<\/p>\n<h2>Bie\u017ei sastopamie apkopes uzdevumi<\/h2>\n<ul>\n<li>\n<h3>Regul\u0101ras p\u0101rbaudes<\/h3>\n<p>Veiciet regul\u0101ras str\u0113les cilindra p\u0101rbaudes, lai p\u0101rbaud\u012btu nodilumu, nopl\u016bdes un pareizu darb\u012bbu. Probl\u0113mu agr\u012bna atkl\u0101\u0161ana var nov\u0113rst d\u0101rgus remontdarbus un d\u012bkst\u0101ves.<\/li>\n<li>\n<h3>Piem\u0113rota e\u013c\u013co\u0161ana<\/h3>\n<p>Lai uztur\u0113tu veiktsp\u0113ju un samazin\u0101tu nodilumu, regul\u0101ri nodro\u0161iniet, lai cilindrs tiktu iee\u013c\u013cots ar pareizo hidraulisko e\u013c\u013cu. Pareiza e\u013c\u013co\u0161ana ir \u013coti svar\u012bga, lai nov\u0113rstu darb\u012bbas trauc\u0113jumus.<\/li>\n<li>\n<h3>Bl\u012bvju nomai\u0146as un kalibr\u0113\u0161anas p\u0101rbaudes<\/h3>\n<p>Nomainiet bl\u012bves p\u0113c nepiecie\u0161am\u012bbas un veiciet kalibr\u0113\u0161anas p\u0101rbaudes, lai nodro\u0161in\u0101tu, ka str\u0113les cilindrs darbojas noteikto parametru robe\u017e\u0101s. Regul\u0101ra apkope uzlabos dro\u0161\u012bbu un uzticam\u012bbu.<\/li>\n<\/ul>\n<p>Uzst\u0101d\u012b\u0161anas laik\u0101 ir svar\u012bgi prec\u012bzi izl\u012bdzin\u0101t cilindru, lai izvair\u012btos no nevajadz\u012bgas slodzes. Izmantojiet atbilsto\u0161us mont\u0101\u017eas kron\u0161teinus, lai stingri nostiprin\u0101tu cilindru. Iev\u0113rojiet ieteicam\u0101s p\u0101rbaudes, remonta un nomai\u0146as proced\u016bras, lai uzlabotu str\u0113les cilindra kalpo\u0161anas laiku.<\/p>\n<p><img decoding=\"async\" src=\"https:\/\/www.hydraulic-cylinders.net\/wp-content\/uploads\/2025\/04\/songte-chushion-collar.webp\" alt=\"Spilvenu apkakle\" \/><\/p>\n<h2>Dro\u0161\u012bbas apsv\u0113rumi un vides faktori<\/h2>\n<p>Izmantojot str\u0113les cilindrus, dro\u0161\u012bbas pas\u0101kumi ir \u0101rk\u0101rt\u012bgi svar\u012bgi. Operatoriem j\u0101b\u016bt apm\u0101c\u012btiem atpaz\u012bt iesp\u0113jamos apdraud\u0113jumus un izprast hidraulisko sist\u0113mu pareizu darb\u012bbu. Dro\u0161\u012bbas protokolu iev\u0113ro\u0161ana samazina negad\u012bjumu risku un aizsarg\u0101 person\u0101lu un apr\u012bkojumu.<\/p>\n<p>Svar\u012bgi ir ar\u012b vides apsv\u0113rumi. Lai nov\u0113rstu pies\u0101r\u0146ojumu un vides kait\u0113jumu, j\u0101iev\u0113ro pareiza hidraulisko \u0161\u0137idrumu un nolietoto deta\u013cu utiliz\u0101cija. Videi draudz\u012bgu prak\u0161u ievie\u0161ana var uzlabot hidraulisko darb\u012bbu ilgtsp\u0113j\u012bbu.<\/p>\n<h2>K\u013c\u016bmju diagnostika un bie\u017e\u0101k sastopam\u0101s probl\u0113mas<\/h2>\n<ul>\n<li>\n<h3>Nopl\u016bde<\/h3>\n<p>Hidraulisk\u0101 \u0161\u0137idruma nopl\u016bde ir bie\u017ei sastopama probl\u0113ma. To var izrais\u012bt nolietotas bl\u012bves vai boj\u0101ti savienojumi. Regul\u0101ras p\u0101rbaudes var pal\u012bdz\u0113t savlaic\u012bgi atkl\u0101t nopl\u016bdes, \u013caujot veikt \u0101tru remontu.<\/li>\n<li>\n<h3>Nekonsekventa kust\u012bba<\/h3>\n<p>Ja str\u0113les cilindrs kustas nevienm\u0113r\u012bgi vai saraust\u012bti, tas var b\u016bt saist\u012bts ar hidrauliskaj\u0101s l\u012bnij\u0101s iesprostotu gaisu. Sist\u0113mas atgaiso\u0161ana var atrisin\u0101t \u0161o probl\u0113mu.<\/li>\n<li>\n<h3>P\u0101rm\u0113r\u012bgs nodilums<\/h3>\n<p>P\u0101rm\u0113r\u012bgs nodilums var liecin\u0101t par nepietiekamu e\u013c\u013co\u0161anu vai nepareizas hidraulisk\u0101s e\u013c\u013cas izmanto\u0161anu. Regul\u0101ra apkope un pareizo sm\u0113rvielu izv\u0113le ir b\u016btiska, lai nov\u0113rstu nodilumu.<\/li>\n<\/ul>\n<h2>Probl\u0113mu nov\u0113r\u0161anas padomi un prevent\u012bvie pas\u0101kumi<\/h2>\n<p>Lai efekt\u012bvi diagnostic\u0113tu un risin\u0101tu probl\u0113mas ar str\u0113les cilindru, operatoriem j\u0101iev\u0113ro probl\u0113mu nov\u0113r\u0161anas padomi. Piem\u0113ram, bl\u012bv\u0113jumu un savienojumu p\u0101rbaude, vai tie nav nodilu\u0161i, var pal\u012bdz\u0113t atkl\u0101t probl\u0113mas, pirms t\u0101s saasin\u0101s. Ja rodas nopl\u016bde, bl\u012bv\u0113jumu savlaic\u012bga nomai\u0146a ir \u013coti svar\u012bga, lai izvair\u012btos no \u0161\u0137idruma zuduma.<\/p>\n<p>Prevent\u012bvu pas\u0101kumu ievie\u0161ana, piem\u0113ram, regul\u0101ra apkopes grafiki un operatoru apm\u0101c\u012bba, var iev\u0113rojami samazin\u0101t bie\u017ei sastopamu probl\u0113mu risku. Hidraulisko sist\u0113mu t\u012br\u012bbas uztur\u0113\u0161ana un augstas kvalit\u0101tes hidraulisko \u0161\u0137idrumu izmanto\u0161ana ir ar\u012b svar\u012bgi so\u013ci potenci\u0101lo probl\u0113mu mazin\u0101\u0161an\u0101.<\/p>\n<p><img decoding=\"async\" src=\"https:\/\/www.hydraulic-cylinders.net\/wp-content\/uploads\/2025\/04\/songte-bushings-with-all-kinds-of-excavator-models.webp\" alt=\"Bukses\" \/><\/p>\n<h2>Par m\u016bsu uz\u0146\u0113mumu<\/h2>\n<p>M\u0113s esam vado\u0161ais hidraulisko cilindru ra\u017eot\u0101js un vairumtirdzniec\u012bbas izplat\u012bt\u0101js, kas specializ\u0113jas kvalitat\u012bvu rezerves da\u013cu nodro\u0161in\u0101\u0161an\u0101 da\u017e\u0101diem pielietojumiem. M\u016bsu pla\u0161ais produktu kl\u0101sts ir nostiprin\u0101jis m\u016bsu k\u0101 iev\u0113rojama sp\u0113l\u0113t\u0101ja poz\u012bciju gan viet\u0113j\u0101, gan starptautiskaj\u0101 tirg\u016b. M\u0113s iev\u0113rojam ap\u0146em\u0161anos sasniegt izcil\u012bbu, koncentr\u0113joties uz prec\u012bzu ra\u017eo\u0161anu un efekt\u012bv\u0101m ra\u017eo\u0161anas vad\u012bbas strat\u0113\u0123ij\u0101m.<\/p>\n<p>Ar lielu uzsvaru uz tehniskajiem talantiem un modernu digit\u0101lo ra\u017eo\u0161anas iek\u0101rtu izmanto\u0161anu, m\u016bsu darbn\u012bca nep\u0101rtraukti uzlabo savas iesp\u0113jas. M\u0113s nodro\u0161in\u0101m augstu m\u016bsu produktu kvalit\u0101tes l\u012bmeni, izmantojot stingras test\u0113\u0161anas un kvalit\u0101tes nodro\u0161in\u0101\u0161anas procesus. M\u016bsu ap\u0146em\u0161an\u0101s nodro\u0161in\u0101t augstu efektivit\u0101ti, precizit\u0101ti un kvalit\u0101ti \u013cauj mums efekt\u012bvi apmierin\u0101t da\u017e\u0101das klientu vajadz\u012bbas.<\/p>\n<p>M\u0113s pied\u0101v\u0101jam ar\u012b piel\u0101go\u0161anas pakalpojumus, lai apmierin\u0101tu \u012bpa\u0161as pras\u012bbas, nodro\u0161inot, ka m\u016bsu produkti atbilst da\u017e\u0101d\u0101m lietojumprogramm\u0101m. M\u016bsu starptautiskie sertifik\u0101ti apliecina m\u016bsu ap\u0146em\u0161anos iev\u0113rot kvalit\u0101tes un dro\u0161\u012bbas standartus.<\/p>\n<p><img decoding=\"async\" src=\"https:\/\/www.hydraulic-cylinders.net\/wp-content\/uploads\/2025\/04\/songte-company-4.webp\" alt=\"Uz\u0146\u0113muma att\u0113ls 1\" \/><br \/>\n<img decoding=\"async\" src=\"https:\/\/www.hydraulic-cylinders.net\/wp-content\/uploads\/2025\/04\/songte-company-3.webp\" alt=\"Uz\u0146\u0113muma att\u0113ls 2\" \/><\/p>\n<p>Autors: lil<\/p>","protected":false},"excerpt":{"rendered":"<p>Boom Cylinder For Lonking Small Excavator LG6075 Product Overview The Boom Cylinder for Lonking Small Excavator LG6075 is a vital hydraulic component designed to control the movement of the excavator&#8217;s boom. This hydraulic cylinder enables the boom to lift, lower, and tilt, facilitating efficient material handling tasks. As a specialized hydraulic cylinder, it plays an [&hellip;]<\/p>","protected":false},"featured_media":17877,"comment_status":"open","ping_status":"closed","template":"","meta":{"_et_pb_use_builder":"","_et_pb_old_content":"","_et_gb_content_width":""},"product_brand":[],"product_cat":[1546],"product_tag":[1547,1496],"class_list":{"0":"post-19327","1":"product","2":"type-product","3":"status-publish","4":"has-post-thumbnail","6":"product_cat-boom-cylinders","7":"product_tag-boom-cylinders","8":"product_tag-hydraulic-cylinders","10":"first","11":"instock","12":"shipping-taxable","13":"product-type-simple"},"amp_enabled":true,"_links":{"self":[{"href":"https:\/\/www.hydraulic-cylinders.net\/lv\/wp-json\/wp\/v2\/product\/19327","targetHints":{"allow":["GET"]}}],"collection":[{"href":"https:\/\/www.hydraulic-cylinders.net\/lv\/wp-json\/wp\/v2\/product"}],"about":[{"href":"https:\/\/www.hydraulic-cylinders.net\/lv\/wp-json\/wp\/v2\/types\/product"}],"replies":[{"embeddable":true,"href":"https:\/\/www.hydraulic-cylinders.net\/lv\/wp-json\/wp\/v2\/comments?post=19327"}],"wp:featuredmedia":[{"embeddable":true,"href":"https:\/\/www.hydraulic-cylinders.net\/lv\/wp-json\/wp\/v2\/media\/17877"}],"wp:attachment":[{"href":"https:\/\/www.hydraulic-cylinders.net\/lv\/wp-json\/wp\/v2\/media?parent=19327"}],"wp:term":[{"taxonomy":"product_brand","embeddable":true,"href":"https:\/\/www.hydraulic-cylinders.net\/lv\/wp-json\/wp\/v2\/product_brand?post=19327"},{"taxonomy":"product_cat","embeddable":true,"href":"https:\/\/www.hydraulic-cylinders.net\/lv\/wp-json\/wp\/v2\/product_cat?post=19327"},{"taxonomy":"product_tag","embeddable":true,"href":"https:\/\/www.hydraulic-cylinders.net\/lv\/wp-json\/wp\/v2\/product_tag?post=19327"}],"curies":[{"name":"wp","href":"https:\/\/api.w.org\/{rel}","templated":true}]}}