{"id":19329,"date":"2025-04-07T06:27:15","date_gmt":"2025-04-07T06:27:15","guid":{"rendered":"https:\/\/www.hydraulic-cylinders.net\/product\/boom-cylinder-for-lonking-small-excavator-lg606dd\/"},"modified":"2025-04-07T06:27:17","modified_gmt":"2025-04-07T06:27:17","slug":"boom-cylinder-for-lonking-small-excavator-lg606dd","status":"publish","type":"product","link":"https:\/\/www.hydraulic-cylinders.net\/lv\/products\/boom-cylinder-for-lonking-small-excavator-lg606dd\/","title":{"rendered":"Str\u0113les cilindrs Lonking mazajam ekskavatoram LG606DD"},"content":{"rendered":"<h1>Str\u0113les cilindrs Lonking mazajam ekskavatoram LG606DD<\/h1>\n<h2>Ievads str\u0113les cilindr\u0101<\/h2>\n<p>Str\u0113les cilindrs ir svar\u012bga hidrauliska sast\u0101vda\u013ca, kas \u012bpa\u0161i paredz\u0113ta kausa kust\u012bbas vad\u012bbai da\u017e\u0101d\u0101s smagaj\u0101s ma\u0161\u012bn\u0101s, piem\u0113ram, ekskavatoros, iekr\u0101v\u0113jos ar ekskavatoru un front\u0101lajos iekr\u0101v\u0113jos. \u0160is hidrauliskais cilindrs \u013cauj kausam pacelt, nolaist un noliekt, atvieglojot efekt\u012bvus materi\u0101lu apstr\u0101des uzdevumus b\u016bvniec\u012bb\u0101, lauksaimniec\u012bb\u0101 un da\u017e\u0101dos r\u016bpniec\u012bbas pielietojumos.<\/p>\n<p>B\u016bt\u012bb\u0101 kausa cilindrs ir hidraulisk\u0101 cilindra veids, kas izmanto spiediena hidraulisk\u0101 \u0161\u0137idruma jaudu, lai veiktu b\u016btiskas funkcijas. Tas p\u0101rveido hidraulisko ener\u0123iju meh\u0101niskaj\u0101 ener\u0123ij\u0101, \u013caujot veikt prec\u012bzas kust\u012bbas, kas nepiecie\u0161amas t\u0101diem uzdevumiem k\u0101 rak\u0161ana, cel\u0161ana un materi\u0101lu transport\u0113\u0161ana. Str\u0113les cilindra sp\u0113ja darboties augsta spiediena apst\u0101k\u013cos padara to par neat\u0146emamu jebkuras hidraulisk\u0101s sist\u0113mas sast\u0101vda\u013cu, uzlabojot smag\u0101 apr\u012bkojuma visp\u0101r\u0113jo funkcionalit\u0101ti un efektivit\u0101ti.<\/p>\n<p><img decoding=\"async\" src=\"https:\/\/www.hydraulic-cylinders.net\/wp-content\/uploads\/2025\/04\/songte-company-1.webp\" alt=\"Str\u0113les cilindra att\u0113ls\"><\/p>\n<h2>Str\u0113les cilindra \u012bpa\u0161\u012bbas<\/h2>\n<ul>\n<li><strong>Augsta iztur\u012bba un ilgm\u016b\u017e\u012bba:<\/strong> Izgatavots no augstas stipr\u012bbas t\u0113rauda vai alum\u012bnija, str\u0113les cilindrs sp\u0113j iztur\u0113t augstu spiedienu un lielas slodzes, padarot to piem\u0113rotu skarbiem darba apst\u0101k\u013ciem. T\u0101 konstrukcij\u0101 ir \u0146emta v\u0113r\u0101 nodilumiztur\u012bba un iztur\u012bba pret koroziju, pagarinot t\u0101 kalpo\u0161anas laiku.<\/li>\n<li><strong>Efekt\u012bva hidraulisk\u0101 darb\u012bba:<\/strong> Izmantojot hidraulisk\u0101 \u0161\u0137idruma spiedienu vienm\u0113r\u012bgai izstiep\u0161anai un ievilk\u0161anai, str\u0113les cilindrs \u0101tri rea\u0123\u0113 uz darb\u012bbas komand\u0101m, nodro\u0161inot iev\u0113rojamu stum\u0161anas un vilk\u0161anas sp\u0113ku, kas ir ide\u0101li piem\u0113rots smagu priek\u0161metu apstr\u0101dei un sare\u017e\u0123\u012btu uzdevumu veik\u0161anai.<\/li>\n<li><strong>Da\u017e\u0101di veidi:<\/strong> Str\u0113les cilindru var izv\u0113l\u0113ties vienas darb\u012bbas (izmantojot hidraulisko \u0161\u0137idrumu vien\u0101 virzien\u0101) vai divk\u0101r\u0161as darb\u012bbas (izmantojot hidraulisko \u0161\u0137idrumu abos virzienos) konfigur\u0101cij\u0101s, lai apmierin\u0101tu da\u017e\u0101das ekspluat\u0101cijas vajadz\u012bbas. Da\u017ei mode\u013ci ir teleskopiski, kas \u013cauj pan\u0101kt liel\u0101ku pagarin\u0101jumu, nepalielinot \u0101r\u0113jos izm\u0113rus, un ir piem\u0113roti darbam ar ierobe\u017eotu vietu.<\/li>\n<li><strong>Piel\u0101gojamas opcijas:<\/strong> M\u016bsu produkti var lieliski aizst\u0101t eso\u0161os hidrauliskos cilindrus, pied\u0101v\u0101jot piel\u0101gotus risin\u0101jumus, lai apmierin\u0101tu \u012bpa\u0161as ma\u0161\u012bnu pras\u012bbas.<\/li>\n<li><strong>Apkopei draudz\u012bgs dizains:<\/strong> Str\u0113les cilindrs ir izstr\u0101d\u0101ts vienk\u0101r\u0161ai apkopei, to var efekt\u012bvi apkalpot vai nomain\u012bt, nodro\u0161inot ilgsto\u0161u darba sp\u0113ju.<\/li>\n<\/ul>\n<p><img decoding=\"async\" src=\"https:\/\/www.hydraulic-cylinders.net\/wp-content\/uploads\/2025\/04\/songte-cylinder-head-with-all-kinds-excavator-models.webp\" alt=\"Cilindra opciju att\u0113ls\"><\/p>\n<h2>Str\u0113les cilindra pielietojumi<\/h2>\n<h3>Celtniec\u012bbas apr\u012bkojums<\/h3>\n<p>Ekskavatoros str\u0113les cilindri ir galven\u0101 sast\u0101vda\u013ca augsnes vai gru\u017eu rak\u0161anai, iekrau\u0161anai un p\u0101rvieto\u0161anai. Tie \u013cauj kausam iek\u013c\u016bt zem\u0113, atvieglojot da\u017e\u0101diem b\u016bvniec\u012bbas projektiem nepiecie\u0161amo materi\u0101lu izrak\u0161anu. Prec\u012bza vad\u012bba, ko nodro\u0161ina str\u0113les cilindrs, uzlabo operatora sp\u0113ju veikt sare\u017e\u0123\u012btus uzdevumus ar \u0101trumu un precizit\u0101ti.<\/p>\n<h3>Lauksaimniec\u012bbas tehnika<\/h3>\n<p>Front\u0101lajos iekr\u0101v\u0113jos str\u0113les cilindri ir b\u016btiski augsnes, siena un citu materi\u0101lu sav\u0101k\u0161anai, cel\u0161anai un transport\u0113\u0161anai. To uzticam\u0101 darb\u012bba nodro\u0161ina, ka lauksaimniec\u012bbas darbus var veikt efekt\u012bvi, neatkar\u012bgi no t\u0101, vai t\u0101 ir kr\u0101jumu iekrau\u0161ana vai ainavu materi\u0101lu apstr\u0101de.<\/p>\n<h3>Ekskavatori<\/h3>\n<p>Kausa cilindrs \u013cauj ekskavatora kausam rakt dzi\u013c\u0101k un efekt\u012bv\u0101k augsn\u0113, padarot rak\u0161anas darbus viegl\u0101k p\u0101rvald\u0101mus. \u0160\u012b funkcionalit\u0101te ir \u013coti svar\u012bga projektiem, kuriem nepiecie\u0161ama iev\u0113rojama zemes p\u0101rvieto\u0161ana, piem\u0113ram, pamatu rak\u0161anai vai tran\u0161eju rak\u0161anai.<\/p>\n<h3>Iekr\u0101v\u0113ji<\/h3>\n<p>Front\u0101lajos iekr\u0101v\u0113jos str\u0113les cilindri pal\u012bdz efekt\u012bvi pacelt un izkraut kravas. To konstrukcija nodro\u0161ina, ka smagus materi\u0101lus var viegli manevr\u0113t, veicinot produktivit\u0101ti darba viet\u0101s, kur materi\u0101li ir j\u0101p\u0101rvieto \u0101tri un efekt\u012bvi.<\/p>\n<h2>Dizaina apsv\u0113rumi un atlases krit\u0113riji<\/h2>\n<h3>Kravnes\u012bba<\/h3>\n<p>Izv\u0113loties str\u0113les cilindru, kravnes\u012bba ir kritisks apsv\u0113rums. Cilindram j\u0101sp\u0113j iztur\u0113t maksim\u0101lo slodzi, ar kuru tas saskarsies ekspluat\u0101cijas laik\u0101. Nepietiekama kravnes\u012bba var izrais\u012bt cilindra boj\u0101jumus, radot risku gan iek\u0101rtai, gan operatoram. Ir svar\u012bgi apr\u0113\u0137in\u0101t nepiecie\u0161amo slodzi un izv\u0113l\u0113ties cilindru, kas atbilst \u0161\u012bm specifik\u0101cij\u0101m vai p\u0101rsniedz t\u0101s.<\/p>\n<h3>Bl\u012bv\u0113juma veiktsp\u0113ja<\/h3>\n<p>Efekt\u012bvs bl\u012bv\u0113jums ir vit\u0101li svar\u012bgs, lai uztur\u0113tu hidraulisko spiedienu cilindr\u0101. Konstrukcij\u0101 j\u0101iek\u013cauj augstas kvalit\u0101tes bl\u012bv\u0113jumi, lai nov\u0113rstu \u0161\u0137idruma nopl\u016bdes. Tas ne tikai saglab\u0101 hidraulisk\u0101s sist\u0113mas efektivit\u0101ti, bet ar\u012b samazina pies\u0101r\u0146ojuma risku. Izmantojot uzlabotus bl\u012bv\u0113\u0161anas materi\u0101lus, var iev\u0113rojami uzlabot cilindra kalpo\u0161anas laiku un t\u0101 veiktsp\u0113ju.<\/p>\n<h3>Iztur\u012bba<\/h3>\n<p>Iztur\u012bba ir b\u016btiska hidrauliskajiem cilindriem, kas pak\u013cauti skarbiem apst\u0101k\u013ciem. Ra\u017eot\u0101jiem ir j\u0101nodro\u0161ina, lai izmantotie materi\u0101li iztur\u0113tu koroziju, nodilumu un ekstrem\u0101las temperat\u016bras. Iztur\u012bga konstrukcija apvienojum\u0101 ar kvalitat\u012bviem materi\u0101liem pagarin\u0101s str\u0113les cilindra kalpo\u0161anas laiku, samazinot nepiecie\u0161am\u012bbu p\u0113c bie\u017eas nomai\u0146as.<\/p>\n<h3>Dro\u0161\u012bbas funkcijas<\/h3>\n<p>Hidraulisko cilindru konstrukcij\u0101 ir \u013coti svar\u012bgi iek\u013caut dro\u0161\u012bbas elementus. Tie var ietvert spiediena samazin\u0101\u0161anas v\u0101rstus, lai nov\u0113rstu p\u0101rspiedienu, k\u0101 ar\u012b dro\u0161\u012bbas sl\u0113dzenes, lai nostiprin\u0101tu kausu darb\u012bbas laik\u0101. Nodro\u0161inot, ka cilindrs atbilst dro\u0161\u012bbas standartiem, tiek aizsarg\u0101ti gan operatori, gan tehnika.<\/p>\n<h3>Uzturam\u012bba<\/h3>\n<p>Ilgtermi\u0146\u0101 ir izdev\u012bgi izv\u0113l\u0113ties konstrukciju, kas nodro\u0161ina \u0113rtu apkopi. T\u0101das funkcijas k\u0101 no\u0146emami gala v\u0101ci\u0146i un pieejamas bl\u012bves nodro\u0161ina vienk\u0101r\u0161as p\u0101rbaudes un remontu. Regul\u0101ras apkopes protokola izveide var iev\u0113rojami uzlabot str\u0113les cilindra ilgm\u016b\u017e\u012bbu un efektivit\u0101ti.<\/p>\n<p><img decoding=\"async\" src=\"https:\/\/www.hydraulic-cylinders.net\/wp-content\/uploads\/2025\/04\/songte-oil-pipes-and-spare-parts.webp\" alt=\"E\u013c\u013cas caurules un rezerves da\u013cu att\u0113ls\"><\/p>\n<h2>Str\u0113les cilindra bl\u012bv\u0113\u0161ana un e\u013c\u013co\u0161ana<\/h2>\n<p>Efekt\u012bva bl\u012bv\u0113\u0161ana un e\u013c\u013co\u0161ana ir \u0101rk\u0101rt\u012bgi svar\u012bga str\u0113les cilindra pareizai darb\u012bbai. Da\u017e\u0101diem bl\u012bv\u0113\u0161anas elementiem, piem\u0113ram, virzu\u013ca bl\u012bv\u0113m un stie\u0146a bl\u012bv\u0113m, ir iz\u0161\u0137iro\u0161a noz\u012bme hidraulisk\u0101 spiediena uztur\u0113\u0161an\u0101 un nopl\u016b\u017eu nov\u0113r\u0161an\u0101. Iztur\u012bgu materi\u0101lu, piem\u0113ram, poliuret\u0101na un nitrila gumijas, izv\u0113le \u0161iem bl\u012bv\u0113jumiem ir b\u016btiska, lai tie iztur\u0113tu nodilumu un vides faktorus.<\/p>\n<p>Cilindra korpuss un v\u012bt\u0146ot\u0101s gala virsmas ir r\u016bp\u012bgi j\u0101apstr\u0101d\u0101, lai uzlabotu nodilumiztur\u012bbu. Lai samazin\u0101tu berzi starp kust\u012bgaj\u0101m da\u013c\u0101m un uztur\u0113tu optim\u0101lu veiktsp\u0113ju, ir nepiecie\u0161ama regul\u0101ra e\u013c\u013co\u0161ana ar hidraulisko e\u013c\u013cu. Pareiza hidraulisk\u0101s e\u013c\u013cas daudzuma past\u0101v\u012bga uzkl\u0101\u0161ana nov\u0113r\u0161 priek\u0161laic\u012bgu nodilumu un pagarina cilindra kalpo\u0161anas laiku.<\/p>\n<h2>Regul\u0101ra p\u0101rbaude un profilaktisk\u0101 apkope<\/h2>\n<ul>\n<li><strong>Regul\u0101ras p\u0101rbaudes:<\/strong> Regul\u0101ri p\u0101rbaudiet, vai nav nopl\u016b\u017eu, nodiluma un boj\u0101jumu, lai nodro\u0161in\u0101tu cilindra efekt\u012bvu darb\u012bbu. Probl\u0113mu agr\u012bna atkl\u0101\u0161ana var nov\u0113rst d\u0101rgus remontdarbus un ilgsto\u0161u d\u012bkst\u0101vi.<\/li>\n<li><strong>Pareiza e\u013c\u013co\u0161ana:<\/strong> Regul\u0101ri iee\u013c\u013cojiet cilindru, lai samazin\u0101tu berzi un nodilumu. Pareiza hidraulisk\u0101s e\u013c\u013cas veida lieto\u0161ana ir b\u016btiska optim\u0101lai veiktsp\u0113jai un ilgm\u016b\u017e\u012bbai.<\/li>\n<li><strong>Bl\u012bv\u0113juma nomai\u0146a:<\/strong> Uzraugiet bl\u012bv\u0113jumu st\u0101vokli un nomainiet tos p\u0113c nepiecie\u0161am\u012bbas, lai uztur\u0113tu efekt\u012bvu bl\u012bv\u0113\u0161anas veiktsp\u0113ju. Nodilu\u0161i bl\u012bv\u0113jumi var izrais\u012bt \u0161\u0137idruma zudumu un samazin\u0101tu funkcionalit\u0101ti.<\/li>\n<\/ul>\n<h2>Str\u0113les cilindra uzst\u0101d\u012b\u0161anas vadl\u012bnijas<\/h2>\n<p>Pareiza uzst\u0101d\u012b\u0161ana ir \u013coti svar\u012bga str\u0113les cilindra efekt\u012bvai darb\u012bbai. Vispirms p\u0101rliecinieties, vai visas sast\u0101vda\u013cas ir t\u012bras un bez gru\u017eiem. Pareizi izl\u012bdziniet cilindru, p\u0101rliecinoties, ka visi stiprin\u0101juma caurumi ir pareizi novietoti. Ieteicams izmantot stiprin\u0101juma kron\u0161teinus, lai nostiprin\u0101tu cilindru viet\u0101, nov\u0113r\u0161ot jebk\u0101du nepareizu izl\u012bdzin\u0101\u0161anu darb\u012bbas laik\u0101.<\/p>\n<p>P\u0113c cilindra novieto\u0161anas pievelciet visas skr\u016bves atbilsto\u0161i ra\u017eot\u0101ja specifik\u0101cij\u0101m, nodro\u0161inot dro\u0161u stiprin\u0101jumu. P\u0113c uzst\u0101d\u012b\u0161anas p\u0101rbaudiet, vai hidrauliskajos savienojumos nav nopl\u016b\u017eu, un p\u0101rliecinieties, vai cilindrs darbojas nevainojami vis\u0101 t\u0101 kust\u012bbas diapazon\u0101. Regul\u0101ri p\u0101rbaudiet izl\u012bdzin\u0101jumu un nostipriniet savienojumus, lai laika gait\u0101 saglab\u0101tu optim\u0101lu veiktsp\u0113ju.<\/p>\n<h2>Bie\u017ei sastopamie apkopes uzdevumi<\/h2>\n<h3>Regul\u0101ras p\u0101rbaudes<\/h3>\n<p>Regul\u0101ras str\u0113les cilindra p\u0101rbaudes ir \u013coti svar\u012bgas, lai identific\u0113tu jebk\u0101das nodiluma vai boj\u0101jumu paz\u012bmes, pirms t\u0101s p\u0101raug nopietn\u0101k\u0101s probl\u0113m\u0101s. Operatoriem darb\u012bbas laik\u0101 j\u0101mekl\u0113 nopl\u016bdes, plaisas vai neparastas ska\u0146as, kas var liecin\u0101t par probl\u0113m\u0101m. Regul\u0101ras p\u0101rbaudes grafika izveide var pal\u012bdz\u0113t uztur\u0113t cilindra veiktsp\u0113ju un dro\u0161\u012bbu.<\/p>\n<h3>Piem\u0113rota e\u013c\u013co\u0161ana<\/h3>\n<p>Pareizas e\u013c\u013co\u0161anas uztur\u0113\u0161ana ir b\u016btiska, lai samazin\u0101tu berzi starp kust\u012bgaj\u0101m da\u013c\u0101m, kas var izrais\u012bt nodilumu. Pareiza veida hidraulisk\u0101s e\u013c\u013cas izmanto\u0161ana un cilindra pien\u0101c\u012bga e\u013c\u013co\u0161ana pagarin\u0101s t\u0101 kalpo\u0161anas laiku un uztur\u0113s optim\u0101lu veiktsp\u0113ju. Regul\u0101r\u0101m e\u013c\u013co\u0161anas p\u0101rbaud\u0113m j\u0101b\u016bt da\u013cai no apkopes rut\u012bnas.<\/p>\n<h3>Bl\u012bvju nomai\u0146as un kalibr\u0113\u0161anas p\u0101rbaudes<\/h3>\n<p>Regul\u0101ra nodilu\u0161o bl\u012bv\u0113jumu nomai\u0146a ir \u013coti svar\u012bga, lai nov\u0113rstu nopl\u016bdes un uztur\u0113tu hidraulisko spiedienu cilindr\u0101. Operatoriem j\u0101veic ar\u012b kalibr\u0113\u0161anas p\u0101rbaudes, lai p\u0101rliecin\u0101tos, ka cilindrs darbojas, k\u0101 paredz\u0113ts. Pareizi kalibr\u0113ti cilindri uzlabo efektivit\u0101ti un samazina meh\u0101nisku boj\u0101jumu risku. Ieteicamo bl\u012bv\u0113jumu nomai\u0146as un kalibr\u0113\u0161anas proced\u016bru iev\u0113ro\u0161ana uzlabos cilindra veiktsp\u0113ju un ilgm\u016b\u017e\u012bbu.<\/p>\n<p><img decoding=\"async\" src=\"https:\/\/www.hydraulic-cylinders.net\/wp-content\/uploads\/2025\/04\/songte-chushion-collar.webp\" alt=\"Spilvenu apkakles att\u0113ls\"><\/p>\n<h2>Dro\u0161\u012bbas apsv\u0113rumi un vides faktori<\/h2>\n<p>Dro\u0161\u012bbas pas\u0101kumi hidraulisko cilindru darb\u012bbas laik\u0101 ir \u0101rk\u0101rt\u012bgi svar\u012bgi, lai nov\u0113rstu negad\u012bjumus un traumas. Operatoriem vienm\u0113r j\u0101iev\u0113ro dro\u0161\u012bbas protokoli, nodro\u0161inot aizsargl\u012bdzek\u013cu valk\u0101\u0161anu darb\u012bbas laik\u0101. Turkl\u0101t, lai nodro\u0161in\u0101tu dro\u0161us darba apst\u0101k\u013cus, ir j\u0101apzin\u0101s iesp\u0113jamie vides apdraud\u0113jumi, piem\u0113ram, \u0161\u0137idrumu nopl\u016bdes. Pareiza apm\u0101c\u012bba un dro\u0161\u012bbas vadl\u012bniju iev\u0113ro\u0161ana mazin\u0101s ar hidraulisk\u0101s sist\u0113mas atteic\u0113m saist\u012btos riskus.<\/p>\n<h2>K\u013c\u016bmju diagnostika un bie\u017e\u0101k sastopam\u0101s probl\u0113mas<\/h2>\n<ul>\n<li><strong>Nopl\u016bde:<\/strong> Viena no visbie\u017e\u0101k sastopamaj\u0101m probl\u0113m\u0101m, ar kur\u0101m saskaras str\u0113les cilindri, ir nopl\u016bde. Tas var rasties nolietotu bl\u012bv\u0113jumu vai boj\u0101tu cilindru korpusu d\u0113\u013c. Regul\u0101ras p\u0101rbaudes var pal\u012bdz\u0113t laikus atkl\u0101t nopl\u016bdes, \u013caujot veikt savlaic\u012bgu remontu.<\/li>\n<li><strong>Samazin\u0101ta jauda:<\/strong> Iev\u0113rojams cilindra cel\u0161anas vai stum\u0161anas sp\u0113jas samazin\u0101jums var liecin\u0101t par iek\u0161\u0113jiem boj\u0101jumiem vai hidraulisk\u0101 \u0161\u0137idruma probl\u0113m\u0101m. Hidraulisk\u0101 \u0161\u0137idruma l\u012bme\u0146a p\u0101rbaude un cilindra iek\u0161\u0113j\u0101 nodiluma nov\u0113rt\u0113\u0161ana var atrisin\u0101t \u0161o probl\u0113mu.<\/li>\n<li><strong>Saraust\u012btas kust\u012bbas:<\/strong> Ja str\u0113les cilindrs darbojas nevienm\u0113r\u012bgi vai darb\u012bbas laik\u0101 raust\u0101s, tas var nor\u0101d\u012bt uz probl\u0113m\u0101m hidrauliskaj\u0101 sist\u0113m\u0101, piem\u0113ram, gaisu l\u012bnij\u0101s vai nepietiekamu \u0161\u0137idruma l\u012bmeni. Sist\u0113mas atgaiso\u0161ana un atbilsto\u0161a \u0161\u0137idruma l\u012bme\u0146a nodro\u0161in\u0101\u0161ana bie\u017ei vien var nov\u0113rst \u0161o probl\u0113mu.<\/li>\n<\/ul>\n<h2>Probl\u0113mu nov\u0113r\u0161anas padomi un risin\u0101jumi<\/h2>\n<p>Lai efekt\u012bvi nov\u0113rstu probl\u0113mas ar str\u0113les cilindru, s\u0101ciet ar vizu\u0101lu p\u0101rbaudi, lai noteiktu nopl\u016bdes vai nodiluma paz\u012bmes. Ja tiek konstat\u0113ta nopl\u016bde, nomainiet nolietot\u0101s bl\u012bves un p\u0101rliecinieties, vai visi savienojumi ir dro\u0161i. Ja jauda ir samazin\u0101ta, p\u0101rbaudiet hidraulisk\u0101 \u0161\u0137idruma l\u012bmeni un nomainiet visu pies\u0101r\u0146oto \u0161\u0137idrumu. Ja ir saraust\u012bta kust\u012bba, atgaisojiet hidraulisk\u0101s l\u012bnijas, lai izvad\u012btu iesprostoto gaisu, nodro\u0161inot vienm\u0113r\u012bgu darb\u012bbu. Regul\u0101ra apkope un proakt\u012bva remonta veik\u0161ana var iev\u0113rojami samazin\u0101t bie\u017ei sastopamu probl\u0113mu iesp\u0113jam\u012bbu.<\/p>\n<p><img decoding=\"async\" src=\"https:\/\/www.hydraulic-cylinders.net\/wp-content\/uploads\/2025\/04\/songte-bushings-with-all-kinds-of-excavator-models.webp\" alt=\"Bukses att\u0113ls\"><\/p>\n<h2>Par m\u016bsu uz\u0146\u0113mumu<\/h2>\n<p>M\u0113s esam vado\u0161ais hidraulisko cilindru ra\u017eot\u0101js un vairumtirdzniec\u012bbas izplat\u012bt\u0101js, kas specializ\u0113jas eso\u0161o sist\u0113mu nomai\u0146\u0101. M\u016bsu pla\u0161ais produktu kl\u0101sts ir padar\u012bjis m\u016bs par noz\u012bm\u012bgu sp\u0113l\u0113t\u0101ju gan viet\u0113j\u0101, gan starptautiskaj\u0101 tirg\u016b. M\u0113s iev\u0113rojam izcil\u012bbas filozofiju, ko atbalsta izsmalcin\u0101ta ra\u017eo\u0161anas vad\u012bbas strat\u0113\u0123ija, kas izmanto modernas ra\u017eo\u0161anas iek\u0101rtas un profesion\u0101las test\u0113\u0161anas sist\u0113mas.<\/p>\n<p>M\u016bsu ap\u0146em\u0161an\u0101s nodro\u0161in\u0101t kvalit\u0101ti nodro\u0161ina, ka m\u0113s nep\u0101rtraukti uzlabojam savas ra\u017eo\u0161anas iesp\u0113jas, nodarbinot kvalific\u0113tus tehni\u0137us un izmantojot jaun\u0101k\u0101s tehnolo\u0123ijas. M\u016bsu efekt\u012bv\u0101, prec\u012bz\u0101 un augstas kvalit\u0101tes ra\u017eo\u0161anas prakse apmierina m\u016bsu klientu da\u017e\u0101d\u0101s vajadz\u012bbas. Turkl\u0101t m\u0113s pied\u0101v\u0101jam piel\u0101gotus pakalpojumus, lai apmierin\u0101tu \u012bpa\u0161as pras\u012bbas, nodro\u0161inot, ka m\u016bsu klienti sa\u0146em vislab\u0101kos iesp\u0113jamos risin\u0101jumus sav\u0101m hidrauliskaj\u0101m vajadz\u012bb\u0101m.<\/p>\n<p><img decoding=\"async\" src=\"https:\/\/www.hydraulic-cylinders.net\/wp-content\/uploads\/2025\/04\/songte-company-4.webp\" alt=\"Uz\u0146\u0113muma att\u0113ls 1\"><br \/>\n<img decoding=\"async\" src=\"https:\/\/www.hydraulic-cylinders.net\/wp-content\/uploads\/2025\/04\/songte-company-3.webp\" alt=\"Uz\u0146\u0113muma att\u0113ls 2\"><\/p>\n<p>Autors: lil<\/p>","protected":false},"excerpt":{"rendered":"<p>Boom Cylinder For Lonking Small Excavator LG606DD Introduction to the Boom Cylinder The boom cylinder is a crucial hydraulic component specifically designed to control the movement of the bucket in various heavy machinery such as excavators, backhoe loaders, and front-end loaders. This hydraulic cylinder enables the bucket to lift, lower, and tilt, facilitating efficient material [&hellip;]<\/p>","protected":false},"featured_media":17879,"comment_status":"open","ping_status":"closed","template":"","meta":{"_et_pb_use_builder":"","_et_pb_old_content":"","_et_gb_content_width":""},"product_brand":[],"product_cat":[1546],"product_tag":[1547,1496],"class_list":{"0":"post-19329","1":"product","2":"type-product","3":"status-publish","4":"has-post-thumbnail","6":"product_cat-boom-cylinders","7":"product_tag-boom-cylinders","8":"product_tag-hydraulic-cylinders","10":"first","11":"instock","12":"shipping-taxable","13":"product-type-simple"},"amp_enabled":true,"_links":{"self":[{"href":"https:\/\/www.hydraulic-cylinders.net\/lv\/wp-json\/wp\/v2\/product\/19329","targetHints":{"allow":["GET"]}}],"collection":[{"href":"https:\/\/www.hydraulic-cylinders.net\/lv\/wp-json\/wp\/v2\/product"}],"about":[{"href":"https:\/\/www.hydraulic-cylinders.net\/lv\/wp-json\/wp\/v2\/types\/product"}],"replies":[{"embeddable":true,"href":"https:\/\/www.hydraulic-cylinders.net\/lv\/wp-json\/wp\/v2\/comments?post=19329"}],"wp:featuredmedia":[{"embeddable":true,"href":"https:\/\/www.hydraulic-cylinders.net\/lv\/wp-json\/wp\/v2\/media\/17879"}],"wp:attachment":[{"href":"https:\/\/www.hydraulic-cylinders.net\/lv\/wp-json\/wp\/v2\/media?parent=19329"}],"wp:term":[{"taxonomy":"product_brand","embeddable":true,"href":"https:\/\/www.hydraulic-cylinders.net\/lv\/wp-json\/wp\/v2\/product_brand?post=19329"},{"taxonomy":"product_cat","embeddable":true,"href":"https:\/\/www.hydraulic-cylinders.net\/lv\/wp-json\/wp\/v2\/product_cat?post=19329"},{"taxonomy":"product_tag","embeddable":true,"href":"https:\/\/www.hydraulic-cylinders.net\/lv\/wp-json\/wp\/v2\/product_tag?post=19329"}],"curies":[{"name":"wp","href":"https:\/\/api.w.org\/{rel}","templated":true}]}}