{"id":19330,"date":"2025-04-07T06:27:17","date_gmt":"2025-04-07T06:27:17","guid":{"rendered":"https:\/\/www.hydraulic-cylinders.net\/product\/boom-cylinder-for-lonking-small-excavator-lg6090\/"},"modified":"2025-04-07T06:27:29","modified_gmt":"2025-04-07T06:27:29","slug":"boom-cylinder-for-lonking-small-excavator-lg6090","status":"publish","type":"product","link":"https:\/\/www.hydraulic-cylinders.net\/lv\/products\/boom-cylinder-for-lonking-small-excavator-lg6090\/","title":{"rendered":"Str\u0113les cilindrs Lonking mazajam ekskavatoram LG6090"},"content":{"rendered":"<h1>Str\u0113les cilindrs Lonking mazajam ekskavatoram LG6090<\/h1>\n<h2>Produkta p\u0101rskats<\/h2>\n<p>Lonking maz\u0101 ekskavatora LG6090 str\u0113les cilindrs ir kritiski svar\u012bga hidrauliska sast\u0101vda\u013ca, ko pla\u0161i izmanto b\u016bvniec\u012bb\u0101 un smagaj\u0101 ma\u0161\u012bn\u0101. \u0160is hidrauliskais cilindrs ir \u012bpa\u0161i izstr\u0101d\u0101ts, lai kontrol\u0113tu kausa kust\u012bbu da\u017e\u0101d\u0101s smagaj\u0101s iek\u0101rt\u0101s, piem\u0113ram, ekskavatoros, ekskavatoru-iekr\u0101v\u0113jos un front\u0101lajos iekr\u0101v\u0113jos. Str\u0113les cilindrs \u013cauj kausam pacelt, nolaist un noliekt, atvieglojot materi\u0101lu apstr\u0101des uzdevumus ar precizit\u0101ti un efektivit\u0101ti.<\/p>\n<p><img decoding=\"async\" src=\"https:\/\/www.hydraulic-cylinders.net\/wp-content\/uploads\/2025\/04\/songte-company-1.webp\" alt=\"Ekskavatoru str\u0113les cilindrs\" \/><\/p>\n<h3>Defin\u012bcija un funkcija<\/h3>\n<p>Kausa cilindrs ir hidraulisk\u0101 cilindra veids, kam ir iz\u0161\u0137iro\u0161a noz\u012bme smago ma\u0161\u012bnu hidrauliskaj\u0101s sist\u0113m\u0101s. Tas ir atbild\u012bgs par svar\u012bg\u0101m funkcij\u0101m, piem\u0113ram, kausa pacel\u0161anu un nolai\u0161anu, k\u0101 ar\u012b t\u0101 noliek\u0161anu optim\u0101lai pozicion\u0113\u0161anai. \u0160\u012b funkcionalit\u0101te ir b\u016btiska pla\u0161am uzdevumu kl\u0101stam, tostarp rak\u0161anai, iekrau\u0161anai un materi\u0101lu transport\u0113\u0161anai. Hidraulisk\u0101 sist\u0113ma izmanto \u0161\u0137idruma spiedienu, lai rad\u012btu kust\u012bbu, nodro\u0161inot vienm\u0113r\u012bgu un kontrol\u0113tu darb\u012bbu pat pie liel\u0101m slodz\u0113m. Str\u0113les cilindrs, kas paredz\u0113ts augstai veiktsp\u0113jai, nodro\u0161ina ma\u0161\u012bnas efekt\u012bvu darb\u012bbu, samazinot d\u012bkst\u0101ves laiku un uzlabojot produktivit\u0101ti darba viet\u0101.<\/p>\n<h2>Str\u0113les cilindra \u012bpa\u0161\u012bbas<\/h2>\n<ul>\n<li><strong>Augsta iztur\u012bba un ilgm\u016b\u017e\u012bba:<\/strong> Izgatavots no augstas stipr\u012bbas t\u0113rauda vai alum\u012bnija, str\u0113les cilindrs sp\u0113j iztur\u0113t augstu spiedienu un lielas slodzes. Tas ir konstru\u0113ts t\u0101, lai iztur\u0113tu skarbus darba apst\u0101k\u013cus, \u0146emot v\u0113r\u0101 nodilumiztur\u012bbu un korozijas iztur\u012bbu, lai pagarin\u0101tu t\u0101 kalpo\u0161anas laiku.<\/li>\n<li><strong>Efekt\u012bva hidraulisk\u0101 darb\u012bba:<\/strong> Izmantojot hidraulisk\u0101s e\u013c\u013cas spiedienu vienm\u0113r\u012bgai izvilk\u0161anai un ievilk\u0161anai, cilindrs pied\u0101v\u0101 \u0101tru rea\u0123\u0113\u0161anu uz operatora komand\u0101m, nodro\u0161inot iev\u0113rojamu stum\u0161anas un vilk\u0161anas sp\u0113ku, kas ir ide\u0101li piem\u0113rots smagu un sare\u017e\u0123\u012btu uzdevumu veik\u0161anai.<\/li>\n<li><strong>Da\u017e\u0101di veidi:<\/strong> Pieejams vienk\u0101r\u0161\u0101s darb\u012bbas (izmantojot hidraulisko sp\u0113ku vien\u0101 virzien\u0101) vai divk\u0101r\u0161\u0101s darb\u012bbas (izmantojot hidraulisko sp\u0113ku abos virzienos) str\u0113les cilindrs atbilst da\u017e\u0101d\u0101m ekspluat\u0101cijas vajadz\u012bb\u0101m. Da\u017ei mode\u013ci ir teleskopiski, kas \u013cauj veikt liel\u0101ku pagarin\u0101jumu, nepalielinot \u0101r\u0113jos izm\u0113rus, padarot tos piem\u0113rotus darbam ierobe\u017eot\u0101 telp\u0101.<\/li>\n<\/ul>\n<h2>Ra\u017eo\u0161anas jauda<\/h2>\n<p>Mums ir iesp\u0113jas ra\u017eot \u0161o produktu, nodro\u0161inot, ka m\u016bsu hidrauliskie cilindri kalpo k\u0101 ide\u0101ls aizvietot\u0101js eso\u0161ajiem mode\u013ciem. M\u016bsu progres\u012bv\u0101s ra\u017eo\u0161anas metodes un kvalit\u0101tes kontroles pas\u0101kumi garant\u0113 uzticam\u012bbu un veiktsp\u0113ju.<\/p>\n<p><img decoding=\"async\" src=\"https:\/\/www.hydraulic-cylinders.net\/wp-content\/uploads\/2025\/04\/songte-cylinder-head-with-all-kinds-excavator-models.webp\" alt=\"Hidraulisko cilindru ra\u017eo\u0161ana\" \/><\/p>\n<h2>Lietojumprogrammu scen\u0101riji<\/h2>\n<h3>Celtniec\u012bbas apr\u012bkojums<\/h3>\n<p>B\u016bvniec\u012bbas ma\u0161\u012bn\u0101s str\u0113les cilindri ir \u013coti svar\u012bgi ekskavatoriem, jo \u200b\u200btie atvieglo rak\u0161anu, iekrau\u0161anu un augsnes vai gru\u017eu p\u0101rvieto\u0161anu. \u0160ie cilindri nodro\u0161ina, ka kauss var efekt\u012bvi iek\u013c\u016bt zem\u0113, nodro\u0161inot nepiecie\u0161amo sp\u0113ku materi\u0101lu efekt\u012bvai p\u0101rvieto\u0161anai.<\/p>\n<h3>Lauksaimniec\u012bbas tehnika<\/h3>\n<p>In front-end loaders, boom cylinders are employed to scoop, lift, and transport soil, hay, and other materials. The effectiveness of task execution relies heavily on the hydraulic cylinder&#8217;s ability to provide the required lifting power and stability during operation.<\/p>\n<h3>Ekskavatori<\/h3>\n<p>Ekskavatoros kausa cilindrs ir vit\u0101li svar\u012bgs, lai pan\u0101ktu pareizu rak\u0161anas darb\u012bbu, \u013caujot kausam efekt\u012bvi iek\u013c\u016bt zem\u0113. \u0160\u012b sp\u0113ja ir b\u016btiska da\u017e\u0101diem rak\u0161anas darbiem, nodro\u0161inot produktivit\u0101ti un efektivit\u0101ti objekt\u0101.<\/p>\n<h3>Iekr\u0101v\u0113ji<\/h3>\n<p>Front\u0101lajos iekr\u0101v\u0113jos str\u0113les cilindri pal\u012bdz efekt\u012bvi pacelt un izg\u0101zt kravas, t\u0101d\u0113j\u0101di veicinot materi\u0101lu apstr\u0101des procesu kop\u0113jo efektivit\u0101ti. \u0160o hidraulisko cilindru veiktsp\u0113ja iev\u0113rojami uzlabo sp\u0113ju manevr\u0113t un kontrol\u0113t smagas kravas.<\/p>\n<h2>Dizaina apsv\u0113rumi<\/h2>\n<h3>Kravnes\u012bba<\/h3>\n<p>The load capacity of a boom cylinder is fundamental to its design. It must be engineered to withstand specific weight levels associated with various tasks. A thorough understanding of the machine&#8217;s operational requirements is essential to ensure that the cylinder can handle the expected loads without failure.<\/p>\n<h3>Bl\u012bv\u0113jums un iztur\u012bba<\/h3>\n<p>Bl\u012bv\u0113jums ir \u013coti svar\u012bgs hidraulisko cilindru efekt\u012bvai darb\u012bbai. Augstas kvalit\u0101tes bl\u012bv\u0113jumi nov\u0113r\u0161 hidraulisk\u0101 \u0161\u0137idruma nopl\u016bdi, nodro\u0161inot optim\u0101lu funkcionalit\u0101ti un dro\u0161\u012bbu. Bl\u012bv\u0113jumiem izmantotie materi\u0101li, piem\u0113ram, poliuret\u0101ns un nitrilgumija, ir izv\u0113l\u0113ti, \u0146emot v\u0113r\u0101 to iztur\u012bbu un nodilumiztur\u012bbu.<\/p>\n<h3>Dro\u0161\u012bba un apkope<\/h3>\n<p>Str\u0113les cilindru konstrukcij\u0101 \u0101rk\u0101rt\u012bgi svar\u012bgas ir dro\u0161\u012bbas funkcijas, tostarp spiediena samazin\u0101\u0161anas v\u0101rsti un iztur\u012bgi konstrukcijas materi\u0101li. Regul\u0101ra apkope ir nepiecie\u0161ama, lai nodro\u0161in\u0101tu ilgm\u016b\u017e\u012bbu un veiktsp\u0113ju, k\u0101 ar\u012b nov\u0113rstu negad\u012bjumus un iek\u0101rtu boj\u0101jumus.<\/p>\n<p><img decoding=\"async\" src=\"https:\/\/www.hydraulic-cylinders.net\/wp-content\/uploads\/2025\/04\/songte-oil-pipes-and-spare-parts.webp\" alt=\"Hidraulisko cilindru deta\u013cas\" \/><\/p>\n<h2>Bl\u012bv\u0113\u0161ana un e\u013c\u013co\u0161ana<\/h2>\n<p>Efekt\u012bva bl\u012bv\u0113\u0161ana tiek pan\u0101kta, izmantojot da\u017e\u0101dus bl\u012bv\u0113\u0161anas komponentus, tostarp virzu\u013ca bl\u012bves un stie\u0146a bl\u012bves. \u0160\u012bs bl\u012bves bie\u017ei tiek izgatavotas no iztur\u012bgiem materi\u0101liem, kas var iztur\u0113t nodilumu un nodro\u0161in\u0101t dro\u0161u aizsardz\u012bbu pret \u0161\u0137idruma nopl\u016bd\u0113m. Cilindra korpusa un v\u012bt\u0146oto galu stingr\u0101s pielaides un prec\u012bz\u0101 konstrukcija uzlabo iztur\u012bbu un veiktsp\u0113ju. Regul\u0101ra e\u013c\u013co\u0161ana ar hidraulisko e\u013c\u013cu ir b\u016btiska, lai uztur\u0113tu cilindra funkcionalit\u0101ti, nodro\u0161inot vienm\u0113r\u012bgu darb\u012bbu un samazinot iek\u0161\u0113jo komponentu nodilumu.<\/p>\n<h2>Regul\u0101ra p\u0101rbaude un profilaktisk\u0101 apkope<\/h2>\n<ul>\n<li><strong>Regul\u0101ras p\u0101rbaudes:<\/strong> Regul\u0101ri veiciet p\u0101rbaudes, lai noteiktu iesp\u0113jamu nodilumu vai darb\u012bbas trauc\u0113jumus. Probl\u0113mu agr\u012bna atkl\u0101\u0161ana var nov\u0113rst nopietnus boj\u0101jumus, t\u0101d\u0113j\u0101di palielinot str\u0113les cilindra kalpo\u0161anas laiku.<\/li>\n<li><strong>Pareiza e\u013c\u013co\u0161ana:<\/strong> P\u0101rliecinieties, vai cilindrs ir pien\u0101c\u012bgi iee\u013c\u013cots ar atbilsto\u0161a veida hidraulisko e\u013c\u013cu, lai samazin\u0101tu iek\u0161\u0113jo deta\u013cu berzi un nodilumu, t\u0101d\u0113j\u0101di veicinot vienm\u0113r\u012bgu darb\u012bbu.<\/li>\n<li><strong>Bl\u012bv\u0113juma nomai\u0146a:<\/strong> Regul\u0101ri p\u0101rbaudiet bl\u012bves, vai t\u0101s nav nodilu\u0161as, un nomainiet t\u0101s p\u0113c nepiecie\u0161am\u012bbas, lai nov\u0113rstu hidraulisk\u0101 \u0161\u0137idruma nopl\u016bdi, kas var\u0113tu samazin\u0101t veiktsp\u0113ju un palielin\u0101t remonta izmaksas.<\/li>\n<\/ul>\n<h2>Uzst\u0101d\u012b\u0161anas vadl\u012bnijas<\/h2>\n<p>Str\u0113les cilindra uzst\u0101d\u012b\u0161ana prasa r\u016bp\u012bgu uzman\u012bbu deta\u013c\u0101m. Vispirms p\u0101rliecinieties, vai cilindrs ir pareizi izl\u012bdzin\u0101ts ar stiprin\u0101jumiem uz ma\u0161\u012bnas. Izmantojiet atbilsto\u0161os stiprin\u0101juma kron\u0161teinus, lai nostiprin\u0101tu cilindru viet\u0101, izvairoties no jebk\u0101das nepareizas izl\u012bdzin\u0101\u0161anas, kas var\u0113tu izrais\u012bt darb\u012bbas probl\u0113mas. Pievienojot hidraulisk\u0101s l\u012bnijas, p\u0101rliecinieties, ka t\u0101s nav samezgloju\u0161\u0101s vai boj\u0101tas. Pirms darb\u012bbas ir svar\u012bgi piepild\u012bt cilindru ar pareizo hidraulisko \u0161\u0137idrumu un izlaist no sist\u0113mas gaisu. Visbeidzot, veiciet r\u016bp\u012bgu p\u0101rbaudi, lai p\u0101rliecin\u0101tos, ka cilindrs darbojas pareizi slodzes laik\u0101.<\/p>\n<p><img decoding=\"async\" src=\"https:\/\/www.hydraulic-cylinders.net\/wp-content\/uploads\/2025\/04\/songte-chushion-collar.webp\" alt=\"Cilindra uzst\u0101d\u012b\u0161ana\" \/><\/p>\n<h2>Dro\u0161\u012bbas apsv\u0113rumi<\/h2>\n<p>Izmantojot hidrauliskos cilindrus, dro\u0161\u012bbas pas\u0101kumi ir kritiski svar\u012bgi. Operatoriem vienm\u0113r j\u0101valk\u0101 atbilsto\u0161i individu\u0101lie aizsardz\u012bbas l\u012bdzek\u013ci (IAL) un j\u0101iev\u0113ro dro\u0161\u012bbas protokoli, lai samazin\u0101tu negad\u012bjumu risku. P\u0101rliecinieties, vai visi dro\u0161\u012bbas aizsargi ir sav\u0101s viet\u0101s un vai hidraulisk\u0101 sist\u0113ma tiek regul\u0101ri apkopta, lai nov\u0113rstu k\u013c\u016bmes, kas var\u0113tu izrais\u012bt traumas vai apr\u012bkojuma boj\u0101jumus.<\/p>\n<h2>K\u013c\u016bmju diagnostika un bie\u017e\u0101k sastopam\u0101s probl\u0113mas<\/h2>\n<ul>\n<li><strong>\u0160\u0137idruma nopl\u016bde:<\/strong> Ja no cilindra nopl\u016bst hidrauliskais \u0161\u0137idrums, tas var liecin\u0101t par nodilu\u0161iem bl\u012bv\u0113jumiem vai nepareizu uzst\u0101d\u012b\u0161anu. P\u0101rbaudiet bl\u012bves un nomainiet t\u0101s, ja nepiecie\u0161ams, lai nov\u0113rstu \u0161o probl\u0113mu.<\/li>\n<li><strong>L\u0113na darb\u012bba:<\/strong> Ja cilindrs kustas l\u0113n\u0101k nek\u0101 parasti, tas var b\u016bt saist\u012bts ar nepietiekamu hidraulisk\u0101 \u0161\u0137idruma daudzumu vai sist\u0113m\u0101 iesprostotu gaisu. P\u0101rliecinieties, vai \u0161\u0137idruma l\u012bmenis ir pietiekams, un nepiecie\u0161am\u012bbas gad\u012bjum\u0101 atgaisojiet sist\u0113mu.<\/li>\n<li><strong>Neparastas ska\u0146as:<\/strong> Sl\u012bp\u0113\u0161anas vai dauz\u012b\u0161an\u0101s trok\u0161\u0146i darb\u012bbas laik\u0101 var liecin\u0101t par meh\u0101nisk\u0101m probl\u0113m\u0101m vai nepietiekamu e\u013c\u013co\u0161anu. P\u0101rbaudiet cilindra deta\u013cas, vai t\u0101s nav nodilu\u0161as, un p\u0101rliecinieties, vai tiek uztur\u0113ta pareiza e\u013c\u013co\u0161ana.<\/li>\n<\/ul>\n<h2>Probl\u0113mu nov\u0113r\u0161anas padomi<\/h2>\n<p>Lai efekt\u012bvi diagnostic\u0113tu un nov\u0113rstu probl\u0113mas ar str\u0113les cilindru, iev\u0113rojiet konsekventu apkopes grafiku un re\u0123istr\u0113jiet visas radu\u0161\u0101s probl\u0113mas. Veiciet prevent\u012bvus pas\u0101kumus, lai samazin\u0101tu potenci\u0101l\u0101s probl\u0113mas, piem\u0113ram, regul\u0101ri p\u0101rbaudiet \u0161\u0137idruma l\u012bmeni un bl\u012bv\u0113jumus un savienojumus. Regul\u0101ras apkopes kontrolsaraksta izveide var pal\u012bdz\u0113t racionaliz\u0113t procesu un nodro\u0161in\u0101t, ka netiek palaists gar\u0101m neviens svar\u012bgs solis.<\/p>\n<p><img decoding=\"async\" src=\"https:\/\/www.hydraulic-cylinders.net\/wp-content\/uploads\/2025\/04\/songte-bushings-with-all-kinds-of-excavator-models.webp\" alt=\"Hidraulisk\u0101 cilindra probl\u0113mu nov\u0113r\u0161ana\" \/><\/p>\n<h2>Par m\u016bsu uz\u0146\u0113mumu<\/h2>\n<p>M\u0113s esam vado\u0161ais rezerves hidraulisko cilindru ra\u017eot\u0101js, kas pied\u0101v\u0101 pla\u0161u produktu kl\u0101stu gan viet\u0113jam, gan starptautiskajam tirgum. M\u016bsu ap\u0146em\u0161anos nodro\u0161in\u0101t izcil\u012bbu kvalit\u0101t\u0113 nodro\u0161ina izsmalcin\u0101ta ra\u017eo\u0161anas strat\u0113\u0123ija, kas ietver progres\u012bvas tehnolo\u0123ijas, kvalific\u0113tu person\u0101lu un stabilu kvalit\u0101tes kontroles sist\u0113mu. M\u0113s nep\u0101rtraukti uzlabojam savas ra\u017eo\u0161anas iesp\u0113jas, lai apmierin\u0101tu da\u017e\u0101das klientu vajadz\u012bbas ar augstu efektivit\u0101ti, precizit\u0101ti un kvalit\u0101ti.<\/p>\n<p>M\u016bsu pieredze aptver profesionalit\u0101ti, starptautiskus sertifik\u0101tus, piel\u0101gotus pakalpojumus, modernas ra\u017eo\u0161anas iek\u0101rtas un \u012bpa\u0161u p\u0113cp\u0101rdo\u0161anas atbalstu. M\u0113s cen\u0161amies pied\u0101v\u0101t piel\u0101gotus risin\u0101jumus, lai apmierin\u0101tu \u012bpa\u0161as klientu pras\u012bbas, nodro\u0161inot apmierin\u0101t\u012bbu un uzticam\u012bbu katr\u0101 pieg\u0101d\u0101taj\u0101 produkt\u0101.<\/p>\n<p><img decoding=\"async\" src=\"https:\/\/www.hydraulic-cylinders.net\/wp-content\/uploads\/2025\/04\/songte-company-4.webp\" alt=\"Uz\u0146\u0113muma p\u0101rskats\" \/><br \/>\n<img decoding=\"async\" src=\"https:\/\/www.hydraulic-cylinders.net\/wp-content\/uploads\/2025\/04\/songte-company-3.webp\" alt=\"Uz\u0146\u0113muma ra\u017eo\u0161ana\" \/><\/p>\n<p>Autors: lil<\/p>","protected":false},"excerpt":{"rendered":"<p>Boom Cylinder For Lonking Small Excavator LG6090 Product Overview The Boom Cylinder for Lonking Small Excavator LG6090 is a critical hydraulic component used extensively in construction and heavy machinery. This hydraulic cylinder is specifically designed to control the movement of the bucket on various heavy equipment, such as excavators, backhoe loaders, and front-end loaders. The [&hellip;]<\/p>","protected":false},"featured_media":17880,"comment_status":"open","ping_status":"closed","template":"","meta":{"_et_pb_use_builder":"","_et_pb_old_content":"","_et_gb_content_width":""},"product_brand":[],"product_cat":[1546],"product_tag":[1547,1496],"class_list":{"0":"post-19330","1":"product","2":"type-product","3":"status-publish","4":"has-post-thumbnail","6":"product_cat-boom-cylinders","7":"product_tag-boom-cylinders","8":"product_tag-hydraulic-cylinders","10":"first","11":"instock","12":"shipping-taxable","13":"product-type-simple"},"amp_enabled":true,"_links":{"self":[{"href":"https:\/\/www.hydraulic-cylinders.net\/lv\/wp-json\/wp\/v2\/product\/19330","targetHints":{"allow":["GET"]}}],"collection":[{"href":"https:\/\/www.hydraulic-cylinders.net\/lv\/wp-json\/wp\/v2\/product"}],"about":[{"href":"https:\/\/www.hydraulic-cylinders.net\/lv\/wp-json\/wp\/v2\/types\/product"}],"replies":[{"embeddable":true,"href":"https:\/\/www.hydraulic-cylinders.net\/lv\/wp-json\/wp\/v2\/comments?post=19330"}],"wp:featuredmedia":[{"embeddable":true,"href":"https:\/\/www.hydraulic-cylinders.net\/lv\/wp-json\/wp\/v2\/media\/17880"}],"wp:attachment":[{"href":"https:\/\/www.hydraulic-cylinders.net\/lv\/wp-json\/wp\/v2\/media?parent=19330"}],"wp:term":[{"taxonomy":"product_brand","embeddable":true,"href":"https:\/\/www.hydraulic-cylinders.net\/lv\/wp-json\/wp\/v2\/product_brand?post=19330"},{"taxonomy":"product_cat","embeddable":true,"href":"https:\/\/www.hydraulic-cylinders.net\/lv\/wp-json\/wp\/v2\/product_cat?post=19330"},{"taxonomy":"product_tag","embeddable":true,"href":"https:\/\/www.hydraulic-cylinders.net\/lv\/wp-json\/wp\/v2\/product_tag?post=19330"}],"curies":[{"name":"wp","href":"https:\/\/api.w.org\/{rel}","templated":true}]}}