{"id":19346,"date":"2025-04-07T06:28:09","date_gmt":"2025-04-07T06:28:09","guid":{"rendered":"https:\/\/www.hydraulic-cylinders.net\/product\/boom-cylinder-for-jcm-large-excavator-jcm936f\/"},"modified":"2025-04-07T06:28:12","modified_gmt":"2025-04-07T06:28:12","slug":"boom-cylinder-for-jcm-large-excavator-jcm936f","status":"publish","type":"product","link":"https:\/\/www.hydraulic-cylinders.net\/lv\/products\/boom-cylinder-for-jcm-large-excavator-jcm936f\/","title":{"rendered":"JCM liel\u0101 ekskavatora str\u0113les cilindrs JCM936F"},"content":{"rendered":"<h1>JCM liel\u0101 ekskavatora str\u0113les cilindrs JCM936F<\/h1>\n<h2>Produkta p\u0101rskats<\/h2>\n<p>JCM liel\u0101 ekskavatora JCM936F str\u0113les cilindrs ir svar\u012bga hidrauliska sast\u0101vda\u013ca, kas \u012bpa\u0161i paredz\u0113ta ekskavatora str\u0113les kust\u012bbas vad\u012bbai. \u0160is hidrauliskais cilindrs ir b\u016btisks da\u017e\u0101du smago ma\u0161\u012bnu, tostarp ekskavatoru, ekskavatoru-iekr\u0101v\u0113ju un front\u0101lo iekr\u0101v\u0113ju, darbin\u0101\u0161an\u0101. Str\u0113les cilindra galven\u0101 funkcija ir nodro\u0161in\u0101t str\u0113les pacel\u0161anu, nolai\u0161anu un noliek\u0161anu, atvieglojot materi\u0101lu efekt\u012bvu apstr\u0101di b\u016bvniec\u012bbas un rak\u0161anas darbu laik\u0101.<\/p>\n<p><img decoding=\"async\" src=\"https:\/\/www.hydraulic-cylinders.net\/wp-content\/uploads\/2025\/04\/songte-company-1.webp\" alt=\"Str\u0113les cilindrs JCM936F\" \/><\/p>\n<h3>Defin\u012bcija un funkcija<\/h3>\n<p>Kausa cilindrs ir hidraulisk\u0101 cilindra veids, ko pla\u0161i izmanto smagaj\u0101s ma\u0161\u012bn\u0101s. T\u0101 darb\u012bba ietver hidraulisko \u0161\u0137idrumu izmanto\u0161anu kust\u012bbas rad\u012b\u0161anai, \u013caujot operatoriem prec\u012bzi un viegli pacelt un manipul\u0113t ar smag\u0101m krav\u0101m. Hidraulisk\u0101s sist\u0113mas konstrukcija nodro\u0161ina, ka cilindrs var iztur\u0113t augstu spiedienu, padarot to uzticamu sare\u017e\u0123\u012btiem uzdevumiem da\u017e\u0101d\u0101s vid\u0113s.<\/p>\n<h2>Str\u0113les cilindra \u012bpa\u0161\u012bbas<\/h2>\n<ul>\n<li><strong>Augsta iztur\u012bba un ilgm\u016b\u017e\u012bba:<\/strong> Izgatavots no augstas stipr\u012bbas t\u0113rauda vai alum\u012bnija, str\u0113les cilindrs ir paredz\u0113ts, lai iztur\u0113tu augstu spiedienu un lielas slodzes, nodro\u0161inot veiktsp\u0113ju skarbos darba apst\u0101k\u013cos.<\/li>\n<li><strong>Efekt\u012bva hidraulisk\u0101 darb\u012bba:<\/strong> Izmantojot hidraulisk\u0101s e\u013c\u013cas spiedienu vienm\u0113r\u012bgai izstiep\u0161anai un sarau\u0161anai, tas \u0101tri rea\u0123\u0113 uz vad\u012bbas komand\u0101m, nodro\u0161inot iev\u0113rojamu stum\u0161anas un vilk\u0161anas sp\u0113ku, kas ir ide\u0101li piem\u0113rots smagu materi\u0101lu apstr\u0101dei.<\/li>\n<li><strong>Da\u017e\u0101di veidi:<\/strong> Pieejami vienk\u0101r\u0161\u0101s darb\u012bbas (hidrauliski tikai vien\u0101 virzien\u0101) vai divk\u0101r\u0161\u0101s darb\u012bbas (hidrauliski abos virzienos) mode\u013ci, kas nodro\u0161ina elast\u012bgu darb\u012bbu atbilsto\u0161i konkr\u0113t\u0101m vajadz\u012bb\u0101m.<\/li>\n<li><strong>Kompakts dizains:<\/strong> Da\u017eiem mode\u013ciem ir teleskopiska konstrukcija, kas \u013cauj veikt liel\u0101ku pagarin\u0101jumu, nepalielinot \u0101r\u0113jos izm\u0113rus, padarot tos piem\u0113rotus lieto\u0161anai ierobe\u017eot\u0101 telp\u0101.<\/li>\n<li><strong>Piel\u0101gota ra\u017eo\u0161ana:<\/strong> M\u0113s varam ra\u017eot \u0161o produktu un neman\u0101mi nomain\u012bt eso\u0161os hidrauliskos cilindrus, nodro\u0161inot sader\u012bbu un veiktsp\u0113ju.<\/li>\n<\/ul>\n<p><img decoding=\"async\" src=\"https:\/\/www.hydraulic-cylinders.net\/wp-content\/uploads\/2025\/04\/songte-cylinder-head-with-all-kinds-excavator-models.webp\" alt=\"Ekskavatora cilindru mode\u013ci\" \/><\/p>\n<h2>Str\u0113les cilindra pielietojumi<\/h2>\n<h3>Celtniec\u012bbas apr\u012bkojums<\/h3>\n<p>Ekskavatoros str\u0113les cilindram ir iz\u0161\u0137iro\u0161a noz\u012bme zemes vai gru\u017eu rak\u0161an\u0101, iekrau\u0161an\u0101 un p\u0101rvieto\u0161an\u0101. Hidraulisk\u0101 sist\u0113ma \u013cauj operatoriem efekt\u012bvi p\u0101rvald\u012bt ekskavatora kust\u012bbas, nodro\u0161inot precizit\u0101ti t\u0101dos uzdevumos k\u0101 tran\u0161eju rak\u0161ana un vietas sagatavo\u0161ana. Ar iesp\u0113ju vienm\u0113r\u012bgi izstiept un ievilkt str\u0113les cilindru nodro\u0161ina liel\u0101ku darb\u012bbas elast\u012bbu, piel\u0101gojoties da\u017e\u0101diem b\u016bvniec\u012bbas scen\u0101rijiem.<\/p>\n<h3>Lauksaimniec\u012bbas tehnika<\/h3>\n<p>Front\u0101lajos iekr\u0101v\u0113jos str\u0113les cilindri atvieglo augsnes, siena un citu materi\u0101lu sav\u0101k\u0161anu, cel\u0161anu un transport\u0113\u0161anu. Cilindra nodro\u0161in\u0101tais hidrauliskais sp\u0113ks nodro\u0161ina, ka smagas kravas var pacelt ar minim\u0101lu piep\u016bli, t\u0101d\u0113j\u0101di uzlabojot lauksaimniec\u012bbas darbu produktivit\u0101ti. \u0160o cilindru piel\u0101gojam\u012bba \u013cauj tiem efekt\u012bvi darboties da\u017e\u0101dos lauksaimniec\u012bbas apst\u0101k\u013cos, padarot tos par neaizst\u0101jamiem darbar\u012bkiem lauksaimniekiem.<\/p>\n<h3>Rak\u0161anas darbi<\/h3>\n<p>Str\u0113les cilindrs \u013cauj ekskavatoriem efekt\u012bvi iek\u013c\u016bt zem\u0113, nodro\u0161inot efekt\u012bvu rak\u0161anas darbu veik\u0161anu. Cilindram izstiepjoties, tas nodro\u0161ina nepiecie\u0161amo sp\u0113ku, lai izlauztos cauri cietai augsnei vai akme\u0146ainam reljefam, padarot rak\u0161anas darbus \u0101tr\u0101kus un maz\u0101k darbietilp\u012bgus. \u0160\u012b funkcionalit\u0101te ir kritiski svar\u012bga da\u017e\u0101d\u0101s nozar\u0113s, tostarp ieguves r\u016bpniec\u012bb\u0101 un infrastrukt\u016bras att\u012bst\u012bb\u0101.<\/p>\n<h3>Iekr\u0101v\u0113ja darb\u012bbas<\/h3>\n<p>Front\u0101lajos iekr\u0101v\u0113jos str\u0113les cilindrs pal\u012bdz efekt\u012bvi pacelt un izg\u0101zt kravas. Hidrauliskais meh\u0101nisms nodro\u0161ina, ka operatori var \u0101tri pacelt kausu, transport\u0113t materi\u0101lus un atbr\u012bvot tos prec\u012bz\u0101s viet\u0101s. \u0160\u012b \u0101tr\u0101 un efekt\u012bv\u0101 darb\u012bba ir \u013coti svar\u012bga, lai saglab\u0101tu produktivit\u0101ti b\u016bvlaukumos.<\/p>\n<h2>Dizaina apsv\u0113rumi un atlases krit\u0113riji<\/h2>\n<h3>Kravnes\u012bba<\/h3>\n<p>Str\u0113les cilindra kravnes\u012bba ir \u0101rk\u0101rt\u012bgi svar\u012bga, jo t\u0101 nosaka svaru, ko tas var dro\u0161i iztur\u0113t ekspluat\u0101cijas laik\u0101. \u0160o kravnes\u012bbu ietekm\u0113 t\u0101di faktori k\u0101 materi\u0101la iztur\u012bba, cilindra izm\u0113ri un hidraulisk\u0101 spiediena v\u0113rt\u0113jums. Ir \u013coti svar\u012bgi izv\u0113l\u0113ties cilindru, kas atbilst vai p\u0101rsniedz ekspluat\u0101cijas pras\u012bbas, lai nov\u0113rstu k\u013c\u016bmes un nodro\u0161in\u0101tu dro\u0161u lieto\u0161anu. Izv\u0113les procesam vienm\u0113r j\u0101pievieno atbilsto\u0161i apr\u0113\u0137ini un nov\u0113rt\u0113jumi, lai garant\u0113tu optim\u0101lu veiktsp\u0113ju un dro\u0161\u012bbu.<\/p>\n<h3>Bl\u012bv\u0113juma veiktsp\u0113ja<\/h3>\n<p>Bl\u012bv\u0113jums ir \u013coti svar\u012bgs hidraulisk\u0101 spiediena uztur\u0113\u0161anai un nopl\u016b\u017eu nov\u0113r\u0161anai. Ir svar\u012bgi izmantot augstas kvalit\u0101tes bl\u012bves, piem\u0113ram, virzu\u013ca bl\u012bves un stie\u0146a bl\u012bves, kas izgatavotas no iztur\u012bgiem materi\u0101liem, piem\u0113ram, poliuret\u0101na un nitrila gumijas. \u0160\u012bs bl\u012bves j\u0101izv\u0113las, pamatojoties uz to sp\u0113ju pretoties nodilumam un iztur\u0113t \u012bpa\u0161os apst\u0101k\u013cus, k\u0101dos cilindrs darbosies. Efekt\u012bva bl\u012bv\u0113\u0161ana ne tikai pagarina cilindra kalpo\u0161anas laiku, bet ar\u012b nodro\u0161ina uzticamu darb\u012bbu ekspluat\u0101cijas laik\u0101.<\/p>\n<h3>Iztur\u012bba<\/h3>\n<p>Iztur\u012bba ir b\u016btisks apsv\u0113rums str\u0113les cilindru projekt\u0113\u0161an\u0101. Konstrukcij\u0101 izmantotajiem materi\u0101liem j\u0101iztur ne tikai ekspluat\u0101cijas meh\u0101nisk\u0101s slodzes, bet ar\u012b vides faktori, piem\u0113ram, korozija un nodilums. Iztur\u012bga konstrukcija ietver virsmas apstr\u0101di un aizsargp\u0101rkl\u0101jumus, kas uzlabo iztur\u012bbu pret nodilumu un pagarina cilindra kop\u0113jo kalpo\u0161anas laiku. Invest\u012bcijas augstas kvalit\u0101tes materi\u0101los un in\u017eeniertehniskajos risin\u0101jumos laika gait\u0101 samazin\u0101s boj\u0101jumu un apkopes nepiecie\u0161am\u012bbu.<\/p>\n<h3>Dro\u0161\u012bbas funkcijas<\/h3>\n<p>Dro\u0161\u012bbai vienm\u0113r j\u0101b\u016bt priorit\u0101tei hidraulisko cilindru konstrukcij\u0101. T\u0101du funkciju k\u0101 spiediena samazin\u0101\u0161anas v\u0101rstu ievie\u0161ana var nov\u0113rst p\u0101rspiedienu, savuk\u0101rt pastiprin\u0101tas konstrukcijas uzlabo iztur\u012bbu pret boj\u0101jumiem slodzes laik\u0101. Turkl\u0101t ir svar\u012bgi nodro\u0161in\u0101t, lai cilindra konstrukcija nodro\u0161in\u0101tu \u0113rtu piek\u013cuvi apkopes punktiem. Regul\u0101ras dro\u0161\u012bbas p\u0101rbaudes un nozares standartu iev\u0113ro\u0161ana pal\u012bdz mazin\u0101t ar hidrauliskaj\u0101m darb\u012bb\u0101m saist\u012btos riskus.<\/p>\n<h3>Uzturam\u012bba<\/h3>\n<p>V\u0113l viens svar\u012bgs konstrukcijas apsv\u0113rums ir viegla apkope. Labi izstr\u0101d\u0101ts str\u0113les cilindrs nodro\u0161ina vienk\u0101r\u0161as p\u0101rbaudes, remontus un deta\u013cu nomai\u0146u. \u0160\u012b pieejam\u012bba ne tikai atvieglo ikdienas apkopi, bet ar\u012b samazina d\u012bkst\u0101ves laiku remonta proced\u016bru laik\u0101. Regul\u0101ri apkopes protokoli, tostarp e\u013c\u013co\u0161ana un bl\u012bv\u0113jumu p\u0101rbaude, j\u0101iek\u013cauj ekspluat\u0101cijas vadl\u012bnij\u0101s, lai nodro\u0161in\u0101tu hidraulisk\u0101 cilindra ilgm\u016b\u017e\u012bbu un uzticam\u012bbu.<\/p>\n<p><img decoding=\"async\" src=\"https:\/\/www.hydraulic-cylinders.net\/wp-content\/uploads\/2025\/04\/songte-oil-pipes-and-spare-parts.webp\" alt=\"Hidraulisko cilindru rezerves da\u013cas\" \/><\/p>\n<h2>Bl\u012bv\u0113\u0161ana un e\u013c\u013co\u0161ana<\/h2>\n<p>Efekt\u012bva bl\u012bv\u0113\u0161anas un e\u013c\u013co\u0161anas prakse ir b\u016btiska hidraulisko cilindru optim\u0101lai darb\u012bbai. Da\u017e\u0101di bl\u012bv\u0113\u0161anas komponenti, tostarp virzu\u013ca bl\u012bv\u0113jumi un stie\u0146u bl\u012bv\u0113jumi, j\u0101izv\u0113las no nodilumiztur\u012bgiem materi\u0101liem, piem\u0113ram, poliuret\u0101na un nitrila gumijas. \u0160ie materi\u0101li pal\u012bdz rad\u012bt iztur\u012bgu barjeru pret hidraulisk\u0101 \u0161\u0137idruma nopl\u016bdi, vienlaikus saglab\u0101jot to integrit\u0101ti ekstrem\u0101los apst\u0101k\u013cos. Turkl\u0101t cilindra korpuss un v\u012bt\u0146ot\u0101s gala virsmas ir j\u0101apstr\u0101d\u0101 prec\u012bzi, lai uzlabotu nodilumiztur\u012bbu.<\/p>\n<p>Lai uztur\u0113tu str\u0113les cilindra darb\u012bbas efektivit\u0101ti, nepiecie\u0161ama regul\u0101ra e\u013c\u013co\u0161ana. J\u0101uztur atbilsto\u0161s hidraulisk\u0101s e\u013c\u013cas l\u012bmenis, un periodiska uzpilde ir b\u016btiska, lai nodro\u0161in\u0101tu nevainojamu darb\u012bbu. E\u013c\u013co\u0161anas proces\u0101 j\u0101izmanto pareiza veida un viskozit\u0101tes hidrauliskais \u0161\u0137idrums, k\u0101 nor\u0101d\u012bjis ra\u017eot\u0101js, jo tas ietekm\u0113 cilindra veiktsp\u0113ju un ilgm\u016b\u017e\u012bbu.<\/p>\n<h2>Prevent\u012bvie apkopes pas\u0101kumi<\/h2>\n<ul>\n<li><strong>Regul\u0101ras p\u0101rbaudes:<\/strong> Veiciet regul\u0101ras vizu\u0101las p\u0101rbaudes, lai p\u0101rbaud\u012btu, vai nav nodiluma vai boj\u0101jumu paz\u012bmju. Mekl\u0113jiet nopl\u016bdes, plaisas un koroziju, kas var\u0113tu liecin\u0101t par iesp\u0113jamu boj\u0101jumu.<\/li>\n<li><strong>Pareiza e\u013c\u013co\u0161ana:<\/strong> P\u0101rliecinieties, vai visas kust\u012bg\u0101s da\u013cas ir pien\u0101c\u012bgi iee\u013c\u013cotas saska\u0146\u0101 ar ra\u017eot\u0101ja nor\u0101d\u012bjumiem. Nepietiekama e\u013c\u013co\u0161ana var izrais\u012bt palielin\u0101tu berzi un priek\u0161laic\u012bgu nodilumu.<\/li>\n<li><strong>Bl\u012bv\u0113juma nomai\u0146a:<\/strong> Nomainiet bl\u012bves p\u0113c nepiecie\u0161am\u012bbas, \u012bpa\u0161i, ja tiek konstat\u0113tas nopl\u016bdes. Nolietotas bl\u012bves var samazin\u0101t hidraulisko efektivit\u0101ti un izrais\u012bt sist\u0113mas k\u013c\u016bmes.<\/li>\n<\/ul>\n<h2>Uzst\u0101d\u012b\u0161anas vadl\u012bnijas<\/h2>\n<p>Lai veiksm\u012bgi uzst\u0101d\u012btu str\u0113les cilindru JCM936F, veiciet t\u0101l\u0101k nor\u0101d\u012bt\u0101s darb\u012bbas.<\/p>\n<ol>\n<li><strong>Sagatavo\u0161ana:<\/strong> Pirms uzst\u0101d\u012b\u0161anas sav\u0101ciet visus nepiecie\u0161amos instrumentus un komponentus.<\/li>\n<li><strong>Izl\u012bdzin\u0101\u0161ana:<\/strong> P\u0101rliecinieties, vai cilindrs ir pareizi izl\u012bdzin\u0101ts ar stiprin\u0101juma punktiem. Nepareiza izl\u012bdzin\u0101\u0161ana var izrais\u012bt p\u0101rm\u0113r\u012bgu spriegumu un nodilumu.<\/li>\n<li><strong>Mont\u0101\u017ea:<\/strong> Izmantojiet atbilsto\u0161us mont\u0101\u017eas kron\u0161teinus, lai nostiprin\u0101tu cilindru viet\u0101. P\u0101rliecinieties, vai visas skr\u016bves ir pievilktas atbilsto\u0161i ra\u017eot\u0101ja specifik\u0101cij\u0101m.<\/li>\n<li><strong>Hidrauliskie savienojumi:<\/strong> Pievienojiet hidraulisk\u0101s l\u012bnijas, p\u0101rliecinoties, ka nav nopl\u016b\u017eu. Iev\u0113rojiet pareizo izvietojumu, lai nov\u0113rstu boj\u0101jumus.<\/li>\n<li><strong>Test\u0113\u0161ana:<\/strong> P\u0113c uzst\u0101d\u012b\u0161anas p\u0101rbaudiet cilindra darb\u012bbu slodzes apst\u0101k\u013cos, lai p\u0101rliecin\u0101tos, ka viss darbojas, k\u0101 paredz\u0113ts. Uzraugiet, vai nav neparastu trok\u0161\u0146u vai nopl\u016b\u017eu.<\/li>\n<\/ol>\n<h2>Bie\u017ei sastopamie apkopes uzdevumi<\/h2>\n<ul>\n<li><strong>Regul\u0101ras p\u0101rbaudes:<\/strong> Lai laikus noteiktu nodilumu un boj\u0101jumus, veiciet pl\u0101notas hidraulisk\u0101s sist\u0113mas un cilindra p\u0101rbaudes. Mekl\u0113jiet nopl\u016bdes un neparastus nodiluma mode\u013cus.<\/li>\n<li><strong>Pareiza e\u013c\u013co\u0161ana:<\/strong> Uzturiet atbilsto\u0161u e\u013c\u013co\u0161anas l\u012bmeni, regul\u0101ri p\u0101rbaudot un papildinot hidraulisko e\u013c\u013cu. Tas nodro\u0161ina vienm\u0113r\u012bgu darb\u012bbu un nov\u0113r\u0161 nodilumu.<\/li>\n<li><strong>Bl\u012bv\u0113juma nomai\u0146a:<\/strong> Regul\u0101ri p\u0101rbaudiet bl\u012bves un nomainiet t\u0101s, tikl\u012bdz par\u0101d\u0101s pirm\u0101s boj\u0101juma paz\u012bmes. Tas ir \u013coti svar\u012bgi, lai saglab\u0101tu hidraulisko efektivit\u0101ti un nov\u0113rstu nopl\u016bdes.<\/li>\n<\/ul>\n<p>Svar\u012bgi ir pareizi uzst\u0101d\u012bt, e\u013c\u013cot un regul\u0113t. Uzst\u0101d\u012b\u0161anas laik\u0101 p\u0101rliecinieties, vai cilindrs ir pareizi izl\u012bdzin\u0101ts, jo nepareiza izl\u012bdzin\u0101\u0161ana var izrais\u012bt boj\u0101jumus. Mont\u0101\u017eai izmantojiet piem\u0113rotus kron\u0161teinus un iev\u0113rojiet ieteicamos p\u0101rbaudes, remonta un nomai\u0146as protokolus, nodro\u0161inot str\u0113les cilindra ilgm\u016b\u017e\u012bbu.<\/p>\n<p><img decoding=\"async\" src=\"https:\/\/www.hydraulic-cylinders.net\/wp-content\/uploads\/2025\/04\/songte-chushion-collar.webp\" alt=\"Str\u0113les cilindra amortizatora apkakle\" \/><\/p>\n<h2>Dro\u0161\u012bbas apsv\u0113rumi un vides faktori<\/h2>\n<p>Str\u0101d\u0101jot ar hidrauliskajiem cilindriem, dro\u0161\u012bbas pas\u0101kumi ir \u0101rk\u0101rt\u012bgi svar\u012bgi. Operatoriem j\u0101iev\u0113ro stingri nor\u0101d\u012bjumi, lai nodro\u0161in\u0101tu dro\u0161u darb\u012bbu un samazin\u0101tu riskus. Individu\u0101lo aizsardz\u012bbas l\u012bdzek\u013cu (IAL) lieto\u0161ana ekspluat\u0101cijas laik\u0101 ir b\u016btiska, jo hidraulisk\u0101 \u0161\u0137idruma nopl\u016bdes var rad\u012bt b\u012bstam\u012bbu. Turkl\u0101t ir nepiecie\u0161ama atbilsto\u0161a apm\u0101c\u012bba, lai efekt\u012bvi r\u012bkotos ar smagaj\u0101m ma\u0161\u012bn\u0101m un hidrauliskaj\u0101m sast\u0101vda\u013c\u0101m. Izpratne par iesp\u0113jamo ietekmi uz vidi, piem\u0113ram, \u0161\u0137idrumu nopl\u016bd\u0113m, ir \u013coti svar\u012bga; t\u0101p\u0113c pareizas ierobe\u017eo\u0161anas un utiliz\u0101cijas prakses nodro\u0161in\u0101\u0161ana ir b\u016btiska, lai samazin\u0101tu ekolo\u0123isko p\u0113du nospiedumu.<\/p>\n<h2>Probl\u0113mu nov\u0113r\u0161ana un bie\u017ei sastopamas probl\u0113mas<\/h2>\n<ul>\n<li><strong>Nopl\u016bde:<\/strong> Past\u0101v\u012bgas \u0161\u0137idruma nopl\u016bdes var liecin\u0101t par nodilu\u0161iem bl\u012bv\u0113jumiem vai boj\u0101t\u0101m hidrauliskaj\u0101m l\u012bnij\u0101m. P\u0101rbaudiet bl\u012bves un nomainiet t\u0101s, ja nepiecie\u0161ams.<\/li>\n<li><strong>L\u0113na darb\u012bba:<\/strong> Ja cilindrs darbojas l\u0113ni, tas var b\u016bt saist\u012bts ar zemu hidraulisk\u0101 \u0161\u0137idruma l\u012bmeni vai pies\u0101r\u0146ojumu. P\u0101rbaudiet \u0161\u0137idruma l\u012bmeni un kvalit\u0101ti un nomainiet to, ja nepiecie\u0161ams.<\/li>\n<li><strong>Nav kust\u012bbas:<\/strong> Ja cilindrs nekustas, p\u0101rbaudiet, vai hidrauliskaj\u0101s l\u012bnij\u0101s nav aizsprostojumu vai boj\u0101ta s\u016bk\u0146a. P\u0101rliecinieties, vai sist\u0113m\u0101 ir pietiekams spiediens.<\/li>\n<\/ul>\n<p>Lai efekt\u012bvi diagnostic\u0113tu un nov\u0113rstu probl\u0113mas, ir \u013coti svar\u012bgas r\u016bp\u012bgas p\u0101rbaudes. Regul\u0101ra apkope var pal\u012bdz\u0113t nov\u0113rst daudzas bie\u017ei sastopamas probl\u0113mas, kas saist\u012btas ar hidrauliskajiem cilindriem. Operatoriem j\u0101iepaz\u012bstas ar sist\u0113mu, lai identific\u0113tu un risin\u0101tu probl\u0113mas, pirms t\u0101s p\u0101raug nopietn\u0101k\u0101s probl\u0113m\u0101s.<\/p>\n<p><img decoding=\"async\" src=\"https:\/\/www.hydraulic-cylinders.net\/wp-content\/uploads\/2025\/04\/songte-bushings-with-all-kinds-of-excavator-models.webp\" alt=\"Bukses da\u017e\u0101diem ekskavatoru mode\u013ciem\" \/><\/p>\n<h2>Uz\u0146\u0113muma p\u0101rskats<\/h2>\n<p>M\u0113s esam vado\u0161ais hidraulisko cilindru ra\u017eot\u0101js, kas specializ\u0113jas da\u017e\u0101du pielietojumu rezerves cilindru ra\u017eo\u0161an\u0101. M\u016bsu pla\u0161ais produktu kl\u0101sts ir pozicion\u0113jis m\u016bs k\u0101 vienu no vado\u0161ajiem ra\u017eot\u0101jiem un vairumtirgot\u0101jiem gan viet\u0113j\u0101, gan starptautiskaj\u0101 tirg\u016b. M\u0113s iev\u0113rojam izcil\u012bbas principus, izmantojot r\u016bpniecisk\u0101s ra\u017eo\u0161anas vad\u012bbas strat\u0113\u0123ijas. M\u016bsu ap\u0146em\u0161an\u0101s nodro\u0161in\u0101t kvalit\u0101ti izriet no kvalific\u0113ta tehnisk\u0101 person\u0101la, modernu digit\u0101lo ra\u017eo\u0161anas iek\u0101rtu un profesion\u0101lu test\u0113\u0161anas sist\u0113mu izmanto\u0161anas.<\/p>\n<p>M\u016bsu uzman\u012bba ra\u017eo\u0161anas platformu uzlabo\u0161anai uzlabo produktu kvalit\u0101ti, vienlaikus efekt\u012bvi un prec\u012bzi apmierinot da\u017e\u0101das klientu vajadz\u012bbas. M\u0113s pied\u0101v\u0101jam starptautiskus sertifik\u0101tus, piel\u0101gojamus pakalpojumus un izcilu p\u0113cp\u0101rdo\u0161anas atbalstu, lai nodro\u0161in\u0101tu apmierin\u0101t\u012bbu un uzticam\u012bbu ar katru pieg\u0101d\u0101to produktu.<\/p>\n<p><img decoding=\"async\" src=\"https:\/\/www.hydraulic-cylinders.net\/wp-content\/uploads\/2025\/04\/songte-company-4.webp\" alt=\"M\u016bsu ra\u017eotne\" \/><br \/>\n<img decoding=\"async\" src=\"https:\/\/www.hydraulic-cylinders.net\/wp-content\/uploads\/2025\/04\/songte-company-3.webp\" alt=\"Hidraulisko cilindru ra\u017eo\u0161ana\" \/><\/p>\n<p>Autors: lil<\/p>","protected":false},"excerpt":{"rendered":"<p>Boom Cylinder For JCM Large Excavator JCM936F Product Overview The Boom Cylinder for JCM Large Excavator JCM936F is a vital hydraulic component specifically designed to control the movement of the excavator&#8217;s boom. This hydraulic cylinder is essential in operating various heavy machinery, including excavators, backhoe loaders, and front loaders. The primary function of the boom [&hellip;]<\/p>","protected":false},"featured_media":17881,"comment_status":"open","ping_status":"closed","template":"","meta":{"_et_pb_use_builder":"","_et_pb_old_content":"","_et_gb_content_width":""},"product_brand":[],"product_cat":[1546],"product_tag":[1547,1496],"class_list":{"0":"post-19346","1":"product","2":"type-product","3":"status-publish","4":"has-post-thumbnail","6":"product_cat-boom-cylinders","7":"product_tag-boom-cylinders","8":"product_tag-hydraulic-cylinders","10":"first","11":"instock","12":"shipping-taxable","13":"product-type-simple"},"amp_enabled":true,"_links":{"self":[{"href":"https:\/\/www.hydraulic-cylinders.net\/lv\/wp-json\/wp\/v2\/product\/19346","targetHints":{"allow":["GET"]}}],"collection":[{"href":"https:\/\/www.hydraulic-cylinders.net\/lv\/wp-json\/wp\/v2\/product"}],"about":[{"href":"https:\/\/www.hydraulic-cylinders.net\/lv\/wp-json\/wp\/v2\/types\/product"}],"replies":[{"embeddable":true,"href":"https:\/\/www.hydraulic-cylinders.net\/lv\/wp-json\/wp\/v2\/comments?post=19346"}],"wp:featuredmedia":[{"embeddable":true,"href":"https:\/\/www.hydraulic-cylinders.net\/lv\/wp-json\/wp\/v2\/media\/17881"}],"wp:attachment":[{"href":"https:\/\/www.hydraulic-cylinders.net\/lv\/wp-json\/wp\/v2\/media?parent=19346"}],"wp:term":[{"taxonomy":"product_brand","embeddable":true,"href":"https:\/\/www.hydraulic-cylinders.net\/lv\/wp-json\/wp\/v2\/product_brand?post=19346"},{"taxonomy":"product_cat","embeddable":true,"href":"https:\/\/www.hydraulic-cylinders.net\/lv\/wp-json\/wp\/v2\/product_cat?post=19346"},{"taxonomy":"product_tag","embeddable":true,"href":"https:\/\/www.hydraulic-cylinders.net\/lv\/wp-json\/wp\/v2\/product_tag?post=19346"}],"curies":[{"name":"wp","href":"https:\/\/api.w.org\/{rel}","templated":true}]}}