{"id":19372,"date":"2025-04-07T06:30:53","date_gmt":"2025-04-07T06:30:53","guid":{"rendered":"https:\/\/www.hydraulic-cylinders.net\/product\/boom-cylinder-for-sdlg-middle-excavator-lg6270e\/"},"modified":"2025-04-07T06:30:57","modified_gmt":"2025-04-07T06:30:57","slug":"boom-cylinder-for-sdlg-middle-excavator-lg6270e","status":"publish","type":"product","link":"https:\/\/www.hydraulic-cylinders.net\/lv\/products\/boom-cylinder-for-sdlg-middle-excavator-lg6270e\/","title":{"rendered":"Str\u0113les cilindrs SDLG vid\u0113jam ekskavatoram LG6270E"},"content":{"rendered":"<h1>Str\u0113les cilindrs SDLG vid\u0113jam ekskavatoram LG6270E<\/h1>\n<h2>Produkta p\u0101rskats<\/h2>\n<p>SDLG LG6270E str\u0113les cilindrs ir b\u016btiska hidrauliska sast\u0101vda\u013ca, kas \u012bpa\u0161i izstr\u0101d\u0101ta vid\u0113j\u0101s klases ekskavatoriem. \u0160im hidrauliskajam cilindram ir iz\u0161\u0137iro\u0161a noz\u012bme ekskavatora str\u0113les kust\u012bbas kontrol\u0113\u0161an\u0101, \u013caujot tam efekt\u012bvi pacelt, nolaist un noliekt kausu. Kausa cilindrs ir hidraulisk\u0101 cilindra veids, kas ir neat\u0146emama smago ma\u0161\u012bnu, piem\u0113ram, ekskavatoru, ekskavatoru-iekr\u0101v\u0113ju un front\u0101lo iekr\u0101v\u0113ju, darb\u012bbas sast\u0101vda\u013ca. Tas nodro\u0161ina prec\u012bzu kust\u012bbu, kas nepiecie\u0161ama da\u017e\u0101du materi\u0101lu apstr\u0101dei b\u016bvniec\u012bbas un rak\u0161anas darbu laik\u0101.<\/p>\n<p>Hidrauliskaj\u0101s sist\u0113m\u0101s kausa cilindrs darbojas, izmantojot spiediena hidraulisko \u0161\u0137idrumu sp\u0113ka \u0123ener\u0113\u0161anai, \u013caujot str\u0113lei kust\u0113ties ar izcilu kontroli un precizit\u0101ti. T\u0101 konstrukcija ir piel\u0101gota, lai iztur\u0113tu augstu spiedienu un lielas slodzes, padarot to uzticamu sare\u017e\u0123\u012btiem rak\u0161anas darbiem. \u0160is hidrauliskais cilindrs ne tikai uzlabo ekskavatoru ekspluat\u0101cijas iesp\u0113jas, bet ar\u012b palielina produktivit\u0101ti darba viet\u0101s.<\/p>\n<p><img decoding=\"async\" src=\"https:\/\/www.hydraulic-cylinders.net\/wp-content\/uploads\/2025\/04\/songte-company-1.webp\" alt=\"Ekskavatoru str\u0113les cilindrs\"><\/p>\n<h2>Galven\u0101s iez\u012bmes<\/h2>\n<ul>\n<li><strong>Augsta iztur\u012bba un ilgm\u016b\u017e\u012bba:<\/strong> M\u016bsu str\u0113les cilindri ir izgatavoti no augstas stipr\u012bbas t\u0113rauda vai alum\u012bnija, lai iztur\u0113tu augstu spiedienu un lielas slodzes, padarot tos ide\u0101li piem\u0113rotus skarbiem darba apst\u0101k\u013ciem.<\/li>\n<li><strong>Efekt\u012bva hidraulisk\u0101 darb\u012bba:<\/strong> Hidraulisk\u0101s e\u013c\u013cas spiediena izmanto\u0161ana nodro\u0161ina vienm\u0113r\u012bgu un \u0101tru izvilk\u0161anu un ievilk\u0161anu, nodro\u0161inot jaud\u012bgas stum\u0161anas un vilk\u0161anas iesp\u0113jas, kas piem\u0113rotas smagiem un sare\u017e\u0123\u012btiem uzdevumiem.<\/li>\n<li><strong>Da\u017e\u0101di veidi:<\/strong> Pieejams vienvirziena darb\u012bbas (darbojas vien\u0101 virzien\u0101) vai divk\u0101r\u0161as darb\u012bbas (darbojas abos virzienos) variantos, k\u0101 ar\u012b teleskopisk\u0101s konstrukcij\u0101s liel\u0101kam pagarin\u0101jumam, nepalielinot \u0101r\u0113jos izm\u0113rus.<\/li>\n<li><strong>Nodilumiztur\u012bba un korozijas iztur\u012bba:<\/strong> Izstr\u0101d\u0101ts no materi\u0101liem, kas ir iztur\u012bgi pret nodilumu un koroziju, t\u0101d\u0113j\u0101di pagarinot hidraulisk\u0101 cilindra ekspluat\u0101cijas laiku.<\/li>\n<li><strong>Daudzpus\u012bgi pielietojumi:<\/strong> Piem\u0113rots da\u017e\u0101d\u0101m smago ma\u0161\u012bnu oper\u0101cij\u0101m, s\u0101kot no ekskavatoriem l\u012bdz iekr\u0101v\u0113jiem, pastiprinot t\u0101 b\u016btisko lomu b\u016bvniec\u012bb\u0101 un materi\u0101lu apstr\u0101d\u0113.<\/li>\n<\/ul>\n<p>M\u016bsu produkti var lieliski aizst\u0101t eso\u0161os hidrauliskos cilindrus, nodro\u0161inot j\u016bsu tehnikas nep\u0101rtrauktu efektivit\u0101ti un uzticam\u012bbu.<\/p>\n<p><img decoding=\"async\" src=\"https:\/\/www.hydraulic-cylinders.net\/wp-content\/uploads\/2025\/04\/songte-cylinder-head-with-all-kinds-excavator-models.webp\" alt=\"Hidraulisk\u0101 cilindra opcijas\"><\/p>\n<h2>Pieteikumi<\/h2>\n<h3>Celtniec\u012bbas apr\u012bkojums<\/h3>\n<p>B\u016bvniec\u012bbas tehnik\u0101 str\u0113les cilindrs ir \u013coti svar\u012bgs ekskavatoriem, jo \u200b\u200btas pal\u012bdz rakt, iekraut un transport\u0113t augsni vai gru\u017eus. Hidraulisk\u0101 cilindra sp\u0113ja pacelt un nolaist kausu nodro\u0161ina efekt\u012bvu rak\u0161anas veiktsp\u0113ju. Tas ir svar\u012bgi ar\u012b ekskavatoriem-iekr\u0101v\u0113jiem, nodro\u0161inot nepiecie\u0161amo celtsp\u0113ju, lai uzlabotu rak\u0161anas un iekrau\u0161anas oper\u0101cijas.<\/p>\n<h3>Lauksaimniec\u012bbas tehnika<\/h3>\n<p>Front\u0101lo iekr\u0101v\u0113ju str\u0113les cilindrs ir b\u016btisks augsnes, siena un citu materi\u0101lu sav\u0101k\u0161anai, cel\u0161anai un p\u0101rvieto\u0161anai. T\u0101 efekt\u012bv\u0101 darb\u012bba \u013cauj operatoriem \u0101tri veikt uzdevumus, samazinot katram darbam velt\u012bto laiku un vienlaikus uzlabojot kop\u0113jo produktivit\u0101ti saimniec\u012bb\u0101s.<\/p>\n<h3>Rak\u0161anas darbi<\/h3>\n<p>Ekskavatoru kausa cilindrs nodro\u0161ina efekt\u012bvu rak\u0161anu, \u013caujot kausam iek\u013c\u016bt augsn\u0113. T\u0101 vienm\u0113r\u012bga darb\u012bba ir \u013coti svar\u012bga da\u017e\u0101dos grunts apst\u0101k\u013cos, nodro\u0161inot efekt\u012bvu rak\u0161anas darbu veik\u0161anu.<\/p>\n<h3>Iel\u0101d\u0113t\u0101ja lietojumprogrammas<\/h3>\n<p>Front\u0101lajos iekr\u0101v\u0113jos str\u0113les cilindri pal\u012bdz pacelt un izg\u0101zt kravas neatkar\u012bgi no t\u0101, vai t\u0101s ir net\u012brumi, gru\u017ei vai citi materi\u0101li. To augst\u0101 celtsp\u0113ja un uzticam\u012bba padara tos neaizst\u0101jamus b\u016bvniec\u012bbas un ainavu veido\u0161anas darbos.<\/p>\n<h2>Dizaina apsv\u0113rumi un atlases krit\u0113riji<\/h2>\n<h3>Kravnes\u012bba<\/h3>\n<p>Izv\u0113loties str\u0113les cilindru, kravnes\u012bba ir \u0101rk\u0101rt\u012bgi svar\u012bga. T\u0101 nosaka maksim\u0101lo svaru, ko cilindrs var dro\u0161i pacelt un nolaist. Cilindram j\u0101sp\u0113j iztur\u0113t maksim\u0101lo slodzi, neapdraudot dro\u0161\u012bbu vai funkcionalit\u0101ti. Ir svar\u012bgi nov\u0113rt\u0113t ikdienas uzdevumos paredzam\u0101s ekspluat\u0101cijas slodzes, lai izv\u0113l\u0113tos cilindru, kas p\u0101rsniedz \u0161\u012bs pras\u012bbas, nodro\u0161inot uzticam\u012bbu smagu darbu laik\u0101.<\/p>\n<h3>Bl\u012bv\u0113\u0161anas efektivit\u0101te<\/h3>\n<p>Hidrauliskajiem cilindriem bl\u012bv\u0113jums ir \u013coti svar\u012bgs. Augstas kvalit\u0101tes bl\u012bv\u0113jumi nov\u0113r\u0161 hidraulisk\u0101 \u0161\u0137idruma nopl\u016bdi, saglab\u0101jot spiedienu un veiktsp\u0113ju. Pareizi bl\u012bv\u0113\u0161anas meh\u0101nismi nodro\u0161ina cilindra efekt\u012bvu un dro\u0161u darb\u012bbu augsta spiediena apst\u0101k\u013cos. Bl\u012bv\u0113juma materi\u0101lu, piem\u0113ram, poliuret\u0101na vai nitrilgumijas, izv\u0113lei ir b\u016btiska loma iztur\u012bbas un sp\u0113jas iztur\u0113t da\u017e\u0101das temperat\u016bras un spiedienus nodro\u0161in\u0101\u0161an\u0101.<\/p>\n<h3>Iztur\u012bba<\/h3>\n<p>Iztur\u012bba ir galvenais dizaina apsv\u0113rums. Cilindra konstrukcij\u0101 izmantotajiem materi\u0101liem j\u0101b\u016bt iztur\u012bgiem pret nodilumu un koroziju, lai pagarin\u0101tu t\u0101 kalpo\u0161anas laiku. Labi konstru\u0113ts hidrauliskais cilindrs tiek pak\u013cauts stingrai p\u0101rbaudei, lai nodro\u0161in\u0101tu, ka tas var darboties vissare\u017e\u0123\u012bt\u0101kajos apst\u0101k\u013cos, kas ir svar\u012bgi, lai samazin\u0101tu d\u012bkst\u0101ves laiku un apkopes izmaksas.<\/p>\n<h3>Dro\u0161\u012bbas funkcijas<\/h3>\n<p>Dro\u0161\u012bba ir iz\u0161\u0137iro\u0161s faktors hidraulisko cilindru projekt\u0113\u0161an\u0101. T\u0101das funkcijas k\u0101 spiediena samazin\u0101\u0161anas v\u0101rsti un dro\u0161\u012bbas sl\u0113dzenes nodro\u0161ina cilindra darb\u012bbu dro\u0161\u0101s robe\u017e\u0101s, aizsarg\u0101jot gan operatorus, gan ma\u0161\u012bnas. Izpratne par str\u0113les cilindra \u012bpa\u0161aj\u0101m dro\u0161\u012bbas funkcij\u0101m var nov\u0113rst negad\u012bjumus un uzlabot ekspluat\u0101cijas dro\u0161\u012bbu.<\/p>\n<h3>Uzturam\u012bba<\/h3>\n<p>Vienk\u0101r\u0161a apkope ir b\u016btiska jebkuram hidrauliskajam cilindram. Konstrukcijai j\u0101nodro\u0161ina vienk\u0101r\u0161a bl\u012bv\u0113jumu un savienojumu p\u0101rbaude un nomai\u0146a. Viegli apkopjama konstrukcija pal\u012bdz samazin\u0101t ar cilindra apkopi saist\u012bto laiku un izmaksas, nodro\u0161inot t\u0101 optim\u0101lu darba st\u0101vokli vis\u0101 t\u0101 kalpo\u0161anas laik\u0101.<\/p>\n<p><img decoding=\"async\" src=\"https:\/\/www.hydraulic-cylinders.net\/wp-content\/uploads\/2025\/04\/songte-oil-pipes-and-spare-parts.webp\" alt=\"Hidraulisko cilindru komponenti\"><\/p>\n<h2>Bl\u012bv\u0113\u0161ana un e\u013c\u013co\u0161ana<\/h2>\n<p>Efekt\u012bva bl\u012bv\u0113\u0161ana un e\u013c\u013co\u0161ana ir \u013coti svar\u012bga hidraulisko cilindru ilgm\u016b\u017e\u012bbai un veiktsp\u0113jai. Lai nodro\u0161in\u0101tu hidraulisk\u0101 \u0161\u0137idruma notur\u0113\u0161anu cilindr\u0101, tiek izmantoti da\u017e\u0101di bl\u012bv\u0113jumi, piem\u0113ram, virzu\u013ca bl\u012bv\u0113jumi un stie\u0146a bl\u012bv\u0113jumi. Bl\u012bv\u0113jumiem j\u0101b\u016bt izgatavotiem no iztur\u012bgiem materi\u0101liem, piem\u0113ram, poliuret\u0101na vai nitrila gumijas, lai tie iztur\u0113tu nodilumu laika gait\u0101. Turkl\u0101t cilindra korpusam un v\u012bt\u0146otaj\u0101m gala virsm\u0101m j\u0101b\u016bt smalki apstr\u0101d\u0101t\u0101m, lai uzlabotu nodilumiztur\u012bbu.<\/p>\n<p>Regul\u0101ra e\u013c\u013co\u0161ana ir b\u016btiska, un hidraulisk\u0101 e\u013c\u013ca ir j\u0101papildina atbilsto\u0161os interv\u0101los. \u0160\u012b e\u013c\u013co\u0161ana samazina berzi starp kust\u012bgaj\u0101m deta\u013c\u0101m, nodro\u0161inot vienm\u0113r\u012bgu darb\u012bbu un samazinot nodilumu. Pareiza e\u013c\u013co\u0161anas grafika ievie\u0161ana pal\u012bdz\u0113s uztur\u0113t hidraulisk\u0101 cilindra efektivit\u0101ti un nov\u0113rs\u012bs iesp\u0113jamus boj\u0101jumus.<\/p>\n<h2>Regul\u0101ra p\u0101rbaude un profilaktisk\u0101 apkope<\/h2>\n<ul>\n<li><strong>Regul\u0101ras p\u0101rbaudes:<\/strong> Regul\u0101ri p\u0101rbaudiet hidraulisko cilindru, lai p\u0101rbaud\u012btu, vai nav nopl\u016b\u017eu, korozijas vai jebk\u0101du nodiluma paz\u012bmju. Probl\u0113mu agr\u012bna identific\u0113\u0161ana var nov\u0113rst nopietn\u0101kas probl\u0113mas v\u0113l\u0101k.<\/li>\n<li><strong>Piem\u0113rota e\u013c\u013co\u0161ana:<\/strong> Nodro\u0161iniet regul\u0101ru hidraulisk\u0101s e\u013c\u013cas papildin\u0101\u0161anu, lai uztur\u0113tu kust\u012bgo da\u013cu optim\u0101lu e\u013c\u013co\u0161anu. Nepietiekama e\u013c\u013co\u0161ana var izrais\u012bt palielin\u0101tu nodilumu un samazin\u0101tu efektivit\u0101ti.<\/li>\n<li><strong>Bl\u012bv\u0113juma nomai\u0146a:<\/strong> Uzraugiet bl\u012bv\u0113jumu st\u0101vokli un nomainiet tos p\u0113c nepiecie\u0161am\u012bbas. Nolietoti bl\u012bv\u0113jumi var izrais\u012bt \u0161\u0137idruma nopl\u016bdes, samazinot cilindra veiktsp\u0113ju un apdraudot ekspluat\u0101cijas dro\u0161\u012bbu.<\/li>\n<\/ul>\n<h2>Pareizas uzst\u0101d\u012b\u0161anas vadl\u012bnijas<\/h2>\n<p>Pareiza uzst\u0101d\u012b\u0161ana ir \u013coti svar\u012bga str\u0113les cilindra efekt\u012bvai darb\u012bbai. Vispirms p\u0101rliecinieties, vai stiprin\u0101juma punkti ir pareizi izl\u012bdzin\u0101ti, lai izvair\u012btos no p\u0101rm\u0113r\u012bgas slodzes uz cilindru. Izmantojiet atbilsto\u0161us stiprin\u0101juma kron\u0161teinus, lai nostiprin\u0101tu cilindru viet\u0101, nodro\u0161inot, ka tas ir stingri piestiprin\u0101ts un stabils.<\/p>\n<p>Uzst\u0101d\u012b\u0161anas laik\u0101 ir svar\u012bgi iev\u0113rot ra\u017eot\u0101ja specifik\u0101cijas attiec\u012bb\u0101 uz griezes momenta iestat\u012bjumiem un regul\u0113jumiem. Lai nov\u0113rstu priek\u0161laic\u012bgu nodilumu, uzturiet pareizu cilindra v\u0101rpstas izl\u012bdzin\u0101jumu ar ma\u0161\u012bnas kust\u012bgaj\u0101m da\u013c\u0101m. P\u0113c uzst\u0101d\u012b\u0161anas veiciet p\u0101rbaudes, lai p\u0101rliecin\u0101tos, ka cilindrs darbojas vienm\u0113r\u012bgi un bez p\u0101rm\u0113r\u012bgas br\u012bvkust\u012bbas.<\/p>\n<p>\u0160o vadl\u012bniju iev\u0113ro\u0161ana pal\u012bdz\u0113s maksim\u0101li pagarin\u0101t str\u0113les cilindra kalpo\u0161anas laiku un efektivit\u0101ti, nodro\u0161inot, ka tas efekt\u012bvi atbilst ekspluat\u0101cijas pras\u012bb\u0101m.<\/p>\n<p><img decoding=\"async\" src=\"https:\/\/www.hydraulic-cylinders.net\/wp-content\/uploads\/2025\/04\/songte-chushion-collar.webp\" alt=\"Hidraulisk\u0101 cilindra uzst\u0101d\u012b\u0161ana\"><\/p>\n<h2>Dro\u0161\u012bbas apsv\u0113rumi un vides faktori<\/h2>\n<p>Dro\u0161\u012bbas pas\u0101kumi ir \u0101rk\u0101rt\u012bgi svar\u012bgi, str\u0101d\u0101jot ar hidrauliskajiem cilindriem. Operatoriem j\u0101b\u016bt apm\u0101c\u012btiem atpaz\u012bt iesp\u0113jamos apdraud\u0113jumus, tostarp riskus, kas saist\u012bti ar hidraulisk\u0101 \u0161\u0137idruma nopl\u016bd\u0113m un augstspiediena sist\u0113m\u0101m. Stingri j\u0101iev\u0113ro dro\u0161\u012bbas protokoli, piem\u0113ram, atbilsto\u0161u individu\u0101lo aizsardz\u012bbas l\u012bdzek\u013cu (IAL) valk\u0101\u0161ana un dro\u0161a att\u0101luma iev\u0113ro\u0161ana darb\u012bbas laik\u0101.<\/p>\n<p>Ar\u012b vides apsv\u0113rumiem ir b\u016btiska loma hidraulisko cilindru izv\u0113l\u0113. Nodro\u0161inot, ka izmantotie materi\u0101li ir videi draudz\u012bgi un sp\u0113j\u012bgi iztur\u0113t da\u017e\u0101dus vides apst\u0101k\u013cus, var veicin\u0101t darb\u012bbas ilgtsp\u0113j\u012bbu. Regul\u0101ras nopl\u016b\u017eu p\u0101rbaudes var pal\u012bdz\u0113t mazin\u0101t ietekmi uz vidi, vienlaikus nodro\u0161inot atbilst\u012bbu dro\u0161\u012bbas noteikumiem.<\/p>\n<h2>Probl\u0113mu nov\u0113r\u0161ana un bie\u017ei sastopamas probl\u0113mas<\/h2>\n<ul>\n<li><strong>\u0160\u0137idruma nopl\u016bdes:<\/strong> \u0160\u0137idruma nopl\u016bdes var liecin\u0101t par nolietotiem bl\u012bv\u0113jumiem vai boj\u0101tiem savienojumiem. P\u0101rbaudiet bl\u012bves un, ja nepiecie\u0161ams, nomainiet t\u0101s, lai atjaunotu veiktsp\u0113ju.<\/li>\n<li><strong>Slikta veiktsp\u0113ja:<\/strong> Ja cilindrs neizvirz\u0101s vai neievelkas vienm\u0113r\u012bgi, p\u0101rbaudiet, vai hidrauliskaj\u0101 \u0161\u0137idrum\u0101 nav gaisa vai nav nepietiekamas e\u013c\u013co\u0161anas. Sist\u0113mas atgaiso\u0161ana un atbilsto\u0161a \u0161\u0137idruma l\u012bme\u0146a nodro\u0161in\u0101\u0161ana var atrisin\u0101t \u0161\u012bs probl\u0113mas.<\/li>\n<li><strong>Neparastas ska\u0146as:<\/strong> Neparastas ska\u0146as darb\u012bbas laik\u0101 var liecin\u0101t par iek\u0161\u0113ju nodilumu vai nepietiekamu e\u013c\u013co\u0161anu. Veiciet r\u016bp\u012bgu p\u0101rbaudi un nekav\u0113joties nov\u0113rsiet visas konstat\u0113t\u0101s probl\u0113mas.<\/li>\n<\/ul>\n<h2>Prevent\u012bvie pas\u0101kumi<\/h2>\n<p>Lai samazin\u0101tu iesp\u0113jam\u0101s probl\u0113mas ar hidrauliskajiem cilindriem, ir \u013coti svar\u012bgi veikt regul\u0101ru apkopi. Izveidojiet regul\u0101ru p\u0101rbaudes grafiku, lai p\u0101rbaud\u012btu nopl\u016bdes, nodilumu un boj\u0101jumus. Turkl\u0101t nodro\u0161iniet pareizu e\u013c\u013co\u0161anas praksi, lai nov\u0113rstu kust\u012bgo da\u013cu nodilumu. Sist\u0113mas spiediena uzraudz\u012bba un bl\u012bv\u0113jumu lab\u0101 st\u0101vokl\u012b nodro\u0161in\u0101\u0161ana pal\u012bdz\u0113s uztur\u0113t efekt\u012bvu darb\u012bbu un pagarin\u0101s hidraulisk\u0101 cilindra kalpo\u0161anas laiku.<\/p>\n<p><img decoding=\"async\" src=\"https:\/\/www.hydraulic-cylinders.net\/wp-content\/uploads\/2025\/04\/songte-bushings-with-all-kinds-of-excavator-models.webp\" alt=\"Hidraulisk\u0101s sast\u0101vda\u013cas ekskavatoriem\"><\/p>\n<h2>Par m\u016bsu uz\u0146\u0113mumu<\/h2>\n<p>M\u0113s esam vado\u0161ais rezerves hidraulisko cilindru ra\u017eot\u0101js, kas pied\u0101v\u0101 pla\u0161u produktu kl\u0101stu, kas piem\u0113rots da\u017e\u0101diem pielietojumiem. M\u016bsu visaptvero\u0161ais kl\u0101sts ir padar\u012bjis m\u016bs par vienu no vado\u0161ajiem ra\u017eot\u0101jiem un vairumtirgot\u0101jiem hidraulisko cilindru tirg\u016b gan viet\u0113j\u0101, gan starptautisk\u0101 m\u0113rog\u0101. M\u0113s iev\u0113rojam stingrus kvalit\u0101tes standartus un pa\u013caujamies uz progres\u012bvu ra\u017eo\u0161anas praksi, izmantojot modernu apr\u012bkojumu un \u012bpa\u0161i nor\u012bkotu darbasp\u0113ku.<\/p>\n<p>M\u016bsu ap\u0146em\u0161an\u0101s sasniegt izcil\u012bbu atspogu\u013cojas m\u016bsu nep\u0101rtrauktaj\u0101s invest\u012bcij\u0101s tehnolo\u0123ij\u0101s un inov\u0101cij\u0101s, nodro\u0161inot, ka m\u016bsu ra\u017eo\u0161anas procesi ir efekt\u012bvi un ra\u017eo augstas kvalit\u0101tes produktus. M\u0113s pied\u0101v\u0101jam piel\u0101gotus risin\u0101jumus, lai apmierin\u0101tu da\u017e\u0101das klientu vajadz\u012bbas, ko atbalsta izcils p\u0113cp\u0101rdo\u0161anas serviss un starptautiski sertifik\u0101ti.<\/p>\n<p><img decoding=\"async\" src=\"https:\/\/www.hydraulic-cylinders.net\/wp-content\/uploads\/2025\/04\/songte-company-4.webp\" alt=\"Hidraulisko cilindru ra\u017eo\u0161ana\"><br \/>\n<img decoding=\"async\" src=\"https:\/\/www.hydraulic-cylinders.net\/wp-content\/uploads\/2025\/04\/songte-company-3.webp\" alt=\"Hidraulisk\u0101 cilindra iek\u0101rta\"><\/p>\n<p>Autors: lil<\/p>","protected":false},"excerpt":{"rendered":"<p>Boom Cylinder For SDLG Middle Excavator LG6270E Product Overview The Boom Cylinder for SDLG LG6270E is an essential hydraulic component designed specifically for middle excavators. This hydraulic cylinder plays a crucial role in controlling the movement of the excavator&#8217;s boom, allowing it to lift, lower, and tilt the bucket efficiently. The bucket cylinder is a [&hellip;]<\/p>","protected":false},"featured_media":17877,"comment_status":"open","ping_status":"closed","template":"","meta":{"_et_pb_use_builder":"","_et_pb_old_content":"","_et_gb_content_width":""},"product_brand":[],"product_cat":[1546],"product_tag":[1547,1496],"class_list":{"0":"post-19372","1":"product","2":"type-product","3":"status-publish","4":"has-post-thumbnail","6":"product_cat-boom-cylinders","7":"product_tag-boom-cylinders","8":"product_tag-hydraulic-cylinders","10":"first","11":"instock","12":"shipping-taxable","13":"product-type-simple"},"amp_enabled":true,"_links":{"self":[{"href":"https:\/\/www.hydraulic-cylinders.net\/lv\/wp-json\/wp\/v2\/product\/19372","targetHints":{"allow":["GET"]}}],"collection":[{"href":"https:\/\/www.hydraulic-cylinders.net\/lv\/wp-json\/wp\/v2\/product"}],"about":[{"href":"https:\/\/www.hydraulic-cylinders.net\/lv\/wp-json\/wp\/v2\/types\/product"}],"replies":[{"embeddable":true,"href":"https:\/\/www.hydraulic-cylinders.net\/lv\/wp-json\/wp\/v2\/comments?post=19372"}],"wp:featuredmedia":[{"embeddable":true,"href":"https:\/\/www.hydraulic-cylinders.net\/lv\/wp-json\/wp\/v2\/media\/17877"}],"wp:attachment":[{"href":"https:\/\/www.hydraulic-cylinders.net\/lv\/wp-json\/wp\/v2\/media?parent=19372"}],"wp:term":[{"taxonomy":"product_brand","embeddable":true,"href":"https:\/\/www.hydraulic-cylinders.net\/lv\/wp-json\/wp\/v2\/product_brand?post=19372"},{"taxonomy":"product_cat","embeddable":true,"href":"https:\/\/www.hydraulic-cylinders.net\/lv\/wp-json\/wp\/v2\/product_cat?post=19372"},{"taxonomy":"product_tag","embeddable":true,"href":"https:\/\/www.hydraulic-cylinders.net\/lv\/wp-json\/wp\/v2\/product_tag?post=19372"}],"curies":[{"name":"wp","href":"https:\/\/api.w.org\/{rel}","templated":true}]}}