{"id":19373,"date":"2025-04-07T06:30:57","date_gmt":"2025-04-07T06:30:57","guid":{"rendered":"https:\/\/www.hydraulic-cylinders.net\/product\/boom-cylinder-for-sdlg-middle-excavator-lg6225\/"},"modified":"2025-04-07T06:31:01","modified_gmt":"2025-04-07T06:31:01","slug":"boom-cylinder-for-sdlg-middle-excavator-lg6225","status":"publish","type":"product","link":"https:\/\/www.hydraulic-cylinders.net\/lv\/products\/boom-cylinder-for-sdlg-middle-excavator-lg6225\/","title":{"rendered":"Str\u0113les cilindrs SDLG vid\u0113jam ekskavatoram LG6225"},"content":{"rendered":"<h1>Str\u0113les cilindrs SDLG vid\u0113jam ekskavatoram LG6225<\/h1>\n<h2>Produkta p\u0101rskats<\/h2>\n<p>SDLG vid\u0113j\u0101 ekskavatora LG6225 str\u0113les cilindrs ir b\u016btiska smago ma\u0161\u012bnu hidraulisko sist\u0113mu sast\u0101vda\u013ca. \u0160is hidrauliskais cilindrs ir \u012bpa\u0161i izstr\u0101d\u0101ts, lai kontrol\u0113tu kausa kust\u012bbu da\u017e\u0101d\u0101s smagaj\u0101s iek\u0101rt\u0101s, piem\u0113ram, ekskavatoros, ekskavatoros-iekr\u0101v\u0113jos un front\u0101lajos iekr\u0101v\u0113jos. Tas \u013cauj kausam pacelties, nolaisties un noliekties, efekt\u012bvi atvieglojot materi\u0101lu apstr\u0101des uzdevumus.<\/p>\n<p>\u0160is hidrauliskais cilindrs darbojas, izmantojot spiediena hidraulisko e\u013c\u013cu kust\u012bbas rad\u012b\u0161anai, padarot to par b\u016btisku darb\u012bb\u0101m, kur\u0101m nepiecie\u0161ama precizit\u0101te un jauda. Kausa cilindram ir iz\u0161\u0137iro\u0161a noz\u012bme celtniec\u012bbas un lauksaimniec\u012bbas tehnikas veiktsp\u0113j\u0101, nodro\u0161inot, ka operatori var veikt savus uzdevumus viegli un efekt\u012bvi.<\/p>\n<p><img decoding=\"async\" src=\"https:\/\/www.hydraulic-cylinders.net\/wp-content\/uploads\/2025\/04\/songte-company-1.webp\" alt=\"Ekskavatoru str\u0113les cilindrs\"><\/p>\n<h2>Str\u0113les cilindra galven\u0101s iez\u012bmes<\/h2>\n<ul>\n<li><strong>Augsta iztur\u012bba un ilgm\u016b\u017e\u012bba:<\/strong> Parasti izgatavots no augstas stipr\u012bbas t\u0113rauda vai alum\u012bnija, tas var iztur\u0113t augstu spiedienu un lielas slodzes, padarot to piem\u0113rotu skarbiem darba apst\u0101k\u013ciem. Projekt\u0113jot \u0146emta v\u0113r\u0101 nodilumiztur\u012bba un iztur\u012bba pret koroziju, pagarinot t\u0101 kalpo\u0161anas laiku.<\/li>\n<li><strong>Efekt\u012bva hidraulisk\u0101 darb\u012bba:<\/strong> Izmanto hidraulisk\u0101s e\u013c\u013cas spiedienu vienm\u0113r\u012bgai izvilk\u0161anai un ievilk\u0161anai, \u013caujot \u0101tri rea\u0123\u0113t uz operatora komand\u0101m un nodro\u0161inot sp\u0113c\u012bgu stum\u0161anas un vilk\u0161anas sp\u0113ku, kas ir ide\u0101li piem\u0113rots smagu materi\u0101lu apstr\u0101dei un sare\u017e\u0123\u012btu uzdevumu veik\u0161anai.<\/li>\n<li><strong>Da\u017e\u0101di veidi:<\/strong> Pieejami ar vienas darb\u012bbas (hidrauliku vien\u0101 virzien\u0101) vai divk\u0101r\u0161as darb\u012bbas (hidrauliku abos virzienos) cilindriem, lai apmierin\u0101tu da\u017e\u0101das ekspluat\u0101cijas vajadz\u012bbas. Da\u017ei mode\u013ci ir teleskopiski, kas \u013cauj liel\u0101ku pagarin\u0101jumu, nepalielinot \u0101r\u0113jos izm\u0113rus, un ir piem\u0113roti lieto\u0161anai ierobe\u017eot\u0101 telp\u0101.<\/li>\n<li><strong>Piel\u0101gojamas opcijas:<\/strong> Atkar\u012bb\u0101 no \u012bpa\u0161aj\u0101m pras\u012bb\u0101m str\u0113les cilindru var piel\u0101got da\u017e\u0101d\u0101m ma\u0161\u012bn\u0101m, nodro\u0161inot sader\u012bbu un optim\u0101lu veiktsp\u0113ju.<\/li>\n<li><strong>Vienk\u0101r\u0161a uzst\u0101d\u012b\u0161ana un apkope:<\/strong> Paredz\u0113ts vienk\u0101r\u0161ai mont\u0101\u017eai un regul\u0101rai apkopei, nodro\u0161inot darb\u012bbas efektivit\u0101ti un ilgm\u016b\u017e\u012bbu.<\/li>\n<\/ul>\n<p>M\u016bsu produkti var lieliski aizst\u0101t \u0161os hidrauliskos cilindrus.<\/p>\n<p><img decoding=\"async\" src=\"https:\/\/www.hydraulic-cylinders.net\/wp-content\/uploads\/2025\/04\/songte-cylinder-head-with-all-kinds-excavator-models.webp\" alt=\"Hidraulisko cilindru mode\u013ci\"><\/p>\n<h2>Lietojumprogrammu scen\u0101riji<\/h2>\n<h3>Celtniec\u012bbas apr\u012bkojums<\/h3>\n<p>Ekskavatoros str\u0113les cilindri ir vit\u0101li svar\u012bgi rak\u0161anai, iekrau\u0161anai un augsnes vai gru\u017eu p\u0101rvieto\u0161anai. To pied\u0101v\u0101t\u0101 prec\u012bz\u0101 vad\u012bba \u013cauj operatoriem prec\u012bzi veikt uzdevumus, uzlabojot produktivit\u0101ti b\u016bvlaukumos. Ekskavatoros-iekr\u0101v\u0113jos kausa cilindrs pal\u012bdz gan rak\u0161an\u0101, gan cel\u0161an\u0101, padarot to par neaizst\u0101jamu instrumentu da\u017e\u0101dos b\u016bvniec\u012bbas darbos.<\/p>\n<h3>Lauksaimniec\u012bbas tehnika<\/h3>\n<p>Front\u0101lajos iekr\u0101v\u0113jos str\u0113les cilindri tiek izmantoti augsnes, siena un citu materi\u0101lu sav\u0101k\u0161anai, cel\u0161anai un transport\u0113\u0161anai. To iztur\u012bg\u0101 konstrukcija pal\u012bdz lauksaimniekiem efekt\u012bvi veikt t\u0101dus uzdevumus k\u0101 bar\u012bbas iekrau\u0161ana vai lauku att\u012br\u012b\u0161ana, kas ir kritiski svar\u012bgi lauksaimniec\u012bbas produktivit\u0101tei.<\/p>\n<h3>Ekskavatori<\/h3>\n<p>Ekskavatoros kausa cilindrs \u013cauj kausam efekt\u012bvi iek\u013c\u016bt augsn\u0113, atvieglojot rak\u0161anas darb\u012bbas. T\u0101 pacel\u0161anas un noliek\u0161anas sp\u0113ja ir \u013coti svar\u012bga zemes p\u0101rvieto\u0161anai un b\u016bvlaukumu sagatavo\u0161anai, padarot to par b\u016btisku rak\u0161anas darbu aspektu.<\/p>\n<h3>Iekr\u0101v\u0113ji<\/h3>\n<p>Front\u0101lajos iekr\u0101v\u0113jos str\u0113les cilindri pal\u012bdz efekt\u012bvi pacelt un izg\u0101zt materi\u0101lus. \u0160\u012b funkcionalit\u0101te ir b\u016btiska da\u017e\u0101dos apst\u0101k\u013cos, tostarp b\u016bvniec\u012bb\u0101 un ainavu veido\u0161an\u0101, kur nepiecie\u0161ama \u0101tra un efekt\u012bva materi\u0101lu apstr\u0101de.<\/p>\n<h2>Dizaina apsv\u0113rumi un atlases krit\u0113riji<\/h2>\n<h3>Kravnes\u012bba<\/h3>\n<p>Izv\u0113loties str\u0113les cilindru, ir svar\u012bgi \u0146emt v\u0113r\u0101 kravnes\u012bbu, kas nosaka, cik lielu svaru cilindrs var iztur\u0113t bez atteices. Liel\u0101ka kravnes\u012bba nodro\u0161ina, ka cilindrs var efekt\u012bvi darboties sare\u017e\u0123\u012btos apst\u0101k\u013cos, padarot to piem\u0113rotu lieljaudas lietojumiem.<\/p>\n<h3>Bl\u012bv\u0113\u0161ana<\/h3>\n<p>Efekt\u012bva bl\u012bv\u0113\u0161ana ir \u013coti svar\u012bga, lai nov\u0113rstu hidraulisk\u0101 \u0161\u0137idruma nopl\u016bdes, kas var samazin\u0101t efektivit\u0101ti un rad\u012bt iesp\u0113jamus boj\u0101jumus tehnikai. Bl\u012bv\u0113jumu, piem\u0113ram, virzu\u013ca bl\u012bv\u0113jumu un stie\u0146a bl\u012bv\u0113jumu, izv\u0113lei j\u0101ietver iztur\u012bgi materi\u0101li, kas iztur nodilumu un vides faktorus, nodro\u0161inot ilgsto\u0161u veiktsp\u0113ju.<\/p>\n<h3>Iztur\u012bba<\/h3>\n<p>Str\u0113les cilindra iztur\u012bba ir \u0101rk\u0101rt\u012bgi svar\u012bga, jo tam j\u0101iztur intens\u012bvas lieto\u0161anas slodzes. T\u0101di faktori k\u0101 materi\u0101lu izv\u0113le, ra\u017eo\u0161anas procesi un vides iedarb\u012bba ietekm\u0113 cilindra kalpo\u0161anas laiku, un augstas kvalit\u0101tes komponentu izv\u0113le var iev\u0113rojami uzlabot iztur\u012bbu.<\/p>\n<h3>Dro\u0161\u012bba<\/h3>\n<p>Dro\u0161\u012bbas apsv\u0113rumi ietver hidraulisk\u0101s sist\u0113mas nevainojamu darb\u012bbu augsta spiediena apst\u0101k\u013cos. Dro\u0161\u012bbas funkciju, piem\u0113ram, spiediena samazin\u0101\u0161anas v\u0101rstu, ievie\u0161ana var nov\u0113rst negad\u012bjumus un aizsarg\u0101t gan tehniku, gan operatoru.<\/p>\n<h3>Apkope<\/h3>\n<p>V\u0113l viens svar\u012bgs faktors ir viegla apkope. Labi konstru\u0113tam cilindram j\u0101nodro\u0161ina regul\u0101ras p\u0101rbaudes, e\u013c\u013co\u0161ana un deta\u013cu nomai\u0146a bez ilgsto\u0161as \u200b\u200bd\u012bkst\u0101ves, nodro\u0161inot, ka iek\u0101rtas darbojas un ir efekt\u012bvas.<\/p>\n<p><img decoding=\"async\" src=\"https:\/\/www.hydraulic-cylinders.net\/wp-content\/uploads\/2025\/04\/songte-oil-pipes-and-spare-parts.webp\" alt=\"Hidraulisko cilindru deta\u013cas\"><\/p>\n<h2>Bl\u012bv\u0113\u0161ana un e\u013c\u013co\u0161ana<\/h2>\n<p>Lai saglab\u0101tu efektivit\u0101ti, str\u0113les cilindr\u0101 tiek izmantoti da\u017e\u0101di bl\u012bv\u0113\u0161anas komponenti, tostarp virzu\u013ca bl\u012bv\u0113jumi un stie\u0146a bl\u012bv\u0113jumi. Bl\u012bv\u0113jumi, kas izgatavoti no t\u0101diem materi\u0101liem k\u0101 poliuret\u0101ns un nitrilgumija, ir v\u0113lami to nodilumiztur\u012bbas d\u0113\u013c. Cilindra korpuss un v\u012bt\u0146ot\u0101s gala virsmas ir smalki apstr\u0101d\u0101tas, lai uzlabotu nodilumiztur\u012bbu, kas ir svar\u012bgi ilgm\u016b\u017e\u012bbai.<\/p>\n<p>Regul\u0101ra e\u013c\u013co\u0161ana ar hidraulisko e\u013c\u013cu ir nepiecie\u0161ama, lai nodro\u0161in\u0101tu pareizu bl\u012bv\u0113jumu darb\u012bbu un samazin\u0101tu berzes rad\u012bto nodilumu starp kust\u012bgaj\u0101m da\u013c\u0101m. Pareiza e\u013c\u013co\u0161ana pal\u012bdz pagarin\u0101t cilindra kalpo\u0161anas laiku, vienlaikus nodro\u0161inot vienm\u0113r\u012bgu darb\u012bbu lieto\u0161anas laik\u0101.<\/p>\n<h2>Regul\u0101ras p\u0101rbaudes un prevent\u012bv\u0101s apkopes pas\u0101kumi<\/h2>\n<ul>\n<li><strong>Regul\u0101ra p\u0101rbaude:<\/strong> Regul\u0101ri p\u0101rbaudiet, vai nav nopl\u016b\u017eu, nodiluma un citu boj\u0101jumu paz\u012bmju, lai nodro\u0161in\u0101tu hidraulisk\u0101s sist\u0113mas efekt\u012bvu darb\u012bbu. Probl\u0113mu agr\u012bna atkl\u0101\u0161ana var nov\u0113rst nopietn\u0101kus boj\u0101jumus un d\u012bkst\u0101vi.<\/li>\n<li><strong>Piem\u0113rota e\u013c\u013co\u0161ana:<\/strong> P\u0101rliecinieties, vai hidraulisk\u0101s e\u013c\u013cas l\u012bmenis ir pietiekams un e\u013c\u013ca ir t\u012bra. Pareiza e\u013c\u013co\u0161ana samazina svar\u012bgu komponentu nodiluma risku.<\/li>\n<li><strong>Bl\u012bv\u0113juma nomai\u0146a:<\/strong> Nomainiet bl\u012bves pie pirmaj\u0101m nodiluma paz\u012bm\u0113m, lai saglab\u0101tu sist\u0113mas integrit\u0101ti un nov\u0113rstu nopl\u016bdes. Regul\u0101r\u0101m bl\u012bvju p\u0101rbaud\u0113m j\u0101b\u016bt da\u013cai no apkopes rut\u012bnas.<\/li>\n<\/ul>\n<h2>Uzst\u0101d\u012b\u0161anas vadl\u012bnijas<\/h2>\n<p>Pareiza str\u0113les cilindra uzst\u0101d\u012b\u0161ana ir \u013coti svar\u012bga optim\u0101lai veiktsp\u0113jai. S\u0101ciet ar cilindra pareizu izl\u012bdzin\u0101\u0161anu ar tehnikas stiprin\u0101juma punktiem. Izmantojiet atbilsto\u0161us stiprin\u0101juma kron\u0161teinus, lai nostiprin\u0101tu cilindru viet\u0101, p\u0101rliecinoties, ka tas ir stingri piestiprin\u0101ts, lai nov\u0113rstu kust\u012bbu darb\u012bbas laik\u0101.<\/p>\n<p>Pirms uzst\u0101d\u012b\u0161anas p\u0101rbaudiet visu hidraulisko savienojumu sader\u012bbu un integrit\u0101ti. P\u0113c cilindra nostiprin\u0101\u0161anas pievienojiet hidraulisk\u0101s l\u012bnijas, p\u0101rliecinoties, ka sist\u0113m\u0101 nav iesprostota gaisa. Visbeidzot, piepildiet hidraulisko sist\u0113mu ar ieteicamo hidraulisko e\u013c\u013cu un, ja nepiecie\u0161ams, atgaisojiet sist\u0113mu, lai likvid\u0113tu gaisa kabatas.<\/p>\n<h2>Bie\u017ei sastopamie apkopes uzdevumi<\/h2>\n<ul>\n<li><strong>Regul\u0101ras p\u0101rbaudes:<\/strong> Regul\u0101ras p\u0101rbaudes pal\u012bdz identific\u0113t potenci\u0101l\u0101s probl\u0113mas, pirms t\u0101s saasin\u0101s, nodro\u0161inot, ka cilindrs paliek optim\u0101l\u0101 darba st\u0101vokl\u012b.<\/li>\n<li><strong>Piem\u0113rota e\u013c\u013co\u0161ana:<\/strong> Regul\u0101ra e\u013c\u013co\u0161ana ir \u013coti svar\u012bga, lai samazin\u0101tu kust\u012bgo da\u013cu berzi un nodilumu. Vienm\u0113r izmantojiet ieteicamo e\u013c\u013cas veidu un p\u0101rliecinieties, ka t\u0101 ir t\u012bra.<\/li>\n<li><strong>Bl\u012bv\u0113juma nomai\u0146a un kalibr\u0113\u0161ana:<\/strong> Regul\u0101ri nomainiet nolietot\u0101s bl\u012bves, lai nov\u0113rstu nopl\u016bdes un nodro\u0161in\u0101tu efekt\u012bvu darb\u012bbu. Lai uztur\u0113tu pareizu hidraulisko funkciju, j\u0101veic ar\u012b kalibr\u0113\u0161anas p\u0101rbaudes.<\/li>\n<\/ul>\n<p>Pareizas uzst\u0101d\u012b\u0161anas, e\u013c\u013co\u0161anas un regul\u0113\u0161anas noz\u012bmi nevar p\u0101rv\u0113rt\u0113t. Uzst\u0101d\u012b\u0161anas laik\u0101 ir svar\u012bgi pareizi izl\u012bdzin\u0101t cilindru, lai izvair\u012btos no nevajadz\u012bgas slodzes uz deta\u013c\u0101m. Ieteicams izmantot atbilsto\u0161us mont\u0101\u017eas kron\u0161teinus, lai efekt\u012bvi nostiprin\u0101tu cilindru.<\/p>\n<p>Lai saglab\u0101tu str\u0113les cilindra ilgm\u016b\u017e\u012bbu, regul\u0101ri j\u0101iev\u0113ro ieteicam\u0101s p\u0101rbaudes, remonta un nomai\u0146as proced\u016bras. \u0160o prak\u0161u ievie\u0161ana pal\u012bdz\u0113s nodro\u0161in\u0101t vienm\u0113r\u012bgu darb\u012bbu un samazin\u0101s negaid\u012btu k\u013c\u016bmju risku.<\/p>\n<p><img decoding=\"async\" src=\"https:\/\/www.hydraulic-cylinders.net\/wp-content\/uploads\/2025\/04\/songte-chushion-collar.webp\" alt=\"Cilindra spilvena apkakle\"><\/p>\n<h2>Dro\u0161\u012bbas apsv\u0113rumi un vides faktori<\/h2>\n<p>Str\u0101d\u0101jot ar hidrauliskaj\u0101m sist\u0113m\u0101m, dro\u0161\u012bbas pas\u0101kumi ir \u0101rk\u0101rt\u012bgi svar\u012bgi. Operatoriem vienm\u0113r j\u0101valk\u0101 atbilsto\u0161i individu\u0101lie aizsardz\u012bbas l\u012bdzek\u013ci (IAL) un j\u0101iev\u0113ro dro\u0161\u012bbas protokoli, lai nov\u0113rstu negad\u012bjumus. Hidraulisk\u0101 \u0161\u0137idruma nopl\u016bdes rada vides riskus; t\u0101d\u0113\u013c nekav\u0113joties j\u0101veic pas\u0101kumi, lai ierobe\u017eotu un not\u012br\u012btu nopl\u016bdes.<\/p>\n<h2>Probl\u0113mu nov\u0113r\u0161ana un bie\u017ei sastopamas probl\u0113mas<\/h2>\n<ul>\n<li><strong>Nopl\u016bde:<\/strong> Parasti to izraisa nodilu\u0161as bl\u012bves vai savienojumi. Regul\u0101ri p\u0101rbaudiet bl\u012bves un nomainiet t\u0101s p\u0113c nepiecie\u0161am\u012bbas, lai nov\u0113rstu hidraulisk\u0101 \u0161\u0137idruma zudumu.<\/li>\n<li><strong>Nepietiekama jauda:<\/strong> Var rasties zema hidraulisk\u0101 \u0161\u0137idruma l\u012bme\u0146a vai sist\u0113mas aizsprostojumu d\u0113\u013c. P\u0101rliecinieties, vai \u0161\u0137idruma l\u012bmenis ir optim\u0101ls, un p\u0101rbaudiet, vai nav aizsprostojumu.<\/li>\n<li><strong>Neparastas ska\u0146as:<\/strong> Sl\u012bp\u0113\u0161anas vai dauz\u012b\u0161an\u0101s ska\u0146as var liecin\u0101t par iek\u0161\u0113jiem boj\u0101jumiem vai e\u013c\u013co\u0161anas tr\u016bkumu. Nekav\u0113joties p\u0101rbaudiet, vai tie ir boj\u0101ti, lai izvair\u012btos no turpm\u0101kiem boj\u0101jumiem.<\/li>\n<\/ul>\n<h2>Probl\u0113mu nov\u0113r\u0161anas padomi<\/h2>\n<p>Efekt\u012bva probl\u0113mu nov\u0113r\u0161ana s\u0101kas ar regul\u0101r\u0101m p\u0101rbaud\u0113m un hidraulisk\u0101s sist\u0113mas darb\u012bbas uzraudz\u012bbu. Detaliz\u0113ta apkopes \u017eurn\u0101la uztur\u0113\u0161ana var pal\u012bdz\u0113t identific\u0113t atk\u0101rtotas probl\u0113mas un nekav\u0113joties t\u0101s risin\u0101t. Prevent\u012bvie pas\u0101kumi, piem\u0113ram, regul\u0101ras bl\u012bv\u0113jumu un \u0161\u0137idrumu p\u0101rbaudes, var samazin\u0101t potenci\u0101l\u0101s probl\u0113mas, nodro\u0161inot vienm\u0113r\u012bgu darb\u012bbu.<\/p>\n<p><img decoding=\"async\" src=\"https:\/\/www.hydraulic-cylinders.net\/wp-content\/uploads\/2025\/04\/songte-bushings-with-all-kinds-of-excavator-models.webp\" alt=\"Ekskavatoru mode\u013cu bukses\"><\/p>\n<h2>Par m\u016bsu uz\u0146\u0113mumu<\/h2>\n<p>M\u0113s esam ra\u017eot\u0101js, kas specializ\u0113jas alternat\u012bvos hidrauliskajos cilindros, pied\u0101v\u0101jot pla\u0161u produktu kl\u0101stu, kas m\u016bs ir pozicion\u0113jis k\u0101 vienu no vado\u0161ajiem ra\u017eot\u0101jiem un vairumtirgot\u0101jiem gan viet\u0113j\u0101, gan starptautiskaj\u0101 tirg\u016b. M\u016bsu ap\u0146em\u0161an\u0101s sasniegt izcil\u012bbu sak\u0146ojas izsmalcin\u0101t\u0101 ra\u017eo\u0161anas strat\u0113\u0123ij\u0101, kas uzsver digitaliz\u0113tas augstas klases ra\u017eo\u0161anas iek\u0101rtas un profesion\u0101las test\u0113\u0161anas sist\u0113mas.<\/p>\n<p>M\u0113s nep\u0101rtraukti uzlabojam savas ra\u017eo\u0161anas platformas, izmantojot tehnolo\u0123iskas inov\u0101cijas, nodro\u0161inot augstu efektivit\u0101ti, precizit\u0101ti un kvalit\u0101ti m\u016bsu produktos. M\u016bsu daudzveid\u012bgais pied\u0101v\u0101jums apmierina m\u016bsu klientu da\u017e\u0101d\u0101s vajadz\u012bbas, sniedzot piel\u0101gotus risin\u0101jumus piln\u012bgai apmierin\u0101t\u012bbai.<\/p>\n<p>Turkl\u0101t m\u016bsu uz\u0146\u0113mums ir starptautiski sertific\u0113ts, kas pastiprina uztic\u012bbu un profesionalit\u0101ti, ko pied\u0101v\u0101jam m\u016bsu pakalpojumos. M\u0113s pied\u0101v\u0101jam visaptvero\u0161as piel\u0101go\u0161anas iesp\u0113jas, modernu ra\u017eo\u0161anas apr\u012bkojumu un izcilu p\u0113cp\u0101rdo\u0161anas atbalstu, lai garant\u0113tu vislab\u0101ko pieredzi m\u016bsu klientiem.<\/p>\n<p><img decoding=\"async\" src=\"https:\/\/www.hydraulic-cylinders.net\/wp-content\/uploads\/2025\/04\/songte-company-4.webp\" alt=\"Uz\u0146\u0113muma p\u0101rskats\"><br \/>\n<img decoding=\"async\" src=\"https:\/\/www.hydraulic-cylinders.net\/wp-content\/uploads\/2025\/04\/songte-company-3.webp\" alt=\"Ra\u017eo\u0161anas iek\u0101rta\"><\/p>\n<p>Autors: lil<\/p>","protected":false},"excerpt":{"rendered":"<p>Boom Cylinder For SDLG Middle Excavator LG6225 Product Overview The Boom Cylinder for SDLG Middle Excavator LG6225 is a crucial component in the hydraulic systems of heavy machinery. This hydraulic cylinder is specifically designed to control the movement of the bucket in various heavy equipment such as excavators, backhoe loaders, and front loaders. It enables [&hellip;]<\/p>","protected":false},"featured_media":17878,"comment_status":"open","ping_status":"closed","template":"","meta":{"_et_pb_use_builder":"","_et_pb_old_content":"","_et_gb_content_width":""},"product_brand":[],"product_cat":[1546],"product_tag":[1547,1496],"class_list":{"0":"post-19373","1":"product","2":"type-product","3":"status-publish","4":"has-post-thumbnail","6":"product_cat-boom-cylinders","7":"product_tag-boom-cylinders","8":"product_tag-hydraulic-cylinders","10":"first","11":"instock","12":"shipping-taxable","13":"product-type-simple"},"amp_enabled":true,"_links":{"self":[{"href":"https:\/\/www.hydraulic-cylinders.net\/lv\/wp-json\/wp\/v2\/product\/19373","targetHints":{"allow":["GET"]}}],"collection":[{"href":"https:\/\/www.hydraulic-cylinders.net\/lv\/wp-json\/wp\/v2\/product"}],"about":[{"href":"https:\/\/www.hydraulic-cylinders.net\/lv\/wp-json\/wp\/v2\/types\/product"}],"replies":[{"embeddable":true,"href":"https:\/\/www.hydraulic-cylinders.net\/lv\/wp-json\/wp\/v2\/comments?post=19373"}],"wp:featuredmedia":[{"embeddable":true,"href":"https:\/\/www.hydraulic-cylinders.net\/lv\/wp-json\/wp\/v2\/media\/17878"}],"wp:attachment":[{"href":"https:\/\/www.hydraulic-cylinders.net\/lv\/wp-json\/wp\/v2\/media?parent=19373"}],"wp:term":[{"taxonomy":"product_brand","embeddable":true,"href":"https:\/\/www.hydraulic-cylinders.net\/lv\/wp-json\/wp\/v2\/product_brand?post=19373"},{"taxonomy":"product_cat","embeddable":true,"href":"https:\/\/www.hydraulic-cylinders.net\/lv\/wp-json\/wp\/v2\/product_cat?post=19373"},{"taxonomy":"product_tag","embeddable":true,"href":"https:\/\/www.hydraulic-cylinders.net\/lv\/wp-json\/wp\/v2\/product_tag?post=19373"}],"curies":[{"name":"wp","href":"https:\/\/api.w.org\/{rel}","templated":true}]}}