{"id":19376,"date":"2025-04-07T06:31:08","date_gmt":"2025-04-07T06:31:08","guid":{"rendered":"https:\/\/www.hydraulic-cylinders.net\/product\/boom-cylinder-for-sdlg-large-excavator-lg6300\/"},"modified":"2025-04-07T06:31:11","modified_gmt":"2025-04-07T06:31:11","slug":"boom-cylinder-for-sdlg-large-excavator-lg6300","status":"publish","type":"product","link":"https:\/\/www.hydraulic-cylinders.net\/lv\/products\/boom-cylinder-for-sdlg-large-excavator-lg6300\/","title":{"rendered":"Str\u0113les cilindrs SDLG lielajam ekskavatoram LG6300"},"content":{"rendered":"<h1>Str\u0113les cilindrs SDLG lielajam ekskavatoram LG6300<\/h1>\n<h2>Ievads str\u0113les cilindr\u0101<\/h2>\n<p>SDLG liel\u0101 ekskavatora LG6300 str\u0113les cilindrs ir b\u016btiska smago ma\u0161\u012bnu hidraulisk\u0101s sist\u0113mas sast\u0101vda\u013ca. \u0160is hidrauliskais cilindrs ir \u012bpa\u0161i izstr\u0101d\u0101ts, lai kontrol\u0113tu ekskavatora str\u0113les kust\u012bbu, \u013caujot tai izstiepties, ievilkties un pagriezties, t\u0101d\u0113j\u0101di atvieglojot efekt\u012bvus materi\u0101lu apstr\u0101des uzdevumus. Ar sp\u0113ju darbin\u0101t da\u017e\u0101dus stiprin\u0101jumus, str\u0113les cilindram ir b\u016btiska loma rak\u0161anas darbu efektivit\u0101tes un produktivit\u0101tes uzlabo\u0161an\u0101.<\/p>\n<p><img decoding=\"async\" src=\"https:\/\/www.hydraulic-cylinders.net\/wp-content\/uploads\/2025\/04\/songte-company-1.webp\" alt=\"Str\u0113les cilindrs\"><\/p>\n<h3>Defin\u012bcija un p\u0101rskats<\/h3>\n<p>Str\u0113les cilindrs ir hidraulisk\u0101 cilindra veids, ko izmanto, lai kontrol\u0113tu smago ma\u0161\u012bnu, piem\u0113ram, ekskavatoru, ekskavatoru-iekr\u0101v\u0113ju un front\u0101lo iekr\u0101v\u0113ju, str\u0113les sviras kust\u012bbu. Tas \u013cauj str\u0113lei pacelt, nolaist un noliekt, padarot to neaizst\u0101jamu da\u017e\u0101d\u0101s materi\u0101lu apstr\u0101des oper\u0101cij\u0101s. \u0160ie cilindri ir konstru\u0113ti, lai iztur\u0113tu augstu spiedienu un slodzes, nodro\u0161inot uzticamu veiktsp\u0113ju sare\u017e\u0123\u012btos apst\u0101k\u013cos. To sp\u0113ja atvieglot sare\u017e\u0123\u012btas kust\u012bbas ir b\u016btiska t\u0101diem uzdevumiem k\u0101 rak\u0161ana, cel\u0161ana un materi\u0101lu transport\u0113\u0161ana.<\/p>\n<h2>Str\u0113les cilindra \u012bpa\u0161\u012bbas<\/h2>\n<ul>\n<li><strong>Augsta iztur\u012bba un ilgm\u016b\u017e\u012bba:<\/strong> \u0160ie cilindri ir izgatavoti no augstas stipr\u012bbas t\u0113rauda vai alum\u012bnija, un tie ir paredz\u0113ti, lai iztur\u0113tu augstu spiedienu un lielas slodzes, vienlaikus esot iztur\u012bgi pret skarbiem darba apst\u0101k\u013ciem, kas pagarina to kalpo\u0161anas laiku.<\/li>\n<li><strong>Efekt\u012bva hidraulisk\u0101 darb\u012bba:<\/strong> Izmantojot hidraulisk\u0101s e\u013c\u013cas spiedienu, str\u0113les cilindrs nodro\u0161ina vienm\u0113r\u012bgu izstiep\u0161anu un ievilk\u0161anu, \u0101tri rea\u0123\u0113jot uz operatora komand\u0101m un nodro\u0161inot iev\u0113rojamu stum\u0161anas un vilk\u0161anas sp\u0113ku, kas nepiecie\u0161ams smagu kravu apstr\u0101dei.<\/li>\n<li><strong>Da\u017e\u0101di veidi:<\/strong> \u0160ie cilindri, kas pieejami vienk\u0101r\u0161\u0101s darb\u012bbas (hidrauliski darbojas vien\u0101 virzien\u0101) vai divk\u0101r\u0161\u0101s darb\u012bbas (darbojas abos virzienos) konfigur\u0101cij\u0101s, var apmierin\u0101t da\u017e\u0101das ekspluat\u0101cijas vajadz\u012bbas, un da\u017eiem mode\u013ciem ir teleskopiska konstrukcija, kas nodro\u0161ina liel\u0101ku sniedzam\u012bbu, nepalielinot \u0101r\u0113jos izm\u0113rus.<\/li>\n<li><strong>Piel\u0101gojamas opcijas:<\/strong> Da\u017e\u0101das specifik\u0101cijas var piel\u0101got, lai t\u0101s atbilstu konkr\u0113tu iek\u0101rtu tipu unik\u0101laj\u0101m pras\u012bb\u0101m, nodro\u0161inot optim\u0101lu veiktsp\u0113ju da\u017e\u0101dos pielietojumos.<\/li>\n<li><strong>Uzlabotas dro\u0161\u012bbas funkcijas:<\/strong> Apr\u012bkots ar uzlabotiem dro\u0161\u012bbas meh\u0101nismiem, lai nov\u0113rstu hidraulisk\u0101s k\u013c\u016bmes un nodro\u0161in\u0101tu operatora dro\u0161\u012bbu darb\u012bbas laik\u0101.<\/li>\n<\/ul>\n<h3>M\u016bsu ra\u017eo\u0161anas iesp\u0113jas<\/h3>\n<p>M\u0113s specializ\u0113jamies augstas kvalit\u0101tes str\u0113les cilindru ra\u017eo\u0161an\u0101, kas var kalpot k\u0101 ide\u0101ls eso\u0161o hidraulisko cilindru aizvietot\u0101js. M\u016bsu produkti ir izstr\u0101d\u0101ti, lai atbilstu un p\u0101rsniegtu nozares standartus, nodro\u0161inot optim\u0101lu veiktsp\u0113ju un uzticam\u012bbu.<\/p>\n<p><img decoding=\"async\" src=\"https:\/\/www.hydraulic-cylinders.net\/wp-content\/uploads\/2025\/04\/songte-cylinder-head-with-all-kinds-excavator-models.webp\" alt=\"Ekskavatoru mode\u013ci\"><\/p>\n<h2>Lietojumprogrammu scen\u0101riji<\/h2>\n<h3>Celtniec\u012bbas apr\u012bkojums<\/h3>\n<p>Ekskavatoros str\u0113les cilindri ir kritiski svar\u012bgi zemes vai gru\u017eu rak\u0161anai, iekrau\u0161anai un p\u0101rvieto\u0161anai. Prec\u012bza kust\u012bba, ko nodro\u0161ina \u0161ie cilindri, \u013cauj operatoriem efekt\u012bvi veikt sare\u017e\u0123\u012btus uzdevumus. Ekskavatoros-iekr\u0101v\u0113jos str\u0113les cilindrs pal\u012bdz gan rak\u0161anas, gan cel\u0161anas darbos, nodro\u0161inot uzlabotu daudzpus\u012bbu b\u016bvniec\u012bbas projektos.<\/p>\n<h3>Lauksaimniec\u012bbas tehnika<\/h3>\n<p>Front\u0101lo iekr\u0101v\u0113ju str\u0113les cilindri ir b\u016btiski augsnes, siena un citu materi\u0101lu sav\u0101k\u0161anai, cel\u0161anai un transport\u0113\u0161anai. To iztur\u012bg\u0101 konstrukcija nodro\u0161ina uzticamu darb\u012bbu pat skarbos lauksaimniec\u012bbas apst\u0101k\u013cos, padarot tos par b\u016btiskiem lauksaimniec\u012bbas darbiem.<\/p>\n<h3>Ekskavatori<\/h3>\n<p>Ekskavatoros str\u0113les cilindrs \u013cauj kausam iek\u013c\u016bt augsn\u0113, atvieglojot efekt\u012bvas rak\u0161anas darb\u012bbas. Hidraulisk\u0101 jauda \u013cauj operatoram str\u0101d\u0101t da\u017e\u0101dos augsnes veidos un dzi\u013cumos, uzlabojot produktivit\u0101ti darba viet\u0101.<\/p>\n<h3>Iekr\u0101v\u0113ji<\/h3>\n<p>Front\u0101lajos iekr\u0101v\u0113jos str\u0113les cilindri veicina efekt\u012bvu kravu cel\u0161anu un izg\u0101\u0161anu. To konstrukcija nodro\u0161ina vienm\u0113r\u012bgu p\u0101reju starp cel\u0161anas un izg\u0101\u0161anas poz\u012bcij\u0101m, padarot tos par iz\u0161\u0137iro\u0161iem materi\u0101lu apstr\u0101des uzdevumos.<\/p>\n<h2>Dizaina apsv\u0113rumi un atlases krit\u0113riji<\/h2>\n<h3>Kravnes\u012bba<\/h3>\n<p>Izv\u0113loties str\u0113les cilindru, ir svar\u012bgi \u0146emt v\u0113r\u0101 t\u0101 kravnes\u012bbu. Cilindram j\u0101sp\u0113j iztur\u0113t maksim\u0101lo slodzi, ar kuru tas saskarsies ekspluat\u0101cijas laik\u0101, bez boj\u0101juma riska. Tas ietver ar\u012b agreg\u0101tu svara un apstr\u0101d\u0101jamo materi\u0101lu nov\u0113rt\u0113\u0161anu. P\u0101rslodze var izrais\u012bt nopietnus boj\u0101jumus vai darb\u012bbas trauc\u0113jumus, t\u0101p\u0113c ir \u013coti svar\u012bgi iev\u0113rot noteiktos slodzes ierobe\u017eojumus.<\/p>\n<h3>Bl\u012bv\u0113juma veiktsp\u0113ja<\/h3>\n<p>Bl\u012bv\u0113juma veiktsp\u0113ja ir v\u0113l viens svar\u012bgs konstrukcijas apsv\u0113rums. Bl\u012bv\u0113jumu integrit\u0101te ietekm\u0113 hidraulisk\u0101s sist\u0113mas efektivit\u0101ti. Augstas kvalit\u0101tes bl\u012bv\u0113jumi samazina hidraulisk\u0101 \u0161\u0137idruma nopl\u016bdi, uzturot spiedienu un nodro\u0161inot vienm\u0113r\u012bgu darb\u012bbu. Regul\u0101ra bl\u012bv\u0113jumu p\u0101rbaude un apkope var nov\u0113rst priek\u0161laic\u012bgu nodilumu un pagarin\u0101t cilindra kalpo\u0161anas laiku.<\/p>\n<h3>Iztur\u012bba<\/h3>\n<p>Iztur\u012bba ir vit\u0101li svar\u012bga str\u0113les cilindriem, jo \u200b\u200btie bie\u017ei tiek pak\u013cauti skarbiem darba apst\u0101k\u013ciem. Konstrukcij\u0101 izmantotajiem materi\u0101liem j\u0101b\u016bt iztur\u012bgiem pret nodilumu, koroziju un nogurumu. Projekt\u0113jot j\u0101\u0146em v\u0113r\u0101 vides faktori, nodro\u0161inot, ka cilindrs var iztur\u0113t lielas slodzes pielietojumu rad\u012btos izaicin\u0101jumus.<\/p>\n<h3>Dro\u0161\u012bbas funkcijas<\/h3>\n<p>Dro\u0161\u012bba hidrauliskaj\u0101s sist\u0113m\u0101s ir \u0101rk\u0101rt\u012bgi svar\u012bga. Str\u0113les cilindriem j\u0101b\u016bt apr\u012bkotiem ar funkcij\u0101m, kas nov\u0113r\u0161 boj\u0101jumus, piem\u0113ram, spiediena samazin\u0101\u0161anas v\u0101rstiem un ierobe\u017eojo\u0161ajiem sl\u0113d\u017eiem. \u0160\u012bs sast\u0101vda\u013cas pal\u012bdz aizsarg\u0101t gan apr\u012bkojumu, gan operatoru, samazinot negad\u012bjumu risku darb\u012bbas laik\u0101.<\/p>\n<h3>Apkopes pieejam\u012bba<\/h3>\n<p>Projekt\u0113jot apkopes pieejam\u012bbu, operatori var viegli veikt regul\u0101ras p\u0101rbaudes un apkopi. Tas ietver e\u013c\u013co\u0161anas savienojumu izvietojuma, p\u0101rbaudes punktu un hidraulisk\u0101s sist\u0113mas kop\u0113j\u0101 izk\u0101rtojuma apsv\u0113r\u0161anu. \u0112rta piek\u013cuve veicina regul\u0101ru apkopi, kas ir b\u016btiski cilindra kalpo\u0161anas laika pagarin\u0101\u0161anai.<\/p>\n<p><img decoding=\"async\" src=\"https:\/\/www.hydraulic-cylinders.net\/wp-content\/uploads\/2025\/04\/songte-oil-pipes-and-spare-parts.webp\" alt=\"E\u013c\u013cas caurules un rezerves da\u013cas\"><\/p>\n<h2>Bl\u012bv\u0113\u0161ana un e\u013c\u013co\u0161ana<\/h2>\n<p>Efekt\u012bva bl\u012bv\u0113\u0161ana un e\u013c\u013co\u0161ana ir \u013coti svar\u012bga str\u0113les cilindru darb\u012bbai. Lai nov\u0113rstu hidraulisk\u0101 \u0161\u0137idruma nopl\u016bdi, tiek izmantoti da\u017e\u0101di bl\u012bv\u0113jumi, piem\u0113ram, virzu\u013ca bl\u012bv\u0113jumi un stie\u0146a bl\u012bv\u0113jumi. Materi\u0101li, piem\u0113ram, poliuret\u0101ns un nitrila gumija, ir iecien\u012bti to iztur\u012bbas un nodilumiztur\u012bbas d\u0113\u013c. Pareiza cilindra korpusa un v\u012bt\u0146oto galu virsmas apstr\u0101de uzlabo nodilumiztur\u012bbu un bl\u012bv\u0113juma veiktsp\u0113ju. Regul\u0101ra e\u013c\u013co\u0161ana ar hidraulisko e\u013c\u013cu ir nepiecie\u0161ama, lai nodro\u0161in\u0101tu vienm\u0113r\u012bgu darb\u012bbu un nov\u0113rstu nodilumu.<\/p>\n<h2>Prevent\u012bvie apkopes pas\u0101kumi<\/h2>\n<ul>\n<li><strong>Regul\u0101ras p\u0101rbaudes:<\/strong> Regul\u0101ri p\u0101rbaudiet hidraulisko sist\u0113mu un str\u0113les cilindru, lai noteiktu jebk\u0101das nodiluma vai boj\u0101jumu paz\u012bmes. Agr\u012bna atkl\u0101\u0161ana var nov\u0113rst nopietnus boj\u0101jumus.<\/li>\n<li><strong>Pareiza e\u013c\u013co\u0161ana:<\/strong> P\u0101rliecinieties, vai str\u0113les cilindrs ir pietiekami iee\u013c\u013cots ar atbilsto\u0161u hidraulisko e\u013c\u013cu. Tas samazina berzi un nodilumu, t\u0101d\u0113j\u0101di pagarinot cilindra kalpo\u0161anas laiku.<\/li>\n<li><strong>Bl\u012bv\u0113juma nomai\u0146a:<\/strong> Regul\u0101ri p\u0101rbaudiet bl\u012bv\u0113jumu nodilumu un nomainiet tos p\u0113c nepiecie\u0161am\u012bbas. Nodilu\u0161i bl\u012bv\u0113jumi var izrais\u012bt hidraulisk\u0101 \u0161\u0137idruma nopl\u016bdes, pasliktinot sist\u0113mas darb\u012bbu.<\/li>\n<\/ul>\n<h2>Uzst\u0101d\u012b\u0161anas vadl\u012bnijas<\/h2>\n<p>Pareiza str\u0113les cilindra uzst\u0101d\u012b\u0161ana ir b\u016btiska optim\u0101lai veiktsp\u0113jai. Vispirms p\u0101rliecinieties, vai darba zona ir t\u012bra un bez gru\u017eiem. Pareizi izl\u012bdziniet cilindru ar mont\u0101\u017eas kron\u0161teiniem, nepiecie\u0161am\u012bbas gad\u012bjum\u0101 izmantojot atbilsto\u0161as \u200b\u200buzst\u0101d\u012b\u0161anas iek\u0101rtas. Nostipriniet cilindru ar pareizajiem stiprin\u0101jumiem, p\u0101rliecinoties, ka tie ir pievilkti atbilsto\u0161i ra\u017eot\u0101ja specifik\u0101cij\u0101m. Uzst\u0101d\u012b\u0161anas laik\u0101 ir \u013coti svar\u012bgi v\u0113lreiz p\u0101rbaud\u012bt izl\u012bdzin\u0101\u0161anu, lai nov\u0113rstu nepareizas izl\u012bdzin\u0101\u0161anas probl\u0113mas, kas var\u0113tu izrais\u012bt priek\u0161laic\u012bgu nodilumu vai boj\u0101jumus. P\u0113c uzst\u0101d\u012b\u0161anas p\u0101rbaudiet cilindru tuk\u0161gait\u0101, lai p\u0101rliecin\u0101tos par pareizu darb\u012bbu, pirms s\u0101kat pilna m\u0113roga darbu.<\/p>\n<h2>Apkopes uzdevumi<\/h2>\n<ul>\n<li><strong>Regul\u0101ras p\u0101rbaudes:<\/strong> Iepl\u0101nojiet regul\u0101ras p\u0101rbaudes, lai laikus identific\u0113tu visas iesp\u0113jam\u0101s probl\u0113mas. Tas ietver vizu\u0101las p\u0101rbaudes, lai noteiktu nopl\u016bdes, nodilumu vai boj\u0101jumus.<\/li>\n<li><strong>Pareiza e\u013c\u013co\u0161ana:<\/strong> Izveidojiet regul\u0101ru e\u013c\u013co\u0161anas grafiku, izmantojot ieteicamo hidraulisko e\u013c\u013cu, lai nodro\u0161in\u0101tu vienm\u0113r\u012bgu darb\u012bbu un samazin\u0101tu nodilumu.<\/li>\n<li><strong>Bl\u012bv\u0113juma nomai\u0146a:<\/strong> Uzraugiet bl\u012bv\u0113jumu nodilumu un pl\u0101nojiet savlaic\u012bgu nomai\u0146u, lai saglab\u0101tu hidraulisko efektivit\u0101ti un nov\u0113rstu nopl\u016bdes.<\/li>\n<\/ul>\n<p>Pareiza uzst\u0101d\u012b\u0161ana, e\u013c\u013co\u0161ana un regul\u0113\u0161ana ir \u013coti svar\u012bga str\u0113les cilindra veiktsp\u0113jai. Uzst\u0101d\u012b\u0161anas laik\u0101 p\u0101rliecinieties, vai cilindrs ir pareizi izl\u012bdzin\u0101ts, izmantojot piem\u0113rotus kron\u0161teinus dro\u0161ai mont\u0101\u017eai. Regul\u0101ri ieteicams p\u0101rbaud\u012bt, vai nav nepiecie\u0161ami remonti vai nomai\u0146a, kas var pal\u012bdz\u0113t pagarin\u0101t cilindra kalpo\u0161anas laiku.<\/p>\n<p><img decoding=\"async\" src=\"https:\/\/www.hydraulic-cylinders.net\/wp-content\/uploads\/2025\/04\/songte-chushion-collar.webp\" alt=\"Spilvenu apkakle\"><\/p>\n<h2>Dro\u0161\u012bbas apsv\u0113rumi un vides faktori<\/h2>\n<p>Str\u0101d\u0101jot ar hidrauliskaj\u0101m sist\u0113m\u0101m, dro\u0161\u012bbas pas\u0101kumi ir \u0101rk\u0101rt\u012bgi svar\u012bgi. Operatoriem j\u0101b\u016bt apm\u0101c\u012btiem pareiz\u0101 hidraulisko iek\u0101rtu lieto\u0161an\u0101, lai izvair\u012btos no negad\u012bjumiem. Regul\u0101ras dro\u0161\u012bbas p\u0101rbaudes un dro\u0161\u012bbas protokolu iev\u0113ro\u0161ana ir b\u016btiska, lai mazin\u0101tu ar hidraulisko cilindru darb\u012bbu saist\u012btos riskus.<\/p>\n<h2>Probl\u0113mu nov\u0113r\u0161ana un bie\u017ei sastopamas probl\u0113mas<\/h2>\n<ul>\n<li><strong>Nopl\u016bde:<\/strong> Viena no visbie\u017e\u0101k sastopamaj\u0101m probl\u0113m\u0101m ir hidraulisk\u0101 \u0161\u0137idruma nopl\u016bde, ko var izrais\u012bt nolietoti bl\u012bv\u0113jumi vai nepareiza uzst\u0101d\u012b\u0161ana. Regul\u0101ras p\u0101rbaudes var pal\u012bdz\u0113t identific\u0113t un nov\u0113rst \u0161o probl\u0113mu.<\/li>\n<li><strong>Nekonsekventa darb\u012bba:<\/strong> Ja str\u0113les cilindrs nedarbojas vienm\u0113r\u012bgi, tas var liecin\u0101t par nepiecie\u0161am\u012bbu veikt e\u013c\u013co\u0161anu vai iesp\u0113jamu hidraulisk\u0101 \u0161\u0137idruma pies\u0101r\u0146ojumu.<\/li>\n<li><strong>P\u0101rm\u0113r\u012bgs nodilums:<\/strong> Ja ir p\u0101rm\u0113r\u012bga nodiluma paz\u012bmes, tas var b\u016bt saist\u012bts ar nepareizu izl\u012bdzin\u0101\u0161anu vai nepietiekamu e\u013c\u013co\u0161anu. \u0160o probl\u0113mu savlaic\u012bga nov\u0113r\u0161ana var nov\u0113rst turpm\u0101kus boj\u0101jumus.<\/li>\n<\/ul>\n<p>Lai efekt\u012bvi diagnostic\u0113tu un risin\u0101tu \u0161\u012bs probl\u0113mas, ir svar\u012bgi iev\u0113rot sistem\u0101tisku probl\u0113mu nov\u0113r\u0161anas pieeju. S\u0101ciet ar simptomu identific\u0113\u0161anu, \u0161\u0137idruma l\u012bme\u0146a p\u0101rbaudi, bl\u012bv\u0113jumu p\u0101rbaudi un pareizas izl\u012bdzin\u0101\u0161anas nodro\u0161in\u0101\u0161anu. Prevent\u012bvie pas\u0101kumi, piem\u0113ram, regul\u0101ra apkope un ekspluat\u0101cijas vadl\u012bniju iev\u0113ro\u0161ana, var samazin\u0101t \u0161o probl\u0113mu ra\u0161anos.<\/p>\n<p><img decoding=\"async\" src=\"https:\/\/www.hydraulic-cylinders.net\/wp-content\/uploads\/2025\/04\/songte-bushings-with-all-kinds-of-excavator-models.webp\" alt=\"Bukses ar ekskavatora mode\u013ciem\"><\/p>\n<h2>Uz\u0146\u0113muma p\u0101rskats<\/h2>\n<p>M\u0113s esam vado\u0161ais rezerves hidraulisko cilindru ra\u017eot\u0101js, kas specializ\u0113jas pla\u0161\u0101 produktu kl\u0101st\u0101. M\u016bsu ap\u0146em\u0161an\u0101s sasniegt izcil\u012bbu ir pozicion\u0113jusi m\u016bs k\u0101 iev\u0113rojamu sp\u0113l\u0113t\u0101ju gan viet\u0113j\u0101, gan starptautiskaj\u0101 tirg\u016b. M\u0113s iev\u0113rojam augstus kvalit\u0101tes standartus, izmantojot progres\u012bvas ra\u017eo\u0161anas strat\u0113\u0123ijas un prasm\u012bgu tehnisko person\u0101lu, lai uzlabotu m\u016bsu produktu pied\u0101v\u0101jumu. M\u016bsu modern\u0101k\u0101s ra\u017eo\u0161anas iek\u0101rtas apvienojum\u0101 ar stingr\u0101m test\u0113\u0161anas sist\u0113m\u0101m nodro\u0161ina, ka m\u0113s apmierin\u0101m m\u016bsu klientu da\u017e\u0101d\u0101s vajadz\u012bbas ar efektivit\u0101ti, precizit\u0101ti un kvalit\u0101ti.<\/p>\n<p>Koncentr\u0113joties uz profesionalit\u0101ti, starptautiskiem sertifik\u0101tiem, piel\u0101gotiem pakalpojumiem, modern\u0101m ra\u017eo\u0161anas iek\u0101rt\u0101m un \u012bpa\u0161u p\u0113cp\u0101rdo\u0161anas atbalstu, m\u0113s cen\u0161amies sniegt saviem klientiem izcilu v\u0113rt\u012bbu. M\u016bsu sp\u0113c\u012bg\u0101s sp\u0113jas \u013cauj mums piel\u0101goties main\u012bgaj\u0101m tirgus pras\u012bb\u0101m un pied\u0101v\u0101t inovat\u012bvus risin\u0101jumus.<\/p>\n<p><img decoding=\"async\" src=\"https:\/\/www.hydraulic-cylinders.net\/wp-content\/uploads\/2025\/04\/songte-company-4.webp\" alt=\"Uz\u0146\u0113muma p\u0101rskats 1\"><\/p>\n<p><img decoding=\"async\" src=\"https:\/\/www.hydraulic-cylinders.net\/wp-content\/uploads\/2025\/04\/songte-company-3.webp\" alt=\"Uz\u0146\u0113muma p\u0101rskats 2\"><\/p>\n<p>Autors: lil<\/p>","protected":false},"excerpt":{"rendered":"<p>Boom Cylinder For SDLG Large Excavator LG6300 Introduction to Boom Cylinder The Boom Cylinder for the SDLG Large Excavator LG6300 is a crucial component in the hydraulic system of heavy machinery. This hydraulic cylinder is specifically designed to control the movement of the excavator&#8217;s boom, allowing it to extend, retract, and pivot, thereby facilitating effective [&hellip;]<\/p>","protected":false},"featured_media":17881,"comment_status":"open","ping_status":"closed","template":"","meta":{"_et_pb_use_builder":"","_et_pb_old_content":"","_et_gb_content_width":""},"product_brand":[],"product_cat":[1546],"product_tag":[1547,1496],"class_list":{"0":"post-19376","1":"product","2":"type-product","3":"status-publish","4":"has-post-thumbnail","6":"product_cat-boom-cylinders","7":"product_tag-boom-cylinders","8":"product_tag-hydraulic-cylinders","10":"first","11":"instock","12":"shipping-taxable","13":"product-type-simple"},"amp_enabled":true,"_links":{"self":[{"href":"https:\/\/www.hydraulic-cylinders.net\/lv\/wp-json\/wp\/v2\/product\/19376","targetHints":{"allow":["GET"]}}],"collection":[{"href":"https:\/\/www.hydraulic-cylinders.net\/lv\/wp-json\/wp\/v2\/product"}],"about":[{"href":"https:\/\/www.hydraulic-cylinders.net\/lv\/wp-json\/wp\/v2\/types\/product"}],"replies":[{"embeddable":true,"href":"https:\/\/www.hydraulic-cylinders.net\/lv\/wp-json\/wp\/v2\/comments?post=19376"}],"wp:featuredmedia":[{"embeddable":true,"href":"https:\/\/www.hydraulic-cylinders.net\/lv\/wp-json\/wp\/v2\/media\/17881"}],"wp:attachment":[{"href":"https:\/\/www.hydraulic-cylinders.net\/lv\/wp-json\/wp\/v2\/media?parent=19376"}],"wp:term":[{"taxonomy":"product_brand","embeddable":true,"href":"https:\/\/www.hydraulic-cylinders.net\/lv\/wp-json\/wp\/v2\/product_brand?post=19376"},{"taxonomy":"product_cat","embeddable":true,"href":"https:\/\/www.hydraulic-cylinders.net\/lv\/wp-json\/wp\/v2\/product_cat?post=19376"},{"taxonomy":"product_tag","embeddable":true,"href":"https:\/\/www.hydraulic-cylinders.net\/lv\/wp-json\/wp\/v2\/product_tag?post=19376"}],"curies":[{"name":"wp","href":"https:\/\/api.w.org\/{rel}","templated":true}]}}