{"id":19404,"date":"2025-04-07T06:32:42","date_gmt":"2025-04-07T06:32:42","guid":{"rendered":"https:\/\/www.hydraulic-cylinders.net\/product\/boom-cylinder-for-ihi-small-excavator-ihi100ns\/"},"modified":"2025-04-07T06:32:44","modified_gmt":"2025-04-07T06:32:44","slug":"boom-cylinder-for-ihi-small-excavator-ihi100ns","status":"publish","type":"product","link":"https:\/\/www.hydraulic-cylinders.net\/lv\/products\/boom-cylinder-for-ihi-small-excavator-ihi100ns\/","title":{"rendered":"IHI maz\u0101 ekskavatora str\u0113les cilindrs IHI100NS"},"content":{"rendered":"<h1>IHI maz\u0101 ekskavatora str\u0113les cilindrs IHI100NS<\/h1>\n<h2>Ievads str\u0113les cilindros<\/h2>\n<p>Str\u0113les cilindrs, ko sauc ar\u012b par kausa cilindru, ir svar\u012bga smago ma\u0161\u012bnu hidraulisko sist\u0113mu sast\u0101vda\u013ca. \u0160ie cilindri kontrol\u0113 ekskavatoru kausu, ekskavatoru un front\u0101lo iekr\u0101v\u0113ju kust\u012bbu, \u013caujot pacelt, nolaist un noliekt kausu. \u0160\u012b funkcija ir b\u016btiska da\u017e\u0101diem materi\u0101lu apstr\u0101des uzdevumiem, padarot str\u0113les cilindrus neaizst\u0101jamus b\u016bvniec\u012bbas un rak\u0161anas darbos. Hidrauliskais cilindrs darba veik\u0161anai izmanto spiediena hidraulisko \u0161\u0137idrumu, nodro\u0161inot, ka smagas kravas var tikt p\u0101rvald\u012btas efekt\u012bvi un dro\u0161i.<\/p>\n<p><img decoding=\"async\" src=\"https:\/\/www.hydraulic-cylinders.net\/wp-content\/uploads\/2025\/04\/songte-company-1.webp\" alt=\"Str\u0113les cilindra att\u0113ls\" \/><\/p>\n<h2>Str\u0113les cilindra \u012bpa\u0161\u012bbas<\/h2>\n<ul>\n<li><strong>Augsta iztur\u012bba un ilgm\u016b\u017e\u012bba:<\/strong> \u0160ie cilindri ir izgatavoti no augstas stipr\u012bbas t\u0113rauda vai alum\u012bnija un var iztur\u0113t augstu spiedienu un lielas slodzes, padarot tos piem\u0113rotus skarbiem darba apst\u0101k\u013ciem. To konstrukcij\u0101 ir iek\u013cauta nodilumiztur\u012bba un aizsardz\u012bba pret koroziju, kas pagarina to kalpo\u0161anas laiku.<\/li>\n<li><strong>Efekt\u012bva hidraulisk\u0101 darb\u012bba:<\/strong> Str\u0113les cilindrs darbojas vienm\u0113r\u012bgi, pateicoties hidraulisk\u0101s e\u013c\u013cas spiedienam, \u013caujot \u0101tri rea\u0123\u0113t uz darb\u012bbas komand\u0101m, t\u0101d\u0113j\u0101di nodro\u0161inot iev\u0113rojamu stum\u0161anas un vilk\u0161anas sp\u0113ku smagiem un sare\u017e\u0123\u012btiem uzdevumiem.<\/li>\n<li><strong>Da\u017e\u0101di veidi:<\/strong> Atkar\u012bb\u0101 no ekspluat\u0101cijas pras\u012bb\u0101m var izv\u0113l\u0113ties starp vienk\u0101r\u0161as darb\u012bbas (darbojas vien\u0101 virzien\u0101) un divk\u0101r\u0161as darb\u012bbas (darbojas abos virzienos) cilindriem, un da\u017ei mode\u013ci ir teleskopiski, lai nodro\u0161in\u0101tu liel\u0101ku sniedzam\u012bbu, nepalielinot \u0101r\u0113jos izm\u0113rus.<\/li>\n<\/ul>\n<h2>Ra\u017eo\u0161anas jauda<\/h2>\n<p>M\u0113s sp\u0113jam ra\u017eot \u0161o produktu ar augstu precizit\u0101ti. M\u016bsu str\u0113les cilindri var lieliski aizst\u0101t da\u017e\u0101dus hidrauliskos cilindrus, nodro\u0161inot neman\u0101mu integr\u0101ciju eso\u0161aj\u0101s iek\u0101rt\u0101s.<\/p>\n<p><img decoding=\"async\" src=\"https:\/\/www.hydraulic-cylinders.net\/wp-content\/uploads\/2025\/04\/songte-cylinder-head-with-all-kinds-excavator-models.webp\" alt=\"Ekskavatoru mode\u013ci\" \/><\/p>\n<h2>Str\u0113les cilindra pielietojumi<\/h2>\n<h3>Celtniec\u012bbas apr\u012bkojums<\/h3>\n<p>Ekskavatoros str\u0113les cilindri ir \u013coti svar\u012bgi augsnes vai gru\u017eu rak\u0161anai, iekrau\u0161anai un transport\u0113\u0161anai. Tie atvieglo rak\u0161anas kust\u012bbu, \u013caujot kausam iek\u013c\u016bt zem\u0113 un pal\u012bdzot cel\u0161anas oper\u0101cij\u0101s, lai efekt\u012bvi p\u0101rvietotu materi\u0101lus.<\/p>\n<h3>Lauksaimniec\u012bbas tehnika<\/h3>\n<p>Front\u0101lajos iekr\u0101v\u0113jos str\u0113les cilindri veic augsnes, siena un citu materi\u0101lu sav\u0101k\u0161anas, cel\u0161anas un transport\u0113\u0161anas uzdevumus. To konstrukcija uzlabo efektivit\u0101ti lauksaimniec\u012bbas darbos, padarot tos par b\u016btiskiem lauksaimniec\u012bbas aktivit\u0101t\u0113s.<\/p>\n<h3>Ekskavatori<\/h3>\n<p>Ekskavatoros str\u0113les cilindrs \u013cauj kausam iek\u013c\u016bt augsn\u0113, kas ir \u013coti svar\u012bgi rak\u0161anas darbos. Tas nodro\u0161ina efekt\u012bvu rak\u0161anu, t\u0101d\u0113j\u0101di pa\u0101trinot projektu pabeig\u0161anas laiku.<\/p>\n<h3>Iekr\u0101v\u0113ji<\/h3>\n<p>Front\u0101lajos iekr\u0101v\u0113jos str\u0113les cilindri pal\u012bdz efekt\u012bvi pacelt un izg\u0101zt kravas. To hidraulisk\u0101 darb\u012bba nodro\u0161ina nepiecie\u0161amo sp\u0113ku smagu materi\u0101lu apstr\u0101dei, nodro\u0161inot vienm\u0113r\u012bgu darb\u012bbu b\u016bvlaukumos.<\/p>\n<h2>Dizaina apsv\u0113rumi un atlases krit\u0113riji<\/h2>\n<h3>Kravnes\u012bba<\/h3>\n<p>Izv\u0113loties str\u0113les cilindru, ir svar\u012bgi izprast t\u0101 kravnes\u012bbu. Tam j\u0101sp\u0113j iztur\u0113t maksim\u0101lo svaru, ar kuru tas saskarsies darb\u012bbas laik\u0101. Ra\u017eot\u0101ji bie\u017ei nor\u0101da detaliz\u0113tas slodzes v\u0113rt\u012bbas, kas nodro\u0161ina, ka cilindrs var dro\u0161i darboties paredz\u0113tajos apst\u0101k\u013cos.<\/p>\n<h3>Bl\u012bv\u0113\u0161anas meh\u0101nisms<\/h3>\n<p>Hidraulisk\u0101 cilindra bl\u012bv\u0113\u0161anas meh\u0101nisms ir \u013coti svar\u012bgs spiediena uztur\u0113\u0161anai un nopl\u016b\u017eu nov\u0113r\u0161anai. Augstas kvalit\u0101tes bl\u012bv\u0113jumu izv\u0113le, kas izgatavoti no iztur\u012bgiem materi\u0101liem, uzlabo cilindra ilgm\u016b\u017e\u012bbu un veiktsp\u0113ju. Pareiza bl\u012bv\u0113\u0161ana ar\u012b samazina pies\u0101r\u0146ojuma risku hidrauliskaj\u0101 sist\u0113m\u0101.<\/p>\n<h3>Iztur\u012bba<\/h3>\n<p>Iztur\u012bba ir \u0101rk\u0101rt\u012bgi svar\u012bgs apsv\u0113rums. Ra\u017eo\u0161an\u0101 izmantotajiem materi\u0101liem j\u0101iztur t\u0101di vides faktori k\u0101 mitrums, temperat\u016bras izmai\u0146as un fizisks nodilums. Iztur\u012bga konstrukcija var iev\u0113rojami samazin\u0101t apkopes izmaksas un palielin\u0101t darb\u012bbas efektivit\u0101ti.<\/p>\n<h3>Dro\u0161\u012bbas funkcijas<\/h3>\n<p>Dro\u0161\u012bba ir b\u016btisks hidraulisko cilindru konstrukcijas aspekts. T\u0101das funkcijas k\u0101 spiediena samazin\u0101\u0161anas v\u0101rsti un iztur\u012bga konstrukcija pal\u012bdz nov\u0113rst negad\u012bjumus ekspluat\u0101cijas laik\u0101. Dro\u0161\u012bbu nekad nedr\u012bkst apdraud\u0113t, t\u0101p\u0113c ir \u013coti svar\u012bgi izv\u0113l\u0113ties cilindrus, kas atbilst nozares dro\u0161\u012bbas standartiem.<\/p>\n<h3>Apkopes pieejam\u012bba<\/h3>\n<p>V\u0113l viens svar\u012bgs krit\u0113rijs ir viegla apkope. Konstrukcijai j\u0101nodro\u0161ina \u0113rta piek\u013cuve komponentiem, kuriem nepiecie\u0161ama regul\u0101ra p\u0101rbaude un apkope. Tas samazina d\u012bkst\u0101ves laiku un nodro\u0161ina hidraulisk\u0101s sist\u0113mas nevainojamu darb\u012bbu, pagarinot iek\u0101rtas kalpo\u0161anas laiku.<\/p>\n<p><img decoding=\"async\" src=\"https:\/\/www.hydraulic-cylinders.net\/wp-content\/uploads\/2025\/04\/songte-oil-pipes-and-spare-parts.webp\" alt=\"Hidraulisk\u0101s da\u013cas\" \/><\/p>\n<h2>Bl\u012bv\u0113\u0161ana un e\u013c\u013co\u0161ana<\/h2>\n<p>Str\u0113les cilindru funkcionalit\u0101te liel\u0101 m\u0113r\u0101 ir atkar\u012bga no efekt\u012bva bl\u012bv\u0113juma un e\u013c\u013co\u0161anas. Da\u017e\u0101di bl\u012bv\u0113jumi, tostarp virzu\u013ca bl\u012bv\u0113jumi un stie\u0146a bl\u012bv\u0113jumi, ir b\u016btiski, lai nov\u0113rstu hidraulisk\u0101 \u0161\u0137idruma nopl\u016bdes. Bl\u012bv\u0113jumi, kas izgatavoti no poliuret\u0101na un nitrila gumijas, tiek pla\u0161i izmantoti to nodilumiztur\u012bgo \u012bpa\u0161\u012bbu d\u0113\u013c. Cilindra korpuss un v\u012bt\u0146otie gali tiek r\u016bp\u012bgi apstr\u0101d\u0101ti, lai uzlabotu to iztur\u012bbu pret nodilumu. Regul\u0101ra e\u013c\u013co\u0161ana ar hidraulisko e\u013c\u013cu ir nepiecie\u0161ama ar\u012b, lai uztur\u0113tu optim\u0101lu veiktsp\u0113ju un samazin\u0101tu berzi starp kust\u012bgaj\u0101m da\u013c\u0101m.<\/p>\n<h2>Prevent\u012bvie apkopes pas\u0101kumi<\/h2>\n<ul>\n<li><strong>Regul\u0101ras p\u0101rbaudes:<\/strong> Veiciet vizu\u0101las p\u0101rbaudes, lai noteiktu jebk\u0101das nodiluma vai nopl\u016b\u017eu paz\u012bmes. Nelielu probl\u0113mu agr\u012bna atkl\u0101\u0161ana var nov\u0113rst liel\u0101kas probl\u0113mas, kas var izrais\u012bt d\u0101rgu remontu.<\/li>\n<li><strong>E\u013c\u013co\u0161ana:<\/strong> Uzturiet hidraulisko sist\u0113mu labi iee\u013c\u013cotu, lai samazin\u0101tu bl\u012bv\u0113jumu un kust\u012bgo da\u013cu nodilumu. Pareiza e\u013c\u013co\u0161ana nodro\u0161ina vienm\u0113r\u012bg\u0101ku darb\u012bbu un pagarina cilindra kalpo\u0161anas laiku.<\/li>\n<li><strong>Bl\u012bv\u0113juma nomai\u0146a:<\/strong> Regul\u0101ri nov\u0113rt\u0113jiet bl\u012bv\u0113jumu st\u0101vokli un nomainiet tos p\u0113c nepiecie\u0161am\u012bbas, lai nov\u0113rstu nopl\u016bdes un uztur\u0113tu hidraulisko spiedienu.<\/li>\n<\/ul>\n<h2>Produkta uzst\u0101d\u012b\u0161anas vadl\u012bnijas<\/h2>\n<p>Str\u0113les cilindra uzst\u0101d\u012b\u0161ana prasa precizit\u0101ti un r\u016bp\u012bbu. Vispirms p\u0101rliecinieties, vai visas deta\u013cas ir t\u012bras un bez gru\u017eiem. Pareizi izl\u012bdziniet cilindru ar mont\u0101\u017eas kron\u0161teiniem, izmantojot piem\u0113rotus mont\u0101\u017eas balstus, lai to nostiprin\u0101tu viet\u0101. Stingri pievelciet visus savienot\u0101jus, nep\u0101rspie\u017eot, jo tas var\u0113tu saboj\u0101t savienojumus. P\u0113c uzst\u0101d\u012b\u0161anas p\u0101rbaudiet izl\u012bdzin\u0101jumu, lai p\u0101rliecin\u0101tos, ka cilindrs darbojas vienm\u0113r\u012bgi un bez \u0161\u0137\u0113r\u0161\u013ciem. Visbeidzot, piepildiet hidraulisko sist\u0113mu ar nor\u0101d\u012bto hidraulisko e\u013c\u013cu un pirms lieto\u0161anas veiciet spiediena p\u0101rbaudi, lai p\u0101rbaud\u012btu funkcionalit\u0101ti.<\/p>\n<h2>Apkopes uzdevumi<\/h2>\n<ul>\n<li><strong>Regul\u0101ras p\u0101rbaudes:<\/strong> Regul\u0101ri veiciet p\u0101rbaudes, lai laikus identific\u0113tu iesp\u0113jam\u0101s probl\u0113mas. \u0160\u012b prakse ir \u013coti svar\u012bga, lai saglab\u0101tu hidraulisk\u0101s sist\u0113mas darb\u012bbas integrit\u0101ti.<\/li>\n<li><strong>Pareiza e\u013c\u013co\u0161ana:<\/strong> P\u0101rliecinieties, ka hidraulisk\u0101s e\u013c\u013cas l\u012bmenis ir pietiekams, un papildiniet to p\u0113c nepiecie\u0161am\u012bbas, lai uztur\u0113tu veiktsp\u0113ju un samazin\u0101tu berzi.<\/li>\n<li><strong>Bl\u012bv\u0113juma nomai\u0146a un kalibr\u0113\u0161ana:<\/strong> Regul\u0101ri nomainiet nolietot\u0101s bl\u012bves un veiciet kalibr\u0113\u0161anas p\u0101rbaudes, lai nodro\u0161in\u0101tu, ka sist\u0113ma darbojas noteikto parametru robe\u017e\u0101s.<\/li>\n<\/ul>\n<h2>Dro\u0161\u012bbas apsv\u0113rumi un vides faktori<\/h2>\n<p>Dro\u0161\u012bbas pas\u0101kumu ievie\u0161ana, lietojot hidrauliskos cilindrus, ir \u0101rk\u0101rt\u012bgi svar\u012bga. Operatoriem j\u0101b\u016bt apm\u0101c\u012btiem izprast ar hidrauliskaj\u0101m iek\u0101rt\u0101m saist\u012btos riskus, tostarp iesp\u0113jamos apdraud\u0113jumus, ko rada nopl\u016bdes un spiediena atteices. Vienm\u0113r j\u0101valk\u0101 atbilsto\u0161s dro\u0161\u012bbas apr\u012bkojums, un ma\u0161\u012bnas j\u0101darbina noteiktaj\u0101 robe\u017e\u0101s, lai nov\u0113rstu negad\u012bjumus. Svar\u012bgi ir ar\u012b vides apsv\u0113rumi, jo nopl\u016bdes var izrais\u012bt pies\u0101r\u0146ojumu. Nodro\u0161inot, ka hidraulisk\u0101s sist\u0113mas ir lab\u0101 tehnisk\u0101 st\u0101vokl\u012b, tiek samazin\u0101ta ietekme uz vidi.<\/p>\n<h2>Probl\u0113mu nov\u0113r\u0161ana un bie\u017ei sastopamas probl\u0113mas<\/h2>\n<ul>\n<li><strong>Nopl\u016bde:<\/strong> Ja no cilindra nopl\u016bst \u0161\u0137idrums, p\u0101rbaudiet, vai bl\u012bves nav nodilu\u0161as vai boj\u0101tas. Nomainiet bl\u012bves, ja nepiecie\u0161ams, lai atjaunotu funkcionalit\u0101ti.<\/li>\n<li><strong>Slikta veiktsp\u0113ja:<\/strong> Ja cilindrs nerea\u0123\u0113 prec\u012bzi, p\u0101rbaudiet hidraulisk\u0101 \u0161\u0137idruma l\u012bmeni un p\u0101rliecinieties, vai hidrauliskaj\u0101s l\u012bnij\u0101s nav aizsprostojumu.<\/li>\n<li><strong>Neparastas ska\u0146as:<\/strong> Darb\u012bbas laik\u0101 dzirdami trok\u0161\u0146i var liecin\u0101t par iek\u0161\u0113jiem boj\u0101jumiem. Nekav\u0113joties p\u0101rtrauciet darb\u012bbu un nododiet cilindru speci\u0101listam p\u0101rbaudei.<\/li>\n<\/ul>\n<h2>Probl\u0113mu nov\u0113r\u0161anas padomi<\/h2>\n<p>Lai efekt\u012bvi diagnostic\u0113tu un nov\u0113rstu probl\u0113mas, vispirms p\u0101rskatiet sist\u0113mas rokasgr\u0101matu, lai ieg\u016btu konkr\u0113tas vadl\u012bnijas. Nopl\u016b\u017eu gad\u012bjum\u0101 apsveriet iesp\u0113ju izmantot kr\u0101svielu, lai izsekotu avotu. Vienm\u0113r nomainiet bl\u012bves ar ori\u0123in\u0101laj\u0101m deta\u013c\u0101m, lai nodro\u0161in\u0101tu sader\u012bbu un veiktsp\u0113ju. Regul\u0101ras apkopes p\u0101rbaudes var pal\u012bdz\u0113t nov\u0113rst daudzu probl\u0113mu p\u0101rv\u0113r\u0161anos nopietn\u0101s probl\u0113m\u0101s. Detaliz\u0113tu apkopes un remonta \u017eurn\u0101lu uztur\u0113\u0161ana var ar\u012b pal\u012bdz\u0113t identific\u0113t atk\u0101rtotas probl\u0113mas.<\/p>\n<p><img decoding=\"async\" src=\"https:\/\/www.hydraulic-cylinders.net\/wp-content\/uploads\/2025\/04\/songte-bushings-with-all-kinds-of-excavator-models.webp\" alt=\"Bukses mode\u013ci\" \/><\/p>\n<h2>Par m\u016bsu uz\u0146\u0113mumu<\/h2>\n<p>M\u0113s esam vado\u0161ais hidraulisko cilindru ra\u017eot\u0101js un vairumtirgot\u0101js, kas specializ\u0113jas da\u017e\u0101du mode\u013cu rezerves da\u013cu ra\u017eo\u0161an\u0101. Ap\u0146emoties nodro\u0161in\u0101t izcilu kvalit\u0101ti, m\u016bsu ra\u017eo\u0161anas vad\u012bbas strat\u0113\u0123ija ir balst\u012bta uz progres\u012bv\u0101m ra\u017eo\u0161anas metod\u0113m. M\u016bsu ra\u017eotnes ir apr\u012bkotas ar augstas klases ra\u017eo\u0161anas iek\u0101rt\u0101m un stingru test\u0113\u0161anas sist\u0113mu, kas nodro\u0161ina visaugst\u0101ko produktu kvalit\u0101ti. M\u016bsu kvalific\u0113to speci\u0101listu komanda past\u0101v\u012bgi uzlabo m\u016bsu ra\u017eo\u0161anas platformu, nodro\u0161inot, ka m\u0113s apmierin\u0101m da\u017e\u0101das klientu pras\u012bbas, izmantojot efekt\u012bvu, prec\u012bzu un augstas kvalit\u0101tes produkciju.<\/p>\n<p><img decoding=\"async\" src=\"https:\/\/www.hydraulic-cylinders.net\/wp-content\/uploads\/2025\/04\/songte-company-4.webp\" alt=\"Uz\u0146\u0113muma att\u0113ls 1\" \/><br \/>\n<img decoding=\"async\" src=\"https:\/\/www.hydraulic-cylinders.net\/wp-content\/uploads\/2025\/04\/songte-company-3.webp\" alt=\"Uz\u0146\u0113muma att\u0113ls 2\" \/><\/p>\n<p>M\u016bsu pieredze sniedzas t\u0101l\u0101k par produktu ra\u017eo\u0161anu, ietverot profesion\u0101lus pakalpojumus, starptautiskus sertifik\u0101tus un piel\u0101gotus risin\u0101jumus, kas piel\u0101goti konkr\u0113t\u0101m klientu vajadz\u012bb\u0101m. M\u016bsu ap\u0146em\u0161an\u0101s sniegt klientu apkalpo\u0161anu nodro\u0161ina atbalstu vis\u0101 m\u016bsu produktu dz\u012bves cikl\u0101.<\/p>\n<p>Autors: lil<\/p>","protected":false},"excerpt":{"rendered":"<p>Boom Cylinder For IHI Small Excavator IHI100NS Introduction to Boom Cylinders A boom cylinder, also referred to as a bucket cylinder, is a vital component of hydraulic systems in heavy machinery. These cylinders control the motion of excavator buckets, backhoes, and front loaders, allowing for the raising, lowering, and tilting of the bucket. This function [&hellip;]<\/p>","protected":false},"featured_media":17879,"comment_status":"open","ping_status":"closed","template":"","meta":{"_et_pb_use_builder":"","_et_pb_old_content":"","_et_gb_content_width":""},"product_brand":[],"product_cat":[1546],"product_tag":[1547,1496],"class_list":{"0":"post-19404","1":"product","2":"type-product","3":"status-publish","4":"has-post-thumbnail","6":"product_cat-boom-cylinders","7":"product_tag-boom-cylinders","8":"product_tag-hydraulic-cylinders","10":"first","11":"instock","12":"shipping-taxable","13":"product-type-simple"},"amp_enabled":true,"_links":{"self":[{"href":"https:\/\/www.hydraulic-cylinders.net\/lv\/wp-json\/wp\/v2\/product\/19404","targetHints":{"allow":["GET"]}}],"collection":[{"href":"https:\/\/www.hydraulic-cylinders.net\/lv\/wp-json\/wp\/v2\/product"}],"about":[{"href":"https:\/\/www.hydraulic-cylinders.net\/lv\/wp-json\/wp\/v2\/types\/product"}],"replies":[{"embeddable":true,"href":"https:\/\/www.hydraulic-cylinders.net\/lv\/wp-json\/wp\/v2\/comments?post=19404"}],"wp:featuredmedia":[{"embeddable":true,"href":"https:\/\/www.hydraulic-cylinders.net\/lv\/wp-json\/wp\/v2\/media\/17879"}],"wp:attachment":[{"href":"https:\/\/www.hydraulic-cylinders.net\/lv\/wp-json\/wp\/v2\/media?parent=19404"}],"wp:term":[{"taxonomy":"product_brand","embeddable":true,"href":"https:\/\/www.hydraulic-cylinders.net\/lv\/wp-json\/wp\/v2\/product_brand?post=19404"},{"taxonomy":"product_cat","embeddable":true,"href":"https:\/\/www.hydraulic-cylinders.net\/lv\/wp-json\/wp\/v2\/product_cat?post=19404"},{"taxonomy":"product_tag","embeddable":true,"href":"https:\/\/www.hydraulic-cylinders.net\/lv\/wp-json\/wp\/v2\/product_tag?post=19404"}],"curies":[{"name":"wp","href":"https:\/\/api.w.org\/{rel}","templated":true}]}}