{"id":19406,"date":"2025-04-07T06:32:52","date_gmt":"2025-04-07T06:32:52","guid":{"rendered":"https:\/\/www.hydraulic-cylinders.net\/product\/boom-cylinder-for-bobcat-small-excavator-e35\/"},"modified":"2025-04-07T06:32:55","modified_gmt":"2025-04-07T06:32:55","slug":"boom-cylinder-for-bobcat-small-excavator-e35","status":"publish","type":"product","link":"https:\/\/www.hydraulic-cylinders.net\/lv\/products\/boom-cylinder-for-bobcat-small-excavator-e35\/","title":{"rendered":"Str\u0113les cilindrs Bobcat mazajam ekskavatoram E35"},"content":{"rendered":"<h1>Str\u0113les cilindrs Bobcat mazajam ekskavatoram E35<\/h1>\n<h2>Ievads str\u0113les cilindros<\/h2>\n<p>Str\u0113les cilindrs ir b\u016btiska da\u017e\u0101du smago ma\u0161\u012bnu, \u012bpa\u0161i ekskavatoru, univers\u0101lo iekr\u0101v\u0113ju un front\u0101lo iekr\u0101v\u0113ju, hidraulisko sist\u0113mu sast\u0101vda\u013ca. \u0160is hidrauliskais cilindrs, kas \u012bpa\u0161i paredz\u0113ts kausa kust\u012bbas vad\u012bbai, \u013cauj pacelt, nolaist un noliekt kausu, t\u0101d\u0113j\u0101di atvieglojot efekt\u012bvus materi\u0101lu apstr\u0101des uzdevumus. K\u0101 hidrauliskais cilindrs tas darbojas, izmantojot spiediena hidraulisko \u0161\u0137idrumu, lai rad\u012btu line\u0101ru kust\u012bbu, \u013caujot operatoriem veikt da\u017e\u0101das darb\u012bbas, kas nepiecie\u0161amas b\u016bvniec\u012bbas un rak\u0161anas darbos.<\/p>\n<p><img decoding=\"async\" src=\"https:\/\/www.hydraulic-cylinders.net\/wp-content\/uploads\/2025\/04\/songte-company-1.webp\" alt=\"Str\u0113les cilindrs\" \/><\/p>\n<h3>Str\u0113les cilindru galven\u0101s iez\u012bmes<\/h3>\n<ul>\n<li><strong>Augsta iztur\u012bba un ilgm\u016b\u017e\u012bba:<\/strong> \u0160ie cilindri ir izgatavoti no augstas stipr\u012bbas t\u0113rauda vai alum\u012bnija, un tie ir paredz\u0113ti, lai iztur\u0113tu augstu spiedienu un lielas slodzes, padarot tos piem\u0113rotus skarbajiem darba apst\u0101k\u013ciem.<\/li>\n<li><strong>Efekt\u012bva hidraulisk\u0101 darb\u012bba:<\/strong> Str\u0113les cilindrs izmanto hidraulisk\u0101s e\u013c\u013cas spiedienu, lai nodro\u0161in\u0101tu vienm\u0113r\u012bgu izstiep\u0161anu un ievilk\u0161anu, \u013caujot \u0101tri rea\u0123\u0113t uz darb\u012bbas komand\u0101m un nodro\u0161inot sp\u0113c\u012bgus stum\u0161anas un vilk\u0161anas sp\u0113kus.<\/li>\n<li><strong>Da\u017e\u0101di veidi:<\/strong> Pieejami vienvirziena darb\u012bbas (darbojas vien\u0101 virzien\u0101) vai divk\u0101r\u0161as darb\u012bbas (darbojas abos virzienos) konfigur\u0101cij\u0101s, da\u017eiem mode\u013ciem ir teleskopiska konstrukcija, kas \u013cauj liel\u0101ku pagarin\u0101jumu, nepalielinot \u0101r\u0113jos izm\u0113rus.<\/li>\n<\/ul>\n<p>M\u0113s sp\u0113jam ra\u017eot \u0161os augstas kvalit\u0101tes str\u0113les cilindrus, kas var lieliski aizst\u0101t eso\u0161os hidrauliskos cilindrus da\u017e\u0101dos pielietojumos.<\/p>\n<p><img decoding=\"async\" src=\"https:\/\/www.hydraulic-cylinders.net\/wp-content\/uploads\/2025\/04\/songte-cylinder-head-with-all-kinds-excavator-models.webp\" alt=\"Ekskavatoru mode\u013ci\" \/><\/p>\n<h2>Str\u0113les cilindru pielietojums<\/h2>\n<h3>Celtniec\u012bbas apr\u012bkojums<\/h3>\n<p>B\u016bvniec\u012bbas tehnik\u0101, \u012bpa\u0161i ekskavatoros, str\u0113les cilindriem ir b\u016btiska loma zemes vai gru\u017eu rak\u0161an\u0101, iekrau\u0161an\u0101 un p\u0101rvieto\u0161an\u0101. Tie ir b\u016btiski t\u0101du uzdevumu veik\u0161anai, kuriem nepiecie\u0161ama prec\u012bza kausa poz\u012bcijas un kust\u012bbas kontrole, nodro\u0161inot efekt\u012bvu darb\u012bbu rak\u0161anas un materi\u0101lu transport\u0113\u0161anas laik\u0101.<\/p>\n<h3>Lauksaimniec\u012bbas tehnika<\/h3>\n<p>Lauksaimniec\u012bbas tehnik\u0101 str\u0113les cilindri parasti ir atrodami front\u0101lajos iekr\u0101v\u0113jos, kur tos izmanto augsnes, siena un citu materi\u0101lu sav\u0101k\u0161anai, pacel\u0161anai un transport\u0113\u0161anai. To sp\u0113ja tikt gal\u0101 ar smag\u0101m krav\u0101m padara tos neaizst\u0101jamus saimniec\u012bb\u0101s, atvieglojot da\u017e\u0101dus uzdevumus, kas uzlabo produktivit\u0101ti.<\/p>\n<h3>Ekskavatori<\/h3>\n<p>Ekskavatoriem str\u0113les cilindrs \u013cauj kausam iek\u013c\u016bt zem\u0113, atvieglojot efekt\u012bvas rak\u0161anas darb\u012bbas. \u0160\u012b funkcionalit\u0101te ir \u013coti svar\u012bga b\u016bvniec\u012bb\u0101, ainavu veido\u0161an\u0101 un citos projektos, kuros nepiecie\u0161ama augsnes un zemes apstr\u0101de.<\/p>\n<h3>Iekr\u0101v\u0113ji<\/h3>\n<p>Front\u0101lajos iekr\u0101v\u0113jos str\u0113les cilindri pal\u012bdz efekt\u012bvi pacelt un izg\u0101zt materi\u0101lus. To uzticam\u0101 veiktsp\u0113ja \u013cauj operatoriem viegli p\u0101rvald\u012bt smagas kravas, t\u0101d\u0113j\u0101di veicinot materi\u0101lu apstr\u0101des uzdevumu kop\u0113jo efektivit\u0101ti.<\/p>\n<h2>Dizaina apsv\u0113rumi un atlases krit\u0113riji<\/h2>\n<h3>Kravnes\u012bba<\/h3>\n<p>Projekt\u0113jot str\u0113les cilindrus, galvenais apsv\u0113rums ir kravnes\u012bba. Cilindram j\u0101b\u016bt nov\u0113rt\u0113tam t\u0101, lai tas iztur\u0113tu maksim\u0101lo svaru, ar ko tas saskarsies ekspluat\u0101cijas laik\u0101. Tas nodro\u0161ina dro\u0161\u012bbu un efektivit\u0101ti cel\u0161anas darbos, nov\u0113r\u0161ot cilindra boj\u0101jumus.<\/p>\n<h3>Bl\u012bv\u0113juma veiktsp\u0113ja<\/h3>\n<p>Hidrauliskajiem cilindriem bl\u012bv\u0113jums ir \u013coti svar\u012bgs, jo tas nov\u0113r\u0161 nopl\u016bdes un uztur spiedienu. Augstas kvalit\u0101tes bl\u012bv\u0113jumi ir b\u016btiski, lai nodro\u0161in\u0101tu cilindra maksim\u0101lu veiktsp\u0113ju un ilgm\u016b\u017e\u012bbu, samazinot hidraulisk\u0101 \u0161\u0137idruma zuduma risku.<\/p>\n<h3>Iztur\u012bba<\/h3>\n<p>Iztur\u012bba ietver izmantotos materi\u0101lus un ra\u017eo\u0161anas procesus. Str\u0113les cilindriem j\u0101b\u016bt izgatavotiem no materi\u0101liem, kas sp\u0113j iztur\u0113t skarbus apst\u0101k\u013cus, tostarp temperat\u016bras sv\u0101rst\u012bbas un pak\u013cau\u0161anu kod\u012bg\u0101m viel\u0101m.<\/p>\n<h3>Dro\u0161\u012bbas standarti<\/h3>\n<p>Dro\u0161\u012bba ir \u0101rk\u0101rt\u012bgi svar\u012bga str\u0113les cilindru projekt\u0113\u0161an\u0101. Nozares standartu un noteikumu iev\u0113ro\u0161ana nodro\u0161ina, ka cilindri var dro\u0161i darboties paredzamaj\u0101s slodz\u0113s un spiedienos, samazinot negad\u012bjumu risku.<\/p>\n<h3>Apkopes pieejam\u012bba<\/h3>\n<p>Projekt\u0113jot apkopes pieejam\u012bbu, ir viegl\u0101k veikt p\u0101rbaudes un remontu. T\u0101das funkcijas k\u0101 viegli pieejami pane\u013ci vai modul\u0101ra konstrukcija var atvieglot apkopi, nodro\u0161inot, ka baloni saglab\u0101jas optim\u0101l\u0101 st\u0101vokl\u012b un pagarina to kalpo\u0161anas laiku.<\/p>\n<p><img decoding=\"async\" src=\"https:\/\/www.hydraulic-cylinders.net\/wp-content\/uploads\/2025\/04\/songte-oil-pipes-and-spare-parts.webp\" alt=\"E\u013c\u013cas caurules un rezerves da\u013cas\" \/><\/p>\n<h2>Str\u0113les cilindru bl\u012bv\u0113\u0161ana un e\u013c\u013co\u0161ana<\/h2>\n<p>Efekt\u012bva bl\u012bv\u0113\u0161ana un e\u013c\u013co\u0161ana ir b\u016btiska str\u0113les cilindru optim\u0101lai darb\u012bbai. Lai uztur\u0113tu hidraulisko spiedienu un nov\u0113rstu nopl\u016bdes, tiek izmantoti da\u017e\u0101di bl\u012bv\u0113jumi, piem\u0113ram, virzu\u013ca un stie\u0146a bl\u012bvgredzeni. Bl\u012bv\u0113jumi, kas izgatavoti no iztur\u012bgiem materi\u0101liem, piem\u0113ram, poliuret\u0101na un nitrila gumijas, nodro\u0161ina iztur\u012bbu pret nodilumu, garant\u0113jot ilgsto\u0161u darb\u012bbu.<\/p>\n<p>Cilindra korpuss un v\u012bt\u0146ot\u0101s gala virsmas tiek r\u016bp\u012bgi apstr\u0101d\u0101tas, lai uzlabotu nodilumiztur\u012bbu, kas ir \u013coti svar\u012bgi hidraulisk\u0101s sist\u0113mas integrit\u0101tes saglab\u0101\u0161anai. Regul\u0101ra e\u013c\u013co\u0161ana ar hidraulisko e\u013c\u013cu ir b\u016btiska, lai samazin\u0101tu kust\u012bgo da\u013cu berzi un nodilumu, t\u0101d\u0113j\u0101di veicinot darb\u012bbas efektivit\u0101ti un ilgm\u016b\u017e\u012bbu.<\/p>\n<h2>Regul\u0101ras p\u0101rbaudes un profilaktisk\u0101s apkopes pas\u0101kumi<\/h2>\n<ul>\n<li><strong>Regul\u0101ras p\u0101rbaudes:<\/strong> R\u016bp\u012bgas str\u0113les cilindra p\u0101rbaudes, lai noteiktu nodiluma, nopl\u016b\u017eu vai boj\u0101jumu paz\u012bmes, var nov\u0113rst nopietnus boj\u0101jumus. Operatoriem regul\u0101ri j\u0101p\u0101rbauda bl\u012bves un savienojumi, lai p\u0101rliecin\u0101tos, ka tie darbojas pareizi.<\/li>\n<li><strong>Piem\u0113rota e\u013c\u013co\u0161ana:<\/strong> Pareiza e\u013c\u013co\u0161anas l\u012bme\u0146a uztur\u0113\u0161ana ir \u013coti svar\u012bga, lai nov\u0113rstu nodilumu un nodro\u0161in\u0101tu vienm\u0113r\u012bgu darb\u012bbu. Operatoriem j\u0101iev\u0113ro ra\u017eot\u0101ja vadl\u012bnijas par e\u013c\u013co\u0161anas interv\u0101liem un daudzumu.<\/li>\n<li><strong>Bl\u012bv\u0113juma nomai\u0146a:<\/strong> Regul\u0101ra bl\u012bv\u0113jumu nomai\u0146a var nov\u0113rst nopl\u016bdes un uztur\u0113t hidraulisko efektivit\u0101ti. Rezerves bl\u012bv\u0113jumu tur\u0113\u0161ana pie rokas var atvieglot \u0101tru nomai\u0146u apkopes p\u0101rbau\u017eu laik\u0101.<\/li>\n<\/ul>\n<h2>Uzst\u0101d\u012b\u0161anas instrukcijas<\/h2>\n<p>Lai nodro\u0161in\u0101tu str\u0113les cilindru efekt\u012bvu uzst\u0101d\u012b\u0161anu, veiciet t\u0101l\u0101k nor\u0101d\u012bt\u0101s darb\u012bbas.<\/p>\n<ol>\n<li><strong>Sagatavo\u0161ana:<\/strong> Pirms uzst\u0101d\u012b\u0161anas s\u0101k\u0161anas p\u0101rliecinieties, vai ir pieejami visi nepiecie\u0161amie instrumenti un komponenti. Lai ieg\u016btu konkr\u0113tus nor\u0101d\u012bjumus, skatiet ra\u017eot\u0101ja uzst\u0101d\u012b\u0161anas rokasgr\u0101matu.<\/li>\n<li><strong>Izl\u012bdzin\u0101\u0161ana:<\/strong> Pareiza cilindra izl\u012bdzin\u0101\u0161ana ir \u013coti svar\u012bga. Izmantojiet atbilsto\u0161us mont\u0101\u017eas kron\u0161teinus, lai nostiprin\u0101tu cilindru viet\u0101, nodro\u0161inot, ka tas ir izl\u012bdzin\u0101ts ar \u0161arn\u012bra punktiem.<\/li>\n<li><strong>Savienojumi:<\/strong> Uzman\u012bgi pievienojiet hidraulisk\u0101s l\u012bnijas cilindram, p\u0101rliecinoties, ka \u0161\u013c\u016bten\u0113s nav loc\u012bjumu vai ierobe\u017eojumu. Cie\u0161i pievelciet visus savienojumus, ta\u010du izvairieties no p\u0101r\u0101k lielas pievilk\u0161anas, kas var saboj\u0101t savienojumus.<\/li>\n<li><strong>Test\u0113\u0161ana:<\/strong> P\u0113c uzst\u0101d\u012b\u0161anas veiciet r\u016bp\u012bgu p\u0101rbaudi, lai p\u0101rliecin\u0101tos, ka cilindrs darbojas nevainojami un pareizi rea\u0123\u0113 uz vad\u012bbas ievad\u0113m. Darb\u012bbas laik\u0101 mekl\u0113jiet jebk\u0101das nopl\u016bdes vai neparastu trok\u0161\u0146u paz\u012bmes.<\/li>\n<\/ol>\n<h2>Bie\u017ei sastopamie apkopes uzdevumi<\/h2>\n<h3>Regul\u0101ras p\u0101rbaudes<\/h3>\n<p>Regul\u0101ras p\u0101rbaudes ir b\u016btiskas, lai identific\u0113tu potenci\u0101l\u0101s probl\u0113mas, pirms t\u0101s saasin\u0101s. Operatoriem j\u0101mekl\u0113 nodiluma paz\u012bmes, piem\u0113ram, nevienm\u0113r\u012bga kust\u012bba vai nopl\u016bdes, un nekav\u0113joties j\u0101nov\u0113r\u0161 t\u0101s, lai saglab\u0101tu darb\u012bbu.<\/p>\n<h3>Piem\u0113rota e\u013c\u013co\u0161ana<\/h3>\n<p>Pareiza e\u013c\u013co\u0161ana samazina str\u0113les cilindra deta\u013cu berzi un nodilumu. Operatoriem j\u0101iev\u0113ro e\u013c\u013co\u0161anas grafiki un j\u0101izmanto ieteicam\u0101 hidraulisk\u0101 e\u013c\u013ca, lai nodro\u0161in\u0101tu optim\u0101lu veiktsp\u0113ju.<\/p>\n<h3>Bl\u012bvju nomai\u0146as un kalibr\u0113\u0161anas p\u0101rbaudes<\/h3>\n<p>Regul\u0101ra bl\u012bv\u0113jumu nomai\u0146a ir \u013coti svar\u012bga, lai nov\u0113rstu nopl\u016bdes. Operatoriem j\u0101veic ar\u012b kalibr\u0113\u0161anas p\u0101rbaudes, lai p\u0101rliecin\u0101tos, ka cilindrs darbojas noteikto parametru robe\u017e\u0101s, nepiecie\u0161am\u012bbas gad\u012bjum\u0101 piel\u0101gojot to efektivit\u0101tes saglab\u0101\u0161anai.<\/p>\n<p><img decoding=\"async\" src=\"https:\/\/www.hydraulic-cylinders.net\/wp-content\/uploads\/2025\/04\/songte-chushion-collar.webp\" alt=\"Spilvenu apkakle\" \/><\/p>\n<h2>Dro\u0161\u012bbas apsv\u0113rumi un vides faktori<\/h2>\n<p>Dro\u0161\u012bbas pas\u0101kumu ievie\u0161ana, darbinot str\u0113les cilindrus, ir \u013coti svar\u012bga, lai nov\u0113rstu negad\u012bjumus un traumas. Operatoriem j\u0101b\u016bt apm\u0101c\u012btiem dro\u0161\u012bbas protokolos un j\u0101nodro\u0161ina, ka darb\u012bbas laik\u0101 tiek izmantots viss dro\u0161\u012bbas apr\u012bkojums, piem\u0113ram, aizsargt\u0113rps. Turkl\u0101t hidraulisko \u0161\u0137idrumu un materi\u0101lu pareiza utiliz\u0101cija ir b\u016btiska, lai samazin\u0101tu ietekmi uz vidi.<\/p>\n<h2>Probl\u0113mu nov\u0113r\u0161ana un bie\u017ei sastopamas probl\u0113mas<\/h2>\n<h3>Bie\u017ei sastopamas probl\u0113mas<\/h3>\n<ul>\n<li><strong>Nopl\u016bde:<\/strong> Nopl\u016bde ir izplat\u012bta probl\u0113ma, ko izraisa nolietotas bl\u012bves vai boj\u0101ti savienojumi. Regul\u0101ra balona p\u0101rbaude var pal\u012bdz\u0113t laikus atkl\u0101t nopl\u016bdes un nov\u0113rst turpm\u0101kus boj\u0101jumus.<\/li>\n<li><strong>L\u0113na darb\u012bba:<\/strong> Ja cilindrs darbojas l\u0113ni, tas var liecin\u0101t par zemu hidraulisk\u0101 \u0161\u0137idruma l\u012bmeni vai pies\u0101r\u0146ojumu. \u0160\u0137idruma l\u012bme\u0146a un kvalit\u0101tes p\u0101rbaude var pal\u012bdz\u0113t nov\u0113rst \u0161o probl\u0113mu.<\/li>\n<li><strong>Nevienm\u0113r\u012bga kust\u012bba:<\/strong> Nevienm\u0113r\u012bga cilindra kust\u012bba var liecin\u0101t par nepareizu izl\u012bdzin\u0101\u0161anu vai boj\u0101tu bl\u012bv\u0113jumu. Pareizas izl\u012bdzin\u0101\u0161anas nodro\u0161in\u0101\u0161ana un bl\u012bv\u0113jumu nomai\u0146a, ja nepiecie\u0161ams, var atrisin\u0101t \u0161o probl\u0113mu.<\/li>\n<\/ul>\n<h2>Padomi k\u013c\u016bmju nov\u0113r\u0161anai<\/h2>\n<p>Lai efekt\u012bvi diagnostic\u0113tu un nov\u0113rstu probl\u0113mas ar str\u0113les cilindriem, operatoriem j\u0101iev\u0113ro \u0161ie padomi:<\/p>\n<ul>\n<li>Veiciet regul\u0101ras apkopes p\u0101rbaudes, lai laikus identific\u0113tu iesp\u0113jam\u0101s probl\u0113mas.<\/li>\n<li>Veiciet detaliz\u0113tu ierakstu par vis\u0101m apr\u012bkojuma probl\u0113m\u0101m, remontiem vai apkopi.<\/li>\n<li>Lai nov\u0113rstu konkr\u0113tas probl\u0113mas, skatiet ra\u017eot\u0101ja vadl\u012bnijas, nodro\u0161inot, ka tiek ieviesti atbilsto\u0161i risin\u0101jumi.<\/li>\n<\/ul>\n<p><img decoding=\"async\" src=\"https:\/\/www.hydraulic-cylinders.net\/wp-content\/uploads\/2025\/04\/songte-bushings-with-all-kinds-of-excavator-models.webp\" alt=\"Bukses ar ekskavatora mode\u013ciem\" \/><\/p>\n<h2>Par m\u016bsu uz\u0146\u0113mumu<\/h2>\n<p>M\u0113s esam vado\u0161ais hidraulisko cilindru ra\u017eot\u0101js, kas specializ\u0113jas uzticamu alternat\u012bvu hidrauliskaj\u0101m sist\u0113m\u0101m ra\u017eo\u0161an\u0101. M\u016bsu pla\u0161ais produktu kl\u0101sts ir nostiprin\u0101jis m\u016bsu k\u0101 iev\u0113rojama ra\u017eot\u0101ja un vairumtirgot\u0101ja poz\u012bcijas gan viet\u0113j\u0101, gan starptautiskaj\u0101 tirg\u016b. M\u0113s iev\u0113rojam stingrus kvalit\u0101tes standartus un izmantojam izsmalcin\u0101tas ra\u017eo\u0161anas strat\u0113\u0123ijas, lai nodro\u0161in\u0101tu izcil\u012bbu m\u016bsu produktos.<\/p>\n<p>M\u016bsu modern\u0101s ra\u017eo\u0161anas iek\u0101rtas ir apr\u012bkotas ar augst\u0101k\u0101s klases digit\u0101lo apr\u012bkojumu un profesion\u0101l\u0101m test\u0113\u0161anas sist\u0113m\u0101m, kas \u013cauj mums nep\u0101rtraukti uzlabot ra\u017eo\u0161anas jaudas. Koncentr\u0113joties uz efektivit\u0101ti, precizit\u0101ti un kvalit\u0101ti, m\u0113s cen\u0161amies apmierin\u0101t m\u016bsu klientu daudzveid\u012bg\u0101s vajadz\u012bbas.<\/p>\n<p><img decoding=\"async\" src=\"https:\/\/www.hydraulic-cylinders.net\/wp-content\/uploads\/2025\/04\/songte-company-4.webp\" alt=\"Uz\u0146\u0113muma p\u0101rskats\" \/><br \/>\n<img decoding=\"async\" src=\"https:\/\/www.hydraulic-cylinders.net\/wp-content\/uploads\/2025\/04\/songte-company-3.webp\" alt=\"Uz\u0146\u0113muma telpas\" \/><\/p>\n<p>Autors: lil<\/p>","protected":false},"excerpt":{"rendered":"<p>Boom Cylinder For Bobcat Small Excavator E35 Introduction to Boom Cylinders The boom cylinder is a crucial component in the hydraulic systems of various heavy machinery, particularly excavators, backhoe loaders, and front loaders. Designed specifically for controlling the movement of the bucket, this hydraulic cylinder allows for lifting, lowering, and tilting of the bucket, facilitating [&hellip;]<\/p>","protected":false},"featured_media":17881,"comment_status":"open","ping_status":"closed","template":"","meta":{"_et_pb_use_builder":"","_et_pb_old_content":"","_et_gb_content_width":""},"product_brand":[],"product_cat":[1546],"product_tag":[1547,1496],"class_list":{"0":"post-19406","1":"product","2":"type-product","3":"status-publish","4":"has-post-thumbnail","6":"product_cat-boom-cylinders","7":"product_tag-boom-cylinders","8":"product_tag-hydraulic-cylinders","10":"first","11":"instock","12":"shipping-taxable","13":"product-type-simple"},"amp_enabled":true,"_links":{"self":[{"href":"https:\/\/www.hydraulic-cylinders.net\/lv\/wp-json\/wp\/v2\/product\/19406","targetHints":{"allow":["GET"]}}],"collection":[{"href":"https:\/\/www.hydraulic-cylinders.net\/lv\/wp-json\/wp\/v2\/product"}],"about":[{"href":"https:\/\/www.hydraulic-cylinders.net\/lv\/wp-json\/wp\/v2\/types\/product"}],"replies":[{"embeddable":true,"href":"https:\/\/www.hydraulic-cylinders.net\/lv\/wp-json\/wp\/v2\/comments?post=19406"}],"wp:featuredmedia":[{"embeddable":true,"href":"https:\/\/www.hydraulic-cylinders.net\/lv\/wp-json\/wp\/v2\/media\/17881"}],"wp:attachment":[{"href":"https:\/\/www.hydraulic-cylinders.net\/lv\/wp-json\/wp\/v2\/media?parent=19406"}],"wp:term":[{"taxonomy":"product_brand","embeddable":true,"href":"https:\/\/www.hydraulic-cylinders.net\/lv\/wp-json\/wp\/v2\/product_brand?post=19406"},{"taxonomy":"product_cat","embeddable":true,"href":"https:\/\/www.hydraulic-cylinders.net\/lv\/wp-json\/wp\/v2\/product_cat?post=19406"},{"taxonomy":"product_tag","embeddable":true,"href":"https:\/\/www.hydraulic-cylinders.net\/lv\/wp-json\/wp\/v2\/product_tag?post=19406"}],"curies":[{"name":"wp","href":"https:\/\/api.w.org\/{rel}","templated":true}]}}