{"id":19411,"date":"2025-04-07T06:33:12","date_gmt":"2025-04-07T06:33:12","guid":{"rendered":"https:\/\/www.hydraulic-cylinders.net\/product\/boom-cylinder-for-bobcat-small-excavator-e32\/"},"modified":"2025-04-07T06:33:14","modified_gmt":"2025-04-07T06:33:14","slug":"boom-cylinder-for-bobcat-small-excavator-e32","status":"publish","type":"product","link":"https:\/\/www.hydraulic-cylinders.net\/lv\/products\/boom-cylinder-for-bobcat-small-excavator-e32\/","title":{"rendered":"Str\u0113les cilindrs Bobcat mazajam ekskavatoram E32"},"content":{"rendered":"<h1>Str\u0113les cilindrs Bobcat mazajam ekskavatoram E32<\/h1>\n<h2>Str\u0113les cilindra izpratne<\/h2>\n<p>Str\u0113les cilindrs ir b\u016btiska smago ma\u0161\u012bnu hidraulisko sist\u0113mu sast\u0101vda\u013ca, kas \u012bpa\u0161i paredz\u0113ta ekskavatoru, univers\u0101lo iekr\u0101v\u0113ju un front\u0101lo iekr\u0101v\u0113ju kausu kust\u012bbas vad\u012bbai. \u0160is hidrauliskais cilindrs \u013cauj kausam pacelties, nolaisties un noliekties, padarot to par b\u016btisku elementu efekt\u012bviem materi\u0101lu apstr\u0101des uzdevumiem.<\/p>\n<p>K\u0101 hidraulisk\u0101 cilindra veids, str\u0113les cilindrs darbojas, izmantojot spiediena hidraulisko \u0161\u0137idrumu, lai rad\u012btu kust\u012bbu. Kad operators nos\u016bta komandu, hidrauliskais \u0161\u0137idrums p\u0101rvietojas cilindr\u0101, izraisot virzu\u013ca stie\u0146a izstiep\u0161anos vai ievilk\u0161anos. \u0160is meh\u0101nisms \u013cauj prec\u012bzi kontrol\u0113t kausa poz\u012bciju, uzlabojot ma\u0161\u012bnas funkcionalit\u0101ti.<\/p>\n<p>B\u016bvniec\u012bb\u0101 sp\u0113ja prec\u012bzi un \u0101tri manevr\u0113t ar smag\u0101m krav\u0101m ir iz\u0161\u0137iro\u0161a. Str\u0113les cilindra loma \u0161\u012bs sp\u0113jas sasnieg\u0161an\u0101 padara to par neaizst\u0101jamu m\u016bsdienu ekskavatoru funkciju, \u012bpa\u0161i sare\u017e\u0123\u012btos darba apst\u0101k\u013cos. T\u0101 konstrukcija ir v\u0113rsta uz iztur\u012bbu un efektivit\u0101ti, nodro\u0161inot, ka operatori var veikt uzdevumus ar maksim\u0101lu produktivit\u0101ti.<\/p>\n<p><img decoding=\"async\" src=\"https:\/\/www.hydraulic-cylinders.net\/wp-content\/uploads\/2025\/04\/songte-company-1.webp\" alt=\"Str\u0113les cilindrs\" \/><\/p>\n<h2>Str\u0113les cilindra galven\u0101s iez\u012bmes<\/h2>\n<ul>\n<li><strong>Augsta iztur\u012bba un ilgm\u016b\u017e\u012bba:<\/strong> Parasti no augstas stipr\u012bbas t\u0113rauda vai alum\u012bnija izgatavotais str\u0113les cilindrs ir konstru\u0113ts t\u0101, lai iztur\u0113tu augstu spiedienu un lielas slodzes, padarot to piem\u0113rotu skarbiem darba apst\u0101k\u013ciem.<\/li>\n<li><strong>Efekt\u012bva hidraulisk\u0101 darb\u012bba:<\/strong> Cilindrs izmanto hidraulisk\u0101s e\u013c\u013cas spiedienu, lai nodro\u0161in\u0101tu vienm\u0113r\u012bgu izstiep\u0161anu un ievilk\u0161anu, nodro\u0161inot \u0101tru reakciju uz darb\u012bbas komand\u0101m un iev\u0113rojamu stum\u0161anas un vilk\u0161anas sp\u0113ku.<\/li>\n<li><strong>Da\u017e\u0101di veidi:<\/strong> Pieejamas vienk\u0101r\u0161\u0101s vai divk\u0101r\u0161\u0101s darb\u012bbas konfigur\u0101cij\u0101s, lietot\u0101ji var izv\u0113l\u0113ties sev piem\u0113rot\u0101ko tipu. Da\u017ei mode\u013ci ir teleskopiski, kas nodro\u0161ina liel\u0101ku sasniedzam\u012bbu, nepalielinot \u0101r\u0113jos izm\u0113rus.<\/li>\n<\/ul>\n<p>M\u0113s specializ\u0113jamies augst\u0101k\u0101s kvalit\u0101tes str\u0113les cilindru ra\u017eo\u0161an\u0101, kas var neman\u0101mi aizst\u0101t eso\u0161os hidrauliskos cilindrus, nodro\u0161inot optim\u0101lu veiktsp\u0113ju da\u017e\u0101dos pielietojumos.<\/p>\n<p><img decoding=\"async\" src=\"https:\/\/www.hydraulic-cylinders.net\/wp-content\/uploads\/2025\/04\/songte-cylinder-head-with-all-kinds-excavator-models.webp\" alt=\"Hidrauliskie cilindri\" \/><\/p>\n<h2>Str\u0113les cilindra pielietojumi<\/h2>\n<h3>Celtniec\u012bbas apr\u012bkojums<\/h3>\n<p>Ekskavatoros str\u0113les cilindri ir galven\u0101 sast\u0101vda\u013ca augsnes vai gru\u017eu rak\u0161anai, iekrau\u0161anai un transport\u0113\u0161anai. Tie nodro\u0161ina prec\u012bzas kust\u012bbas, nodro\u0161inot, ka operatori var efekt\u012bvi p\u0101rvald\u012bt rak\u0161anas darbus, neapdraudot dro\u0161\u012bbu vai veiktsp\u0113ju.<\/p>\n<h3>Ekskavatori-iekr\u0101v\u0113ji<\/h3>\n<p>Ekskavatoros-iekr\u0101v\u0113jos str\u0113les cilindrs ne tikai atvieglo rak\u0161anu, bet ar\u012b pal\u012bdz pacelt smagas kravas. \u0160\u012b div\u0113j\u0101da funkcionalit\u0101te uzlabo ma\u0161\u012bnas daudzpus\u012bbu, padarot to par v\u0113rt\u012bgu resursu jebkur\u0101 darba viet\u0101, gan rak\u0161anas darbos, gan materi\u0101lu p\u0101rkrau\u0161an\u0101.<\/p>\n<h3>Lauksaimniec\u012bbas tehnika<\/h3>\n<p>Front\u0101lajos iekr\u0101v\u0113jos str\u0113les cilindriem ir iz\u0161\u0137iro\u0161a noz\u012bme augsnes, siena un citu materi\u0101lu sav\u0101k\u0161an\u0101, cel\u0161an\u0101 un transport\u0113\u0161an\u0101. To uzticam\u0101 darb\u012bba pal\u012bdz lauksaimniekiem un lauksaimniec\u012bbas darbiniekiem optimiz\u0113t savu produktivit\u0101ti da\u017e\u0101du uzdevumu laik\u0101.<\/p>\n<h3>Ekskavatori<\/h3>\n<p>Ekskavatoriem str\u0113les cilindra sp\u0113ja \u013caut kausam iek\u013c\u016bt augsn\u0113 ir kritiski svar\u012bga. \u0160\u012b sp\u0113ja ir b\u016btiska efekt\u012bv\u0101m rak\u0161anas darb\u012bb\u0101m, padarot str\u0113les cilindru par neat\u0146emamu ma\u0161\u012bnas hidraulisk\u0101s sist\u0113mas sast\u0101vda\u013cu.<\/p>\n<h3>Iekr\u0101v\u0113ji<\/h3>\n<p>Front\u0101lajos iekr\u0101v\u0113jos str\u0113les cilindri pal\u012bdz efekt\u012bvi pacelt un izkraut kravas. To iztur\u012bg\u0101 konstrukcija un uzticam\u0101 darb\u012bba \u013cauj operatoriem dro\u0161i p\u0101rvald\u012bt smagus materi\u0101lus, nodro\u0161inot efekt\u012bvu darbpl\u016bsmu iekrau\u0161anas uzdevumu laik\u0101.<\/p>\n<h2>Dizaina apsv\u0113rumi un atlases krit\u0113riji<\/h2>\n<h3>Kravnes\u012bba<\/h3>\n<p>Izv\u0113loties str\u0113les cilindru, ir \u013coti svar\u012bgi izprast t\u0101 kravnes\u012bbu. Cilindram j\u0101sp\u0113j iztur\u0113t maksim\u0101lo slodzi, kas paredzama ekspluat\u0101cijas laik\u0101, nerisk\u0113jot to saboj\u0101t. Ra\u017eot\u0101ji parasti nor\u0101da slodzes v\u0113rt\u0113jumus, un ir svar\u012bgi izv\u0113l\u0113ties cilindru, kas p\u0101rsniedz paredzam\u0101s slodzes, lai nodro\u0161in\u0101tu dro\u0161\u012bbu un ilgm\u016b\u017e\u012bbu.<\/p>\n<h3>Bl\u012bv\u0113\u0161anas meh\u0101nismi<\/h3>\n<p>Efekt\u012bva bl\u012bv\u0113\u0161ana ir v\u0113l viens svar\u012bgs faktors. Bl\u012bv\u0113jumiem ir j\u0101nov\u0113r\u0161 hidraulisk\u0101 \u0161\u0137idruma nopl\u016bdes, vienlaikus nodro\u0161inot vienm\u0113r\u012bgu kust\u012bbu. Augstas kvalit\u0101tes bl\u012bv\u0113jumi samazina cilindra nodilumu un uzlabo kop\u0113jo efektivit\u0101ti. Pareizi bl\u012bv\u0113\u0161anas materi\u0101li, piem\u0113ram, poliuret\u0101ns un nitrilgumija, ir b\u016btiski optim\u0101lai veiktsp\u0113jai.<\/p>\n<h3>Iztur\u012bba<\/h3>\n<p>Iztur\u012bba ir \u0101rk\u0101rt\u012bgi svar\u012bga, \u012bpa\u0161i skarbos darba apst\u0101k\u013cos. Labi izstr\u0101d\u0101tam str\u0113les cilindram j\u0101b\u016bt iztur\u012bgam pret nodilumu, koroziju un cit\u0101m elementu iedarb\u012bbas kait\u012bg\u0101m sek\u0101m. Materi\u0101li un p\u0101rkl\u0101jumi, kas uzlabo iztur\u012bbu, var iev\u0113rojami pagarin\u0101t cilindra kalpo\u0161anas laiku.<\/p>\n<h3>Dro\u0161\u012bbas funkcijas<\/h3>\n<p>Dro\u0161\u012bba ir b\u016btisks apsv\u0113rums. Str\u0113les cilindriem j\u0101b\u016bt apr\u012bkotiem ar dro\u0161\u012bbas funkcij\u0101m, piem\u0113ram, spiediena samazin\u0101\u0161anas v\u0101rstiem, lai nov\u0113rstu p\u0101rspiedienu, kas var izrais\u012bt katastrof\u0101las k\u013c\u016bmes. Regul\u0101ras dro\u0161\u012bbas p\u0101rbaudes ir svar\u012bgas ar\u012b darb\u012bbas integrit\u0101tes uztur\u0113\u0161anai.<\/p>\n<h3>Apkopes pieejam\u012bba<\/h3>\n<p>Visbeidzot, apkopes pieejam\u012bba ir \u013coti svar\u012bga, lai nodro\u0161in\u0101tu str\u0113les cilindra ilgm\u016b\u017e\u012bbu. Konstrukcijas elementi, kas \u013cauj viegli p\u0101rbaud\u012bt, e\u013c\u013cot un nomain\u012bt bl\u012bves, ilgtermi\u0146\u0101 var ietaup\u012bt laiku un samazin\u0101t darbasp\u0113ka izmaksas.<\/p>\n<p><img decoding=\"async\" src=\"https:\/\/www.hydraulic-cylinders.net\/wp-content\/uploads\/2025\/04\/songte-oil-pipes-and-spare-parts.webp\" alt=\"Hidraulisk\u0101s da\u013cas\" \/><\/p>\n<h2>Hidraulisk\u0101 cilindra bl\u012bv\u0113\u0161ana un e\u013c\u013co\u0161ana<\/h2>\n<p>Pareiza bl\u012bv\u0113\u0161ana un e\u013c\u013co\u0161ana ir kritiski svar\u012bga str\u0113les cilindra funkcionalit\u0101tei. Da\u017e\u0101di bl\u012bv\u0113\u0161anas elementi, tostarp virzu\u013ca bl\u012bv\u0113jumi un stie\u0146a bl\u012bv\u0113jumi, ir r\u016bp\u012bgi j\u0101izv\u0113las, lai nodro\u0161in\u0101tu, ka tie iztur hidraulisk\u0101s sist\u0113mas darba apst\u0101k\u013cus. Materi\u0101li, piem\u0113ram, poliuret\u0101ns un nitrilgumija, nodro\u0161ina izcilu nodilumiztur\u012bbu un uzlabo bl\u012bv\u0113jumu iztur\u012bbu.<\/p>\n<p>Cilindra korpusam un v\u012bt\u0146otaj\u0101m gala virsm\u0101m nepiecie\u0161ama prec\u012bza apstr\u0101de, lai uzlabotu nodilumiztur\u012bbu un nodro\u0161in\u0101tu herm\u0113tisku bl\u012bv\u0113jumu. Regul\u0101ras apkopes praks\u0113 j\u0101iek\u013cauj bl\u012bv\u0113jumu p\u0101rbaude, vai tie nav nodilu\u0161i, un nepiecie\u0161am\u012bbas gad\u012bjum\u0101 to nomai\u0146a.<\/p>\n<p>Turkl\u0101t regul\u0101ra hidraulisk\u0101s e\u013c\u013cas padeve ir b\u016btiska e\u013c\u013co\u0161anai. Operatoriem periodiski j\u0101p\u0101rbauda e\u013c\u013cas l\u012bmenis un j\u0101nodro\u0161ina pareiz\u0101 veida hidrauliskais \u0161\u0137idrums, lai uztur\u0113tu cilindra darb\u012bbu.<\/p>\n<h2>Prevent\u012bvie apkopes pas\u0101kumi<\/h2>\n<ul>\n<li><strong>Regul\u0101ras p\u0101rbaudes:<\/strong> Veiciet regul\u0101ras p\u0101rbaudes, lai laikus identific\u0113tu iesp\u0113jam\u0101s probl\u0113mas. Mekl\u0113jiet nodiluma, nopl\u016b\u017eu vai boj\u0101jumu paz\u012bmes un nekav\u0113joties nov\u0113rsiet t\u0101s, lai nov\u0113rstu turpm\u0101kas komplik\u0101cijas.<\/li>\n<li><strong>Piem\u0113rota e\u013c\u013co\u0161ana:<\/strong> P\u0101rliecinieties, vai str\u0113les cilindrs ir pareizi iee\u013c\u013cots ar ieteicamo hidraulisko e\u013c\u013cu. Nepietiekama e\u013c\u013co\u0161ana var izrais\u012bt palielin\u0101tu nodilumu, ietekm\u0113jot veiktsp\u0113ju.<\/li>\n<li><strong>Bl\u012bv\u0113juma nomai\u0146a:<\/strong> Regul\u0101ri p\u0101rbaudiet bl\u012bv\u0113jumu st\u0101vokli un nomainiet tos p\u0113c nepiecie\u0161am\u012bbas. Nodilu\u0161i bl\u012bv\u0113jumi var izrais\u012bt e\u013c\u013cas nopl\u016bdes, samazinot efektivit\u0101ti un palielinot cilindru atteices risku.<\/li>\n<\/ul>\n<h2>Uzst\u0101d\u012b\u0161anas vadl\u012bnijas<\/h2>\n<p>Pareiza str\u0113les cilindra uzst\u0101d\u012b\u0161ana ir \u013coti svar\u012bga optim\u0101lai veiktsp\u0113jai. Vispirms p\u0101rliecinieties, vai visas sast\u0101vda\u013cas ir t\u012bras un bez gru\u017eiem. Pareizi izl\u012bdziniet cilindru ar ekskavatora stiprin\u0101juma punktiem. Izmantojot atbilsto\u0161us stiprin\u0101juma kron\u0161teinus, nostipriniet cilindru viet\u0101, lai nov\u0113rstu kust\u012bbu darb\u012bbas laik\u0101.<\/p>\n<p>P\u0101rbaudiet, vai hidraulisk\u0101s l\u012bnijas ir dro\u0161i pievienotas un vai \u0161\u013c\u016bten\u0113s nav samezglojumu vai aizsprostojumu. Kad viss ir sav\u0101s viet\u0101s, ir svar\u012bgi piepild\u012bt hidraulisko sist\u0113mu ar pareizo \u0161\u0137idrumu un atgaisot sist\u0113mu, lai no\u0146emtu gaisa kabatas. Regul\u0101ras p\u0101rbaudes p\u0113c uzst\u0101d\u012b\u0161anas var pal\u012bdz\u0113t nodro\u0161in\u0101t, ka viss paliek dro\u0161s un darbojas, k\u0101 paredz\u0113ts.<\/p>\n<h2>Bie\u017ei sastopamie apkopes uzdevumi<\/h2>\n<h3>Regul\u0101ras p\u0101rbaudes<\/h3>\n<p>Regul\u0101ras str\u0113les cilindra p\u0101rbaudes ir b\u016btiskas, lai identific\u0113tu iesp\u0113jam\u0101s probl\u0113mas, pirms t\u0101s k\u013c\u016bst par nopietn\u0101m probl\u0113m\u0101m. P\u0101rbaudiet, vai nav nodiluma paz\u012bmju, nopl\u016b\u017eu vai boj\u0101jumu, un nekav\u0113joties nov\u0113rsiet visas ba\u017eas. Past\u0101v\u012bga uzraudz\u012bba var nov\u0113rst d\u0101rgus remontdarbus un nodro\u0161in\u0101t hidraulisk\u0101s sist\u0113mas nevainojamu darb\u012bbu.<\/p>\n<h3>Piem\u0113rota e\u013c\u013co\u0161ana<\/h3>\n<p>Pareiza e\u013c\u013co\u0161ana ir \u013coti svar\u012bga str\u0113les cilindra darb\u012bbas uztur\u0113\u0161anai. P\u0101rliecinieties, vai hidraulisk\u0101s e\u013c\u013cas l\u012bmenis ir pareizs un vai t\u0101 atbilst ra\u017eot\u0101ja specifik\u0101cij\u0101m. Nepietiekama e\u013c\u013co\u0161ana var izrais\u012bt palielin\u0101tu berzi un nodilumu, kas var sa\u012bsin\u0101t cilindra kalpo\u0161anas laiku.<\/p>\n<h3>Bl\u012bv\u0113juma nomai\u0146a<\/h3>\n<p>Regul\u0101ri uzraugiet bl\u012bv\u0113jumu st\u0101vokli. Nolietoti vai boj\u0101ti bl\u012bv\u0113jumi var izrais\u012bt hidraulisk\u0101 \u0161\u0137idruma nopl\u016bdes, samazinot efektivit\u0101ti un potenci\u0101li izraisot sist\u0113mas boj\u0101jumus. Izveidojiet regul\u0101ru bl\u012bv\u0113jumu p\u0101rbaudi un nomai\u0146u, lai uztur\u0113tu optim\u0101lu veiktsp\u0113ju.<\/p>\n<p><img decoding=\"async\" src=\"https:\/\/www.hydraulic-cylinders.net\/wp-content\/uploads\/2025\/04\/songte-chushion-collar.webp\" alt=\"Hidraulisko cilindru deta\u013cas\" \/><\/p>\n<h2>Dro\u0161\u012bbas apsv\u0113rumi un vides faktori<\/h2>\n<p>Str\u0101d\u0101jot ar hidrauliskajiem cilindriem, dro\u0161\u012bbas pas\u0101kumi ir \u0101rk\u0101rt\u012bgi svar\u012bgi. Operatoriem vienm\u0113r j\u0101valk\u0101 atbilsto\u0161i individu\u0101lie aizsardz\u012bbas l\u012bdzek\u013ci (IAL) un j\u0101nodro\u0161ina, lai darba zona b\u016btu pasarg\u0101ta no briesm\u0101m. Izpratne par str\u0113les cilindra darba spiedienu un t\u0101 iev\u0113ro\u0161ana var nov\u0113rst negad\u012bjumus un iek\u0101rtu boj\u0101jumus.<\/p>\n<p>Turkl\u0101t ir svar\u012bgi \u0146emt v\u0113r\u0101 hidraulisko \u0161\u0137idrumu ietekmi uz vidi. Biolo\u0123iski no\u0101rd\u0101mu hidraulisko e\u013c\u013cu izmanto\u0161ana var mazin\u0101t vides probl\u0113mas un nodro\u0161in\u0101t atbilst\u012bbu noteikumiem. Regul\u0101ra apkope un pareiza \u0161\u0137idrumu utiliz\u0101cija var ar\u012b pal\u012bdz\u0113t samazin\u0101t ekolo\u0123isko p\u0113du nospiedumu.<\/p>\n<h2>Probl\u0113mu nov\u0113r\u0161ana un bie\u017ei sastopamas probl\u0113mas<\/h2>\n<ul>\n<li><strong>Pazemin\u0101ta veiktsp\u0113ja:<\/strong> Ja str\u0113les cilindrs nece\u013cas, k\u0101 paredz\u0113ts, p\u0101rbaudiet hidraulisk\u0101 \u0161\u0137idruma l\u012bmeni un nopl\u016bdes sist\u0113m\u0101. Zems \u0161\u0137idruma l\u012bmenis var ietekm\u0113t veiktsp\u0113ju.<\/li>\n<li><strong>Bl\u012bv\u0113juma nopl\u016bdes:<\/strong> Ja hidrauliskais \u0161\u0137idrums nopl\u016bst, p\u0101rbaudiet, vai bl\u012bves nav boj\u0101tas. Nolietotas bl\u012bves nekav\u0113joties j\u0101nomaina, lai nov\u0113rstu \u0161\u0137idruma zudumu.<\/li>\n<li><strong>Troksnis darb\u012bbas laik\u0101:<\/strong> Neparastas ska\u0146as var liecin\u0101t par gaisu hidrauliskaj\u0101 sist\u0113m\u0101 vai zemu \u0161\u0137idruma l\u012bmeni. Sist\u0113mas atgaiso\u0161ana un hidraulisk\u0101 \u0161\u0137idruma papildin\u0101\u0161ana var atrisin\u0101t \u0161\u012bs probl\u0113mas.<\/li>\n<\/ul>\n<h2>Probl\u0113mu nov\u0113r\u0161anas padomi<\/h2>\n<p>Lai efekt\u012bvi diagnostic\u0113tu un nov\u0113rstu probl\u0113mas ar str\u0113les cilindru, operatoriem j\u0101iev\u0113ro sistem\u0101tiska pieeja. S\u0101ciet, p\u0101rskatot ekspluat\u0101cijas rokasgr\u0101matas un probl\u0113mu nov\u0113r\u0161anas rokasgr\u0101matas, lai noteiktu konkr\u0113tus simptomus. Veiciet organiz\u0113tu apkopes darb\u012bbu un visu konstat\u0113to probl\u0113mu \u017eurn\u0101lu, jo \u0161\u012b inform\u0101cija var pal\u012bdz\u0113t identific\u0113t atk\u0101rtotas probl\u0113mas.<\/p>\n<p>Profilakse ir galvenais. Regul\u0101ra apkope, tostarp p\u0101rbaudes un e\u013c\u013co\u0161ana, var pal\u012bdz\u0113t samazin\u0101t probl\u0113mu iesp\u0113jam\u012bbu. Operatoriem ar\u012b j\u0101iepaz\u012bstas ar sist\u0113mas komponentiem un funkcij\u0101m, lai lab\u0101k izprastu iesp\u0113jamos boj\u0101jumu punktus.<\/p>\n<p><img decoding=\"async\" src=\"https:\/\/www.hydraulic-cylinders.net\/wp-content\/uploads\/2025\/04\/songte-bushings-with-all-kinds-of-excavator-models.webp\" alt=\"Ekskavatora deta\u013cas\" \/><\/p>\n<h2>Par m\u016bsu uz\u0146\u0113mumu<\/h2>\n<p>M\u0113s esam vado\u0161ais rezerves hidraulisko cilindru ra\u017eot\u0101js, kas pied\u0101v\u0101 pla\u0161u produktu kl\u0101stu, lai apmierin\u0101tu viet\u0113j\u0101 un starptautisk\u0101 tirgus da\u017e\u0101d\u0101s vajadz\u012bbas. M\u016bsu ap\u0146em\u0161an\u0101s nodro\u0161in\u0101t kvalit\u0101ti ir redzama m\u016bsu progres\u012bvajos ra\u017eo\u0161anas procesos un modern\u0101kaj\u0101 apr\u012bkojum\u0101.<\/p>\n<p>M\u0113s iev\u0113rojam izcil\u012bbas strat\u0113\u0123iju ra\u017eo\u0161anas vad\u012bb\u0101, nodarbinot kvalific\u0113tus tehni\u0137us un digit\u0101l\u0101s ra\u017eo\u0161anas sist\u0113mas, lai uzlabotu m\u016bsu ra\u017eo\u0161anas jaudas. M\u016bsu uzman\u012bbas centr\u0101 ir kvalit\u0101tes kontrole, kas nodro\u0161ina, ka katrs produkts atbilst augst\u0101kajiem nozares standartiem, \u013caujot mums apmierin\u0101t pla\u0161u klientu pras\u012bbu spektru.<\/p>\n<p>M\u016bsu uz\u0146\u0113mums ir atz\u012bts ar\u012b par pla\u0161o pieredzi, profesion\u0101lo kompetenci un ap\u0146em\u0161anos nodro\u0161in\u0101t klientu apmierin\u0101t\u012bbu. M\u0113s pied\u0101v\u0101jam piel\u0101gotus pakalpojumus, nodro\u0161inot, ka m\u016bsu produkti atbilst konkr\u0113t\u0101m klientu vajadz\u012bb\u0101m, vienlaikus saglab\u0101jot stingrus starptautiskos sertifik\u0101tus.<\/p>\n<p><img decoding=\"async\" src=\"https:\/\/www.hydraulic-cylinders.net\/wp-content\/uploads\/2025\/04\/songte-company-4.webp\" alt=\"M\u016bsu uz\u0146\u0113mums\" \/><br \/>\n<img decoding=\"async\" src=\"https:\/\/www.hydraulic-cylinders.net\/wp-content\/uploads\/2025\/04\/songte-company-3.webp\" alt=\"Ra\u017eo\u0161anas iek\u0101rta\" \/><\/p>\n<p>Autors: lil<\/p>","protected":false},"excerpt":{"rendered":"<p>Boom Cylinder For Bobcat Small Excavator E32 Understanding the Boom Cylinder The boom cylinder is a vital component in the hydraulic systems of heavy machinery, specifically designed to control the movement of buckets in excavators, backhoes, and front loaders. This hydraulic cylinder enables the bucket to lift, lower, and tilt, making it essential for efficient [&hellip;]<\/p>","protected":false},"featured_media":17871,"comment_status":"open","ping_status":"closed","template":"","meta":{"_et_pb_use_builder":"","_et_pb_old_content":"","_et_gb_content_width":""},"product_brand":[],"product_cat":[1546],"product_tag":[1547,1496],"class_list":{"0":"post-19411","1":"product","2":"type-product","3":"status-publish","4":"has-post-thumbnail","6":"product_cat-boom-cylinders","7":"product_tag-boom-cylinders","8":"product_tag-hydraulic-cylinders","10":"first","11":"instock","12":"shipping-taxable","13":"product-type-simple"},"amp_enabled":true,"_links":{"self":[{"href":"https:\/\/www.hydraulic-cylinders.net\/lv\/wp-json\/wp\/v2\/product\/19411","targetHints":{"allow":["GET"]}}],"collection":[{"href":"https:\/\/www.hydraulic-cylinders.net\/lv\/wp-json\/wp\/v2\/product"}],"about":[{"href":"https:\/\/www.hydraulic-cylinders.net\/lv\/wp-json\/wp\/v2\/types\/product"}],"replies":[{"embeddable":true,"href":"https:\/\/www.hydraulic-cylinders.net\/lv\/wp-json\/wp\/v2\/comments?post=19411"}],"wp:featuredmedia":[{"embeddable":true,"href":"https:\/\/www.hydraulic-cylinders.net\/lv\/wp-json\/wp\/v2\/media\/17871"}],"wp:attachment":[{"href":"https:\/\/www.hydraulic-cylinders.net\/lv\/wp-json\/wp\/v2\/media?parent=19411"}],"wp:term":[{"taxonomy":"product_brand","embeddable":true,"href":"https:\/\/www.hydraulic-cylinders.net\/lv\/wp-json\/wp\/v2\/product_brand?post=19411"},{"taxonomy":"product_cat","embeddable":true,"href":"https:\/\/www.hydraulic-cylinders.net\/lv\/wp-json\/wp\/v2\/product_cat?post=19411"},{"taxonomy":"product_tag","embeddable":true,"href":"https:\/\/www.hydraulic-cylinders.net\/lv\/wp-json\/wp\/v2\/product_tag?post=19411"}],"curies":[{"name":"wp","href":"https:\/\/api.w.org\/{rel}","templated":true}]}}