{"id":19414,"date":"2025-04-07T06:33:22","date_gmt":"2025-04-07T06:33:22","guid":{"rendered":"https:\/\/www.hydraulic-cylinders.net\/product\/boom-cylinder-for-bobcat-small-excavator-e55\/"},"modified":"2025-04-07T06:33:25","modified_gmt":"2025-04-07T06:33:25","slug":"boom-cylinder-for-bobcat-small-excavator-e55","status":"publish","type":"product","link":"https:\/\/www.hydraulic-cylinders.net\/lv\/products\/boom-cylinder-for-bobcat-small-excavator-e55\/","title":{"rendered":"Str\u0113les cilindrs Bobcat mazajam ekskavatoram E55"},"content":{"rendered":"<h1>Str\u0113les cilindrs Bobcat mazajam ekskavatoram E55<\/h1>\n<h2>Produkta p\u0101rskats<\/h2>\n<p>Bobcat maz\u0101 ekskavatora E55 str\u0113les cilindrs ir b\u016btiska smago ma\u0161\u012bnu hidraulisko sist\u0113mu sast\u0101vda\u013ca. \u0160is hidrauliskais cilindrs, kas \u012bpa\u0161i izstr\u0101d\u0101ts ekskavatora str\u0113les kust\u012bbas vad\u012bbai, \u013cauj pacelt, nolaist un noliekt str\u0113li, t\u0101d\u0113j\u0101di atvieglojot efekt\u012bvus materi\u0101lu apstr\u0101des uzdevumus.<\/p>\n<p><img decoding=\"async\" src=\"https:\/\/www.hydraulic-cylinders.net\/wp-content\/uploads\/2025\/04\/songte-company-1.webp\" alt=\"Bobcat E55 str\u0113les cilindrs\" \/><\/p>\n<h3>Defin\u012bcija un funkcija<\/h3>\n<p>Str\u0113les cilindrs ir hidraulisk\u0101 cilindra veids, kas \u012bpa\u0161i izstr\u0101d\u0101ts smag\u0101 apr\u012bkojuma, piem\u0113ram, ekskavatoru, univers\u0101lo iekr\u0101v\u0113ju un front\u0101lo iekr\u0101v\u0113ju, str\u0113les darbin\u0101\u0161anai. Tam ir b\u016btiska loma hidrauliskaj\u0101s sist\u0113m\u0101s, jo tas p\u0101rveido hidraulisko ener\u0123iju meh\u0101niskaj\u0101 ener\u0123ij\u0101, \u013caujot str\u0113lei prec\u012bzi kust\u0113ties. Hidraulisk\u0101 \u0161\u0137idruma spiediens \u0161aj\u0101 cilindr\u0101 \u013cauj tai vienm\u0113r\u012bgi izstiepties un ievilkties, kas ir svar\u012bgi da\u017e\u0101diem b\u016bvniec\u012bbas un rak\u0161anas darbiem. Str\u0113les cilindra funkcionalit\u0101te iev\u0113rojami veicina smag\u0101s tehnikas kop\u0113jo efektivit\u0101ti un lietder\u012bbu darb\u012bb\u0101s, s\u0101kot no rak\u0161anas un cel\u0161anas l\u012bdz materi\u0101lu transport\u0113\u0161anai.<\/p>\n<h2>Str\u0113les cilindra \u012bpa\u0161\u012bbas<\/h2>\n<ul>\n<li><strong>Augsta iztur\u012bba un ilgm\u016b\u017e\u012bba:<\/strong> \u0160ie cilindri, kas parasti ir izgatavoti no augstas stipr\u012bbas t\u0113rauda vai alum\u012bnija, var iztur\u0113t augstu spiedienu un lielas slodzes, padarot tos piem\u0113rotus skarbiem darba apst\u0101k\u013ciem. Konstrukcij\u0101 \u0146emta v\u0113r\u0101 ar\u012b nodilumiztur\u012bba un iztur\u012bba pret koroziju, pagarinot to kalpo\u0161anas laiku.<\/li>\n<li><strong>Efekt\u012bva hidraulisk\u0101 darb\u012bba:<\/strong> Izmantojot hidraulisk\u0101s e\u013c\u013cas spiedienu vienm\u0113r\u012bg\u0101m izstiep\u0161anas un ievilk\u0161anas kust\u012bb\u0101m, tas var \u0101tri rea\u0123\u0113t uz operatora komand\u0101m, nodro\u0161inot iev\u0113rojamu stum\u0161anas un vilk\u0161anas sp\u0113ku, kas ir ide\u0101li piem\u0113rots smagu un sare\u017e\u0123\u012btu uzdevumu veik\u0161anai.<\/li>\n<li><strong>Da\u017e\u0101di veidi:<\/strong> \u0160ie cilindri, kas pieejami vienk\u0101r\u0161\u0101s darb\u012bbas (hidrauliska darb\u012bba tikai vien\u0101 virzien\u0101) vai divk\u0101r\u0161\u0101s darb\u012bbas (hidrauliska darb\u012bba abos virzienos) konfigur\u0101cij\u0101s, atbilst da\u017e\u0101d\u0101m ekspluat\u0101cijas vajadz\u012bb\u0101m. Da\u017ei mode\u013ci ir teleskopiski, kas \u013cauj tos papla\u0161in\u0101t, nepalielinot \u0101r\u0113jos izm\u0113rus, padarot tos piem\u0113rotus lieto\u0161anai ierobe\u017eot\u0101 telp\u0101.<\/li>\n<\/ul>\n<p>M\u016bsu uz\u0146\u0113mums ra\u017eo \u0161os produktus, nodro\u0161inot perfektu eso\u0161o hidraulisko cilindru aizvieto\u0161anu.<\/p>\n<p><img decoding=\"async\" src=\"https:\/\/www.hydraulic-cylinders.net\/wp-content\/uploads\/2025\/04\/songte-cylinder-head-with-all-kinds-excavator-models.webp\" alt=\"Ekskavatoru mode\u013ci\" \/><\/p>\n<h2>Str\u0113les cilindra pielietojumi<\/h2>\n<ul>\n<li><strong>Celtniec\u012bbas apr\u012bkojums:<\/strong> Str\u0113les cilindri ir nepiecie\u0161ami ekskavatoros rak\u0161anai, iekrau\u0161anai un augsnes vai gru\u017eu p\u0101rvieto\u0161anai. Tie pal\u012bdz ne tikai rak\u0161anas darbos, bet ar\u012b materi\u0101lu cel\u0161an\u0101, padarot tos par vit\u0101li svar\u012bgiem b\u016bvlaukumos, kur efektivit\u0101te ir \u0101rk\u0101rt\u012bgi svar\u012bga.<\/li>\n<li><strong>Lauksaimniec\u012bbas tehnika:<\/strong> Front\u0101lajos iekr\u0101v\u0113jos str\u0113les cilindri tiek izmantoti augsnes, siena un citu materi\u0101lu skr\u0101p\u0113\u0161anai, pacel\u0161anai un transport\u0113\u0161anai. To sp\u0113ja apstr\u0101d\u0101t da\u017e\u0101das slodzes padara tos neaizst\u0101jamus lauksaimniec\u012bbas darbos.<\/li>\n<li><strong>Ekskavatori:<\/strong> Str\u0113les cilindrs \u013cauj kausam efekt\u012bvi iek\u013c\u016bt augsn\u0113, t\u0101d\u0113j\u0101di atvieglojot efekt\u012bvas rak\u0161anas darb\u012bbas. \u0160\u012b hidraulisk\u0101 sast\u0101vda\u013ca ir \u013coti svar\u012bga, lai pan\u0101ktu liel\u0101ku rak\u0161anas dzi\u013cumu un apstr\u0101d\u0101tu beramkravu.<\/li>\n<li><strong>Iekr\u0101v\u0113ji:<\/strong> Front\u0101lajos iekr\u0101v\u0113jos tie pal\u012bdz efekt\u012bvi pacelt un izkraut kravas. To lomu b\u016bvniec\u012bbas un materi\u0101lu apstr\u0101des oper\u0101cij\u0101s nevar p\u0101rv\u0113rt\u0113t, jo tie iev\u0113rojami uzlabo produktivit\u0101ti un darb\u012bbas \u0101trumu.<\/li>\n<\/ul>\n<h2>Dizaina apsv\u0113rumi un atlases krit\u0113riji<\/h2>\n<ul>\n<li><strong>Kravnes\u012bba:<\/strong> Str\u0113les cilindra konstrukcijai j\u0101\u0146em v\u0113r\u0101 maksim\u0101l\u0101 slodze, ar kuru tas saskarsies. Lai izv\u0113l\u0113tos pareizo cilindru, ir \u013coti svar\u012bgi izprast apstr\u0101d\u0101jamo materi\u0101lu svaru, k\u0101 ar\u012b iek\u0101rtas ekspluat\u0101cijas ierobe\u017eojumus. P\u0101rslodze var izrais\u012bt cilindra boj\u0101jumus, kas rada dro\u0161\u012bbas riskus.<\/li>\n<li><strong>Bl\u012bv\u0113jums:<\/strong> Lai nodro\u0161in\u0101tu optim\u0101lu veiktsp\u0113ju, ir svar\u012bgi nodro\u0161in\u0101t hidraulisk\u0101 cilindra herm\u0113tiskumu. Izv\u0113loties augstas kvalit\u0101tes bl\u012bves, piem\u0113ram, virzu\u013ca bl\u012bves un stie\u0146a bl\u012bves, kas izgatavotas no iztur\u012bgiem materi\u0101liem, piem\u0113ram, poliuret\u0101na un nitrila gumijas, var pal\u012bdz\u0113t nov\u0113rst nopl\u016bdes un uztur\u0113t spiedienu.<\/li>\n<li><strong>Iztur\u012bba:<\/strong> Str\u0113les cilindra ra\u017eo\u0161an\u0101 izmantotajiem materi\u0101liem j\u0101b\u016bt iztur\u012bgiem pret nodilumu. Cilindra virsma ir r\u016bp\u012bgi j\u0101apstr\u0101d\u0101, lai uzlabotu nodilumiztur\u012bbu un nodro\u0161in\u0101tu, ka tas laika gait\u0101 iztur ekspluat\u0101cijas slodzi.<\/li>\n<li><strong>Dro\u0161\u012bba:<\/strong> Balona konstrukcij\u0101 j\u0101iek\u013cauj dro\u0161\u012bbas funkcijas, lai nov\u0113rstu neparedz\u0113tas kust\u012bbas. Tas ietver t\u0101das funkcijas k\u0101 p\u0101rspiediena aizsardz\u012bba un atteices meh\u0101nismi, kas nodro\u0161ina kontrol\u0113tu darb\u012bbu da\u017e\u0101dos apst\u0101k\u013cos.<\/li>\n<li><strong>Uzturam\u012bba:<\/strong> B\u016btiska noz\u012bme ir konstrukcijai, kas atvieglo apkopi un remontu. Sast\u0101vda\u013c\u0101m j\u0101b\u016bt viegli pieejam\u0101m p\u0101rbaudei un t\u0101m j\u0101b\u016bt sp\u0113j\u012bg\u0101m vienk\u0101r\u0161i iee\u013c\u013cot, lai pagarin\u0101tu kalpo\u0161anas laiku.<\/li>\n<\/ul>\n<p><img decoding=\"async\" src=\"https:\/\/www.hydraulic-cylinders.net\/wp-content\/uploads\/2025\/04\/songte-oil-pipes-and-spare-parts.webp\" alt=\"Hidraulisk\u0101s da\u013cas\" \/><\/p>\n<h2>Bl\u012bv\u0113\u0161ana un e\u013c\u013co\u0161ana<\/h2>\n<p>Str\u0113les cilindra efektivit\u0101te liel\u0101 m\u0113r\u0101 ir atkar\u012bga no t\u0101 bl\u012bv\u0113\u0161anas un e\u013c\u013co\u0161anas sist\u0113m\u0101m. Da\u017e\u0101di bl\u012bv\u0113jumi, piem\u0113ram, virzu\u013ca bl\u012bv\u0113jumi un stie\u0146a bl\u012bv\u0113jumi, ir b\u016btiski, lai nov\u0113rstu hidraulisk\u0101 \u0161\u0137idruma nopl\u016bdes. Nodilumiztur\u012bgu materi\u0101lu, piem\u0113ram, poliuret\u0101na un nitrila gumijas, izv\u0113le \u0161iem bl\u012bv\u0113jumiem ir kritiski svar\u012bga. Turkl\u0101t cilindra korpuss un v\u012bt\u0146otie gali ir r\u016bp\u012bgi j\u0101apstr\u0101d\u0101, lai uzlabotu iztur\u012bbu un nodilumiztur\u012bbu. Regul\u0101ra e\u013c\u013co\u0161ana ar hidraulisko e\u013c\u013cu ir nepiecie\u0161ama, lai samazin\u0101tu berzi, samazin\u0101tu nodilumu un nodro\u0161in\u0101tu vienm\u0113r\u012bgu darb\u012bbu. Pareizi uztur\u0113ti bl\u012bv\u0113jumi un e\u013c\u013co\u0161ana ne tikai uzlabo veiktsp\u0113ju, bet ar\u012b pagarina hidraulisk\u0101 cilindra kalpo\u0161anas laiku.<\/p>\n<h2>Regul\u0101ra p\u0101rbaude un profilaktisk\u0101 apkope<\/h2>\n<ul>\n<li><strong>Regul\u0101ras p\u0101rbaudes:<\/strong> Regul\u0101ras str\u0113les cilindra p\u0101rbaudes ir b\u016btiskas, lai laikus noteiktu jebk\u0101du nodilumu vai boj\u0101jumus. Tas ietver nopl\u016b\u017eu p\u0101rbaudi, bl\u012bv\u0113jumu p\u0101rbaudi un cilindra visp\u0101r\u0113j\u0101 st\u0101vok\u013ca nov\u0113rt\u0113\u0161anu. Regul\u0101ras p\u0101rbaudes var pal\u012bdz\u0113t nov\u0113rst d\u0101rgus remontdarbus un d\u012bkst\u0101ves.<\/li>\n<li><strong>E\u013c\u013co\u0161ana:<\/strong> Lai uztur\u0113tu optim\u0101lu veiktsp\u0113ju, ir \u013coti svar\u012bgi pareizi iee\u013c\u013cot cilindru. Regul\u0101ra hidraulisk\u0101s e\u013c\u013cas pievieno\u0161ana saska\u0146\u0101 ar ra\u017eot\u0101ja ieteikumiem pal\u012bdz samazin\u0101t berzi un nodilumu, nodro\u0161inot vienm\u0113r\u012bgu darb\u012bbu.<\/li>\n<li><strong>Bl\u012bv\u0113juma nomai\u0146a:<\/strong> Laika gait\u0101 bl\u012bves var nolietoties un t\u0101s var b\u016bt j\u0101nomaina. Regul\u0101ra bl\u012bvju nomai\u0146a nov\u0113r\u0161 nopl\u016bdes un uztur spiedienu hidrauliskaj\u0101 sist\u0113m\u0101. \u0160\u012b prevent\u012bv\u0101 pieeja var iev\u0113rojami pagarin\u0101t str\u0113les cilindra kalpo\u0161anas laiku.<\/li>\n<\/ul>\n<h2>Uzst\u0101d\u012b\u0161anas vadl\u012bnijas<\/h2>\n<p>Pareiza str\u0113les cilindra uzst\u0101d\u012b\u0161ana ir \u013coti svar\u012bga, lai nodro\u0161in\u0101tu optim\u0101lu veiktsp\u0113ju. Vispirms p\u0101rliecinieties, vai cilindra mont\u0101\u017eas virsmas ir t\u012bras un bez gru\u017eiem. Prec\u012bzi izl\u012bdziniet cilindru ar tehnikas mont\u0101\u017eas punktiem, nodro\u0161inot, ka tas ir pareizi orient\u0113ts atbilsto\u0161i ekspluat\u0101cijas pras\u012bb\u0101m. Izmantojiet atbilsto\u0161us uzst\u0101d\u012b\u0161anas kron\u0161teinus, lai nostiprin\u0101tu cilindru viet\u0101. Ir svar\u012bgi izvair\u012bties no skr\u016bvju p\u0101r\u0101k lielas pievilk\u0161anas, jo tas var izrais\u012bt nepareizu izl\u012bdzin\u0101\u0161anu vai boj\u0101jumus. P\u0113c cilindra nostiprin\u0101\u0161anas p\u0101rbaudiet, vai t\u0101 darb\u012bba ir vienm\u0113r\u012bga, cikliski p\u0101rsl\u0113dzot to vis\u0101 t\u0101 kust\u012bbas diapazon\u0101. Pareiza izl\u012bdzin\u0101\u0161ana un dro\u0161a uzst\u0101d\u012b\u0161ana pal\u012bdz maksim\u0101li pagarin\u0101t cilindra kalpo\u0161anas laiku un darb\u012bbas efektivit\u0101ti.<\/p>\n<h2>Apkopes uzdevumi<\/h2>\n<ul>\n<li><strong>Regul\u0101ras p\u0101rbaudes:<\/strong> Lai laikus atkl\u0101tu jebk\u0101das nodiluma vai boj\u0101jumu paz\u012bmes, ir nepiecie\u0161amas regul\u0101ras p\u0101rbaudes. Savlaic\u012bga probl\u0113mu identific\u0113\u0161ana var nov\u0113rst turpm\u0101kas komplik\u0101cijas un uztur\u0113t cilindra veiktsp\u0113ju.<\/li>\n<li><strong>Pareiza e\u013c\u013co\u0161ana:<\/strong> Str\u0113les cilindra pien\u0101c\u012bga e\u013c\u013co\u0161ana ir \u013coti svar\u012bga t\u0101 darb\u012bbai. Regul\u0101ra pareiz\u0101 hidraulisk\u0101s e\u013c\u013cas veida pievieno\u0161ana, k\u0101 nor\u0101d\u012bjis ra\u017eot\u0101js, pal\u012bdz\u0113s uztur\u0113t efektivit\u0101ti un samazin\u0101t nodilumu.<\/li>\n<li><strong>Bl\u012bv\u0113juma nomai\u0146a:<\/strong> Regul\u0101ri nov\u0113rt\u0113jiet bl\u012bv\u0113jumu st\u0101vokli un nomainiet tos p\u0113c nepiecie\u0161am\u012bbas. Tas ir svar\u012bgi, lai nov\u0113rstu nopl\u016bdes un uztur\u0113tu optim\u0101lu hidraulisko spiedienu sist\u0113m\u0101. Regul\u0101ra bl\u012bv\u0113jumu apkope ir kritiski svar\u012bgs hidraulisk\u0101 cilindra ilgm\u016b\u017e\u012bbas aspekts.<\/li>\n<\/ul>\n<p><img decoding=\"async\" src=\"https:\/\/www.hydraulic-cylinders.net\/wp-content\/uploads\/2025\/04\/songte-chushion-collar.webp\" alt=\"Spilvenu apkakle\" \/><\/p>\n<h2>Dro\u0161\u012bbas apsv\u0113rumi un vides faktori<\/h2>\n<p>Izmantojot hidrauliskos komponentus, piem\u0113ram, str\u0113les cilindru, dro\u0161\u012bbas pas\u0101kumu ievie\u0161ana ir \u0101rk\u0101rt\u012bgi svar\u012bga. Operatoriem j\u0101b\u016bt apm\u0101c\u012btiem par iek\u0101rtu dro\u0161u ekspluat\u0101ciju un j\u0101apzin\u0101s iesp\u0113jamie apdraud\u0113jumi, kas saist\u012bti ar hidrauliskaj\u0101m sist\u0113m\u0101m. Turkl\u0101t ekspluat\u0101cijas un apkopes laik\u0101 j\u0101valk\u0101 atbilsto\u0161s dro\u0161\u012bbas ap\u0123\u0113rbs. No vides viedok\u013ca hidrauliskie \u0161\u0137idrumi j\u0101apietas uzman\u012bgi, lai nov\u0113rstu nopl\u016bdes un pies\u0101r\u0146ojumu. Lai samazin\u0101tu ietekmi uz vidi, ir nepiecie\u0161amas regul\u0101ras p\u0101rbaudes, lai konstat\u0113tu nopl\u016bdes, un dro\u0161a hidraulisko \u0161\u0137idrumu utiliz\u0101cija.<\/p>\n<h2>K\u013c\u016bmju diagnostika un bie\u017e\u0101k sastopam\u0101s probl\u0113mas<\/h2>\n<ul>\n<li><strong>Nopl\u016bde:<\/strong> Viena no visbie\u017e\u0101k sastopamaj\u0101m probl\u0113m\u0101m, ar kur\u0101m saskaras hidrauliskie cilindri, ir nopl\u016bde. T\u0101 var b\u016bt saist\u012bta ar nodilu\u0161iem bl\u012bv\u0113jumiem vai boj\u0101tiem komponentiem. Regul\u0101ras p\u0101rbaudes var pal\u012bdz\u0113t laikus atkl\u0101t nopl\u016bdes, \u013caujot veikt savlaic\u012bgu remontu.<\/li>\n<li><strong>Samazin\u0101ta veiktsp\u0113ja:<\/strong> Ja str\u0113les cilindrs nedarbojas optim\u0101li, tas var b\u016bt saist\u012bts ar nepietiekamu hidraulisk\u0101 \u0161\u0137idruma daudzumu, sist\u0113m\u0101 iesprostotu gaisu vai iek\u0161\u0113jiem boj\u0101jumiem. Hidraulisk\u0101 \u0161\u0137idruma l\u012bme\u0146a p\u0101rbaude un sist\u0113mas atgaiso\u0161ana bie\u017ei vien var atrisin\u0101t \u0161o probl\u0113mu.<\/li>\n<li><strong>Troksnis un vibr\u0101cija:<\/strong> Neparasts troksnis vai vibr\u0101cija darb\u012bbas laik\u0101 var liecin\u0101t par iek\u0161\u0113ju nodilumu vai nepareizu izl\u012bdzin\u0101\u0161anu. \u0160o probl\u0113mu savlaic\u012bga nov\u0113r\u0161ana ir b\u016btiska, lai nov\u0113rstu turpm\u0101kus boj\u0101jumus un nodro\u0161in\u0101tu dro\u0161u darb\u012bbu.<\/li>\n<\/ul>\n<h2>Probl\u0113mu nov\u0113r\u0161anas padomi un risin\u0101jumi<\/h2>\n<p>Lai efekt\u012bvi diagnostic\u0113tu un nov\u0113rstu probl\u0113mas ar str\u0113les cilindru, apsveriet t\u0101l\u0101k sniegtos probl\u0113mu nov\u0113r\u0161anas padomus. Lai noteiktu nopl\u016bdes, p\u0101rbaudiet bl\u012bves un savienojumus, vai tie nav nodilu\u0161i vai boj\u0101ti; to nomai\u0146a p\u0113c nepiecie\u0161am\u012bbas bie\u017ei vien var nov\u0113rst probl\u0113mu. Samazin\u0101tas veiktsp\u0113jas gad\u012bjum\u0101 p\u0101rliecinieties, vai hidraulisk\u0101 \u0161\u0137idruma l\u012bmenis ir pareizs un vai sist\u0113m\u0101 nav gaisa. Regul\u0101ra apkope un uzman\u012bba deta\u013c\u0101m var iev\u0113rojami samazin\u0101t probl\u0113mu ra\u0161an\u0101s iesp\u0113jam\u012bbu. Turkl\u0101t prevent\u012bvo pas\u0101kumu, piem\u0113ram, regul\u0101ru p\u0101rbau\u017eu un savlaic\u012bga remonta, ievie\u0161ana var pal\u012bdz\u0113t mazin\u0101t iesp\u0113jam\u0101s probl\u0113mas, pirms t\u0101s saasin\u0101s.<\/p>\n<p><img decoding=\"async\" src=\"https:\/\/www.hydraulic-cylinders.net\/wp-content\/uploads\/2025\/04\/songte-bushings-with-all-kinds-of-excavator-models.webp\" alt=\"Ekskavatoru bukses\" \/><\/p>\n<h2>Par m\u016bsu uz\u0146\u0113mumu<\/h2>\n<p>M\u0113s esam vado\u0161ais rezerves hidraulisko cilindru ra\u017eot\u0101js, kas pied\u0101v\u0101 pla\u0161u produktu kl\u0101stu, kas apmierina gan viet\u0113jo, gan starptautisko tirgu vajadz\u012bbas. M\u016bsu ap\u0146em\u0161an\u0101s sasniegt izcil\u012bbu ir redzama m\u016bsu r\u016bp\u012bgi izstr\u0101d\u0101tajos ra\u017eo\u0161anas procesos un augstajos kvalit\u0101tes standartos. M\u0113s izmantojam progres\u012bvas ra\u017eo\u0161anas vad\u012bbas strat\u0113\u0123ijas un esam ieguld\u012bju\u0161i l\u012bdzek\u013cus modern\u0101kaj\u0101s tehnolo\u0123ij\u0101s, kvalific\u0113t\u0101 person\u0101l\u0101 un profesion\u0101l\u0101 test\u0113\u0161anas sist\u0113m\u0101, lai nep\u0101rtraukti uzlabotu m\u016bsu ra\u017eo\u0161anas iesp\u0113jas.<\/p>\n<h3>Specializ\u0113tie pakalpojumi<\/h3>\n<ul>\n<li><strong>Profesionalit\u0101te:<\/strong> M\u016bsu komanda ir ap\u0146\u0113musies nodro\u0161in\u0101t augstas kvalit\u0101tes hidrauliskos cilindrus, kas piel\u0101goti klientu specifik\u0101cij\u0101m.<\/li>\n<li><strong>Starptautisk\u0101s sertifik\u0101cijas:<\/strong> M\u0113s iev\u0113rojam starptautiskos standartus, nodro\u0161inot, ka m\u016bsu produkti atbilst stingr\u0101m kvalit\u0101tes un dro\u0161\u012bbas vadl\u012bnij\u0101m.<\/li>\n<li><strong>Piel\u0101goti pakalpojumi:<\/strong> M\u0113s pied\u0101v\u0101jam piel\u0101go\u0161anas iesp\u0113jas, lai apmierin\u0101tu klientu \u012bpa\u0161\u0101s vajadz\u012bbas, nodro\u0161inot, ka vi\u0146i sa\u0146em perfektu risin\u0101jumu sav\u0101m vajadz\u012bb\u0101m.<\/li>\n<li><strong>Uzlabots ra\u017eo\u0161anas apr\u012bkojums:<\/strong> M\u016bsu modern\u0101k\u0101s iek\u0101rtas \u013cauj mums uztur\u0113t augstu efektivit\u0101ti un precizit\u0101ti ra\u017eo\u0161anas proces\u0101.<\/li>\n<li><strong>P\u0113cp\u0101rdo\u0161anas serviss:<\/strong> M\u0113s esam ap\u0146\u0113mu\u0161ies sniegt izcilu p\u0113cp\u0101rdo\u0161anas atbalstu, nodro\u0161inot klientu apmierin\u0101t\u012bbu un uztic\u012bbu m\u016bsu produktiem.<\/li>\n<\/ul>\n<p><img decoding=\"async\" src=\"https:\/\/www.hydraulic-cylinders.net\/wp-content\/uploads\/2025\/04\/songte-company-4.webp\" alt=\"Uz\u0146\u0113muma p\u0101rskats\" \/><br \/>\n<img decoding=\"async\" src=\"https:\/\/www.hydraulic-cylinders.net\/wp-content\/uploads\/2025\/04\/songte-company-3.webp\" alt=\"Ra\u017eo\u0161anas iek\u0101rta\" \/><\/p>\n<p>Autors: lil<\/p>","protected":false},"excerpt":{"rendered":"<p>Boom Cylinder For Bobcat Small Excavator E55 Product Overview The Boom Cylinder for Bobcat Small Excavator E55 is a crucial component in the hydraulic systems of heavy machinery. Specifically designed to control the movement of the boom on excavators, this hydraulic cylinder allows for the lifting, lowering, and tilting of the boom, facilitating efficient material [&hellip;]<\/p>","protected":false},"featured_media":17874,"comment_status":"open","ping_status":"closed","template":"","meta":{"_et_pb_use_builder":"","_et_pb_old_content":"","_et_gb_content_width":""},"product_brand":[],"product_cat":[1546],"product_tag":[1547,1496],"class_list":{"0":"post-19414","1":"product","2":"type-product","3":"status-publish","4":"has-post-thumbnail","6":"product_cat-boom-cylinders","7":"product_tag-boom-cylinders","8":"product_tag-hydraulic-cylinders","10":"first","11":"instock","12":"shipping-taxable","13":"product-type-simple"},"amp_enabled":true,"_links":{"self":[{"href":"https:\/\/www.hydraulic-cylinders.net\/lv\/wp-json\/wp\/v2\/product\/19414","targetHints":{"allow":["GET"]}}],"collection":[{"href":"https:\/\/www.hydraulic-cylinders.net\/lv\/wp-json\/wp\/v2\/product"}],"about":[{"href":"https:\/\/www.hydraulic-cylinders.net\/lv\/wp-json\/wp\/v2\/types\/product"}],"replies":[{"embeddable":true,"href":"https:\/\/www.hydraulic-cylinders.net\/lv\/wp-json\/wp\/v2\/comments?post=19414"}],"wp:featuredmedia":[{"embeddable":true,"href":"https:\/\/www.hydraulic-cylinders.net\/lv\/wp-json\/wp\/v2\/media\/17874"}],"wp:attachment":[{"href":"https:\/\/www.hydraulic-cylinders.net\/lv\/wp-json\/wp\/v2\/media?parent=19414"}],"wp:term":[{"taxonomy":"product_brand","embeddable":true,"href":"https:\/\/www.hydraulic-cylinders.net\/lv\/wp-json\/wp\/v2\/product_brand?post=19414"},{"taxonomy":"product_cat","embeddable":true,"href":"https:\/\/www.hydraulic-cylinders.net\/lv\/wp-json\/wp\/v2\/product_cat?post=19414"},{"taxonomy":"product_tag","embeddable":true,"href":"https:\/\/www.hydraulic-cylinders.net\/lv\/wp-json\/wp\/v2\/product_tag?post=19414"}],"curies":[{"name":"wp","href":"https:\/\/api.w.org\/{rel}","templated":true}]}}