{"id":19417,"date":"2025-04-07T06:33:31","date_gmt":"2025-04-07T06:33:31","guid":{"rendered":"https:\/\/www.hydraulic-cylinders.net\/product\/boom-cylinder-for-der-der33e\/"},"modified":"2025-04-07T06:33:33","modified_gmt":"2025-04-07T06:33:33","slug":"boom-cylinder-for-der-der33e","status":"publish","type":"product","link":"https:\/\/www.hydraulic-cylinders.net\/lv\/products\/boom-cylinder-for-der-der33e\/","title":{"rendered":"Str\u0113les cilindrs DER DER33E"},"content":{"rendered":"<h1>Str\u0113les cilindrs DER DER33E<\/h1>\n<h2>Str\u0113les cilindra p\u0101rskats<\/h2>\n<p>The <strong>Str\u0113les cilindrs<\/strong> DER DER33E ir specializ\u0113ts hidrauliskais cilindrs, kas paredz\u0113ts kausa kust\u012bbas vad\u012bbai da\u017e\u0101dos smag\u0101s tehnikas pielietojumos. \u0160is cilindrs ir b\u016btisks t\u0101d\u0101m darb\u012bb\u0101m k\u0101 kausa pacel\u0161ana, nolai\u0161ana un noliek\u0161ana, atvieglojot efekt\u012bvus materi\u0101lu apstr\u0101des uzdevumus t\u0101d\u0101s nozar\u0113s k\u0101 b\u016bvniec\u012bba un lauksaimniec\u012bba.<\/p>\n<p><img decoding=\"async\" src=\"https:\/\/www.hydraulic-cylinders.net\/wp-content\/uploads\/2025\/04\/songte-company-1.webp\" alt=\"Str\u0113les cilindrs\" \/><\/p>\n<h3>Defin\u012bcija un funkcija<\/h3>\n<p>Kausa cilindrs ir hidraulisk\u0101 cilindra veids, kas \u012bpa\u0161i izstr\u0101d\u0101ts, lai p\u0101rvald\u012btu kausa kust\u012bbu t\u0101d\u0101s iek\u0101rt\u0101s k\u0101 ekskavatori, univers\u0101lie iekr\u0101v\u0113ji un front\u0101lie iekr\u0101v\u0113ji. \u0160o cilindru darb\u012bba \u013cauj efekt\u012bvi kontrol\u0113t kausa poz\u012bciju, nodro\u0161inot prec\u012bzas rak\u0161anas un iekrau\u0161anas iesp\u0113jas. Izmantojot hidraulisko spiedienu, \u0161ie cilindri p\u0101rveido \u0161\u0137idruma ener\u0123iju meh\u0101nisk\u0101 sp\u0113k\u0101, \u013caujot kausam veikt sare\u017e\u0123\u012btus uzdevumus da\u017e\u0101dos apst\u0101k\u013cos.<\/p>\n<h2>Str\u0113les cilindra \u012bpa\u0161\u012bbas<\/h2>\n<ul>\n<li><strong>Augsta iztur\u012bba un ilgm\u016b\u017e\u012bba:<\/strong> \u0160is cilindrs ir izgatavots no augstas stipr\u012bbas t\u0113rauda vai alum\u012bnija un var iztur\u0113t augstu spiedienu un lielas slodzes. T\u0101 konstrukcij\u0101 priorit\u0101te ir nodilumiztur\u012bba un iztur\u012bba pret koroziju, pagarinot t\u0101 ekspluat\u0101cijas laiku.<\/li>\n<li><strong>Efekt\u012bva hidraulisk\u0101 darb\u012bba:<\/strong> Izmantojot hidraulisk\u0101s e\u013c\u013cas spiedienu, cilindrs pan\u0101k vienm\u0113r\u012bgu izvirz\u012b\u0161anos un ievilk\u0161anos, \u0101tri rea\u0123\u0113jot uz vad\u012bbas ievad\u0113m un nodro\u0161inot sp\u0113c\u012bgus stum\u0161anas un vilk\u0161anas sp\u0113kus, kas piem\u0113roti smagiem un sare\u017e\u0123\u012btiem uzdevumiem.<\/li>\n<li><strong>Veidu da\u017e\u0101d\u012bba:<\/strong> Pieejamie varianti ietver vienk\u0101r\u0161as darb\u012bbas cilindrus (izmantojot hidraulisko spiedienu vien\u0101 virzien\u0101) vai divpus\u0113jas darb\u012bbas cilindrus (darbojas abos virzienos), kas atbilst da\u017e\u0101d\u0101m ekspluat\u0101cijas vajadz\u012bb\u0101m. Da\u017ei mode\u013ci ir teleskopiski, kas \u013cauj tos papla\u0161in\u0101t, nepalielinot \u0101r\u0113jos izm\u0113rus, kas ir ide\u0101li piem\u0113rots lietojumiem ar ierobe\u017eotu vietu.<\/li>\n<li><strong>Piel\u0101gojams dizains:<\/strong> M\u016bsu produktus var piel\u0101got \u012bpa\u0161\u0101m pras\u012bb\u0101m, nodro\u0161inot sader\u012bbu ar da\u017e\u0101diem iek\u0101rtu mode\u013ciem un uzlabojot veiktsp\u0113ju.<\/li>\n<li><strong>Iztur\u012bga konstrukcija:<\/strong> Izstr\u0101d\u0101ts, koncentr\u0113joties uz iztur\u012bbu, nodro\u0161inot uzticamu veiktsp\u0113ju sare\u017e\u0123\u012btos darba apst\u0101k\u013cos.<\/li>\n<\/ul>\n<p><img decoding=\"async\" src=\"https:\/\/www.hydraulic-cylinders.net\/wp-content\/uploads\/2025\/04\/songte-cylinder-head-with-all-kinds-excavator-models.webp\" alt=\"Cilindra galva\" \/><\/p>\n<h2>Str\u0113les cilindra pielietojums<\/h2>\n<h3>Celtniec\u012bbas apr\u012bkojums<\/h3>\n<p>B\u016bvniec\u012bbas iek\u0101rt\u0101s, piem\u0113ram, ekskavatoros, str\u0113les cilindri ir vit\u0101li svar\u012bgi augsnes vai gru\u017eu rak\u0161anai, iekrau\u0161anai un p\u0101rvieto\u0161anai. Tie nodro\u0161ina nepiecie\u0161amo sp\u0113ku, lai iek\u013c\u016btu cietos zemes materi\u0101los, nodro\u0161inot efekt\u012bvu darb\u012bbu.<\/p>\n<h3>Lauksaimniec\u012bbas tehnika<\/h3>\n<p>Front\u0101lajos iekr\u0101v\u0113jos str\u0113les cilindri atvieglo augsnes, siena un citu materi\u0101lu cel\u0161anu, sav\u0101k\u0161anu un transport\u0113\u0161anu. Tiem ir iz\u0161\u0137iro\u0161a noz\u012bme lauksaimniec\u012bbas darb\u012bbu efektivit\u0101t\u0113, uzlabojot produktivit\u0101ti.<\/p>\n<h3>Ekskavatori<\/h3>\n<p>Ekskavatoriem str\u0113les cilindri nodro\u0161ina efekt\u012bvas rak\u0161anas darb\u012bbas, \u013caujot kausam iek\u013c\u016bt zem\u0113. \u0160\u012b funkcija ir b\u016btiska da\u017e\u0101diem zemes p\u0101rvieto\u0161anas darbiem, uzlabojot darb\u012bbas efektivit\u0101ti.<\/p>\n<h3>Iekr\u0101v\u0113ji<\/h3>\n<p>Front\u0101lajos iekr\u0101v\u0113jos str\u0113les cilindri pal\u012bdz efekt\u012bvi pacelt un izg\u0101zt kravas. To konstrukcija nodro\u0161ina \u0101tru darb\u012bbu, padarot tos neaizst\u0101jamus materi\u0101lu apstr\u0101dei da\u017e\u0101d\u0101s vid\u0113s.<\/p>\n<h2>Dizaina apsv\u0113rumi un atlases krit\u0113riji<\/h2>\n<h3>Kravnes\u012bba<\/h3>\n<p>Str\u0113les cilindra kravnes\u012bba ir kritisks faktors, kas ietekm\u0113 t\u0101 veiktsp\u0113ju da\u017e\u0101dos pielietojumos. Tam j\u0101b\u016bt projekt\u0113tam t\u0101, lai iztur\u0113tu maksim\u0101l\u0101s paredzam\u0101s slodzes ekspluat\u0101cijas laik\u0101. P\u0101rslodze var izrais\u012bt cilindra boj\u0101jumus, kas rada dro\u0161\u012bbas riskus un var izrais\u012bt d\u0101rgas d\u012bkst\u0101ves. T\u0101p\u0113c cilindra izv\u0113le ar atbilsto\u0161u kravnes\u012bbas nov\u0113rt\u0113jumu ir b\u016btiska, lai nodro\u0161in\u0101tu dro\u0161u un efekt\u012bvu darb\u012bbu.<\/p>\n<h3>Bl\u012bv\u0113jums un iztur\u012bba<\/h3>\n<p>Labi izstr\u0101d\u0101ta bl\u012bv\u0113\u0161anas sist\u0113ma ir \u013coti svar\u012bga, lai nov\u0113rstu hidraulisk\u0101 \u0161\u0137idruma nopl\u016bdes un uztur\u0113tu spiedienu cilindr\u0101. J\u0101izmanto kvalitat\u012bvi bl\u012bv\u0113jumi, kas izgatavoti no iztur\u012bgiem materi\u0101liem, piem\u0113ram, poliuret\u0101na vai nitrila gumijas, lai iztur\u0113tu nodilumu un pagarin\u0101tu kalpo\u0161anas laiku. Turkl\u0101t cilindra korpusam j\u0101b\u016bt izgatavotam t\u0101, lai tas iztur\u0113tu skarbos apst\u0101k\u013cus, ar kuriem tas var saskarties ekspluat\u0101cijas laik\u0101.<\/p>\n<h3>Dro\u0161\u012bbas funkcijas<\/h3>\n<p>Dro\u0161\u012bbas apsv\u0113rumi str\u0113les cilindru projekt\u0113\u0161an\u0101 ietver funkcijas, kas nov\u0113r\u0161 negaid\u012btas kust\u012bbas un nodro\u0161ina operatora dro\u0161\u012bbu. Dro\u0161\u012bbas v\u0101rstu, spiediena samazin\u0101\u0161anas meh\u0101nismu un iztur\u012bgu konstrukcijas meto\u017eu iek\u013cau\u0161ana var pal\u012bdz\u0113t mazin\u0101t ar hidraulisk\u0101m k\u013c\u016bm\u0113m saist\u012btos riskus. Regul\u0101ras apkopes p\u0101rbaudes ir svar\u012bgas ar\u012b, lai nodro\u0161in\u0101tu, ka dro\u0161\u012bbas funkcijas saglab\u0101 savu funkcionalit\u0101ti un efektivit\u0101ti.<\/p>\n<h3>Apkope un remont\u0113jam\u012bba<\/h3>\n<p>Hidraulisko cilindru projekt\u0113\u0161ana, \u0146emot v\u0113r\u0101 apkopi, veicina ilgm\u016b\u017e\u012bbu un darb\u012bbas efektivit\u0101ti. T\u0101das funkcijas k\u0101 viegli pieejamas bl\u012bves un standartiz\u0113tas deta\u013cas atvieglo savlaic\u012bgu remontu un nomai\u0146u. J\u0101ievie\u0161 apkopes protokoli, lai nodro\u0161in\u0101tu regul\u0101ras p\u0101rbaudes un apkopi, iev\u0113rojami samazinot negaid\u012btu k\u013c\u016bmju iesp\u0113jam\u012bbu un pagarinot iek\u0101rtas kop\u0113jo kalpo\u0161anas laiku.<\/p>\n<p><img decoding=\"async\" src=\"https:\/\/www.hydraulic-cylinders.net\/wp-content\/uploads\/2025\/04\/songte-oil-pipes-and-spare-parts.webp\" alt=\"E\u013c\u013cas caurules un rezerves da\u013cas\" \/><\/p>\n<h2>Bl\u012bv\u0113\u0161ana un e\u013c\u013co\u0161ana<\/h2>\n<p>Hidraulisko sist\u0113mu efektivit\u0101te liel\u0101 m\u0113r\u0101 ir atkar\u012bga no bl\u012bv\u0113juma un e\u013c\u013co\u0161anas kvalit\u0101tes. Da\u017e\u0101di bl\u012bv\u0113\u0161anas elementi, piem\u0113ram, virzu\u013ca bl\u012bv\u0113jumi un stie\u0146a bl\u012bv\u0113jumi, ir \u013coti svar\u012bgi spiediena uztur\u0113\u0161anai cilindr\u0101. Bl\u012bv\u0113jumu izv\u0113le no nodilumiztur\u012bgiem materi\u0101liem, piem\u0113ram, poliuret\u0101na, palielina iztur\u012bbu. Pareiza cilindra korpusa un v\u012bt\u0146oto virsmu apstr\u0101de samazina nodilumu un pagarina kalpo\u0161anas laiku. Regul\u0101ra e\u013c\u013co\u0161ana ar atbilsto\u0161u hidraulisko e\u013c\u013cu ir b\u016btiska, lai nodro\u0161in\u0101tu vienm\u0113r\u012bgu darb\u012bbu un nov\u0113rstu berzes rad\u012btus boj\u0101jumus.<\/p>\n<h2>Prevent\u012bvie apkopes pas\u0101kumi<\/h2>\n<ul>\n<li><strong>Regul\u0101ras p\u0101rbaudes:<\/strong> Lai nodro\u0161in\u0101tu optim\u0101lu darb\u012bbu, veiciet regul\u0101ras p\u0101rbaudes, lai konstat\u0113tu nodiluma, nopl\u016b\u017eu un boj\u0101jumu paz\u012bmes.<\/li>\n<li><strong>Piem\u0113rota e\u013c\u013co\u0161ana:<\/strong> Nodro\u0161iniet savlaic\u012bgu un atbilsto\u0161u e\u013c\u013co\u0161anu, lai samazin\u0101tu kust\u012bgo da\u013cu berzi un nodilumu.<\/li>\n<li><strong>Bl\u012bv\u0113juma nomai\u0146a:<\/strong> Regul\u0101ri p\u0101rbaudiet un nomainiet bl\u012bves, lai uztur\u0113tu efekt\u012bvu bl\u012bv\u0113jumu un nov\u0113rstu \u0161\u0137idrumu nopl\u016bdes.<\/li>\n<\/ul>\n<h2>Instal\u0101cijas rokasgr\u0101mata<\/h2>\n<p>Pareiza str\u0113les cilindra uzst\u0101d\u012b\u0161ana ir \u013coti svar\u012bga t\u0101 veiktsp\u0113jai un ilgm\u016b\u017e\u012bbai. Vispirms p\u0101rliecinieties, vai deta\u013cas ir t\u012bras un bez gru\u017eiem. Pareizi izl\u012bdziniet cilindru ar stiprin\u0101juma punktiem, izmantojot atbilsto\u0161us stiprin\u0101jumus, lai to nostiprin\u0101tu viet\u0101. Izmantojiet stiprin\u0101juma kron\u0161teinus, lai nodro\u0161in\u0101tu stabilit\u0101ti darb\u012bbas laik\u0101. P\u0113c uzst\u0101d\u012b\u0161anas p\u0101rbaudiet, vai ir pareizs izl\u012bdzin\u0101jums, un nepiecie\u0161am\u012bbas gad\u012bjum\u0101 piel\u0101gojiet to, lai izvair\u012btos no p\u0101rm\u0113r\u012bgas slodzes uz cilindru. Pirms pilna m\u0113roga darb\u012bbas veiciet spiediena p\u0101rbaudi, lai p\u0101rbaud\u012btu funkcionalit\u0101ti.<\/p>\n<h2>Apkopes uzdevumi<\/h2>\n<ul>\n<li><strong>Regul\u0101ras p\u0101rbaudes:<\/strong> Pl\u0101nojiet regul\u0101ras p\u0101rbaudes, lai laikus atkl\u0101tu visas probl\u0113mas, nodro\u0161inot uzticamu un efekt\u012bvu darb\u012bbu.<\/li>\n<li><strong>Piem\u0113rota e\u013c\u013co\u0161ana:<\/strong> Lai uztur\u0113tu veiktsp\u0113ju, regul\u0101ri uzkl\u0101jiet pareizo hidraulisk\u0101s e\u013c\u013cas veidu un daudzumu.<\/li>\n<li><strong>Bl\u012bv\u0113juma nomai\u0146a:<\/strong> Uzraugiet bl\u012bv\u0113jumu nodilumu un nomainiet tos p\u0113c nepiecie\u0161am\u012bbas, lai nov\u0113rstu nopl\u016bdes un uztur\u0113tu spiedienu.<\/li>\n<\/ul>\n<h2>Dro\u0161\u012bbas apsv\u0113rumi un vides faktori<\/h2>\n<p>Darbinot hidraulisk\u0101s sist\u0113mas, ir svar\u012bgi noteikt dro\u0161\u012bbas pas\u0101kumu priorit\u0101ti. Operatoriem j\u0101b\u016bt apm\u0101c\u012btiem atpaz\u012bt potenci\u0101los apdraud\u0113jumus, kas saist\u012bti ar hidraulisko apr\u012bkojumu, piem\u0113ram, spiediena izlai\u0161anas un kust\u012bgo da\u013cu riskus. Dro\u0161\u012bbas protokolu ievie\u0161ana un aizsargl\u012bdzek\u013cu lieto\u0161ana var nov\u0113rst negad\u012bjumus. Turkl\u0101t pareiza hidraulisko \u0161\u0137idrumu un materi\u0101lu utiliz\u0101cija var mazin\u0101t ietekmi uz vidi, veicinot ilgtsp\u0113j\u012bbu darb\u012bb\u0101.<\/p>\n<h2>Probl\u0113mu nov\u0113r\u0161ana un bie\u017ei sastopamas probl\u0113mas<\/h2>\n<ul>\n<li><strong>Nopl\u016bde:<\/strong> Nosakiet nopl\u016bdes avotu, kas var\u0113tu b\u016bt saist\u012bts ar boj\u0101tiem bl\u012bv\u0113jumiem vai savienojumiem. Nomainiet nolietotos bl\u012bv\u0113jumus un p\u0101rliecinieties, vai visi savienojumi ir dro\u0161i.<\/li>\n<li><strong>Slikta veiktsp\u0113ja:<\/strong> Ja cilindrs nedarbojas vienm\u0113r\u012bgi, p\u0101rbaudiet, vai sist\u0113m\u0101 nav zems hidraulisk\u0101 \u0161\u0137idruma l\u012bmenis vai gaiss. Atgaisojiet sist\u0113mu un uzpildiet to, ja nepiecie\u0161ams.<\/li>\n<li><strong>P\u0101rm\u0113r\u012bgs troksnis:<\/strong> Trok\u0161\u0146i var liecin\u0101t par meh\u0101nisk\u0101m probl\u0113m\u0101m vai nepietiekamu e\u013c\u013co\u0161anu. Nov\u0113rt\u0113jiet sist\u0113mas nodilumu un nodro\u0161iniet pareizu e\u013c\u013co\u0161anu.<\/li>\n<\/ul>\n<h2>Padomi k\u013c\u016bmju nov\u0113r\u0161anai<\/h2>\n<p>Lai efekt\u012bvi nov\u0113rstu probl\u0113mas, s\u0101ciet ar darb\u012bbas apst\u0101k\u013cu nov\u0113ro\u0161anu un jebk\u0101du anom\u0101liju re\u0123istr\u0113\u0161anu. Nekav\u0113joties nov\u0113rsiet nopl\u016bdes, p\u0101rbaudot bl\u012bves un savienojumus. Regul\u0101ri p\u0101rbaudiet \u0161\u0137idrumu l\u012bmeni, lai nov\u0113rstu zemu l\u012bmeni, kas var izrais\u012bt veiktsp\u0113jas probl\u0113mas. Visbeidzot, izveidojiet regul\u0101ru apkopes grafiku, lai prevent\u012bvi risin\u0101tu iesp\u0113jam\u0101s probl\u0113mas, samazinot d\u012bkst\u0101ves laiku un pagarinot iek\u0101rtas ekspluat\u0101cijas laiku.<\/p>\n<p><img decoding=\"async\" src=\"https:\/\/www.hydraulic-cylinders.net\/wp-content\/uploads\/2025\/04\/songte-bushings-with-all-kinds-of-excavator-models.webp\" alt=\"Bukses\" \/><\/p>\n<h2>Par m\u016bsu uz\u0146\u0113mumu<\/h2>\n<p>M\u0113s esam vado\u0161ais hidraulisko cilindru ra\u017eot\u0101js un vairumtirdzniec\u012bbas izplat\u012bt\u0101js, kas ir atz\u012bts par m\u016bsu pla\u0161o produktu kl\u0101stu. M\u016bsu ap\u0146em\u0161an\u0101s nodro\u0161in\u0101t izcil\u012bbu mudina m\u016bs uztur\u0113t augst\u0101ko kvalit\u0101ti visos pied\u0101v\u0101jumos. M\u016bsu modern\u0101k\u0101s ra\u017eo\u0161anas darbn\u012bcas izmanto progres\u012bvas digit\u0101l\u0101s tehnolo\u0123ijas un stingru kvalit\u0101tes kontroles sist\u0113mu, lai uzlabotu m\u016bsu ra\u017eo\u0161anas jaudas. M\u0113s past\u0101v\u012bgi ieguld\u0101m l\u012bdzek\u013cus kvalific\u0113t\u0101 person\u0101l\u0101 un modern\u0101kaj\u0101 apr\u012bkojum\u0101, lai efekt\u012bvi apmierin\u0101tu da\u017e\u0101d\u0101s klientu vajadz\u012bbas.<\/p>\n<p><img decoding=\"async\" src=\"https:\/\/www.hydraulic-cylinders.net\/wp-content\/uploads\/2025\/04\/songte-company-4.webp\" alt=\"Uz\u0146\u0113muma telpas\" \/><br \/>\n<img decoding=\"async\" src=\"https:\/\/www.hydraulic-cylinders.net\/wp-content\/uploads\/2025\/04\/songte-company-3.webp\" alt=\"Ra\u017eo\u0161anas iek\u0101rtas\" \/><\/p>\n<p>M\u016bsu specializ\u0101cija ietver piel\u0101gotus risin\u0101jumus, kas piel\u0101goti konkr\u0113t\u0101m ekspluat\u0101cijas pras\u012bb\u0101m, un tos apstiprina starptautiski sertifik\u0101ti, kas nodro\u0161ina m\u016bsu produktu atbilst\u012bbu glob\u0101lajiem standartiem. M\u0113s lepojamies ar to, ka sniedzam izcilu p\u0113cp\u0101rdo\u0161anas atbalstu, tostarp uzst\u0101d\u012b\u0161anas nor\u0101d\u012bjumus un apkopes pakalpojumus, lai nodro\u0161in\u0101tu klientu apmierin\u0101t\u012bbu un produktu ilgm\u016b\u017e\u012bbu.<\/p>\n<p>Autors: lil<\/p>","protected":false},"excerpt":{"rendered":"<p>Boom Cylinder For DER DER33E Overview of Boom Cylinder The Boom Cylinder for DER DER33E is a specialized hydraulic cylinder designed to control the movement of the bucket in various heavy machinery applications. This cylinder is essential for operations such as lifting, lowering, and tilting the bucket, facilitating efficient material handling tasks in industries such [&hellip;]<\/p>","protected":false},"featured_media":17877,"comment_status":"open","ping_status":"closed","template":"","meta":{"_et_pb_use_builder":"","_et_pb_old_content":"","_et_gb_content_width":""},"product_brand":[],"product_cat":[1546],"product_tag":[1547,1496],"class_list":{"0":"post-19417","1":"product","2":"type-product","3":"status-publish","4":"has-post-thumbnail","6":"product_cat-boom-cylinders","7":"product_tag-boom-cylinders","8":"product_tag-hydraulic-cylinders","10":"first","11":"instock","12":"shipping-taxable","13":"product-type-simple"},"amp_enabled":true,"_links":{"self":[{"href":"https:\/\/www.hydraulic-cylinders.net\/lv\/wp-json\/wp\/v2\/product\/19417","targetHints":{"allow":["GET"]}}],"collection":[{"href":"https:\/\/www.hydraulic-cylinders.net\/lv\/wp-json\/wp\/v2\/product"}],"about":[{"href":"https:\/\/www.hydraulic-cylinders.net\/lv\/wp-json\/wp\/v2\/types\/product"}],"replies":[{"embeddable":true,"href":"https:\/\/www.hydraulic-cylinders.net\/lv\/wp-json\/wp\/v2\/comments?post=19417"}],"wp:featuredmedia":[{"embeddable":true,"href":"https:\/\/www.hydraulic-cylinders.net\/lv\/wp-json\/wp\/v2\/media\/17877"}],"wp:attachment":[{"href":"https:\/\/www.hydraulic-cylinders.net\/lv\/wp-json\/wp\/v2\/media?parent=19417"}],"wp:term":[{"taxonomy":"product_brand","embeddable":true,"href":"https:\/\/www.hydraulic-cylinders.net\/lv\/wp-json\/wp\/v2\/product_brand?post=19417"},{"taxonomy":"product_cat","embeddable":true,"href":"https:\/\/www.hydraulic-cylinders.net\/lv\/wp-json\/wp\/v2\/product_cat?post=19417"},{"taxonomy":"product_tag","embeddable":true,"href":"https:\/\/www.hydraulic-cylinders.net\/lv\/wp-json\/wp\/v2\/product_tag?post=19417"}],"curies":[{"name":"wp","href":"https:\/\/api.w.org\/{rel}","templated":true}]}}