{"id":19427,"date":"2025-04-07T06:34:11","date_gmt":"2025-04-07T06:34:11","guid":{"rendered":"https:\/\/www.hydraulic-cylinders.net\/product\/boom-cylinder-for-kubota-small-excavator-u-185-3\/"},"modified":"2025-04-07T06:34:14","modified_gmt":"2025-04-07T06:34:14","slug":"boom-cylinder-for-kubota-small-excavator-u-185-3","status":"publish","type":"product","link":"https:\/\/www.hydraulic-cylinders.net\/lv\/products\/boom-cylinder-for-kubota-small-excavator-u-185-3\/","title":{"rendered":"Kubota maz\u0101 ekskavatora U-185-3 str\u0113les cilindrs"},"content":{"rendered":"<h1>Kubota maz\u0101 ekskavatora U-185-3 str\u0113les cilindrs<\/h1>\n<h2>Produkta defin\u012bcija un p\u0101rskats<\/h2>\n<p>Kubota maz\u0101 ekskavatora U-185-3 str\u0113les cilindrs ir b\u016btiska smago ma\u0161\u012bnu hidraulisk\u0101s sist\u0113mas sast\u0101vda\u013ca. \u0160ie cilindri ir \u012bpa\u0161i izstr\u0101d\u0101ti, lai kontrol\u0113tu kausu kust\u012bbu da\u017e\u0101d\u0101s smagaj\u0101s iek\u0101rt\u0101s, piem\u0113ram, ekskavatoros, ekskavatoros un front\u0101lajos iekr\u0101v\u0113jos. Kausa cilindra galven\u0101 funkcija ir nodro\u0161in\u0101t kausa pacel\u0161anu, nolai\u0161anu un noliek\u0161anu, t\u0101d\u0113j\u0101di atvieglojot efekt\u012bvus materi\u0101lu apstr\u0101des uzdevumus. K\u0101 hidraulisk\u0101 cilindra veids, kausa cilindrs izmanto hidraulisko \u0161\u0137idrumu, lai rad\u012btu meh\u0101nisku sp\u0113ku, kas ir b\u016btisks sare\u017e\u0123\u012btu ma\u0161\u012bnu darb\u012bbai.<\/p>\n<p><img decoding=\"async\" src=\"https:\/\/www.hydraulic-cylinders.net\/wp-content\/uploads\/2025\/04\/songte-company-1.webp\" alt=\"Ekskavatoru str\u0113les cilindrs\"><\/p>\n<h2>Str\u0113les cilindra \u012bpa\u0161\u012bbas<\/h2>\n<ul>\n<li><strong>Augsta iztur\u012bba un ilgm\u016b\u017e\u012bba:<\/strong> \u0160ie cilindri ir izgatavoti no augstas stipr\u012bbas t\u0113rauda vai alum\u012bnija un var iztur\u0113t augstu spiedienu un lielas slodzes, padarot tos piem\u0113rotus skarbiem darba apst\u0101k\u013ciem. Tie ir izstr\u0101d\u0101ti, \u0146emot v\u0113r\u0101 nodilumiztur\u012bbu un korozijas iztur\u012bbu, pagarinot to kalpo\u0161anas laiku.<\/li>\n<li><strong>Efekt\u012bva hidraulisk\u0101 darb\u012bba:<\/strong> Cilindrs izmanto hidraulisk\u0101 \u0161\u0137idruma spiedienu, lai nodro\u0161in\u0101tu vienm\u0113r\u012bgu izstiep\u0161anu un ievilk\u0161anu, \u013caujot \u0101tri rea\u0123\u0113t uz vad\u012bbas komand\u0101m un nodro\u0161inot jaud\u012bgas stum\u0161anas un vilk\u0161anas sp\u0113jas, kas ir b\u016btiskas smagu priek\u0161metu apstr\u0101dei un sare\u017e\u0123\u012btu uzdevumu veik\u0161anai.<\/li>\n<li><strong>Da\u017e\u0101di veidi:<\/strong> Atkar\u012bb\u0101 no konkr\u0113taj\u0101m vajadz\u012bb\u0101m lietot\u0101ji var izv\u0113l\u0113ties starp vienas darb\u012bbas cilindriem (hidrauliska darb\u012bba vien\u0101 virzien\u0101) vai divk\u0101r\u0161as darb\u012bbas cilindriem (hidrauliska darb\u012bba divos virzienos). Da\u017eiem mode\u013ciem ir teleskopiska konstrukcija, kas \u013cauj pan\u0101kt liel\u0101ku pagarin\u0101jumu, nepalielinot \u0101r\u0113jos izm\u0113rus, kas ir ide\u0101li piem\u0113rots lietojumiem ar ierobe\u017eotu vietu.<\/li>\n<li><strong>Daudzpus\u012bgi pielietojumi:<\/strong> M\u016bsu cilindri ir piem\u0113roti da\u017e\u0101d\u0101m smagaj\u0101m ma\u0161\u012bn\u0101m un var lieliski aizst\u0101t eso\u0161os hidrauliskos cilindrus da\u017e\u0101dos mode\u013cos.<\/li>\n<li><strong>Inovat\u012bvs dizains:<\/strong> Koncentr\u0113joties uz efektivit\u0101tes uzlabo\u0161anu, m\u016bsu str\u0113les cilindri ir izstr\u0101d\u0101ti t\u0101, lai tos b\u016btu viegli integr\u0113t eso\u0161aj\u0101s sist\u0113m\u0101s, samazinot d\u012bkst\u0101ves laiku nomai\u0146as laik\u0101.<\/li>\n<\/ul>\n<p><img decoding=\"async\" src=\"https:\/\/www.hydraulic-cylinders.net\/wp-content\/uploads\/2025\/04\/songte-cylinder-head-with-all-kinds-excavator-models.webp\" alt=\"Cilindru sader\u012bba\"><\/p>\n<h2>Str\u0113les cilindra pielietojumi<\/h2>\n<h3>Celtniec\u012bbas apr\u012bkojums<\/h3>\n<p>Str\u0113les cilindrs parasti tiek izmantots ekskavatoros, kur tam ir iz\u0161\u0137iro\u0161a noz\u012bme zemes vai gru\u017eu rak\u0161an\u0101, iekrau\u0161an\u0101 un transport\u0113\u0161an\u0101. Ekskavatoros kausa cilindrs pal\u012bdz ne tikai rak\u0161anas, bet ar\u012b cel\u0161anas oper\u0101cij\u0101s. T\u0101 konstrukcija nodro\u0161ina izcilu kontroli un veiktsp\u0113ju, \u013caujot operatoriem efekt\u012bvi veikt prec\u012bzas kust\u012bbas.<\/p>\n<h3>Lauksaimniec\u012bbas tehnika<\/h3>\n<p>Front\u0101lajos iekr\u0101v\u0113jos str\u0113les cilindrs ir b\u016btisks augsnes, siena un citu materi\u0101lu sav\u0101k\u0161anai, cel\u0161anai un transport\u0113\u0161anai. Cilindra nodro\u0161in\u0101t\u0101 hidraulisk\u0101 jauda nodro\u0161ina netrauc\u0113tu darb\u012bbu, \u013caujot efekt\u012bvi apstr\u0101d\u0101t da\u017e\u0101dus beramkravu produktus, vienlaikus nodro\u0161inot minim\u0101lu operatora piep\u016bli.<\/p>\n<h3>Ekskavatori<\/h3>\n<p>Ekskavatoriem kausa cilindrs \u013cauj kausam efekt\u012bvi iek\u013c\u016bt augsn\u0113, atvieglojot dzi\u013cas rak\u0161anas darb\u012bbas. T\u0101 iztur\u012bg\u0101 konstrukcija nodro\u0161ina smago cel\u0161anu, kas nepiecie\u0161ama rak\u0161anas darbos, nodro\u0161inot uzticam\u012bbu un efektivit\u0101ti darba viet\u0101s.<\/p>\n<h3>Iekr\u0101v\u0113ji<\/h3>\n<p>Front\u0101lajos iekr\u0101v\u0113jos str\u0113les cilindrs ir \u013coti svar\u012bgs kravu cel\u0161anai un izg\u0101\u0161anai. T\u0101 hidraulisk\u0101s iesp\u0113jas nodro\u0161ina, ka smagus materi\u0101lus var viegli apstr\u0101d\u0101t, uzlabojot produktivit\u0101ti un samazinot operatoru fizisko slodzi.<\/p>\n<h2>Dizaina apsv\u0113rumi un atlases krit\u0113riji<\/h2>\n<h3>Kravnes\u012bba<\/h3>\n<p>Izv\u0113loties str\u0113les cilindru, kravnes\u012bba ir \u0101rk\u0101rt\u012bgi svar\u012bga. T\u0101 nosaka, cik lielu svaru cilindrs var efekt\u012bvi pacelt, nerisk\u0113jot saboj\u0101ties. Lai nodro\u0161in\u0101tu optim\u0101lu veiktsp\u0113ju, ir svar\u012bgi izprast j\u016bsu tehnikas \u012bpa\u0161\u0101s pras\u012bbas un apstr\u0101d\u0101jamo materi\u0101lu veidus. Cilindrs ar nepietiekamu kravnes\u012bbu var izrais\u012bt darb\u012bbas neefektivit\u0101ti un palielin\u0101tu nodilumu, k\u0101 rezult\u0101t\u0101 rodas d\u0101rgi remontdarbi un d\u012bkst\u0101ve.<\/p>\n<h3>Bl\u012bv\u0113\u0161anas meh\u0101nismi<\/h3>\n<p>Efekt\u012bva bl\u012bv\u0113\u0161ana ir \u013coti svar\u012bga hidraulisk\u0101 spiediena uztur\u0113\u0161anai un nopl\u016b\u017eu nov\u0113r\u0161anai. Augstas kvalit\u0101tes bl\u012bv\u0113jumi, piem\u0113ram, virzu\u013ca bl\u012bv\u0113jumi un stie\u0146a bl\u012bv\u0113jumi, ir nepiecie\u0161ami cilindra ilgm\u016b\u017e\u012bbai un funkcionalit\u0101tei. Izv\u0113loties bl\u012bv\u0113jumus, kas izgatavoti no iztur\u012bgiem materi\u0101liem, piem\u0113ram, poliuret\u0101na vai nitrila gumijas, var iev\u0113rojami uzlabot cilindra veiktsp\u0113ju un kalpo\u0161anas laiku, samazinot apkopes nepiecie\u0161am\u012bbu.<\/p>\n<h3>Iztur\u012bba<\/h3>\n<p>Iztur\u012bba ir galvenais faktors str\u0113les cilindru konstrukcij\u0101. Tiem j\u0101iztur skarbi darba apst\u0101k\u013ci, tostarp net\u012brumu, mitruma un ekstrem\u0101lu temperat\u016bru iedarb\u012bba. Labi izstr\u0101d\u0101tam cilindram ir funkcijas, kas uzlabo nodilumiztur\u012bbu un aizsardz\u012bbu pret koroziju, nodro\u0161inot uzticamu darb\u012bbu laika gait\u0101. Ra\u017eot\u0101jiem vajadz\u0113tu dot priek\u0161roku progres\u012bviem materi\u0101liem un konstrukcijas metod\u0113m, lai uzlabotu savu produktu kop\u0113jo iztur\u012bbu.<\/p>\n<h3>Dro\u0161\u012bbas funkcijas<\/h3>\n<p>Dro\u0161\u012bba ir kritiski svar\u012bgs apsv\u0113rums balonu konstrukcij\u0101. T\u0101das funkcijas k\u0101 spiediena samazin\u0101\u0161anas v\u0101rsti un iztur\u012bga konstrukcija ir b\u016btiskas, lai nov\u0113rstu katastrof\u0101las k\u013c\u016bmes. Operatoriem ir j\u0101b\u016bt p\u0101rliecin\u0101tiem, ka apr\u012bkojums darbosies, neapdraudot savu vai citu darba viet\u0101 eso\u0161o personu dro\u0161\u012bbu. Regul\u0101ra apkope un dro\u0161\u012bbas vadl\u012bniju iev\u0113ro\u0161ana v\u0113l vair\u0101k uzlabos ekspluat\u0101cijas dro\u0161\u012bbu.<\/p>\n<h3>Uzturam\u012bba<\/h3>\n<p>Izv\u0113loties str\u0113les cilindru, priorit\u0101tei j\u0101b\u016bt ar\u012b apkopes vienk\u0101r\u0161\u012bbai. Viegli pieejamas un nomain\u0101mas sast\u0101vda\u013cas ilgtermi\u0146\u0101 var ietaup\u012bt laiku un samazin\u0101t izmaksas. Regul\u0101ras apkopes grafika izveide var pal\u012bdz\u0113t identific\u0113t iesp\u0113jam\u0101s probl\u0113mas, pirms t\u0101s saasin\u0101s, nodro\u0161inot cilindra efekt\u012bvu darb\u012bbu vis\u0101 t\u0101 kalpo\u0161anas laik\u0101.<\/p>\n<p><img decoding=\"async\" src=\"https:\/\/www.hydraulic-cylinders.net\/wp-content\/uploads\/2025\/04\/songte-oil-pipes-and-spare-parts.webp\" alt=\"Hidraulisk\u0101s sast\u0101vda\u013cas\"><\/p>\n<h2>Bl\u012bv\u0113\u0161ana un e\u013c\u013co\u0161ana<\/h2>\n<p>Bl\u012bv\u0113\u0161ana un e\u013c\u013co\u0161ana ir svar\u012bgi hidraulisko cilindru funkcionalit\u0101tes uztur\u0113\u0161anas aspekti. Da\u017e\u0101du bl\u012bv\u0113\u0161anas komponentu, piem\u0113ram, virzu\u013ca bl\u012bv\u0113jumu un stie\u0146a bl\u012bv\u0113jumu, izmanto\u0161ana ir b\u016btiska, lai nov\u0113rstu hidraulisk\u0101 \u0161\u0137idruma nopl\u016bdes. \u0160ie bl\u012bv\u0113jumi bie\u017ei tiek izgatavoti no t\u0101diem materi\u0101liem k\u0101 poliuret\u0101ns un nitrilgumija, kas paz\u012bstami ar savu nodilumiztur\u012bbu. Turkl\u0101t cilindra korpuss un v\u012bt\u0146ot\u0101s gala virsmas tiek r\u016bp\u012bgi apstr\u0101d\u0101tas, lai uzlabotu nodilumiztur\u012bbu, t\u0101d\u0113j\u0101di veicinot cilindra kop\u0113jo iztur\u012bbu.<\/p>\n<p>Regul\u0101ra e\u013c\u013co\u0161ana ir \u013coti svar\u012bga, lai uztur\u0113tu hidraulisko sist\u0113mu nevainojamu darb\u012bbu. Operatoriem j\u0101nodro\u0161ina, ka periodiski tiek pievienots pietiekams daudzums hidraulisk\u0101s e\u013c\u013cas, lai e\u013c\u013cotu kust\u012bg\u0101s da\u013cas, nov\u0113r\u0161ot nodilumu un p\u0101rkar\u0161anu. Labi iee\u013c\u013cots cilindrs ne tikai darbosies lab\u0101k, bet ar\u012b kalpos ilg\u0101k, samazinot remonta bie\u017eumu.<\/p>\n<h2>Regul\u0101ras p\u0101rbaudes un prevent\u012bv\u0101s apkopes pas\u0101kumi<\/h2>\n<ul>\n<li><strong>Regul\u0101ras p\u0101rbaudes:<\/strong> Veiciet regul\u0101ras hidraulisk\u0101 cilindra p\u0101rbaudes, lai noteiktu jebk\u0101das nodiluma, nopl\u016b\u017eu vai boj\u0101jumu paz\u012bmes. Agr\u012bna atkl\u0101\u0161ana var nov\u0113rst nopietnus boj\u0101jumus un d\u0101rgus remontdarbus.<\/li>\n<li><strong>Pareiza e\u013c\u013co\u0161ana:<\/strong> P\u0101rliecinieties, ka hidraulisk\u0101s e\u013c\u013cas l\u012bmenis ir atbilsto\u0161s un t\u0101 nesatur piemais\u012bjumus. Atbilsto\u0161a e\u013c\u013co\u0161ana samazina berzi un nodilumu, t\u0101d\u0113j\u0101di pagarinot cilindra kalpo\u0161anas laiku.<\/li>\n<li><strong>Bl\u012bv\u0113juma nomai\u0146a:<\/strong> Regul\u0101ri uzraugiet bl\u012bv\u0113jumu st\u0101vokli un nomainiet tos p\u0113c nepiecie\u0161am\u012bbas. Nolietoti bl\u012bv\u0113jumi var izrais\u012bt \u0161\u0137idruma nopl\u016bdi un samazin\u0101t efektivit\u0101ti.<\/li>\n<\/ul>\n<h2>Uzst\u0101d\u012b\u0161anas vadl\u012bnijas<\/h2>\n<p>Pareiza str\u0113les cilindra uzst\u0101d\u012b\u0161ana ir \u013coti svar\u012bga, lai nodro\u0161in\u0101tu optim\u0101lu veiktsp\u0113ju. S\u0101ciet ar mont\u0101\u017eas zonas t\u012br\u012b\u0161anu, lai no\u0146emtu visus gru\u017eus, kas var\u0113tu trauc\u0113t izl\u012bdzin\u0101\u0161anu. Pareizi izl\u012bdziniet cilindru ar ma\u0161\u012bnas stiprin\u0101juma punktiem un izmantojiet atbilsto\u0161us stiprin\u0101juma kron\u0161teinus, lai nostiprin\u0101tu cilindru viet\u0101. \u0160\u012b izl\u012bdzin\u0101\u0161ana ir \u013coti svar\u012bga, lai nov\u0113rstu p\u0101rm\u0113r\u012bgu slodzi uz cilindru darb\u012bbas laik\u0101.<\/p>\n<p>Iev\u0113rojiet ra\u017eot\u0101ja nor\u0101d\u012bjumus attiec\u012bb\u0101 uz skr\u016bvju griezes momenta iestat\u012bjumiem un p\u0101rliecinieties, vai t\u0101s ir atbilsto\u0161i pievilktas. P\u0113c uzst\u0101d\u012b\u0161anas ir svar\u012bgi ar\u012b p\u0101rbaud\u012bt hidraulisko savienojumu nopl\u016bdes. P\u0113c uzst\u0101d\u012b\u0161anas darbiniet meh\u0101nismu ar zemu spiedienu, lai p\u0101rliecin\u0101tos, ka viss darbojas pareizi, pirms p\u0101riet uz pilnu darb\u012bbas l\u012bmeni.<\/p>\n<h2>Apkopes uzdevumi<\/h2>\n<ul>\n<li><strong>Regul\u0101ras p\u0101rbaudes:<\/strong> Regul\u0101ra hidraulisk\u0101 cilindra p\u0101rbaude ir b\u016btiska, lai laikus paman\u012btu jebk\u0101das nodiluma vai boj\u0101jumu paz\u012bmes. \u0160o p\u0101rbau\u017eu grafika ievie\u0161ana pal\u012bdz uztur\u0113t iek\u0101rtu uzticam\u012bbu.<\/li>\n<li><strong>Pareiza e\u013c\u013co\u0161ana:<\/strong> P\u0101rliecinieties, ka hidraulisk\u0101s e\u013c\u013cas l\u012bmenis vienm\u0113r ir pareizais, un nomainiet to saska\u0146\u0101 ar ra\u017eot\u0101ja ieteikumiem. \u0160\u012b prakse samazina berzi, uzlabo veiktsp\u0113ju un pagarina cilindra kalpo\u0161anas laiku.<\/li>\n<li><strong>Bl\u012bv\u0113juma nomai\u0146as un kalibr\u0113\u0161anas p\u0101rbaudes:<\/strong> Regul\u0101ri p\u0101rbaudiet bl\u012bv\u0113jumu nodilumu un nomainiet tos p\u0113c nepiecie\u0161am\u012bbas, lai nov\u0113rstu nopl\u016bdes. Kalibr\u0113\u0161anas p\u0101rbaudes nodro\u0161ina, ka cilindrs darbojas saska\u0146\u0101 ar ra\u017eot\u0101ja specifik\u0101cij\u0101m, uzlabojot efektivit\u0101ti un dro\u0161\u012bbu.<\/li>\n<\/ul>\n<p>Uzst\u0101d\u012b\u0161anas laik\u0101 p\u0101rliecinieties, vai cilindrs ir pareizi izl\u012bdzin\u0101ts, lai izvair\u012btos no jebk\u0101d\u0101m nepareizas izl\u012bdzin\u0101\u0161anas probl\u0113m\u0101m, kas var\u0113tu izrais\u012bt darb\u012bbas trauc\u0113jumus. Atbilsto\u0161u mont\u0101\u017eas kron\u0161teinu izmanto\u0161ana ir \u013coti svar\u012bga cilindra nostiprin\u0101\u0161anai, un regul\u0101ras hidraulisko savienojumu p\u0101rbaudes var nov\u0113rst nopl\u016bdes. Izpratne par rezerves da\u013c\u0101m un apkopes pl\u0101na ievie\u0161ana var iev\u0113rojami pagarin\u0101t str\u0113les cilindra kalpo\u0161anas laiku.<\/p>\n<p><img decoding=\"async\" src=\"https:\/\/www.hydraulic-cylinders.net\/wp-content\/uploads\/2025\/04\/songte-chushion-collar.webp\" alt=\"Spilvenu apkakle\"><\/p>\n<h2>Dro\u0161\u012bbas apsv\u0113rumi un vides faktori<\/h2>\n<p>Dro\u0161\u012bbas pas\u0101kumu iek\u013cau\u0161ana str\u0113les cilindru lieto\u0161anas laik\u0101 ir \u0101rk\u0101rt\u012bgi svar\u012bga. Operatoriem j\u0101b\u016bt apm\u0101c\u012btiem dro\u0161\u0101s ekspluat\u0101cijas proced\u016br\u0101s un j\u0101nodro\u0161ina, ka visas cilindra dro\u0161\u012bbas funkcijas darbojas. \u0160\u012b apm\u0101c\u012bba nodro\u0161ina, ka darbinieki ir inform\u0113ti par iesp\u0113jamiem apdraud\u0113jumiem un to, k\u0101 tos efekt\u012bvi mazin\u0101t. Svar\u012bga loma ir ar\u012b vides faktoriem, jo \u200b\u200bdarb\u012bba nelabv\u0113l\u012bgos laika apst\u0101k\u013cos var ietekm\u0113t hidraulisko sist\u0113mu veiktsp\u0113ju un ilgm\u016b\u017e\u012bbu. J\u0101veic atbilsto\u0161i piesardz\u012bbas pas\u0101kumi, lai aizsarg\u0101tu apr\u012bkojumu no ekstrem\u0101liem apst\u0101k\u013ciem un nodro\u0161in\u0101tu uzticamu darb\u012bbu.<\/p>\n<h2>K\u013c\u016bmju diagnostika un bie\u017e\u0101k sastopam\u0101s probl\u0113mas<\/h2>\n<ul>\n<li><strong>Nopl\u016bde:<\/strong> Viena no visbie\u017e\u0101k sastopamaj\u0101m probl\u0113m\u0101m ir \u0161\u0137idruma nopl\u016bde, kuras c\u0113lonis bie\u017ei vien var b\u016bt nolietoju\u0161ies bl\u012bv\u0113jumi vai nepareiza uzst\u0101d\u012b\u0161ana. Regul\u0101ras p\u0101rbaudes var pal\u012bdz\u0113t savlaic\u012bgi atkl\u0101t nopl\u016bdes.<\/li>\n<li><strong>Slikta veiktsp\u0113ja:<\/strong> Ja cilindrs nedarbojas, k\u0101 paredz\u0113ts, tas var b\u016bt saist\u012bts ar nepietiekamu hidraulisk\u0101 \u0161\u0137idruma daudzumu vai sist\u0113m\u0101 iesprostotu gaisu. \u0160\u012bs probl\u0113mas nekav\u0113joties j\u0101risina, lai atjaunotu funkcionalit\u0101ti.<\/li>\n<li><strong>P\u0101rkar\u0161ana:<\/strong> P\u0101rm\u0113r\u012bgs karstums var izrais\u012bt hidraulisk\u0101 \u0161\u0137idruma sadal\u012b\u0161anos, kas savuk\u0101rt var izrais\u012bt sist\u0113mas boj\u0101jumus. Lai nov\u0113rstu p\u0101rkar\u0161anu, p\u0101rliecinieties, vai hidraulisk\u0101 e\u013c\u013ca tiek main\u012bta saska\u0146\u0101 ar ra\u017eot\u0101ja ieteikumiem.<\/li>\n<\/ul>\n<h2>Probl\u0113mu nov\u0113r\u0161anas padomi<\/h2>\n<p>Lai efekt\u012bvi nov\u0113rstu probl\u0113mas ar str\u0113les cilindru, vispirms p\u0101rbaudiet, vai nav redzamu nopl\u016b\u017eu, un p\u0101rliecinieties, ka visi bl\u012bv\u0113jumi ir neskarti. Ja veiktsp\u0113ja ir nepietiekama, p\u0101rbaudiet hidraulisk\u0101 \u0161\u0137idruma l\u012bmeni un p\u0101rbaudiet, vai sist\u0113m\u0101 nav gaisa burbu\u013cu, kas var rad\u012bt nepiecie\u0161am\u012bbu atgaisot sist\u0113mu. Turkl\u0101t uzraugiet darba temperat\u016bru; ja cilindrs p\u0101rkarst, p\u0101rbaudiet, vai nav iesp\u0113jamu aizsprostojumu vai pies\u0101r\u0146otas hidraulisk\u0101s e\u013c\u013cas. Prevent\u012bvajiem pas\u0101kumiem j\u0101ietver regul\u0101ras apkopes grafiki un ekspluat\u0101cijas vadl\u012bniju iev\u0113ro\u0161ana, lai samazin\u0101tu iesp\u0113jam\u0101s probl\u0113mas.<\/p>\n<p><img decoding=\"async\" src=\"https:\/\/www.hydraulic-cylinders.net\/wp-content\/uploads\/2025\/04\/songte-bushings-with-all-kinds-of-excavator-models.webp\" alt=\"Ekskavatora bukses\"><\/p>\n<h2>Par m\u016bsu uz\u0146\u0113mumu<\/h2>\n<p>M\u0113s esam vado\u0161ais rezerves hidraulisko cilindru ra\u017eot\u0101js, kas pied\u0101v\u0101 pla\u0161u produktu kl\u0101stu. M\u016bsu ap\u0146em\u0161an\u0101s sasniegt izcil\u012bbu ir nost\u0101d\u012bjusi m\u016bs starp vado\u0161ajiem hidraulisko cilindru ra\u017eot\u0101jiem un vairumtirgot\u0101jiem gan viet\u0113j\u0101, gan starptautiskaj\u0101 tirg\u016b. M\u0113s iev\u0113rojam ra\u017eo\u0161anas vad\u012bbas strat\u0113\u0123iju, kas v\u0113rsta uz kvalit\u0101ti, ko atbalsta uzlabota ra\u017eo\u0161anas darbn\u012bca.<\/p>\n<p>M\u016bsu uz\u0146\u0113mums iegulda tehniskajos talantos, augstas klases digit\u0101laj\u0101s ra\u017eo\u0161anas iek\u0101rt\u0101s un profesion\u0101l\u0101s test\u0113\u0161anas sist\u0113m\u0101s. \u0160\u012b nep\u0101rtraukt\u0101 uzlabo\u0161ana uzlabo m\u016bsu ra\u017eo\u0161anas iesp\u0113jas, \u013caujot mums apmierin\u0101t da\u017e\u0101das klientu vajadz\u012bbas ar augstu efektivit\u0101ti, precizit\u0101ti un kvalit\u0101ti.<\/p>\n<p>M\u0113s pied\u0101v\u0101jam ar\u012b piel\u0101gotus pakalpojumus, kas piel\u0101goti konkr\u0113t\u0101m pras\u012bb\u0101m, nodro\u0161inot, ka m\u016bsu klienti sa\u0146em lab\u0101kos risin\u0101jumus sav\u0101m hidrauliskaj\u0101m vajadz\u012bb\u0101m. M\u016bsu ra\u017eo\u0161anas iek\u0101rtas ir modern\u0101k\u0101s, kas \u013cauj mums uztur\u0113t augstus standartus vis\u0101 ra\u017eo\u0161anas proces\u0101. M\u0113s lepojamies ar savu izcilo p\u0113cp\u0101rdo\u0161anas apkalpo\u0161anu, kas nodro\u0161ina, ka m\u016bsu klienti sa\u0146em atbalstu ar\u012b ilgi p\u0113c pirkuma veik\u0161anas.<\/p>\n<p><img decoding=\"async\" src=\"https:\/\/www.hydraulic-cylinders.net\/wp-content\/uploads\/2025\/04\/songte-company-4.webp\" alt=\"Uz\u0146\u0113muma p\u0101rskats\"><\/p>\n<p><img decoding=\"async\" src=\"https:\/\/www.hydraulic-cylinders.net\/wp-content\/uploads\/2025\/04\/songte-company-3.webp\" alt=\"Ra\u017eo\u0161anas iek\u0101rta\"><\/p>\n<p>Autors: lil<\/p>","protected":false},"excerpt":{"rendered":"<p>Boom Cylinder For Kubota Small Excavator U-185-3 Product Definition and Overview The Boom Cylinder for Kubota Small Excavator U-185-3 is a vital component in the hydraulic system of heavy machinery. These cylinders are specifically designed to control the movement of buckets in various heavy equipment, such as excavators, backhoes, and front loaders. The primary function [&hellip;]<\/p>","protected":false},"featured_media":17872,"comment_status":"open","ping_status":"closed","template":"","meta":{"_et_pb_use_builder":"","_et_pb_old_content":"","_et_gb_content_width":""},"product_brand":[],"product_cat":[1546],"product_tag":[1547,1496],"class_list":{"0":"post-19427","1":"product","2":"type-product","3":"status-publish","4":"has-post-thumbnail","6":"product_cat-boom-cylinders","7":"product_tag-boom-cylinders","8":"product_tag-hydraulic-cylinders","10":"first","11":"instock","12":"shipping-taxable","13":"product-type-simple"},"amp_enabled":true,"_links":{"self":[{"href":"https:\/\/www.hydraulic-cylinders.net\/lv\/wp-json\/wp\/v2\/product\/19427","targetHints":{"allow":["GET"]}}],"collection":[{"href":"https:\/\/www.hydraulic-cylinders.net\/lv\/wp-json\/wp\/v2\/product"}],"about":[{"href":"https:\/\/www.hydraulic-cylinders.net\/lv\/wp-json\/wp\/v2\/types\/product"}],"replies":[{"embeddable":true,"href":"https:\/\/www.hydraulic-cylinders.net\/lv\/wp-json\/wp\/v2\/comments?post=19427"}],"wp:featuredmedia":[{"embeddable":true,"href":"https:\/\/www.hydraulic-cylinders.net\/lv\/wp-json\/wp\/v2\/media\/17872"}],"wp:attachment":[{"href":"https:\/\/www.hydraulic-cylinders.net\/lv\/wp-json\/wp\/v2\/media?parent=19427"}],"wp:term":[{"taxonomy":"product_brand","embeddable":true,"href":"https:\/\/www.hydraulic-cylinders.net\/lv\/wp-json\/wp\/v2\/product_brand?post=19427"},{"taxonomy":"product_cat","embeddable":true,"href":"https:\/\/www.hydraulic-cylinders.net\/lv\/wp-json\/wp\/v2\/product_cat?post=19427"},{"taxonomy":"product_tag","embeddable":true,"href":"https:\/\/www.hydraulic-cylinders.net\/lv\/wp-json\/wp\/v2\/product_tag?post=19427"}],"curies":[{"name":"wp","href":"https:\/\/api.w.org\/{rel}","templated":true}]}}