{"id":19430,"date":"2025-04-07T06:34:20","date_gmt":"2025-04-07T06:34:20","guid":{"rendered":"https:\/\/www.hydraulic-cylinders.net\/product\/boom-cylinder-for-takeuchi-small-excavator-tb153fr\/"},"modified":"2025-04-07T06:34:22","modified_gmt":"2025-04-07T06:34:22","slug":"boom-cylinder-for-takeuchi-small-excavator-tb153fr","status":"publish","type":"product","link":"https:\/\/www.hydraulic-cylinders.net\/lv\/products\/boom-cylinder-for-takeuchi-small-excavator-tb153fr\/","title":{"rendered":"Str\u0113les cilindrs Takeuchi mazajam ekskavatoram TB153FR"},"content":{"rendered":"<h1>Str\u0113les cilindrs Takeuchi mazajam ekskavatoram TB153FR<\/h1>\n<h2>Ievads kausu cilindros<\/h2>\n<p>Kausa cilindrs, kas paz\u012bstams ar\u012b k\u0101 str\u0113les cilindrs, ir b\u016btiska hidraulisko sist\u0113mu sast\u0101vda\u013ca, ko izmanto da\u017e\u0101d\u0101s smagaj\u0101s ma\u0161\u012bn\u0101s, tostarp ekskavatoros, univers\u0101lajos iekr\u0101v\u0113jos un front\u0101lajos iekr\u0101v\u0113jos. T\u0101 galven\u0101 funkcija ir kontrol\u0113t kausa kust\u012bbu, \u013caujot tam pacelt, nolaist un sasv\u0113rt. \u0160\u012b sp\u0113ja ir b\u016btiska efekt\u012bviem materi\u0101lu apstr\u0101des uzdevumiem b\u016bvniec\u012bb\u0101 un lauksaimniec\u012bb\u0101.<\/p>\n<p>Kausa cilindrs darbojas, izmantojot hidraulisko e\u013c\u013cu zem spiediena, nodro\u0161inot vienm\u0113r\u012bgu un kontrol\u0113tu kust\u012bbu. \u0160\u012b konstrukcija pied\u0101v\u0101 iev\u0113rojamas priek\u0161roc\u012bbas efektivit\u0101tes zi\u0146\u0101, \u013caujot operatoriem viegli veikt sare\u017e\u0123\u012btus uzdevumus. Sp\u0113ja prec\u012bzi manipul\u0113t ar kausa poz\u012bciju ir \u013coti svar\u012bga rak\u0161anai, iekrau\u0161anai un materi\u0101lu transport\u0113\u0161anai, padarot kausa cilindru par neaizst\u0101jamu m\u016bsdienu smag\u0101s tehnikas sast\u0101vda\u013cu.<\/p>\n<p><img decoding=\"async\" src=\"https:\/\/www.hydraulic-cylinders.net\/wp-content\/uploads\/2025\/04\/songte-company-1.webp\" alt=\"Str\u0113les cilindra att\u0113ls\" \/><\/p>\n<h2>Str\u0113les cilindra galven\u0101s iez\u012bmes<\/h2>\n<ul>\n<li><strong>Augsta iztur\u012bba un ilgm\u016b\u017e\u012bba:<\/strong> \u0160ie cilindri, kas parasti ir izgatavoti no augstas stipr\u012bbas t\u0113rauda vai alum\u012bnija, iztur augstu spiedienu un lielas slodzes. Tie ir paredz\u0113ti, lai iztur\u0113tu skarbus darba apst\u0101k\u013cus, un tiem ir nodilumiztur\u012bgas un korozijiztur\u012bgas \u012bpa\u0161\u012bbas, kas pagarina to kalpo\u0161anas laiku.<\/li>\n<li><strong>Efekt\u012bva hidraulisk\u0101 darb\u012bba:<\/strong> Str\u0113les cilindrs izmanto hidraulisk\u0101s e\u013c\u013cas spiedienu vienm\u0113r\u012bgai izstiep\u0161anai un ievilk\u0161anai, nodro\u0161inot \u0101tru reakciju uz operatora komand\u0101m un radot sp\u0113c\u012bgus stum\u0161anas un vilk\u0161anas sp\u0113kus, padarot to ide\u0101li piem\u0113rotu smagu un sare\u017e\u0123\u012btu uzdevumu veik\u0161anai.<\/li>\n<li><strong>Da\u017e\u0101di veidi:<\/strong> Atkar\u012bb\u0101 no ekspluat\u0101cijas vajadz\u012bb\u0101m lietot\u0101ji var izv\u0113l\u0113ties starp vienk\u0101r\u0161as darb\u012bbas (darbojas vien\u0101 virzien\u0101) un divk\u0101r\u0161as darb\u012bbas (darbojas abos virzienos) cilindriem. Da\u017ei mode\u013ci ir teleskopiski, kas \u013cauj tos pagarin\u0101t, nepalielinot \u0101r\u0113jos izm\u0113rus, un ir piem\u0113roti ierobe\u017eot\u0101m lietojumprogramm\u0101m.<\/li>\n<li><strong>Sader\u012bba:<\/strong> M\u016bsu produkti var lieliski aizst\u0101t da\u017e\u0101dus hidrauliskos cilindrus, nodro\u0161inot neman\u0101mu integr\u0101ciju un veiktsp\u0113ju eso\u0161aj\u0101s iek\u0101rtu konfigur\u0101cij\u0101s.<\/li>\n<li><strong>Piel\u0101gojamas opcijas:<\/strong> M\u0113s pied\u0101v\u0101jam piel\u0101gotus risin\u0101jumus, lai apmierin\u0101tu \u012bpa\u0161as lietot\u0101ju pras\u012bbas, nodro\u0161inot, ka katrs str\u0113les cilindrs atbilst j\u016bsu tehnikas ekspluat\u0101cijas vajadz\u012bb\u0101m.<\/li>\n<\/ul>\n<p><img decoding=\"async\" src=\"https:\/\/www.hydraulic-cylinders.net\/wp-content\/uploads\/2025\/04\/songte-cylinder-head-with-all-kinds-excavator-models.webp\" alt=\"Ekskavatoru mode\u013ci\" \/><\/p>\n<h2>Str\u0113les cilindra pielietojumi<\/h2>\n<h3>Celtniec\u012bbas apr\u012bkojums<\/h3>\n<p>Ekskavatoros str\u0113les cilindriem ir iz\u0161\u0137iro\u0161a noz\u012bme augsnes vai gru\u017eu rak\u0161an\u0101, iekrau\u0161an\u0101 un transport\u0113\u0161an\u0101. To konstrukcija \u013cauj veikt dinamiskas kust\u012bbas, kas uzlabo produktivit\u0101ti b\u016bvlaukumos. Ekskavatoriem kausa cilindrs pal\u012bdz gan rak\u0161anas, gan cel\u0161anas oper\u0101cij\u0101s, padarot to par b\u016btisku sast\u0101vda\u013cu efekt\u012bv\u0101 materi\u0101lu p\u0101rvald\u012bb\u0101.<\/p>\n<h3>Lauksaimniec\u012bbas tehnika<\/h3>\n<p>Front\u0101lajos iekr\u0101v\u0113jos kausa cilindrs ir atbild\u012bgs par augsnes, siena un citu materi\u0101lu sav\u0101k\u0161anu, cel\u0161anu un transport\u0113\u0161anu. T\u0101 uzticam\u012bba nodro\u0161ina lauksaimniec\u012bbas darbu efekt\u012bvu veik\u0161anu, t\u0101d\u0113j\u0101di palielinot produktivit\u0101ti saimniec\u012bb\u0101s un lauksaimniec\u012bbas objektos.<\/p>\n<h3>Ekskavatori<\/h3>\n<p>Kausa cilindrs nodro\u0161ina rak\u0161anas darbus, \u013caujot kausam efekt\u012bvi iek\u013c\u016bt zem\u0113. \u0160\u012b sp\u0113ja ir b\u016btiska da\u017e\u0101d\u0101m rak\u0161anas oper\u0101cij\u0101m, pied\u0101v\u0101jot precizit\u0101ti un jaudu vien\u0101 kompakt\u0101 konstrukcij\u0101, padarot to ide\u0101li piem\u0113rotu da\u017e\u0101diem augsnes apst\u0101k\u013ciem.<\/p>\n<h3>Iekr\u0101v\u0113ji<\/h3>\n<p>Front\u0101lajos iekr\u0101v\u0113jos str\u0113les cilindrs pal\u012bdz efekt\u012bvi pacelt un izg\u0101zt kravas. T\u0101 iztur\u012bg\u0101 konstrukcija un uzticam\u0101 veiktsp\u0113ja \u013cauj operatoriem p\u0101rliecino\u0161i r\u012bkoties ar smagiem materi\u0101liem, nodro\u0161inot, ka uzdevumi tiek paveikti \u0101tri un dro\u0161i.<\/p>\n<h2>Dizaina apsv\u0113rumi un atlases krit\u0113riji<\/h2>\n<h3>Kravnes\u012bba<\/h3>\n<p>Str\u0113les cilindra kravnes\u012bba ir viens no svar\u012bg\u0101kajiem faktoriem, kas j\u0101\u0146em v\u0113r\u0101. Tam j\u0101sp\u0113j iztur\u0113t pace\u013camo materi\u0101lu \u012bpatn\u0113jo svaru, neapdraudot dro\u0161\u012bbu vai veiktsp\u0113ju. Projekt\u0113t\u0101jiem j\u0101apr\u0113\u0137ina maksim\u0101l\u0101 slodze un j\u0101nodro\u0161ina, lai cilindra specifik\u0101cijas p\u0101rsniegtu \u0161\u012bs pras\u012bbas, lai nov\u0113rstu boj\u0101jumus darb\u012bbas laik\u0101.<\/p>\n<h3>Bl\u012bv\u0113\u0161ana<\/h3>\n<p>Efekt\u012bva bl\u012bv\u0113\u0161ana ir vit\u0101li svar\u012bga hidraulisk\u0101 spiediena uztur\u0113\u0161anai un nopl\u016b\u017eu nov\u0113r\u0161anai. Bl\u012bv\u0113jumu, piem\u0113ram, virzu\u013ca bl\u012bv\u0113jumu un stie\u0146a bl\u012bv\u0113jumu, izv\u0113le j\u0101veic r\u016bp\u012bgi, \u0146emot v\u0113r\u0101 darba vidi un \u0161\u0137idrumu sader\u012bbu. Augstas kvalit\u0101tes bl\u012bv\u0113jumi var iev\u0113rojami uzlabot hidraulisk\u0101s sist\u0113mas ilgm\u016b\u017e\u012bbu un efektivit\u0101ti, samazinot apkopes nepiecie\u0161am\u012bbu.<\/p>\n<h3>Iztur\u012bba<\/h3>\n<p>Iztur\u012bba ir kritiski svar\u012bga str\u0113les cilindru konstrukcij\u0101, kas bie\u017ei tiek pak\u013cauti skarbiem apst\u0101k\u013ciem. T\u0101di faktori k\u0101 materi\u0101lu izv\u0113le, virsmas apstr\u0101de un konstrukcijas \u0123eometrija ietekm\u0113 cilindra kop\u0113jo kalpo\u0161anas laiku. Invest\u012bcijas augstas kvalit\u0101tes materi\u0101los un ra\u017eo\u0161anas procesos nodro\u0161ina, ka cilindrs laika gait\u0101 iztur\u0113s nodilumu.<\/p>\n<h3>Dro\u0161\u012bba<\/h3>\n<p>Dro\u0161\u012bbas funkcijas j\u0101iek\u013cauj projekt\u0113\u0161an\u0101, lai aizsarg\u0101tu operatorus un iek\u0101rtas. Tas ietver p\u0101rslodzes aizsardz\u012bbas sist\u0113mu un spiediena samazin\u0101\u0161anas v\u0101rstu iek\u013cau\u0161anu, lai nov\u0113rstu katastrof\u0101las k\u013c\u016bmes. Visaptvero\u0161i dro\u0161\u012bbas nov\u0113rt\u0113jumi projekt\u0113\u0161anas posm\u0101 var samazin\u0101t ar hidraulisko darb\u012bbu saist\u012btos riskus.<\/p>\n<h3>Apkope<\/h3>\n<p>Veidojot str\u0113les cilindrus, projekt\u0113t\u0101jiem j\u0101\u0146em v\u0113r\u0101 apkopes vienk\u0101r\u0161\u012bba. Komponentiem j\u0101b\u016bt pieejamiem p\u0101rbaud\u0113m, remontam vai nomai\u0146ai, nodro\u0161inot, ka regul\u0101rus apkopes uzdevumus var veikt efekt\u012bvi. Labi projekt\u0113ts cilindrs samazina d\u012bkst\u0101ves laiku un palielina tehnikas kop\u0113jo produktivit\u0101ti.<\/p>\n<p><img decoding=\"async\" src=\"https:\/\/www.hydraulic-cylinders.net\/wp-content\/uploads\/2025\/04\/songte-oil-pipes-and-spare-parts.webp\" alt=\"Hidraulisk\u0101s da\u013cas\" \/><\/p>\n<h2>Bl\u012bv\u0113\u0161ana un e\u013c\u013co\u0161ana<\/h2>\n<p>Efekt\u012bva bl\u012bv\u0113\u0161ana un e\u013c\u013co\u0161ana ir \u013coti svar\u012bga str\u0113les cilindru optim\u0101lai darb\u012bbai. Da\u017e\u0101di bl\u012bv\u0113jumi, piem\u0113ram, virzu\u013ca bl\u012bvsl\u0113gi \u200b\u200bun stie\u0146a bl\u012bvsl\u0113gi, j\u0101izv\u0113las, pamatojoties uz to iztur\u012bbu un sader\u012bbu ar hidrauliskajiem \u0161\u0137idrumiem. Materi\u0101li, piem\u0113ram, poliuret\u0101ns un nitrilgumija, parasti tiek izmantoti to iztur\u012bbas pret nodilumu un \u0137\u012bmisk\u0101m viel\u0101m d\u0113\u013c.<\/p>\n<p>Turkl\u0101t cilindra korpuss un v\u012bt\u0146ot\u0101s gala virsmas ir prec\u012bzi j\u0101apstr\u0101d\u0101, lai uzlabotu nodilumiztur\u012bbu. Regul\u0101ra e\u013c\u013co\u0161ana ar hidraulisko e\u013c\u013cu ir b\u016btiska, lai nodro\u0161in\u0101tu vienm\u0113r\u012bgu darb\u012bbu un nov\u0113rstu berzi, kas var izrais\u012bt priek\u0161laic\u012bgu deta\u013cu nodilumu un boj\u0101jumus.<\/p>\n<h2>Prevent\u012bvie apkopes pas\u0101kumi<\/h2>\n<ul>\n<li><strong>Regul\u0101ras p\u0101rbaudes:<\/strong> Regul\u0101ras str\u0113les cilindra p\u0101rbaudes ir b\u016btiskas, lai noteiktu jebk\u0101das nodiluma, nopl\u016bdes vai boj\u0101jumu paz\u012bmes. Operatoriem j\u0101p\u0101rbauda, \u200b\u200bvai nav redzamu bl\u012bv\u0113jumu un cilindra korpusa nodiluma paz\u012bmju, p\u0101rliecinoties, ka visas sast\u0101vda\u013cas ir neskartas un darbojas pareizi.<\/li>\n<li><strong>Pareiza e\u013c\u013co\u0161ana:<\/strong> Atbilsto\u0161a e\u013c\u013co\u0161anas l\u012bme\u0146a uztur\u0113\u0161ana ir \u013coti svar\u012bga hidraulisk\u0101s sist\u0113mas efektivit\u0101tei. Operatoriem j\u0101iev\u0113ro ra\u017eot\u0101ja vadl\u012bnijas par e\u013c\u013cas tipu un e\u013c\u013co\u0161anas interv\u0101liem, lai nodro\u0161in\u0101tu optim\u0101lu veiktsp\u0113ju.<\/li>\n<li><strong>Bl\u012bv\u0113juma nomai\u0146a:<\/strong> Laika gait\u0101 bl\u012bves var nolietoties un t\u0101s var b\u016bt j\u0101nomaina, lai uztur\u0113tu hidraulisko spiedienu. Proakt\u012bva pieeja bl\u012bvju nomai\u0146ai var nov\u0113rst liel\u0101ku probl\u0113mu ra\u0161anos, pagarinot str\u0113les cilindra kop\u0113jo kalpo\u0161anas laiku.<\/li>\n<\/ul>\n<h2>Uzst\u0101d\u012b\u0161anas vadl\u012bnijas<\/h2>\n<p>Pareiza str\u0113les cilindra uzst\u0101d\u012b\u0161ana ir \u013coti svar\u012bga, lai nodro\u0161in\u0101tu optim\u0101lu veiktsp\u0113ju. \u0160eit ir nor\u0101d\u012btas darb\u012bbas, kas j\u0101veic:<\/p>\n<ol>\n<li><strong>Izl\u012bdzin\u0101\u0161ana:<\/strong> P\u0101rliecinieties, vai cilindrs ir pareizi izl\u012bdzin\u0101ts ar stiprin\u0101juma punktiem uz ma\u0161\u012bnas. Nepareiza izl\u012bdzin\u0101\u0161ana var izrais\u012bt nevienm\u0113r\u012bgu nodilumu un ekspluat\u0101cijas gr\u016bt\u012bbas.<\/li>\n<li><strong>Pareizu mont\u0101\u017eas kron\u0161teinu lieto\u0161ana:<\/strong> Cilindra nostiprin\u0101\u0161anai izmantojiet atbilsto\u0161us stiprin\u0101juma kron\u0161teinus. Tas nodro\u0161ina stabilit\u0101ti un nov\u0113r\u0161 kust\u012bbu, kas var\u0113tu izrais\u012bt meh\u0101nisku boj\u0101jumu.<\/li>\n<li><strong>Hidrauliskie savienojumi:<\/strong> Pievienojiet hidraulisk\u0101s l\u012bnijas saska\u0146\u0101 ar ra\u017eot\u0101ja specifik\u0101cij\u0101m, p\u0101rliecinoties, ka visi savienojumi ir dro\u0161i un bez nopl\u016bd\u0113m.<\/li>\n<li><strong>Test\u0113\u0161ana:<\/strong> P\u0113c uzst\u0101d\u012b\u0161anas p\u0101rbaudiet sist\u0113mu kontrol\u0113tos apst\u0101k\u013cos, lai p\u0101rliecin\u0101tos, ka cilindrs darbojas nevainojami un atbilst paredz\u0113taj\u0101m veiktsp\u0113jas pras\u012bb\u0101m.<\/li>\n<\/ol>\n<h2>Bie\u017ei sastopamie apkopes uzdevumi<\/h2>\n<ul>\n<li><strong>Regul\u0101ras p\u0101rbaudes:<\/strong> Regul\u0101ri p\u0101rbaudiet str\u0113les cilindru, lai laikus identific\u0113tu iesp\u0113jam\u0101s probl\u0113mas. Tas ietver bl\u012bv\u0113jumu nodiluma p\u0101rbaudi un savienojumu dro\u0161\u012bbu.<\/li>\n<li><strong>Piem\u0113rota e\u013c\u013co\u0161ana:<\/strong> Regul\u0101ri iee\u013c\u013cojiet cilindru saska\u0146\u0101 ar nor\u0101d\u012bto grafiku. Pareiza e\u013c\u013co\u0161ana samazina berzi un nodilumu, uzlabojot kop\u0113jo efektivit\u0101ti.<\/li>\n<li><strong>Bl\u012bv\u0113juma nomai\u0146as un kalibr\u0113\u0161anas p\u0101rbaudes:<\/strong> Uzraugiet bl\u012bves, vai nav nolieto\u0161an\u0101s paz\u012bmju, un nomainiet t\u0101s, ja nepiecie\u0161ams. Regul\u0101ri kalibr\u0113jiet sist\u0113mu, lai nodro\u0161in\u0101tu, ka t\u0101 darbojas atbilsto\u0161i noteiktaj\u0101m specifik\u0101cij\u0101m.<\/li>\n<\/ul>\n<p>Uzst\u0101d\u012b\u0161anas laik\u0101 ir svar\u012bgi nodro\u0161in\u0101t, lai cilindrs b\u016btu pareizi izl\u012bdzin\u0101ts un dro\u0161i nostiprin\u0101ts. Izmantojot piem\u0113rotus uzst\u0101d\u012b\u0161anas kron\u0161teinus, var nov\u0113rst nepareizu izl\u012bdzin\u0101\u0161anu un nodro\u0161in\u0101t efekt\u012bvu darb\u012bbu. Ieteicamo p\u0101rbaudes, remonta un nomai\u0146as proced\u016bru iev\u0113ro\u0161ana uzlabos cilindra kalpo\u0161anas laiku.<\/p>\n<p><img decoding=\"async\" src=\"https:\/\/www.hydraulic-cylinders.net\/wp-content\/uploads\/2025\/04\/songte-chushion-collar.webp\" alt=\"Spilvenu apkakle\" \/><\/p>\n<h2>Dro\u0161\u012bbas apsv\u0113rumi un vides faktori<\/h2>\n<p>Str\u0101d\u0101jot ar hidrauliskaj\u0101m sist\u0113m\u0101m, piem\u0113ram, str\u0113les cilindriem, dro\u0161\u012bbas pas\u0101kumi ir \u0101rk\u0101rt\u012bgi svar\u012bgi. Operatoriem vienm\u0113r j\u0101valk\u0101 individu\u0101lie aizsardz\u012bbas l\u012bdzek\u013ci (IAL) un j\u0101b\u016bt apm\u0101c\u012btiem dro\u0161\u0101s ekspluat\u0101cijas proced\u016br\u0101s. Hidrauliskie \u0161\u0137idrumi var b\u016bt b\u012bstami, t\u0101p\u0113c j\u0101iev\u0113ro pareiza apie\u0161an\u0101s un uzglab\u0101\u0161anas prakse, lai samazin\u0101tu risku gan person\u0101lam, gan videi.<\/p>\n<h2>K\u013c\u016bmju diagnostika un bie\u017e\u0101k sastopam\u0101s probl\u0113mas<\/h2>\n<ul>\n<li><strong>Hidraulisk\u0101 nopl\u016bde:<\/strong> Viena no visbie\u017e\u0101k sastopamaj\u0101m probl\u0113m\u0101m ir hidraulisk\u0101 \u0161\u0137idruma nopl\u016bde, ko bie\u017ei izraisa nodilu\u0161as bl\u012bves vai boj\u0101tas \u0161\u013c\u016btenes. Operatoriem regul\u0101ri j\u0101p\u0101rbauda sist\u0113ma, vai nav nopl\u016b\u017eu paz\u012bmju, un nekav\u0113joties j\u0101risina visas probl\u0113mas.<\/li>\n<li><strong>Jaudas zudums:<\/strong> Ja str\u0113les cilindrs nedarbojas efekt\u012bvi, tas var b\u016bt saist\u012bts ar nepietiekamu hidraulisk\u0101 \u0161\u0137idruma daudzumu vai nepareizi funkcion\u0113jo\u0161u s\u016bkni. Regul\u0101ras apkopes p\u0101rbaudes var pal\u012bdz\u0113t identific\u0113t un nov\u0113rst \u0161\u012bs probl\u0113mas.<\/li>\n<li><strong>Neparastas ska\u0146as:<\/strong> Neizskaidrojamas ska\u0146as darb\u012bbas laik\u0101 var liecin\u0101t par iek\u0161\u0113jiem boj\u0101jumiem vai gaisu hidrauliskaj\u0101 sist\u0113m\u0101. \u0160o ska\u0146u \u0101tra izp\u0113te un nov\u0113r\u0161ana var nov\u0113rst turpm\u0101kus boj\u0101jumus.<\/li>\n<\/ul>\n<h2>Probl\u0113mu nov\u0113r\u0161anas padomi<\/h2>\n<p>Lai nodro\u0161in\u0101tu str\u0113les cilindru efekt\u012bvu darb\u012bbu, \u0146emiet v\u0113r\u0101 \u0161\u0101dus probl\u0113mu nov\u0113r\u0161anas padomus:<\/p>\n<ul>\n<li><strong>Nopl\u016bdes identific\u0113\u0161ana:<\/strong> Ja tiek konstat\u0113ta nopl\u016bde, atrodiet avotu, p\u0101rbaudot bl\u012bves un savienojumus. Nomainiet visas boj\u0101t\u0101s deta\u013cas, lai atjaunotu pareizu darb\u012bbu.<\/li>\n<li><strong>\u0160\u0137idruma l\u012bme\u0146a p\u0101rbaude:<\/strong> P\u0101rliecinieties, vai hidraulisk\u0101 \u0161\u0137idruma l\u012bmenis ir pietiekams. Zems \u0161\u0137idruma l\u012bmenis var izrais\u012bt veiktsp\u0113jas probl\u0113mas; ja nepiecie\u0161ams, papildiniet ieteicamo \u0161\u0137idrumu.<\/li>\n<li><strong>Sist\u0113mas att\u012br\u012b\u0161ana:<\/strong> Ja sist\u0113m\u0101 ir iespr\u016bdis gaiss, veiciet att\u012br\u012b\u0161anas procesu, lai izvad\u012btu gaisa burbu\u013cus. Tas var uzlabot hidraulisk\u0101s sist\u0113mas veiktsp\u0113ju un uzticam\u012bbu.<\/li>\n<\/ul>\n<p>Prevent\u012bvo pas\u0101kumu ievie\u0161ana ir \u013coti svar\u012bga, lai samazin\u0101tu potenci\u0101l\u0101s probl\u0113mas un pagarin\u0101tu str\u0113les cilindra kalpo\u0161anas laiku.<\/p>\n<p><img decoding=\"async\" src=\"https:\/\/www.hydraulic-cylinders.net\/wp-content\/uploads\/2025\/04\/songte-bushings-with-all-kinds-of-excavator-models.webp\" alt=\"Ekskavatora bukses\" \/><\/p>\n<h2>Par m\u016bsu uz\u0146\u0113mumu<\/h2>\n<p>M\u0113s esam vado\u0161ais hidraulisko cilindru ra\u017eot\u0101js, kas specializ\u0113jas augstas kvalit\u0101tes da\u017e\u0101du ma\u0161\u012bnu nomai\u0146as risin\u0101jumu nodro\u0161in\u0101\u0161an\u0101. M\u016bsu pla\u0161ais produktu kl\u0101sts m\u016bs pozicion\u0113 k\u0101 vienu no vado\u0161ajiem ra\u017eot\u0101jiem un vairumtirgot\u0101jiem gan viet\u0113j\u0101, gan starptautiskaj\u0101 tirg\u016b. M\u0113s iev\u0113rojam izcil\u012bbu, vienlaikus izmantojot izsmalcin\u0101tu r\u016bpniecisk\u0101s ra\u017eo\u0161anas vad\u012bbas strat\u0113\u0123iju.<\/p>\n<p>M\u016bsu ap\u0146em\u0161anos nodro\u0161in\u0101t kvalit\u0101ti atbalsta kvalific\u0113ts darbasp\u0113ks, modernas digit\u0101l\u0101s ra\u017eo\u0161anas iek\u0101rtas un profesion\u0101la test\u0113\u0161anas sist\u0113ma. M\u0113s nep\u0101rtraukti uzlabojam savas ra\u017eo\u0161anas platformas, lai nodro\u0161in\u0101tu visaugst\u0101k\u0101s kvalit\u0101tes ra\u017eo\u0161anas procesu, ko papildina sp\u0113c\u012bgas inov\u0101ciju iesp\u0113jas. M\u016bsu augstas efektivit\u0101tes un precizit\u0101tes principi \u013cauj mums efekt\u012bvi apmierin\u0101t da\u017e\u0101das klientu pras\u012bbas.<\/p>\n<p>Turkl\u0101t m\u0113s pied\u0101v\u0101jam profesion\u0101lus pakalpojumus, starptautiskus sertifik\u0101tus un piel\u0101gotus risin\u0101jumus. M\u016bsu modern\u0101kais apr\u012bkojums un stabils p\u0113cp\u0101rdo\u0161anas serviss v\u0113l vair\u0101k nostiprina m\u016bsu poz\u012bciju k\u0101 uzticams pieg\u0101d\u0101t\u0101js hidraulisko cilindru nozar\u0113.<\/p>\n<p><img decoding=\"async\" src=\"https:\/\/www.hydraulic-cylinders.net\/wp-content\/uploads\/2025\/04\/songte-company-4.webp\" alt=\"Uz\u0146\u0113muma att\u0113ls 1\" \/><br \/>\n<img decoding=\"async\" src=\"https:\/\/www.hydraulic-cylinders.net\/wp-content\/uploads\/2025\/04\/songte-company-3.webp\" alt=\"Uz\u0146\u0113muma att\u0113ls 2\" \/><\/p>\n<p>Autors: lil<\/p>","protected":false},"excerpt":{"rendered":"<p>Boom Cylinder For Takeuchi Small Excavator TB153FR Introduction to Bucket Cylinders A bucket cylinder, also known as a boom cylinder, is a vital component in hydraulic systems used in various heavy machinery, including excavators, backhoes, and front loaders. Its primary function is to control the movement of the bucket, enabling it to lift, lower, and [&hellip;]<\/p>","protected":false},"featured_media":17875,"comment_status":"open","ping_status":"closed","template":"","meta":{"_et_pb_use_builder":"","_et_pb_old_content":"","_et_gb_content_width":""},"product_brand":[],"product_cat":[1546],"product_tag":[1547,1496],"class_list":{"0":"post-19430","1":"product","2":"type-product","3":"status-publish","4":"has-post-thumbnail","6":"product_cat-boom-cylinders","7":"product_tag-boom-cylinders","8":"product_tag-hydraulic-cylinders","10":"first","11":"instock","12":"shipping-taxable","13":"product-type-simple"},"amp_enabled":true,"_links":{"self":[{"href":"https:\/\/www.hydraulic-cylinders.net\/lv\/wp-json\/wp\/v2\/product\/19430","targetHints":{"allow":["GET"]}}],"collection":[{"href":"https:\/\/www.hydraulic-cylinders.net\/lv\/wp-json\/wp\/v2\/product"}],"about":[{"href":"https:\/\/www.hydraulic-cylinders.net\/lv\/wp-json\/wp\/v2\/types\/product"}],"replies":[{"embeddable":true,"href":"https:\/\/www.hydraulic-cylinders.net\/lv\/wp-json\/wp\/v2\/comments?post=19430"}],"wp:featuredmedia":[{"embeddable":true,"href":"https:\/\/www.hydraulic-cylinders.net\/lv\/wp-json\/wp\/v2\/media\/17875"}],"wp:attachment":[{"href":"https:\/\/www.hydraulic-cylinders.net\/lv\/wp-json\/wp\/v2\/media?parent=19430"}],"wp:term":[{"taxonomy":"product_brand","embeddable":true,"href":"https:\/\/www.hydraulic-cylinders.net\/lv\/wp-json\/wp\/v2\/product_brand?post=19430"},{"taxonomy":"product_cat","embeddable":true,"href":"https:\/\/www.hydraulic-cylinders.net\/lv\/wp-json\/wp\/v2\/product_cat?post=19430"},{"taxonomy":"product_tag","embeddable":true,"href":"https:\/\/www.hydraulic-cylinders.net\/lv\/wp-json\/wp\/v2\/product_tag?post=19430"}],"curies":[{"name":"wp","href":"https:\/\/api.w.org\/{rel}","templated":true}]}}