{"id":19432,"date":"2025-04-07T06:34:27","date_gmt":"2025-04-07T06:34:27","guid":{"rendered":"https:\/\/www.hydraulic-cylinders.net\/product\/boom-cylinder-for-takeuchi-small-excavator-tb285c\/"},"modified":"2025-04-07T06:34:29","modified_gmt":"2025-04-07T06:34:29","slug":"boom-cylinder-for-takeuchi-small-excavator-tb285c","status":"publish","type":"product","link":"https:\/\/www.hydraulic-cylinders.net\/lv\/products\/boom-cylinder-for-takeuchi-small-excavator-tb285c\/","title":{"rendered":"Str\u0113les cilindrs Takeuchi mazajam ekskavatoram TB285C"},"content":{"rendered":"<h1>Str\u0113les cilindrs Takeuchi mazajam ekskavatoram TB285C<\/h1>\n<h2>Produkta p\u0101rskats<\/h2>\n<p>Takeuchi maz\u0101 ekskavatora TB285C str\u0113les cilindrs ir specializ\u0113ta hidrauliska sast\u0101vda\u013ca, kas paredz\u0113ta ekskavatora str\u0113les kust\u012bbas vad\u012bbai. \u0160is hidrauliskais cilindrs \u013cauj str\u0113li pacelt, nolaist un noliekt, t\u0101d\u0113j\u0101di atvieglojot efekt\u012bvus materi\u0101lu apstr\u0101des darbus. Kausa cilindrs ir b\u016btisks da\u017e\u0101d\u0101s smagaj\u0101s ma\u0161\u012bn\u0101s, piem\u0113ram, ekskavatoros, ekskavatoros un front\u0101lajos iekr\u0101v\u0113jos, \u013caujot operatoriem veikt da\u017e\u0101dus uzdevumus ar precizit\u0101ti un iztur\u012bbu.<\/p>\n<p><img decoding=\"async\" src=\"https:\/\/www.hydraulic-cylinders.net\/wp-content\/uploads\/2025\/04\/songte-company-1.webp\" alt=\"Takeuchi maz\u0101 ekskavatora str\u0113les cilindrs\" \/><\/p>\n<h2>Galven\u0101s iez\u012bmes<\/h2>\n<ul>\n<li><strong>Augsta iztur\u012bba un ilgm\u016b\u017e\u012bba:<\/strong> \u0160ie cilindri ir izgatavoti no augstas stipr\u012bbas t\u0113rauda vai alum\u012bnija, un tie iztur augstu spiedienu un lielas slodzes, padarot tos piem\u0113rotus skarbiem darba apst\u0101k\u013ciem. To konstrukcij\u0101 priorit\u0101te ir nodilumiztur\u012bba un iztur\u012bba pret koroziju, iev\u0113rojami pagarinot to kalpo\u0161anas laiku.<\/li>\n<li><strong>Efekt\u012bva hidraulisk\u0101 darb\u012bba:<\/strong> Str\u0113les cilindrs izmanto hidraulisk\u0101s e\u013c\u013cas spiedienu, lai nodro\u0161in\u0101tu vienm\u0113r\u012bgu izstiep\u0161anu un ievilk\u0161anu, \u013caujot \u0101tri rea\u0123\u0113t uz vad\u012bbas komand\u0101m, vienlaikus nodro\u0161inot iev\u0113rojamu stum\u0161anas un vilk\u0161anas sp\u0113ku, kas ir ide\u0101li piem\u0113rots smagu priek\u0161metu apstr\u0101dei un sare\u017e\u0123\u012btu uzdevumu veik\u0161anai.<\/li>\n<li><strong>Da\u017e\u0101di veidi:<\/strong> \u0160ie cilindri, kas pieejami vienvirziena (darbojas vien\u0101 virzien\u0101) vai divk\u0101r\u0161as darb\u012bbas (darbojas abos virzienos) variantos, apmierina da\u017e\u0101das ekspluat\u0101cijas vajadz\u012bbas. Da\u017eiem mode\u013ciem ir teleskopiska konstrukcija, kas \u013cauj veikt liel\u0101ku pagarin\u0101jumu, nepalielinot \u0101r\u0113jos izm\u0113rus, kas ir ide\u0101li piem\u0113rots lieto\u0161anai ierobe\u017eot\u0101s telp\u0101s.<\/li>\n<li><strong>Sader\u012bba:<\/strong> M\u016bsu produkti var lieliski aizst\u0101t eso\u0161os hidrauliskos cilindrus da\u017e\u0101dos ekskavatoru mode\u013cos, nodro\u0161inot neman\u0101mu integr\u0101ciju un veiktsp\u0113ju.<\/li>\n<li><strong>Piel\u0101goti risin\u0101jumi:<\/strong> M\u0113s pied\u0101v\u0101jam piel\u0101gotus risin\u0101jumus, lai apmierin\u0101tu \u012bpa\u0161as klientu pras\u012bbas, nodro\u0161inot, ka m\u016bsu produkti atbilst da\u017e\u0101d\u0101m darb\u012bbas vajadz\u012bb\u0101m.<\/li>\n<\/ul>\n<p><img decoding=\"async\" src=\"https:\/\/www.hydraulic-cylinders.net\/wp-content\/uploads\/2025\/04\/songte-cylinder-head-with-all-kinds-excavator-models.webp\" alt=\"Ekskavatoru mode\u013cu sader\u012bba\" \/><\/p>\n<h2>Pieteikumi<\/h2>\n<h3>Celtniec\u012bbas apr\u012bkojums<\/h3>\n<p>Ekskavatoros str\u0113les cilindri ir \u013coti svar\u012bgi augsnes vai gru\u017eu rak\u0161anai, iekrau\u0161anai un p\u0101rvieto\u0161anai. To sp\u0113ja nodro\u0161in\u0101t nepiecie\u0161amo sp\u0113ku \u0161\u012bm darb\u012bb\u0101m padara tos neaizst\u0101jamus b\u016bvlaukumos, kur efektivit\u0101te un jauda ir \u0101rk\u0101rt\u012bgi svar\u012bgas.<\/p>\n<h3>Lauksaimniec\u012bbas tehnika<\/h3>\n<p>Front\u0101lajos iekr\u0101v\u0113jos str\u0113les cilindri tiek izmantoti augsnes, siena un citu materi\u0101lu sav\u0101k\u0161anai, pacel\u0161anai un transport\u0113\u0161anai. To konstrukcija nodro\u0161ina netrauc\u0113tu darb\u012bbu lauksaimniec\u012bbas vid\u0113, kur materi\u0101lu efekt\u012bva p\u0101rvieto\u0161ana var uzlabot produktivit\u0101ti.<\/p>\n<h3>Ekskavatori<\/h3>\n<p>Ekskavatori pa\u013caujas uz str\u0113les cilindriem, lai efekt\u012bvi iek\u013c\u016btu zem\u0113, atvieglojot rak\u0161anas darb\u012bbas. Tas \u013cauj operatoriem veikt pla\u0161u uzdevumu kl\u0101stu, s\u0101kot no pamatu ier\u012bko\u0161anas darbiem l\u012bdz zemes att\u012br\u012b\u0161anai, demonstr\u0113jot cilindra daudzpus\u012bbu.<\/p>\n<h3>Iekr\u0101v\u0113ji<\/h3>\n<p>Front\u0101lajos iekr\u0101v\u0113jos str\u0113les cilindri pal\u012bdz efekt\u012bvi pacelt un izg\u0101zt materi\u0101lus. \u0160\u012b iesp\u0113ja ir b\u016btiska b\u016bvniec\u012bbas un ainavu veido\u0161anas darbos, kur materi\u0101lu apstr\u0101de ir ikdienas nepiecie\u0161am\u012bba.<\/p>\n<h2>Dizaina apsv\u0113rumi un atlases krit\u0113riji<\/h2>\n<h3>Kravnes\u012bba<\/h3>\n<p>Izv\u0113loties str\u0113les cilindru, ir svar\u012bgi \u0146emt v\u0113r\u0101 t\u0101 kravnes\u012bbu. Cilindra kravnes\u012bba nosaka maksim\u0101lo svaru, ko tas var dro\u0161i pacelt vai manipul\u0113t. Kravnes\u012bbas nenov\u0113rt\u0113\u0161ana var izrais\u012bt meh\u0101niskus boj\u0101jumus vai dro\u0161\u012bbas apdraud\u0113jumus. T\u0101p\u0113c ir svar\u012bgi nov\u0113rt\u0113t ekskavatora \u012bpa\u0161\u0101s pras\u012bbas un paredzamo slodzes dinamiku, lai izv\u0113l\u0113tos pareizo cilindru.<\/p>\n<h3>Bl\u012bv\u0113juma kvalit\u0101te<\/h3>\n<p>Bl\u012bv\u0113juma kvalit\u0101te ir \u013coti svar\u012bga hidraulisko cilindru ilgm\u016b\u017e\u012bbai un efektivit\u0101tei. Augstas kvalit\u0101tes bl\u012bv\u0113jumi nov\u0113r\u0161 hidraulisk\u0101 \u0161\u0137idruma nopl\u016bdi, kas var pasliktin\u0101t veiktsp\u0113ju un izrais\u012bt iev\u0113rojamus remontdarbus. Balonu izv\u0113le ar iztur\u012bgiem bl\u012bv\u0113\u0161anas meh\u0101nismiem nodro\u0161ina minim\u0101lu apkopi un maksim\u0101lu darbsp\u0113jas laiku.<\/p>\n<h3>Iztur\u012bba<\/h3>\n<p>Iztur\u012bba ir galvenais faktors str\u0113les cilindru konstrukcij\u0101. Tiem j\u0101iztur skarbi vides apst\u0101k\u013ci, piem\u0113ram, net\u012brumu, mitruma un ekstrem\u0101lu temperat\u016bru iedarb\u012bba. Izv\u0113loties materi\u0101lus un apdari, kas ir iztur\u012bgi pret nodilumu un koroziju, tiks pagarin\u0101ts cilindra kalpo\u0161anas laiks un laika gait\u0101 samazin\u0101tas ekspluat\u0101cijas izmaksas.<\/p>\n<h3>Dro\u0161\u012bbas funkcijas<\/h3>\n<p>Dro\u0161\u012bbas elementu iek\u013cau\u0161ana hidraulisk\u0101 cilindra konstrukcij\u0101 ir b\u016btiska, lai nov\u0113rstu negad\u012bjumus un nodro\u0161in\u0101tu operatora dro\u0161\u012bbu. Tas ietver spiediena samazin\u0101\u0161anas v\u0101rstus un dro\u0161\u012bbas ier\u012bces, kas nov\u0113r\u0161 p\u0101rslodzi vai nekontrol\u0113tas kust\u012bbas. Labi konstru\u0113ts hidrauliskais cilindrs veicina dro\u0161\u0101ku darba vidi un samazina iek\u0101rtu atteices risku.<\/p>\n<h3>Uzturam\u012bba<\/h3>\n<p>Uzturam\u012bba attiecas uz to, cik viegli ir apkalpot un remont\u0113t hidraulisko cilindru. Projekt\u0113\u0161anas apsv\u0113rumiem j\u0101nodro\u0161ina \u0113rta piek\u013cuve bl\u012bv\u0113m un komponentiem, kas var b\u016bt j\u0101nomaina. Izv\u0113loties cilindrus, kas atvieglo apkopi, var ietaup\u012bt laiku un samazin\u0101t darb\u012bbas d\u012bkst\u0101ves kritiski svar\u012bgos projektos.<\/p>\n<p><img decoding=\"async\" src=\"https:\/\/www.hydraulic-cylinders.net\/wp-content\/uploads\/2025\/04\/songte-oil-pipes-and-spare-parts.webp\" alt=\"Hidraulisk\u0101s sast\u0101vda\u013cas\" \/><\/p>\n<h2>Bl\u012bv\u0113\u0161ana un e\u013c\u013co\u0161ana<\/h2>\n<p>Efekt\u012bva bl\u012bv\u0113juma un e\u013c\u013co\u0161anas nodro\u0161in\u0101\u0161ana ir \u013coti svar\u012bga hidraulisko cilindru darb\u012bbai. Lai uztur\u0113tu hidraulisk\u0101 \u0161\u0137idruma integrit\u0101ti, tiek izmantoti da\u017e\u0101di bl\u012bv\u0113jumi, piem\u0113ram, virzu\u013ca bl\u012bv\u0113jumi un stie\u0146a bl\u012bv\u0113jumi. Bl\u012bv\u0113jumi, kas izgatavoti no iztur\u012bgiem materi\u0101liem, piem\u0113ram, poliuret\u0101na un nitrila gumijas, iev\u0113rojami uzlabo nodilumiztur\u012bbu.<\/p>\n<p>Turkl\u0101t cilindra korpusa un v\u012bt\u0146oto galu virsmas tiek prec\u012bzi apstr\u0101d\u0101tas, lai uzlabotu nodilumiztur\u012bbu. Lai uztur\u0113tu optim\u0101lu veiktsp\u0113ju un nov\u0113rstu nodilumu, ir nepiecie\u0161ama regul\u0101ra e\u013c\u013co\u0161ana ar hidraulisko e\u013c\u013cu. Operatoriem j\u0101nodro\u0161ina, ka noteiktos interv\u0101los tiek veikta atbilsto\u0161a e\u013c\u013co\u0161ana, lai pagarin\u0101tu cilindra deta\u013cu kalpo\u0161anas laiku.<\/p>\n<h2>Regul\u0101ra p\u0101rbaude un profilaktisk\u0101 apkope<\/h2>\n<ul>\n<li><strong>Regul\u0101ras p\u0101rbaudes:<\/strong> Regul\u0101ru p\u0101rbau\u017eu veik\u0161ana ir \u013coti svar\u012bga, lai identific\u0113tu iesp\u0113jam\u0101s probl\u0113mas, pirms t\u0101s saasin\u0101s. Operatoriem darb\u012bbas laik\u0101 j\u0101p\u0101rbauda, \u200b\u200bvai nav nopl\u016b\u017eu, nodiluma un neparastu trok\u0161\u0146u paz\u012bmju.<\/li>\n<li><strong>E\u013c\u013co\u0161anas proced\u016bras:<\/strong> P\u0101rliecinieties, vai visas kust\u012bg\u0101s da\u013cas ir pien\u0101c\u012bgi iee\u013c\u013cotas saska\u0146\u0101 ar ra\u017eot\u0101ja ieteikumiem. Nepietiekama e\u013c\u013co\u0161ana var izrais\u012bt priek\u0161laic\u012bgu nodilumu un boj\u0101jumus.<\/li>\n<li><strong>Bl\u012bv\u0113juma nomai\u0146a:<\/strong> Laika gait\u0101 bl\u012bves var nolietoties vai tikt boj\u0101tas. Regul\u0101ra bl\u012bvju p\u0101rbaude un nomai\u0146a p\u0113c nepiecie\u0161am\u012bbas ir b\u016btiska, lai saglab\u0101tu hidraulisko integrit\u0101ti.<\/li>\n<\/ul>\n<h2>Uzst\u0101d\u012b\u0161anas vadl\u012bnijas<\/h2>\n<p>Pareiza str\u0113les cilindra uzst\u0101d\u012b\u0161ana ir \u013coti svar\u012bga optim\u0101lai veiktsp\u0113jai. Vispirms p\u0101rliecinieties, vai uzst\u0101d\u012b\u0161anas vieta ir t\u012bra un bez gru\u017eiem. Prec\u012bzi izl\u012bdziniet cilindru ar ekskavatora stiprin\u0101juma punktiem, p\u0101rliecinoties, ka tas ir paral\u0113li agreg\u0101tam, ar kuru tas darbosies. Izmantojiet atbilsto\u0161us stiprin\u0101juma kron\u0161teinus, lai nostiprin\u0101tu cilindru viet\u0101.<\/p>\n<p>P\u0113c cilindra nostiprin\u0101\u0161anas pievienojiet hidraulisk\u0101s l\u012bnijas, p\u0101rliecinoties, ka t\u0101s nav samezgloju\u0161\u0101s vai boj\u0101tas. P\u0113c pievieno\u0161anas pirms darbin\u0101\u0161anas ar pilnu jaudu p\u0101rbaudiet sist\u0113mu zem\u0101 spiedien\u0101, lai p\u0101rliecin\u0101tos, vai nav nopl\u016b\u017eu. Pareiza izl\u012bdzin\u0101\u0161ana un dro\u0161a mont\u0101\u017ea uzlabos cilindra efektivit\u0101ti un iztur\u012bbu.<\/p>\n<h2>Apkopes uzdevumi<\/h2>\n<ul>\n<li><strong>Regul\u0101ras p\u0101rbaudes:<\/strong> Regul\u0101r\u0101m p\u0101rbaud\u0113m j\u0101ietver vizu\u0101las p\u0101rbaudes, lai noteiktu nopl\u016bdes un nodiluma paz\u012bmes. Veiciet \u0161\u012bs p\u0101rbaudes periodiski, lai laikus atkl\u0101tu iesp\u0113jam\u0101s probl\u0113mas.<\/li>\n<li><strong>Pareiza e\u013c\u013co\u0161ana:<\/strong> P\u0101rliecinieties, ka cilindrs tiek past\u0101v\u012bgi iee\u013c\u013cots saska\u0146\u0101 ar nor\u0101d\u012bto grafiku. Tas samazin\u0101s bl\u012bv\u0113jumu un kust\u012bgo da\u013cu berzi un nodilumu.<\/li>\n<li><strong>Bl\u012bv\u0113juma nomai\u0146a:<\/strong> R\u016bp\u012bgi uzraugiet bl\u012bv\u0113jumu st\u0101vokli un nomainiet tos, kad par\u0101d\u0101s nodiluma paz\u012bmes. Pareiza bl\u012bv\u0113\u0161ana ir \u013coti svar\u012bga, lai uztur\u0113tu hidraulisko spiedienu un nodro\u0161in\u0101tu efekt\u012bvu darb\u012bbu.<\/li>\n<\/ul>\n<h2>Dro\u0161\u012bbas apsv\u0113rumi un vides faktori<\/h2>\n<p>Izmantojot hidrauliskos cilindrus, dro\u0161\u012bbas pas\u0101kumu ievie\u0161ana ir \u0101rk\u0101rt\u012bgi svar\u012bga. Operatoriem j\u0101b\u016bt apm\u0101c\u012btiem atpaz\u012bt iesp\u0113jamos apdraud\u0113jumus, kas saist\u012bti ar hidrauliskaj\u0101m sist\u0113m\u0101m, tostarp augstspiediena situ\u0101cijas un hidraulisk\u0101 \u0161\u0137idruma nopl\u016bdes risku. Ekspluat\u0101cijas un apkopes laik\u0101 vienm\u0113r valk\u0101jiet atbilsto\u0161us individu\u0101los aizsardz\u012bbas l\u012bdzek\u013cus (IAL). Turkl\u0101t \u0146emiet v\u0113r\u0101 hidraulisko \u0161\u0137idrumu ietekmi uz vidi, ja iesp\u0113jams, izv\u0113loties biolo\u0123iski no\u0101rd\u0101mas iesp\u0113jas, lai samazin\u0101tu ekolo\u0123isko kait\u0113jumu.<\/p>\n<h2>Bie\u017ei sastopamo probl\u0113mu nov\u0113r\u0161ana<\/h2>\n<ul>\n<li><strong>Nopl\u016bde:<\/strong> Viena no visbie\u017e\u0101k sastopamaj\u0101m hidraulisko cilindru probl\u0113m\u0101m ir nopl\u016bde, ko bie\u017ei izraisa nodilu\u0161i bl\u012bv\u0113jumi. Lai to nov\u0113rstu, p\u0101rbaudiet, vai bl\u012bv\u0113jumi nav boj\u0101ti, un nepiecie\u0161am\u012bbas gad\u012bjum\u0101 nomainiet tos.<\/li>\n<li><strong>L\u0113na kust\u012bba:<\/strong> Ja cilindrs kustas l\u0113ni, p\u0101rbaudiet, vai sist\u0113m\u0101 nav \u0161\u0137\u0113r\u0161\u013cu, zema hidraulisk\u0101 \u0161\u0137idruma l\u012bme\u0146a vai iespr\u016bdu\u0161a gaisa. \u0160o probl\u0113mu nov\u0113r\u0161ana var atjaunot norm\u0101lu darb\u012bbu.<\/li>\n<li><strong>Neparastas ska\u0146as:<\/strong> Neparastas ska\u0146as darb\u012bbas laik\u0101 var liecin\u0101t par meh\u0101nisk\u0101m probl\u0113m\u0101m. Noskaidrojiet trok\u0161\u0146a avotu un, ja nepiecie\u0161ams, konsult\u0113jieties ar tehni\u0137i.<\/li>\n<\/ul>\n<p>Prevent\u012bvu pas\u0101kumu, piem\u0113ram, regul\u0101ras apkopes un p\u0101rbau\u017eu, ievie\u0161ana var pal\u012bdz\u0113t mazin\u0101t \u0161\u012bs bie\u017ei sastopam\u0101s probl\u0113mas, nodro\u0161inot netrauc\u0113tu darb\u012bbu.<\/p>\n<p><img decoding=\"async\" src=\"https:\/\/www.hydraulic-cylinders.net\/wp-content\/uploads\/2025\/04\/songte-bushings-with-all-kinds-of-excavator-models.webp\" alt=\"Ekskavatora komponenti\" \/><\/p>\n<h2>Par m\u016bsu uz\u0146\u0113mumu<\/h2>\n<p>M\u0113s esam vado\u0161ais hidraulisko cilindru ra\u017eot\u0101js, kas pied\u0101v\u0101 pla\u0161u produktu kl\u0101stu viet\u0113jam un starptautiskajam tirgum. M\u016bsu ap\u0146em\u0161an\u0101s nodro\u0161in\u0101t kvalit\u0101ti ir redzama m\u016bsu modern\u0101kajos ra\u017eo\u0161anas procesos un stingrajos kvalit\u0101tes kontroles pas\u0101kumos. M\u016bsu kvalific\u0113tais darbasp\u0113ks apvienojum\u0101 ar modern\u0101m digit\u0101laj\u0101m ra\u017eo\u0161anas iek\u0101rt\u0101m \u013cauj mums uzlabot ra\u017eo\u0161anas efektivit\u0101ti un precizit\u0101ti.<\/p>\n<p>M\u0113s pied\u0101v\u0101jam piel\u0101gotus pakalpojumus, lai apmierin\u0101tu m\u016bsu klientu unik\u0101l\u0101s pras\u012bbas, ko nodro\u0161ina starptautiski sertifik\u0101ti un pla\u0161s piel\u0101gojamu iesp\u0113ju kl\u0101sts. M\u016bsu p\u0113cp\u0101rdo\u0161anas serviss nodro\u0161ina, ka klienti sa\u0146em past\u0101v\u012bgu atbalstu un apkopi, pal\u012bdzot maksim\u0101li palielin\u0101t m\u016bsu hidraulisko cilindru veiktsp\u0113ju un kalpo\u0161anas laiku.<\/p>\n<p><img decoding=\"async\" src=\"https:\/\/www.hydraulic-cylinders.net\/wp-content\/uploads\/2025\/04\/songte-company-4.webp\" alt=\"M\u016bsu uz\u0146\u0113mums\" \/><br \/>\n<img decoding=\"async\" src=\"https:\/\/www.hydraulic-cylinders.net\/wp-content\/uploads\/2025\/04\/songte-company-3.webp\" alt=\"M\u016bsu telpas\" \/><\/p>\n<p>Autors: lil<\/p>","protected":false},"excerpt":{"rendered":"<p>Boom Cylinder For Takeuchi Small Excavator TB285C Product Overview The Boom Cylinder for Takeuchi Small Excavator TB285C is a specialized hydraulic component designed to control the movement of the excavator&#8217;s boom. This hydraulic cylinder enables the boom to lift, lower, and tilt, facilitating efficient material handling tasks. The bucket cylinder is essential in various heavy [&hellip;]<\/p>","protected":false},"featured_media":17877,"comment_status":"open","ping_status":"closed","template":"","meta":{"_et_pb_use_builder":"","_et_pb_old_content":"","_et_gb_content_width":""},"product_brand":[],"product_cat":[1546],"product_tag":[1547,1496],"class_list":{"0":"post-19432","1":"product","2":"type-product","3":"status-publish","4":"has-post-thumbnail","6":"product_cat-boom-cylinders","7":"product_tag-boom-cylinders","8":"product_tag-hydraulic-cylinders","10":"first","11":"instock","12":"shipping-taxable","13":"product-type-simple"},"amp_enabled":true,"_links":{"self":[{"href":"https:\/\/www.hydraulic-cylinders.net\/lv\/wp-json\/wp\/v2\/product\/19432","targetHints":{"allow":["GET"]}}],"collection":[{"href":"https:\/\/www.hydraulic-cylinders.net\/lv\/wp-json\/wp\/v2\/product"}],"about":[{"href":"https:\/\/www.hydraulic-cylinders.net\/lv\/wp-json\/wp\/v2\/types\/product"}],"replies":[{"embeddable":true,"href":"https:\/\/www.hydraulic-cylinders.net\/lv\/wp-json\/wp\/v2\/comments?post=19432"}],"wp:featuredmedia":[{"embeddable":true,"href":"https:\/\/www.hydraulic-cylinders.net\/lv\/wp-json\/wp\/v2\/media\/17877"}],"wp:attachment":[{"href":"https:\/\/www.hydraulic-cylinders.net\/lv\/wp-json\/wp\/v2\/media?parent=19432"}],"wp:term":[{"taxonomy":"product_brand","embeddable":true,"href":"https:\/\/www.hydraulic-cylinders.net\/lv\/wp-json\/wp\/v2\/product_brand?post=19432"},{"taxonomy":"product_cat","embeddable":true,"href":"https:\/\/www.hydraulic-cylinders.net\/lv\/wp-json\/wp\/v2\/product_cat?post=19432"},{"taxonomy":"product_tag","embeddable":true,"href":"https:\/\/www.hydraulic-cylinders.net\/lv\/wp-json\/wp\/v2\/product_tag?post=19432"}],"curies":[{"name":"wp","href":"https:\/\/api.w.org\/{rel}","templated":true}]}}