{"id":19433,"date":"2025-04-07T06:34:29","date_gmt":"2025-04-07T06:34:29","guid":{"rendered":"https:\/\/www.hydraulic-cylinders.net\/product\/boom-cylinder-for-takeuchi-small-excavator-tb28fr\/"},"modified":"2025-04-07T06:34:32","modified_gmt":"2025-04-07T06:34:32","slug":"boom-cylinder-for-takeuchi-small-excavator-tb28fr","status":"publish","type":"product","link":"https:\/\/www.hydraulic-cylinders.net\/lv\/products\/boom-cylinder-for-takeuchi-small-excavator-tb28fr\/","title":{"rendered":"Str\u0113les cilindrs Takeuchi mazajam ekskavatoram TB28FR"},"content":{"rendered":"<h1>Str\u0113les cilindrs Takeuchi mazajam ekskavatoram TB28FR<\/h1>\n<h2>Str\u0113les cilindra izpratne<\/h2>\n<p>Str\u0113les cilindrs ir b\u016btiska hidraulisko sist\u0113mu sast\u0101vda\u013ca, kas \u012bpa\u0161i paredz\u0113ta kausu kust\u012bbas vad\u012bbai da\u017e\u0101d\u0101s smagaj\u0101s ma\u0161\u012bn\u0101s, piem\u0113ram, ekskavatoros, ekskavatoros-iekr\u0101v\u0113jos un front\u0101lajos iekr\u0101v\u0113jos. \u0160is hidrauliskais cilindrs \u013cauj kausam pacelt, nolaist un noliekt, t\u0101d\u0113j\u0101di atvieglojot efekt\u012bvus materi\u0101lu apstr\u0101des uzdevumus. Kausa cilindrs ir konstru\u0113ts, lai nodro\u0161in\u0101tu prec\u012bzu vad\u012bbu, garant\u0113jot, ka operatori var viegli un prec\u012bzi manevr\u0113t smagas kravas.<\/p>\n<p><img decoding=\"async\" src=\"https:\/\/www.hydraulic-cylinders.net\/wp-content\/uploads\/2025\/04\/songte-company-1.webp\" alt=\"Str\u0113les cilindrs\" \/><\/p>\n<h2>Str\u0113les cilindra \u012bpa\u0161\u012bbas<\/h2>\n<ul>\n<li><strong>Augsta iztur\u012bba un ilgm\u016b\u017e\u012bba:<\/strong> Izgatavots no augstas stipr\u012bbas t\u0113rauda vai alum\u012bnija, kas paredz\u0113ts augsta spiediena un lielu slodzi iztur\u0113\u0161anai, padarot to piem\u0113rotu skarbajiem darba apst\u0101k\u013ciem.<\/li>\n<li><strong>Efekt\u012bva hidraulisk\u0101 darb\u012bba:<\/strong> Izmanto hidraulisk\u0101s e\u013c\u013cas spiedienu vienm\u0113r\u012bgai izvilk\u0161anai un ievilk\u0161anai, \u0101tri rea\u0123\u0113jot uz operatora komand\u0101m, nodro\u0161inot iev\u0113rojamu stum\u0161anas un vilk\u0161anas sp\u0113ku smagiem un sare\u017e\u0123\u012btiem uzdevumiem.<\/li>\n<li><strong>Veidu da\u017e\u0101d\u012bba:<\/strong> Pieejams vienk\u0101r\u0161\u0101s darb\u012bbas (izmanto hidraulisko spiedienu vien\u0101 virzien\u0101) vai divk\u0101r\u0161\u0101s darb\u012bbas (izmanto hidraulisko spiedienu abos virzienos) variantos, lai apmierin\u0101tu da\u017e\u0101das ekspluat\u0101cijas vajadz\u012bbas.<\/li>\n<li><strong>Teleskopisk\u0101s iesp\u0113jas:<\/strong> Da\u017ei mode\u013ci pied\u0101v\u0101 teleskopiskas iesp\u0113jas, kas \u013cauj papla\u0161in\u0101t sniedzam\u012bbu, nepalielinot \u0101r\u0113jos izm\u0113rus, kas ir ide\u0101li piem\u0113rots lietojumiem ar ierobe\u017eotu vietu.<\/li>\n<li><strong>Piel\u0101gota ra\u017eo\u0161ana:<\/strong> M\u016bsu produkti var lieliski aizst\u0101t \u0161os hidrauliskos cilindrus, kas ir piel\u0101goti klienta specifik\u0101cij\u0101m.<\/li>\n<\/ul>\n<p><img decoding=\"async\" src=\"https:\/\/www.hydraulic-cylinders.net\/wp-content\/uploads\/2025\/04\/songte-cylinder-head-with-all-kinds-excavator-models.webp\" alt=\"Ekskavatoru mode\u013ci\" \/><\/p>\n<h2>Str\u0113les cilindra pielietojumi<\/h2>\n<h3>Celtniec\u012bbas apr\u012bkojums<\/h3>\n<p>Ekskavatoros str\u0113les cilindrs ir \u013coti svar\u012bgs augsnes vai gru\u017eu rak\u0161anai, iekrau\u0161anai un transport\u0113\u0161anai. Tas nodro\u0161ina nepiecie\u0161amo celtsp\u0113ju kausa pacel\u0161anai, \u013caujot efekt\u012bvi veikt rak\u0161anas darbus. Ar\u012b ekskavatori-iekr\u0101v\u0113ji izmanto \u0161os cilindrus, nodro\u0161inot gan rak\u0161anas, gan cel\u0161anas funkcijas, t\u0101d\u0113j\u0101di uzlabojot ma\u0161\u012bnas daudzpus\u012bbu un produktivit\u0101ti.<\/p>\n<h3>Lauksaimniec\u012bbas tehnika<\/h3>\n<p>Str\u0113les cilindrs tiek pla\u0161i izmantots front\u0101lajos iekr\u0101v\u0113jos, atvieglojot augsnes, siena un citu materi\u0101lu sav\u0101k\u0161anu, cel\u0161anu un transport\u0113\u0161anu. \u0160\u012b iesp\u0113ja ir b\u016btiska da\u017e\u0101diem lauksaimniec\u012bbas darbiem, s\u0101kot no s\u0113\u0161anas l\u012bdz ra\u017eas nov\u0101k\u0161anai, nodro\u0161inot, ka darb\u012bbas norit gludi un efekt\u012bvi.<\/p>\n<h3>Rak\u0161anas darbi<\/h3>\n<p>Ekskavatoros str\u0113les cilindrs \u013cauj kausam iek\u013c\u016bt augsn\u0113, nodro\u0161inot efekt\u012bvu rak\u0161anu. \u0160\u012b funkcionalit\u0101te ir vit\u0101li svar\u012bga da\u017e\u0101dos b\u016bvniec\u012bbas un ainavu veido\u0161anas projektos, kur nepiecie\u0161ama prec\u012bza izrak\u0161ana, lai izveidotu pamatus, tran\u0161ejas vai ainavu veido\u0161anas elementus.<\/p>\n<h3>Iekrau\u0161anas oper\u0101cijas<\/h3>\n<p>Front\u0101lajos iekr\u0101v\u0113jos str\u0113les cilindrs pal\u012bdz efekt\u012bvi pacelt un izkraut kravas. Tas ir \u012bpa\u0161i svar\u012bgi b\u016bvniec\u012bbas un materi\u0101lu apstr\u0101des vid\u0113, kur \u0101tra un efekt\u012bva iekrau\u0161ana un izkrau\u0161ana ir b\u016btiska produktivit\u0101tes saglab\u0101\u0161anai.<\/p>\n<h2>Dizaina apsv\u0113rumi un atlases krit\u0113riji<\/h2>\n<h3>Kravnes\u012bba<\/h3>\n<p>Izv\u0113loties str\u0113les cilindru, ir svar\u012bgi \u0146emt v\u0113r\u0101 t\u0101 kravnes\u012bbu. Cilindram j\u0101b\u016bt konstru\u0113tam t\u0101, lai tas iztur\u0113tu apstr\u0101d\u0101jamo materi\u0101lu svaru bez boj\u0101juma riska. Liel\u0101ka kravnes\u012bba nodro\u0161ina robust\u0101ku darb\u012bbu un samazina boj\u0101jumu iesp\u0113jam\u012bbu intens\u012bvas lieto\u0161anas laik\u0101.<\/p>\n<h3>Bl\u012bv\u0113\u0161anas meh\u0101nismi<\/h3>\n<p>Efekt\u012bvs bl\u012bv\u0113jums ir b\u016btisks hidrauliskajos cilindros, lai nov\u0113rstu nopl\u016bdes un uztur\u0113tu spiedienu. Augstas kvalit\u0101tes bl\u012bv\u0113jumi, piem\u0113ram, virzu\u013ca bl\u012bv\u0113jumi un stie\u0146a bl\u012bv\u0113jumi, kas izgatavoti no t\u0101diem materi\u0101liem k\u0101 poliuret\u0101ns vai nitrilgumija, ir \u013coti svar\u012bgi, lai nodro\u0161in\u0101tu iztur\u012bbu un efektivit\u0101ti darb\u012bb\u0101. Pareiza bl\u012bv\u0113\u0161ana samazina apkopi un pagarina cilindra kalpo\u0161anas laiku.<\/p>\n<h3>Iztur\u012bba<\/h3>\n<p>Iztur\u012bba ir galvenais apsv\u0113rums str\u0113les cilindru projekt\u0113\u0161an\u0101. \u0160\u012bm sast\u0101vda\u013c\u0101m j\u0101sp\u0113j iztur\u0113t skarbus darba apst\u0101k\u013cus, tostarp net\u012brumu, putek\u013cu un mitruma iedarb\u012bbu. Konstrukcij\u0101 izmantotajiem materi\u0101liem j\u0101b\u016bt iztur\u012bgiem pret nodilumu un koroziju, t\u0101d\u0113j\u0101di pagarinot cilindra ekspluat\u0101cijas laiku.<\/p>\n<h3>Dro\u0161\u012bbas funkcijas<\/h3>\n<p>Dro\u0161\u012bba ir \u0101rk\u0101rt\u012bgi svar\u012bga hidraulisko cilindru projekt\u0113\u0161an\u0101. T\u0101das funkcijas k\u0101 spiediena samazin\u0101\u0161anas v\u0101rsti un iztur\u012bgas mont\u0101\u017eas sist\u0113mas uzlabo dro\u0161\u012bbu ekspluat\u0101cijas laik\u0101, nov\u0113r\u0161ot negad\u012bjumus un iek\u0101rtu boj\u0101jumus. Dro\u0161\u012bbas apsv\u0113rumu iev\u0113ro\u0161ana projekt\u0113\u0161anas posm\u0101 var iev\u0113rojami samazin\u0101t darba vietas apdraud\u0113jumus.<\/p>\n<h3>Apkopes pieejam\u012bba<\/h3>\n<p>Projekt\u0113jot apkopes pieejam\u012bbu, operatori var viegli veikt regul\u0101ras p\u0101rbaudes un remontu. Funkcijas, kas atvieglo piek\u013cuvi e\u013c\u013co\u0161anai, bl\u012bvju nomai\u0146ai un p\u0101rbaudei, ir noder\u012bgas, lai samazin\u0101tu d\u012bkst\u0101ves laiku un saglab\u0101tu darb\u012bbas efektivit\u0101ti.<\/p>\n<p><img decoding=\"async\" src=\"https:\/\/www.hydraulic-cylinders.net\/wp-content\/uploads\/2025\/04\/songte-oil-pipes-and-spare-parts.webp\" alt=\"E\u013c\u013cas caurules un rezerves da\u013cas\" \/><\/p>\n<h2>Bl\u012bv\u0113\u0161ana un e\u013c\u013co\u0161ana<\/h2>\n<p>Efekt\u012bva bl\u012bv\u0113\u0161ana un e\u013c\u013co\u0161ana ir kritiski svar\u012bga str\u0113les cilindru ilgm\u016b\u017e\u012bbai un veiktsp\u0113jai. Da\u017e\u0101di bl\u012bv\u0113jumi, piem\u0113ram, virzu\u013ca bl\u012bv\u0113jumi un stie\u0146a bl\u012bv\u0113jumi, ir j\u0101izgatavo no iztur\u012bgiem materi\u0101liem, lai nodro\u0161in\u0101tu nodilumiztur\u012bbu. No poliuret\u0101na un nitrila gumijas izgatavotie bl\u012bv\u0113jumi nodro\u0161ina cie\u0161u piegul\u0161anu un samazina nopl\u016bdes risku. Turkl\u0101t cilindra korpusam un v\u012bt\u0146otaj\u0101m gala virsm\u0101m j\u0101veic prec\u012bza apdare, lai uzlabotu nodilumiztur\u012bbu. Regul\u0101ra e\u013c\u013co\u0161ana ar hidraulisko e\u013c\u013cu ir b\u016btiska, lai uztur\u0113tu vienm\u0113r\u012bgu darb\u012bbu un nov\u0113rstu p\u0101rkar\u0161anu, nodro\u0161inot cilindra optim\u0101lu darb\u012bbu vis\u0101 t\u0101 kalpo\u0161anas laik\u0101.<\/p>\n<h2>Regul\u0101ra p\u0101rbaude un profilaktisk\u0101 apkope<\/h2>\n<ul>\n<li><strong>Regul\u0101ras p\u0101rbaudes:<\/strong> Regul\u0101ri veiciet p\u0101rbaudes, lai noteiktu nolietojumu, nodro\u0161inot, ka visas iesp\u0113jam\u0101s probl\u0113mas tiek risin\u0101tas, pirms t\u0101s p\u0101raug nopietn\u0101s probl\u0113m\u0101s.<\/li>\n<li><strong>Pareiza e\u013c\u013co\u0161ana:<\/strong> P\u0101rliecinieties, ka cilindrs ir pien\u0101c\u012bgi iee\u013c\u013cots ar pareizo hidraulisko e\u013c\u013cu, lai nov\u0113rstu berzi un nodilumu, t\u0101d\u0113j\u0101di pagarinot t\u0101 kalpo\u0161anas laiku.<\/li>\n<li><strong>Bl\u012bv\u0113juma nomai\u0146a:<\/strong> Regul\u0101ri p\u0101rbaudiet bl\u012bves, vai t\u0101s nav nolietoju\u0161\u0101s, un nomainiet t\u0101s p\u0113c nepiecie\u0161am\u012bbas, lai saglab\u0101tu hidraulisko integrit\u0101ti un nov\u0113rstu nopl\u016bdes.<\/li>\n<\/ul>\n<h2>Uzst\u0101d\u012b\u0161anas vadl\u012bnijas<\/h2>\n<p>Pareiza uzst\u0101d\u012b\u0161ana ir b\u016btiska str\u0113les cilindra efekt\u012bvai darb\u012bbai. Vispirms p\u0101rliecinieties, vai mont\u0101\u017eas kron\u0161teini ir dro\u0161i nostiprin\u0101ti un pareizi izl\u012bdzin\u0101ti ar cilindru. Uzst\u0101d\u012b\u0161anas laik\u0101 cilindra stabiliz\u0113\u0161anai izmantojiet atbilsto\u0161us mont\u0101\u017eas stiprin\u0101jumus. P\u0101rbaudiet, vai visi hidrauliskie savienojumi ir cie\u0161i, lai nov\u0113rstu nopl\u016bdes. Pirms lieto\u0161anas ir svar\u012bgi piepild\u012bt cilindru ar hidraulisko \u0161\u0137idrumu, iev\u0113rojot ra\u017eot\u0101ja nor\u0101d\u012bjumus. Visbeidzot, p\u0101rliecinieties, vai cilindrs darbojas vienm\u0113r\u012bgi un bez pretest\u012bbas, nepiecie\u0161am\u012bbas gad\u012bjum\u0101 piel\u0101gojot to, lai nodro\u0161in\u0101tu optim\u0101lu funkcionalit\u0101ti.<\/p>\n<h2>Bie\u017ei sastopamie apkopes uzdevumi<\/h2>\n<h3>Rut\u012bnas p\u0101rbaudes<\/h3>\n<p>Regul\u0101ru p\u0101rbau\u017eu veik\u0161ana ir \u013coti svar\u012bga, lai laikus identific\u0113tu iesp\u0113jam\u0101s probl\u0113mas. Regul\u0101ri p\u0101rbaudiet visus hidrauliskos savienojumus, vai nav nodiluma, nopl\u016b\u017eu vai boj\u0101jumu paz\u012bmju. Cilindra nov\u0113ro\u0161ana darb\u012bbas laik\u0101 var pal\u012bdz\u0113t atkl\u0101t kust\u012bbas vai veiktsp\u0113jas neatbilst\u012bbas, t\u0101d\u0113j\u0101di veicinot nepiecie\u0161amos piel\u0101gojumus vai remontus.<\/p>\n<h3>Piem\u0113rota e\u013c\u013co\u0161ana<\/h3>\n<p>Pareizas e\u013c\u013co\u0161anas uztur\u0113\u0161ana ir \u013coti svar\u012bga str\u0113les cilindra darb\u012bbai. Regul\u0101ri p\u0101rbaudiet hidraulisk\u0101 \u0161\u0137idruma l\u012bmeni un p\u0101rliecinieties, ka tiek izmantots pareizais e\u013c\u013cas veids. Regul\u0101ra e\u013c\u013co\u0161ana samazina berzi starp kust\u012bgaj\u0101m deta\u013c\u0101m, nov\u0113r\u0161ot priek\u0161laic\u012bgu nodilumu.<\/p>\n<h3>Bl\u012bvju nomai\u0146as un kalibr\u0113\u0161anas p\u0101rbaudes<\/h3>\n<p>Regul\u0101ra bl\u012bv\u0113jumu nomai\u0146a ir b\u016btiska, lai uztur\u0113tu hidraulisko efektivit\u0101ti. Laika gait\u0101 bl\u012bv\u0113jumi var nolietoties un izrais\u012bt nopl\u016bdes, k\u0101 rezult\u0101t\u0101 samazin\u0101s veiktsp\u0113ja. Kalibr\u0113\u0161anas p\u0101rbaudes nodro\u0161ina, ka cilindrs darbojas saska\u0146\u0101 ar ra\u017eot\u0101ja specifik\u0101cij\u0101m, nodro\u0161inot optim\u0101lu kontroli un veiktsp\u0113ju.<\/p>\n<p><img decoding=\"async\" src=\"https:\/\/www.hydraulic-cylinders.net\/wp-content\/uploads\/2025\/04\/songte-chushion-collar.webp\" alt=\"Spilvenu apkakle\" \/><\/p>\n<h2>Dro\u0161\u012bbas apsv\u0113rumi un vides faktori<\/h2>\n<p>Dro\u0161\u012bbas pas\u0101kumi ir \u013coti svar\u012bgi, str\u0101d\u0101jot ar hidrauliskajiem cilindriem. Operatoriem ir j\u0101b\u016bt apm\u0101c\u012btiem dro\u0161as r\u012bc\u012bbas praks\u0113, lai izvair\u012btos no negad\u012bjumiem, ko izraisa hidraulisk\u0101s k\u013c\u016bmes. Turkl\u0101t vides faktori, piem\u0113ram, ekstrem\u0101las temperat\u016bras un pies\u0101r\u0146ot\u0101ju iedarb\u012bba, var ietekm\u0113t cilindra darb\u012bbu, t\u0101p\u0113c ir svar\u012bgi izv\u0113l\u0113ties materi\u0101lus, kas var iztur\u0113t sare\u017e\u0123\u012btus apst\u0101k\u013cus. Regul\u0101ra apkope un dro\u0161\u012bbas protokolu iev\u0113ro\u0161ana var iev\u0113rojami samazin\u0101t negad\u012bjumu risku un pagarin\u0101t hidraulisk\u0101s sist\u0113mas kalpo\u0161anas laiku.<\/p>\n<h2>Probl\u0113mu nov\u0113r\u0161ana un bie\u017ei sastopamas probl\u0113mas<\/h2>\n<ul>\n<li><strong>Nopl\u016bde:<\/strong> Nopl\u016bde bie\u017ei rodas nodilu\u0161u bl\u012bv\u0113jumu vai boj\u0101tu savienojumu d\u0113\u013c. P\u0101rbaudiet bl\u012bves un nomainiet t\u0101s, ja nepiecie\u0161ams, lai nov\u0113rstu \u0161o probl\u0113mu.<\/li>\n<li><strong>Samazin\u0101ta veiktsp\u0113ja:<\/strong> Ja cilindrs neizvirz\u0101s vai neievelkas pareizi, p\u0101rbaudiet hidraulisk\u0101 \u0161\u0137idruma l\u012bmeni un p\u0101rliecinieties, vai sist\u0113m\u0101 nav aizsprostojumu.<\/li>\n<li><strong>P\u0101rkar\u0161ana:<\/strong> P\u0101rkar\u0161anu var izrais\u012bt nepietiekama e\u013c\u013co\u0161ana vai p\u0101rm\u0113r\u012bga slodze. Nodro\u0161iniet pareizu e\u013c\u013co\u0161anu un darbiniet, nep\u0101rsniedzot ieteicam\u0101s slodzes robe\u017eas.<\/li>\n<\/ul>\n<h2>Probl\u0113mu nov\u0113r\u0161anas padomi<\/h2>\n<p>Lai efekt\u012bvi diagnostic\u0113tu un nov\u0113rstu probl\u0113mas ar str\u0113les cilindru, vispirms veiciet vizu\u0101lu p\u0101rbaudi, vai nav nopl\u016b\u017eu vai boj\u0101jumu. Regul\u0101ri p\u0101rbaudiet hidraulisk\u0101 \u0161\u0137idruma l\u012bmeni un p\u0101rliecinieties, vai sist\u0113ma ir pareizi atgaisota, lai no\u0146emtu gaisa burbu\u013cus. Ieviesiet prevent\u012bvus pas\u0101kumus, piem\u0113ram, regul\u0101ru apkopi un p\u0101rbaudes, lai samazin\u0101tu turpm\u0101ku probl\u0113mu iesp\u0113jam\u012bbu. Vienm\u0113r skatiet ra\u017eot\u0101ja vadl\u012bnijas par konkr\u0113t\u0101m probl\u0113mu nov\u0113r\u0161anas proced\u016br\u0101m, kas piel\u0101gotas j\u016bsu apr\u012bkojumam.<\/p>\n<p><img decoding=\"async\" src=\"https:\/\/www.hydraulic-cylinders.net\/wp-content\/uploads\/2025\/04\/songte-bushings-with-all-kinds-of-excavator-models.webp\" alt=\"Ekskavatoru mode\u013cu bukses\" \/><\/p>\n<h2>Par m\u016bsu uz\u0146\u0113mumu<\/h2>\n<p>M\u0113s esam vado\u0161ais rezerves hidraulisko cilindru ra\u017eot\u0101js, kas ir ap\u0146\u0113mies nodro\u0161in\u0101t pla\u0161u produktu kl\u0101stu gan viet\u0113jam, gan starptautiskajam tirgum. M\u016bsu koncentr\u0113\u0161anos uz izcil\u012bbu atbalsta sare\u017e\u0123\u012bta ra\u017eo\u0161anas vad\u012bbas strat\u0113\u0123ija, kas uzsver precizit\u0101ti un kvalit\u0101ti. M\u016bsu kvalific\u0113tais darbasp\u0113ks, modernas digit\u0101l\u0101s ra\u017eo\u0161anas iek\u0101rtas un specializ\u0113t\u0101s test\u0113\u0161anas sist\u0113mas nep\u0101rtraukti uzlabo m\u016bsu ra\u017eo\u0161anas iesp\u0113jas. M\u0113s esam ap\u0146\u0113mu\u0161ies apmierin\u0101t da\u017e\u0101das klientu vajadz\u012bbas, nodro\u0161inot augstu efektivit\u0101ti, precizit\u0101ti un kvalit\u0101ti.<\/p>\n<p><img decoding=\"async\" src=\"https:\/\/www.hydraulic-cylinders.net\/wp-content\/uploads\/2025\/04\/songte-company-4.webp\" alt=\"Uz\u0146\u0113muma p\u0101rskats\" \/><br \/>\n<img decoding=\"async\" src=\"https:\/\/www.hydraulic-cylinders.net\/wp-content\/uploads\/2025\/04\/songte-company-3.webp\" alt=\"Ra\u017eo\u0161anas iek\u0101rta\" \/><\/p>\n<p>M\u016bsu ap\u0146em\u0161an\u0101s profesionalit\u0101tei ir redzama m\u016bsu starptautiskajos sertifik\u0101tos un piel\u0101gotajos pakalpojumos. M\u0113s izmantojam modern\u0101k\u0101s ra\u017eo\u0161anas iek\u0101rtas, nodro\u0161inot, ka m\u016bsu produkti atbilst stingriem kvalit\u0101tes standartiem. Turkl\u0101t m\u016bsu p\u0113cp\u0101rdo\u0161anas apkalpo\u0161anas komanda vienm\u0113r ir gatava pal\u012bdz\u0113t klientiem ar jebk\u0101diem jaut\u0101jumiem vai atbalsta vajadz\u012bb\u0101m.<\/p>\n<p>Autors: lil<\/p>","protected":false},"excerpt":{"rendered":"<p>Boom Cylinder For Takeuchi Small Excavator TB28FR Understanding the Boom Cylinder The Boom Cylinder is a vital component in hydraulic systems, specifically designed for controlling the movement of buckets in various heavy machinery such as excavators, backhoe loaders, and front-end loaders. This hydraulic cylinder enables the bucket to lift, lower, and tilt, facilitating efficient material [&hellip;]<\/p>","protected":false},"featured_media":17878,"comment_status":"open","ping_status":"closed","template":"","meta":{"_et_pb_use_builder":"","_et_pb_old_content":"","_et_gb_content_width":""},"product_brand":[],"product_cat":[1546],"product_tag":[1547,1496],"class_list":{"0":"post-19433","1":"product","2":"type-product","3":"status-publish","4":"has-post-thumbnail","6":"product_cat-boom-cylinders","7":"product_tag-boom-cylinders","8":"product_tag-hydraulic-cylinders","10":"first","11":"instock","12":"shipping-taxable","13":"product-type-simple"},"amp_enabled":true,"_links":{"self":[{"href":"https:\/\/www.hydraulic-cylinders.net\/lv\/wp-json\/wp\/v2\/product\/19433","targetHints":{"allow":["GET"]}}],"collection":[{"href":"https:\/\/www.hydraulic-cylinders.net\/lv\/wp-json\/wp\/v2\/product"}],"about":[{"href":"https:\/\/www.hydraulic-cylinders.net\/lv\/wp-json\/wp\/v2\/types\/product"}],"replies":[{"embeddable":true,"href":"https:\/\/www.hydraulic-cylinders.net\/lv\/wp-json\/wp\/v2\/comments?post=19433"}],"wp:featuredmedia":[{"embeddable":true,"href":"https:\/\/www.hydraulic-cylinders.net\/lv\/wp-json\/wp\/v2\/media\/17878"}],"wp:attachment":[{"href":"https:\/\/www.hydraulic-cylinders.net\/lv\/wp-json\/wp\/v2\/media?parent=19433"}],"wp:term":[{"taxonomy":"product_brand","embeddable":true,"href":"https:\/\/www.hydraulic-cylinders.net\/lv\/wp-json\/wp\/v2\/product_brand?post=19433"},{"taxonomy":"product_cat","embeddable":true,"href":"https:\/\/www.hydraulic-cylinders.net\/lv\/wp-json\/wp\/v2\/product_cat?post=19433"},{"taxonomy":"product_tag","embeddable":true,"href":"https:\/\/www.hydraulic-cylinders.net\/lv\/wp-json\/wp\/v2\/product_tag?post=19433"}],"curies":[{"name":"wp","href":"https:\/\/api.w.org\/{rel}","templated":true}]}}