{"id":19435,"date":"2025-04-07T06:34:35","date_gmt":"2025-04-07T06:34:35","guid":{"rendered":"https:\/\/www.hydraulic-cylinders.net\/product\/boom-cylinder-for-takeuchi-small-excavator-tb160c\/"},"modified":"2025-04-07T06:34:38","modified_gmt":"2025-04-07T06:34:38","slug":"boom-cylinder-for-takeuchi-small-excavator-tb160c","status":"publish","type":"product","link":"https:\/\/www.hydraulic-cylinders.net\/lv\/products\/boom-cylinder-for-takeuchi-small-excavator-tb160c\/","title":{"rendered":"Str\u0113les cilindrs Takeuchi mazajam ekskavatoram TB160C"},"content":{"rendered":"<h1>Str\u0113les cilindrs Takeuchi mazajam ekskavatoram TB160C<\/h1>\n<h2>Produkta p\u0101rskats<\/h2>\n<p>The Boom Cylinder for Takeuchi Small Excavator TB160C is a specialized hydraulic cylinder designed to control the movements of the boom on small excavators, particularly the TB160C model. These cylinders play a critical role in the hydraulic system, allowing the boom to lift, lower, and tilt during operation. By enabling precise control over the excavator&#8217;s movements, these cylinders facilitate efficient material handling tasks. The bucket cylinder is essential for various heavy machinery applications, including excavators, backhoe loaders, and front loaders. Its design allows for smooth operation, enabling the machine to perform complex tasks with ease.<\/p>\n<p><img decoding=\"async\" src=\"https:\/\/www.hydraulic-cylinders.net\/wp-content\/uploads\/2025\/04\/songte-company-1.webp\" alt=\"Takeuchi maz\u0101 ekskavatora str\u0113les cilindrs\"><\/p>\n<h2>Galven\u0101s iez\u012bmes<\/h2>\n<ul>\n<li><strong>Augsta iztur\u012bba un ilgm\u016b\u017e\u012bba:<\/strong> Izgatavots no augstas stipr\u012bbas t\u0113rauda vai alum\u012bnija, str\u0113les cilindrs var iztur\u0113t augstu spiedienu un lielas slodzes, padarot to piem\u0113rotu skarbiem darba apst\u0101k\u013ciem. T\u0101 konstrukcija \u0146em v\u0113r\u0101 nodilumiztur\u012bbu un korozijas iztur\u012bbu, pagarinot t\u0101 kalpo\u0161anas laiku.<\/li>\n<li><strong>Efekt\u012bva hidraulisk\u0101 darb\u012bba:<\/strong> Cilindrs izmanto hidraulisk\u0101s e\u013c\u013cas spiedienu, lai nodro\u0161in\u0101tu vienm\u0113r\u012bgu izvilk\u0161anu un ievilk\u0161anu, \u013caujot \u0101tri rea\u0123\u0113t uz vad\u012bbas komand\u0101m, vienlaikus nodro\u0161inot jaud\u012bgas stum\u0161anas un vilk\u0161anas iesp\u0113jas, kas ir ide\u0101li piem\u0113rotas smagu kravu cel\u0161anai un sare\u017e\u0123\u012btiem uzdevumiem.<\/li>\n<li><strong>Da\u017e\u0101di veidi:<\/strong> Cilindri, kas pieejami vienvirziena (darbojas vien\u0101 virzien\u0101) vai divk\u0101r\u0161as darb\u012bbas (darbojas abos virzienos) konfigur\u0101cij\u0101s, atbilst da\u017e\u0101d\u0101m ekspluat\u0101cijas vajadz\u012bb\u0101m. Da\u017ei mode\u013ci ir teleskopiski, kas \u013cauj tos pla\u0161\u0101k izstiept, nepalielinot \u0101r\u0113jos izm\u0113rus, kas ir ide\u0101li piem\u0113roti lieto\u0161anai ierobe\u017eot\u0101 telp\u0101.<\/li>\n<li><strong>Piel\u0101gota ra\u017eo\u0161ana:<\/strong> M\u0113s varam izgatavot \u0161o produktu atbilsto\u0161i j\u016bsu specifik\u0101cij\u0101m, nodro\u0161inot, ka m\u016bsu hidrauliskie cilindri kalpos k\u0101 perfekta eso\u0161o mode\u013cu nomai\u0146a.<\/li>\n<\/ul>\n<p><img decoding=\"async\" src=\"https:\/\/www.hydraulic-cylinders.net\/wp-content\/uploads\/2025\/04\/songte-cylinder-head-with-all-kinds-excavator-models.webp\" alt=\"Cilindra galva ekskavatoriem\"><\/p>\n<h2>Lietojumprogrammu scen\u0101riji<\/h2>\n<h3>Celtniec\u012bbas apr\u012bkojums<\/h3>\n<p>B\u016bvniec\u012bbas iek\u0101rt\u0101s, piem\u0113ram, ekskavatoros, str\u0113les cilindrs ir vit\u0101li svar\u012bgs augsnes vai gru\u017eu rak\u0161anai, iekrau\u0161anai un p\u0101rvieto\u0161anai. T\u0101 sp\u0113ja nodro\u0161in\u0101t prec\u012bzu vad\u012bbu \u013cauj operatoriem efekt\u012bvi un dro\u0161i veikt uzdevumus, b\u016btiski ietekm\u0113jot projekta laika grafiku un kop\u0113jo produktivit\u0101ti. Turkl\u0101t ekskavatoros-iekr\u0101v\u0113jos kausa cilindrs pal\u012bdz gan rak\u0161anas, gan cel\u0161anas darbos, padarot to par b\u016btisku sast\u0101vda\u013cu daudzpus\u012bbai b\u016bvlaukumos.<\/p>\n<h3>Lauksaimniec\u012bbas tehnika<\/h3>\n<p>Lauksaimniec\u012bbas tehnik\u0101, piem\u0113ram, front\u0101lajos iekr\u0101v\u0113jos, str\u0113les cilindru izmanto augsnes, siena un citu materi\u0101lu sav\u0101k\u0161anai, cel\u0161anai un transport\u0113\u0161anai. \u0160o cilindru efektivit\u0101te uzlabo lauksaimniec\u012bbas darbu produktivit\u0101ti, \u013caujot \u0101tr\u0101k apstr\u0101d\u0101t materi\u0101lus, kas ir \u013coti svar\u012bgi sezonas laik\u0101.<\/p>\n<h3>Ekskavatori<\/h3>\n<p>Excavators utilize boom cylinders to penetrate the ground effectively, enabling digging operations to be carried out with precision. This feature is integral to excavators&#8217; primary function, ensuring they can handle various soil types and conditions while maintaining operational efficiency.<\/p>\n<h3>Iekr\u0101v\u0113ji<\/h3>\n<p>Front\u0101lajos iekr\u0101v\u0113jos str\u0113les cilindri atvieglo materi\u0101lu pacel\u0161anu un izg\u0101\u0161anu. To sp\u0113ja atbalst\u012bt smagas kravas, vienlaikus nodro\u0161inot stabilit\u0101ti, \u013cauj efekt\u012bvi apstr\u0101d\u0101t materi\u0101lus, kas ir svar\u012bgi iekrau\u0161anas un izkrau\u0161anas darbos.<\/p>\n<h2>Dizaina apsv\u0113rumi un atlases krit\u0113riji<\/h2>\n<h3>Kravnes\u012bba<\/h3>\n<p>Projekt\u0113jot str\u0113les cilindrus, kravnes\u012bba ir b\u016btisks apsv\u0113rums. Cilindram j\u0101sp\u0113j iztur\u0113t maksim\u0101l\u0101s slodzes, kas rodas ekspluat\u0101cijas laik\u0101, neapdraudot dro\u0161\u012bbu vai veiktsp\u0113ju. Tas ietver dinamisko un statisko slod\u017eu apr\u0113\u0137in\u0101\u0161anu un materi\u0101lu un komponentu izv\u0113li, kas var iztur\u0113t \u0161\u012bs slodzes. Labi projekt\u0113ta kravnes\u012bba nodro\u0161ina cilindra efekt\u012bvu darb\u012bbu un ilgu kalpo\u0161anas laiku.<\/p>\n<h3>Bl\u012bv\u0113\u0161ana<\/h3>\n<p>Bl\u012bv\u0113jums ir \u013coti svar\u012bgs hidraulisko cilindru darb\u012bbai. Efekt\u012bvs bl\u012bv\u0113jums nov\u0113r\u0161 \u0161\u0137idruma nopl\u016bdi, kas var izrais\u012bt spiediena zudumu un samazin\u0101t efektivit\u0101ti. Izmantojot augstas kvalit\u0101tes bl\u012bv\u0113jumus, kas izgatavoti no iztur\u012bgiem materi\u0101liem, piem\u0113ram, poliuret\u0101na vai nitrilkau\u010duka, tiek veicin\u0101ta cilindra integrit\u0101tes saglab\u0101\u0161ana. Pareizs bl\u012bv\u0113jums pagarina cilindra kalpo\u0161anas laiku, samazinot nodilumu un samazinot apkopes nepiecie\u0161am\u012bbu.<\/p>\n<h3>Iztur\u012bba<\/h3>\n<p>Iztur\u012bba ir hidraulisko cilindru konstrukcijas galvenais aspekts. Cilindriem j\u0101sp\u0113j iztur\u0113t skarbu darba vidi, tostarp ekstrem\u0101las temperat\u016bras, \u0137\u012bmisko vielu iedarb\u012bbu un fizisku nodilumu. To bie\u017ei pan\u0101k, izv\u0113loties augstas kvalit\u0101tes materi\u0101lus, piem\u0113ram, ner\u016bs\u0113jo\u0161o t\u0113raudu, un aizsargp\u0101rkl\u0101jumus, kas iztur pret koroziju. Iztur\u012bbas nodro\u0161in\u0101\u0161ana ne tikai uzlabo veiktsp\u0113ju, bet ar\u012b samazina nomai\u0146as bie\u017eumu.<\/p>\n<h3>Dro\u0161\u012bba<\/h3>\n<p>Str\u0113les cilindru konstrukcij\u0101 j\u0101iek\u013cauj dro\u0161\u012bbas elementi, lai aizsarg\u0101tu operatorus un meh\u0101nismus. Tas ietver dro\u0161\u012bbas v\u0101rstu iestr\u0101d\u0101\u0161anu, lai nov\u0113rstu p\u0101rspiedienu, un nodro\u0161in\u0101\u0161anu, ka konstrukcija atbilst attiec\u012bgajiem dro\u0161\u012bbas standartiem. Regul\u0101ras dro\u0161\u012bbas nov\u0113rt\u0113\u0161anas un apkopes protokolu iev\u0113ro\u0161ana ir b\u016btiska, lai uzlabotu ekspluat\u0101cijas dro\u0161\u012bbu.<\/p>\n<h3>Apkope<\/h3>\n<p>V\u0113l viens svar\u012bgs projekt\u0113\u0161anas apsv\u0113rums ir viegla apkope. Hidrauliskie cilindri j\u0101projekt\u0113 ar pieejam\u0101m deta\u013c\u0101m, kas atvieglo regul\u0101ras p\u0101rbaudes un remontu. Tas ietver standartiz\u0113tu deta\u013cu izmanto\u0161anu, kas ir viegli pieejamas, lai samazin\u0101tu d\u012bkst\u0101ves laiku. Labi projekt\u0113ts cilindrs atvieglo profilaktisko apkopi, nodro\u0161inot optim\u0101lu veiktsp\u0113ju un ilgm\u016b\u017e\u012bbu.<\/p>\n<p><img decoding=\"async\" src=\"https:\/\/www.hydraulic-cylinders.net\/wp-content\/uploads\/2025\/04\/songte-oil-pipes-and-spare-parts.webp\" alt=\"Hidraulisk\u0101s da\u013cas\"><\/p>\n<h2>Bl\u012bv\u0113\u0161ana un e\u013c\u013co\u0161ana<\/h2>\n<p>Efekt\u012bva bl\u012bv\u0113\u0161ana un e\u013c\u013co\u0161ana ir \u013coti svar\u012bga hidraulisko cilindru darb\u012bbai. Lai nodro\u0161in\u0101tu \u0161\u0137idruma aizturi un nov\u0113rstu pies\u0101r\u0146ojumu, tiek izmantoti da\u017e\u0101di bl\u012bv\u0113\u0161anas komponenti, tostarp virzu\u013ca bl\u012bv\u0113jumi un stie\u0146a bl\u012bv\u0113jumi. Iztur\u012bgu materi\u0101lu, piem\u0113ram, poliuret\u0101na un nitrila gumijas, izv\u0113le \u0161iem bl\u012bv\u0113jumiem palielina to kalpo\u0161anas laiku un darb\u012bbas efektivit\u0101ti. Turkl\u0101t cilindra korpuss un v\u012bt\u0146ot\u0101s gala virsmas tiek r\u016bp\u012bgi apstr\u0101d\u0101tas, lai uzlabotu nodilumiztur\u012bbu. Regul\u0101ra e\u013c\u013co\u0161ana ar hidraulisko e\u013c\u013cu ir svar\u012bga ar\u012b, lai samazin\u0101tu kust\u012bgo da\u013cu berzi un nodilumu, nodro\u0161inot vienm\u0113r\u012bgu darb\u012bbu un pagarinot cilindra kalpo\u0161anas laiku.<\/p>\n<h2>Regul\u0101ra p\u0101rbaude un profilaktisk\u0101 apkope<\/h2>\n<ul>\n<li><strong>Vizu\u0101l\u0101s p\u0101rbaudes:<\/strong> Regul\u0101ri veiciet vizu\u0101las p\u0101rbaudes, lai p\u0101rbaud\u012btu, vai nav nodiluma, nopl\u016b\u017eu vai boj\u0101jumu paz\u012bmju. Probl\u0113mu agr\u012bna atkl\u0101\u0161ana var nov\u0113rst nopietn\u0101kas probl\u0113mas n\u0101kotn\u0113.<\/li>\n<li><strong>\u0160\u0137idruma l\u012bme\u0146i:<\/strong> Regul\u0101ri uzraugiet hidraulisk\u0101 \u0161\u0137idruma l\u012bmeni un p\u0101rliecinieties, ka tas ir ieteicamaj\u0101 diapazon\u0101. Zems \u0161\u0137idruma l\u012bmenis var izrais\u012bt p\u0101rkar\u0161anu un sist\u0113mas boj\u0101jumus.<\/li>\n<li><strong>Bl\u012bv\u0113juma integrit\u0101te:<\/strong> P\u0101rbaudiet bl\u012bves, vai nav nodiluma vai boj\u0101juma paz\u012bmju. Regul\u0101ra nodilu\u0161o bl\u012bvju nomai\u0146a pal\u012bdz uztur\u0113t sist\u0113mas efektivit\u0101ti un nov\u0113r\u0161 nopl\u016bdes.<\/li>\n<\/ul>\n<h2>Uzst\u0101d\u012b\u0161anas vadl\u012bnijas<\/h2>\n<p>Pareiza str\u0113les cilindra uzst\u0101d\u012b\u0161ana ir \u013coti svar\u012bga optim\u0101lai veiktsp\u0113jai. Vispirms p\u0101rliecinieties, vai visas sast\u0101vda\u013cas ir t\u012bras un bez gru\u017eiem. Pareizi izl\u012bdziniet cilindru ar uzst\u0101d\u012b\u0161anas punktiem, lai izvair\u012btos no nepareizas izl\u012bdzin\u0101\u0161anas, kas var ietekm\u0113t darb\u012bbu un izrais\u012bt priek\u0161laic\u012bgu nodilumu. Izmantojiet atbilsto\u0161\u0101s mont\u0101\u017eas kron\u0161teinus, lai nostiprin\u0101tu cilindru viet\u0101. Iev\u0113rojiet ra\u017eot\u0101ja specifik\u0101cijas attiec\u012bb\u0101 uz skr\u016bvju griezes momenta iestat\u012bjumiem, lai nodro\u0161in\u0101tu dro\u0161u stiprin\u0101jumu. P\u0113c uzst\u0101d\u012b\u0161anas p\u0101rbaudiet sist\u0113mu kontrol\u0113tos apst\u0101k\u013cos, lai p\u0101rliecin\u0101tos, ka cilindrs darbojas vienm\u0113r\u012bgi un efekt\u012bvi, pirms to atkal lietojat regul\u0101ri.<\/p>\n<h2>Bie\u017ei sastopamie apkopes uzdevumi<\/h2>\n<ul>\n<li><strong>Regul\u0101ras p\u0101rbaudes:<\/strong> Veiciet regul\u0101ras p\u0101rbaudes, lai laikus identific\u0113tu visas iesp\u0113jam\u0101s probl\u0113mas. Tas ietver nopl\u016b\u017eu, nodiluma un pareizas darb\u012bbas p\u0101rbaudi.<\/li>\n<li><strong>Pareiza e\u013c\u013co\u0161ana:<\/strong> P\u0101rliecinieties, ka hidrauliskais \u0161\u0137idrums ir pien\u0101c\u012bgi uztur\u0113ts un sist\u0113ma ir iee\u013c\u013cota saska\u0146\u0101 ar ra\u017eot\u0101ja nor\u0101d\u012bjumiem. Tas samazina berzi un pagarina cilindra kalpo\u0161anas laiku.<\/li>\n<li><strong>Bl\u012bv\u0113juma nomai\u0146a:<\/strong> Iepl\u0101nojiet regul\u0101ru bl\u012bvju nomai\u0146u k\u0101 da\u013cu no apkopes rut\u012bnas. Nolietotas bl\u012bves var izrais\u012bt nopl\u016bdes un samazin\u0101t efektivit\u0101ti.<\/li>\n<\/ul>\n<h2>Dro\u0161\u012bbas apsv\u0113rumi un vides faktori<\/h2>\n<p>Str\u0101d\u0101jot ar hidrauliskajiem cilindriem, dro\u0161\u012bbas pas\u0101kumi ir \u0101rk\u0101rt\u012bgi svar\u012bgi. Operatoriem j\u0101b\u016bt apm\u0101c\u012btiem dro\u0161\u0101 hidraulisko iek\u0101rtu lieto\u0161an\u0101 un ekspluat\u0101cij\u0101. J\u0101valk\u0101 individu\u0101lie aizsardz\u012bbas l\u012bdzek\u013ci (IAL), lai pasarg\u0101tu no iesp\u0113jamiem apdraud\u0113jumiem. Turkl\u0101t j\u0101\u0146em v\u0113r\u0101 vides faktori, piem\u0113ram, j\u0101nodro\u0161ina, lai izmantotie hidrauliskie \u0161\u0137idrumi nekait\u0113tu videi. Pareiza \u0161\u0137idrumu un materi\u0101lu utiliz\u0101cija ir b\u016btiska, lai samazin\u0101tu ietekmi uz vidi.<\/p>\n<h2>Probl\u0113mu nov\u0113r\u0161ana un bie\u017ei sastopamas probl\u0113mas<\/h2>\n<ul>\n<li><strong>Nopl\u016bde:<\/strong> Nopl\u016bde var rasties nolietotu bl\u012bv\u0113jumu vai boj\u0101tu deta\u013cu d\u0113\u013c. Ir svar\u012bgi noteikt nopl\u016bdes avotu un nekav\u0113joties nomain\u012bt vai salabot boj\u0101t\u0101s deta\u013cas.<\/li>\n<li><strong>Spiediena zudums:<\/strong> Bie\u017ei sastopama probl\u0113ma, ko var izrais\u012bt zems \u0161\u0137idruma l\u012bmenis, nopl\u016bdes vai gaiss sist\u0113m\u0101. P\u0101rbaudiet \u0161\u0137idruma l\u012bmeni un p\u0101rbaudiet, vai nav nopl\u016b\u017eu, nepiecie\u0161am\u012bbas gad\u012bjum\u0101 atgaisojot sist\u0113mu.<\/li>\n<li><strong>L\u0113na darb\u012bba:<\/strong> L\u0113nas kust\u012bbas var liecin\u0101t par nepietiekamu hidraulisk\u0101 \u0161\u0137idruma daudzumu vai nepiecie\u0161am\u012bbu atgaisot sist\u0113mu. P\u0101rbaudiet \u0161\u0137idruma l\u012bmeni un p\u0101rliecinieties, vai sist\u0113m\u0101 nav gaisa kabatu.<\/li>\n<\/ul>\n<h2>Secin\u0101jums<\/h2>\n<p>M\u016bsu uz\u0146\u0113mums specializ\u0113jas alternat\u012bvu hidraulisko cilindru ra\u017eo\u0161an\u0101, pied\u0101v\u0101jot pla\u0161u produktu kl\u0101stu, kas m\u016bs pozicion\u0113 k\u0101 vado\u0161o ra\u017eot\u0101ju un vairumtirgot\u0101ju gan viet\u0113j\u0101, gan starptautiskaj\u0101 tirg\u016b. M\u0113s iev\u0113rojam stingrus kvalit\u0101tes standartus un izmantojam izsmalcin\u0101tas ra\u017eo\u0161anas vad\u012bbas strat\u0113\u0123ijas, lai nodro\u0161in\u0101tu izcil\u012bbu m\u016bsu produktos. Koncentr\u0113joties uz progres\u012bv\u0101m tehnolo\u0123ij\u0101m, prasm\u012bgu person\u0101lu un sp\u0113c\u012bg\u0101m test\u0113\u0161anas sist\u0113m\u0101m, m\u0113s nep\u0101rtraukti uzlabojam savus ra\u017eo\u0161anas procesus, lai efekt\u012bvi un lietder\u012bgi apmierin\u0101tu da\u017e\u0101das klientu vajadz\u012bbas.<\/p>\n<p><img decoding=\"async\" src=\"https:\/\/www.hydraulic-cylinders.net\/wp-content\/uploads\/2025\/04\/songte-company-4.webp\" alt=\"Uz\u0146\u0113muma p\u0101rskats\"><br \/>\n<img decoding=\"async\" src=\"https:\/\/www.hydraulic-cylinders.net\/wp-content\/uploads\/2025\/04\/songte-company-3.webp\" alt=\"Ra\u017eo\u0161anas process\"><\/p>\n<p>Autors: lil<\/p>","protected":false},"excerpt":{"rendered":"<p>Boom Cylinder For Takeuchi Small Excavator TB160C Product Overview The Boom Cylinder for Takeuchi Small Excavator TB160C is a specialized hydraulic cylinder designed to control the movements of the boom on small excavators, particularly the TB160C model. These cylinders play a critical role in the hydraulic system, allowing the boom to lift, lower, and tilt [&hellip;]<\/p>","protected":false},"featured_media":17880,"comment_status":"open","ping_status":"closed","template":"","meta":{"_et_pb_use_builder":"","_et_pb_old_content":"","_et_gb_content_width":""},"product_brand":[],"product_cat":[1546],"product_tag":[1547,1496],"class_list":{"0":"post-19435","1":"product","2":"type-product","3":"status-publish","4":"has-post-thumbnail","6":"product_cat-boom-cylinders","7":"product_tag-boom-cylinders","8":"product_tag-hydraulic-cylinders","10":"first","11":"instock","12":"shipping-taxable","13":"product-type-simple"},"amp_enabled":true,"_links":{"self":[{"href":"https:\/\/www.hydraulic-cylinders.net\/lv\/wp-json\/wp\/v2\/product\/19435","targetHints":{"allow":["GET"]}}],"collection":[{"href":"https:\/\/www.hydraulic-cylinders.net\/lv\/wp-json\/wp\/v2\/product"}],"about":[{"href":"https:\/\/www.hydraulic-cylinders.net\/lv\/wp-json\/wp\/v2\/types\/product"}],"replies":[{"embeddable":true,"href":"https:\/\/www.hydraulic-cylinders.net\/lv\/wp-json\/wp\/v2\/comments?post=19435"}],"wp:featuredmedia":[{"embeddable":true,"href":"https:\/\/www.hydraulic-cylinders.net\/lv\/wp-json\/wp\/v2\/media\/17880"}],"wp:attachment":[{"href":"https:\/\/www.hydraulic-cylinders.net\/lv\/wp-json\/wp\/v2\/media?parent=19435"}],"wp:term":[{"taxonomy":"product_brand","embeddable":true,"href":"https:\/\/www.hydraulic-cylinders.net\/lv\/wp-json\/wp\/v2\/product_brand?post=19435"},{"taxonomy":"product_cat","embeddable":true,"href":"https:\/\/www.hydraulic-cylinders.net\/lv\/wp-json\/wp\/v2\/product_cat?post=19435"},{"taxonomy":"product_tag","embeddable":true,"href":"https:\/\/www.hydraulic-cylinders.net\/lv\/wp-json\/wp\/v2\/product_tag?post=19435"}],"curies":[{"name":"wp","href":"https:\/\/api.w.org\/{rel}","templated":true}]}}