{"id":19437,"date":"2025-04-07T06:47:19","date_gmt":"2025-04-07T06:47:19","guid":{"rendered":"https:\/\/www.hydraulic-cylinders.net\/product\/boom-cylinder-for-takeuchi-small-excavator-tb216\/"},"modified":"2025-04-07T06:47:33","modified_gmt":"2025-04-07T06:47:33","slug":"boom-cylinder-for-takeuchi-small-excavator-tb216","status":"publish","type":"product","link":"https:\/\/www.hydraulic-cylinders.net\/lv\/products\/boom-cylinder-for-takeuchi-small-excavator-tb216\/","title":{"rendered":"Str\u0113les cilindrs Takeuchi mazajam ekskavatoram TB216"},"content":{"rendered":"<h1>Str\u0113les cilindrs Takeuchi mazajam ekskavatoram TB216<\/h1>\n<h2>Ievads str\u0113les cilindr\u0101<\/h2>\n<p>Str\u0113les cilindrs ir specializ\u0113ts hidrauliskais cilindrs, kas paredz\u0113ts, lai kontrol\u0113tu str\u0113les kust\u012bbu da\u017e\u0101d\u0101s smagaj\u0101s ma\u0161\u012bn\u0101s, piem\u0113ram, ekskavatoros, ekskavatoros-iekr\u0101v\u0113jos un front\u0101lajos iekr\u0101v\u0113jos. Tas \u013cauj str\u0113lei pacelt, nolaist un noliekt, efekt\u012bvi atvieglojot materi\u0101lu apstr\u0101des uzdevumus. Kausa cilindrs ir \u013coti svar\u012bgs hidrauliskaj\u0101s sist\u0113m\u0101s, nodro\u0161inot nepiecie\u0161amo sp\u0113ku da\u017e\u0101du darb\u012bbu veik\u0161anai sare\u017e\u0123\u012btos apst\u0101k\u013cos.<\/p>\n<p><img decoding=\"async\" src=\"https:\/\/www.hydraulic-cylinders.net\/wp-content\/uploads\/2025\/04\/songte-company-1.webp\" alt=\"Str\u0113les cilindra att\u0113ls\" \/><\/p>\n<h2>Str\u0113les cilindra \u012bpa\u0161\u012bbas<\/h2>\n<ul>\n<li><strong>Augsta iztur\u012bba un ilgm\u016b\u017e\u012bba:<\/strong> Izgatavots no augstas stipr\u012bbas t\u0113rauda vai alum\u012bnija, str\u0113les cilindrs var iztur\u0113t augstu spiedienu un lielas slodzes, padarot to piem\u0113rotu skarbiem darba apst\u0101k\u013ciem. T\u0101 konstrukcij\u0101 ir iek\u013cauta nodilumiztur\u012bba un iztur\u012bba pret koroziju, lai pagarin\u0101tu t\u0101 kalpo\u0161anas laiku.<\/li>\n<li><strong>Efekt\u012bva hidraulisk\u0101 darb\u012bba:<\/strong> Izmantojot hidraulisk\u0101s e\u013c\u013cas spiedienu, str\u0113les cilindrs nodro\u0161ina vienm\u0113r\u012bgu izstiep\u0161anu un ievilk\u0161anu, \u0101tri rea\u0123\u0113jot uz vad\u012bbas komand\u0101m un nodro\u0161inot sp\u0113c\u012bgus stum\u0161anas un vilk\u0161anas sp\u0113kus, kas ir ide\u0101li piem\u0113rots smagu materi\u0101lu apstr\u0101dei un sare\u017e\u0123\u012btu uzdevumu veik\u0161anai.<\/li>\n<li><strong>Da\u017e\u0101di veidi:<\/strong> Str\u0113les cilindrs ir pieejams vienk\u0101r\u0161\u0101s darb\u012bbas (izmantojot hidraulisko darb\u012bbu vien\u0101 virzien\u0101) vai divk\u0101r\u0161\u0101s darb\u012bbas (izmantojot hidraulisko darb\u012bbu abos virzienos) konfigur\u0101cij\u0101s, lai apmierin\u0101tu da\u017e\u0101das ekspluat\u0101cijas vajadz\u012bbas. Da\u017ei mode\u013ci ir teleskopiski, kas \u013cauj veikt liel\u0101ku pagarin\u0101jumu, nepalielinot \u0101r\u0113jos izm\u0113rus, un ir piem\u0113roti lietojumiem ar ierobe\u017eotu vietu.<\/li>\n<li><strong>Piel\u0101gota ra\u017eo\u0161ana:<\/strong> M\u0113s varam ra\u017eot \u0161o produktu, un m\u016bsu cilindri var lieliski aizst\u0101t eso\u0161os hidrauliskos cilindrus j\u016bsu ma\u0161\u012bn\u0101s.<\/li>\n<\/ul>\n<p><img decoding=\"async\" src=\"https:\/\/www.hydraulic-cylinders.net\/wp-content\/uploads\/2025\/04\/songte-cylinder-head-with-all-kinds-excavator-models.webp\" alt=\"Ekskavatoru mode\u013ci\" \/><\/p>\n<h2>Str\u0113les cilindra pielietojumi<\/h2>\n<h3>Celtniec\u012bbas apr\u012bkojums<\/h3>\n<p>Ekskavatoros str\u0113les cilindrs ir b\u016btisks rak\u0161anai, iekrau\u0161anai un augsnes vai gru\u017eu p\u0101rvieto\u0161anai. Tas \u013cauj operatoriem veikt prec\u012bzas kust\u012bbas, nodro\u0161inot materi\u0101lu efekt\u012bvu un lietder\u012bgu apstr\u0101di. Ekskavatoros-iekr\u0101v\u0113jos str\u0113les cilindrs pal\u012bdz ne tikai rak\u0161anas darbos, bet ar\u012b cel\u0161an\u0101, nodro\u0161inot daudzpus\u012bbu b\u016bvniec\u012bbas darbos.<\/p>\n<h3>Lauksaimniec\u012bbas tehnika<\/h3>\n<p>Str\u0113les cilindrs tiek izmantots front\u0101lajos iekr\u0101v\u0113jos augsnes, siena un citu materi\u0101lu sav\u0101k\u0161anai, cel\u0161anai un transport\u0113\u0161anai. Tas uzlabo ma\u0161\u012bnas veiktsp\u0113ju, nodro\u0161inot \u0101tru darb\u012bbu, kas ir \u013coti svar\u012bgi lauksaimniec\u012bbas vid\u0113, kur laiks un efektivit\u0101te ir iz\u0161\u0137iro\u0161i svar\u012bgi.<\/p>\n<h3>Ekskavatori<\/h3>\n<p>Ekskavatoros str\u0113les cilindrs \u013cauj kausam iek\u013c\u016bt augsn\u0113, atvieglojot efekt\u012bvas rak\u0161anas darb\u012bbas. \u0160\u012b funkcija ir kritiski svar\u012bga, \u012bpa\u0161i liela m\u0113roga rak\u0161anas projektos, kur augsnes no\u0146em\u0161anas efektivit\u0101te var ietekm\u0113t kop\u0113jo produktivit\u0101ti.<\/p>\n<h3>Iekr\u0101v\u0113ji<\/h3>\n<p>Front\u0101lajos iekr\u0101v\u0113jos str\u0113les cilindri veicina efekt\u012bvu kravu cel\u0161anu un izg\u0101\u0161anu. \u0160\u012b sp\u0113ja ir b\u016btiska materi\u0101lu iekrau\u0161anai kravas automa\u0161\u012bn\u0101s vai to p\u0101rvad\u0101\u0161anai starp darba viet\u0101m, uzsverot \u0161o hidraulisko sist\u0113mu uzticam\u012bbas un iztur\u012bbas noz\u012bmi.<\/p>\n<h2>Dizaina apsv\u0113rumi un atlases krit\u0113riji<\/h2>\n<h3>Kravnes\u012bba<\/h3>\n<p>Izv\u0113loties str\u0113les cilindru, galven\u0101 priorit\u0101te ir kravnes\u012bba. Cilindram j\u0101sp\u0113j iztur\u0113t svaru, ko tas pacels, bez atteices riska. \u0160\u012bs kravnes\u012bbas p\u0101rv\u0113rt\u0113\u0161ana vai nenov\u0113rt\u0113\u0161ana var izrais\u012bt nopietnus meh\u0101niskus boj\u0101jumus un dro\u0161\u012bbas apdraud\u0113jumus.<\/p>\n<h3>Bl\u012bv\u0113juma \u012bpa\u0161\u012bbas<\/h3>\n<p>Efekt\u012bvs bl\u012bv\u0113jums ir \u013coti svar\u012bgs hidraulisko cilindru ilgm\u016b\u017e\u012bbai. Bl\u012bv\u0113jumiem ir j\u0101nov\u0113r\u0161 hidraulisk\u0101 \u0161\u0137idruma nopl\u016bde, kas var samazin\u0101t veiktsp\u0113ju un efektivit\u0101ti. Pareizi konstru\u0113ti bl\u012bv\u0113jumi ar\u012b veicina cilindra kop\u0113jo iztur\u012bbu.<\/p>\n<h3>Iztur\u012bba<\/h3>\n<p>Iztur\u012bba ir galvenais dizaina apsv\u0113rumu aspekts. Str\u0113les cilindra konstrukcij\u0101 izmantotajiem materi\u0101liem j\u0101iztur nodilums, ko rada past\u0101v\u012bga lieto\u0161ana sare\u017e\u0123\u012btos apst\u0101k\u013cos. Materi\u0101lu izv\u0113le tie\u0161i ietekm\u0113 hidraulisk\u0101s sist\u0113mas kalpo\u0161anas laiku un uzticam\u012bbu.<\/p>\n<h3>Dro\u0161\u012bba<\/h3>\n<p>Hidraulisko cilindru projekt\u0113\u0161an\u0101 dro\u0161\u012bbai j\u0101pie\u0161\u0137ir priorit\u0101te. T\u0101das funkcijas k\u0101 spiediena samazin\u0101\u0161anas v\u0101rsti un dro\u0161\u012bbas aizb\u012bd\u0146i pal\u012bdz nov\u0113rst katastrof\u0101las k\u013c\u016bmes, kas var\u0113tu izrais\u012bt negad\u012bjumus. Projekt\u0113jot \u0161\u012bs sast\u0101vda\u013cas, ir svar\u012bgi izprast darba vidi un iesp\u0113jamos apdraud\u0113jumus.<\/p>\n<h3>Apkalpojam\u012bba<\/h3>\n<p>V\u0113l viens svar\u012bgs faktors ir viegla apkope un remonts. Labi izstr\u0101d\u0101tam hidrauliskajam cilindram j\u0101nodro\u0161ina \u0113rta piek\u013cuve deta\u013c\u0101m, kuras var b\u016bt j\u0101p\u0101rbauda vai j\u0101nomaina. \u0160is faktors ir \u012bpa\u0161i svar\u012bgs, lai samazin\u0101tu d\u012bkst\u0101ves laiku un nodro\u0161in\u0101tu, ka tehnika turpina darboties.<\/p>\n<p><img decoding=\"async\" src=\"https:\/\/www.hydraulic-cylinders.net\/wp-content\/uploads\/2025\/04\/songte-oil-pipes-and-spare-parts.webp\" alt=\"E\u013c\u013cas caurules un rezerves da\u013cas\" \/><\/p>\n<h2>Bl\u012bv\u0113\u0161ana un e\u013c\u013co\u0161ana<\/h2>\n<p>Pareiza bl\u012bv\u0113\u0161ana un e\u013c\u013co\u0161ana ir b\u016btiska str\u0113les cilindru optim\u0101lai darb\u012bbai. Lai nov\u0113rstu hidraulisk\u0101 \u0161\u0137idruma nopl\u016bdi, tiek izmantoti da\u017e\u0101di bl\u012bv\u0113\u0161anas elementi, piem\u0113ram, virzu\u013ca bl\u012bves un stie\u0146a bl\u012bves. No poliuret\u0101na vai nitrila gumijas izgatavotie bl\u012bv\u0113jumi nodro\u0161ina nodilumiztur\u012bbu, nodro\u0161inot ilgm\u016b\u017e\u012bbu. Cilindra korpuss un v\u012bt\u0146ot\u0101s gala virsmas tiek r\u016bp\u012bgi apstr\u0101d\u0101tas, lai uzlabotu nodilumiztur\u012bbu. Turkl\u0101t ir nepiecie\u0161ama regul\u0101ra e\u013c\u013co\u0161ana ar hidraulisko e\u013c\u013cu, lai uztur\u0113tu vienm\u0113r\u012bgu darb\u012bbu un nov\u0113rstu priek\u0161laic\u012bgu nodilumu.<\/p>\n<h2>Regul\u0101ra apkope un prevent\u012bvie pas\u0101kumi<\/h2>\n<ul>\n<li><strong>Regul\u0101ras p\u0101rbaudes:<\/strong> Regul\u0101ri p\u0101rbaudiet cilindru, vai nav nodiluma, nopl\u016bdes vai boj\u0101jumu paz\u012bmju. Probl\u0113mu agr\u012bna atkl\u0101\u0161ana var nov\u0113rst nopietn\u0101kas probl\u0113mas v\u0113l\u0101k.<\/li>\n<li><strong>Piem\u0113rota e\u013c\u013co\u0161ana:<\/strong> Nodro\u0161iniet, lai hidraulisk\u0101 e\u013c\u013ca tiktu regul\u0101ri papildin\u0101ta un bl\u012bves tiktu pareizi iee\u013c\u013cotas, lai saglab\u0101tu funkcionalit\u0101ti.<\/li>\n<li><strong>Bl\u012bv\u0113juma nomai\u0146a:<\/strong> Uzraugiet bl\u012bv\u0113jumu st\u0101vokli un nomainiet tos p\u0113c nepiecie\u0161am\u012bbas, lai nov\u0113rstu nopl\u016bdes un uztur\u0113tu spiedienu.<\/li>\n<\/ul>\n<h2>Uzst\u0101d\u012b\u0161anas vadl\u012bnijas<\/h2>\n<p>Pareiza str\u0113les cilindra uzst\u0101d\u012b\u0161ana ir \u013coti svar\u012bga t\u0101 veiktsp\u0113jai un ilgm\u016b\u017e\u012bbai. Vispirms p\u0101rliecinieties, vai cilindrs ir pareizi izl\u012bdzin\u0101ts ar mont\u0101\u017eas kron\u0161teiniem. Izmantojiet atbilsto\u0161us mont\u0101\u017eas balstus, lai nostiprin\u0101tu cilindru un nov\u0113rstu nepareizu izl\u012bdzin\u0101\u0161anu darb\u012bbas laik\u0101. Iev\u0113rojiet ra\u017eot\u0101ja specifik\u0101cijas attiec\u012bb\u0101 uz skr\u016bvju griezes momenta iestat\u012bjumiem, lai izvair\u012btos no p\u0101r\u0101k lielas pievilk\u0161anas, kas var saboj\u0101t cilindru. P\u0113c uzst\u0101d\u012b\u0161anas veiciet r\u016bp\u012bgu p\u0101rbaudi, lai p\u0101rliecin\u0101tos, ka visas sast\u0101vda\u013cas ir nostiprin\u0101tas un darbojas pareizi, pirms s\u0101kat iek\u0101rtas ekspluat\u0101ciju.<\/p>\n<h2>Bie\u017ei sastopamie apkopes uzdevumi<\/h2>\n<ul>\n<li><strong>Regul\u0101ras p\u0101rbaudes:<\/strong> Pl\u0101notas p\u0101rbaudes pal\u012bdz identific\u0113t potenci\u0101l\u0101s probl\u0113mas, pirms t\u0101s k\u013c\u016bst kritiskas. Darb\u012bbas laik\u0101 p\u0101rbaudiet, vai nav nopl\u016b\u017eu, plaisu vai neparastu trok\u0161\u0146u.<\/li>\n<li><strong>Pareiza e\u013c\u013co\u0161ana:<\/strong> P\u0101rliecinieties, ka hidraulisk\u0101s e\u013c\u013cas l\u012bmenis ir atbilsto\u0161s, un iee\u013c\u013cojiet bl\u012bves un gult\u0146us, lai samazin\u0101tu berzi un nodilumu.<\/li>\n<li><strong>Bl\u012bv\u0113juma nomai\u0146a:<\/strong> Regul\u0101ri p\u0101rbaudiet bl\u012bv\u0113jumu st\u0101vokli un nomainiet tos, ja tiem ir nodiluma vai boj\u0101jumu paz\u012bmes, lai nov\u0113rstu \u0161\u0137idruma nopl\u016bdes un saglab\u0101tu efektivit\u0101ti.<\/li>\n<\/ul>\n<h2>Dro\u0161\u012bbas apsv\u0113rumi un vides faktori<\/h2>\n<p>Darbinot hidraulisk\u0101s sist\u0113mas, dro\u0161\u012bbas pas\u0101kumi ir \u0101rk\u0101rt\u012bgi svar\u012bgi. Operatoriem j\u0101b\u016bt apm\u0101c\u012btiem izprast ar hidrauliskaj\u0101m iek\u0101rt\u0101m saist\u012btos riskus, tostarp spiediena apdraud\u0113jumus un iesp\u0113jamos meh\u0101niskos boj\u0101jumus. Dro\u0161\u012bbas protokolu ievie\u0161ana, piem\u0113ram, aizsargl\u012bdzek\u013cu valk\u0101\u0161ana un ekspluat\u0101cijas vadl\u012bniju iev\u0113ro\u0161ana, var iev\u0113rojami samazin\u0101t negad\u012bjumu risku. Turkl\u0101t \u0146emiet v\u0113r\u0101 hidraulisko \u0161\u0137idrumu ietekmi uz vidi un nodro\u0161iniet, ka tiek izmantotas atbilsto\u0161as \u200b\u200butiliz\u0101cijas metodes, lai samazin\u0101tu ekolo\u0123isko kait\u0113jumu.<\/p>\n<h2>Probl\u0113mu nov\u0113r\u0161ana un bie\u017ei sastopamas probl\u0113mas<\/h2>\n<ul>\n<li><strong>Zems spiediens:<\/strong> Tas var rasties sist\u0113mas nopl\u016b\u017eu vai nepietiekama \u0161\u0137idruma l\u012bme\u0146a d\u0113\u013c. P\u0101rbaudiet, vai \u0161\u013c\u016btenes, bl\u012bves un savienojumi nav boj\u0101ti, un p\u0101rliecinieties, vai rezervu\u0101rs ir pareizi piepild\u012bts.<\/li>\n<li><strong>L\u0113na darb\u012bba:<\/strong> Tas var nor\u0101d\u012bt uz probl\u0113m\u0101m ar hidraulisko \u0161\u0137idrumu vai filtriem. P\u0101rliecinieties, vai hidrauliskais \u0161\u0137idrums ir t\u012brs un ar pareizu viskozit\u0101ti, un nomainiet filtrus p\u0113c nepiecie\u0161am\u012bbas.<\/li>\n<li><strong>Neparastas ska\u0146as:<\/strong> Sl\u012bpo\u0161a vai \u0161\u0146\u0101co\u0161a ska\u0146a var liecin\u0101t par probl\u0113m\u0101m ar cilindru vai hidraulisko s\u016bkni. P\u0101rbaudiet deta\u013cas, vai t\u0101s nav nodilu\u0161as, un nomainiet t\u0101s, ja nepiecie\u0161ams.<\/li>\n<\/ul>\n<p>Izprotot \u0161\u012bs bie\u017ei sastopam\u0101s probl\u0113mas, operatori var veikt prevent\u012bvus pas\u0101kumus, lai samazin\u0101tu turpm\u0101ku probl\u0113mu iesp\u0113jam\u012bbu.<\/p>\n<h2>Secin\u0101jums<\/h2>\n<p>M\u0113s esam vado\u0161ais rezerves hidraulisko cilindru ra\u017eot\u0101js, kas pied\u0101v\u0101 pla\u0161u produktu kl\u0101stu gan viet\u0113jam, gan starptautiskajam tirgum. M\u0113s iev\u0113rojam izcil\u012bbu kvalit\u0101t\u0113 un pa\u013caujamies uz izsmalcin\u0101t\u0101m ra\u017eo\u0161anas strat\u0113\u0123ij\u0101m. Koncentr\u0113joties uz tehnolo\u0123ij\u0101m, digit\u0101l\u0101m augstas klases ra\u017eo\u0161anas iek\u0101rt\u0101m un profesion\u0101l\u0101m test\u0113\u0161anas sist\u0113m\u0101m, m\u0113s nep\u0101rtraukti uzlabojam savas ra\u017eo\u0161anas iesp\u0113jas. M\u016bsu ap\u0146em\u0161an\u0101s nodro\u0161in\u0101t augstu efektivit\u0101ti, precizit\u0101ti un kvalit\u0101ti \u013cauj mums apmierin\u0101t da\u017e\u0101das klientu vajadz\u012bbas.<\/p>\n<p><img decoding=\"async\" src=\"https:\/\/www.hydraulic-cylinders.net\/wp-content\/uploads\/2025\/04\/songte-company-4.webp\" alt=\"Uz\u0146\u0113muma t\u0113ls\" \/><br \/>\n<img decoding=\"async\" src=\"https:\/\/www.hydraulic-cylinders.net\/wp-content\/uploads\/2025\/04\/songte-company-3.webp\" alt=\"Uz\u0146\u0113muma t\u0113ls\" \/><\/p>\n<p>Autors: lil<\/p>","protected":false},"excerpt":{"rendered":"<p>Boom Cylinder For Takeuchi Small Excavator TB216 Introduction to Boom Cylinder The Boom Cylinder is a specialized hydraulic cylinder designed to control the movement of the boom in various heavy machinery such as excavators, backhoe loaders, and front loaders. It allows the boom to lift, lower, and tilt, facilitating material handling tasks effectively. The bucket [&hellip;]<\/p>","protected":false},"featured_media":17881,"comment_status":"open","ping_status":"closed","template":"","meta":{"_et_pb_use_builder":"","_et_pb_old_content":"","_et_gb_content_width":""},"product_brand":[],"product_cat":[1546],"product_tag":[1547,1496],"class_list":{"0":"post-19437","1":"product","2":"type-product","3":"status-publish","4":"has-post-thumbnail","6":"product_cat-boom-cylinders","7":"product_tag-boom-cylinders","8":"product_tag-hydraulic-cylinders","10":"first","11":"instock","12":"shipping-taxable","13":"product-type-simple"},"amp_enabled":true,"_links":{"self":[{"href":"https:\/\/www.hydraulic-cylinders.net\/lv\/wp-json\/wp\/v2\/product\/19437","targetHints":{"allow":["GET"]}}],"collection":[{"href":"https:\/\/www.hydraulic-cylinders.net\/lv\/wp-json\/wp\/v2\/product"}],"about":[{"href":"https:\/\/www.hydraulic-cylinders.net\/lv\/wp-json\/wp\/v2\/types\/product"}],"replies":[{"embeddable":true,"href":"https:\/\/www.hydraulic-cylinders.net\/lv\/wp-json\/wp\/v2\/comments?post=19437"}],"wp:featuredmedia":[{"embeddable":true,"href":"https:\/\/www.hydraulic-cylinders.net\/lv\/wp-json\/wp\/v2\/media\/17881"}],"wp:attachment":[{"href":"https:\/\/www.hydraulic-cylinders.net\/lv\/wp-json\/wp\/v2\/media?parent=19437"}],"wp:term":[{"taxonomy":"product_brand","embeddable":true,"href":"https:\/\/www.hydraulic-cylinders.net\/lv\/wp-json\/wp\/v2\/product_brand?post=19437"},{"taxonomy":"product_cat","embeddable":true,"href":"https:\/\/www.hydraulic-cylinders.net\/lv\/wp-json\/wp\/v2\/product_cat?post=19437"},{"taxonomy":"product_tag","embeddable":true,"href":"https:\/\/www.hydraulic-cylinders.net\/lv\/wp-json\/wp\/v2\/product_tag?post=19437"}],"curies":[{"name":"wp","href":"https:\/\/api.w.org\/{rel}","templated":true}]}}