{"id":19438,"date":"2025-04-07T06:47:33","date_gmt":"2025-04-07T06:47:33","guid":{"rendered":"https:\/\/www.hydraulic-cylinders.net\/product\/boom-cylinder-for-takeuchi-small-excavator-tb1135c\/"},"modified":"2025-04-07T06:47:35","modified_gmt":"2025-04-07T06:47:35","slug":"boom-cylinder-for-takeuchi-small-excavator-tb1135c","status":"publish","type":"product","link":"https:\/\/www.hydraulic-cylinders.net\/lv\/products\/boom-cylinder-for-takeuchi-small-excavator-tb1135c\/","title":{"rendered":"Str\u0113les cilindrs Takeuchi mazajam ekskavatoram TB1135C"},"content":{"rendered":"<h1>Str\u0113les cilindrs Takeuchi mazajam ekskavatoram TB1135C<\/h1>\n<h2>Str\u0113les cilindra izpratne<\/h2>\n<p>Str\u0113les cilindrs, ko bie\u017ei d\u0113v\u0113 par kausa cilindru, ir specializ\u0113ts hidrauliskais cilindrs, kas paredz\u0113ts, lai kontrol\u0113tu kausu kust\u012bbu da\u017e\u0101d\u0101s smagaj\u0101s ma\u0161\u012bn\u0101s, piem\u0113ram, ekskavatoros, univers\u0101lajos iekr\u0101v\u0113jos un front\u0101lajos iekr\u0101v\u0113jos. \u0160ie cilindri ir neat\u0146emamas hidraulisko sist\u0113mu sast\u0101vda\u013cas, kas \u013cauj pacelt, nolaist un noliekt kausu, kas ir b\u016btiski efekt\u012bviem materi\u0101lu apstr\u0101des uzdevumiem. Str\u0113les cilindru funkcionalit\u0101te \u013cauj operatoriem veikt da\u017e\u0101das darb\u012bbas, piem\u0113ram, rak\u0161anu, iekrau\u0161anu un materi\u0101lu transport\u0113\u0161anu, ar precizit\u0101ti un vieglumu.<\/p>\n<p><img decoding=\"async\" src=\"https:\/\/www.hydraulic-cylinders.net\/wp-content\/uploads\/2025\/04\/songte-company-1.webp\" alt=\"Takeuchi maz\u0101 ekskavatora str\u0113les cilindrs\"><\/p>\n<h3>Str\u0113les cilindra \u012bpa\u0161\u012bbas<\/h3>\n<ul>\n<li><strong>Augsta iztur\u012bba un ilgm\u016b\u017e\u012bba:<\/strong> \u0160ie cilindri, kas parasti ir izgatavoti no augstas stipr\u012bbas t\u0113rauda vai alum\u012bnija, var iztur\u0113t augstu spiedienu un lielas slodzes, piel\u0101gojoties skarbajiem darba apst\u0101k\u013ciem. Konstrukcij\u0101 \u0146emta v\u0113r\u0101 nodilumiztur\u012bba un iztur\u012bba pret koroziju, pagarinot produkta kalpo\u0161anas laiku.<\/li>\n<li><strong>Efekt\u012bva hidraulisk\u0101 darb\u012bba:<\/strong> Izmantojot hidraulisk\u0101s e\u013c\u013cas spiedienu, \u0161ie cilindri nodro\u0161ina vienm\u0113r\u012bgu izvirz\u012b\u0161anu un ievilk\u0161anu, \u0101tri rea\u0123\u0113jot uz darb\u012bbas komand\u0101m, vienlaikus nodro\u0161inot iev\u0113rojamu stum\u0161anas un vilk\u0161anas sp\u0113ku, kas ir piem\u0113rots smagu un sare\u017e\u0123\u012btu uzdevumu veik\u0161anai.<\/li>\n<li><strong>Pieejami da\u017e\u0101di veidi:<\/strong> Atkar\u012bb\u0101 no ekspluat\u0101cijas vajadz\u012bb\u0101m var izv\u0113l\u0113ties vienas darb\u012bbas (hidrauliku izmanto vien\u0101 virzien\u0101) vai divk\u0101r\u0161as darb\u012bbas (hidrauliku izmanto abos virzienos) cilindrus. Da\u017ei mode\u013ci ir teleskopiski, kas \u013cauj tos liel\u0101kus izstiept, nepalielinot \u0101r\u0113jos izm\u0113rus, kas ir ide\u0101li piem\u0113rots lietojumiem ar ierobe\u017eotu vietu.<\/li>\n<li><strong>Piel\u0101gota ra\u017eo\u0161ana:<\/strong> M\u0113s specializ\u0113jamies str\u0113les cilindru ra\u017eo\u0161an\u0101, kas var perfekti aizst\u0101t eso\u0161os hidrauliskos cilindrus, nodro\u0161inot sader\u012bbu un veiktsp\u0113ju.<\/li>\n<li><strong>Kvalit\u0101tes nodro\u0161in\u0101\u0161ana:<\/strong> M\u016bsu str\u0113les cilindri tiek pak\u013cauti stingr\u0101m p\u0101rbaud\u0113m un kvalit\u0101tes p\u0101rbaud\u0113m, lai garant\u0113tu optim\u0101lu veiktsp\u0113ju un dro\u0161\u012bbu da\u017e\u0101dos pielietojumos.<\/li>\n<\/ul>\n<p><img decoding=\"async\" src=\"https:\/\/www.hydraulic-cylinders.net\/wp-content\/uploads\/2025\/04\/songte-cylinder-head-with-all-kinds-excavator-models.webp\" alt=\"Hidraulisk\u0101 cilindra opcijas\"><\/p>\n<h2>Str\u0113les cilindru pielietojums<\/h2>\n<h3>Celtniec\u012bbas apr\u012bkojums<\/h3>\n<p>Ekskavatoros str\u0113les cilindriem ir iz\u0161\u0137iro\u0161a noz\u012bme augsnes vai gru\u017eu rak\u0161an\u0101, iekrau\u0161an\u0101 un transport\u0113\u0161an\u0101. To sp\u0113ja izstiepties un ievilkties nodro\u0161ina efekt\u012bvu rak\u0161anu un materi\u0101lu iekrau\u0161anu. Ekskavatoros str\u0113les cilindri ne tikai pal\u012bdz rak\u0161an\u0101, bet ar\u012b atvieglo cel\u0161anu, padarot tos par b\u016btiskiem b\u016bvniec\u012bbas projektos.<\/p>\n<h3>Lauksaimniec\u012bbas tehnika<\/h3>\n<p>Front\u0101lajos iekr\u0101v\u0113jos str\u0113les cilindri tiek izmantoti augsnes, siena un citu materi\u0101lu sav\u0101k\u0161anai, pacel\u0161anai un transport\u0113\u0161anai. To iztur\u012bg\u0101 konstrukcija nodro\u0161ina, ka tie var tikt gal\u0101 ar lauksaimniec\u012bbas darbos rakstur\u012bgaj\u0101m smagaj\u0101m krav\u0101m, t\u0101d\u0113j\u0101di palielinot lauksaimniec\u012bbas darb\u012bbu efektivit\u0101ti.<\/p>\n<h3>Ekskavatori<\/h3>\n<p>Ekskavatoros str\u0113les cilindrs \u013cauj kausam iek\u013c\u016bt zem\u0113, atvieglojot rak\u0161anas darb\u012bbas. Hidrauliskais meh\u0101nisms \u013cauj prec\u012bzi kontrol\u0113t rak\u0161anas dzi\u013cumu un platumu, nodro\u0161inot optim\u0101lu veiktsp\u0113ju da\u017e\u0101dos augsnes apst\u0101k\u013cos.<\/p>\n<h3>Iekr\u0101v\u0113ji<\/h3>\n<p>Front\u0101lajos iekr\u0101v\u0113jos str\u0113les cilindri pal\u012bdz efekt\u012bvi pacelt un izkraut kravas. To hidraulisk\u0101 jauda \u013cauj operatoriem \u0101tri p\u0101rvietot materi\u0101lus, samazinot darba laiku un palielinot produktivit\u0101ti darba viet\u0101s.<\/p>\n<h2>Dizaina apsv\u0113rumi un atlases krit\u0113riji<\/h2>\n<h3>Kravnes\u012bba<\/h3>\n<p>Str\u0113les cilindra kravnes\u012bba ir iz\u0161\u0137iro\u0161s projekt\u0113\u0161anas apsv\u0113rums. Tam j\u0101sp\u0113j iztur\u0113t maksim\u0101lo svaru, ko tas iztur\u0113s ekspluat\u0101cijas laik\u0101, neapdraudot dro\u0161\u012bbu vai veiktsp\u0113ju. In\u017eenieri parasti apr\u0113\u0137ina nepiecie\u0161amo kravnes\u012bbu, pamatojoties uz konkr\u0113tiem pielietojumiem un iek\u0101rtas maksim\u0101lo darba slodzi. Tas nodro\u0161ina, ka cilindrs var efekt\u012bvi darboties da\u017e\u0101dos apst\u0101k\u013cos, samazinot atteices risku.<\/p>\n<h3>Bl\u012bv\u0113\u0161anas meh\u0101nismi<\/h3>\n<p>Efekt\u012bva bl\u012bv\u0113\u0161ana ir vit\u0101li svar\u012bga hidraulisk\u0101 spiediena uztur\u0113\u0161anai un \u0161\u0137idruma nopl\u016b\u017eu nov\u0113r\u0161anai. Str\u0113les cilindru konstrukcij\u0101 ir iek\u013cautas uzlabotas bl\u012bv\u0113\u0161anas tehnolo\u0123ijas, lai nodro\u0161in\u0101tu ilgm\u016b\u017e\u012bbu un uzticam\u012bbu. Bl\u012bv\u0113jumiem j\u0101iztur augsts spiediens un j\u0101nov\u0113r\u0161 hidraulisk\u0101 \u0161\u0137idruma izrais\u012btais nodilums. Atbilsto\u0161u bl\u012bv\u0113\u0161anas materi\u0101lu, piem\u0113ram, poliuret\u0101na vai nitrilgumijas, izv\u0113le ir \u013coti svar\u012bga, lai sasniegtu optim\u0101lu veiktsp\u0113ju un iztur\u012bbu.<\/p>\n<h3>Iztur\u012bba un apkope<\/h3>\n<p>Iztur\u012bba ir galvenais faktors str\u0113les cilindru konstrukcij\u0101. Tiem j\u0101iztur skarbi vides apst\u0101k\u013ci, tostarp putek\u013cu, mitruma un ekstrem\u0101lu temperat\u016bru iedarb\u012bba. Konstrukcij\u0101 izmantotie materi\u0101li kop\u0101 ar aizsargp\u0101rkl\u0101jumiem uzlabo cilindra iztur\u012bbu pret koroziju un nodilumu. Regul\u0101ra apkope, tostarp bl\u012bv\u0113jumu un citu sast\u0101vda\u013cu p\u0101rbaudes un savlaic\u012bga nomai\u0146a, ir b\u016btiska, lai pagarin\u0101tu cilindra kalpo\u0161anas laiku.<\/p>\n<h3>Dro\u0161\u012bbas funkcijas<\/h3>\n<p>Str\u0113les cilindru projekt\u0113\u0161an\u0101 dro\u0161\u012bbai j\u0101pie\u0161\u0137ir priorit\u0101te. T\u0101das funkcijas k\u0101 spiediena samazin\u0101\u0161anas v\u0101rsti un dro\u0161\u012bbas meh\u0101nismi ir b\u016btiskas, lai nov\u0113rstu katastrof\u0101las k\u013c\u016bmes darb\u012bbas laik\u0101. \u0160\u012bs dro\u0161\u012bbas funkcijas ir paredz\u0113tas gan apr\u012bkojuma, gan operatora aizsardz\u012bbai, nodro\u0161inot dro\u0161u darba vidi.<\/p>\n<p><img decoding=\"async\" src=\"https:\/\/www.hydraulic-cylinders.net\/wp-content\/uploads\/2025\/04\/songte-oil-pipes-and-spare-parts.webp\" alt=\"Hidraulisko cilindru deta\u013cas\"><\/p>\n<h2>Bl\u012bv\u0113\u0161ana un e\u013c\u013co\u0161ana<\/h2>\n<p>Pareiza bl\u012bv\u0113\u0161ana un e\u013c\u013co\u0161ana ir kritiski svar\u012bga str\u0113les cilindru veiktsp\u0113jai un kalpo\u0161anas laikam. Lai nov\u0113rstu hidraulisk\u0101 \u0161\u0137idruma nopl\u016bdes, tiek izmantoti da\u017e\u0101di bl\u012bv\u0113jumi, tostarp virzu\u013ca bl\u012bv\u0113jumi un stie\u0146a bl\u012bv\u0113jumi. Iztur\u012bgu bl\u012bv\u0113jumu materi\u0101lu, piem\u0113ram, poliuret\u0101na un nitrila gumijas, izv\u0113le uzlabo to nodilumiztur\u012bbu. Turkl\u0101t cilindra korpuss un v\u012bt\u0146ot\u0101s gala virsmas tiek r\u016bp\u012bgi apstr\u0101d\u0101tas, lai uzlabotu iztur\u012bbu. Regul\u0101ra e\u013c\u013co\u0161ana ar hidraulisko e\u013c\u013cu ir b\u016btiska, lai samazin\u0101tu kust\u012bgo da\u013cu berzi un nodilumu, nodro\u0161inot vienm\u0113r\u012bgu darb\u012bbu un nov\u0113r\u0161ot priek\u0161laic\u012bgas boj\u0101jumus.<\/p>\n<h2>Prevent\u012bvie apkopes pas\u0101kumi<\/h2>\n<ul>\n<li><strong>Regul\u0101ras p\u0101rbaudes:<\/strong> Veiciet regul\u0101ras p\u0101rbaudes, lai noteiktu nopl\u016bdes, nodilumu vai boj\u0101jumus. Probl\u0113mu agr\u012bna atkl\u0101\u0161ana var nov\u0113rst d\u0101rgus remontdarbus un nodro\u0161in\u0101t optim\u0101lu veiktsp\u0113ju.<\/li>\n<li><strong>E\u013c\u013co\u0161ana:<\/strong> Regul\u0101ri uzkl\u0101jiet atbilsto\u0161u hidraulisko e\u013c\u013cu, lai bl\u012bves un kust\u012bg\u0101s da\u013cas b\u016btu pien\u0101c\u012bgi iee\u013c\u013cotas, samazinot berzi un nodilumu.<\/li>\n<li><strong>Bl\u012bv\u0113juma nomai\u0146a:<\/strong> Nekav\u0113joties nomainiet nolietot\u0101s vai boj\u0101t\u0101s bl\u012bves, lai saglab\u0101tu hidraulisko efektivit\u0101ti un nov\u0113rstu nopl\u016bdes.<\/li>\n<\/ul>\n<h2>Uzst\u0101d\u012b\u0161anas vadl\u012bnijas<\/h2>\n<p>Pareiza str\u0113les cilindru uzst\u0101d\u012b\u0161ana ir b\u016btiska optim\u0101lai veiktsp\u0113jai. Vispirms p\u0101rliecinieties, ka darba zona ir t\u012bra un bez gru\u017eiem. Prec\u012bzi izl\u012bdziniet cilindru ar ma\u0161\u012bnas stiprin\u0101juma punktiem, lai nov\u0113rstu nepareizu izl\u012bdzin\u0101\u0161anu. Izmantojiet atbilsto\u0161us stiprin\u0101juma kron\u0161teinus, lai nostiprin\u0101tu cilindru viet\u0101. P\u0101rliecinieties, vai hidraulisk\u0101s l\u012bnijas ir pareizi pievienotas un vai nav loc\u012bjumu vai l\u012bkumu, kas var\u0113tu ierobe\u017eot \u0161\u0137idruma pl\u016bsmu. P\u0113c uzst\u0101d\u012b\u0161anas veiciet r\u016bp\u012bgu p\u0101rbaudi un pirms piln\u012bgas darb\u012bbas p\u0101rbaudiet sist\u0113mu zem zema spiediena, lai p\u0101rliecin\u0101tos, ka viss darbojas pareizi.<\/p>\n<h2>Bie\u017ei sastopamie apkopes uzdevumi<\/h2>\n<ul>\n<li><strong>Regul\u0101ras p\u0101rbaudes:<\/strong> Periodiski p\u0101rbaudiet cilindru, vai nav nodiluma, nopl\u016b\u017eu vai boj\u0101jumu paz\u012bmju. Tas pal\u012bdz identific\u0113t potenci\u0101l\u0101s probl\u0113mas, pirms t\u0101s k\u013c\u016bst par nopietn\u0101m probl\u0113m\u0101m.<\/li>\n<li><strong>Pareiza e\u013c\u013co\u0161ana:<\/strong> Nodro\u0161iniet, lai hidraulisk\u0101 e\u013c\u013ca tiktu past\u0101v\u012bgi uzkl\u0101ta, lai bl\u012bves un kust\u012bg\u0101s da\u013cas b\u016btu iee\u013c\u013cotas, nov\u0113r\u0161ot priek\u0161laic\u012bgu nodilumu.<\/li>\n<li><strong>Bl\u012bv\u0113juma nomai\u0146a:<\/strong> Uzraugiet bl\u012bv\u0113jumu st\u0101vokli un nomainiet tos p\u0113c nepiecie\u0161am\u012bbas, lai uztur\u0113tu hidraulisko efektivit\u0101ti un nov\u0113rstu nopl\u016bdes.<\/li>\n<\/ul>\n<h2>Dro\u0161\u012bbas apsv\u0113rumi un vides faktori<\/h2>\n<p>Izmantojot str\u0113les cilindrus, ir svar\u012bgi noteikt dro\u0161\u012bbas pas\u0101kumu priorit\u0101ti. Operatoriem j\u0101b\u016bt apm\u0101c\u012btiem dro\u0161\u0101 tehnikas, kas apr\u012bkota ar hidrauliskaj\u0101m sist\u0113m\u0101m, lieto\u0161an\u0101. Regul\u0101ras dro\u0161\u012bbas p\u0101rbaudes var pal\u012bdz\u0113t identific\u0113t iesp\u0113jamos apdraud\u0113jumus un nodro\u0161in\u0101t atbilst\u012bbu nozares standartiem. Turkl\u0101t, lai samazin\u0101tu hidraulisko darb\u012bbu ietekmi uz vidi, j\u0101\u0146em v\u0113r\u0101 t\u0101di vides faktori k\u0101 \u0161\u0137idrumu utiliz\u0101cija un emisijas.<\/p>\n<h2>K\u013c\u016bmju diagnostika un bie\u017e\u0101k sastopam\u0101s probl\u0113mas<\/h2>\n<ul>\n<li><strong>Hidraulisk\u0101s nopl\u016bdes:<\/strong> Viena no visbie\u017e\u0101k sastopamaj\u0101m probl\u0113m\u0101m ir hidraulisk\u0101 \u0161\u0137idruma nopl\u016bdes, ko bie\u017ei izraisa nodilu\u0161as bl\u012bves vai boj\u0101tas l\u012bnijas. Regul\u0101ras p\u0101rbaudes var pal\u012bdz\u0113t savlaic\u012bgi atkl\u0101t nopl\u016bdes.<\/li>\n<li><strong>Slikta cilindra darb\u012bba:<\/strong> Ja str\u0113les cilindrs neizb\u012bd\u0101s vai neievelkas vienm\u0113r\u012bgi, tas var liecin\u0101t par zemu hidraulisk\u0101 \u0161\u0137idruma l\u012bmeni vai gaisu sist\u0113m\u0101, kas ir j\u0101atgaiso.<\/li>\n<li><strong>P\u0101rkar\u0161ana:<\/strong> P\u0101rm\u0113r\u012bgs karstums var saboj\u0101t hidrauliskos komponentus. Ir svar\u012bgi nodro\u0161in\u0101t atbilsto\u0161u dzes\u0113\u0161anu un uzraudz\u012bt \u0161\u0137idruma temperat\u016bru.<\/li>\n<\/ul>\n<h2>Probl\u0113mu nov\u0113r\u0161anas padomi<\/h2>\n<p>Lai efekt\u012bvi nov\u0113rstu bie\u017ei sastopamas probl\u0113mas ar str\u0113les cilindriem, ir svar\u012bgi iev\u0113rot sistem\u0101tisku pieeju. P\u0101rbaudiet \u0161\u0137idruma l\u012bmeni un, ja nepiecie\u0161ams, uzpildiet, jo zems l\u012bmenis var izrais\u012bt nepietiekamu hidraulisko spiedienu. P\u0101rbaudiet bl\u012bves, vai t\u0101s nav nodilu\u0161as vai boj\u0101tas, un nomainiet t\u0101s p\u0113c nepiecie\u0161am\u012bbas. Ja notiek p\u0101rkar\u0161ana, nov\u0113rt\u0113jiet hidraulisko sist\u0113mu, vai taj\u0101 nav aizsprostojumu, kas var\u0113tu ierobe\u017eot \u0161\u0137idruma pl\u016bsmu. Prevent\u012bvu pas\u0101kumu, piem\u0113ram, regul\u0101ras apkopes un savlaic\u012bga remonta, ievie\u0161ana var iev\u0113rojami samazin\u0101t probl\u0113mu ra\u0161an\u0101s iesp\u0113jam\u012bbu.<\/p>\n<p><img decoding=\"async\" src=\"https:\/\/www.hydraulic-cylinders.net\/wp-content\/uploads\/2025\/04\/songte-bushings-with-all-kinds-of-excavator-models.webp\" alt=\"Ekskavatora bukses\"><\/p>\n<h2>Par m\u016bsu uz\u0146\u0113mumu<\/h2>\n<p>M\u0113s esam rezerves hidraulisko cilindru ra\u017eot\u0101js, kas pied\u0101v\u0101 pla\u0161u produktu kl\u0101stu. M\u016bsu uz\u0146\u0113mums ir k\u013cuvis par vienu no vado\u0161ajiem hidraulisko cilindru ra\u017eot\u0101jiem un vairumtirgot\u0101jiem gan viet\u0113j\u0101, gan starptautiskaj\u0101 tirg\u016b. M\u0113s iev\u0113rojam izcil\u012bbas kvalit\u0101tes principu, sav\u0101s darbn\u012bc\u0101s izmantojot izsmalcin\u0101tu ra\u017eo\u0161anas vad\u012bbas strat\u0113\u0123iju. M\u016bsu ap\u0146em\u0161an\u0101s nodro\u0161in\u0101t tehnolo\u0123iskos talantus, augstas klases digit\u0101l\u0101s ra\u017eo\u0161anas iek\u0101rtas un profesion\u0101las test\u0113\u0161anas sist\u0113mas nep\u0101rtraukti uzlabo m\u016bsu ra\u017eo\u0161anas iesp\u0113jas, nodro\u0161inot, ka m\u0113s apmierin\u0101m da\u017e\u0101das klientu vajadz\u012bbas ar augstu efektivit\u0101ti, precizit\u0101ti un kvalit\u0101ti.<\/p>\n<p><img decoding=\"async\" src=\"https:\/\/www.hydraulic-cylinders.net\/wp-content\/uploads\/2025\/04\/songte-company-4.webp\" alt=\"Uz\u0146\u0113muma p\u0101rskats\"><br \/>\n<img decoding=\"async\" src=\"https:\/\/www.hydraulic-cylinders.net\/wp-content\/uploads\/2025\/04\/songte-company-3.webp\" alt=\"Uz\u0146\u0113muma telpas\"><\/p>\n<p>M\u016bsu uz\u0146\u0113mums uzsver profesionalit\u0101ti, starptautiskus sertifik\u0101tus, piel\u0101gotus pakalpojumus, modernas ra\u017eo\u0161anas iek\u0101rtas un \u012bpa\u0161u p\u0113cp\u0101rdo\u0161anas apkalpo\u0161anu, lai v\u0113l vair\u0101k uzlabotu m\u016bsu klientu pieredzi.<\/p>\n<p>Autors: lil<\/p>","protected":false},"excerpt":{"rendered":"<p>Boom Cylinder For Takeuchi Small Excavator TB1135C Understanding the Boom Cylinder A boom cylinder, often referred to as a bucket cylinder, is a specialized hydraulic cylinder designed to control the movement of buckets in various heavy machinery, such as excavators, backhoes, and front loaders. These cylinders are integral components of hydraulic systems, enabling the lifting, [&hellip;]<\/p>","protected":false},"featured_media":17867,"comment_status":"open","ping_status":"closed","template":"","meta":{"_et_pb_use_builder":"","_et_pb_old_content":"","_et_gb_content_width":""},"product_brand":[],"product_cat":[1546],"product_tag":[1547,1496],"class_list":{"0":"post-19438","1":"product","2":"type-product","3":"status-publish","4":"has-post-thumbnail","6":"product_cat-boom-cylinders","7":"product_tag-boom-cylinders","8":"product_tag-hydraulic-cylinders","10":"first","11":"instock","12":"shipping-taxable","13":"product-type-simple"},"amp_enabled":true,"_links":{"self":[{"href":"https:\/\/www.hydraulic-cylinders.net\/lv\/wp-json\/wp\/v2\/product\/19438","targetHints":{"allow":["GET"]}}],"collection":[{"href":"https:\/\/www.hydraulic-cylinders.net\/lv\/wp-json\/wp\/v2\/product"}],"about":[{"href":"https:\/\/www.hydraulic-cylinders.net\/lv\/wp-json\/wp\/v2\/types\/product"}],"replies":[{"embeddable":true,"href":"https:\/\/www.hydraulic-cylinders.net\/lv\/wp-json\/wp\/v2\/comments?post=19438"}],"wp:featuredmedia":[{"embeddable":true,"href":"https:\/\/www.hydraulic-cylinders.net\/lv\/wp-json\/wp\/v2\/media\/17867"}],"wp:attachment":[{"href":"https:\/\/www.hydraulic-cylinders.net\/lv\/wp-json\/wp\/v2\/media?parent=19438"}],"wp:term":[{"taxonomy":"product_brand","embeddable":true,"href":"https:\/\/www.hydraulic-cylinders.net\/lv\/wp-json\/wp\/v2\/product_brand?post=19438"},{"taxonomy":"product_cat","embeddable":true,"href":"https:\/\/www.hydraulic-cylinders.net\/lv\/wp-json\/wp\/v2\/product_cat?post=19438"},{"taxonomy":"product_tag","embeddable":true,"href":"https:\/\/www.hydraulic-cylinders.net\/lv\/wp-json\/wp\/v2\/product_tag?post=19438"}],"curies":[{"name":"wp","href":"https:\/\/api.w.org\/{rel}","templated":true}]}}