{"id":19439,"date":"2025-04-07T06:47:35","date_gmt":"2025-04-07T06:47:35","guid":{"rendered":"https:\/\/www.hydraulic-cylinders.net\/product\/boom-cylinder-for-case-small-excavator-cx58c\/"},"modified":"2025-04-07T06:47:38","modified_gmt":"2025-04-07T06:47:38","slug":"boom-cylinder-for-case-small-excavator-cx58c","status":"publish","type":"product","link":"https:\/\/www.hydraulic-cylinders.net\/lv\/products\/boom-cylinder-for-case-small-excavator-cx58c\/","title":{"rendered":"Str\u0113les cilindrs Case mazajam ekskavatoram CX58C"},"content":{"rendered":"<h1>Str\u0113les cilindrs Case mazajam ekskavatoram CX58C<\/h1>\n<h2>Str\u0113les cilindru izpratne<\/h2>\n<p>Str\u0113les cilindrs ir svar\u012bga hidrauliska sast\u0101vda\u013ca, kas \u012bpa\u0161i paredz\u0113ta kausu kust\u012bbas vad\u012bbai smag\u0101s ma\u0161\u012bn\u0101s, piem\u0113ram, ekskavatoros, univers\u0101lajos iekr\u0101v\u0113jos un front\u0101lajos iekr\u0101v\u0113jos. \u0160is hidrauliskais cilindrs \u013cauj kausam pacelties, nolaisties un noliekties, t\u0101d\u0113j\u0101di veicinot efekt\u012bvas materi\u0101lu apstr\u0101des darb\u012bbas. K\u0101 specializ\u0113ta hidrauliska ier\u012bce tam ir iz\u0161\u0137iro\u0161a noz\u012bme \u0161o ma\u0161\u012bnu vienm\u0113r\u012bgas darb\u012bbas nodro\u0161in\u0101\u0161an\u0101, \u013caujot t\u0101m efekt\u012bvi veikt t\u0101dus uzdevumus k\u0101 rak\u0161ana, cel\u0161ana un materi\u0101lu transport\u0113\u0161ana.<\/p>\n<p><img decoding=\"async\" src=\"https:\/\/www.hydraulic-cylinders.net\/wp-content\/uploads\/2025\/04\/songte-company-1.webp\" alt=\"Hidrauliskais cilindrs\"><\/p>\n<h3>Defin\u012bcija un p\u0101rskats<\/h3>\n<p>Kausa cilindrs ir hidraulisk\u0101 cilindra veids, kas darbojas hidrauliskaj\u0101 sist\u0113m\u0101, p\u0101rveidojot hidraulisko ener\u0123iju meh\u0101nisk\u0101 sp\u0113k\u0101. Tas ir \u012bpa\u0161i svar\u012bgi celtniec\u012bbas iek\u0101rt\u0101s un lauksaimniec\u012bbas ma\u0161\u012bn\u0101s, kur tas tie\u0161i ietekm\u0113 darb\u012bbu veiktsp\u0113ju un efektivit\u0101ti. Cilindra sp\u0113ja nodro\u0161in\u0101t kontrol\u0113tu kust\u012bbu ir kritiski svar\u012bga, jo t\u0101 nodro\u0161ina precizit\u0101ti un jaudu cel\u0161anas un rak\u0161anas darbu laik\u0101. \u0160\u012bs hidraulisk\u0101s sist\u0113mas integr\u0113t\u0101 konstrukcija ne tikai uzlabo produktivit\u0101ti, bet ar\u012b veicina smago ma\u0161\u012bnu visp\u0101r\u0113jo dro\u0161\u012bbu un efektivit\u0101ti.<\/p>\n<h2>Str\u0113les cilindra galven\u0101s iez\u012bmes<\/h2>\n<ul>\n<li><strong>Augsta iztur\u012bba un ilgm\u016b\u017e\u012bba:<\/strong> Izgatavots no augstas stipr\u012bbas t\u0113rauda vai alum\u012bnija, str\u0113les cilindrs ir paredz\u0113ts, lai iztur\u0113tu augstu spiedienu un lielas slodzes, padarot to ide\u0101li piem\u0113rotu skarbiem darba apst\u0101k\u013ciem. T\u0101 konstrukcija ir veidota, \u0146emot v\u0113r\u0101 nodilumiztur\u012bbu un korozijas iztur\u012bbu, iev\u0113rojami pagarinot t\u0101 ekspluat\u0101cijas laiku.<\/li>\n<li><strong>Efekt\u012bva hidraulisk\u0101 darb\u012bba:<\/strong> Izmantojot hidraulisk\u0101s e\u013c\u013cas spiedienu vienm\u0113r\u012bgai izvilk\u0161anai un ievilk\u0161anai, \u0161is cilindrs \u0101tri rea\u0123\u0113 uz vad\u012bbas komand\u0101m, nodro\u0161inot jaud\u012bgu stum\u0161anas un vilk\u0161anas sp\u0113ku, kas piem\u0113rots smagu kravu cel\u0161anai un sare\u017e\u0123\u012btiem uzdevumiem.<\/li>\n<li><strong>Pieejami da\u017e\u0101di veidi:<\/strong> Atkar\u012bb\u0101 no vajadz\u012bb\u0101m lietot\u0101ji var izv\u0113l\u0113ties vienas darb\u012bbas (darbojas vien\u0101 virzien\u0101) vai divk\u0101r\u0161as darb\u012bbas (darbojas abos virzienos) cilindrus. Da\u017ei mode\u013ci ir teleskopiski, kas \u013cauj tos pagarin\u0101t, nepalielinot \u0101r\u0113jos izm\u0113rus, kas ir ide\u0101li piem\u0113rots lietojumiem ar ierobe\u017eotu vietu.<\/li>\n<li><strong>Piel\u0101gojami risin\u0101jumi:<\/strong> M\u0113s ra\u017eojam \u0161o produktu ar precizit\u0101ti, nodro\u0161inot, ka m\u016bsu cilindri var perfekti aizst\u0101t eso\u0161os hidrauliskos cilindrus, ko izmanto da\u017e\u0101dos meh\u0101nismos.<\/li>\n<li><strong>Uzlabota dizaina tehnolo\u0123ija:<\/strong> M\u016bsu str\u0113les cilindri ir izstr\u0101d\u0101ti, izmantojot jaun\u0101k\u0101s tehnolo\u0123ijas, kas garant\u0113 sader\u012bbu ar da\u017e\u0101diem ekskavatoru mode\u013ciem, optimiz\u0113jot veiktsp\u0113ju un uzticam\u012bbu.<\/li>\n<\/ul>\n<p><img decoding=\"async\" src=\"https:\/\/www.hydraulic-cylinders.net\/wp-content\/uploads\/2025\/04\/songte-cylinder-head-with-all-kinds-excavator-models.webp\" alt=\"Ekskavatoru mode\u013ci\"><\/p>\n<h2>Str\u0113les cilindra pielietojumi<\/h2>\n<h3>Celtniec\u012bbas apr\u012bkojums<\/h3>\n<p>Ekskavatoros str\u0113les cilindri ir galven\u0101 sast\u0101vda\u013ca augsnes vai gru\u017eu rak\u0161anai, iekrau\u0161anai un p\u0101rvieto\u0161anai. Tie nodro\u0161ina prec\u012bzu kausa kust\u012bbu, uzlabojot produktivit\u0101ti b\u016bvlaukumos. Str\u0113les cilindra nodro\u0161in\u0101t\u0101 vad\u012bba vienk\u0101r\u0161o operatora uzdevumus, \u013caujot efekt\u012bvi veikt rak\u0161anas darbus un materi\u0101lu apstr\u0101di.<\/p>\n<h3>Lauksaimniec\u012bbas tehnika<\/h3>\n<p>Front\u0101lajos iekr\u0101v\u0113jos str\u0113les cilindri tiek izmantoti t\u0101du materi\u0101lu k\u0101 augsnes, siena un citu lauksaimniec\u012bbas produktu sav\u0101k\u0161anai, cel\u0161anai un transport\u0113\u0161anai. To iztur\u012bg\u0101 konstrukcija nodro\u0161ina, ka tie tiek gal\u0101 ar pras\u012bgajiem lauksaimniec\u012bbas darbiem, \u013caujot lauksaimniekiem efekt\u012bvi p\u0101rvald\u012bt savus uzdevumus.<\/p>\n<h3>Rak\u0161anas darbi<\/h3>\n<p>Ekskavatori rak\u0161anas proces\u0101 liel\u0101 m\u0113r\u0101 pa\u013caujas uz str\u0113les cilindriem. \u013baujot kausam efekt\u012bvi iek\u013c\u016bt augsn\u0113, cilindrs atvieglo dzi\u013c\u0101kus un efekt\u012bv\u0101kus izrakumus, kas ir b\u016btiski da\u017e\u0101diem b\u016bvniec\u012bbas un ainavu veido\u0161anas projektiem.<\/p>\n<h3>Iel\u0101d\u0113t\u0101ja lietojumprogrammas<\/h3>\n<p>Front\u0101lajos iekr\u0101v\u0113jos str\u0113les cilindri pal\u012bdz efekt\u012bvi pacelt un izkraut kravas. To konstrukcija nodro\u0161ina, ka smagus materi\u0101lus var pacelt un noliekt, \u013caujot veikt efekt\u012bvas izkrau\u0161anas darb\u012bbas, t\u0101d\u0113j\u0101di palielinot produktivit\u0101ti un samazinot uzdevumu veik\u0161anai pat\u0113r\u0113to laiku.<\/p>\n<h2>Dizaina apsv\u0113rumi un atlases krit\u0113riji<\/h2>\n<h3>Kravnes\u012bba<\/h3>\n<p>Izv\u0113loties str\u0113les cilindru, ir svar\u012bgi \u0146emt v\u0113r\u0101 t\u0101 kravnes\u012bbu. Cilindram j\u0101sp\u0113j iztur\u0113t maksim\u0101lo pace\u013cam\u0101s vai p\u0101rvietojam\u0101s kravas svaru bez boj\u0101juma riska. Cilindra p\u0101rslodze var izrais\u012bt katastrof\u0101las k\u013c\u016bmes un negad\u012bjumus, t\u0101p\u0113c ir svar\u012bgi izv\u0113l\u0113ties cilindru, kas p\u0101rsniedz paredz\u0113t\u0101s slodzes pras\u012bbas.<\/p>\n<h3>Bl\u012bv\u0113\u0161anas sist\u0113mas<\/h3>\n<p>Lai nov\u0113rstu hidraulisk\u0101 \u0161\u0137idruma nopl\u016bdes un nodro\u0161in\u0101tu optim\u0101lu veiktsp\u0113ju, ir nepiecie\u0161ama uzticama bl\u012bv\u0113\u0161anas sist\u0113ma. Piem\u0113roti bl\u012bv\u0113jumi j\u0101izv\u0113las atkar\u012bb\u0101 no darba vides, un to iztur\u012bbas un nodilumiztur\u012bbas d\u0113\u013c ir pieejamas t\u0101das iesp\u0113jas k\u0101 poliuret\u0101ns un nitrila gumija. Kvalitat\u012bvs bl\u012bv\u0113jums b\u016btiski ietekm\u0113 cilindra efektivit\u0101ti un ilgm\u016b\u017e\u012bbu.<\/p>\n<h3>Iztur\u012bba<\/h3>\n<p>Iztur\u012bba ir galvenais faktors, izv\u0113loties hidrauliskos cilindrus. B\u016bvniec\u012bb\u0101 izmantotajiem materi\u0101liem j\u0101b\u016bt iztur\u012bgiem pret nodilumu un koroziju, \u012bpa\u0161i vid\u0113, kas pak\u013cauta skarbiem apst\u0101k\u013ciem. Augstas iztur\u012bbas materi\u0101li apvienojum\u0101 ar aizsargp\u0101rkl\u0101jumiem var uzlabot cilindra ilgm\u016b\u017e\u012bbu, nodro\u0161inot, ka tas iztur regul\u0101ru lieto\u0161anu bez boj\u0101jumiem.<\/p>\n<h3>Dro\u0161\u012bbas funkcijas<\/h3>\n<p>Dro\u0161\u012bba ir \u0101rk\u0101rt\u012bgi svar\u012bga hidraulisko cilindru konstrukcij\u0101. T\u0101du funkciju k\u0101 spiediena samazin\u0101\u0161anas v\u0101rstu un p\u0101rslodzes aizsardz\u012bbas meh\u0101nismu iek\u013cau\u0161ana var nov\u0113rst negad\u012bjumus un iek\u0101rtu boj\u0101jumus. Ir svar\u012bgi nodro\u0161in\u0101t, lai \u0161\u012bs funkcijas b\u016btu integr\u0113tas konstrukcij\u0101, lai veicin\u0101tu dro\u0161u darb\u012bbu lauk\u0101.<\/p>\n<h3>Apkopes pieejam\u012bba<\/h3>\n<p>Hidraulisk\u0101 cilindra projekt\u0113\u0161ana, \u0146emot v\u0113r\u0101 apkopes pieejam\u012bbu, var iev\u0113rojami atvieglot apkopes procesu. Funkcijas, kas \u013cauj viegli p\u0101rbaud\u012bt, t\u012br\u012bt un nomain\u012bt deta\u013cas, var ietaup\u012bt laiku un samazin\u0101t izmaksas, kas saist\u012btas ar ilgsto\u0161u d\u012bkst\u0101vi. Nodro\u0161inot, ka visas sast\u0101vda\u013cas ir pieejamas, tiks atvieglotas regul\u0101ras apkopes p\u0101rbaudes.<\/p>\n<p><img decoding=\"async\" src=\"https:\/\/www.hydraulic-cylinders.net\/wp-content\/uploads\/2025\/04\/songte-oil-pipes-and-spare-parts.webp\" alt=\"Hidraulisk\u0101s da\u013cas\"><\/p>\n<h2>Bl\u012bv\u0113\u0161ana un e\u013c\u013co\u0161ana<\/h2>\n<p>Hidraulisk\u0101s sist\u0113mas efektivit\u0101te ir \u013coti atkar\u012bga no t\u0101s bl\u012bv\u0113juma un e\u013c\u013co\u0161anas. Str\u0113les cilindr\u0101 j\u0101izmanto da\u017e\u0101di bl\u012bv\u0113jumi, tostarp virzu\u013ca bl\u012bv\u0113jumi un stie\u0146a bl\u012bv\u0113jumi. Bl\u012bv\u0113jumi, kas izgatavoti no iztur\u012bgiem materi\u0101liem, piem\u0113ram, poliuret\u0101na un nitrila gumijas, uzlabo nodilumiztur\u012bbu un ilgm\u016b\u017e\u012bbu. Turkl\u0101t cilindra korpuss un v\u012bt\u0146ot\u0101s gala virsmas ir r\u016bp\u012bgi j\u0101apstr\u0101d\u0101, lai uzlabotu nodilumiztur\u012bbu.<\/p>\n<p>Regul\u0101ra e\u013c\u013co\u0161ana ir \u013coti svar\u012bga, lai uztur\u0113tu optim\u0101lus darba apst\u0101k\u013cus. Hidraulisk\u0101 e\u013c\u013ca periodiski j\u0101pievieno, lai nodro\u0161in\u0101tu vienm\u0113r\u012bgu darb\u012bbu un nov\u0113rstu nodilumu. Pareiza e\u013c\u013co\u0161ana samazina berzi un siltuma veido\u0161anos, kas laika gait\u0101 var saboj\u0101t iek\u0161\u0113j\u0101s deta\u013cas.<\/p>\n<h2>Regul\u0101ras p\u0101rbaudes un profilaktisk\u0101s apkopes pas\u0101kumi<\/h2>\n<ul>\n<li><strong>Rut\u012bnas p\u0101rbaudes:<\/strong> Regul\u0101ri p\u0101rbaudiet str\u0113les cilindru, lai noteiktu jebk\u0101das nodiluma vai boj\u0101jumu paz\u012bmes. Mekl\u0113jiet nopl\u016bdes un p\u0101rliecinieties, vai visas bl\u012bves darbojas pareizi.<\/li>\n<li><strong>Pareiza e\u013c\u013co\u0161ana:<\/strong> Iev\u0113rojiet cilindra e\u013c\u013co\u0161anas grafiku, lai nov\u0113rstu nodilumu un nodro\u0161in\u0101tu efekt\u012bvu darb\u012bbu. P\u0101rbaudiet hidraulisk\u0101s e\u013c\u013cas l\u012bmeni un piepildiet to p\u0113c nepiecie\u0161am\u012bbas.<\/li>\n<li><strong>Bl\u012bv\u0113juma nomai\u0146a:<\/strong> Regul\u0101ri uzraugiet bl\u012bv\u0113jumu st\u0101vokli. Nekav\u0113joties nomainiet nolietot\u0101s vai boj\u0101t\u0101s bl\u012bves, lai izvair\u012btos no nopl\u016bd\u0113m un hidraulisk\u0101 spiediena zuduma.<\/li>\n<\/ul>\n<h2>Uzst\u0101d\u012b\u0161anas vadl\u012bnijas<\/h2>\n<p>Pareiza str\u0113les cilindra uzst\u0101d\u012b\u0161ana ir \u013coti svar\u012bga optim\u0101lai veiktsp\u0113jai. Vispirms p\u0101rliecinieties, vai mont\u0101\u017eas virsmas ir t\u012bras un bez gru\u017eiem. Pareizi izl\u012bdziniet cilindru ar eso\u0161ajiem stiprin\u0101jumiem, lai izvair\u012btos no nepareizas izl\u012bdzin\u0101\u0161anas probl\u0113m\u0101m, kas var\u0113tu izrais\u012bt priek\u0161laic\u012bgu nodilumu vai boj\u0101jumus. Izmantojiet atbilsto\u0161us mont\u0101\u017eas kron\u0161teinus, lai nostiprin\u0101tu cilindru viet\u0101, nodro\u0161inot, ka tas darb\u012bbas laik\u0101 ir pien\u0101c\u012bgi atbalst\u012bts.<\/p>\n<p>Pievienojot hidraulisk\u0101s l\u012bnijas, p\u0101rliecinieties, vai taj\u0101s nav loc\u012bjumu vai aizsprostojumu, kas var\u0113tu kav\u0113t \u0161\u0137idruma pl\u016bsmu. P\u0101rbaudiet visu savienojumu stingr\u012bbu, lai nov\u0113rstu nopl\u016bdes. P\u0113c uzst\u0101d\u012b\u0161anas veiciet testa darb\u012bbu, lai p\u0101rliecin\u0101tos, ka cilindrs darbojas nevainojami un ka nav nopl\u016b\u017eu vai neparastu trok\u0161\u0146u.<\/p>\n<h2>Bie\u017ei sastopamie apkopes uzdevumi<\/h2>\n<ul>\n<li><strong>Regul\u0101ras p\u0101rbaudes:<\/strong> P\u0101rbaudes j\u0101veic pl\u0101notos interv\u0101los, lai laikus identific\u0113tu visas iesp\u0113jam\u0101s probl\u0113mas. Mekl\u0113jiet nodiluma, nopl\u016b\u017eu vai nepareizas izl\u012bdzin\u0101\u0161anas paz\u012bmes un nekav\u0113joties nov\u0113rsiet t\u0101s, lai nov\u0113rstu d\u0101rgus remontdarbus.<\/li>\n<li><strong>Piem\u0113rota e\u013c\u013co\u0161ana:<\/strong> P\u0101rliecinieties, vai hidraulisk\u0101 sist\u0113ma ir pien\u0101c\u012bgi iee\u013c\u013cota, lai uztur\u0113tu optim\u0101lu veiktsp\u0113ju. Regul\u0101ri p\u0101rbaudiet e\u013c\u013cas l\u012bmeni un, ja nepiecie\u0161ams, pievienojiet hidraulisko \u0161\u0137idrumu, lai nodro\u0161in\u0101tu vienm\u0113r\u012bgu darb\u012bbu.<\/li>\n<li><strong>Bl\u012bv\u0113juma nomai\u0146a un kalibr\u0113\u0161ana:<\/strong> Regul\u0101ri nov\u0113rt\u0113jiet bl\u012bv\u0113jumu st\u0101vokli un nomainiet tos p\u0113c nepiecie\u0161am\u012bbas. Kalibr\u0113\u0161anas p\u0101rbaudes nodro\u0161in\u0101s, ka sist\u0113ma darbojas dro\u0161u parametru robe\u017e\u0101s, nov\u0113r\u0161ot p\u0101rslodzes un iesp\u0113jamus boj\u0101jumus.<\/li>\n<\/ul>\n<h2>Dro\u0161\u012bbas apsv\u0113rumi un vides faktori<\/h2>\n<p>Izmantojot hidrauliskos cilindrus, ir \u013coti svar\u012bgi ieviest dro\u0161\u012bbas pas\u0101kumus, lai aizsarg\u0101tu operatorus un apr\u012bkojumu. Lai samazin\u0101tu negad\u012bjumu skaitu, ir nepiecie\u0161ama atbilsto\u0161a apm\u0101c\u012bba par hidraulisko sist\u0113mu ekspluat\u0101ciju un apkopi. Vienm\u0113r iev\u0113rojiet ra\u017eot\u0101ja nor\u0101d\u012bjumus par slodzes ierobe\u017eojumiem un ekspluat\u0101cijas proced\u016br\u0101m.<\/p>\n<p>Ar\u012b vides faktoriem ir b\u016btiska loma hidraulisko sist\u0113mu ilgm\u016b\u017e\u012bb\u0101. Nodro\u0161iniet, lai darba vide b\u016btu br\u012bva no pies\u0101r\u0146ot\u0101jiem un lai hidrauliskie \u0161\u0137idrumi tiktu pareizi utiliz\u0113ti, lai samazin\u0101tu ietekmi uz vidi.<\/p>\n<h2>Probl\u0113mu nov\u0113r\u0161ana un bie\u017ei sastopamas probl\u0113mas<\/h2>\n<ul>\n<li><strong>Nopl\u016bde:<\/strong> Nopl\u016bdes var rasties nolietotu bl\u012bv\u0113jumu vai boj\u0101tu deta\u013cu d\u0113\u013c. Regul\u0101ri j\u0101veic p\u0101rbaudes, lai laikus atkl\u0101tu nopl\u016bdes un nomain\u012btu boj\u0101t\u0101s deta\u013cas.<\/li>\n<li><strong>Nekonsekventa darb\u012bba:<\/strong> Ja str\u0113les cilindrs neizvirz\u0101s vai neievelkas vienm\u0113r\u012bgi, tas var liecin\u0101t par zemu hidraulisk\u0101 \u0161\u0137idruma l\u012bmeni vai gaisu sist\u0113m\u0101. P\u0101rbaudiet \u0161\u0137idruma l\u012bmeni un, ja nepiecie\u0161ams, atgaisojiet sist\u0113mu.<\/li>\n<li><strong>D\u012bvainas ska\u0146as:<\/strong> Neparastas ska\u0146as darb\u012bbas laik\u0101 var liecin\u0101t par iek\u0161\u0113jiem boj\u0101jumiem vai e\u013c\u013co\u0161anas tr\u016bkumu. Noskaidrojiet trok\u0161\u0146a avotu un nekav\u0113joties nov\u0113rsiet visas probl\u0113mas.<\/li>\n<\/ul>\n<h2>Padomi probl\u0113mu nov\u0113r\u0161anai<\/h2>\n<p>Lai efekt\u012bvi diagnostic\u0113tu probl\u0113mas ar str\u0113les cilindru, vispirms p\u0101rbaudiet, vai nav redzamu boj\u0101jumu vai nodiluma paz\u012bmju. P\u0101rliecinieties, vai hidraulisk\u0101 \u0161\u0137idruma l\u012bmenis ir pietiekams un vai hidrauliskaj\u0101s l\u012bnij\u0101s nav aizsprostojumu. Ja ir nopl\u016bdes, nosakiet to avotu un nepiecie\u0161am\u012bbas gad\u012bjum\u0101 nomainiet boj\u0101t\u0101s bl\u012bves vai komponentus. Regul\u0101ra apkope var pal\u012bdz\u0113t nov\u0113rst daudzas izplat\u012btas probl\u0113mas, t\u0101d\u0113j\u0101di pagarinot hidraulisk\u0101 cilindra kalpo\u0161anas laiku un nodro\u0161inot uzticamu darb\u012bbu.<\/p>\n<p><img decoding=\"async\" src=\"https:\/\/www.hydraulic-cylinders.net\/wp-content\/uploads\/2025\/04\/songte-bushings-with-all-kinds-of-excavator-models.webp\" alt=\"Ekskavatora bukses\"><\/p>\n<h2>Par m\u016bsu uz\u0146\u0113mumu<\/h2>\n<p>M\u0113s esam vado\u0161ais rezerves hidraulisko cilindru ra\u017eot\u0101js, kas pied\u0101v\u0101 pla\u0161u produktu kl\u0101stu. M\u016bsu ap\u0146em\u0161an\u0101s sasniegt izcil\u012bbu ir padar\u012bjusi m\u016bs par iev\u0113rojamu sp\u0113l\u0113t\u0101ju gan viet\u0113j\u0101, gan starptautiskaj\u0101 tirg\u016b. M\u0113s iev\u0113rojam augstus kvalit\u0101tes standartus, izmantojot r\u016bpniecisk\u0101s ra\u017eo\u0161anas vad\u012bbas strat\u0113\u0123iju m\u016bsu prec\u012bzi noregul\u0113taj\u0101s ra\u017eo\u0161anas darbn\u012bc\u0101s. M\u016bsu uz\u0146\u0113mums past\u0101v\u012bgi uzlabo savas ra\u017eo\u0161anas iesp\u0113jas, izmantojot kvalific\u0113tu person\u0101lu, modernu digit\u0101lo ra\u017eo\u0161anas apr\u012bkojumu un profesion\u0101las test\u0113\u0161anas sist\u0113mas.<\/p>\n<p>M\u0113s lepojamies ar savu sp\u0113ju nodro\u0161in\u0101t piel\u0101gotus risin\u0101jumus, lai apmierin\u0101tu da\u017e\u0101das klientu vajadz\u012bbas. M\u016bsu uzman\u012bbas centr\u0101 ir augsta efektivit\u0101te, precizit\u0101te un kvalit\u0101te, kas nodro\u0161ina, ka m\u0113s atbilstam un p\u0101rsniedzam tirgus piepras\u012bjumu. Ar sp\u0113c\u012bgu rado\u0161o kapacit\u0101ti m\u0113s esam ap\u0146\u0113mu\u0161ies pieg\u0101d\u0101t produktus, kas uzlabo veiktsp\u0113ju un uzticam\u012bbu.<\/p>\n<p><img decoding=\"async\" src=\"https:\/\/www.hydraulic-cylinders.net\/wp-content\/uploads\/2025\/04\/songte-company-4.webp\" alt=\"Uz\u0146\u0113muma p\u0101rskats\"><br \/>\n<img decoding=\"async\" src=\"https:\/\/www.hydraulic-cylinders.net\/wp-content\/uploads\/2025\/04\/songte-company-3.webp\" alt=\"Ra\u017eo\u0161anas iek\u0101rtas\"><\/p>\n<p>Autors: lil<\/p>","protected":false},"excerpt":{"rendered":"<p>Boom Cylinder For Case Small Excavator CX58C Understanding Boom Cylinders The Boom Cylinder is a vital hydraulic component designed specifically for controlling the movement of buckets in heavy machinery such as excavators, backhoes, and front loaders. This hydraulic cylinder allows the bucket to lift, lower, and tilt, facilitating efficient material handling operations. As a specialized [&hellip;]<\/p>","protected":false},"featured_media":17868,"comment_status":"open","ping_status":"closed","template":"","meta":{"_et_pb_use_builder":"","_et_pb_old_content":"","_et_gb_content_width":""},"product_brand":[],"product_cat":[1546],"product_tag":[1547,1496],"class_list":{"0":"post-19439","1":"product","2":"type-product","3":"status-publish","4":"has-post-thumbnail","6":"product_cat-boom-cylinders","7":"product_tag-boom-cylinders","8":"product_tag-hydraulic-cylinders","10":"first","11":"instock","12":"shipping-taxable","13":"product-type-simple"},"amp_enabled":true,"_links":{"self":[{"href":"https:\/\/www.hydraulic-cylinders.net\/lv\/wp-json\/wp\/v2\/product\/19439","targetHints":{"allow":["GET"]}}],"collection":[{"href":"https:\/\/www.hydraulic-cylinders.net\/lv\/wp-json\/wp\/v2\/product"}],"about":[{"href":"https:\/\/www.hydraulic-cylinders.net\/lv\/wp-json\/wp\/v2\/types\/product"}],"replies":[{"embeddable":true,"href":"https:\/\/www.hydraulic-cylinders.net\/lv\/wp-json\/wp\/v2\/comments?post=19439"}],"wp:featuredmedia":[{"embeddable":true,"href":"https:\/\/www.hydraulic-cylinders.net\/lv\/wp-json\/wp\/v2\/media\/17868"}],"wp:attachment":[{"href":"https:\/\/www.hydraulic-cylinders.net\/lv\/wp-json\/wp\/v2\/media?parent=19439"}],"wp:term":[{"taxonomy":"product_brand","embeddable":true,"href":"https:\/\/www.hydraulic-cylinders.net\/lv\/wp-json\/wp\/v2\/product_brand?post=19439"},{"taxonomy":"product_cat","embeddable":true,"href":"https:\/\/www.hydraulic-cylinders.net\/lv\/wp-json\/wp\/v2\/product_cat?post=19439"},{"taxonomy":"product_tag","embeddable":true,"href":"https:\/\/www.hydraulic-cylinders.net\/lv\/wp-json\/wp\/v2\/product_tag?post=19439"}],"curies":[{"name":"wp","href":"https:\/\/api.w.org\/{rel}","templated":true}]}}