{"id":19441,"date":"2025-04-07T06:47:41","date_gmt":"2025-04-07T06:47:41","guid":{"rendered":"https:\/\/www.hydraulic-cylinders.net\/product\/boom-cylinder-for-case-small-excavator-cx130b\/"},"modified":"2025-04-07T06:47:44","modified_gmt":"2025-04-07T06:47:44","slug":"boom-cylinder-for-case-small-excavator-cx130b","status":"publish","type":"product","link":"https:\/\/www.hydraulic-cylinders.net\/lv\/products\/boom-cylinder-for-case-small-excavator-cx130b\/","title":{"rendered":"Str\u0113les cilindrs Case mazajam ekskavatoram CX130B"},"content":{"rendered":"<h1>Str\u0113les cilindrs Case mazajam ekskavatoram CX130B<\/h1>\n<h2>Produkta p\u0101rskats<\/h2>\n<p>Case Small Excavator CX130B str\u0113les cilindrs ir specializ\u0113ts hidrauliskais cilindrs, kas paredz\u0113ts kausa kust\u012bbas vad\u012bbai da\u017e\u0101d\u0101s smagaj\u0101s ma\u0161\u012bn\u0101s, piem\u0113ram, ekskavatoros, iekr\u0101v\u0113jos ar ekskavatoru un front\u0101lajos iekr\u0101v\u0113jos. \u0160\u012b hidraulisk\u0101 sast\u0101vda\u013ca \u013cauj kausam pacelties, nolaisties un noliekties, t\u0101d\u0113j\u0101di atvieglojot efekt\u012bvus materi\u0101lu apstr\u0101des uzdevumus. Kausa cilindram ir iz\u0161\u0137iro\u0161a noz\u012bme hidrauliskaj\u0101s sist\u0113m\u0101s, nodro\u0161inot vienm\u0113r\u012bgas un prec\u012bzas kust\u012bbas, kas ir b\u016btiskas rak\u0161anas un iekrau\u0161anas darbiem.<\/p>\n<p><img decoding=\"async\" src=\"https:\/\/www.hydraulic-cylinders.net\/wp-content\/uploads\/2025\/04\/songte-company-1.webp\" alt=\"Ekskavatoru str\u0113les cilindrs\" \/><\/p>\n<h2>Str\u0113les cilindra \u012bpa\u0161\u012bbas<\/h2>\n<ul>\n<li><strong>Augsta iztur\u012bba un ilgm\u016b\u017e\u012bba:<\/strong> \u0160is cilindrs ir izgatavots no augstas stipr\u012bbas t\u0113rauda vai alum\u012bnija, un tas ir paredz\u0113ts, lai iztur\u0113tu augstu spiedienu un lielas slodzes, padarot to piem\u0113rotu skarbajiem darba apst\u0101k\u013ciem.<\/li>\n<li><strong>Efekt\u012bva hidraulisk\u0101 darb\u012bba:<\/strong> Izmanto hidraulisk\u0101s e\u013c\u013cas spiedienu vienm\u0113r\u012bgai izvilk\u0161anai un ievilk\u0161anai, \u013caujot \u0101tri rea\u0123\u0113t uz vad\u012bbas komand\u0101m un nodro\u0161inot sp\u0113c\u012bgu stum\u0161anas un vilk\u0161anas sp\u0113ku.<\/li>\n<li><strong>Pieejami da\u017e\u0101di veidi:<\/strong> Pieejamas vienas darb\u012bbas (izmantojot hidraulisko spiedienu vien\u0101 virzien\u0101) vai divk\u0101r\u0161as darb\u012bbas (izmantojot hidraulisko spiedienu abos virzienos) cilindru opcijas, da\u017ei mode\u013ci ir teleskopiski, lai nodro\u0161in\u0101tu liel\u0101ku pagarin\u0101jumu, nepalielinot \u0101r\u0113jos izm\u0113rus.<\/li>\n<li><strong>Piel\u0101gojami risin\u0101jumi:<\/strong> M\u016bsu produktus var ra\u017eot t\u0101, lai tie perfekti aizst\u0101tu eso\u0161os hidrauliskos cilindrus, nodro\u0161inot sader\u012bbu ar da\u017e\u0101diem ekskavatoru mode\u013ciem.<\/li>\n<li><strong>Izmaksu zi\u0146\u0101 efekt\u012bvs dizains:<\/strong> Izstr\u0101d\u0101ts minim\u0101lai apkopei un optim\u0101lai veiktsp\u0113jai, samazinot kop\u0113j\u0101s tehnikas ekspluat\u0101cijas izmaksas.<\/li>\n<\/ul>\n<p><img decoding=\"async\" src=\"https:\/\/www.hydraulic-cylinders.net\/wp-content\/uploads\/2025\/04\/songte-cylinder-head-with-all-kinds-excavator-models.webp\" alt=\"Ekskavatora cilindru mode\u013ci\" \/><\/p>\n<h2>Str\u0113les cilindra pielietojumi<\/h2>\n<h3>Celtniec\u012bbas apr\u012bkojums<\/h3>\n<p>B\u016bvniec\u012bbas ma\u0161\u012bn\u0101s str\u0113les cilindriem ir b\u016btiska loma ekskavatoros, jo tie \u013cauj rakt, iekraut un p\u0101rvietot zemi vai gru\u017eus. Ekskavatoros-iekr\u0101v\u0113jos kausa cilindrs pal\u012bdz gan rak\u0161anas, gan cel\u0161anas darbos, veicinot efekt\u012bvu darb\u012bbu darba viet\u0101s.<\/p>\n<h3>Lauksaimniec\u012bbas tehnika<\/h3>\n<p>Izmantojot front\u0101los iekr\u0101v\u0113jus, str\u0113les cilindri atvieglo augsnes, siena un citu materi\u0101lu nokas\u012b\u0161anu, cel\u0161anu un transport\u0113\u0161anu. \u0160\u012b daudzpus\u012bba ir b\u016btiska lauksaimniec\u012bbas darbiem, kuriem nepiecie\u0161ams uzticams materi\u0101lu apstr\u0101des apr\u012bkojums.<\/p>\n<h3>Ekskavatori<\/h3>\n<p>Ekskavatoros str\u0113les cilindrs \u013cauj kausam efekt\u012bvi iek\u013c\u016bt zem\u0113, nodro\u0161inot rak\u0161anas darbus. T\u0101 konstrukcija nodro\u0161ina kausa stabilit\u0101ti, veicot da\u017e\u0101dus augsnes iespie\u0161an\u0101s uzdevumus.<\/p>\n<h3>Iekr\u0101v\u0113ji<\/h3>\n<p>Front\u0101lajos iekr\u0101v\u0113jos str\u0113les cilindri pal\u012bdz efekt\u012bvi pacelt un izg\u0101zt materi\u0101lus. To hidraulisk\u0101 jauda ir \u013coti svar\u012bga, lai apstr\u0101d\u0101tu smagas kravas un uzlabotu produktivit\u0101ti b\u016bvniec\u012bbas un lauksaimniec\u012bbas vid\u0113.<\/p>\n<h2>Dizaina apsv\u0113rumi un atlases krit\u0113riji<\/h2>\n<h3>Kravnes\u012bba<\/h3>\n<p>Str\u0113les cilindra kravnes\u012bba ir b\u016btisks projekt\u0113\u0161anas apsv\u0113rums. Tam j\u0101sp\u0113j iztur\u0113t svaru un sp\u0113kus, kas tiek rad\u012bti ekspluat\u0101cijas laik\u0101. In\u017eenieri nov\u0113rt\u0113 slodzes, ar kur\u0101m ekskavators saskarsies, lai noteiktu atbilsto\u0161as \u200b\u200bcilindra specifik\u0101cijas.<\/p>\n<h3>Bl\u012bv\u0113juma integrit\u0101te<\/h3>\n<p>Bl\u012bv\u0113jums ir \u013coti svar\u012bgs hidraulisk\u0101 spiediena uztur\u0113\u0161anai un \u0161\u0137idruma nopl\u016b\u017eu nov\u0113r\u0161anai. Augstas kvalit\u0101tes bl\u012bv\u0113jumu, piem\u0113ram, virzu\u013ca bl\u012bv\u0113jumu un stie\u0146a bl\u012bv\u0113jumu, izv\u0113le nodro\u0161ina hidraulisk\u0101 cilindra optim\u0101lu veiktsp\u0113ju un ilgm\u016b\u017e\u012bbu. Lai saglab\u0101tu bl\u012bv\u0113juma integrit\u0101ti, ir nepiecie\u0161amas regul\u0101ras p\u0101rbaudes un apkope.<\/p>\n<h3>Iztur\u012bba<\/h3>\n<p>Iztur\u012bba ir \u0101rk\u0101rt\u012bgi svar\u012bga hidraulisko cilindru konstrukcij\u0101, jo \u0161\u012bs sast\u0101vda\u013cas ir pak\u013cautas lielai slodzei un main\u012bgiem vides apst\u0101k\u013ciem. Materi\u0101li un p\u0101rkl\u0101jumi, kas ir iztur\u012bgi pret nodilumu un koroziju, ir b\u016btiski, lai pagarin\u0101tu str\u0113les cilindra kalpo\u0161anas laiku.<\/p>\n<h3>Dro\u0161\u012bbas funkcijas<\/h3>\n<p>Dro\u0161\u012bbas apsv\u0113rumu d\u0113\u013c tiek integr\u0113tas funkcijas, kas samazina riskus ekspluat\u0101cijas laik\u0101. Tas ietver spiediena samazin\u0101\u0161anas v\u0101rstus, kas nov\u0113r\u0161 p\u0101rslodzi, un iztur\u012bgus stiprin\u0101juma punktus, lai uzlabotu stabilit\u0101ti lieto\u0161anas laik\u0101.<\/p>\n<h3>Uzturam\u012bba<\/h3>\n<p>Labi konstru\u0113tam hidrauliskajam cilindram vajadz\u0113tu atvieglot apkopi. Tas ietver pieejamus e\u013c\u013co\u0161anas punktus, vienk\u0101r\u0161as bl\u012bv\u0113juma nomai\u0146as proced\u016bras un skaidras p\u0101rbaudes un apkopes vadl\u012bnijas, lai nodro\u0161in\u0101tu nep\u0101rtrauktu darb\u012bbas efektivit\u0101ti.<\/p>\n<p><img decoding=\"async\" src=\"https:\/\/www.hydraulic-cylinders.net\/wp-content\/uploads\/2025\/04\/songte-oil-pipes-and-spare-parts.webp\" alt=\"Hidraulisk\u0101s deta\u013cas un piederumi\" \/><\/p>\n<h2>Bl\u012bv\u0113\u0161ana un e\u013c\u013co\u0161ana<\/h2>\n<p>Str\u0113les cilindru bl\u012bv\u0113\u0161ana un e\u013c\u013co\u0161ana ir b\u016btiska to efektivit\u0101tei un ilgm\u016b\u017e\u012bbai. Parasti tiek izmantoti da\u017e\u0101di bl\u012bv\u0113\u0161anas komponenti, piem\u0113ram, virzu\u013ca bl\u012bvsl\u0113gi \u200b\u200bun stie\u0146a bl\u012bvsl\u0113gi. Materi\u0101lu, piem\u0113ram, poliuret\u0101na un nitrila gumijas, izv\u0113le ir kritiski svar\u012bga to nodilumiztur\u012bbai. Turkl\u0101t r\u016bp\u012bga cilindra korpusa un v\u012bt\u0146oto galu virsmas apstr\u0101de uzlabo iztur\u012bbu pret nodilumu. Regul\u0101ra e\u013c\u013co\u0161ana ar hidraulisko e\u013c\u013cu ir nepiecie\u0161ama, lai uztur\u0113tu vienm\u0113r\u012bgu darb\u012bbu un nov\u0113rstu iek\u0161\u0113jo komponentu priek\u0161laic\u012bgu nodilumu.<\/p>\n<h2>Prevent\u012bvie apkopes pas\u0101kumi<\/h2>\n<ul>\n<li><strong>Regul\u0101ras p\u0101rbaudes:<\/strong> Lai identific\u0113tu jebk\u0101das nodiluma, nopl\u016b\u017eu vai boj\u0101jumu paz\u012bmes, j\u0101veic regul\u0101ras vizu\u0101las un funkcion\u0101las p\u0101rbaudes. Agr\u012bna atkl\u0101\u0161ana pal\u012bdz nov\u0113rst potenci\u0101l\u0101s probl\u0113mas, pirms t\u0101s saasin\u0101s.<\/li>\n<li><strong>Pareiza e\u013c\u013co\u0161ana:<\/strong> Nodro\u0161inot, ka hidrauliskais cilindrs ir pien\u0101c\u012bgi iee\u013c\u013cots ar atbilsto\u0161u hidraulisko e\u013c\u013cu, tiek samazin\u0101ta berze un nodilums, t\u0101d\u0113j\u0101di pagarinot cilindra kalpo\u0161anas laiku.<\/li>\n<li><strong>Bl\u012bv\u0113juma nomai\u0146a:<\/strong> Bl\u012bves regul\u0101ri j\u0101p\u0101rbauda, \u200b\u200bun visas nolietot\u0101s vai boj\u0101t\u0101s bl\u012bves nekav\u0113joties j\u0101nomaina, lai nov\u0113rstu nopl\u016bdes un uztur\u0113tu hidraulisko spiedienu.<\/li>\n<\/ul>\n<h2>Uzst\u0101d\u012b\u0161anas vadl\u012bnijas<\/h2>\n<p>Pareiza str\u0113les cilindra uzst\u0101d\u012b\u0161ana ir \u013coti svar\u012bga optim\u0101lai veiktsp\u0113jai. Vispirms p\u0101rliecinieties, vai cilindrs ir pareizi izl\u012bdzin\u0101ts ar mont\u0101\u017eas kron\u0161teiniem. Izmantojiet atbilsto\u0161us uzst\u0101d\u012b\u0161anas instrumentus, lai nostiprin\u0101tu cilindru viet\u0101, un p\u0101rbaudiet, vai visi savienojumi ir pievilkti atbilsto\u0161i ra\u017eot\u0101ja specifik\u0101cij\u0101m. Ir svar\u012bgi p\u0101rbaud\u012bt, vai nav \u0161\u0137\u0113r\u0161\u013cu, kas var\u0113tu trauc\u0113t cilindra kust\u012bbu darb\u012bbas laik\u0101. P\u0113c uzst\u0101d\u012b\u0161anas p\u0101rbaudiet hidraulisko sist\u0113mu, lai p\u0101rliecin\u0101tos, ka cilindrs darbojas vienm\u0113r\u012bgi, bez nopl\u016bd\u0113m vai nel\u012bdzenumiem.<\/p>\n<h2>Apkopes uzdevumi<\/h2>\n<ul>\n<li><strong>Regul\u0101ras p\u0101rbaudes:<\/strong> Regul\u0101ri p\u0101rbaudiet hidraulisko sist\u0113mu, lai laikus identific\u0113tu iesp\u0113jam\u0101s probl\u0113mas.<\/li>\n<li><strong>Piem\u0113rota e\u013c\u013co\u0161ana:<\/strong> Lai saglab\u0101tu veiktsp\u0113ju, p\u0101rliecinieties, vai cilindrs ir iee\u013c\u013cots saska\u0146\u0101 ar ra\u017eot\u0101ja ieteikumiem.<\/li>\n<li><strong>Bl\u012bv\u0113juma nomai\u0146a:<\/strong> Uzraugiet bl\u012bv\u0113jumu st\u0101vokli un nomainiet tos p\u0113c nepiecie\u0161am\u012bbas, lai nov\u0113rstu nopl\u016bdes un uztur\u0113tu hidraulisko spiedienu.<\/li>\n<\/ul>\n<h2>Dro\u0161\u012bbas apsv\u0113rumi un vides faktori<\/h2>\n<p>Dro\u0161\u012bbas pas\u0101kumi ir \u0101rk\u0101rt\u012bgi svar\u012bgi, str\u0101d\u0101jot ar hidrauliskaj\u0101m sist\u0113m\u0101m. Operatori ir j\u0101apm\u0101ca par pareiz\u0101m r\u012bc\u012bbas proced\u016br\u0101m, lai samazin\u0101tu risku ekspluat\u0101cijas laik\u0101. Turkl\u0101t uzman\u012bba j\u0101piev\u0113r\u0161 vides faktoriem, piem\u0113ram, hidraulisk\u0101 \u0161\u0137idruma nopl\u016b\u017eu nov\u0113r\u0161anai, kas var negat\u012bvi ietekm\u0113t apk\u0101rt\u0113jo ekosist\u0113mu.<\/p>\n<h2>Probl\u0113mu nov\u0113r\u0161ana un bie\u017ei sastopamas probl\u0113mas<\/h2>\n<ul>\n<li><strong>Nopl\u016bde:<\/strong> Parasti to izraisa nodilu\u0161as bl\u012bves. P\u0101rbaudiet bl\u012bves un nomainiet t\u0101s, ja nepiecie\u0161ams.<\/li>\n<li><strong>Slikta veiktsp\u0113ja:<\/strong> Var liecin\u0101t par nepietiekamu e\u013c\u013co\u0161anu vai hidraulisk\u0101 \u0161\u0137idruma l\u012bmeni. P\u0101rbaudiet un uzpildiet hidraulisko e\u013c\u013cu, ja nepiecie\u0161ams.<\/li>\n<li><strong>Cilindra iestr\u0113gumi:<\/strong> Bie\u017ei vien nepareizas izl\u012bdzin\u0101\u0161anas d\u0113\u013c. Uzst\u0101d\u012b\u0161anas un regul\u0101ru apkopes p\u0101rbau\u017eu laik\u0101 nodro\u0161iniet pareizu izl\u012bdzin\u0101\u0161anu.<\/li>\n<\/ul>\n<h2>Padomi par boj\u0101jumu diagnostiku<\/h2>\n<p>Lai efekt\u012bvi nov\u0113rstu probl\u0113mas, operatoriem j\u0101uztur veiktsp\u0113jas probl\u0113mu un veikto labo\u0161anas darb\u012bbu \u017eurn\u0101ls. Izpratne par bie\u017e\u0101k sastopamajiem k\u013c\u016bmju veidiem pal\u012bdz \u0101tri diagnostic\u0113t probl\u0113mas. Regul\u0101ra profilaktisk\u0101 apkope var iev\u0113rojami samazin\u0101t k\u013c\u016bmju bie\u017eumu un uzlabot hidraulisk\u0101s sist\u0113mas kop\u0113jo uzticam\u012bbu.<\/p>\n<p><img decoding=\"async\" src=\"https:\/\/www.hydraulic-cylinders.net\/wp-content\/uploads\/2025\/04\/songte-bushings-with-all-kinds-of-excavator-models.webp\" alt=\"Ekskavatora bukses\" \/><\/p>\n<h2>Par m\u016bsu uz\u0146\u0113mumu<\/h2>\n<p>M\u0113s esam vado\u0161ais hidraulisko cilindru ra\u017eot\u0101js un vairumtirgot\u0101js, kas ir ap\u0146\u0113mies nodro\u0161in\u0101t pla\u0161u produktu kl\u0101stu, kas atbilst viet\u0113j\u0101 un starptautisk\u0101 tirgus vajadz\u012bb\u0101m. M\u016bsu koncentr\u0113\u0161anos uz izcil\u012bbu atbalsta izsmalcin\u0101ta ra\u017eo\u0161anas strat\u0113\u0123ija, izmantojot progres\u012bvas tehnolo\u0123ijas un augstas precizit\u0101tes ra\u017eo\u0161anas procesus. M\u0113s nep\u0101rtraukti uzlabojam savas ra\u017eo\u0161anas iesp\u0113jas, lai nodro\u0161in\u0101tu augstu produktu kvalit\u0101ti, efekt\u012bvi apmierinot da\u017e\u0101das klientu pras\u012bbas.<\/p>\n<p>M\u016bsu kompetence ietver:<\/p>\n<ul>\n<li><strong>Profesionalit\u0101te:<\/strong> M\u016bsu komandu veido kvalific\u0113ti speci\u0101listi, kas ir ap\u0146\u0113mu\u0161ies ra\u017eot augstas kvalit\u0101tes hidraulisk\u0101s deta\u013cas.<\/li>\n<li><strong>Starptautisk\u0101s sertifik\u0101cijas:<\/strong> M\u016bsu produkti atbilst starptautiskajiem kvalit\u0101tes standartiem, nodro\u0161inot uzticam\u012bbu un veiktsp\u0113ju.<\/li>\n<li><strong>Piel\u0101goti pakalpojumi:<\/strong> M\u0113s pied\u0101v\u0101jam piel\u0101gotus risin\u0101jumus, kas piel\u0101goti konkr\u0113t\u0101m klientu pras\u012bb\u0101m.<\/li>\n<li><strong>Uzlabots apr\u012bkojums:<\/strong> Izmantojot modern\u0101k\u0101s ra\u017eo\u0161anas iek\u0101rtas, lai nodro\u0161in\u0101tu precizit\u0101ti un efektivit\u0101ti.<\/li>\n<li><strong>P\u0113cp\u0101rdo\u0161anas atbalsts:<\/strong> M\u0113s pied\u0101v\u0101jam stabilus p\u0113cp\u0101rdo\u0161anas pakalpojumus, lai nodro\u0161in\u0101tu klientu apmierin\u0101t\u012bbu un atbalstu.<\/li>\n<\/ul>\n<p><img decoding=\"async\" src=\"https:\/\/www.hydraulic-cylinders.net\/wp-content\/uploads\/2025\/04\/songte-company-4.webp\" alt=\"M\u016bsu uz\u0146\u0113mums\" \/><br \/>\n<img decoding=\"async\" src=\"https:\/\/www.hydraulic-cylinders.net\/wp-content\/uploads\/2025\/04\/songte-company-3.webp\" alt=\"Ra\u017eo\u0161anas process\" \/><\/p>\n<p>Autors: lil<\/p>","protected":false},"excerpt":{"rendered":"<p>Boom Cylinder For Case Small Excavator CX130B Product Overview The Boom Cylinder for Case Small Excavator CX130B is a specialized hydraulic cylinder designed for controlling the movement of the bucket in various heavy machinery, such as excavators, backhoe loaders, and front loaders. This hydraulic component allows the bucket to lift, lower, and tilt, facilitating efficient [&hellip;]<\/p>","protected":false},"featured_media":17870,"comment_status":"open","ping_status":"closed","template":"","meta":{"_et_pb_use_builder":"","_et_pb_old_content":"","_et_gb_content_width":""},"product_brand":[],"product_cat":[1546],"product_tag":[1547,1496],"class_list":{"0":"post-19441","1":"product","2":"type-product","3":"status-publish","4":"has-post-thumbnail","6":"product_cat-boom-cylinders","7":"product_tag-boom-cylinders","8":"product_tag-hydraulic-cylinders","10":"first","11":"instock","12":"shipping-taxable","13":"product-type-simple"},"amp_enabled":true,"_links":{"self":[{"href":"https:\/\/www.hydraulic-cylinders.net\/lv\/wp-json\/wp\/v2\/product\/19441","targetHints":{"allow":["GET"]}}],"collection":[{"href":"https:\/\/www.hydraulic-cylinders.net\/lv\/wp-json\/wp\/v2\/product"}],"about":[{"href":"https:\/\/www.hydraulic-cylinders.net\/lv\/wp-json\/wp\/v2\/types\/product"}],"replies":[{"embeddable":true,"href":"https:\/\/www.hydraulic-cylinders.net\/lv\/wp-json\/wp\/v2\/comments?post=19441"}],"wp:featuredmedia":[{"embeddable":true,"href":"https:\/\/www.hydraulic-cylinders.net\/lv\/wp-json\/wp\/v2\/media\/17870"}],"wp:attachment":[{"href":"https:\/\/www.hydraulic-cylinders.net\/lv\/wp-json\/wp\/v2\/media?parent=19441"}],"wp:term":[{"taxonomy":"product_brand","embeddable":true,"href":"https:\/\/www.hydraulic-cylinders.net\/lv\/wp-json\/wp\/v2\/product_brand?post=19441"},{"taxonomy":"product_cat","embeddable":true,"href":"https:\/\/www.hydraulic-cylinders.net\/lv\/wp-json\/wp\/v2\/product_cat?post=19441"},{"taxonomy":"product_tag","embeddable":true,"href":"https:\/\/www.hydraulic-cylinders.net\/lv\/wp-json\/wp\/v2\/product_tag?post=19441"}],"curies":[{"name":"wp","href":"https:\/\/api.w.org\/{rel}","templated":true}]}}