{"id":19445,"date":"2025-04-07T06:47:52","date_gmt":"2025-04-07T06:47:52","guid":{"rendered":"https:\/\/www.hydraulic-cylinders.net\/product\/boom-cylinder-for-case-middle-excavator-cx240b\/"},"modified":"2025-04-07T06:47:54","modified_gmt":"2025-04-07T06:47:54","slug":"boom-cylinder-for-case-middle-excavator-cx240b","status":"publish","type":"product","link":"https:\/\/www.hydraulic-cylinders.net\/lv\/products\/boom-cylinder-for-case-middle-excavator-cx240b\/","title":{"rendered":"Str\u0113les cilindrs Case Middle ekskavatoram CX240B"},"content":{"rendered":"<h1>Str\u0113les cilindrs Case Middle ekskavatoram CX240B<\/h1>\n<h2>Kausa cilindra defin\u012bcija un p\u0101rskats<\/h2>\n<p>Kausa cilindrs, kas paz\u012bstams ar\u012b k\u0101 str\u0113les cilindrs, ir b\u016btiska sast\u0101vda\u013ca hidrauliskaj\u0101s sist\u0113m\u0101s, ko izmanto da\u017e\u0101d\u0101s smagaj\u0101s ma\u0161\u012bn\u0101s, tostarp ekskavatoros, iekr\u0101v\u0113jos ar ekskavatoru un front\u0101lajos iekr\u0101v\u0113jos. \u0160is hidrauliskais cilindrs nodro\u0161ina kausa kust\u012bbu, \u013caujot tam pacelt, nolaist un noliekt materi\u0101lu apstr\u0101des darbu laik\u0101. T\u0101 konstrukcija ir b\u016btiska efekt\u012bvai darb\u012bbai un produktivit\u0101tei b\u016bvlaukumos un lauksaimniec\u012bbas darbos. Kausa cilindra sp\u0113ja manipul\u0113t ar kausa poz\u012bciju ir \u013coti svar\u012bga t\u0101diem uzdevumiem k\u0101 rak\u0161ana, iekrau\u0161ana un materi\u0101lu transport\u0113\u0161ana. \u0160o cilindru nodro\u0161in\u0101t\u0101 kontrol\u0113t\u0101 kust\u012bba iev\u0113rojami uzlabo smag\u0101s tehnikas funkcionalit\u0101ti, padarot to par neaizst\u0101jamu m\u016bsdienu tehnikas sast\u0101vda\u013cu.<\/p>\n<p><img decoding=\"async\" src=\"https:\/\/www.hydraulic-cylinders.net\/wp-content\/uploads\/2025\/04\/songte-company-1.webp\" alt=\"Str\u0113les cilindrs\"><\/p>\n<h2>Str\u0113les cilindra \u012bpa\u0161\u012bbas<\/h2>\n<ul>\n<li><strong>Augsta iztur\u012bba un ilgm\u016b\u017e\u012bba:<\/strong> Izgatavots no augstas stipr\u012bbas t\u0113rauda vai alum\u012bnija, kas sp\u0113j iztur\u0113t augstu spiedienu un lielas slodzes. Paredz\u0113ts iztur\u012bbai skarbos darba apst\u0101k\u013cos, ar nodilumiztur\u012bbu un iztur\u012bbu pret koroziju, lai pagarin\u0101tu kalpo\u0161anas laiku.<\/li>\n<li><strong>Efekt\u012bva hidraulisk\u0101 darb\u012bba:<\/strong> Izmantojot hidraulisk\u0101s e\u013c\u013cas spiedienu, nodro\u0161ina vienm\u0113r\u012bgu teleskopisko darb\u012bbu, sp\u0113j \u0101tri rea\u0123\u0113t uz vad\u012bbas komand\u0101m, nodro\u0161inot iev\u0113rojamu stum\u0161anas un vilk\u0161anas sp\u0113ku, kas piem\u0113rots smagiem un sare\u017e\u0123\u012btiem uzdevumiem.<\/li>\n<li><strong>Da\u017e\u0101di veidi:<\/strong> Pieejams vienk\u0101r\u0161\u0101s darb\u012bbas (izmantojot hidraulisko spiedienu vien\u0101 virzien\u0101) vai divk\u0101r\u0161\u0101s darb\u012bbas (izmantojot hidraulisko spiedienu abos virzienos) konfigur\u0101cij\u0101s, lai apmierin\u0101tu da\u017e\u0101das ekspluat\u0101cijas vajadz\u012bbas. Da\u017ei mode\u013ci ir teleskopiski, kas \u013cauj veikt liel\u0101ku pagarin\u0101jumu, nepalielinot \u0101r\u0113jos izm\u0113rus, kas ir ide\u0101li piem\u0113rots lietojumiem ar ierobe\u017eotu vietu.<\/li>\n<\/ul>\n<p>M\u0113s ra\u017eojam \u0161o produktu, lai perfekti aizst\u0101tu eso\u0161os hidrauliskos cilindrus.<\/p>\n<p><img decoding=\"async\" src=\"https:\/\/www.hydraulic-cylinders.net\/wp-content\/uploads\/2025\/04\/songte-cylinder-head-with-all-kinds-excavator-models.webp\" alt=\"Hidraulisk\u0101 cilindra opcijas\"><\/p>\n<h2>Hidraulisk\u0101 cilindra pielietojums<\/h2>\n<h3>Celtniec\u012bbas apr\u012bkojums<\/h3>\n<p>Ekskavatoros kausa cilindri ir vit\u0101li svar\u012bgi augsnes vai gru\u017eu rak\u0161anai, iekrau\u0161anai un p\u0101rvieto\u0161anai. Tie atvieglo prec\u012bzu kontroli, kas nepiecie\u0161ama rak\u0161anas darbos, \u013caujot operatoriem efekt\u012bvi manevr\u0113t kausu un lietder\u012bgi iekraut materi\u0101lus kravas automa\u0161\u012bn\u0101s vai cit\u0101s tehnik\u0101. Ekskavatoros kausa cilindrs pal\u012bdz gan rak\u0161anas, gan cel\u0161anas oper\u0101cij\u0101s, padarot to par b\u016btisku iek\u0101rtas funkcionalit\u0101tes sast\u0101vda\u013cu.<\/p>\n<h3>Lauksaimniec\u012bbas tehnika<\/h3>\n<p>Front\u0101lajos iekr\u0101v\u0113jos kausa cilindri tiek izmantoti augsnes, siena un citu materi\u0101lu sav\u0101k\u0161anai, pacel\u0161anai un transport\u0113\u0161anai. Hidraulisk\u0101 cilindra sp\u0113ja pielietot iev\u0113rojamu sp\u0113ku \u013cauj viegli apstr\u0101d\u0101t smagas kravas, t\u0101d\u0113j\u0101di veicinot laika efektivit\u0101ti lauksaimniec\u012bbas darb\u012bb\u0101s. T\u0101 k\u0101 lauksaimniec\u012bba arvien vair\u0101k pa\u013caujas uz tehniku, kausa cilindru loma k\u013c\u016bst arvien svar\u012bg\u0101ka.<\/p>\n<h3>Ekskavatori<\/h3>\n<p>Ekskavatoros kausa cilindrs \u013cauj kausam iek\u013c\u016bt augsn\u0113, atvieglojot efekt\u012bvu rak\u0161anu. \u0160\u012b sp\u0113ja ir b\u016btiska da\u017e\u0101diem pielietojumiem, s\u0101kot no vietas sagatavo\u0161anas l\u012bdz ainavu veido\u0161anai. Hidraulisk\u0101 vad\u012bba nodro\u0161ina, ka operatori var sasniegt v\u0113lamo dzi\u013cumu un le\u0146\u0137i, uzlabojot kop\u0113jo veiktsp\u0113ju un produktivit\u0101ti.<\/p>\n<h3>Iekr\u0101v\u0113ji<\/h3>\n<p>Front\u0101lajos iekr\u0101v\u0113jos kausa cilindri pal\u012bdz efekt\u012bvi pacelt un izkraut kravas. Hidraulisk\u0101 sist\u0113ma nodro\u0161ina nepiecie\u0161amo jaudu smagu materi\u0101lu pacel\u0161anai, nodro\u0161inot, ka apr\u012bkojums var viegli veikt da\u017e\u0101dus uzdevumus, s\u0101kot no materi\u0101lu izkrau\u0161anas l\u012bdz b\u016bvlaukuma sakop\u0161anai.<\/p>\n<h2>Dizaina apsv\u0113rumi un atlases krit\u0113riji<\/h2>\n<h3>Kravnes\u012bba<\/h3>\n<p>Kausa cilindra kravnes\u012bba ir iz\u0161\u0137iro\u0161s konstrukcijas apsv\u0113rums. Tam j\u0101b\u016bt pietiekami iztur\u012bgam, lai iztur\u0113tu p\u0101rvietojamo materi\u0101lu specifisko svaru un veidu. Ra\u017eot\u0101ji bie\u017ei nov\u0113rt\u0113 da\u017e\u0101dus faktorus, tostarp cilindra diametru, g\u0101jiena garumu un materi\u0101la iztur\u012bbu, lai nodro\u0161in\u0101tu optim\u0101lu nestsp\u0113ju. Tiek veikti atbilsto\u0161i apr\u0113\u0137ini un simul\u0101cijas, lai prognoz\u0113tu veiktsp\u0113ju da\u017e\u0101dos apst\u0101k\u013cos, uzlabojot uzticam\u012bbu un dro\u0161\u012bbu ekspluat\u0101cijas laik\u0101.<\/p>\n<h3>Bl\u012bv\u0113juma integrit\u0101te<\/h3>\n<p>Bl\u012bv\u0113\u0161anas sist\u0113ma ir b\u016btiska hidraulisk\u0101 spiediena uztur\u0113\u0161anai un nopl\u016b\u017eu nov\u0113r\u0161anai. Augstas kvalit\u0101tes bl\u012bves, kas izgatavotas no t\u0101diem materi\u0101liem k\u0101 poliuret\u0101ns un nitrilgumija, parasti tiek izmantotas, lai iztur\u0113tu augstu spiedienu un nodro\u0161in\u0101tu iztur\u012bbu. Pareiza bl\u012bv\u0113\u0161ana nodro\u0161ina hidraulisk\u0101 \u0161\u0137idruma notur\u0113\u0161anu, kas ir \u013coti svar\u012bgi efekt\u012bvai darb\u012bbai un samazina apkopes nepiecie\u0161am\u012bbu. Regul\u0101ras bl\u012bv\u0113jumu p\u0101rbaudes ir nepiecie\u0161amas, lai nodro\u0161in\u0101tu to efektivit\u0101ti laika gait\u0101, nov\u0113r\u0161ot meh\u0101niskas k\u013c\u016bmes un darb\u012bbas d\u012bkst\u0101vi.<\/p>\n<h3>Iztur\u012bba<\/h3>\n<p>Iztur\u012bba ir b\u016btisks dizaina aspekts, \u012bpa\u0161i vid\u0113, kas pak\u013cauta skarbiem apst\u0101k\u013ciem. Ra\u017eo\u0161an\u0101 izmantotie materi\u0101li, piem\u0113ram, augstas stipr\u012bbas t\u0113rauds, tiek izv\u0113l\u0113ti, \u0146emot v\u0113r\u0101 to sp\u0113ju iztur\u0113t nodilumu un koroziju. Konstrukcijas bie\u017ei ietver virsmas apstr\u0101di vai p\u0101rkl\u0101jumus, kas uzlabo iztur\u012bbu pret vides faktoriem. Iztur\u012bgs kausa cilindrs nodro\u0161ina ilgm\u016b\u017e\u012bbu, samazinot nomai\u0146as un remonta bie\u017eumu, kas operatoriem var b\u016bt d\u0101rgi.<\/p>\n<h3>Dro\u0161\u012bbas funkcijas<\/h3>\n<p>Dro\u0161\u012bba ir \u0101rk\u0101rt\u012bgi svar\u012bga hidraulisko cilindru projekt\u0113\u0161an\u0101. Ra\u017eot\u0101ji iek\u013cauj da\u017e\u0101das dro\u0161\u012bbas funkcijas, tostarp p\u0101rslodzes aizsardz\u012bbas meh\u0101nismus un spiediena samazin\u0101\u0161anas v\u0101rstus, lai nov\u0113rstu negad\u012bjumus darb\u012bbas laik\u0101. \u0160\u012bs funkcijas nodro\u0161ina, ka, ja slodze p\u0101rsniedz cilindra ietilp\u012bbu, sist\u0113ma var dro\u0161i atbr\u012bvot spiedienu, samazinot katastrof\u0101lu k\u013c\u016bmju risku un aizsarg\u0101jot operatorus un iek\u0101rtas.<\/p>\n<h3>Apkopes pieejam\u012bba<\/h3>\n<p>Apkopes pieejam\u012bbas projekt\u0113\u0161ana ir \u013coti svar\u012bga, lai nodro\u0161in\u0101tu ilgm\u016b\u017e\u012bbu un uzticam\u012bbu. \u0112rta piek\u013cuve e\u013c\u013co\u0161anai, p\u0101rbaudei un remontam var iev\u0113rojami samazin\u0101t d\u012bkst\u0101ves laiku. Ra\u017eot\u0101ji bie\u017ei projekt\u0113 cilindrus ar modul\u0101r\u0101m sast\u0101vda\u013c\u0101m, kuras var viegli nomain\u012bt, t\u0101d\u0113j\u0101di atvieglojot \u0101tru remontu un samazinot darb\u012bbas p\u0101rtraukumus. Regul\u0101ras apkopes p\u0101rbaudes ir b\u016btiskas, lai identific\u0113tu jebk\u0101das probl\u0113mas, pirms t\u0101s p\u0101raug nopietn\u0101s probl\u0113m\u0101s.<\/p>\n<p><img decoding=\"async\" src=\"https:\/\/www.hydraulic-cylinders.net\/wp-content\/uploads\/2025\/04\/songte-oil-pipes-and-spare-parts.webp\" alt=\"Hidraulisko cilindru deta\u013cas\"><\/p>\n<h2>Hidraulisk\u0101 cilindra bl\u012bv\u0113\u0161ana un e\u013c\u013co\u0161ana<\/h2>\n<p>Hidraulisko cilindru efekt\u012bva bl\u012bv\u0113\u0161ana un e\u013c\u013co\u0161ana ir \u013coti svar\u012bga optim\u0101lai darb\u012bbai. Da\u017e\u0101diem bl\u012bv\u0113\u0161anas elementiem, piem\u0113ram, virzu\u013ca bl\u012bv\u0113m un stie\u0146a bl\u012bv\u0113m, ir b\u016btiska loma hidraulisk\u0101 spiediena uztur\u0113\u0161an\u0101 un \u0161\u0137idruma nopl\u016b\u017eu nov\u0113r\u0161an\u0101. \u0160ie bl\u012bv\u0113jumi bie\u017ei tiek izgatavoti no nodilumiztur\u012bgiem materi\u0101liem, piem\u0113ram, poliuret\u0101na, lai iztur\u0113tu skarbos apst\u0101k\u013cus, k\u0101dos \u0161ie cilindri darbojas.<\/p>\n<p>Cilindra korpuss un v\u012bt\u0146otie gali tiek prec\u012bzi apstr\u0101d\u0101ti, lai uzlabotu nodilumiztur\u012bbu, nodro\u0161inot bl\u012bv\u0113jumu cie\u0161u piegul\u0161anu un samazinot nodilumu laika gait\u0101. Svar\u012bga ir ar\u012b regul\u0101ra e\u013c\u013co\u0161ana ar atbilsto\u0161u hidraulisko e\u013c\u013cu, jo t\u0101 veicina vienm\u0113r\u012bgu kust\u012bbu un samazina berzi starp kust\u012bgaj\u0101m da\u013c\u0101m. Pareiza e\u013c\u013co\u0161ana pal\u012bdz uztur\u0113t cilindra efektivit\u0101ti un pagarina t\u0101 kalpo\u0161anas laiku.<\/p>\n<h2>Regul\u0101ras p\u0101rbaudes un profilaktisk\u0101s apkopes pas\u0101kumi<\/h2>\n<ul>\n<li><strong>Regul\u0101ras p\u0101rbaudes:<\/strong> Regul\u0101ru p\u0101rbau\u017eu veik\u0161ana ir \u013coti svar\u012bga, lai laikus atkl\u0101tu jebk\u0101das nodiluma vai boj\u0101jumu paz\u012bmes. P\u0101rbaudiet bl\u012bves, \u0161\u013c\u016btenes un savienojumus, vai nav nopl\u016b\u017eu vai nodiluma. Regul\u0101ras p\u0101rbaudes var nov\u0113rst negaid\u012btus boj\u0101jumus.<\/li>\n<li><strong>Pareiza e\u013c\u013co\u0161ana:<\/strong> P\u0101rliecinieties, ka hidraulisk\u0101s e\u013c\u013cas l\u012bmenis ir atbilsto\u0161s un t\u0101 ir t\u012bra. Regul\u0101ri nomainiet pies\u0101r\u0146oto e\u013c\u013cu, lai uztur\u0113tu efekt\u012bvu darb\u012bbu un nov\u0113rstu cilindra boj\u0101jumus.<\/li>\n<li><strong>Bl\u012bv\u0113juma nomai\u0146a:<\/strong> Uzraugiet bl\u012bv\u0113jumu integrit\u0101ti un nomainiet tos, ja ir redzamas nodiluma paz\u012bmes. Nodilu\u0161i bl\u012bv\u0113jumi var izrais\u012bt iev\u0113rojamu hidraulisk\u0101 \u0161\u0137idruma zudumu, ietekm\u0113jot veiktsp\u0113ju.<\/li>\n<\/ul>\n<h2>Hidraulisk\u0101 cilindra uzst\u0101d\u012b\u0161anas rokasgr\u0101mata<\/h2>\n<p>Pareiza str\u0113les cilindra uzst\u0101d\u012b\u0161ana ir \u013coti svar\u012bga t\u0101 veiktsp\u0113jai un ilgm\u016b\u017e\u012bbai. Vispirms p\u0101rliecinieties, vai mont\u0101\u017eas virsmas ir t\u012bras un bez gru\u017eiem. Izl\u012bdziniet cilindru ar mont\u0101\u017eas kron\u0161teiniem un izmantojiet atbilsto\u0161us stiprin\u0101juma elementus, lai to nostiprin\u0101tu viet\u0101. Ir svar\u012bgi iev\u0113rot ra\u017eot\u0101ja specifik\u0101cijas attiec\u012bb\u0101 uz griezes momenta iestat\u012bjumiem, lai nodro\u0161in\u0101tu stingru pievilk\u0161anu. Nepareiza izl\u012bdzin\u0101\u0161ana var izrais\u012bt nevienm\u0113r\u012bgu nodilumu un priek\u0161laic\u012bgu boj\u0101jumu, t\u0101p\u0113c pirms visu nostiprin\u0101\u0161anas veltiet laiku, lai v\u0113lreiz p\u0101rbaud\u012btu izl\u012bdzin\u0101jumu.<\/p>\n<p>P\u0113c uzst\u0101d\u012b\u0161anas pievienojiet hidraulisk\u0101s l\u012bnijas, p\u0101rliecinoties, ka nav loc\u012bjumu vai asu l\u012bkumu, kas var\u0113tu ierobe\u017eot \u0161\u0137idruma pl\u016bsmu. P\u0113c pievieno\u0161anas piepildiet hidraulisko sist\u0113mu ar ieteicamo hidraulisko e\u013c\u013cu un izlaidiet gaisu no l\u012bnij\u0101m, lai nodro\u0161in\u0101tu vienm\u0113r\u012bgu darb\u012bbu. Visbeidzot, veiciet testa braucienu, lai p\u0101rbaud\u012btu, vai nav nopl\u016b\u017eu un vai darb\u012bba ir pareiza. \u0160\u012b prevent\u012bv\u0101 pieeja var iev\u0113rojami uzlabot cilindra veiktsp\u0113ju un kalpo\u0161anas laiku.<\/p>\n<h2>Bie\u017ei sastopamie apkopes uzdevumi<\/h2>\n<ul>\n<li><strong>Regul\u0101ras p\u0101rbaudes:<\/strong> Veiciet regul\u0101ras nodiluma p\u0101rbaudes. Regul\u0101ras p\u0101rbaudes var pal\u012bdz\u0113t identific\u0113t probl\u0113mas, pirms t\u0101s saasin\u0101s, nodro\u0161inot cilindra efekt\u012bvu darb\u012bbu.<\/li>\n<li><strong>Piem\u0113rota e\u013c\u013co\u0161ana:<\/strong> Uztur\u0113t atbilsto\u0161u e\u013c\u013co\u0161anas l\u012bmeni un p\u0113c nepiecie\u0161am\u012bbas nomain\u012bt hidraulisko e\u013c\u013cu. Tas nodro\u0161ina cilindra nevainojamu darb\u012bbu un samazina nodiluma risku.<\/li>\n<li><strong>Bl\u012bv\u0113juma nomai\u0146as un kalibr\u0113\u0161anas p\u0101rbaudes:<\/strong> Regul\u0101ri nov\u0113rt\u0113jiet bl\u012bv\u0113jumu st\u0101vokli un, ja nepiecie\u0161ams, nomainiet tos. Kalibr\u0113\u0161anas p\u0101rbaudes nodro\u0161ina, ka cilindrs darbojas noteikto parametru robe\u017e\u0101s, uzlabojot dro\u0161\u012bbu un veiktsp\u0113ju.<\/li>\n<\/ul>\n<p>Pareiza uzst\u0101d\u012b\u0161ana, e\u013c\u013co\u0161ana un regul\u0113\u0161ana ir \u013coti svar\u012bga str\u0113les cilindra darb\u012bbai. Uzst\u0101d\u012b\u0161anas laik\u0101 p\u0101rliecinieties, vai cilindrs ir pareizi izl\u012bdzin\u0101ts. Cilindra nostiprin\u0101\u0161anai ieteicams izmantot piem\u0113rotus mont\u0101\u017eas kron\u0161teinus. Regul\u0101ri p\u0101rbaudiet un iev\u0113rojiet ieteicam\u0101s deta\u013cu p\u0101rbaudes, remonta un nomai\u0146as proced\u016bras, lai uzlabotu cilindra kalpo\u0161anas laiku.<\/p>\n<p><img decoding=\"async\" src=\"https:\/\/www.hydraulic-cylinders.net\/wp-content\/uploads\/2025\/04\/songte-chushion-collar.webp\" alt=\"Spilvenu apkakle\"><\/p>\n<h2>Dro\u0161\u012bbas apsv\u0113rumi un vides faktori<\/h2>\n<p>Str\u0101d\u0101jot ar hidrauliskajiem cilindriem, ir svar\u012bgi iev\u0113rot dro\u0161\u012bbas pas\u0101kumus. Operatoriem vienm\u0113r j\u0101iev\u0113ro dro\u0161\u012bbas vadl\u012bnijas, lai nov\u0113rstu negad\u012bjumus un traumas. Ir svar\u012bgi valk\u0101t atbilsto\u0161us individu\u0101los aizsardz\u012bbas l\u012bdzek\u013cus (IAL), piem\u0113ram, cimdus un aizsargbrilles. Turkl\u0101t, izprotot iek\u0101rtas darb\u012bbas ierobe\u017eojumus un nodro\u0161inot, ka cilindrs netiek p\u0101rslogots, var nov\u0113rst k\u013c\u016bmes un uzlabot dro\u0161\u012bbu. Apzin\u0101\u0161an\u0101s par vides faktoriem, piem\u0113ram, temperat\u016bru un kod\u012bgu vielu iedarb\u012bbu, var ar\u012b pagarin\u0101t hidraulisko cilindru kalpo\u0161anas laiku. Operatoriem j\u0101cen\u0161as uztur\u0113t t\u012bru darba vidi, lai samazin\u0101tu pies\u0101r\u0146ojumu un nodilumu.<\/p>\n<h2>Bie\u017ei sastopamo probl\u0113mu nov\u0113r\u0161ana<\/h2>\n<ul>\n<li><strong>Hidraulisk\u0101 \u0161\u0137idruma nopl\u016bdes:<\/strong> P\u0101rbaudiet bl\u012bv\u0113jumu nodilumu un, ja nepiecie\u0161ams, nomainiet tos. P\u0101rbaudiet \u0161\u013c\u016btenes un savienojumus, vai tie nav boj\u0101ti. Regul\u0101ra apkope var pal\u012bdz\u0113t nov\u0113rst nopl\u016bdes, pirms t\u0101s k\u013c\u016bst par nopietn\u0101m probl\u0113m\u0101m.<\/li>\n<li><strong>Samazin\u0101ta cilindra veiktsp\u0113ja:<\/strong> P\u0101rbaudiet hidraulisk\u0101 \u0161\u0137idruma l\u012bmeni un nomainiet pies\u0101r\u0146oto e\u013c\u013cu. Zems \u0161\u0137idruma l\u012bmenis var izrais\u012bt l\u0113nu darb\u012bbu, t\u0101p\u0113c regul\u0101ras p\u0101rbaudes ir \u013coti svar\u012bgas.<\/li>\n<li><strong>D\u012bvainas ska\u0146as darb\u012bbas laik\u0101:<\/strong> Neparastas ska\u0146as var liecin\u0101t par iek\u0161\u0113ju nodilumu vai boj\u0101jumiem. P\u0101rbaudiet cilindru un t\u0101 sast\u0101vda\u013cas, vai nav boj\u0101jumu vai nepareizas izl\u012bdzin\u0101\u0161anas paz\u012bmju.<\/li>\n<\/ul>\n<p>Sniedzot efekt\u012bvus probl\u0113mu nov\u0113r\u0161anas padomus un risin\u0101jumus, operatori var \u0101tri identific\u0113t un risin\u0101t hidraulisko cilindru probl\u0113mas, samazinot d\u012bkst\u0101ves laiku un saglab\u0101jot efektivit\u0101ti.<\/p>\n<p>Prevent\u012bvie pas\u0101kumi, piem\u0113ram, regul\u0101ras apkopes p\u0101rbaudes un ekspluat\u0101cijas vadl\u012bniju iev\u0113ro\u0161ana, var iev\u0113rojami samazin\u0101t \u0161o probl\u0113mu ra\u0161an\u0101s iesp\u0113jam\u012bbu.<\/p>\n<p><img decoding=\"async\" src=\"https:\/\/www.hydraulic-cylinders.net\/wp-content\/uploads\/2025\/04\/songte-bushings-with-all-kinds-of-excavator-models.webp\" alt=\"Ekskavatora bukses\"><\/p>\n<h2>Par mums<\/h2>\n<p>M\u0113s esam vado\u0161ais rezerves hidraulisko cilindru ra\u017eot\u0101js, kas velt\u012bts pla\u0161a produktu kl\u0101sta nodro\u0161in\u0101\u0161anai. M\u016bsu ap\u0146em\u0161an\u0101s sasniegt izcil\u012bbu ir padar\u012bjusi m\u016bs par vienu no vado\u0161ajiem hidraulisko cilindru ra\u017eot\u0101jiem un vairumtirgot\u0101jiem gan viet\u0113j\u0101, gan starptautiskaj\u0101 tirg\u016b. M\u0113s iev\u0113rojam izsmalcin\u0101tas ra\u017eo\u0161anas vad\u012bbas strat\u0113\u0123iju un past\u0101v\u012bgi uzlabojam savas ra\u017eo\u0161anas iesp\u0113jas, izmantojot progres\u012bvas tehnolo\u0123ijas, kvalific\u0113tu person\u0101lu un stingras test\u0113\u0161anas sist\u0113mas.<\/p>\n<p>M\u016bsu uzman\u012bbas centr\u0101 ir augsta efektivit\u0101te, precizit\u0101te un kvalit\u0101te, kas nodro\u0161ina, ka m\u0113s apmierin\u0101m da\u017e\u0101das klientu vajadz\u012bbas. M\u0113s pied\u0101v\u0101jam profesion\u0101lus pas\u016bt\u012bjuma pakalpojumus, starptautiskus m\u016bsu produktu sertifik\u0101tus un stabilu p\u0113cp\u0101rdo\u0161anas atbalstu, lai nodro\u0161in\u0101tu klientu apmierin\u0101t\u012bbu. M\u016bsu ra\u017eotnes lepojas ar modernu apr\u012bkojumu, kas \u013cauj mums ra\u017eot augstas kvalit\u0101tes hidrauliskos cilindrus, kas piel\u0101goti klientu specifik\u0101cij\u0101m.<\/p>\n<p><img decoding=\"async\" src=\"https:\/\/www.hydraulic-cylinders.net\/wp-content\/uploads\/2025\/04\/songte-company-4.webp\" alt=\"Uz\u0146\u0113muma p\u0101rskats\"><br \/>\n<img decoding=\"async\" src=\"https:\/\/www.hydraulic-cylinders.net\/wp-content\/uploads\/2025\/04\/songte-company-3.webp\" alt=\"Hidraulisko cilindru ra\u017eo\u0161ana\"><\/p>\n<p>Autors: lil<\/p>","protected":false},"excerpt":{"rendered":"<p>Boom Cylinder For Case Middle Excavator CX240B Definition and Overview of the Bucket Cylinder The bucket cylinder, also known as the boom cylinder, is a critical component in hydraulic systems used in various heavy machinery, including excavators, backhoe loaders, and front loaders. This hydraulic cylinder enables the movement of the bucket, allowing it to lift, [&hellip;]<\/p>","protected":false},"featured_media":17874,"comment_status":"open","ping_status":"closed","template":"","meta":{"_et_pb_use_builder":"","_et_pb_old_content":"","_et_gb_content_width":""},"product_brand":[],"product_cat":[1546],"product_tag":[1547,1496],"class_list":{"0":"post-19445","1":"product","2":"type-product","3":"status-publish","4":"has-post-thumbnail","6":"product_cat-boom-cylinders","7":"product_tag-boom-cylinders","8":"product_tag-hydraulic-cylinders","10":"first","11":"instock","12":"shipping-taxable","13":"product-type-simple"},"amp_enabled":true,"_links":{"self":[{"href":"https:\/\/www.hydraulic-cylinders.net\/lv\/wp-json\/wp\/v2\/product\/19445","targetHints":{"allow":["GET"]}}],"collection":[{"href":"https:\/\/www.hydraulic-cylinders.net\/lv\/wp-json\/wp\/v2\/product"}],"about":[{"href":"https:\/\/www.hydraulic-cylinders.net\/lv\/wp-json\/wp\/v2\/types\/product"}],"replies":[{"embeddable":true,"href":"https:\/\/www.hydraulic-cylinders.net\/lv\/wp-json\/wp\/v2\/comments?post=19445"}],"wp:featuredmedia":[{"embeddable":true,"href":"https:\/\/www.hydraulic-cylinders.net\/lv\/wp-json\/wp\/v2\/media\/17874"}],"wp:attachment":[{"href":"https:\/\/www.hydraulic-cylinders.net\/lv\/wp-json\/wp\/v2\/media?parent=19445"}],"wp:term":[{"taxonomy":"product_brand","embeddable":true,"href":"https:\/\/www.hydraulic-cylinders.net\/lv\/wp-json\/wp\/v2\/product_brand?post=19445"},{"taxonomy":"product_cat","embeddable":true,"href":"https:\/\/www.hydraulic-cylinders.net\/lv\/wp-json\/wp\/v2\/product_cat?post=19445"},{"taxonomy":"product_tag","embeddable":true,"href":"https:\/\/www.hydraulic-cylinders.net\/lv\/wp-json\/wp\/v2\/product_tag?post=19445"}],"curies":[{"name":"wp","href":"https:\/\/api.w.org\/{rel}","templated":true}]}}