{"id":19446,"date":"2025-04-07T06:47:55","date_gmt":"2025-04-07T06:47:55","guid":{"rendered":"https:\/\/www.hydraulic-cylinders.net\/product\/boom-cylinder-for-case-middle-excavator-cx240bhr\/"},"modified":"2025-04-07T06:47:59","modified_gmt":"2025-04-07T06:47:59","slug":"boom-cylinder-for-case-middle-excavator-cx240bhr","status":"publish","type":"product","link":"https:\/\/www.hydraulic-cylinders.net\/lv\/products\/boom-cylinder-for-case-middle-excavator-cx240bhr\/","title":{"rendered":"Str\u0113les cilindrs Case Middle ekskavatoram CX240BHR"},"content":{"rendered":"<h1>Str\u0113les cilindrs Case Middle ekskavatoram CX240BHR<\/h1>\n<h2>Ievads str\u0113les cilindr\u0101<\/h2>\n<p>Str\u0113les cilindrs ir kritiski svar\u012bga sast\u0101vda\u013ca, kas \u012bpa\u0161i izstr\u0101d\u0101ta Case CX240BHR ekskavatoram. \u0160im hidrauliskajam cilindram ir galven\u0101 loma ekskavatora str\u0113les kust\u012bbas kontrol\u0113\u0161an\u0101, \u013caujot tai prec\u012bzi pacelt, nolaist un noliekt str\u0113li. Tas kalpo k\u0101 b\u016btiska hidraulisk\u0101s sist\u0113mas sast\u0101vda\u013ca, nodro\u0161inot efekt\u012bvu smago ma\u0161\u012bnu darb\u012bbu, ko izmanto b\u016bvniec\u012bb\u0101 un zemes p\u0101rvieto\u0161anas darbos.<\/p>\n<p><img decoding=\"async\" src=\"https:\/\/www.hydraulic-cylinders.net\/wp-content\/uploads\/2025\/04\/songte-company-1.webp\" alt=\"Str\u0113les cilindra att\u0113ls\" \/><\/p>\n<h3>Defin\u012bcija un p\u0101rskats<\/h3>\n<p>Kausa cilindrs ir hidraulisk\u0101 cilindra veids, kas paredz\u0113ts kausu kust\u012bbas vad\u012bbai da\u017e\u0101d\u0101s smagaj\u0101s ma\u0161\u012bn\u0101s, piem\u0113ram, ekskavatoros, iekr\u0101v\u0113ju ekskavatoros un front\u0101lajos iekr\u0101v\u0113jos. T\u0101 galven\u0101 funkcija ir nodro\u0161in\u0101t kausa pacel\u0161anu, nolai\u0161anu un noliek\u0161anu, atvieglojot materi\u0101lu apstr\u0101des uzdevumus. \u0160ie cilindri darbojas, izmantojot hidraulisk\u0101s e\u013c\u013cas spiedienu, lai rad\u012btu kust\u012bbu, padarot tos neaizst\u0101jamus jebkur\u0101 darb\u012bb\u0101, kur\u0101 nepiecie\u0161ama smagu kravu cel\u0161ana vai prec\u012bza pozicion\u0113\u0161ana.<\/p>\n<h2>Str\u0113les cilindra \u012bpa\u0161\u012bbas<\/h2>\n<ul>\n<li><strong>Augsta iztur\u012bba un ilgm\u016b\u017e\u012bba:<\/strong> Parasti izgatavots no augstas stipr\u012bbas t\u0113rauda vai alum\u012bnija, kas \u013cauj iztur\u0113t augstu spiedienu un lielas slodzes, un ir paredz\u0113ts skarb\u0101m darba vid\u0113m, \u0146emot v\u0113r\u0101 nodilumiztur\u012bbu un korozijas iztur\u012bbu, lai pagarin\u0101tu kalpo\u0161anas laiku.<\/li>\n<li><strong>Efekt\u012bva hidraulisk\u0101 darb\u012bba:<\/strong> Izmanto hidraulisk\u0101s e\u013c\u013cas spiedienu, lai pan\u0101ktu vienm\u0113r\u012bgas izstiep\u0161anas un ievilk\u0161anas darb\u012bbas, sp\u0113jot \u0101tri rea\u0123\u0113t uz vad\u012bbas komand\u0101m, nodro\u0161inot sp\u0113c\u012bgu stum\u0161anas un vilk\u0161anas sp\u0113ku, kas piem\u0113rots smagu priek\u0161metu apstr\u0101dei un sare\u017e\u0123\u012btu uzdevumu veik\u0161anai.<\/li>\n<li><strong>Da\u017e\u0101di veidi:<\/strong> Pieejams vienk\u0101r\u0161\u0101s darb\u012bbas (izmantojot hidrauliku vien\u0101 virzien\u0101) vai divk\u0101r\u0161\u0101s darb\u012bbas (izmantojot hidrauliku abos virzienos) konfigur\u0101cij\u0101s, lai apmierin\u0101tu da\u017e\u0101das ekspluat\u0101cijas vajadz\u012bbas. Da\u017ei mode\u013ci ir teleskopiski, kas \u013cauj tos pla\u0161\u0101k izstiept, nepalielinot \u0101r\u0113jos izm\u0113rus, kas ir ide\u0101li piem\u0113rots lietojumiem ar ierobe\u017eotu vietu.<\/li>\n<li><strong>Piel\u0101gojamas opcijas:<\/strong> Izstr\u0101d\u0101ts, lai atbilstu pla\u0161am ekskavatoru mode\u013cu kl\u0101stam, nodro\u0161inot sader\u012bbu un veiktsp\u0113ju, piel\u0101gots konkr\u0113t\u0101m projekta pras\u012bb\u0101m un lietot\u0101ja v\u0113lm\u0113m.<\/li>\n<li><strong>Vienk\u0101r\u0161a apkope:<\/strong> Izstr\u0101d\u0101ts, lai atvieglotu apkopi un uztur\u0113\u0161anu, \u013caujot \u0101tri veikt remontu un nomai\u0146u, samazinot d\u012bkst\u0101ves laiku un nodro\u0161inot ilgm\u016b\u017e\u012bbu.<\/li>\n<\/ul>\n<p>M\u016bsu produkti var lieliski aizst\u0101t \u0161os hidrauliskos cilindrus, nodro\u0161inot optim\u0101lu veiktsp\u0113ju un uzticam\u012bbu.<\/p>\n<p><img decoding=\"async\" src=\"https:\/\/www.hydraulic-cylinders.net\/wp-content\/uploads\/2025\/04\/songte-cylinder-head-with-all-kinds-excavator-models.webp\" alt=\"Ekskavatoru mode\u013ci\" \/><\/p>\n<h2>Str\u0113les cilindra pielietojumi<\/h2>\n<h3>Celtniec\u012bbas apr\u012bkojums<\/h3>\n<p>Ekskavatoros str\u0113les cilindrs ir \u013coti svar\u012bgs rak\u0161anai, iekrau\u0161anai un augsnes vai gru\u017eu p\u0101rvieto\u0161anai. Tas nodro\u0161ina iev\u0113rojamu celtsp\u0113ju, kas ir b\u016btiski b\u016bvniec\u012bbas darbiem, kuriem nepiecie\u0161ama prec\u012bza rak\u0161ana un materi\u0101lu apstr\u0101de. \u0160o cilindru efektivit\u0101te nodro\u0161ina, ka projektus var pabeigt laik\u0101 un bud\u017eeta ietvaros.<\/p>\n<h3>Lauksaimniec\u012bbas tehnika<\/h3>\n<p>Front\u0101lie iekr\u0101v\u0113ji izmanto str\u0113les cilindrus augsnes, siena un citu materi\u0101lu sav\u0101k\u0161anai, cel\u0161anai un transport\u0113\u0161anai. Hidraulisk\u0101 darb\u012bba nodro\u0161ina nepiecie\u0161amo sp\u0113ku, lai \u0161os uzdevumus veiktu efekt\u012bvi, padarot to par neaizst\u0101jamu instrumentu lauksaimniec\u012bbas darbos, kur laiks un produktivit\u0101te ir kritiski svar\u012bgi.<\/p>\n<h3>Rak\u0161anas darbi<\/h3>\n<p>Rak\u0161anas darbos kausa cilindrs \u013cauj kausam iek\u013c\u016bt zem\u0113, atvieglojot rak\u0161anas darbus. \u0160\u012b darb\u012bba ir vit\u0101li svar\u012bga b\u016bvniec\u012bb\u0101, ainavu veido\u0161an\u0101 un da\u017e\u0101dos zemes p\u0101rvieto\u0161anas darbos, kuriem nepiecie\u0161ams dzi\u013cums un precizit\u0101te.<\/p>\n<h3>Iekr\u0101v\u0113ja funkcijas<\/h3>\n<p>Front\u0101lajos iekr\u0101v\u0113jos str\u0113les cilindri pal\u012bdz efekt\u012bvi pacelt un izkraut kravas. \u0160is meh\u0101nisms nodro\u0161ina, ka materi\u0101lus var efekt\u012bvi p\u0101rvietot no vienas vietas uz citu, t\u0101d\u0113j\u0101di uzlabojot produktivit\u0101ti darba viet\u0101s, kur materi\u0101lu p\u0101rvieto\u0161ana ir bie\u017ea.<\/p>\n<h2>Dizaina apsv\u0113rumi un atlases krit\u0113riji<\/h2>\n<h3>Kravnes\u012bba<\/h3>\n<p>Izv\u0113loties str\u0113les cilindru, \u0101rk\u0101rt\u012bgi svar\u012bgi ir izprast t\u0101 kravnes\u012bbu. Cilindram j\u0101sp\u0113j iztur\u0113t maksim\u0101lo svaru, ar ko tas saskarsies darb\u012bbas laik\u0101. Tas prasa r\u016bp\u012bgu tehnikas pras\u012bbu un apstr\u0101d\u0101jamo materi\u0101lu veidu nov\u0113rt\u0113jumu. Labi konstru\u0113ts cilindrs nodro\u0161in\u0101s nepiecie\u0161amo iztur\u012bbu, neapdraudot dro\u0161\u012bbu.<\/p>\n<h3>Bl\u012bv\u0113\u0161anas meh\u0101nismi<\/h3>\n<p>Efekt\u012bvs bl\u012bv\u0113jums ir kritiski svar\u012bgs hidraulisko cilindru veiktsp\u0113jai un ilgm\u016b\u017e\u012bbai. Augstas kvalit\u0101tes bl\u012bv\u0113jumi nov\u0113r\u0161 hidraulisk\u0101 \u0161\u0137idruma nopl\u016bdi, nodro\u0161inot efekt\u012bvu darb\u012bbu un samazinot apkopes izmaksas. Bl\u012bv\u0113\u0161anas materi\u0101lu, piem\u0113ram, poliuret\u0101na vai nitrilgumijas, izv\u0113le var b\u016btiski ietekm\u0113t cilindra uzticam\u012bbu un funkcionalit\u0101ti.<\/p>\n<h3>Iztur\u012bba un ilgm\u016b\u017e\u012bba<\/h3>\n<p>Str\u0113les cilindra iztur\u012bbu ietekm\u0113 t\u0101 konstrukcij\u0101 izmantotie materi\u0101li un ra\u017eo\u0161anas procesi. Augstas stipr\u012bbas t\u0113rauds un moderni p\u0101rkl\u0101jumi var uzlabot iztur\u012bbu pret nodilumu un koroziju, pagarinot cilindra kalpo\u0161anas laiku un samazinot nomai\u0146as bie\u017eumu.<\/p>\n<h3>Dro\u0161\u012bbas funkcijas<\/h3>\n<p>Dro\u0161\u012bba ir kritiski svar\u012bgs apsv\u0113rums hidraulisko cilindru konstrukcij\u0101. T\u0101das funkcijas k\u0101 spiediena samazin\u0101\u0161anas v\u0101rsti var nov\u0113rst p\u0101rslodzi, savuk\u0101rt pastiprin\u0101tas konstrukcijas uzlabo visp\u0101r\u0113jo dro\u0161\u012bbu, darbinot smag\u0101s ma\u0161\u012bnas. Cilindra izv\u0113le ar atbilsto\u0161iem dro\u0161\u012bbas pas\u0101kumiem ir \u013coti svar\u012bga, lai aizsarg\u0101tu gan operatoru, gan apr\u012bkojumu.<\/p>\n<h3>Uzturam\u012bba<\/h3>\n<p>V\u0113l viens b\u016btisks faktors str\u0113les cilindru konstrukcij\u0101 ir viegla apkope. Funkcijas, kas nodro\u0161ina \u0101tru piek\u013cuvi iek\u0161\u0113j\u0101m sast\u0101vda\u013c\u0101m, piem\u0113ram, no\u0146emamiem gala v\u0101ci\u0146iem un standartiz\u0113t\u0101m deta\u013c\u0101m, atvieglo regul\u0101ras p\u0101rbaudes un remontu, samazinot d\u012bkst\u0101ves laiku un nodro\u0161inot nep\u0101rtrauktu darb\u012bbu.<\/p>\n<p><img decoding=\"async\" src=\"https:\/\/www.hydraulic-cylinders.net\/wp-content\/uploads\/2025\/04\/songte-oil-pipes-and-spare-parts.webp\" alt=\"E\u013c\u013cas caurules un rezerves da\u013cas\" \/><\/p>\n<h2>Bl\u012bv\u0113\u0161ana un e\u013c\u013co\u0161ana<\/h2>\n<p>Hidraulisko cilindru bl\u012bv\u0113\u0161anas un e\u013c\u013co\u0161anas noz\u012bmi nevar p\u0101rv\u0113rt\u0113t. Da\u017e\u0101du bl\u012bv\u0113\u0161anas elementu, piem\u0113ram, virzu\u013ca bl\u012bv\u0113jumu un stie\u0146a bl\u012bv\u0113jumu, izmanto\u0161ana nodro\u0161ina, ka hidrauliskais \u0161\u0137idrums paliek cilindr\u0101. \u0160ie bl\u012bv\u0113jumi bie\u017ei tiek izgatavoti no nodilumiztur\u012bgiem materi\u0101liem, piem\u0113ram, poliuret\u0101na un nitrila gumijas, kas var iztur\u0113t skarbus ekspluat\u0101cijas apst\u0101k\u013cus. Turkl\u0101t cilindra korpuss un v\u012bt\u0146otie gali ir smalki apstr\u0101d\u0101ti, lai uzlabotu iztur\u012bbu.<\/p>\n<p>Regul\u0101ra e\u013c\u013co\u0161ana ir b\u016btiska, lai uztur\u0113tu cilindra funkcionalit\u0101ti. J\u0101pieg\u0101d\u0101 pietiekams hidraulisk\u0101s e\u013c\u013cas daudzums, lai samazin\u0101tu kust\u012bgo deta\u013cu berzi un nodilumu. Pl\u0101notas apkopes rut\u012bnas, kas ietver e\u013c\u013cas l\u012bme\u0146a p\u0101rbaudi un sm\u0113rvielu nomai\u0146u, iev\u0113rojami veicin\u0101s str\u0113les cilindra ilgm\u016b\u017e\u012bbu.<\/p>\n<h2>Prevent\u012bvie apkopes pas\u0101kumi<\/h2>\n<ul>\n<li><strong>Regul\u0101ras p\u0101rbaudes:<\/strong> Veiciet regul\u0101ras p\u0101rbaudes, lai laikus identific\u0113tu jebk\u0101das nodiluma vai boj\u0101jumu paz\u012bmes. Tas ietver nopl\u016b\u017eu, plaisu un neparastu trok\u0161\u0146u mekl\u0113\u0161anu darb\u012bbas laik\u0101.<\/li>\n<li><strong>E\u013c\u013co\u0161ana:<\/strong> Lai nodro\u0161in\u0101tu vienm\u0113r\u012bgu darb\u012bbu un nov\u0113rstu p\u0101rm\u0113r\u012bgu nodilumu, nodro\u0161iniet cilindra regul\u0101ru e\u013c\u013co\u0161anu. Tas ietver hidraulisk\u0101s e\u013c\u013cas pievieno\u0161anu un jebk\u0101du pies\u0101r\u0146ojuma paz\u012bmju p\u0101rbaudi.<\/li>\n<li><strong>Bl\u012bv\u0113juma nomai\u0146a:<\/strong> Regul\u0101ri p\u0101rbaudiet bl\u012bves un nomainiet t\u0101s p\u0113c nepiecie\u0161am\u012bbas, lai nov\u0113rstu nopl\u016bdes un nodro\u0161in\u0101tu efekt\u012bvu darb\u012bbu. Nolietotas bl\u012bves var rad\u012bt iev\u0113rojamas veiktsp\u0113jas probl\u0113mas, un t\u0101m j\u0101pie\u0161\u0137ir priorit\u0101te apkopes grafikos.<\/li>\n<\/ul>\n<h2>Uzst\u0101d\u012b\u0161anas vadl\u012bnijas<\/h2>\n<p>Pareiza str\u0113les cilindra uzst\u0101d\u012b\u0161ana ir \u013coti svar\u012bga t\u0101 veiktsp\u0113jai un ilgm\u016b\u017e\u012bbai. Vispirms p\u0101rliecinieties, vai mont\u0101\u017eas kron\u0161teini ir dro\u0161i un pareizi izl\u012bdzin\u0101ti. Nepareiza izl\u012bdzin\u0101\u0161ana var izrais\u012bt priek\u0161laic\u012bgu nodilumu un boj\u0101jumus.<\/p>\n<p>Uzst\u0101d\u012b\u0161anas laik\u0101 ir \u013coti svar\u012bgi izmantot atbilsto\u0161us uzst\u0101d\u012b\u0161anas balstus, lai stabiliz\u0113tu cilindru. Turkl\u0101t, lai izvair\u012btos no jebk\u0101d\u0101m konstrukcijas probl\u0113m\u0101m, iev\u0113rojiet ra\u017eot\u0101ja vadl\u012bnijas par visu stiprin\u0101jumu griezes momenta specifik\u0101cij\u0101m.<\/p>\n<p>Uzst\u0101d\u012b\u0161anas laik\u0101 p\u0101rliecinieties, vai hidrauliskie savienojumi ir cie\u0161i un bez nopl\u016bd\u0113m. P\u0113c uzst\u0101d\u012b\u0161anas veiciet r\u016bp\u012bgu hidraulisk\u0101s sist\u0113mas p\u0101rbaudi, lai p\u0101rliecin\u0101tos, ka str\u0113les cilindrs darbojas nevainojami un pareizi rea\u0123\u0113 uz vad\u012bbas ievad\u0113m.<\/p>\n<h2>Bie\u017ei sastopamie apkopes uzdevumi<\/h2>\n<h3>Regul\u0101ras p\u0101rbaudes<\/h3>\n<p>Regul\u0101ru p\u0101rbau\u017eu veik\u0161ana ir \u013coti svar\u012bga hidraulisko sist\u0113mu uztur\u0113\u0161anai. Darb\u012bbas laik\u0101 p\u0101rbaudiet, vai nav nodiluma paz\u012bmju, \u0161\u0137idruma nopl\u016b\u017eu un neparastu trok\u0161\u0146u. Probl\u0113mu agr\u012bna atkl\u0101\u0161ana var nov\u0113rst d\u0101rgus remontdarbus un nodro\u0161in\u0101t sist\u0113mas uzticamu darb\u012bbu.<\/p>\n<h3>Pareiza e\u013c\u013co\u0161ana<\/h3>\n<p>Pareiza e\u013c\u013co\u0161ana ir b\u016btiska str\u0113les cilindra netrauc\u0113tai darb\u012bbai. Regul\u0101ri p\u0101rbaudiet hidraulisk\u0101s e\u013c\u013cas l\u012bmeni un nomainiet pies\u0101r\u0146oto e\u013c\u013cu. \u0160\u012b prakse samazina cilindra deta\u013cu berzi un nodilumu, k\u0101 ar\u012b pagarina t\u0101 kalpo\u0161anas laiku.<\/p>\n<h3>Bl\u012bv\u0113juma nomai\u0146a<\/h3>\n<p>Regul\u0101ra bl\u012bv\u0113jumu nomai\u0146a ir \u013coti svar\u012bga, lai nov\u0113rstu nopl\u016bdes un uztur\u0113tu optim\u0101lu veiktsp\u0113ju. P\u0101rbaudiet bl\u012bv\u0113jumus, vai tiem nav nodiluma vai boj\u0101jumu paz\u012bmju, un nekav\u0113joties nomainiet tos. \u0160is uzdevums ir \u013coti svar\u012bgs, lai nodro\u0161in\u0101tu hidraulisko sist\u0113mu efektivit\u0101ti un uzticam\u012bbu.<\/p>\n<h2>Dro\u0161\u012bbas apsv\u0113rumi un vides faktori<\/h2>\n<p>Izmantojot hidrauliskos cilindrus, dro\u0161\u012bbas pas\u0101kumu ievie\u0161ana ir \u0101rk\u0101rt\u012bgi svar\u012bga. Operatoriem j\u0101b\u016bt apm\u0101c\u012btiem pareiz\u0101 ma\u0161\u012bnu lieto\u0161an\u0101 un ekspluat\u0101cij\u0101, lai samazin\u0101tu negad\u012bjumu risku. Turkl\u0101t j\u0101nodro\u0161ina, ka visi dro\u0161\u012bbas aizsargi un ier\u012bces ir sav\u0101s viet\u0101s un darbojas pareizi. Lai nodro\u0161in\u0101tu cilindra ilgm\u016b\u017e\u012bbu un uzticam\u012bbu, ekspluat\u0101cijas apst\u0101k\u013cos j\u0101\u0146em v\u0113r\u0101 vides faktori, piem\u0113ram, pak\u013cau\u0161ana ekstrem\u0101l\u0101m temperat\u016br\u0101m vai kod\u012bg\u0101m viel\u0101m.<\/p>\n<h2>K\u013c\u016bmju diagnostika un bie\u017e\u0101k sastopam\u0101s probl\u0113mas<\/h2>\n<ul>\n<li><strong>Hidraulisk\u0101 \u0161\u0137idruma nopl\u016bdes:<\/strong> Tas var liecin\u0101t par nolietotiem bl\u012bv\u0113jumiem vai boj\u0101t\u0101m deta\u013c\u0101m. P\u0101rbaudiet cilindru, vai nav redzamu nopl\u016b\u017eu, un nepiecie\u0161am\u012bbas gad\u012bjum\u0101 nomainiet boj\u0101t\u0101s deta\u013cas.<\/li>\n<li><strong>Spiediena zudums:<\/strong> Hidraulisk\u0101 spiediena pazemin\u0101\u0161an\u0101s var ietekm\u0113t veiktsp\u0113ju. P\u0101rbaudiet, vai hidrauliskaj\u0101s l\u012bnij\u0101s nav aizsprostojumu vai boj\u0101tu \u0161\u013c\u016bte\u0146u.<\/li>\n<li><strong>Neparastas ska\u0146as:<\/strong> Sl\u012bpo\u0161a vai \u010d\u012bksto\u0161a ska\u0146a var liecin\u0101t par e\u013c\u013co\u0161anas tr\u016bkumu vai boj\u0101tiem iek\u0161\u0113jiem komponentiem. Nekav\u0113joties veiciet p\u0101rbaudes, lai identific\u0113tu un nov\u0113rstu probl\u0113mu.<\/li>\n<\/ul>\n<h2>Probl\u0113mu nov\u0113r\u0161anas padomi<\/h2>\n<p>Lai efekt\u012bvi diagnostic\u0113tu un nov\u0113rstu probl\u0113mas ar str\u0113les cilindru, iev\u0113rojiet \u0161os probl\u0113mu nov\u0113r\u0161anas padomus:<\/p>\n<ul>\n<li>Regul\u0101ri veiciet hidraulisk\u0101s sist\u0113mas apkopi, lai samazin\u0101tu probl\u0113mu ra\u0161an\u0101s risku. Ieviesiet profilaktisk\u0101s apkopes grafiku, kas ietver p\u0101rbaudes un e\u013c\u013co\u0161anu.<\/li>\n<li>Veiciet detaliz\u0113tu apkopes darb\u012bbu uzskaiti, lai noteiktu probl\u0113mu mode\u013cus, kas var rasties laika gait\u0101. \u0160\u012b prakse pal\u012bdz diagnostic\u0113t atk\u0101rtotas probl\u0113mas un izstr\u0101d\u0101t efekt\u012bvus risin\u0101jumus.<\/li>\n<li>Lai uzzin\u0101tu par konkr\u0113tiem probl\u0113mu nov\u0113r\u0161anas so\u013ciem saist\u012bb\u0101 ar j\u016bsu apr\u012bkojumu, skatiet ra\u017eot\u0101ja vadl\u012bnijas. Ieteicamo proced\u016bru iev\u0113ro\u0161ana nodro\u0161ina lab\u0101k\u0101s prakses iev\u0113ro\u0161anu.<\/li>\n<\/ul>\n<p><img decoding=\"async\" src=\"https:\/\/www.hydraulic-cylinders.net\/wp-content\/uploads\/2025\/04\/songte-bushings-with-all-kinds-of-excavator-models.webp\" alt=\"Bukses ar ekskavatora mode\u013ciem\" \/><\/p>\n<h2>Par m\u016bsu uz\u0146\u0113mumu<\/h2>\n<p>M\u0113s esam vado\u0161ais rezerves hidraulisko cilindru ra\u017eot\u0101js, kas pied\u0101v\u0101 pla\u0161u produktu kl\u0101stu gan viet\u0113jam, gan starptautiskajam tirgum. M\u016bsu ap\u0146em\u0161an\u0101s sasniegt izcil\u012bbu mudina m\u016bs pie\u0146emt izsmalcin\u0101tas ra\u017eo\u0161anas strat\u0113\u0123ijas, ko atbalsta progres\u012bvas tehnolo\u0123ijas un prasm\u012bgi darbinieki.<\/p>\n<p>M\u0113s nodro\u0161in\u0101m, ka m\u016bsu ra\u017eo\u0161anas procesi atbilst starptautiskajiem standartiem, pied\u0101v\u0101jot piel\u0101gotus risin\u0101jumus, kas piel\u0101goti da\u017e\u0101du klientu vajadz\u012bbu apmierin\u0101\u0161anai. M\u016bsu ra\u017eotnes ir apr\u012bkotas ar augst\u0101k\u0101s klases digit\u0101laj\u0101m ra\u017eo\u0161anas iek\u0101rt\u0101m un profesion\u0101l\u0101m test\u0113\u0161anas sist\u0113m\u0101m, kas uzlabo m\u016bsu produktu kvalit\u0101ti un uzticam\u012bbu.<\/p>\n<p><img decoding=\"async\" src=\"https:\/\/www.hydraulic-cylinders.net\/wp-content\/uploads\/2025\/04\/songte-company-4.webp\" alt=\"Uz\u0146\u0113muma p\u0101rskats\" \/><br \/>\n<img decoding=\"async\" src=\"https:\/\/www.hydraulic-cylinders.net\/wp-content\/uploads\/2025\/04\/songte-company-3.webp\" alt=\"Ra\u017eo\u0161anas iek\u0101rta\" \/><\/p>\n<p>M\u016bsu specializ\u0101cija, starptautisk\u0101s sertifik\u0101cijas, piel\u0101go\u0161anas pakalpojumi, modern\u0101k\u0101s ra\u017eo\u0161anas iek\u0101rtas un specializ\u0113tais p\u0113cp\u0101rdo\u0161anas atbalsts m\u016bs at\u0161\u0137ir hidraulisko cilindru nozar\u0113.<\/p>\n<p>Autors: lil<\/p>","protected":false},"excerpt":{"rendered":"<p>Boom Cylinder For Case Middle Excavator CX240BHR Introduction to the Boom Cylinder The Boom Cylinder is a critical component designed specifically for the Case CX240BHR excavator. This hydraulic cylinder plays a key role in controlling the movement of the excavator&#8217;s boom, allowing it to lift, lower, and tilt with precision. It serves as a vital [&hellip;]<\/p>","protected":false},"featured_media":17875,"comment_status":"open","ping_status":"closed","template":"","meta":{"_et_pb_use_builder":"","_et_pb_old_content":"","_et_gb_content_width":""},"product_brand":[],"product_cat":[1546],"product_tag":[1547,1496],"class_list":{"0":"post-19446","1":"product","2":"type-product","3":"status-publish","4":"has-post-thumbnail","6":"product_cat-boom-cylinders","7":"product_tag-boom-cylinders","8":"product_tag-hydraulic-cylinders","10":"first","11":"instock","12":"shipping-taxable","13":"product-type-simple"},"amp_enabled":true,"_links":{"self":[{"href":"https:\/\/www.hydraulic-cylinders.net\/lv\/wp-json\/wp\/v2\/product\/19446","targetHints":{"allow":["GET"]}}],"collection":[{"href":"https:\/\/www.hydraulic-cylinders.net\/lv\/wp-json\/wp\/v2\/product"}],"about":[{"href":"https:\/\/www.hydraulic-cylinders.net\/lv\/wp-json\/wp\/v2\/types\/product"}],"replies":[{"embeddable":true,"href":"https:\/\/www.hydraulic-cylinders.net\/lv\/wp-json\/wp\/v2\/comments?post=19446"}],"wp:featuredmedia":[{"embeddable":true,"href":"https:\/\/www.hydraulic-cylinders.net\/lv\/wp-json\/wp\/v2\/media\/17875"}],"wp:attachment":[{"href":"https:\/\/www.hydraulic-cylinders.net\/lv\/wp-json\/wp\/v2\/media?parent=19446"}],"wp:term":[{"taxonomy":"product_brand","embeddable":true,"href":"https:\/\/www.hydraulic-cylinders.net\/lv\/wp-json\/wp\/v2\/product_brand?post=19446"},{"taxonomy":"product_cat","embeddable":true,"href":"https:\/\/www.hydraulic-cylinders.net\/lv\/wp-json\/wp\/v2\/product_cat?post=19446"},{"taxonomy":"product_tag","embeddable":true,"href":"https:\/\/www.hydraulic-cylinders.net\/lv\/wp-json\/wp\/v2\/product_tag?post=19446"}],"curies":[{"name":"wp","href":"https:\/\/api.w.org\/{rel}","templated":true}]}}