{"id":19448,"date":"2025-04-07T06:48:04","date_gmt":"2025-04-07T06:48:04","guid":{"rendered":"https:\/\/www.hydraulic-cylinders.net\/product\/boom-cylinder-for-case-large-excavator-cx360b\/"},"modified":"2025-04-07T06:48:06","modified_gmt":"2025-04-07T06:48:06","slug":"boom-cylinder-for-case-large-excavator-cx360b","status":"publish","type":"product","link":"https:\/\/www.hydraulic-cylinders.net\/lv\/products\/boom-cylinder-for-case-large-excavator-cx360b\/","title":{"rendered":"Str\u0113les cilindrs lielajam ekskavatoram Case CX360B"},"content":{"rendered":"<h1>Str\u0113les cilindrs lielajam ekskavatoram Case CX360B<\/h1>\n<h2>Str\u0113les cilindra p\u0101rskats<\/h2>\n<p>Str\u0113les cilindrs ir kritiski svar\u012bga smago ma\u0161\u012bnu hidraulisk\u0101s sist\u0113mas sast\u0101vda\u013ca, \u012bpa\u0161i ekskavatoros, univers\u0101lajos iekr\u0101v\u0113jos un front\u0101lajos iekr\u0101v\u0113jos. T\u0101 galven\u0101 funkcija ir kontrol\u0113t kausa kust\u012bbu, \u013caujot tam efekt\u012bvi pacelt, nolaist un sasv\u0113rt. Tas atvieglo da\u017e\u0101dus materi\u0101lu apstr\u0101des uzdevumus, padarot to par neaizst\u0101jamu ma\u0161\u012bnas darb\u012bbas sast\u0101vda\u013cu. Kausa cilindrs darbojas ar hidraulisk\u0101 spiediena pal\u012bdz\u012bbu, kas nodro\u0161ina nepiecie\u0161amo sp\u0113ku, lai prec\u012bzi un efekt\u012bvi veiktu smagus uzdevumus.<\/p>\n<p>Essentially, a bucket cylinder is a type of hydraulic cylinder specifically designed to manage the dynamic actions of heavy equipment. These cylinders enable operators to manipulate the bucket&#8217;s position, ensuring optimal performance in excavation, loading, and unloading operations.<\/p>\n<p><img decoding=\"async\" src=\"https:\/\/www.hydraulic-cylinders.net\/wp-content\/uploads\/2025\/04\/songte-company-1.webp\" alt=\"Str\u0113les cilindrs\"><\/p>\n<h2>Str\u0113les cilindra \u012bpa\u0161\u012bbas<\/h2>\n<ul>\n<li><strong>Augsta iztur\u012bba un ilgm\u016b\u017e\u012bba:<\/strong> \u0160ie cilindri, kas izgatavoti no augstas stipr\u012bbas t\u0113rauda vai alum\u012bnija, var iztur\u0113t augstu spiedienu un lielas slodzes, padarot tos piem\u0113rotus skarbajiem darba apst\u0101k\u013ciem.<\/li>\n<li><strong>Efekt\u012bva hidraulisk\u0101 darb\u012bba:<\/strong> Cilindrs izmanto hidraulisk\u0101s e\u013c\u013cas spiedienu, lai nodro\u0161in\u0101tu vienm\u0113r\u012bgu izvirz\u012b\u0161anu un ievilk\u0161anu, nodro\u0161inot \u0101tru rea\u0123\u0113\u0161anu uz operatora komand\u0101m.<\/li>\n<li><strong>Da\u017e\u0101di veidi:<\/strong> Pieejams vienk\u0101r\u0161\u0101s darb\u012bbas (spiediens tiek izmantots vien\u0101 virzien\u0101) vai divk\u0101r\u0161\u0101s darb\u012bbas (spiediens tiek izmantots abos virzienos) konfigur\u0101cij\u0101s, lai apmierin\u0101tu da\u017e\u0101das ekspluat\u0101cijas vajadz\u012bbas.<\/li>\n<li><strong>Telpu taupo\u0161s dizains:<\/strong> Da\u017eiem mode\u013ciem ir teleskopiska konstrukcija, kas \u013cauj to pagarin\u0101t, nepalielinot \u0101r\u0113jos izm\u0113rus, kas ir ide\u0101li piem\u0113rots \u0161aur\u0101m telp\u0101m.<\/li>\n<li><strong>Korozijas iztur\u012bba:<\/strong> Projekt\u0113jot \u0146emta v\u0113r\u0101 nodilumiztur\u012bba un aizsardz\u012bba pret koroziju, pagarinot cilindra kalpo\u0161anas laiku sare\u017e\u0123\u012btos apst\u0101k\u013cos.<\/li>\n<\/ul>\n<h2>Ra\u017eo\u0161anas jauda<\/h2>\n<p>M\u0113s ra\u017eojam str\u0113les cilindru, kas lieliski aizst\u0101j \u0161os hidrauliskos cilindrus, nodro\u0161inot augstu sader\u012bbu un veiktsp\u0113jas standartus. M\u016bsu ra\u017eo\u0161anas jauda \u013cauj mums efekt\u012bvi apmierin\u0101t da\u017e\u0101das tirgus vajadz\u012bbas.<\/p>\n<p><img decoding=\"async\" src=\"https:\/\/www.hydraulic-cylinders.net\/wp-content\/uploads\/2025\/04\/songte-cylinder-head-with-all-kinds-excavator-models.webp\" alt=\"Hidraulisko cilindru ra\u017eo\u0161ana\"><\/p>\n<h2>Str\u0113les cilindra pielietojumi<\/h2>\n<h3>Celtniec\u012bbas apr\u012bkojums<\/h3>\n<p>Ekskavatoros str\u0113les cilindriem ir b\u016btiska loma zemes vai gru\u017eu rak\u0161an\u0101, iekrau\u0161an\u0101 un p\u0101rvieto\u0161an\u0101. Tie nodro\u0161ina nepiecie\u0161amo sp\u0113ku, lai iek\u013c\u016btu zem\u0113, padarot rak\u0161anas darbus efekt\u012bvus un lietder\u012bgus. Ekskavatoros-iekr\u0101v\u0113jos cilindrs pal\u012bdz gan rak\u0161an\u0101, gan cel\u0161an\u0101, uzlabojot daudzpus\u012bbu b\u016bvlaukumos.<\/p>\n<h3>Lauksaimniec\u012bbas tehnika<\/h3>\n<p>Front\u0101lajos iekr\u0101v\u0113jos str\u0113les cilindri ir \u013coti svar\u012bgi augsnes, siena un citu materi\u0101lu sav\u0101k\u0161anai, cel\u0161anai un transport\u0113\u0161anai. \u0160\u012b funkcionalit\u0101te ir neat\u0146emama da\u017e\u0101du lauksaimniec\u012bbas uzdevumu sast\u0101vda\u013ca, nodro\u0161inot produktivit\u0101ti un efektivit\u0101ti lauksaimniec\u012bbas darb\u012bb\u0101s.<\/p>\n<h3>Ekskavatori<\/h3>\n<p>Ekskavatoros str\u0113les cilindrs \u013cauj kausam efekt\u012bvi iek\u013c\u016bt augsn\u0113, atvieglojot rak\u0161anas procesu. \u0160\u012b funkcija ir b\u016btiska da\u017e\u0101dos rak\u0161anas un b\u016bvniec\u012bbas projektos, tie\u0161i ietekm\u0113jot produktivit\u0101ti.<\/p>\n<h3>Iekr\u0101v\u0113ji<\/h3>\n<p>Front\u0101lajos iekr\u0101v\u0113jos str\u0113les cilindrs pal\u012bdz efekt\u012bvi pacelt un izg\u0101zt materi\u0101lus. Cilindra vienm\u0113r\u012bg\u0101 darb\u012bba nodro\u0161ina, ka smagas kravas var viegli pacelt un iztuk\u0161ot, racionaliz\u0113jot materi\u0101lu apstr\u0101des darb\u012bbas.<\/p>\n<h2>Dizaina apsv\u0113rumi<\/h2>\n<h3>Kravnes\u012bba<\/h3>\n<p>Projekt\u0113jot str\u0113les cilindru, kravnes\u012bba ir iz\u0161\u0137iro\u0161s faktors. Cilindram ekspluat\u0101cijas laik\u0101 j\u0101iztur iev\u0113rojamas slodzes, un t\u0101 konstrukcij\u0101 j\u0101iek\u013cauj iztur\u012bgi materi\u0101li, lai nodro\u0161in\u0101tu dro\u0161\u012bbu un uzticam\u012bbu.<\/p>\n<h3>Bl\u012bv\u0113jums un iztur\u012bba<\/h3>\n<p>Efekt\u012bva bl\u012bv\u0113\u0161ana ir vit\u0101li svar\u012bga, lai nov\u0113rstu hidraulisk\u0101 \u0161\u0137idruma nopl\u016bdes, kas var apdraud\u0113t veiktsp\u0113ju un dro\u0161\u012bbu. Augstas kvalit\u0101tes bl\u012bves, kas izgatavotas no iztur\u012bgiem materi\u0101liem, piem\u0113ram, poliuret\u0101na un nitrilgumijas, ir b\u016btiskas hidraulisk\u0101s integrit\u0101tes saglab\u0101\u0161anai.<\/p>\n<h3>Dro\u0161\u012bbas funkcijas<\/h3>\n<p>Dro\u0161\u012bba ir \u0101rk\u0101rt\u012bgi svar\u012bga str\u0113les cilindru projekt\u0113\u0161an\u0101. T\u0101das funkcijas k\u0101 spiediena samazin\u0101\u0161anas v\u0101rsti un dro\u0161\u012bbas meh\u0101nismi ir iz\u0161\u0137iro\u0161i svar\u012bgi, lai nov\u0113rstu katastrof\u0101las k\u013c\u016bmes ekspluat\u0101cijas laik\u0101. Projekt\u0113\u0161anai j\u0101atbilst stingriem dro\u0161\u012bbas standartiem, lai aizsarg\u0101tu operatorus un apr\u012bkojumu.<\/p>\n<h3>Apkope un remont\u0113jam\u012bba<\/h3>\n<p>Projekt\u0113jot j\u0101\u0146em v\u0113r\u0101 ar\u012b apkopes vienk\u0101r\u0161\u012bba. Pieejam\u012bba p\u0101rbau\u017eu un remonta veik\u0161anai var iev\u0113rojami samazin\u0101t d\u012bkst\u0101ves laiku un ekspluat\u0101cijas izmaksas. Ra\u017eot\u0101jiem j\u0101sniedz skaidras vadl\u012bnijas par apkopes praksi.<\/p>\n<p><img decoding=\"async\" src=\"https:\/\/www.hydraulic-cylinders.net\/wp-content\/uploads\/2025\/04\/songte-oil-pipes-and-spare-parts.webp\" alt=\"Hidraulisk\u0101s da\u013cas\"><\/p>\n<h2>Bl\u012bv\u0113\u0161ana un e\u013c\u013co\u0161ana<\/h2>\n<p>Da\u017e\u0101dos bl\u012bv\u0113\u0161anas komponentos, piem\u0113ram, virzu\u013ca bl\u012bvsl\u0113gos un stie\u0146a bl\u012bvsl\u0113gos, tiek izmantoti materi\u0101li, kas ir iztur\u012bgi pret nodilumu. Pareiza bl\u012bv\u0113\u0161ana nodro\u0161ina, ka hidrauliskais \u0161\u0137idrums paliek cilindr\u0101, nov\u0113r\u0161ot nopl\u016bdes un uzturot spiedienu. Turkl\u0101t cilindra korpuss un v\u012bt\u0146otie gali tiek r\u016bp\u012bgi apstr\u0101d\u0101ti, lai uzlabotu nodilumiztur\u012bbu. Lai nodro\u0161in\u0101tu vienm\u0113r\u012bgu darb\u012bbu un ilgm\u016b\u017e\u012bbu, ir nepiecie\u0161ama regul\u0101ra e\u013c\u013co\u0161ana ar hidraulisko e\u013c\u013cu.<\/p>\n<h2>Prevent\u012bvie apkopes pas\u0101kumi<\/h2>\n<ul>\n<li><strong>Regul\u0101ras p\u0101rbaudes:<\/strong> Regul\u0101ru p\u0101rbau\u017eu veik\u0161ana pal\u012bdz identific\u0113t potenci\u0101l\u0101s probl\u0113mas, pirms t\u0101s saasin\u0101s, t\u0101d\u0113j\u0101di nodro\u0161inot dro\u0161\u012bbu un uzticam\u012bbu.<\/li>\n<li><strong>Pareiza e\u013c\u013co\u0161ana:<\/strong> Atbilsto\u0161a e\u013c\u013co\u0161ana nov\u0113r\u0161 nodilumu un nodro\u0161ina hidraulisko komponentu nevainojamu darb\u012bbu.<\/li>\n<li><strong>Bl\u012bv\u0113juma nomai\u0146a:<\/strong> Regul\u0101ra bl\u012bv\u0113jumu mai\u0146a pal\u012bdz uztur\u0113t hidraulisko integrit\u0101ti un nov\u0113r\u0161 nopl\u016bdes.<\/li>\n<\/ul>\n<h2>Uzst\u0101d\u012b\u0161anas vadl\u012bnijas<\/h2>\n<p>Pareiza uzst\u0101d\u012b\u0161ana ir \u013coti svar\u012bga optim\u0101lai veiktsp\u0113jai. P\u0101rliecinieties, vai cilindrs ir pareizi izl\u012bdzin\u0101ts ar ma\u0161\u012bnas stiprin\u0101juma punktiem, lai izvair\u012btos no p\u0101rm\u0113r\u012bga sprieguma. Ieteicams izmantot atbilsto\u0161us kron\u0161teinus, lai nostiprin\u0101tu cilindru viet\u0101. Iev\u0113rojiet ra\u017eot\u0101ja nor\u0101d\u012bjumus par pievilk\u0161anu un griezes momenta specifik\u0101cij\u0101m, lai nov\u0113rstu boj\u0101jumus. P\u0113c uzst\u0101d\u012b\u0161anas p\u0101rbaudiet, vai nav hidraulisko nopl\u016b\u017eu, un p\u0101rliecinieties, vai \u0161\u0137idruma l\u012bmenis ir pietiekams darb\u012bbai.<\/p>\n<h2>Bie\u017ei sastopamie apkopes uzdevumi<\/h2>\n<h3>Regul\u0101ras p\u0101rbaudes<\/h3>\n<p>Performing regular inspections of the boom cylinder is essential for detecting wear and tear early. Look for signs of leakage, unusual noises, or any irregularities in operation. Documentation of inspection findings helps in tracking the cylinder&#8217;s performance over time.<\/p>\n<h3>Piem\u0113rota e\u013c\u013co\u0161ana<\/h3>\n<p>Pareiza e\u013c\u013co\u0161ana ir \u013coti svar\u012bga, lai nodro\u0161in\u0101tu visu cilindra kust\u012bgo da\u013cu nevainojamu darb\u012bbu. Izmantojiet ieteicam\u0101s hidraulisk\u0101s e\u013c\u013cas un iev\u0113rojiet e\u013c\u013co\u0161anas grafiku vadl\u012bnijas, lai nov\u0113rstu berzi un nodilumu.<\/p>\n<h3>Bl\u012bvju nomai\u0146as un kalibr\u0113\u0161anas p\u0101rbaudes<\/h3>\n<p>Regul\u0101ri p\u0101rbaudiet bl\u012bv\u0113jumu nodilumu un nomainiet tos p\u0113c nepiecie\u0161am\u012bbas. Kalibr\u0113\u0161anas p\u0101rbaudes nodro\u0161ina, ka cilindrs darbojas noteiktos parametros, uzlabojot dro\u0161\u012bbu un veiktsp\u0113ju. \u0160o uzdevumu neizpild\u012b\u0161ana var rad\u012bt nopietnas ekspluat\u0101cijas probl\u0113mas.<\/p>\n<p><img decoding=\"async\" src=\"https:\/\/www.hydraulic-cylinders.net\/wp-content\/uploads\/2025\/04\/songte-chushion-collar.webp\" alt=\"Cilindra uzst\u0101d\u012b\u0161ana\"><\/p>\n<h2>Dro\u0161\u012bbas apsv\u0113rumi un vides faktori<\/h2>\n<p>Str\u0113les cilindru darb\u012bbas laik\u0101 dro\u0161\u012bbas pas\u0101kumu iev\u0113ro\u0161ana ir \u0101rk\u0101rt\u012bgi svar\u012bga. Operatoriem j\u0101apzin\u0101s iesp\u0113jamie apdraud\u0113jumi, kas saist\u012bti ar hidrauliskaj\u0101m sist\u0113m\u0101m, tostarp \u0161\u0137idruma nopl\u016bdes un spiediena palielin\u0101\u0161an\u0101s. Regul\u0101ra apm\u0101c\u012bba par dro\u0161as ekspluat\u0101cijas praksi var mazin\u0101t riskus un veicin\u0101t dro\u0161u darba vidi.<\/p>\n<h2>K\u013c\u016bmju diagnostika un bie\u017e\u0101k sastopam\u0101s probl\u0113mas<\/h2>\n<ul>\n<li><strong>Hidraulisk\u0101 \u0161\u0137idruma nopl\u016bdes:<\/strong> Bie\u017ei vien to izraisa nolietotas bl\u012bves vai boj\u0101tas \u0161\u013c\u016btenes, kas samazina efektivit\u0101ti.<\/li>\n<li><strong>Neparastas ska\u0146as:<\/strong> Sl\u012bpo\u0161a vai krak\u0161\u0137o\u0161a ska\u0146a var liecin\u0101t par meh\u0101nisku boj\u0101jumu vai nepietiekamu e\u013c\u013co\u0161anu.<\/li>\n<li><strong>L\u0113na darb\u012bba:<\/strong> Tas var rasties zema hidraulisk\u0101 \u0161\u0137idruma l\u012bme\u0146a vai s\u016bk\u0146a boj\u0101juma d\u0113\u013c, kas ietekm\u0113 kop\u0113jo veiktsp\u0113ju.<\/li>\n<\/ul>\n<h2>Probl\u0113mu nov\u0113r\u0161anas padomi<\/h2>\n<p>Lai efekt\u012bvi diagnostic\u0113tu probl\u0113mas, s\u0101ciet ar hidraulisk\u0101 \u0161\u0137idruma l\u012bme\u0146a p\u0101rbaudi un nopl\u016b\u017eu mekl\u0113\u0161anu. Regul\u0101ra apkope un savlaic\u012bga uzman\u012bbas piev\u0113r\u0161ana neliel\u0101m probl\u0113m\u0101m var nov\u0113rst nopietnus boj\u0101jumus. Prevent\u012bvu pas\u0101kumu, piem\u0113ram, pl\u0101notu p\u0101rbau\u017eu, ievie\u0161ana ir b\u016btiska, lai samazin\u0101tu turpm\u0101k\u0101s probl\u0113mas.<\/p>\n<p><img decoding=\"async\" src=\"https:\/\/www.hydraulic-cylinders.net\/wp-content\/uploads\/2025\/04\/songte-bushings-with-all-kinds-of-excavator-models.webp\" alt=\"Hidraulisk\u0101 cilindra probl\u0113mu nov\u0113r\u0161ana\"><\/p>\n<h2>Par m\u016bsu uz\u0146\u0113mumu<\/h2>\n<p>M\u0113s esam vado\u0161ais rezerves hidraulisko cilindru ra\u017eot\u0101js, kas pied\u0101v\u0101 pla\u0161u produktu kl\u0101stu, kas apmierina gan viet\u0113jo, gan starptautisko tirgu vajadz\u012bbas. M\u016bsu ap\u0146em\u0161an\u0101s sasniegt izcil\u012bbu mudina m\u016bs nep\u0101rtraukti uzlabot ra\u017eo\u0161anas procesus, izmantojot progres\u012bvas tehnolo\u0123ijas un kvalific\u0113tu person\u0101lu. M\u016bsu ra\u017eo\u0161anas l\u012bnij\u0101s priorit\u0101te ir kvalit\u0101te un precizit\u0101te, nodro\u0161inot, ka m\u016bsu produkti atbilst augst\u0101kajiem standartiem.<\/p>\n<p>Koncentr\u0113joties uz profesionalit\u0101ti, mums ir starptautiski sertifik\u0101ti, kas apliecina m\u016bsu ap\u0146em\u0161anos nodro\u0161in\u0101t kvalit\u0101ti. M\u016bsu piel\u0101gotie pakalpojumi \u013cauj mums apmierin\u0101t \u012bpa\u0161as klientu vajadz\u012bbas, un m\u016bsu modern\u0101kais ra\u017eo\u0161anas apr\u012bkojums nodro\u0161ina augstu efektivit\u0101ti. M\u016bsu specializ\u0113t\u0101 p\u0113cp\u0101rdo\u0161anas apkalpo\u0161anas komanda vienm\u0113r ir gatava pal\u012bdz\u0113t klientiem ar visiem jaut\u0101jumiem vai sniegt nepiecie\u0161amo atbalstu.<\/p>\n<p><img decoding=\"async\" src=\"https:\/\/www.hydraulic-cylinders.net\/wp-content\/uploads\/2025\/04\/songte-company-4.webp\" alt=\"Uz\u0146\u0113muma p\u0101rskats\"><br \/>\n<img decoding=\"async\" src=\"https:\/\/www.hydraulic-cylinders.net\/wp-content\/uploads\/2025\/04\/songte-company-3.webp\" alt=\"Ra\u017eo\u0161anas iek\u0101rta\"><\/p>\n<p>Autors: lil<\/p>","protected":false},"excerpt":{"rendered":"<p>Boom Cylinder For Case Large Excavator CX360B Overview of Boom Cylinder The boom cylinder is a critical component in the hydraulic system of heavy machinery, especially in excavators, backhoes, and front loaders. Its primary function is to control the movement of the bucket, allowing it to lift, lower, and tilt effectively. This facilitates various material [&hellip;]<\/p>","protected":false},"featured_media":17877,"comment_status":"open","ping_status":"closed","template":"","meta":{"_et_pb_use_builder":"","_et_pb_old_content":"","_et_gb_content_width":""},"product_brand":[],"product_cat":[1546],"product_tag":[1547,1496],"class_list":{"0":"post-19448","1":"product","2":"type-product","3":"status-publish","4":"has-post-thumbnail","6":"product_cat-boom-cylinders","7":"product_tag-boom-cylinders","8":"product_tag-hydraulic-cylinders","10":"first","11":"instock","12":"shipping-taxable","13":"product-type-simple"},"amp_enabled":true,"_links":{"self":[{"href":"https:\/\/www.hydraulic-cylinders.net\/lv\/wp-json\/wp\/v2\/product\/19448","targetHints":{"allow":["GET"]}}],"collection":[{"href":"https:\/\/www.hydraulic-cylinders.net\/lv\/wp-json\/wp\/v2\/product"}],"about":[{"href":"https:\/\/www.hydraulic-cylinders.net\/lv\/wp-json\/wp\/v2\/types\/product"}],"replies":[{"embeddable":true,"href":"https:\/\/www.hydraulic-cylinders.net\/lv\/wp-json\/wp\/v2\/comments?post=19448"}],"wp:featuredmedia":[{"embeddable":true,"href":"https:\/\/www.hydraulic-cylinders.net\/lv\/wp-json\/wp\/v2\/media\/17877"}],"wp:attachment":[{"href":"https:\/\/www.hydraulic-cylinders.net\/lv\/wp-json\/wp\/v2\/media?parent=19448"}],"wp:term":[{"taxonomy":"product_brand","embeddable":true,"href":"https:\/\/www.hydraulic-cylinders.net\/lv\/wp-json\/wp\/v2\/product_brand?post=19448"},{"taxonomy":"product_cat","embeddable":true,"href":"https:\/\/www.hydraulic-cylinders.net\/lv\/wp-json\/wp\/v2\/product_cat?post=19448"},{"taxonomy":"product_tag","embeddable":true,"href":"https:\/\/www.hydraulic-cylinders.net\/lv\/wp-json\/wp\/v2\/product_tag?post=19448"}],"curies":[{"name":"wp","href":"https:\/\/api.w.org\/{rel}","templated":true}]}}