{"id":19449,"date":"2025-04-07T06:48:06","date_gmt":"2025-04-07T06:48:06","guid":{"rendered":"https:\/\/www.hydraulic-cylinders.net\/product\/boom-cylinder-for-case-large-excavator-cx470b\/"},"modified":"2025-04-07T06:48:09","modified_gmt":"2025-04-07T06:48:09","slug":"boom-cylinder-for-case-large-excavator-cx470b","status":"publish","type":"product","link":"https:\/\/www.hydraulic-cylinders.net\/lv\/products\/boom-cylinder-for-case-large-excavator-cx470b\/","title":{"rendered":"Str\u0113les cilindrs Case lielajam ekskavatoram CX470B"},"content":{"rendered":"<h1>Str\u0113les cilindrs Case lielajam ekskavatoram CX470B<\/h1>\n<h2>Str\u0113les cilindra p\u0101rskats<\/h2>\n<p>Str\u0113les cilindrs ir hidrauliskais cilindrs, kas \u012bpa\u0161i paredz\u0113ts, lai kontrol\u0113tu kausu kust\u012bbu da\u017e\u0101d\u0101s smagaj\u0101s ma\u0161\u012bn\u0101s, piem\u0113ram, ekskavatoros, iekr\u0101v\u0113ju ekskavatoros un front\u0101lajos iekr\u0101v\u0113jos. \u0160\u012b sast\u0101vda\u013ca \u013cauj pacelt, nolaist un noliekt kausu, padarot to par b\u016btisku materi\u0101lu apstr\u0101des darbos. Izmantojot spiediena hidraulisko \u0161\u0137idrumu, str\u0113les cilindrs efekt\u012bvi p\u0101rnes sp\u0113ku, lai \u0161\u012bs darb\u012bbas veiktu vienm\u0113r\u012bgi un efekt\u012bvi. Hidraulisk\u0101s sist\u0113mas sp\u0113ja p\u0101rvald\u012bt smagas kravas un veikt prec\u012bzas kust\u012bbas padara str\u0113les cilindru par b\u016btisku jebkuras celtniec\u012bbas vai lauksaimniec\u012bbas tehnikas sast\u0101vda\u013cu.<\/p>\n<p><img decoding=\"async\" src=\"https:\/\/www.hydraulic-cylinders.net\/wp-content\/uploads\/2025\/04\/songte-company-1.webp\" alt=\"Str\u0113les cilindra att\u0113ls\"><\/p>\n<h2>Str\u0113les cilindra galven\u0101s iez\u012bmes<\/h2>\n<ul>\n<li><strong>Augsta iztur\u012bba un ilgm\u016b\u017e\u012bba:<\/strong> Parasti no augstas stipr\u012bbas t\u0113rauda vai alum\u012bnija izgatavotais str\u0113les cilindrs var iztur\u0113t augstu spiedienu un lielas slodzes, padarot to piem\u0113rotu skarbiem darba apst\u0101k\u013ciem. T\u0101 konstrukcija ir veidota, \u0146emot v\u0113r\u0101 nodilumiztur\u012bbu un korozijas iztur\u012bbu, kas pagarina t\u0101 kalpo\u0161anas laiku.<\/li>\n<li><strong>Efekt\u012bva hidraulisk\u0101 darb\u012bba:<\/strong> Izmantojot hidraulisk\u0101s e\u013c\u013cas spiedienu, str\u0113les cilindrs nodro\u0161ina vienm\u0113r\u012bgu izstiep\u0161anu un ievilk\u0161anu. Tas \u0101tri rea\u0123\u0113 uz vad\u012bbas komand\u0101m, nodro\u0161inot jaud\u012bgu stum\u0161anas un vilk\u0161anas sp\u0113ku, kas ir ide\u0101li piem\u0113rots smagu kravu apstr\u0101dei un sare\u017e\u0123\u012btu uzdevumu veik\u0161anai.<\/li>\n<li><strong>Veidu da\u017e\u0101d\u012bba:<\/strong> Str\u0113les cilindrs, kas pieejams vienvirziena (darbojas vien\u0101 virzien\u0101) vai divk\u0101r\u0161as darb\u012bbas (darbojas abos virzienos) konfigur\u0101cij\u0101s, var apmierin\u0101t da\u017e\u0101das ekspluat\u0101cijas vajadz\u012bbas. Da\u017ei mode\u013ci ir teleskopiski, kas \u013cauj pan\u0101kt liel\u0101ku pagarin\u0101jumu, nepalielinot \u0101r\u0113jos izm\u0113rus, padarot tos ide\u0101li piem\u0113rotus darbam ar ierobe\u017eotu vietu.<\/li>\n<li><strong>Nevainojama sader\u012bba:<\/strong> M\u016bsu produkti var lieliski aizst\u0101t eso\u0161os hidrauliskos cilindrus, nodro\u0161inot nep\u0101rtrauktu un efekt\u012bvu darb\u012bbu.<\/li>\n<li><strong>Piel\u0101gojamas opcijas:<\/strong> Piel\u0101goti risin\u0101jumi ir pieejami, lai apmierin\u0101tu \u012bpa\u0161as veiktsp\u0113jas pras\u012bbas, uzlabojot j\u016bsu smag\u0101s tehnikas daudzpus\u012bbu.<\/li>\n<\/ul>\n<p><img decoding=\"async\" src=\"https:\/\/www.hydraulic-cylinders.net\/wp-content\/uploads\/2025\/04\/songte-cylinder-head-with-all-kinds-excavator-models.webp\" alt=\"Ekskavatora mode\u013ca sader\u012bbas att\u0113ls\"><\/p>\n<h2>Str\u0113les cilindra pielietojumi<\/h2>\n<h3>Celtniec\u012bbas apr\u012bkojums<\/h3>\n<p>Ekskavatoros str\u0113les cilindram ir iz\u0161\u0137iro\u0161a noz\u012bme augsnes vai gru\u017eu rak\u0161an\u0101, iekrau\u0161an\u0101 un p\u0101rvieto\u0161an\u0101. Ekskavatoriem-iekr\u0101v\u0113jiem kausa cilindrs pal\u012bdz gan rak\u0161anas, gan cel\u0161anas darbos, \u013caujot efekt\u012bvi izmantot apr\u012bkojumu.<\/p>\n<h3>Lauksaimniec\u012bbas tehnika<\/h3>\n<p>Front\u0101lajos iekr\u0101v\u0113jos izmantotais str\u0113les cilindrs \u013cauj pacelt, izrakt un transport\u0113t augsni, sienu un citus materi\u0101lus. \u0160\u012b funkcionalit\u0101te ir vit\u0101li svar\u012bga t\u0101diem uzdevumiem k\u0101 kult\u016braugu iekrau\u0161ana vai lauksaimniec\u012bbas atkritumu apsaimnieko\u0161ana, padarot to par galveno sast\u0101vda\u013cu m\u016bsdienu lauksaimniec\u012bbas darb\u012bb\u0101s.<\/p>\n<h3>Ekskavatori<\/h3>\n<p>Str\u0113les cilindrs nodro\u0161ina prec\u012bzas rak\u0161anas darb\u012bbas, \u013caujot kausam efekt\u012bvi iek\u013c\u016bt augsn\u0113. \u0160\u012b sp\u0113ja ir b\u016btiska da\u017e\u0101diem rak\u0161anas projektiem, s\u0101kot no ainavu veido\u0161anas l\u012bdz liela m\u0113roga b\u016bvlaukumiem, nodro\u0161inot, ka darbs tiek paveikts efekt\u012bvi un prec\u012bzi.<\/p>\n<h3>Iekr\u0101v\u0113ji<\/h3>\n<p>Front\u0101lajos iekr\u0101v\u0113jos str\u0113les cilindrs veicina efekt\u012bvu kravu cel\u0161anu un izg\u0101\u0161anu. T\u0101 sp\u0113ja viegli p\u0101rvald\u012bt smagus materi\u0101lus vienk\u0101r\u0161o darb\u012bbu un palielina produktivit\u0101ti da\u017e\u0101d\u0101s nozar\u0113s, tostarp b\u016bvniec\u012bb\u0101 un atkritumu apsaimnieko\u0161an\u0101.<\/p>\n<h2>Dizaina apsv\u0113rumi un atlases krit\u0113riji<\/h2>\n<h3>Kravnes\u012bba<\/h3>\n<p>Izv\u0113loties str\u0113les cilindru, ir \u013coti svar\u012bgi izprast t\u0101 kravnes\u012bbu. Cilindram j\u0101sp\u0113j iztur\u0113t maksim\u0101lo svaru un spiedienu, ar ko tas saskarsies darb\u012bbas laik\u0101. Pareizs apr\u0113\u0137ins nodro\u0161ina dro\u0161\u012bbu un efektivit\u0101ti, nov\u0113r\u0161ot potenci\u0101lus boj\u0101jumus, kas var\u0113tu izrais\u012bt negad\u012bjumus vai apr\u012bkojuma boj\u0101jumus.<\/p>\n<h3>Bl\u012bv\u0113\u0161ana<\/h3>\n<p>Efekt\u012bva bl\u012bv\u0113\u0161ana ir \u013coti svar\u012bga, lai nov\u0113rstu hidraulisk\u0101 \u0161\u0137idruma nopl\u016bdi, kas var apdraud\u0113t hidraulisk\u0101s sist\u0113mas efektivit\u0101ti. Augstas kvalit\u0101tes bl\u012bves, kas izgatavotas no iztur\u012bgiem materi\u0101liem, piem\u0113ram, poliuret\u0101na vai nitrilgumijas, ir b\u016btiskas, lai uztur\u0113tu optim\u0101lu veiktsp\u0113ju un pagarin\u0101tu cilindra kalpo\u0161anas laiku.<\/p>\n<h3>Iztur\u012bba<\/h3>\n<p>Iztur\u012bba ir b\u016btisks faktors str\u0113les cilindru konstrukcij\u0101. Sast\u0101vda\u013c\u0101m ir j\u0101iztur ekstrem\u0101li apst\u0101k\u013ci, tostarp temperat\u016bras sv\u0101rst\u012bbas, mitrums un abraz\u012bvi materi\u0101li. Iztur\u012bgu materi\u0101lu un apdares izv\u0113le pal\u012bdz nodro\u0161in\u0101t cilindra uzticamu darb\u012bbu laika gait\u0101.<\/p>\n<h3>Dro\u0161\u012bba<\/h3>\n<p>Dro\u0161\u012bbas funkcijas ir b\u016btiskas hidraulisko cilindru konstrukcij\u0101. Tas ietver p\u0101rslodzes aizsardz\u012bbas meh\u0101nismus un dro\u0161\u012bbas v\u0101rstus, kas nov\u0113r\u0161 p\u0101rm\u0113r\u012bga spiediena palielin\u0101\u0161anos. Lai aizsarg\u0101tu operatorus un apr\u012bkojumu, ir \u013coti svar\u012bgi nodro\u0161in\u0101t, lai konstrukcija atbilstu dro\u0161\u012bbas standartiem.<\/p>\n<h3>Apkopes pieejam\u012bba<\/h3>\n<p>Projekt\u0113jot iek\u0101rtas, kas paredz\u0113tas vienk\u0101r\u0161ai apkopei, var iev\u0113rojami samazin\u0101t d\u012bkst\u0101ves laiku. Piek\u013cuves punktiem e\u013c\u013co\u0161anai, p\u0101rbaud\u0113m un bl\u012bv\u0113jumu nomai\u0146ai j\u0101b\u016bt strat\u0113\u0123iski izvietotiem, lai nodro\u0161in\u0101tu vienk\u0101r\u0161u apkopi, nodro\u0161inot, ka iek\u0101rtas paliek optim\u0101l\u0101 darba st\u0101vokl\u012b.<\/p>\n<p><img decoding=\"async\" src=\"https:\/\/www.hydraulic-cylinders.net\/wp-content\/uploads\/2025\/04\/songte-oil-pipes-and-spare-parts.webp\" alt=\"Hidraulisko komponentu att\u0113ls\"><\/p>\n<h2>Bl\u012bv\u0113\u0161ana un e\u013c\u013co\u0161ana<\/h2>\n<p>Hidraulisk\u0101 cilindra integrit\u0101tes saglab\u0101\u0161anai ir svar\u012bgi izmantot da\u017e\u0101dus bl\u012bv\u0113jumus, tostarp virzu\u013ca bl\u012bv\u0113jumus un stie\u0146a bl\u012bv\u0113jumus. Bl\u012bv\u0113jumi, kas izgatavoti no nodilumiztur\u012bgiem materi\u0101liem, piem\u0113ram, poliuret\u0101na un nitrila gumijas, nodro\u0161ina ilgm\u016b\u017e\u012bbu un uzticam\u012bbu. Cilindra korpuss un v\u012bt\u0146ot\u0101s gala virsmas tiek prec\u012bzi apstr\u0101d\u0101tas, lai uzlabotu nodilumiztur\u012bbu. Regul\u0101ra e\u013c\u013co\u0161ana ar hidraulisko e\u013c\u013cu ir b\u016btiska, lai nodro\u0161in\u0101tu vienm\u0113r\u012bgu darb\u012bbu un nov\u0113rstu berzes rad\u012bto nodilumu, t\u0101p\u0113c ir nepiecie\u0161ams veikt regul\u0101ras p\u0101rbaudes un papildin\u0101t e\u013c\u013cas l\u012bmeni, lai nodro\u0161in\u0101tu pietiekamu e\u013c\u013co\u0161anu.<\/p>\n<h2>Prevent\u012bvie apkopes pas\u0101kumi<\/h2>\n<ul>\n<li><strong>Regul\u0101ras p\u0101rbaudes:<\/strong> Regul\u0101ras p\u0101rbaudes pal\u012bdz identific\u0113t potenci\u0101l\u0101s probl\u0113mas, pirms t\u0101s saasin\u0101s. Tas ietver nopl\u016b\u017eu, nodiluma un pareizas darb\u012bbas p\u0101rbaudi.<\/li>\n<li><strong>Piem\u0113rota e\u013c\u013co\u0161ana:<\/strong> Nodro\u0161inot, ka cilindrs ir pien\u0101c\u012bgi iee\u013c\u013cots, tiek nov\u0113rsta p\u0101rkar\u0161ana un samazin\u0101ts nodilums. Regul\u0101ra pareiza veida hidraulisk\u0101s e\u013c\u013cas lieto\u0161ana ir b\u016btiska veiktsp\u0113jas uztur\u0113\u0161anai.<\/li>\n<li><strong>Bl\u012bv\u0113juma nomai\u0146a:<\/strong> Laika gait\u0101 bl\u012bves var nolietoties. Regul\u0101ra nodilu\u0161o bl\u012bvju nomai\u0146a ir \u013coti svar\u012bga, lai saglab\u0101tu hidraulisk\u0101s sist\u0113mas integrit\u0101ti un nov\u0113rstu nopl\u016bdes.<\/li>\n<\/ul>\n<h2>Uzst\u0101d\u012b\u0161anas vadl\u012bnijas<\/h2>\n<p>Pareiza str\u0113les cilindra uzst\u0101d\u012b\u0161ana ir \u013coti svar\u012bga optim\u0101lai veiktsp\u0113jai. Vispirms p\u0101rliecinieties, vai uzst\u0101d\u012b\u0161anas vieta ir t\u012bra un bez gru\u017eiem. Izmantojiet atbilsto\u0161us izl\u012bdzin\u0101\u0161anas instrumentus, lai nodro\u0161in\u0101tu pareizu cilindra novietojumu, kas pal\u012bdz nov\u0113rst nevajadz\u012bgu deta\u013cu slodzi. Izmantojiet piem\u0113rotas mont\u0101\u017eas kron\u0161teinus, lai stingri nostiprin\u0101tu cilindru. Uzst\u0101d\u012b\u0161anas laik\u0101 noteikti noregul\u0113jiet savienojo\u0161\u0101s deta\u013cas, lai izvair\u012btos no jebk\u0101das nepareizas izl\u012bdzin\u0101\u0161anas. \u0160o darb\u012bbu veik\u0161ana uzlabos str\u0113les cilindra efektivit\u0101ti un ilgm\u016b\u017e\u012bbu.<\/p>\n<h2>Bie\u017ei sastopamie apkopes uzdevumi<\/h2>\n<ul>\n<li><strong>Regul\u0101ras p\u0101rbaudes:<\/strong> Regul\u0101ras p\u0101rbaudes ir b\u016btiskas, lai identific\u0113tu jebk\u0101du nodilumu vai nopl\u016bdes, kas var\u0113tu ietekm\u0113t veiktsp\u0113ju. Pareizas p\u0101rbaudes var pal\u012bdz\u0113t atkl\u0101t probl\u0113mas agr\u012bn\u0101 stadij\u0101, samazinot remonta izmaksas.<\/li>\n<li><strong>Piem\u0113rota e\u013c\u013co\u0161ana:<\/strong> Pareiza e\u013c\u013co\u0161anas l\u012bme\u0146a uztur\u0113\u0161ana ir \u013coti svar\u012bga hidraulisk\u0101s sist\u0113mas efektivit\u0101tei. Regul\u0101ri p\u0101rbaudiet un uzpildiet hidraulisko e\u013c\u013cu p\u0113c nepiecie\u0161am\u012bbas, lai nodro\u0161in\u0101tu vienm\u0113r\u012bgu darb\u012bbu.<\/li>\n<li><strong>Bl\u012bv\u0113juma nomai\u0146a:<\/strong> Regul\u0101ri p\u0101rbaudiet un nomainiet bl\u012bves, lai nov\u0113rstu hidraulisk\u0101 \u0161\u0137idruma nopl\u016bdes. \u0160is apkopes uzdevums ir \u013coti svar\u012bgs, lai saglab\u0101tu sist\u0113mas integrit\u0101ti un funkcionalit\u0101ti.<\/li>\n<\/ul>\n<h2>Dro\u0161\u012bbas apsv\u0113rumi un vides faktori<\/h2>\n<p>Izmantojot hidrauliskos cilindrus, dro\u0161\u012bbas pas\u0101kumu ievie\u0161ana ir \u0101rk\u0101rt\u012bgi svar\u012bga. Operatoriem j\u0101b\u016bt apm\u0101c\u012btiem dro\u0161i r\u012bkoties ar apr\u012bkojumu un izprast iesp\u0113jamos apdraud\u0113jumus, kas saist\u012bti ar hidrauliskaj\u0101m sist\u0113m\u0101m. Turkl\u0101t videi draudz\u012bgu hidraulisko \u0161\u0137idrumu izmanto\u0161ana var pal\u012bdz\u0113t mazin\u0101t ietekmi uz vidi nopl\u016b\u017eu vai izl\u012b\u0161anas gad\u012bjum\u0101. Dro\u0161\u012bbas protokolu un vides vadl\u012bniju iev\u0113ro\u0161ana ir b\u016btiska, lai nodro\u0161in\u0101tu dro\u0161u darba vidi.<\/p>\n<h2>Probl\u0113mu nov\u0113r\u0161ana un bie\u017ei sastopamas probl\u0113mas<\/h2>\n<ul>\n<li><strong>Nopl\u016bde:<\/strong> Viena no visbie\u017e\u0101k sastopamaj\u0101m probl\u0113m\u0101m ir nopl\u016bde, ko var izrais\u012bt nolietotas bl\u012bves vai boj\u0101tas deta\u013cas. Lai nopl\u016bdes laikus atkl\u0101tu, ir nepiecie\u0161amas regul\u0101ras p\u0101rbaudes.<\/li>\n<li><strong>Nekonsekventa darb\u012bba:<\/strong> Ja str\u0113les cilindrs darbojas nevienm\u0113r\u012bgi, tas var liecin\u0101t par gaisu hidrauliskaj\u0101 \u0161\u0137idrum\u0101 vai boj\u0101tu s\u016bkni. \u0160\u012bs probl\u0113mas \u0101tra diagnostic\u0113\u0161ana var nov\u0113rst pla\u0161\u0101kus boj\u0101jumus.<\/li>\n<li><strong>Nav kust\u012bbas:<\/strong> Ja cilindrs nekustas, p\u0101rbaudiet, vai nav aizsprostojumu vai zema hidraulisk\u0101 \u0161\u0137idruma l\u012bme\u0146a. Lai sist\u0113ma darbotos, ir svar\u012bgi nodro\u0161in\u0101t, lai t\u0101 b\u016btu pareizi piepild\u012bta un bez aizsprostojumiem.<\/li>\n<\/ul>\n<h2>Probl\u0113mu nov\u0113r\u0161anas padomi<\/h2>\n<p>Lai efekt\u012bvi diagnostic\u0113tu un nov\u0113rstu probl\u0113mas ar str\u0113les cilindru, vispirms veiciet r\u016bp\u012bgas p\u0101rbaudes, lai identific\u0113tu visas redzam\u0101s probl\u0113mas. Regul\u0101ra apkope, tostarp \u0161\u0137idruma l\u012bme\u0146a p\u0101rbaude un nodilu\u0161o bl\u012bv\u0113jumu nomai\u0146a, var pal\u012bdz\u0113t nov\u0113rst daudzas bie\u017ei sastopamas probl\u0113mas. Regul\u0101ras apkopes grafika izveide ir noder\u012bga, lai nodro\u0161in\u0101tu ilgtermi\u0146a uzticam\u012bbu un veiktsp\u0113ju. Veicot prevent\u012bvus pas\u0101kumus, operatori var samazin\u0101t probl\u0113mu ra\u0161anos un pagarin\u0101t hidraulisk\u0101s sist\u0113mas kalpo\u0161anas laiku.<\/p>\n<p><img decoding=\"async\" src=\"https:\/\/www.hydraulic-cylinders.net\/wp-content\/uploads\/2025\/04\/songte-bushings-with-all-kinds-of-excavator-models.webp\" alt=\"Ekskavatora bukses att\u0113ls\"><\/p>\n<h2>Uz\u0146\u0113muma profils<\/h2>\n<p>M\u0113s esam vado\u0161ais rezerves hidraulisko cilindru ra\u017eot\u0101js ar pla\u0161u produktu kl\u0101stu. M\u016bsu ap\u0146em\u0161an\u0101s nodro\u0161in\u0101t kvalit\u0101ti un izcil\u012bbu ir pozicion\u0113jusi m\u016bs k\u0101 vienu no vado\u0161ajiem ra\u017eot\u0101jiem un vairumtirgot\u0101jiem gan viet\u0113j\u0101, gan starptautiskaj\u0101 tirg\u016b. M\u0113s iev\u0113rojam stingru ra\u017eo\u0161anas vad\u012bbas strat\u0113\u0123iju, kas uzsver izsmalcin\u0101tus ra\u017eo\u0161anas procesus. M\u016bsu ieguld\u012bjumi tehniskajos talantos, digit\u0101l\u0101s, progres\u012bv\u0101s ra\u017eo\u0161anas iek\u0101rt\u0101s un profesion\u0101l\u0101s test\u0113\u0161anas sist\u0113m\u0101s nep\u0101rtraukti uzlabo m\u016bsu ra\u017eo\u0161anas iesp\u0113jas. M\u0113s lepojamies ar to, ka nodro\u0161in\u0101m augstu efektivit\u0101ti, precizit\u0101ti un kvalit\u0101ti, lai apmierin\u0101tu m\u016bsu klientu da\u017e\u0101d\u0101s vajadz\u012bbas.<\/p>\n<p><img decoding=\"async\" src=\"https:\/\/www.hydraulic-cylinders.net\/wp-content\/uploads\/2025\/04\/songte-company-4.webp\" alt=\"Uz\u0146\u0113muma att\u0113ls 1\"><br \/>\n<img decoding=\"async\" src=\"https:\/\/www.hydraulic-cylinders.net\/wp-content\/uploads\/2025\/04\/songte-company-3.webp\" alt=\"Uz\u0146\u0113muma att\u0113ls 2\"><\/p>\n<p>Autors: lil<\/p>","protected":false},"excerpt":{"rendered":"<p>Boom Cylinder For Case Large Excavator CX470B Overview of the Boom Cylinder The boom cylinder is a hydraulic cylinder specifically designed to control the movement of buckets in various heavy machinery such as excavators, backhoe loaders, and front loaders. This component allows the bucket to be lifted, lowered, and tilted, making it essential for material [&hellip;]<\/p>","protected":false},"featured_media":17878,"comment_status":"open","ping_status":"closed","template":"","meta":{"_et_pb_use_builder":"","_et_pb_old_content":"","_et_gb_content_width":""},"product_brand":[],"product_cat":[1546],"product_tag":[1547,1496],"class_list":{"0":"post-19449","1":"product","2":"type-product","3":"status-publish","4":"has-post-thumbnail","6":"product_cat-boom-cylinders","7":"product_tag-boom-cylinders","8":"product_tag-hydraulic-cylinders","10":"first","11":"instock","12":"shipping-taxable","13":"product-type-simple"},"amp_enabled":true,"_links":{"self":[{"href":"https:\/\/www.hydraulic-cylinders.net\/lv\/wp-json\/wp\/v2\/product\/19449","targetHints":{"allow":["GET"]}}],"collection":[{"href":"https:\/\/www.hydraulic-cylinders.net\/lv\/wp-json\/wp\/v2\/product"}],"about":[{"href":"https:\/\/www.hydraulic-cylinders.net\/lv\/wp-json\/wp\/v2\/types\/product"}],"replies":[{"embeddable":true,"href":"https:\/\/www.hydraulic-cylinders.net\/lv\/wp-json\/wp\/v2\/comments?post=19449"}],"wp:featuredmedia":[{"embeddable":true,"href":"https:\/\/www.hydraulic-cylinders.net\/lv\/wp-json\/wp\/v2\/media\/17878"}],"wp:attachment":[{"href":"https:\/\/www.hydraulic-cylinders.net\/lv\/wp-json\/wp\/v2\/media?parent=19449"}],"wp:term":[{"taxonomy":"product_brand","embeddable":true,"href":"https:\/\/www.hydraulic-cylinders.net\/lv\/wp-json\/wp\/v2\/product_brand?post=19449"},{"taxonomy":"product_cat","embeddable":true,"href":"https:\/\/www.hydraulic-cylinders.net\/lv\/wp-json\/wp\/v2\/product_cat?post=19449"},{"taxonomy":"product_tag","embeddable":true,"href":"https:\/\/www.hydraulic-cylinders.net\/lv\/wp-json\/wp\/v2\/product_tag?post=19449"}],"curies":[{"name":"wp","href":"https:\/\/api.w.org\/{rel}","templated":true}]}}