{"id":19454,"date":"2025-04-07T06:48:22","date_gmt":"2025-04-07T06:48:22","guid":{"rendered":"https:\/\/www.hydraulic-cylinders.net\/product\/boom-cylinder-for-case-wheel-excavator-wx218\/"},"modified":"2025-04-07T06:48:34","modified_gmt":"2025-04-07T06:48:34","slug":"boom-cylinder-for-case-wheel-excavator-wx218","status":"publish","type":"product","link":"https:\/\/www.hydraulic-cylinders.net\/lv\/products\/boom-cylinder-for-case-wheel-excavator-wx218\/","title":{"rendered":"Str\u0113les cilindrs rite\u0146u ekskavatoram Case WX218"},"content":{"rendered":"<h1>Str\u0113les cilindrs rite\u0146u ekskavatoram Case WX218<\/h1>\n<h2>Ievads str\u0113les cilindr\u0101<\/h2>\n<p>Str\u0113les cilindrs, kas paz\u012bstams ar\u012b k\u0101 kausa cilindrs, ir b\u016btiska hidraulisko sist\u0113mu sast\u0101vda\u013ca, kas kontrol\u0113 rak\u0161anas agreg\u0101tu kust\u012bbu uz smag\u0101m ma\u0161\u012bn\u0101m, piem\u0113ram, ekskavatoriem, ekskavatoriem-iekr\u0101v\u0113jiem un front\u0101lajiem iekr\u0101v\u0113jiem. \u0160is hidrauliskais cilindrs \u013cauj kausam pacelt, nolaist un noliekt, atvieglojot efekt\u012bvus materi\u0101lu apstr\u0101des uzdevumus da\u017e\u0101dos pielietojumos. Str\u0113les cilindrs, kas paredz\u0113ts, lai iztur\u0113tu augstu spiedienu un skarbus darba apst\u0101k\u013cus, sp\u0113l\u0113 b\u016btisku lomu b\u016bvniec\u012bbas un lauksaimniec\u012bbas tehnikas ekspluat\u0101cijas sp\u0113ju uzlabo\u0161an\u0101.<\/p>\n<p><img decoding=\"async\" src=\"https:\/\/www.hydraulic-cylinders.net\/wp-content\/uploads\/2025\/04\/songte-company-1.webp\" alt=\"Str\u0113les cilindrs\" \/><\/p>\n<h2>Str\u0113les cilindra \u012bpa\u0161\u012bbas<\/h2>\n<ul>\n<li><strong>Augsta iztur\u012bba un ilgm\u016b\u017e\u012bba:<\/strong> Parasti izgatavots no augstas stipr\u012bbas t\u0113rauda vai alum\u012bnija, kas sp\u0113j iztur\u0113t augstu spiedienu un lielas slodzes. Izstr\u0101d\u0101ts ar nodilumiztur\u012bbu un aizsardz\u012bbu pret koroziju, pagarinot produkta kalpo\u0161anas laiku.<\/li>\n<li><strong>Efekt\u012bva hidraulisk\u0101 darb\u012bba:<\/strong> Izmanto hidraulisk\u0101s e\u013c\u013cas spiedienu vienm\u0113r\u012bgai izstiep\u0161anai un ievilk\u0161anai, nodro\u0161inot \u0101tru reakciju uz vad\u012bbas komand\u0101m un jaud\u012bgu stum\u0161anas un vilk\u0161anas sp\u0113ku, kas ir piem\u0113rots smagiem un sare\u017e\u0123\u012btiem uzdevumiem.<\/li>\n<li><strong>Da\u017e\u0101di veidi:<\/strong> Pieejami ar vienas darb\u012bbas (darbojas vien\u0101 virzien\u0101) vai divk\u0101r\u0161as darb\u012bbas (darbojas abos virzienos) cilindriem, kas atbilst da\u017e\u0101d\u0101m ekspluat\u0101cijas vajadz\u012bb\u0101m. Da\u017ei mode\u013ci ir teleskopiski, kas \u013cauj tos pagarin\u0101t, nepalielinot \u0101r\u0113jos izm\u0113rus, kas ir ide\u0101li piem\u0113roti lieto\u0161anai ierobe\u017eot\u0101 telp\u0101.<\/li>\n<li><strong>Piel\u0101gota ra\u017eo\u0161ana:<\/strong> M\u0113s specializ\u0113jamies str\u0113les cilindru ra\u017eo\u0161an\u0101, kas var perfekti aizst\u0101t eso\u0161os hidrauliskos cilindrus, nodro\u0161inot sader\u012bbu un veiktsp\u0113ju.<\/li>\n<li><strong>Augst\u0101k\u0101 l\u012bme\u0146a in\u017eenierija:<\/strong> Izstr\u0101d\u0101ts prec\u012bzi, lai atbilstu stingriem nozares standartiem, nodro\u0161inot uzticam\u012bbu un efektivit\u0101ti.<\/li>\n<\/ul>\n<p><img decoding=\"async\" src=\"https:\/\/www.hydraulic-cylinders.net\/wp-content\/uploads\/2025\/04\/songte-cylinder-head-with-all-kinds-excavator-models.webp\" alt=\"Hidrauliskais cilindrs\" \/><\/p>\n<h2>Str\u0113les cilindra pielietojumi<\/h2>\n<h3>Celtniec\u012bbas apr\u012bkojums<\/h3>\n<p>Ekskavatoros str\u0113les cilindri ir neaizst\u0101jami t\u0101diem uzdevumiem k\u0101 rak\u0161ana, iekrau\u0161ana un augsnes vai gru\u017eu p\u0101rvieto\u0161ana. Tie atvieglo rak\u0161anas darb\u012bbu, \u013caujot kausam efekt\u012bvi iek\u013c\u016bt zem\u0113. Turkl\u0101t ekskavatoros-iekr\u0101v\u0113jos str\u0113les cilindrs pal\u012bdz gan rak\u0161anas, gan cel\u0161anas darbos, padarot to par daudzpus\u012bgu celtniec\u012bbas tehnikas sast\u0101vda\u013cu.<\/p>\n<h3>Lauksaimniec\u012bbas tehnika<\/h3>\n<p>Front\u0101lie iekr\u0101v\u0113ji izmanto str\u0113les cilindrus, lai paceltu, paceltu un transport\u0113tu augsni, sienu un citus materi\u0101lus, racionaliz\u0113jot lauksaimniec\u012bbas procesus. \u0160ie cilindri \u013cauj lauksaimniekiem veikt uzdevumus \u0101tri un efekt\u012bvi, uzlabojot lauksaimniec\u012bbas darb\u012bbu produktivit\u0101ti.<\/p>\n<h3>Ekskavatori<\/h3>\n<p>Ekskavatoros str\u0113les cilindrs \u013cauj kausam ierakties augsn\u0113, nodro\u0161inot nepiecie\u0161amo sp\u0113ku zemes uzirdin\u0101\u0161anai un materi\u0101la iz\u0146em\u0161anai. \u0160\u012b sp\u0113ja ir vit\u0101li svar\u012bga b\u016bvniec\u012bbas un ainavu veido\u0161anas projektos, kur nepiecie\u0161ama prec\u012bza izrak\u0161ana.<\/p>\n<h3>Iekr\u0101v\u0113ji<\/h3>\n<p>Front\u0101lajos iekr\u0101v\u0113jos str\u0113les cilindri pal\u012bdz efekt\u012bvi pacelt un izg\u0101zt materi\u0101lus. Tie veicina iekr\u0101v\u0113ju kop\u0113jo veiktsp\u0113ju, padarot tos par b\u016btiskiem elementiem b\u016bvlaukumos un materi\u0101lu apstr\u0101des vid\u0113.<\/p>\n<h2>Dizaina apsv\u0113rumi un atlases krit\u0113riji<\/h2>\n<h3>Kravnes\u012bba<\/h3>\n<p>Str\u0113les cilindra kravnes\u012bba ir kritisks faktors t\u0101 konstrukcij\u0101. T\u0101 nosaka, cik lielu svaru cilindrs var dro\u0161i pacelt, kas ir svar\u012bgi, lai nov\u0113rstu iek\u0101rtu boj\u0101jumus un nodro\u0161in\u0101tu ekspluat\u0101cijas dro\u0161\u012bbu. P\u0101rslodze var izrais\u012bt katastrof\u0101las k\u013c\u016bmes, t\u0101p\u0113c ir \u013coti svar\u012bgi izv\u0113l\u0113ties cilindru ar atbilsto\u0161u kravnes\u012bbu konkr\u0113tajam pielietojumam.<\/p>\n<h3>Bl\u012bv\u0113\u0161anas meh\u0101nismi<\/h3>\n<p>Efekt\u012bvs bl\u012bv\u0113jums ir oblig\u0101ts hidrauliskajiem cilindriem, lai nov\u0113rstu nopl\u016bdes un uztur\u0113tu spiedienu. Ir nepiecie\u0161ami augstas kvalit\u0101tes bl\u012bv\u0113jumi, piem\u0113ram, virzu\u013ca bl\u012bv\u0113jumi un stie\u0146a bl\u012bv\u0113jumi, kas izgatavoti no iztur\u012bgiem materi\u0101liem, piem\u0113ram, poliuret\u0101na un nitrila gumijas. \u0160iem bl\u012bv\u0113jumiem j\u0101b\u016bt konstru\u0113tiem t\u0101, lai tie iztur\u0113tu ekspluat\u0101cijas apst\u0101k\u013cus, tostarp spiediena un temperat\u016bras sv\u0101rst\u012bbas, lai nodro\u0161in\u0101tu ilgsto\u0161u darb\u012bbu.<\/p>\n<h3>Iztur\u012bba<\/h3>\n<p>Iztur\u012bba ir galvenais apsv\u0113rums str\u0113les cilindru projekt\u0113\u0161an\u0101. Tiem j\u0101b\u016bt izgatavotiem no iztur\u012bgiem materi\u0101liem, kas sp\u0113j iztur\u0113t skarbus darba apst\u0101k\u013cus. T\u0101di faktori k\u0101 materi\u0101la iztur\u012bba, nodilumiztur\u012bba un pretkorozijas \u012bpa\u0161\u012bbas ir b\u016btiski, lai pagarin\u0101tu cilindra ekspluat\u0101cijas laiku un samazin\u0101tu apkopes pras\u012bbas.<\/p>\n<h3>Dro\u0161\u012bbas funkcijas<\/h3>\n<p>Dro\u0161\u012bbas elementu iek\u013cau\u0161ana str\u0113les cilindru konstrukcij\u0101 ir b\u016btiska gan apr\u012bkojuma, gan operatoru aizsardz\u012bbai. Dro\u0161\u012bbas v\u0101rsti, av\u0101rijas atbr\u012bvo\u0161anas meh\u0101nismi un konstrukcijas pastiprin\u0101jumi var iev\u0113rojami uzlabot hidraulisko sist\u0113mu dro\u0161\u012bbas profilu, samazinot negad\u012bjumu risku ekspluat\u0101cijas laik\u0101.<\/p>\n<h3>Apkopes pieejam\u012bba<\/h3>\n<p>Konstrukcijai j\u0101b\u016bt t\u0101dai, lai nodro\u0161in\u0101tu \u0113rtu apkopi un p\u0101rbaudi. T\u0101das funkcijas k\u0101 no\u0146emamas deta\u013cas un skaidri piek\u013cuves punkti e\u013c\u013co\u0161anai un bl\u012bvju nomai\u0146ai var iev\u0113rojami vienk\u0101r\u0161ot apkopes uzdevumus, nodro\u0161inot, ka str\u0113les cilindrs visu t\u0101 kalpo\u0161anas laiku saglab\u0101jas optim\u0101l\u0101 darba st\u0101vokl\u012b.<\/p>\n<p><img decoding=\"async\" src=\"https:\/\/www.hydraulic-cylinders.net\/wp-content\/uploads\/2025\/04\/songte-oil-pipes-and-spare-parts.webp\" alt=\"E\u013c\u013cas caurules un rezerves da\u013cas\" \/><\/p>\n<h2>Bl\u012bv\u0113\u0161ana un e\u013c\u013co\u0161ana<\/h2>\n<p>Efekt\u012bva bl\u012bv\u0113\u0161ana un e\u013c\u013co\u0161ana ir b\u016btiska str\u0113les cilindru optim\u0101lai darb\u012bbai. Da\u017e\u0101di bl\u012bv\u0113\u0161anas komponenti, tostarp virzu\u013ca bl\u012bv\u0113jumi un stie\u0146a bl\u012bv\u0113jumi, j\u0101izv\u0113las, pamatojoties uz to materi\u0101la \u012bpa\u0161\u012bb\u0101m, piem\u0113ram, nodilumiztur\u012bbu un ilgm\u016b\u017e\u012bbu. Izmantojot augstas kvalit\u0101tes materi\u0101lus, piem\u0113ram, poliuret\u0101nu un nitrilgumiju, var uzlabot bl\u012bv\u0113jumu veiktsp\u0113ju skarbos apst\u0101k\u013cos. Turkl\u0101t cilindra korpuss un v\u012bt\u0146otie gali ir r\u016bp\u012bgi j\u0101apstr\u0101d\u0101, lai uzlabotu nodilumiztur\u012bbu.<\/p>\n<p>Regul\u0101ra e\u013c\u013co\u0161ana ar atbilsto\u0161u hidraulisko e\u013c\u013cu ir ar\u012b \u013coti svar\u012bga, lai nodro\u0161in\u0101tu vienm\u0113r\u012bgu darb\u012bbu un nov\u0113rstu nodilumu. Periodiskas p\u0101rbaudes un savlaic\u012bga e\u013c\u013co\u0161ana var iev\u0113rojami pagarin\u0101t str\u0113les cilindra kalpo\u0161anas laiku, nodro\u0161inot t\u0101 efekt\u012bvu darb\u012bbu ilg\u0101ku laiku.<\/p>\n<h2>Regul\u0101ras p\u0101rbaudes un profilaktisk\u0101s apkopes pas\u0101kumi<\/h2>\n<ul>\n<li><strong>Regul\u0101ras p\u0101rbaudes:<\/strong> Regul\u0101ri veiciet vizu\u0101las p\u0101rbaudes, lai p\u0101rbaud\u012btu, vai nav nodiluma paz\u012bmju, nopl\u016b\u017eu vai boj\u0101jumu. Probl\u0113mu agr\u012bna atkl\u0101\u0161ana var nov\u0113rst liel\u0101kas probl\u0113mas un d\u0101rgus remontdarbus.<\/li>\n<li><strong>Pareiza e\u013c\u013co\u0161ana:<\/strong> P\u0101rliecinieties, vai str\u0113les cilindrs ir pien\u0101c\u012bgi iee\u013c\u013cots, lai nov\u0113rstu berzi un nodilumu. Izmantojiet ieteicamo hidraulisko e\u013c\u013cu un iev\u0113rojiet lietot\u0101ja rokasgr\u0101mat\u0101 nor\u0101d\u012bto e\u013c\u013co\u0161anas grafiku.<\/li>\n<li><strong>Bl\u012bv\u0113juma nomai\u0146a:<\/strong> Uzraugiet bl\u012bv\u0113jumu st\u0101vokli un nomainiet tos p\u0113c nepiecie\u0161am\u012bbas, lai uztur\u0113tu spiedienu un nov\u0113rstu nopl\u016bdes. Regul\u0101ra nodilu\u0161o bl\u012bv\u0113jumu nomai\u0146a var iev\u0113rojami uzlabot cilindra efektivit\u0101ti.<\/li>\n<\/ul>\n<h2>Uzst\u0101d\u012b\u0161anas vadl\u012bnijas<\/h2>\n<p>Pareiza str\u0113les cilindra uzst\u0101d\u012b\u0161ana ir \u013coti svar\u012bga t\u0101 veiktsp\u0113jai un ilgm\u016b\u017e\u012bbai. Vispirms p\u0101rliecinieties, ka darba vieta ir t\u012bra un bez gru\u017eiem. Uzst\u0101dot cilindru, pareizi izl\u012bdziniet to ar stiprin\u0101juma punktiem, lai izvair\u012btos no nepareizas izl\u012bdzin\u0101\u0161anas, kas var izrais\u012bt priek\u0161laic\u012bgu nodilumu vai boj\u0101jumus. Izmantojiet atbilsto\u0161us stiprin\u0101juma kron\u0161teinus un aparat\u016bru, lai stingri nostiprin\u0101tu cilindru viet\u0101.<\/p>\n<p>Pievelkot skr\u016bves, iev\u0113rojiet ra\u017eot\u0101ja nor\u0101d\u012bjumus par griezes momenta specifik\u0101cij\u0101m, lai nodro\u0161in\u0101tu dro\u0161u stiprin\u0101jumu, neboj\u0101jot deta\u013cas. P\u0113c uzst\u0101d\u012b\u0161anas pirms ma\u0161\u012bnas darbin\u0101\u0161anas v\u0113lreiz p\u0101rbaudiet izl\u012bdzin\u0101jumu. Ir svar\u012bgi ar\u012b pirms lieto\u0161anas piepild\u012bt hidraulisko sist\u0113mu ar nor\u0101d\u012bto hidraulisko e\u013c\u013cu un izlaist no sist\u0113mas gaisu.<\/p>\n<h2>Bie\u017ei sastopamie apkopes uzdevumi<\/h2>\n<ul>\n<li><strong>Regul\u0101ras p\u0101rbaudes:<\/strong> Regul\u0101ras nodiluma p\u0101rbaudes ir \u013coti svar\u012bgas. Mekl\u0113jiet nopl\u016bdes, boj\u0101tus bl\u012bv\u0113jumus vai korozijas paz\u012bmes, lai laikus atkl\u0101tu probl\u0113mas.<\/li>\n<li><strong>Piem\u0113rota e\u013c\u013co\u0161ana:<\/strong> P\u0101rliecinieties, ka hidraulisk\u0101 e\u013c\u013ca ir papildin\u0101ta un ka tiek uztur\u0113ta atbilsto\u0161a e\u013c\u013co\u0161ana. Tas nov\u0113r\u0161 berzi un pagarina cilindra kalpo\u0161anas laiku.<\/li>\n<li><strong>Bl\u012bv\u0113juma nomai\u0146a:<\/strong> Uzraugiet bl\u012bv\u0113jumu nodilumu un periodiski nomainiet tos, lai nov\u0113rstu nopl\u016bdes un uztur\u0113tu hidraulisko spiedienu. Pareizi funkcion\u0113jo\u0161i bl\u012bv\u0113jumi ir \u013coti svar\u012bgi str\u0113les cilindra efektivit\u0101tei.<\/li>\n<\/ul>\n<h2>Dro\u0161\u012bbas apsv\u0113rumi un vides faktori<\/h2>\n<p>R\u012bkojoties ar str\u0113les cilindriem, dro\u0161\u012bbas pas\u0101kumi ir \u0101rk\u0101rt\u012bgi svar\u012bgi. Veicot apkopi vai p\u0101rbaudes, vienm\u0113r valk\u0101jiet atbilsto\u0161us individu\u0101los aizsardz\u012bbas l\u012bdzek\u013cus (IAL), piem\u0113ram, cimdus un aizsargbrilles. Pirms jebk\u0101du darbu uzs\u0101k\u0161anas ar cilindriem p\u0101rliecinieties, vai hidrauliskaj\u0101 sist\u0113m\u0101 nav spiediena, lai nov\u0113rstu nejau\u0161u aktiviz\u0113\u0161anos. Turkl\u0101t \u0146emiet v\u0113r\u0101 hidraulisko \u0161\u0137idrumu ietekmi uz vidi; biolo\u0123iski no\u0101rd\u0101mu hidraulisko e\u013c\u013cu izmanto\u0161ana var pal\u012bdz\u0113t mazin\u0101t iesp\u0113jamo pies\u0101r\u0146ojumu.<\/p>\n<h2>Probl\u0113mu nov\u0113r\u0161ana un bie\u017ei sastopamas probl\u0113mas<\/h2>\n<ul>\n<li><strong>Hidraulisk\u0101 \u0161\u0137idruma nopl\u016bde:<\/strong> Bie\u017ei sastopama probl\u0113ma ir nopl\u016bde, ko var izrais\u012bt nolietotas bl\u012bves vai boj\u0101tas deta\u013cas. Regul\u0101ri p\u0101rbaudiet bl\u012bves un nomainiet t\u0101s p\u0113c nepiecie\u0161am\u012bbas, lai nov\u0113rstu nopl\u016bdes.<\/li>\n<li><strong>L\u0113na vai nerea\u0123\u0113jo\u0161a cilindra kust\u012bba:<\/strong> Tas var liecin\u0101t par zemu hidraulisk\u0101 \u0161\u0137idruma l\u012bmeni vai sist\u0113m\u0101 iesprostotu gaisu. P\u0101rliecinieties, vai \u0161\u0137idruma l\u012bmenis ir pietiekams, un, ja nepiecie\u0161ams, atgaisojiet sist\u0113mu.<\/li>\n<li><strong>Neparastas ska\u0146as:<\/strong> Sl\u012bpo\u0161a vai \u010d\u012bksto\u0161a ska\u0146a var liecin\u0101t par meh\u0101nisk\u0101m probl\u0113m\u0101m. Nekav\u0113joties izp\u0113tiet un nov\u0113rsiet visas neparastas ska\u0146as, lai izvair\u012btos no turpm\u0101kiem boj\u0101jumiem.<\/li>\n<\/ul>\n<h2>Probl\u0113mu nov\u0113r\u0161anas padomi<\/h2>\n<p>Lai efekt\u012bvi nov\u0113rstu probl\u0113mas, s\u0101ciet ar simptomu identific\u0113\u0161anu un iesp\u0113jamo c\u0113lo\u0146u izol\u0113\u0161anu. Regul\u0101ra apkope ir \u013coti svar\u012bga probl\u0113mu nov\u0113r\u0161anai, t\u0101p\u0113c izveidojiet prevent\u012bvu apkopes grafiku. Ja probl\u0113mas joproj\u0101m past\u0101v, apsveriet iesp\u0113ju konsult\u0113ties ar speci\u0101listu, lai veiktu detaliz\u0113tu diagnostiku un remontu. Prevent\u012bvu pas\u0101kumu ievie\u0161ana var iev\u0113rojami samazin\u0101t probl\u0113mu iesp\u0113jam\u012bbu n\u0101kotn\u0113.<\/p>\n<p><img decoding=\"async\" src=\"https:\/\/www.hydraulic-cylinders.net\/wp-content\/uploads\/2025\/04\/songte-bushings-with-all-kinds-of-excavator-models.webp\" alt=\"Bukses ar ekskavatora mode\u013ciem\" \/><\/p>\n<h2>Par m\u016bsu uz\u0146\u0113mumu<\/h2>\n<p>M\u0113s esam vado\u0161ais hidraulisko cilindru ra\u017eot\u0101js un vairumtirdzniec\u012bbas izplat\u012bt\u0101js, kas specializ\u0113jas augstas kvalit\u0101tes rezerves cilindru ra\u017eo\u0161an\u0101. M\u016bsu produktu kl\u0101sts ir pla\u0161s, padarot m\u016bs par vienu no vado\u0161ajiem ra\u017eot\u0101jiem gan viet\u0113j\u0101, gan starptautiskaj\u0101 tirg\u016b. M\u0113s iev\u0113rojam augst\u0101kos kvalit\u0101tes standartus, ko virza ap\u0146em\u0161an\u0101s nodro\u0161in\u0101t prec\u012bzu ra\u017eo\u0161anu un inovat\u012bvas ra\u017eo\u0161anas vad\u012bbas strat\u0113\u0123ijas.<\/p>\n<p>M\u016bsu ra\u017eotn\u0113 tiek izmantotas modernas ra\u017eo\u0161anas iek\u0101rtas, kvalific\u0113ti tehni\u0137i un sp\u0113c\u012bga kvalit\u0101tes kontroles sist\u0113ma, lai nep\u0101rtraukti uzlabotu m\u016bsu ra\u017eo\u0161anas iesp\u0113jas. M\u0113s koncentr\u0113jamies uz augstu efektivit\u0101ti, precizit\u0101ti un izcilu kvalit\u0101ti, lai apmierin\u0101tu m\u016bsu klientu da\u017e\u0101d\u0101s vajadz\u012bbas.<\/p>\n<p><img decoding=\"async\" src=\"https:\/\/www.hydraulic-cylinders.net\/wp-content\/uploads\/2025\/04\/songte-company-4.webp\" alt=\"Uz\u0146\u0113muma p\u0101rskats\" \/><br \/>\n<img decoding=\"async\" src=\"https:\/\/www.hydraulic-cylinders.net\/wp-content\/uploads\/2025\/04\/songte-company-3.webp\" alt=\"Uz\u0146\u0113muma ra\u017eo\u0161ana\" \/><\/p>\n<p>M\u0113s pied\u0101v\u0101jam ar\u012b piel\u0101gotus pakalpojumus, starptautiskus sertifik\u0101tus un \u012bpa\u0161u p\u0113cp\u0101rdo\u0161anas atbalstu, lai nodro\u0161in\u0101tu, ka m\u016bsu klienti sa\u0146em lab\u0101kos risin\u0101jumus, kas piel\u0101goti vi\u0146u \u012bpa\u0161aj\u0101m pras\u012bb\u0101m.<\/p>\n<p>Autors: lil<\/p>","protected":false},"excerpt":{"rendered":"<p>Boom Cylinder For Case Wheel Excavator WX218 Introduction to Boom Cylinder The boom cylinder, also known as a bucket cylinder, is a crucial component in hydraulic systems that control the movement of digging attachments on heavy machinery such as excavators, backhoe loaders, and front loaders. This hydraulic cylinder enables the bucket to lift, lower, and [&hellip;]<\/p>","protected":false},"featured_media":17868,"comment_status":"open","ping_status":"closed","template":"","meta":{"_et_pb_use_builder":"","_et_pb_old_content":"","_et_gb_content_width":""},"product_brand":[],"product_cat":[1546],"product_tag":[1547,1496],"class_list":{"0":"post-19454","1":"product","2":"type-product","3":"status-publish","4":"has-post-thumbnail","6":"product_cat-boom-cylinders","7":"product_tag-boom-cylinders","8":"product_tag-hydraulic-cylinders","10":"first","11":"instock","12":"shipping-taxable","13":"product-type-simple"},"amp_enabled":true,"_links":{"self":[{"href":"https:\/\/www.hydraulic-cylinders.net\/lv\/wp-json\/wp\/v2\/product\/19454","targetHints":{"allow":["GET"]}}],"collection":[{"href":"https:\/\/www.hydraulic-cylinders.net\/lv\/wp-json\/wp\/v2\/product"}],"about":[{"href":"https:\/\/www.hydraulic-cylinders.net\/lv\/wp-json\/wp\/v2\/types\/product"}],"replies":[{"embeddable":true,"href":"https:\/\/www.hydraulic-cylinders.net\/lv\/wp-json\/wp\/v2\/comments?post=19454"}],"wp:featuredmedia":[{"embeddable":true,"href":"https:\/\/www.hydraulic-cylinders.net\/lv\/wp-json\/wp\/v2\/media\/17868"}],"wp:attachment":[{"href":"https:\/\/www.hydraulic-cylinders.net\/lv\/wp-json\/wp\/v2\/media?parent=19454"}],"wp:term":[{"taxonomy":"product_brand","embeddable":true,"href":"https:\/\/www.hydraulic-cylinders.net\/lv\/wp-json\/wp\/v2\/product_brand?post=19454"},{"taxonomy":"product_cat","embeddable":true,"href":"https:\/\/www.hydraulic-cylinders.net\/lv\/wp-json\/wp\/v2\/product_cat?post=19454"},{"taxonomy":"product_tag","embeddable":true,"href":"https:\/\/www.hydraulic-cylinders.net\/lv\/wp-json\/wp\/v2\/product_tag?post=19454"}],"curies":[{"name":"wp","href":"https:\/\/api.w.org\/{rel}","templated":true}]}}