{"id":19455,"date":"2025-04-07T06:48:35","date_gmt":"2025-04-07T06:48:35","guid":{"rendered":"https:\/\/www.hydraulic-cylinders.net\/product\/boom-cylinder-for-zhenyu-small-excavator-zy330\/"},"modified":"2025-04-07T06:48:37","modified_gmt":"2025-04-07T06:48:37","slug":"boom-cylinder-for-zhenyu-small-excavator-zy330","status":"publish","type":"product","link":"https:\/\/www.hydraulic-cylinders.net\/lv\/products\/boom-cylinder-for-zhenyu-small-excavator-zy330\/","title":{"rendered":"Str\u0113les cilindrs Zhenyu mazajam ekskavatoram ZY330"},"content":{"rendered":"<h1>Str\u0113les cilindrs Zhenyu mazajam ekskavatoram ZY330<\/h1>\n<h2>Ievads str\u0113les cilindros<\/h2>\n<p>Str\u0113les cilindrs ir b\u016btiska smago ma\u0161\u012bnu hidraulisk\u0101s sist\u0113mas sast\u0101vda\u013ca, kas \u012bpa\u0161i paredz\u0113ta ekskavatora kausu kust\u012bbas vad\u012bbai. Tam ir iz\u0161\u0137iro\u0161a noz\u012bme t\u0101du uzdevumu veik\u0161an\u0101 k\u0101 kausa pacel\u0161ana, nolai\u0161ana un noliek\u0161ana, veicinot efekt\u012bvas materi\u0101lu apstr\u0101des darb\u012bbas. P\u0101rveidojot hidraulisko ener\u0123iju meh\u0101nisk\u0101 kust\u012bb\u0101, str\u0113les cilindri \u013cauj operatoriem veikt da\u017e\u0101das funkcijas ar precizit\u0101ti un \u0101trumu.<\/p>\n<p><img decoding=\"async\" src=\"https:\/\/www.hydraulic-cylinders.net\/wp-content\/uploads\/2025\/04\/songte-company-1.webp\" alt=\"Str\u0113les cilindrs\"><\/p>\n<h3>Defin\u012bcija un p\u0101rskats<\/h3>\n<p>Str\u0113les cilindrs ir hidraulisk\u0101 cilindra veids, kas \u012bpa\u0161i izstr\u0101d\u0101ts smagaj\u0101m iek\u0101rt\u0101m, piem\u0113ram, ekskavatoriem, univers\u0101lajiem iekr\u0101v\u0113jiem un front\u0101lajiem iekr\u0101v\u0113jiem. T\u0101 galven\u0101 funkcija ir kontrol\u0113t kausa kust\u012bbu, \u013caujot tam veikt uzdevumus, kas ir svar\u012bgi rak\u0161anas darbiem un materi\u0101lu transport\u0113\u0161anai. \u0160ie cilindri \u013cauj prec\u012bzi kontrol\u0113t kausa kust\u012bbas, nodro\u0161inot nepiecie\u0161amo sp\u0113ku pacel\u0161anai un noliek\u0161anai, kas ir svar\u012bgi b\u016bvniec\u012bbas un lauksaimniec\u012bbas darbos.<\/p>\n<h2>Str\u0113les cilindra galven\u0101s iez\u012bmes<\/h2>\n<ul>\n<li><strong>Augsta iztur\u012bba un ilgm\u016b\u017e\u012bba:<\/strong> Parasti no augstas stipr\u012bbas t\u0113rauda vai alum\u012bnija izgatavotie str\u0113les cilindri ir paredz\u0113ti, lai iztur\u0113tu augstu spiedienu un lielas slodzes, kas ir piem\u0113roti skarbiem darba apst\u0101k\u013ciem. Tie ir konstru\u0113ti t\u0101, lai b\u016btu iztur\u012bgi pret nodilumu un koroziju, pagarinot to kalpo\u0161anas laiku.<\/li>\n<li><strong>Efekt\u012bva hidraulisk\u0101 darb\u012bba:<\/strong> Izmantojot hidraulisk\u0101s e\u013c\u013cas spiedienu, str\u0113les cilindri nodro\u0161ina vienm\u0113r\u012bgu izstiep\u0161anu un ievilk\u0161anu, \u013caujot \u0101tri rea\u0123\u0113t uz operatora komand\u0101m. Tie nodro\u0161ina sp\u0113c\u012bgu stum\u0161anas un vilk\u0161anas sp\u0113ku, kas ir ide\u0101li piem\u0113rots smagu materi\u0101lu apstr\u0101dei un sare\u017e\u0123\u012btu uzdevumu veik\u0161anai.<\/li>\n<li><strong>Da\u017e\u0101di veidi:<\/strong> Str\u0113les cilindri, kas pieejami ar vienas darb\u012bbas (izmantojot hidrauliku vien\u0101 virzien\u0101) vai divk\u0101r\u0161as darb\u012bbas (izmantojot hidrauliku abos virzienos) variantiem, var tikt piel\u0101goti da\u017e\u0101d\u0101m ekspluat\u0101cijas vajadz\u012bb\u0101m. Da\u017eiem mode\u013ciem ir teleskopiska konstrukcija, kas \u013cauj palielin\u0101t pagarin\u0101jumu, nepalielinot \u0101r\u0113jos izm\u0113rus, kas ir ide\u0101li piem\u0113rots lietojumiem ar ierobe\u017eotu vietu.<\/li>\n<li><strong>Sader\u012bba:<\/strong> M\u016bsu produkti ir r\u016bp\u012bgi izgatavoti, lai kalpotu k\u0101 ide\u0101li aizvietot\u0101ji eso\u0161ajiem hidrauliskajiem cilindriem, nodro\u0161inot neman\u0101mu integr\u0101ciju un veiktsp\u0113ju.<\/li>\n<\/ul>\n<p><img decoding=\"async\" src=\"https:\/\/www.hydraulic-cylinders.net\/wp-content\/uploads\/2025\/04\/songte-cylinder-head-with-all-kinds-excavator-models.webp\" alt=\"Ekskavatoru mode\u013ci\"><\/p>\n<h2>Str\u0113les cilindra pielietojumi<\/h2>\n<h3>Celtniec\u012bbas apr\u012bkojums<\/h3>\n<p>B\u016bvniec\u012bbas ma\u0161\u012bn\u0101s str\u0113les cilindri ir neat\u0146emama ekskavatoru sast\u0101vda\u013ca, nodro\u0161inot nepiecie\u0161amo sp\u0113ku zemes vai gru\u017eu rak\u0161anai, iekrau\u0161anai un p\u0101rvieto\u0161anai. Tie atvieglo efekt\u012bvus rak\u0161anas procesus un veicina kop\u0113jo produktivit\u0101ti b\u016bvlaukumos.<\/p>\n<h3>Lauksaimniec\u012bbas tehnika<\/h3>\n<p>Front\u0101lo iekr\u0101v\u0113ju str\u0113les cilindri ir nepiecie\u0161ami augsnes, siena un citu materi\u0101lu sav\u0101k\u0161anai, cel\u0161anai un transport\u0113\u0161anai. To sp\u0113ja efekt\u012bvi tikt gal\u0101 ar smag\u0101m krav\u0101m padara tos neaizst\u0101jamus lauksaimniec\u012bbas darbos.<\/p>\n<h3>Ekskavatori<\/h3>\n<p>Ekskavatoros str\u0113les cilindri \u013cauj kausam iek\u013c\u016bt zem\u0113, nodro\u0161inot efekt\u012bvas rak\u0161anas oper\u0101cijas. \u0160\u012b sp\u0113ja ir \u013coti svar\u012bga da\u017e\u0101diem projektiem, s\u0101kot no ainavu veido\u0161anas l\u012bdz liela m\u0113roga izrakumiem.<\/p>\n<h3>Iekr\u0101v\u0113ji<\/h3>\n<p>Front\u0101lajos iekr\u0101v\u0113jos str\u0113les cilindri pal\u012bdz efekt\u012bvi pacelt un izg\u0101zt kravas. Tiem ir b\u016btiska loma materi\u0101lu apstr\u0101d\u0113, uzlabojot iekr\u0101v\u0113ja darb\u012bbas iesp\u0113jas.<\/p>\n<h2>Dizaina apsv\u0113rumi un atlases krit\u0113riji<\/h2>\n<h3>Kravnes\u012bba<\/h3>\n<p>Projekt\u0113jot str\u0113les cilindru, kravnes\u012bba ir kritisks faktors. Cilindram j\u0101sp\u0113j iztur\u0113t maksim\u0101lo svaru, ko kauss var pacelt, vienlaikus nodro\u0161inot dro\u0161\u012bbu un veiktsp\u0113ju. Apsveramie aspekti ietver materi\u0101la iztur\u012bbu, cilindra izm\u0113rus un hidraulisk\u0101 spiediena nov\u0113rt\u0113jumus, lai garant\u0113tu uzticam\u012bbu lielu slod\u017eu gad\u012bjum\u0101.<\/p>\n<h3>Bl\u012bv\u0113\u0161ana<\/h3>\n<p>Efekt\u012bva bl\u012bv\u0113\u0161ana hidrauliskaj\u0101s sist\u0113m\u0101s ir \u0101rk\u0101rt\u012bgi svar\u012bga, lai nov\u0113rstu \u0161\u0137idruma nopl\u016bdi un pies\u0101r\u0146ojumu. Bl\u012bv\u0113\u0161anas materi\u0101lu, piem\u0113ram, poliuret\u0101na un nitrilgumijas, izv\u0113le ir b\u016btiska, lai nodro\u0161in\u0101tu ilgm\u016b\u017e\u012bbu un veiktsp\u0113ju. Cilindra korpusa un v\u012btnes virsmu prec\u012bza apstr\u0101de uzlabo bl\u012bv\u0113\u0161anas efektivit\u0101ti, veicinot kop\u0113jo sist\u0113mas uzticam\u012bbu.<\/p>\n<h3>Iztur\u012bba<\/h3>\n<p>Iztur\u012bba ir b\u016btiska str\u0113les cilindriem, jo \u200b\u200btie darbojas sare\u017e\u0123\u012btos apst\u0101k\u013cos. T\u0101di faktori k\u0101 materi\u0101lu izv\u0113le, virsmas apstr\u0101de un konstrukcijas elementi ir j\u0101optimiz\u0113, lai tie b\u016btu iztur\u012bgi pret nodilumu un koroziju, nodro\u0161inot ilg\u0101ku kalpo\u0161anas laiku un zem\u0101kas apkopes izmaksas.<\/p>\n<h3>Dro\u0161\u012bba<\/h3>\n<p>Dro\u0161\u012bba ir iz\u0161\u0137iro\u0161s apsv\u0113rums hidraulisko cilindru projekt\u0113\u0161an\u0101. Lai nov\u0113rstu katastrof\u0101las k\u013c\u016bmes, nodro\u0161inot dro\u0161u iek\u0101rtas un t\u0101s operatoru darb\u012bbu, j\u0101ievie\u0161 t\u0101das funkcijas k\u0101 spiediena samazin\u0101\u0161anas v\u0101rsti, p\u0101rslodzes aizsardz\u012bba un iztur\u012bga konstrukcija.<\/p>\n<h3>Apkope<\/h3>\n<p>Apkopes apsv\u0113rumi ietver piek\u013cuves vieglumu p\u0101rbau\u017eu un remonta veik\u0161anai, rezerves da\u013cu pieejam\u012bbu, k\u0101 ar\u012b demont\u0101\u017eas un atk\u0101rtotas mont\u0101\u017eas sare\u017e\u0123\u012bt\u012bbu. Labi konstru\u0113ts cilindrs vienk\u0101r\u0161o apkopes darb\u012bbas, samazinot d\u012bkst\u0101ves laiku un uzlabojot kop\u0113jo efektivit\u0101ti.<\/p>\n<p><img decoding=\"async\" src=\"https:\/\/www.hydraulic-cylinders.net\/wp-content\/uploads\/2025\/04\/songte-oil-pipes-and-spare-parts.webp\" alt=\"Hidraulisk\u0101s da\u013cas\"><\/p>\n<h2>Bl\u012bv\u0113\u0161ana un e\u013c\u013co\u0161ana<\/h2>\n<p>Str\u0113les cilindru bl\u012bv\u0113\u0161anas sist\u0113ma ir kritiski svar\u012bga hidraulisk\u0101s integrit\u0101tes uztur\u0113\u0161anai. Lai nodro\u0161in\u0101tu hidraulisk\u0101 \u0161\u0137idruma palik\u0161anu cilindr\u0101, tiek izmantoti da\u017e\u0101di bl\u012bv\u0113jumi, tostarp virzu\u013ca bl\u012bv\u0113jumi un stie\u0146a bl\u012bv\u0113jumi. Iztur\u012bgu materi\u0101lu, piem\u0113ram, poliuret\u0101na un nitrila gumijas, izmanto\u0161ana uzlabo iztur\u012bbu pret nodilumu un vides faktoriem. Turkl\u0101t cilindra korpuss un v\u012bt\u0146otie gali tiek pak\u013cauti smalkas apstr\u0101des procesiem, lai uzlabotu nodilumiztur\u012bbu, t\u0101d\u0113j\u0101di veicinot kop\u0113jo efektivit\u0101ti. Regul\u0101ra e\u013c\u013co\u0161ana ar hidraulisko e\u013c\u013cu ir b\u016btiska, lai nodro\u0161in\u0101tu vienm\u0113r\u012bgu darb\u012bbu un nov\u0113rstu priek\u0161laic\u012bgu nodilumu, t\u0101p\u0113c optim\u0101las veiktsp\u0113jas uztur\u0113\u0161anai ir nepiecie\u0161amas regul\u0101ras p\u0101rbaudes.<\/p>\n<h2>Regul\u0101ras p\u0101rbaudes un profilaktisk\u0101 apkope<\/h2>\n<ul>\n<li><strong>Periodiskas p\u0101rbaudes:<\/strong> Regul\u0101ras vizu\u0101las un ekspluat\u0101cijas p\u0101rbaudes var pal\u012bdz\u0113t laikus noteikt nodiluma paz\u012bmes vai boj\u0101jumus, nov\u0113r\u0161ot turpm\u0101kas komplik\u0101cijas.<\/li>\n<li><strong>E\u013c\u013co\u0161ana:<\/strong> Atbilsto\u0161as \u200b\u200be\u013c\u013co\u0161anas uztur\u0113\u0161ana ir b\u016btiska netrauc\u0113tai darb\u012bbai un ilgm\u016b\u017e\u012bbai. Nodro\u0161iniet, lai hidraulisk\u0101s e\u013c\u013cas l\u012bmenis tiktu uzraudz\u012bts un papildin\u0101ts p\u0113c nepiecie\u0161am\u012bbas.<\/li>\n<li><strong>Bl\u012bv\u0113juma nomai\u0146a:<\/strong> Regul\u0101ri p\u0101rbaudiet bl\u012bv\u0113jumu nodilumu un nekav\u0113joties nomainiet tos, lai nov\u0113rstu \u0161\u0137idruma nopl\u016bdes un saglab\u0101tu hidraulisko efektivit\u0101ti.<\/li>\n<\/ul>\n<h2>Uzst\u0101d\u012b\u0161anas vadl\u012bnijas<\/h2>\n<p>Pareiza str\u0113les cilindru uzst\u0101d\u012b\u0161ana ir \u013coti svar\u012bga, lai nodro\u0161in\u0101tu optim\u0101lu veiktsp\u0113ju. Vispirms p\u0101rliecinieties, ka darba vieta ir t\u012bra un bez gru\u017eiem. Prec\u012bzi izl\u012bdziniet cilindru ar stiprin\u0101juma punktiem, izmantojot piem\u0113rotus uzst\u0101d\u012b\u0161anas kron\u0161teinus, lai to nostiprin\u0101tu viet\u0101. Iev\u0113rojiet ra\u017eot\u0101ja specifik\u0101cijas attiec\u012bb\u0101 uz griezes momenta iestat\u012bjumiem, lai nodro\u0161in\u0101tu cie\u0161u piegul\u0161anu. Pareiza izl\u012bdzin\u0101\u0161ana ir \u013coti svar\u012bga, lai nov\u0113rstu p\u0101rm\u0113r\u012bgu slodzi uz cilindru darb\u012bbas laik\u0101. P\u0113c uzst\u0101d\u012b\u0161anas veiciet r\u016bp\u012bgu p\u0101rbaudi un p\u0101rbaudiet hidraulisko sist\u0113mu, lai p\u0101rliecin\u0101tos, ka viss darbojas pareizi. Lai optimiz\u0113tu veiktsp\u0113ju, var b\u016bt nepiecie\u0161ami piel\u0101gojumi.<\/p>\n<h2>Apkopes uzdevumi<\/h2>\n<ul>\n<li><strong>Regul\u0101ras p\u0101rbaudes:<\/strong> Veiciet regul\u0101ras p\u0101rbaudes, lai noteiktu nopl\u016bdes, nodilumu un visp\u0101r\u0113jo st\u0101vokli. Probl\u0113mu agr\u012bna atkl\u0101\u0161ana var nov\u0113rst nopietnus boj\u0101jumus un d\u0101rgus remontdarbus.<\/li>\n<li><strong>Pareiza e\u013c\u013co\u0161ana:<\/strong> Nodro\u0161iniet regul\u0101ru hidraulisk\u0101s e\u013c\u013cas papildin\u0101\u0161anu, lai uztur\u0113tu nevainojamu darb\u012bbu un nov\u0113rstu nodilumu. Iev\u0113rojiet ra\u017eot\u0101ja nor\u0101d\u012bjumus par e\u013c\u013co\u0161anas interv\u0101liem.<\/li>\n<li><strong>Bl\u012bv\u0113juma nomai\u0146as un kalibr\u0113\u0161anas p\u0101rbaudes:<\/strong> Regul\u0101ri p\u0101rbaudiet bl\u012bves un nomainiet t\u0101s p\u0113c nepiecie\u0161am\u012bbas. Hidraulisk\u0101s sist\u0113mas kalibr\u0113\u0161ana nodro\u0161ina prec\u012bzu darb\u012bbu un var pal\u012bdz\u0113t nov\u0113rst probl\u0113mas n\u0101kotn\u0113.<\/li>\n<\/ul>\n<h2>Dro\u0161\u012bbas apsv\u0113rumi un vides faktori<\/h2>\n<p>Str\u0113les cilindru lieto\u0161anas laik\u0101 dro\u0161\u012bbas pas\u0101kumi ir \u0101rk\u0101rt\u012bgi svar\u012bgi. Operatoriem j\u0101b\u016bt apm\u0101c\u012btiem izprast potenci\u0101los riskus, kas saist\u012bti ar hidrauliskaj\u0101m sist\u0113m\u0101m. Vienm\u0113r j\u0101izmanto atbilsto\u0161i individu\u0101lie aizsardz\u012bbas l\u012bdzek\u013ci (IAL). Izv\u0113loties un apkopjot str\u0113les cilindrus, j\u0101\u0146em v\u0113r\u0101 ar\u012b vides faktori, piem\u0113ram, pak\u013cau\u0161ana ekstrem\u0101l\u0101m temperat\u016br\u0101m un kod\u012bg\u0101m viel\u0101m. Dro\u0161\u012bbas protokolu ievie\u0161ana un regul\u0101ra apm\u0101c\u012bba var iev\u0113rojami samazin\u0101t negad\u012bjumu skaitu un uzlabot dro\u0161\u012bbu darba viet\u0101.<\/p>\n<h2>Bie\u017ei sastopamo probl\u0113mu nov\u0113r\u0161ana<\/h2>\n<ul>\n<li><strong>\u0160\u0137idruma nopl\u016bdes:<\/strong> P\u0101rbaudiet bl\u012bves un savienojumus, vai tie nav nodilu\u0161i vai boj\u0101ti, un p\u0101rliecinieties, vai hidraulisk\u0101 \u0161\u0137idruma l\u012bmenis ir nemain\u012bgs.<\/li>\n<li><strong>L\u0113na darb\u012bba:<\/strong> Tas var liecin\u0101t par zemu hidraulisk\u0101 \u0161\u0137idruma l\u012bmeni vai gaisu sist\u0113m\u0101. Atgaisojiet sist\u0113mu un p\u0101rbaudiet, vai nav aizsprostojumu.<\/li>\n<li><strong>Nerea\u0123\u0113jo\u0161s cilindrs:<\/strong> P\u0101rliecinieties, vai hidrauliskais spiediens ir pietiekams un vai visi savienojumi ir dro\u0161i. P\u0101rbaudiet visus iesp\u0113jamos aizsprostojumus hidrauliskaj\u0101s l\u012bnij\u0101s.<\/li>\n<\/ul>\n<h2>Probl\u0113mu nov\u0113r\u0161anas padomi<\/h2>\n<p>Lai efekt\u012bvi nov\u0113rstu probl\u0113mas, uzturiet detaliz\u0113tu apkopes \u017eurn\u0101lu, lai izsekotu probl\u0113m\u0101m un remontiem. Regul\u0101ri p\u0101rskatiet darb\u012bbas veiktsp\u0113jas datus, lai noteiktu tendences, kas var liecin\u0101t par pamatprobl\u0113m\u0101m. Ieviesiet prevent\u012bvus pas\u0101kumus, piem\u0113ram, regul\u0101ru apkopi un p\u0101rbaudes, lai samazin\u0101tu iesp\u0113jam\u0101s probl\u0113mas. Operatoru apm\u0101c\u012bba par agr\u012bnu probl\u0113mu paz\u012bmju atpaz\u012b\u0161anu var uzlabot sist\u0113mas kop\u0113jo uzticam\u012bbu.<\/p>\n<p><img decoding=\"async\" src=\"https:\/\/www.hydraulic-cylinders.net\/wp-content\/uploads\/2025\/04\/songte-bushings-with-all-kinds-of-excavator-models.webp\" alt=\"Ekskavatora bukses\"><\/p>\n<h2>Par m\u016bsu uz\u0146\u0113mumu<\/h2>\n<p>M\u0113s esam rezerves hidraulisko cilindru ra\u017eot\u0101js, pied\u0101v\u0101jot pla\u0161u produktu kl\u0101stu, kas m\u016bs nostiprina k\u0101 vienu no vado\u0161ajiem ra\u017eot\u0101jiem un vairumtirgot\u0101jiem gan viet\u0113j\u0101, gan starptautiskaj\u0101 tirg\u016b. M\u0113s iev\u0113rojam izcilus kvalit\u0101tes standartus, izmantojot izsmalcin\u0101tu ra\u017eo\u0161anas darbn\u012bcu un r\u016bpniecisk\u0101s ra\u017eo\u0161anas vad\u012bbas strat\u0113\u0123iju. M\u016bsu uz\u0146\u0113mums nep\u0101rtraukti uzlabo savu ra\u017eo\u0161anas platformu, izmantojot tehniskos talantus, digit\u0101las augstas klases ra\u017eo\u0161anas iek\u0101rtas un specializ\u0113tas test\u0113\u0161anas sist\u0113mas, nodro\u0161inot efekt\u012bvus ra\u017eo\u0161anas ce\u013cus un izcilu produktu kvalit\u0101ti.<\/p>\n<p><img decoding=\"async\" src=\"https:\/\/www.hydraulic-cylinders.net\/wp-content\/uploads\/2025\/04\/songte-company-4.webp\" alt=\"Uz\u0146\u0113muma p\u0101rskats\"><br \/>\n<img decoding=\"async\" src=\"https:\/\/www.hydraulic-cylinders.net\/wp-content\/uploads\/2025\/04\/songte-company-3.webp\" alt=\"Ra\u017eo\u0161anas process\"><\/p>\n<p>M\u016bsu ap\u0146em\u0161an\u0101s specializ\u0113ties, starptautisk\u0101s sertifik\u0101cijas, piel\u0101gojami pakalpojumi, modernas ra\u017eo\u0161anas iek\u0101rtas un izcils p\u0113cp\u0101rdo\u0161anas atbalsts nodro\u0161ina, ka m\u0113s efekt\u012bvi apmierin\u0101m m\u016bsu klientu da\u017e\u0101d\u0101s vajadz\u012bbas.<\/p>\n<p>Autors: lil<\/p>","protected":false},"excerpt":{"rendered":"<p>Boom Cylinder For Zhenyu Small Excavator ZY330 Introduction to Boom Cylinders The Boom Cylinder is a vital component in the hydraulic system of heavy machinery, specifically designed for controlling the movement of excavator buckets. It plays a crucial role in enabling tasks such as lifting, lowering, and tilting the bucket, facilitating efficient material handling operations. [&hellip;]<\/p>","protected":false},"featured_media":17869,"comment_status":"open","ping_status":"closed","template":"","meta":{"_et_pb_use_builder":"","_et_pb_old_content":"","_et_gb_content_width":""},"product_brand":[],"product_cat":[1546],"product_tag":[1547,1496],"class_list":{"0":"post-19455","1":"product","2":"type-product","3":"status-publish","4":"has-post-thumbnail","6":"product_cat-boom-cylinders","7":"product_tag-boom-cylinders","8":"product_tag-hydraulic-cylinders","10":"first","11":"instock","12":"shipping-taxable","13":"product-type-simple"},"amp_enabled":true,"_links":{"self":[{"href":"https:\/\/www.hydraulic-cylinders.net\/lv\/wp-json\/wp\/v2\/product\/19455","targetHints":{"allow":["GET"]}}],"collection":[{"href":"https:\/\/www.hydraulic-cylinders.net\/lv\/wp-json\/wp\/v2\/product"}],"about":[{"href":"https:\/\/www.hydraulic-cylinders.net\/lv\/wp-json\/wp\/v2\/types\/product"}],"replies":[{"embeddable":true,"href":"https:\/\/www.hydraulic-cylinders.net\/lv\/wp-json\/wp\/v2\/comments?post=19455"}],"wp:featuredmedia":[{"embeddable":true,"href":"https:\/\/www.hydraulic-cylinders.net\/lv\/wp-json\/wp\/v2\/media\/17869"}],"wp:attachment":[{"href":"https:\/\/www.hydraulic-cylinders.net\/lv\/wp-json\/wp\/v2\/media?parent=19455"}],"wp:term":[{"taxonomy":"product_brand","embeddable":true,"href":"https:\/\/www.hydraulic-cylinders.net\/lv\/wp-json\/wp\/v2\/product_brand?post=19455"},{"taxonomy":"product_cat","embeddable":true,"href":"https:\/\/www.hydraulic-cylinders.net\/lv\/wp-json\/wp\/v2\/product_cat?post=19455"},{"taxonomy":"product_tag","embeddable":true,"href":"https:\/\/www.hydraulic-cylinders.net\/lv\/wp-json\/wp\/v2\/product_tag?post=19455"}],"curies":[{"name":"wp","href":"https:\/\/api.w.org\/{rel}","templated":true}]}}