{"id":19456,"date":"2025-04-07T06:48:37","date_gmt":"2025-04-07T06:48:37","guid":{"rendered":"https:\/\/www.hydraulic-cylinders.net\/product\/boom-cylinder-for-zhenyu-small-excavator-zy260\/"},"modified":"2025-04-07T06:48:40","modified_gmt":"2025-04-07T06:48:40","slug":"boom-cylinder-for-zhenyu-small-excavator-zy260","status":"publish","type":"product","link":"https:\/\/www.hydraulic-cylinders.net\/lv\/products\/boom-cylinder-for-zhenyu-small-excavator-zy260\/","title":{"rendered":"Str\u0113les cilindrs Zhenyu mazajam ekskavatoram ZY260"},"content":{"rendered":"<h1>Str\u0113les cilindrs Zhenyu mazajam ekskavatoram ZY260<\/h1>\n<h2>Str\u0113les cilindra p\u0101rskats<\/h2>\n<p>Str\u0113les cilindrs, kas paz\u012bstams ar\u012b k\u0101 kausa cilindrs, ir b\u016btiska smago ma\u0161\u012bnu, \u012bpa\u0161i ekskavatoru, sast\u0101vda\u013ca. \u0160ie hidrauliskie cilindri ir \u012bpa\u0161i izstr\u0101d\u0101ti, lai kontrol\u0113tu kausa kust\u012bbu da\u017e\u0101da veida smagaj\u0101 apr\u012bkojum\u0101, piem\u0113ram, ekskavatoros, ekskavatoros-iekr\u0101v\u0113jos un front\u0101lajos iekr\u0101v\u0113jos. Tie \u013cauj kausam pacelt, nolaist un noliekt, t\u0101d\u0113j\u0101di atvieglojot efekt\u012bvus materi\u0101lu apstr\u0101des uzdevumus. B\u016bt\u012bb\u0101 str\u0113les cilindrs nodro\u0161ina precizit\u0101ti materi\u0101lu rak\u0161an\u0101, cel\u0161an\u0101 un p\u0101rvieto\u0161an\u0101, padarot to par neaizst\u0101jamu hidraulisko sist\u0113mu sast\u0101vda\u013cu b\u016bvniec\u012bbas un lauksaimniec\u012bbas ma\u0161\u012bn\u0101s.<\/p>\n<p><img decoding=\"async\" src=\"https:\/\/www.hydraulic-cylinders.net\/wp-content\/uploads\/2025\/04\/songte-company-1.webp\" alt=\"Str\u0113les cilindra att\u0113ls\"><\/p>\n<h2>Str\u0113les cilindra \u012bpa\u0161\u012bbas<\/h2>\n<ul>\n<li>\n<h3>Augsta iztur\u012bba un ilgm\u016b\u017e\u012bba<\/h3>\n<\/li>\n<p>\u0160ie cilindri, kas parasti ir izgatavoti no augstas stipr\u012bbas t\u0113rauda vai alum\u012bnija, var iztur\u0113t augstu spiedienu un lielas slodzes. Tie ir paredz\u0113ti, lai iztur\u0113tu skarbus darba apst\u0101k\u013cus, un tiem ir nodilumiztur\u012bgas un korozijiztur\u012bgas \u012bpa\u0161\u012bbas, lai pagarin\u0101tu to kalpo\u0161anas laiku.<\/p>\n<li>\n<h3>Efekt\u012bva hidraulisk\u0101 darb\u012bba<\/h3>\n<\/li>\n<p>Izmantojot hidraulisk\u0101s e\u013c\u013cas spiedienu, str\u0113les cilindrs pan\u0101k vienm\u0113r\u012bgu izstiep\u0161anu un ievilk\u0161anu. Tas \u0101tri rea\u0123\u0113 uz vad\u012bbas komand\u0101m, nodro\u0161inot iev\u0113rojamu stum\u0161anas un vilk\u0161anas sp\u0113ku, padarot to piem\u0113rotu smagu priek\u0161metu apstr\u0101dei un sare\u017e\u0123\u012btu uzdevumu veik\u0161anai.<\/p>\n<li>\n<h3>Pieejami da\u017e\u0101di veidi<\/h3>\n<\/li>\n<p>\u0160os cilindrus var izv\u0113l\u0113ties atkar\u012bb\u0101 no konkr\u0113t\u0101m vajadz\u012bb\u0101m, tostarp vienk\u0101r\u0161as darb\u012bbas (hidrauliski darbojas vien\u0101 virzien\u0101) un divk\u0101r\u0161as darb\u012bbas (hidrauliski darbojas abos virzienos) cilindrus. Da\u017ei mode\u013ci ir teleskopiski, kas \u013cauj tos pagarin\u0101t, nepalielinot \u0101r\u0113jos izm\u0113rus, kas ir ide\u0101li piem\u0113rots lietojumiem ar ierobe\u017eotu vietu.<\/p>\n<li>\n<h3>Piel\u0101gota ra\u017eo\u0161ana<\/h3>\n<\/li>\n<p>M\u0113s specializ\u0113jamies str\u0113les cilindru ra\u017eo\u0161an\u0101, kas var lieliski aizst\u0101t eso\u0161os hidrauliskos cilindrus. M\u016bsu piel\u0101gotie risin\u0101jumi nodro\u0161ina sader\u012bbu ar da\u017e\u0101diem tehnikas mode\u013ciem.<\/p>\n<li>\n<h3>Kvalit\u0101tes nodro\u0161in\u0101\u0161ana<\/h3>\n<\/li>\n<p>M\u016bsu produkti tiek pak\u013cauti stingr\u0101m p\u0101rbaud\u0113m, lai atbilstu augstiem kvalit\u0101tes standartiem, nodro\u0161inot uzticam\u012bbu un veiktsp\u0113ju sare\u017e\u0123\u012btos apst\u0101k\u013cos.<\/p>\n<\/ul>\n<p><img decoding=\"async\" src=\"https:\/\/www.hydraulic-cylinders.net\/wp-content\/uploads\/2025\/04\/songte-cylinder-head-with-all-kinds-excavator-models.webp\" alt=\"Ekskavatoru mode\u013cu sader\u012bba\"><\/p>\n<h2>Str\u0113les cilindra pielietojumi<\/h2>\n<h3>Celtniec\u012bbas apr\u012bkojums<\/h3>\n<p>Ekskavatoros str\u0113les cilindri ir vit\u0101li svar\u012bgi zemes vai gru\u017eu rak\u0161anai, iekrau\u0161anai un p\u0101rvieto\u0161anai. Tie nodro\u0161ina precizit\u0101ti rak\u0161anas proces\u0101, \u013caujot operatoriem efekt\u012bvi p\u0101rvald\u012bt lielus materi\u0101lu apjomus. Ekskavatoros-iekr\u0101v\u0113jos str\u0113les cilindrs pal\u012bdz ne tikai rak\u0161anas, bet ar\u012b cel\u0161anas oper\u0101cij\u0101s, uzlabojot kop\u0113jo produktivit\u0101ti darba viet\u0101s.<\/p>\n<h3>Lauksaimniec\u012bbas tehnika<\/h3>\n<p>Front\u0101lie iekr\u0101v\u0113ji izmanto str\u0113les cilindrus, lai paceltu, paceltu un transport\u0113tu augsni, sienu un citus materi\u0101lus. \u013baujot operatoriem viegli veikt da\u017e\u0101dus uzdevumus, \u0161ie cilindri palielina lauksaimniec\u012bbas tehnikas daudzpus\u012bbu un funkcionalit\u0101ti, padarot lauksaimniec\u012bbas darb\u012bbas efekt\u012bv\u0101kas un lietder\u012bg\u0101kas.<\/p>\n<h3>Ekskavatori<\/h3>\n<p>Ekskavatoros str\u0113les cilindri atvieglo rak\u0161anas darb\u012bbas, \u013caujot kausam efekt\u012bvi iek\u013c\u016bt augsn\u0113. \u0160\u012b sp\u0113ja ir b\u016btiska t\u0101diem uzdevumiem k\u0101 tran\u0161eju rak\u0161ana, plan\u0113\u0161ana un vietas sagatavo\u0161ana, veicinot b\u016bvniec\u012bbas projektu kop\u0113jo produktivit\u0101ti.<\/p>\n<h3>Iekr\u0101v\u0113ji<\/h3>\n<p>Front\u0101lajos iekr\u0101v\u0113jos str\u0113les cilindriem ir iz\u0161\u0137iro\u0161a noz\u012bme kravu efekt\u012bv\u0101 cel\u0161an\u0101 un izg\u0101\u0161an\u0101. \u0160o cilindru nodro\u0161in\u0101t\u0101 hidraulisk\u0101 jauda \u013cauj operatoriem \u0101tri un efekt\u012bvi apstr\u0101d\u0101t materi\u0101lus, padarot iekr\u0101v\u0113jus neaizst\u0101jamus materi\u0101lu apstr\u0101des darbos.<\/p>\n<h2>Dizaina apsv\u0113rumi un atlases krit\u0113riji<\/h2>\n<h3>Kravnes\u012bba<\/h3>\n<p>Izv\u0113loties str\u0113les cilindru, ir svar\u012bgi \u0146emt v\u0113r\u0101 t\u0101 kravnes\u012bbu. Pareiza izm\u0113ra cilindrs var iztur\u0113t paredzam\u0101s slodzes, nerisk\u0113jot to saboj\u0101t. Kravnes\u012bbas p\u0101rv\u0113rt\u0113\u0161ana var izrais\u012bt apr\u012bkojuma boj\u0101jumus, savuk\u0101rt t\u0101s nepietiekama nov\u0113rt\u0113\u0161ana var rad\u012bt dro\u0161\u012bbas apdraud\u0113jumus. Ir svar\u012bgi pareizi nov\u0113rt\u0113t maksim\u0101l\u0101s slodzes un lieto\u0161anas pras\u012bbas.<\/p>\n<h3>Bl\u012bv\u0113juma integrit\u0101te<\/h3>\n<p>Sealing is another crucial factor in the design of a boom cylinder. High-quality seals prevent hydraulic fluid leakage and maintain pressure, ensuring efficient operation. The choice of sealing materials, such as polyurethane or nitrile rubber, can significantly influence the cylinder&#8217;s performance and durability. Effective sealing mechanisms are vital to prolong the lifespan and reliability of hydraulic systems.<\/p>\n<h3>Iztur\u012bba<\/h3>\n<p>Durability is paramount for boom cylinders, especially in harsh operating conditions. Factors such as material selection, protective coatings, and design features contribute to a cylinder&#8217;s ability to resist wear, corrosion, and fatigue. Ensuring robust construction and quality manufacturing processes enhances the cylinder&#8217;s performance and longevity.<\/p>\n<h3>Dro\u0161\u012bbas funkcijas<\/h3>\n<p>Izv\u0113loties str\u0113les cilindru, nedr\u012bkst aizmirst par dro\u0161\u012bbas funkcij\u0101m. Konstrukcijas elementi, piem\u0113ram, spiediena samazin\u0101\u0161anas v\u0101rsti un dro\u0161\u012bbas sl\u0113dzenes, var pal\u012bdz\u0113t nov\u0113rst negad\u012bjumus un iek\u0101rtu boj\u0101jumus. Dro\u0161\u012bbas noteikumu iev\u0113ro\u0161ana ir b\u016btiska operatoru un iek\u0101rtu aizsardz\u012bbai ekspluat\u0101cijas laik\u0101.<\/p>\n<h3>Apkope un remont\u0113jam\u012bba<\/h3>\n<p>Projekt\u0113\u0161anas posm\u0101 ir \u013coti svar\u012bgi \u0146emt v\u0113r\u0101 apkopes un remonta vienk\u0101r\u0161\u012bbu. Funkcijas, kas atvieglo p\u0101rbaudi, e\u013c\u013co\u0161anu un bl\u012bv\u0113juma nomai\u0146u, var iev\u0113rojami uzlabot cilindra kalpo\u0161anas laiku. Labi projekt\u0113tam hidrauliskajam cilindram j\u0101nodro\u0161ina vienk\u0101r\u0161as apkopes proced\u016bras, samazinot d\u012bkst\u0101ves laiku un remonta izmaksas.<\/p>\n<p><img decoding=\"async\" src=\"https:\/\/www.hydraulic-cylinders.net\/wp-content\/uploads\/2025\/04\/songte-oil-pipes-and-spare-parts.webp\" alt=\"Hidraulisko cilindru deta\u013cas\"><\/p>\n<h2>Str\u0113les cilindra bl\u012bv\u0113\u0161ana un e\u013c\u013co\u0161ana<\/h2>\n<p>Pareiza bl\u012bv\u0113\u0161ana un e\u013c\u013co\u0161ana ir b\u016btiska str\u0113les cilindru efekt\u012bvai darb\u012bbai. Da\u017e\u0101di bl\u012bv\u0113\u0161anas komponenti, tostarp virzu\u013ca bl\u012bv\u0113jumi un stie\u0146a bl\u012bv\u0113jumi, ir \u013coti svar\u012bgi hidraulisk\u0101 spiediena uztur\u0113\u0161anai un nopl\u016b\u017eu nov\u0113r\u0161anai. Nodilumiztur\u012bgu materi\u0101lu, piem\u0113ram, poliuret\u0101na un nitrilgumijas, izv\u0113le uzlabo bl\u012bv\u0113juma veiktsp\u0113ju un iztur\u012bbu.<\/p>\n<p>Cilindra korpuss un v\u012bt\u0146otie gali ir r\u016bp\u012bgi j\u0101apstr\u0101d\u0101, lai uzlabotu nodilumiztur\u012bbu un nodro\u0161in\u0101tu ilg\u0101ku kalpo\u0161anas laiku. Regul\u0101ra e\u013c\u013co\u0161ana ar hidraulisko e\u013c\u013cu ir b\u016btiska, lai uztur\u0113tu optim\u0101lu veiktsp\u0113ju, t\u0101p\u0113c periodiski j\u0101p\u0101rbauda, \u200b\u200bvai e\u013c\u013cas l\u012bmenis un kvalit\u0101te ir pietiekama.<\/p>\n<h2>Prevent\u012bvie apkopes pas\u0101kumi<\/h2>\n<ul>\n<li>\n<h3>Regul\u0101ras p\u0101rbaudes<\/h3>\n<\/li>\n<p>Regul\u0101ru p\u0101rbau\u017eu veik\u0161ana ir b\u016btiska, lai laikus identific\u0113tu iesp\u0113jam\u0101s probl\u0113mas. Operatoriem j\u0101p\u0101rbauda, \u200b\u200bvai nav nodiluma paz\u012bmju, nopl\u016b\u017eu un vai ir pareizs izl\u012bdzin\u0101jums. Pl\u0101notas p\u0101rbaudes var nov\u0113rst d\u0101rgus remontdarbus un d\u012bkst\u0101ves.<\/p>\n<li>\n<h3>Pareiza e\u013c\u013co\u0161ana<\/h3>\n<\/li>\n<p>Consistent lubrication is critical for reducing friction and wear on moving parts. Operators should follow the manufacturer&#8217;s recommendations for lubrication intervals and types to ensure smooth operation.<\/p>\n<li>\n<h3>Bl\u012bv\u0113juma nomai\u0146a<\/h3>\n<\/li>\n<p>Bl\u012bves regul\u0101ri j\u0101p\u0101rbauda un p\u0113c nepiecie\u0161am\u012bbas j\u0101nomaina, lai saglab\u0101tu hidraulisko integrit\u0101ti. Nolietotas vai boj\u0101tas bl\u012bves var izrais\u012bt nopl\u016bdes, ietekm\u0113jot veiktsp\u0113ju un dro\u0161\u012bbu.<\/p>\n<\/ul>\n<h2>Str\u0113les cilindra uzst\u0101d\u012b\u0161anas vadl\u012bnijas<\/h2>\n<p>Pareiza uzst\u0101d\u012b\u0161ana ir \u013coti svar\u012bga str\u0113les cilindra veiktsp\u0113jai un ilgm\u016b\u017e\u012bbai. Vispirms p\u0101rliecinieties, vai uzst\u0101d\u012b\u0161anas vieta ir t\u012bra un bez gru\u017eiem. Izmantojiet atbilsto\u0161us mont\u0101\u017eas kron\u0161teinus, lai nostiprin\u0101tu cilindru, nodro\u0161inot, ka tas ir pareizi izl\u012bdzin\u0101ts, lai izvair\u012btos no hidraulisko komponentu slodzes.<\/p>\n<p>Iev\u0113rojiet ra\u017eot\u0101ja nor\u0101d\u012bjumus par skr\u016bvju un citu stiprin\u0101juma komponentu griezes momenta iestat\u012bjumiem. P\u0113c uzst\u0101d\u012b\u0161anas p\u0101rbaudiet, vai hidrauliskaj\u0101 sist\u0113m\u0101 nav nopl\u016b\u017eu, un p\u0101rliecinieties, vai cilindrs darbojas nevainojami vis\u0101 t\u0101 kust\u012bbas diapazon\u0101. Regul\u0101ri p\u0101rbaudiet cilindra izl\u012bdzin\u0101jumu un st\u0101vokli vis\u0101 t\u0101 ekspluat\u0101cijas laik\u0101, lai nov\u0113rstu priek\u0161laic\u012bgu nodilumu.<\/p>\n<h2>Bie\u017ei sastopamie apkopes uzdevumi<\/h2>\n<ul>\n<li>\n<h3>Regul\u0101ras p\u0101rbaudes<\/h3>\n<\/li>\n<p>Regul\u0101ru str\u0113les cilindra p\u0101rbau\u017eu veik\u0161ana ir \u013coti svar\u012bga, lai uztur\u0113tu optim\u0101lu veiktsp\u0113ju. Operatoriem j\u0101p\u0101rbauda, \u200b\u200bvai nav redzamu boj\u0101jumu, nopl\u016b\u017eu vai darb\u012bbas trauc\u0113jumu. Regul\u0101ra \u0161o p\u0101rbau\u017eu grafika izveide pal\u012bdz identific\u0113t iesp\u0113jam\u0101s probl\u0113mas, pirms t\u0101s saasin\u0101s.<\/p>\n<li>\n<h3>Piem\u0113rota e\u013c\u013co\u0161ana<\/h3>\n<\/li>\n<p>Pareiza e\u013c\u013co\u0161ana ir \u013coti svar\u012bga, lai nodro\u0161in\u0101tu cilindra efekt\u012bvu darb\u012bbu. Izmantojiet ieteicamo hidraulisko e\u013c\u013cu un iev\u0113rojiet nor\u0101d\u012btos e\u013c\u013co\u0161anas interv\u0101lus, lai samazin\u0101tu nodilumu. P\u0101rliecinieties, vai visas kust\u012bg\u0101s da\u013cas ir pien\u0101c\u012bgi iee\u013c\u013cotas, lai pagarin\u0101tu cilindra kalpo\u0161anas laiku.<\/p>\n<li>\n<h3>Bl\u012bv\u0113juma nomai\u0146a un kalibr\u0113\u0161ana<\/h3>\n<\/li>\n<p>Regul\u0101ra bl\u012bvju nomai\u0146a ir b\u016btiska, lai nov\u0113rstu hidraulisk\u0101 \u0161\u0137idruma nopl\u016bdes. Operatoriem j\u0101veic ar\u012b kalibr\u0113\u0161anas p\u0101rbaudes, lai nodro\u0161in\u0101tu, ka cilindrs darbojas noteikto parametru robe\u017e\u0101s. Prec\u012bza apkopes darb\u012bbu uzskaite var uzlabot darb\u012bbas efektivit\u0101ti un dro\u0161\u012bbu.<\/p>\n<\/ul>\n<p><img decoding=\"async\" src=\"https:\/\/www.hydraulic-cylinders.net\/wp-content\/uploads\/2025\/04\/songte-chushion-collar.webp\" alt=\"Spilvenu apkakle\"><\/p>\n<h2>Dro\u0161\u012bbas apsv\u0113rumi un vides faktori<\/h2>\n<p>Dro\u0161\u012bbas pas\u0101kumi ir \u0101rk\u0101rt\u012bgi svar\u012bgi, str\u0101d\u0101jot ar iek\u0101rt\u0101m, kur\u0101m ir str\u0113les cilindri. Operatoriem ir j\u0101iev\u0113ro dro\u0161\u012bbas vadl\u012bnijas, lai samazin\u0101tu ar hidrauliskaj\u0101m sist\u0113m\u0101m saist\u012btos riskus. Pareiza apm\u0101c\u012bba un izpratne par iesp\u0113jamiem apdraud\u0113jumiem var iev\u0113rojami samazin\u0101t negad\u012bjumu iesp\u0113jam\u012bbu. Turkl\u0101t videi draudz\u012bgu hidraulisko \u0161\u0137idrumu izmanto\u0161ana var mazin\u0101t ietekmi uz vidi, veicinot ilgtsp\u0113j\u012bbu un atbilst\u012bbu noteikumiem.<\/p>\n<h2>K\u013c\u016bmju diagnostika un bie\u017e\u0101k sastopam\u0101s probl\u0113mas<\/h2>\n<ul>\n<li>\n<h3>Nopl\u016bde<\/h3>\n<\/li>\n<p>Nopl\u016bde ir izplat\u012bta probl\u0113ma, kas var rasties nolietotu bl\u012bv\u0113jumu vai boj\u0101tu deta\u013cu d\u0113\u013c. Regul\u0101ri p\u0101rbaudiet bl\u012bv\u0113jumus un nomainiet tos p\u0113c nepiecie\u0161am\u012bbas, lai saglab\u0101tu hidraulisko integrit\u0101ti.<\/p>\n<li>\n<h3>Samazin\u0101ta veiktsp\u0113ja<\/h3>\n<\/li>\n<p>Ja str\u0113les cilindra veiktsp\u0113ja ir samazin\u0101ta, tas var b\u016bt saist\u012bts ar zemu hidraulisk\u0101 \u0161\u0137idruma l\u012bmeni vai gaisu sist\u0113m\u0101. P\u0101rbaudiet \u0161\u0137idruma l\u012bmeni un, ja nepiecie\u0161ams, atgaisojiet sist\u0113mu.<\/p>\n<li>\n<h3>Neatbilst\u012bba<\/h3>\n<\/li>\n<p>Nepareiza izl\u012bdzin\u0101\u0161ana var izrais\u012bt nevienm\u0113r\u012bgu nodilumu un iesp\u0113jamu boj\u0101jumu. Uzst\u0101d\u012b\u0161anas laik\u0101 nodro\u0161iniet pareizu izl\u012bdzin\u0101\u0161anu un regul\u0101ri p\u0101rbaudiet izl\u012bdzin\u0101\u0161anu darb\u012bbas laik\u0101.<\/p>\n<\/ul>\n<h2>Probl\u0113mu nov\u0113r\u0161anas padomi<\/h2>\n<p>Lai efekt\u012bvi diagnostic\u0113tu un nov\u0113rstu probl\u0113mas ar str\u0113les cilindru, operatoriem j\u0101s\u0101k ar jebk\u0101du neregul\u0101ras darb\u012bbas paz\u012bmju nov\u0113ro\u0161anu. Regul\u0101ras p\u0101rbaudes var pal\u012bdz\u0113t laikus identific\u0113t nopl\u016bdes vai veiktsp\u0113jas kritumus. Ieviesiet prevent\u012bvus apkopes pas\u0101kumus, lai samazin\u0101tu riskus un uztur\u0113tu optim\u0101lu funkcionalit\u0101ti. Apkopes darb\u012bbu un probl\u0113mu \u017eurn\u0101la uztur\u0113\u0161ana var pal\u012bdz\u0113t turpm\u0101kajos probl\u0113mu nov\u0113r\u0161anas centienos.<\/p>\n<p><img decoding=\"async\" src=\"https:\/\/www.hydraulic-cylinders.net\/wp-content\/uploads\/2025\/04\/songte-bushings-with-all-kinds-of-excavator-models.webp\" alt=\"Ekskavatora mode\u013cu bukse\"><\/p>\n<h2>Par m\u016bsu uz\u0146\u0113mumu<\/h2>\n<p>M\u0113s esam vado\u0161ais rezerves hidraulisko cilindru ra\u017eot\u0101js, kas pied\u0101v\u0101 pla\u0161u produktu kl\u0101stu. M\u016bsu ap\u0146em\u0161an\u0101s sasniegt izcil\u012bbu ir padar\u012bjusi m\u016bs par vienu no vado\u0161ajiem hidraulisko cilindru ra\u017eot\u0101jiem un vairumtirgot\u0101jiem gan viet\u0113j\u0101, gan starptautiskaj\u0101 tirg\u016b. M\u0113s iev\u0113rojam stingrus kvalit\u0101tes standartus, izmantojot modernu ra\u017eo\u0161anas darbn\u012bcu un nozar\u0113 vado\u0161\u0101s ra\u017eo\u0161anas vad\u012bbas strat\u0113\u0123ijas.<\/p>\n<p>M\u016bsu uz\u0146\u0113mums nep\u0101rtraukti uzlabo ra\u017eo\u0161anas iesp\u0113jas, izmantojot kvalific\u0113tu person\u0101lu, modernu digit\u0101lo ra\u017eo\u0161anas apr\u012bkojumu un profesion\u0101las test\u0113\u0161anas sist\u0113mas. M\u0113s pie\u0161\u0137iram priorit\u0101ti augstai efektivit\u0101tei, precizit\u0101tei un kvalit\u0101tei, lai apmierin\u0101tu da\u017e\u0101d\u0101s klientu vajadz\u012bbas.<\/p>\n<h2>Secin\u0101jums<\/h2>\n<p>M\u016bsu ap\u0146em\u0161an\u0101s profesionalit\u0101tei, starptautiskai sertifik\u0101cijai un piel\u0101gotiem pakalpojumiem apvienojum\u0101 ar modern\u0101m ra\u017eo\u0161anas iek\u0101rt\u0101m un izcilu p\u0113cp\u0101rdo\u0161anas atbalstu nodro\u0161ina, ka m\u0113s izpild\u0101m un p\u0101rsniedzam klientu cer\u012bbas.<\/p>\n<p><img decoding=\"async\" src=\"https:\/\/www.hydraulic-cylinders.net\/wp-content\/uploads\/2025\/04\/songte-company-4.webp\" alt=\"Uz\u0146\u0113muma att\u0113ls 1\"><br \/>\n<img decoding=\"async\" src=\"https:\/\/www.hydraulic-cylinders.net\/wp-content\/uploads\/2025\/04\/songte-company-3.webp\" alt=\"Uz\u0146\u0113muma att\u0113ls 2\"><\/p>\n<p>Autors: lil<\/p>","protected":false},"excerpt":{"rendered":"<p>Boom Cylinder For Zhenyu Small Excavator ZY260 Overview of the Boom Cylinder The boom cylinder, also known as the bucket cylinder, is a crucial component in heavy machinery, particularly in excavators. These hydraulic cylinders are specifically designed to control the movement of the bucket in various types of heavy equipment such as excavators, backhoe loaders, [&hellip;]<\/p>","protected":false},"featured_media":17870,"comment_status":"open","ping_status":"closed","template":"","meta":{"_et_pb_use_builder":"","_et_pb_old_content":"","_et_gb_content_width":""},"product_brand":[],"product_cat":[1546],"product_tag":[1547,1496],"class_list":{"0":"post-19456","1":"product","2":"type-product","3":"status-publish","4":"has-post-thumbnail","6":"product_cat-boom-cylinders","7":"product_tag-boom-cylinders","8":"product_tag-hydraulic-cylinders","10":"first","11":"instock","12":"shipping-taxable","13":"product-type-simple"},"amp_enabled":true,"_links":{"self":[{"href":"https:\/\/www.hydraulic-cylinders.net\/lv\/wp-json\/wp\/v2\/product\/19456","targetHints":{"allow":["GET"]}}],"collection":[{"href":"https:\/\/www.hydraulic-cylinders.net\/lv\/wp-json\/wp\/v2\/product"}],"about":[{"href":"https:\/\/www.hydraulic-cylinders.net\/lv\/wp-json\/wp\/v2\/types\/product"}],"replies":[{"embeddable":true,"href":"https:\/\/www.hydraulic-cylinders.net\/lv\/wp-json\/wp\/v2\/comments?post=19456"}],"wp:featuredmedia":[{"embeddable":true,"href":"https:\/\/www.hydraulic-cylinders.net\/lv\/wp-json\/wp\/v2\/media\/17870"}],"wp:attachment":[{"href":"https:\/\/www.hydraulic-cylinders.net\/lv\/wp-json\/wp\/v2\/media?parent=19456"}],"wp:term":[{"taxonomy":"product_brand","embeddable":true,"href":"https:\/\/www.hydraulic-cylinders.net\/lv\/wp-json\/wp\/v2\/product_brand?post=19456"},{"taxonomy":"product_cat","embeddable":true,"href":"https:\/\/www.hydraulic-cylinders.net\/lv\/wp-json\/wp\/v2\/product_cat?post=19456"},{"taxonomy":"product_tag","embeddable":true,"href":"https:\/\/www.hydraulic-cylinders.net\/lv\/wp-json\/wp\/v2\/product_tag?post=19456"}],"curies":[{"name":"wp","href":"https:\/\/api.w.org\/{rel}","templated":true}]}}