{"id":19461,"date":"2025-04-07T06:48:50","date_gmt":"2025-04-07T06:48:50","guid":{"rendered":"https:\/\/www.hydraulic-cylinders.net\/product\/boom-cylinder-for-world-small-excavator-w285b-8\/"},"modified":"2025-04-07T06:48:53","modified_gmt":"2025-04-07T06:48:53","slug":"boom-cylinder-for-world-small-excavator-w285b-8","status":"publish","type":"product","link":"https:\/\/www.hydraulic-cylinders.net\/lv\/products\/boom-cylinder-for-world-small-excavator-w285b-8\/","title":{"rendered":"Str\u0113les cilindrs pasaules mazajam ekskavatoram W285B-8"},"content":{"rendered":"<h1>Str\u0113les cilindrs pasaules mazajam ekskavatoram W285B-8<\/h1>\n<h2>Ievads str\u0113les cilindros<\/h2>\n<p>Str\u0113les cilindrs ir specializ\u0113ts hidrauliskais cilindrs, kas paredz\u0113ts, lai kontrol\u0113tu kausu kust\u012bbu da\u017e\u0101d\u0101s smagaj\u0101s ma\u0161\u012bn\u0101s, piem\u0113ram, ekskavatoros, iekr\u0101v\u0113ju ekskavatoros un front\u0101lajos iekr\u0101v\u0113jos. \u0160\u012b b\u016btisk\u0101 sast\u0101vda\u013ca \u013cauj kausam pacelt, nolaist un noliekt, atvieglojot materi\u0101lu apstr\u0101des darbus. Str\u0113les cilindrs darbojas hidraulisk\u0101s sist\u0113mas ietvaros, izmantojot spiediena hidraulisko \u0161\u0137idrumu, lai \u0123ener\u0113tu \u0161\u012bm kust\u012bb\u0101m nepiecie\u0161amo jaudu. Tas ir \u013coti svar\u012bgi, lai nodro\u0161in\u0101tu b\u016bvniec\u012bbas un zemes p\u0101rvieto\u0161anas oper\u0101ciju efektivit\u0101ti un lietder\u012bbu.<\/p>\n<p><img decoding=\"async\" src=\"https:\/\/www.hydraulic-cylinders.net\/wp-content\/uploads\/2025\/04\/songte-company-1.webp\" alt=\"Str\u0113les cilindrs\"><\/p>\n<h3>Str\u0113les cilindru galven\u0101s funkcijas<\/h3>\n<ul>\n<li>Kausa kust\u012bbu vad\u012bba: Str\u0113les cilindrs nodro\u0161ina prec\u012bzu kausa pacel\u0161anas un nolai\u0161anas vad\u012bbu.<\/li>\n<li>Uzlabot veiktsp\u0113ju: vienm\u0113r\u012bga darb\u012bba nodro\u0161ina \u0101tr\u0101ku un efekt\u012bv\u0101ku materi\u0101lu transport\u0113\u0161anu.<\/li>\n<li>Daudzpus\u012bba: Piem\u0113rots da\u017e\u0101diem pielietojumiem da\u017e\u0101da veida celtniec\u012bbas ma\u0161\u012bn\u0101s.<\/li>\n<\/ul>\n<h2>Str\u0113les cilindra \u012bpa\u0161\u012bbas<\/h2>\n<ul>\n<li><strong>Augsta iztur\u012bba un ilgm\u016b\u017e\u012bba:<\/strong> Izgatavots no augstas stipr\u012bbas t\u0113rauda vai alum\u012bnija, \u0161is cilindrs var iztur\u0113t augstu spiedienu un lielas slodzes, nodro\u0161inot ilgm\u016b\u017e\u012bbu pat skarbos darba apst\u0101k\u013cos.<\/li>\n<li><strong>Efekt\u012bva hidraulisk\u0101 darb\u012bba:<\/strong> Izmanto hidraulisk\u0101s e\u013c\u013cas spiedienu vienm\u0113r\u012bgai izvilk\u0161anai un ievilk\u0161anai, nodro\u0161inot \u0101tru rea\u0123\u0113\u0161anu uz darb\u012bbas komand\u0101m.<\/li>\n<li><strong>Pieejami da\u017e\u0101di veidi:<\/strong> Pieejamie varianti ietver vienk\u0101r\u0161as darb\u012bbas un divk\u0101r\u0161as darb\u012bbas cilindrus, kas atbilst da\u017e\u0101d\u0101m ekspluat\u0101cijas vajadz\u012bb\u0101m.<\/li>\n<li><strong>Kompakts dizains:<\/strong> Da\u017eiem mode\u013ciem ir teleskopiska konstrukcija, kas \u013cauj veikt liel\u0101ku pagarin\u0101jumu, nepalielinot \u0101r\u0113jos izm\u0113rus \u2014 ide\u0101li piem\u0113rots lietojumiem ar ierobe\u017eotu vietu.<\/li>\n<li><strong>Augst\u0101k\u0101 l\u012bme\u0146a in\u017eenierija:<\/strong> Izstr\u0101d\u0101ts, \u0146emot v\u0113r\u0101 nodilumiztur\u012bbu un korozijas iztur\u012bbu, pagarinot produkta kalpo\u0161anas laiku.<\/li>\n<\/ul>\n<p><img decoding=\"async\" src=\"https:\/\/www.hydraulic-cylinders.net\/wp-content\/uploads\/2025\/04\/songte-cylinder-head-with-all-kinds-excavator-models.webp\" alt=\"Ekskavatoru mode\u013ci\"><\/p>\n<h2>Str\u0113les cilindru pielietojums<\/h2>\n<h3>Celtniec\u012bbas apr\u012bkojums<\/h3>\n<p>Ekskavatoros str\u0113les cilindri ir b\u016btiski augsnes vai gru\u017eu rak\u0161anai, iekrau\u0161anai un transport\u0113\u0161anai. Tie \u013cauj kausam efekt\u012bvi iek\u013c\u016bt zem\u0113, \u013caujot operatoriem efekt\u012bvi veikt rak\u0161anas darbus. Str\u0113les cilindra nodro\u0161in\u0101t\u0101 precizit\u0101te un jauda uzlabo ma\u0161\u012bnas kop\u0113jo veiktsp\u0113ju, padarot to neaizst\u0101jamu b\u016bvlaukumos.<\/p>\n<h3>Lauksaimniec\u012bbas tehnika<\/h3>\n<p>Izmantojot front\u0101los iekr\u0101v\u0113jus, str\u0113les cilindri atvieglo augsnes, siena un citu materi\u0101lu sav\u0101k\u0161anu, cel\u0161anu un transport\u0113\u0161anu. To uzticama darb\u012bba ir kritiski svar\u012bga lauksaimniec\u012bbas darbos, nodro\u0161inot, ka lauksaimnieki var viegli un efekt\u012bvi p\u0101rvietot materi\u0101lus. Str\u0113les cilindru piel\u0101gojam\u012bba da\u017e\u0101diem lauksaimniec\u012bbas darbiem uzsver to noz\u012bmi lauksaimniec\u012bbas nozar\u0113.<\/p>\n<h3>Ekskavatori<\/h3>\n<p>Ekskavatoros str\u0113les cilindrs nodro\u0161ina rak\u0161anas darb\u012bbu, \u013caujot kausam izlauzties cauri augsnes sl\u0101\u0146iem. \u0160\u012b sp\u0113ja ir vit\u0101li svar\u012bga da\u017e\u0101diem rak\u0161anas projektiem, s\u0101kot no ainavu veido\u0161anas l\u012bdz liela m\u0113roga b\u016bvniec\u012bbai. Str\u0113les cilindra sp\u0113ja iztur\u0113t smagas slodzes padara to par b\u016btisku jebkura ekskavatora sast\u0101vda\u013cu.<\/p>\n<h3>Iekr\u0101v\u0113ji<\/h3>\n<p>Front\u0101lajos iekr\u0101v\u0113jos str\u0113les cilindri pal\u012bdz efekt\u012bvi pacelt un izg\u0101zt kravas. To konstrukcija \u013cauj efekt\u012bvi apstr\u0101d\u0101t materi\u0101lus, t\u0101d\u0113j\u0101di veicinot vienm\u0113r\u012bg\u0101ku darb\u012bbu darba viet\u0101s. Iekr\u0101v\u0113ju str\u0113les cilindru iztur\u012bba nodro\u0161ina, ka tie var tikt gal\u0101 ar sare\u017e\u0123\u012btiem uzdevumiem, neapdraudot veiktsp\u0113ju.<\/p>\n<h2>Dizaina apsv\u0113rumi un atlases krit\u0113riji<\/h2>\n<h3>Kravnes\u012bba<\/h3>\n<p>Viens no galvenajiem apsv\u0113rumiem, izv\u0113loties str\u0113les cilindru, ir t\u0101 kravnes\u012bba. Cilindram j\u0101sp\u0113j iztur\u0113t maksim\u0101lo svaru, kas tiks apstr\u0101d\u0101ts bez boj\u0101juma riska. Tas ietver kausa svara, maksim\u0101l\u0101s slodzes, ko tas nest, un visu papildu sp\u0113ku, kas var iedarboties uz cilindru darb\u012bbas laik\u0101, nov\u0113rt\u0113\u0161anu. Labi konstru\u0113tam cilindram t\u0101 kravnes\u012bb\u0101 b\u016bs iek\u013cauts dro\u0161\u012bbas faktors, kas nodro\u0161in\u0101s uzticamu darb\u012bbu pat ekstrem\u0101los apst\u0101k\u013cos.<\/p>\n<h3>Bl\u012bv\u0113juma veiktsp\u0113ja<\/h3>\n<p>Efekt\u012bvs bl\u012bv\u0113jums ir \u013coti svar\u012bgs hidraulisko cilindru darb\u012bbas uztur\u0113\u0161anai. Labi izstr\u0101d\u0101ts bl\u012bv\u0113jums nov\u0113r\u0161 hidraulisk\u0101 \u0161\u0137idruma nopl\u016bdi, kas var samazin\u0101t efektivit\u0101ti un izrais\u012bt hidraulisk\u0101s sist\u0113mas boj\u0101jumus. Bl\u012bv\u0113jumiem izmantotajiem materi\u0101liem j\u0101b\u016bt iztur\u012bgiem pret nodilumu un j\u0101sp\u0113j iztur\u0113t augsto spiedienu, kas rakstur\u012bgs hidrauliskaj\u0101m ier\u012bc\u0113m. Regul\u0101ra bl\u012bv\u0113jumu p\u0101rbaude ir nepiecie\u0161ama, lai nodro\u0161in\u0101tu to efektivit\u0101ti laika gait\u0101, jo nolietoti vai boj\u0101ti bl\u012bv\u0113jumi var apdraud\u0113t visas sist\u0113mas darb\u012bbu.<\/p>\n<h3>Iztur\u012bba un ilgm\u016b\u017e\u012bba<\/h3>\n<p>Iztur\u012bba ir b\u016btisks faktors str\u0113les cilindru konstrukcij\u0101. Tie bie\u017ei tiek pak\u013cauti skarbai videi un ekstrem\u0101liem apst\u0101k\u013ciem, t\u0101p\u0113c tiem j\u0101b\u016bt izgatavotiem no augstas kvalit\u0101tes materi\u0101liem, kas ir iztur\u012bgi pret nodilumu, koroziju un nogurumu. Materi\u0101lu izv\u0113le un ra\u017eo\u0161anas procesi, ko izmanto cilindra izgatavo\u0161an\u0101, var iev\u0113rojami ietekm\u0113t t\u0101 ilgm\u016b\u017e\u012bbu. Virsmas apstr\u0101des vai p\u0101rkl\u0101jumu ievie\u0161ana var uzlabot iztur\u012bbu pret koroziju un nodilumu, v\u0113l vair\u0101k pagarinot cilindra kalpo\u0161anas laiku.<\/p>\n<h3>Dro\u0161\u012bbas funkcijas<\/h3>\n<p>Dro\u0161\u012bba ir \u0101rk\u0101rt\u012bgi svar\u012bga hidraulisko cilindru projekt\u0113\u0161an\u0101. Dro\u0161\u012bbas elementu, piem\u0113ram, spiediena samazin\u0101\u0161anas v\u0101rstu un iztur\u012bgu mont\u0101\u017eas iesp\u0113ju, iek\u013cau\u0161ana var nov\u0113rst katastrof\u0101las k\u013c\u016bmes. J\u0101ievie\u0161 regul\u0101ras apkopes un p\u0101rbaudes proced\u016bras, lai nodro\u0161in\u0101tu, ka visas dro\u0161\u012bbas funkcijas darbojas pareizi. Turkl\u0101t, nodro\u0161inot operatoriem atbilsto\u0161u apm\u0101c\u012bbu par pareizu tehnikas lieto\u0161anu un ierobe\u017eojumiem, var nov\u0113rst negad\u012bjumus un uzlabot visp\u0101r\u0113jo dro\u0161\u012bbu darba viet\u0101s.<\/p>\n<h3>Apkope un remont\u0113jam\u012bba<\/h3>\n<p>Str\u0113les cilindru projekt\u0113\u0161ana, \u0146emot v\u0113r\u0101 apkopi, ir b\u016btiska, lai nodro\u0161in\u0101tu to ilgtermi\u0146a funkcionalit\u0101ti. Tas ietver \u0113rtu piek\u013cuvi komponentiem remontam un nomai\u0146ai, k\u0101 ar\u012b skaidras vadl\u012bnijas ikdienas apkopes uzdevumiem. Modul\u0101ru konstrukciju iek\u013cau\u0161ana var atvieglot remontu un samazin\u0101t d\u012bkst\u0101ves laiku. Operatoriem j\u0101b\u016bt apm\u0101c\u012btiem atpaz\u012bt nodiluma paz\u012bmes un zin\u0101t atbilsto\u0161as \u200b\u200bapkopes proced\u016bras, lai cilindri b\u016btu optim\u0101l\u0101 st\u0101vokl\u012b.<\/p>\n<p><img decoding=\"async\" src=\"https:\/\/www.hydraulic-cylinders.net\/wp-content\/uploads\/2025\/04\/songte-oil-pipes-and-spare-parts.webp\" alt=\"E\u013c\u013cas caurules un rezerves da\u013cas\"><\/p>\n<h2>Bl\u012bv\u0113\u0161ana un e\u013c\u013co\u0161ana<\/h2>\n<p>Str\u0113les cilindru veiktsp\u0113ja liel\u0101 m\u0113r\u0101 ir atkar\u012bga no bl\u012bv\u0113\u0161anas un e\u013c\u013co\u0161anas sist\u0113mu efektivit\u0101tes. Da\u017e\u0101di bl\u012bv\u0113\u0161anas elementi, piem\u0113ram, virzu\u013ca bl\u012bves un stie\u0146a bl\u012bves, ir b\u016btiski hidraulisk\u0101 spiediena uztur\u0113\u0161anai un \u0161\u0137idruma nopl\u016b\u017eu nov\u0113r\u0161anai. Bl\u012bves, kas izgatavotas no iztur\u012bgiem materi\u0101liem, piem\u0113ram, poliuret\u0101na un nitrila gumijas, bie\u017ei tiek izmantotas to lielisk\u0101s nodilumiztur\u012bbas d\u0113\u013c. Cilindra korpusa un v\u012bt\u0146oto galu virsmas tiek prec\u012bzi apstr\u0101d\u0101tas, lai uzlabotu iztur\u012bbu un samazin\u0101tu nodilumu laika gait\u0101.<\/p>\n<p>Regul\u0101ra e\u013c\u013co\u0161ana ir kritiski svar\u012bga ar\u012b hidraulisko cilindru nevainojamai darb\u012bbai. Lai nodro\u0161in\u0101tu optim\u0101lu veiktsp\u0113ju, j\u0101uztur pietiekams hidraulisk\u0101s e\u013c\u013cas daudzums. Operatoriem j\u0101iev\u0113ro regul\u0101ra apkopes grafiks, kas ietver \u0161\u0137idruma l\u012bme\u0146a p\u0101rbaudi, nodilu\u0161o bl\u012bv\u0113jumu nomai\u0146u un visu meh\u0101nisko deta\u013cu pien\u0101c\u012bgu e\u013c\u013co\u0161anu. Pareiza e\u013c\u013co\u0161ana samazina berzi, pagarina deta\u013cu kalpo\u0161anas laiku un nodro\u0161ina efekt\u012bvu darb\u012bbu.<\/p>\n<h2>Regul\u0101ras p\u0101rbaudes un profilaktisk\u0101s apkopes pas\u0101kumi<\/h2>\n<ul>\n<li><strong>Vizu\u0101l\u0101s p\u0101rbaudes:<\/strong> Regul\u0101ri p\u0101rbaudiet cilindru, vai nav nodiluma, boj\u0101jumu vai nopl\u016b\u017eu paz\u012bmju. Probl\u0113mu savlaic\u012bga nov\u0113r\u0161ana var nov\u0113rst nopietn\u0101kas probl\u0113mas.<\/li>\n<li><strong>E\u013c\u013co\u0161anas grafiks:<\/strong> Izveidojiet kust\u012bgo da\u013cu e\u013c\u013co\u0161anas rut\u012bnu, lai nodro\u0161in\u0101tu vienm\u0113r\u012bgu darb\u012bbu un nov\u0113rstu nodilumu.<\/li>\n<li><strong>Bl\u012bv\u0113juma nomai\u0146a:<\/strong> Uzraudz\u012bt bl\u012bv\u0113jumu st\u0101vokli un nepiecie\u0161am\u012bbas gad\u012bjum\u0101 tos nomain\u012bt, lai saglab\u0101tu hidraulisko integrit\u0101ti.<\/li>\n<\/ul>\n<h2>Uzst\u0101d\u012b\u0161anas vadl\u012bnijas<\/h2>\n<p>Pareiza str\u0113les cilindra uzst\u0101d\u012b\u0161ana ir \u013coti svar\u012bga, lai nodro\u0161in\u0101tu t\u0101 veiktsp\u0113ju un ilgm\u016b\u017e\u012bbu. Vispirms p\u0101rliecinieties, vai cilindrs ir pareizi izl\u012bdzin\u0101ts ar ekskavatora stiprin\u0101juma punktiem. Izmantojiet atbilsto\u0161us stiprin\u0101juma kron\u0161teinus, lai nostiprin\u0101tu cilindru viet\u0101 un nov\u0113rstu nepareizu izl\u012bdzin\u0101\u0161anu darb\u012bbas laik\u0101. Esiet uzman\u012bgi, lai nep\u0101rsp\u012bl\u0113tu skr\u016bvju pievilk\u0161anu, jo tas var izrais\u012bt boj\u0101jumus.<\/p>\n<p>Uzst\u0101d\u012b\u0161anas laik\u0101 p\u0101rbaudiet, vai visi hidrauliskie savienojumi ir cie\u0161i un bez nopl\u016bd\u0113m. Piepildiet hidraulisko sist\u0113mu ar ieteicamo \u0161\u0137idrumu un izlaidiet gaisu no sist\u0113mas, lai nodro\u0161in\u0101tu vienm\u0113r\u012bgu darb\u012bbu. P\u0113c uzst\u0101d\u012b\u0161anas p\u0101rbaudiet cilindra darb\u012bbu, veicot virkni kontrol\u0113tu kust\u012bbu, lai p\u0101rliecin\u0101tos, ka viss darbojas pareizi. Regul\u0101ri p\u0101rskatiet uzst\u0101d\u012b\u0161anu, lai p\u0101rliecin\u0101tos, ka laika gait\u0101 nav nepiecie\u0161amas nek\u0101das regul\u0113\u0161anas.<\/p>\n<h2>Bie\u017ei sastopamie apkopes uzdevumi<\/h2>\n<h3>Regul\u0101ras p\u0101rbaudes<\/h3>\n<p>Regul\u0101ras p\u0101rbaudes ir b\u016btiskas, lai uztur\u0113tu str\u0113les cilindru funkcionalit\u0101ti un dro\u0161\u012bbu. Operatoriem j\u0101izstr\u0101d\u0101 grafiks visu cilindra aspektu, tostarp bl\u012bv\u0113jumu, stiprin\u0101juma punktu un hidraulisko savienojumu, p\u0101rbaudei. Nelielu probl\u0113mu savlaic\u012bga nov\u0113r\u0161ana var nov\u0113rst to p\u0101rv\u0113r\u0161anos nopietn\u0101s probl\u0113m\u0101s, kur\u0101m var b\u016bt nepiecie\u0161ams d\u0101rgs remonts vai nomai\u0146a.<\/p>\n<h3>Pareiza e\u013c\u013co\u0161ana<\/h3>\n<p>Hidraulisko cilindru pareiza e\u013c\u013co\u0161ana ir \u013coti svar\u012bga to nevainojamai darb\u012bbai. Operatoriem j\u0101iev\u0113ro apkopes grafiks, kas ietver e\u013c\u013cas l\u012bme\u0146a p\u0101rbaudi un \u0161\u0137idrumu nomai\u0146u p\u0113c nepiecie\u0161am\u012bbas. Pareiza hidraulisk\u0101s e\u013c\u013cas veida lieto\u0161ana ir \u013coti svar\u012bga, lai saglab\u0101tu cilindra efektivit\u0101ti un lietder\u012bbu. Regul\u0101ra e\u013c\u013co\u0161ana samazina berzi un nodilumu, uzlabojot cilindra veiktsp\u0113ju un kalpo\u0161anas laiku.<\/p>\n<h3>Bl\u012bvju nomai\u0146as un kalibr\u0113\u0161anas p\u0101rbaudes<\/h3>\n<p>Laika gait\u0101 bl\u012bves var nolietoties un t\u0101s var b\u016bt j\u0101nomaina, lai saglab\u0101tu hidraulisko integrit\u0101ti. Regul\u0101ra bl\u012bvju p\u0101rbaude un nomai\u0146a nodro\u0161in\u0101s optim\u0101lu veiktsp\u0113ju. Kalibr\u0113\u0161anas p\u0101rbaudes ir svar\u012bgas ar\u012b, lai nodro\u0161in\u0101tu, ka cilindrs darbojas noteikto parametru robe\u017e\u0101s, nodro\u0161inot prec\u012bzas kust\u012bbas un samazinot deta\u013cu nodilumu.<\/p>\n<h2>Dro\u0161\u012bbas apsv\u0113rumi un vides faktori<\/h2>\n<p>Str\u0101d\u0101jot ar hidrauliskaj\u0101m sist\u0113m\u0101m, dro\u0161\u012bbas pas\u0101kumi ir \u0101rk\u0101rt\u012bgi svar\u012bgi. Operatoriem j\u0101b\u016bt apm\u0101c\u012btiem dro\u0161\u0101 tehnikas, kas apr\u012bkota ar str\u0113les cilindriem, lieto\u0161an\u0101. Tas ietver izpratni par apr\u012bkojuma ierobe\u017eojumiem, nodiluma vai darb\u012bbas trauc\u0113jumu br\u012bdin\u0101juma paz\u012bmju atpaz\u012b\u0161anu un ra\u017eot\u0101ja vadl\u012bniju iev\u0113ro\u0161anu. J\u0101\u0146em v\u0113r\u0101 ar\u012b vides faktori, piem\u0113ram, temperat\u016bra un \u0137\u012bmisko vielu iedarb\u012bba, jo tie var ietekm\u0113t hidraulisko komponentu veiktsp\u0113ju un ilgm\u016b\u017e\u012bbu.<\/p>\n<h2>K\u013c\u016bmju diagnostika un bie\u017e\u0101k sastopam\u0101s probl\u0113mas<\/h2>\n<ul>\n<li><strong>Nopl\u016bde:<\/strong> Hidraulisk\u0101 \u0161\u0137idruma nopl\u016bde var rasties boj\u0101tu bl\u012bv\u0113jumu vai nepareizas uzst\u0101d\u012b\u0161anas d\u0113\u013c. Regul\u0101ras p\u0101rbaudes var pal\u012bdz\u0113t laikus identific\u0113t probl\u0113mas.<\/li>\n<li><strong>Samazin\u0101ta veiktsp\u0113ja:<\/strong> Darb\u012bbas efektivit\u0101tes samazin\u0101\u0161an\u0101s var liecin\u0101t par zemu hidraulisk\u0101 \u0161\u0137idruma l\u012bmeni vai iek\u0161\u0113jiem boj\u0101jumiem. Nekav\u0113joties j\u0101veic pas\u0101kumi, lai izmekl\u0113tu situ\u0101ciju.<\/li>\n<li><strong>Neparastas ska\u0146as:<\/strong> Neparastas ska\u0146as darb\u012bbas laik\u0101 var liecin\u0101t par probl\u0113m\u0101m cilindr\u0101, piem\u0113ram, gaisu sist\u0113m\u0101 vai boj\u0101tiem iek\u0161\u0113jiem komponentiem.<\/li>\n<\/ul>\n<p>Operatoriem j\u0101iepaz\u012bstas ar \u0161\u012bm bie\u017ei sastopamaj\u0101m probl\u0113m\u0101m un j\u0101zina, k\u0101 efekt\u012bvi t\u0101s nov\u0113rst. Savlaic\u012bga uzman\u012bbas piev\u0113r\u0161ana jebk\u0101d\u0101m neatbilst\u012bb\u0101m var pal\u012bdz\u0113t saglab\u0101t hidraulisk\u0101s sist\u0113mas integrit\u0101ti un nodro\u0161in\u0101t dro\u0161u darb\u012bbu.<\/p>\n<h2>Probl\u0113mu nov\u0113r\u0161anas padomi un risin\u0101jumi<\/h2>\n<p>Lai efekt\u012bvi diagnostic\u0113tu un nov\u0113rstu probl\u0113mas ar str\u0113les cilindriem, operatoriem j\u0101iev\u0113ro sistem\u0101tiska pieeja. Identific\u0113jiet simptomus, piem\u0113ram, nopl\u016bdi vai samazin\u0101tu veiktsp\u0113ju, un izsekojiet to iesp\u0113jamiem c\u0113lo\u0146iem. Piem\u0113ram, ja tiek konstat\u0113ta nopl\u016bde, p\u0101rbaudiet bl\u012bves un savienojumus, vai nav boj\u0101jumu. Regul\u0101ras apkopes proced\u016bras, piem\u0113ram, e\u013c\u013co\u0161ana un p\u0101rbaudes, var pal\u012bdz\u0113t nov\u0113rst daudzas bie\u017ei sastopamas probl\u0113mas.<\/p>\n<p>Prevent\u012bv\u0101s apkopes grafika izveide var samazin\u0101t probl\u0113mu ra\u0161an\u0101s risku. Operatori ir j\u0101apm\u0101ca atpaz\u012bt agr\u012bnas br\u012bdin\u0101juma z\u012bmes un veikt pas\u0101kumus, pirms probl\u0113mas saasin\u0101s, t\u0101d\u0113j\u0101di uzlabojot hidraulisk\u0101s sist\u0113mas uzticam\u012bbu un dro\u0161\u012bbu.<\/p>\n<p><img decoding=\"async\" src=\"https:\/\/www.hydraulic-cylinders.net\/wp-content\/uploads\/2025\/04\/songte-bushings-with-all-kinds-of-excavator-models.webp\" alt=\"Bukses ar ekskavatora mode\u013ciem\"><\/p>\n<h2>Par m\u016bsu uz\u0146\u0113mumu<\/h2>\n<p>M\u0113s esam vado\u0161ais hidraulisko cilindru ra\u017eot\u0101js, kas koncentr\u0113jas uz augstas kvalit\u0101tes rezerves da\u013cu nodro\u0161in\u0101\u0161anu da\u017e\u0101diem pielietojumiem. M\u016bsu pla\u0161ais produktu kl\u0101sts ir izvirz\u012bjis m\u016bs viet\u0113j\u0101 un starptautisk\u0101 tirgus priek\u0161gal\u0101. M\u0113s iev\u0113rojam izcil\u012bbas filozofiju, izmantojot progres\u012bvas ra\u017eo\u0161anas strat\u0113\u0123ijas un stingrus kvalit\u0101tes kontroles procesus.<\/p>\n<p>M\u016bsu ap\u0146em\u0161anos ieviest inov\u0101cijas atbalsta kvalific\u0113tu profesion\u0101\u013cu komanda, modern\u0101k\u0101s ra\u017eo\u0161anas iek\u0101rtas un stabila test\u0113\u0161anas sist\u0113ma. M\u0113s past\u0101v\u012bgi uzlabojam savas ra\u017eo\u0161anas iesp\u0113jas, lai efekt\u012bvi apmierin\u0101tu m\u016bsu klientu da\u017e\u0101d\u0101s vajadz\u012bbas. M\u016bsu pied\u0101v\u0101jumus raksturo augsta efektivit\u0101te, precizit\u0101te un kvalit\u0101te, kas nodro\u0161ina, ka m\u0113s izpild\u0101m vai p\u0101rsniedzam klientu cer\u012bbas.<\/p>\n<p>M\u016bsu pakalpojumi ietver piel\u0101gotus risin\u0101jumus, starptautiskus sertifik\u0101tus un sp\u0113c\u012bgu uzsvaru uz klientu atbalstu. M\u0113s priorit\u0101ti pie\u0161\u0137iram ilgsto\u0161u attiec\u012bbu veido\u0161anai ar m\u016bsu klientiem, nodro\u0161inot uzticamus produktus un izcilu p\u0113cp\u0101rdo\u0161anas apkalpo\u0161anu.<\/p>\n<p><img decoding=\"async\" src=\"https:\/\/www.hydraulic-cylinders.net\/wp-content\/uploads\/2025\/04\/songte-company-4.webp\" alt=\"Uz\u0146\u0113muma p\u0101rskats\"><br \/>\n<img decoding=\"async\" src=\"https:\/\/www.hydraulic-cylinders.net\/wp-content\/uploads\/2025\/04\/songte-company-3.webp\" alt=\"Uz\u0146\u0113muma telpas\"><\/p>\n<p>Autors: lil<\/p>","protected":false},"excerpt":{"rendered":"<p>Boom Cylinder For World Small Excavator W285B-8 Introduction to Boom Cylinders A boom cylinder is a specialized hydraulic cylinder designed to control the movement of buckets in various heavy machinery, such as excavators, backhoe loaders, and front-end loaders. This essential component enables the bucket to lift, lower, and tilt, facilitating material handling tasks. The boom [&hellip;]<\/p>","protected":false},"featured_media":17875,"comment_status":"open","ping_status":"closed","template":"","meta":{"_et_pb_use_builder":"","_et_pb_old_content":"","_et_gb_content_width":""},"product_brand":[],"product_cat":[1546],"product_tag":[1547,1496],"class_list":{"0":"post-19461","1":"product","2":"type-product","3":"status-publish","4":"has-post-thumbnail","6":"product_cat-boom-cylinders","7":"product_tag-boom-cylinders","8":"product_tag-hydraulic-cylinders","10":"first","11":"instock","12":"shipping-taxable","13":"product-type-simple"},"amp_enabled":true,"_links":{"self":[{"href":"https:\/\/www.hydraulic-cylinders.net\/lv\/wp-json\/wp\/v2\/product\/19461","targetHints":{"allow":["GET"]}}],"collection":[{"href":"https:\/\/www.hydraulic-cylinders.net\/lv\/wp-json\/wp\/v2\/product"}],"about":[{"href":"https:\/\/www.hydraulic-cylinders.net\/lv\/wp-json\/wp\/v2\/types\/product"}],"replies":[{"embeddable":true,"href":"https:\/\/www.hydraulic-cylinders.net\/lv\/wp-json\/wp\/v2\/comments?post=19461"}],"wp:featuredmedia":[{"embeddable":true,"href":"https:\/\/www.hydraulic-cylinders.net\/lv\/wp-json\/wp\/v2\/media\/17875"}],"wp:attachment":[{"href":"https:\/\/www.hydraulic-cylinders.net\/lv\/wp-json\/wp\/v2\/media?parent=19461"}],"wp:term":[{"taxonomy":"product_brand","embeddable":true,"href":"https:\/\/www.hydraulic-cylinders.net\/lv\/wp-json\/wp\/v2\/product_brand?post=19461"},{"taxonomy":"product_cat","embeddable":true,"href":"https:\/\/www.hydraulic-cylinders.net\/lv\/wp-json\/wp\/v2\/product_cat?post=19461"},{"taxonomy":"product_tag","embeddable":true,"href":"https:\/\/www.hydraulic-cylinders.net\/lv\/wp-json\/wp\/v2\/product_tag?post=19461"}],"curies":[{"name":"wp","href":"https:\/\/api.w.org\/{rel}","templated":true}]}}